{"id":748,"date":"2019-02-23T23:05:21","date_gmt":"2019-02-23T22:05:21","guid":{"rendered":"https:\/\/hobby4geek.com\/?post_type=product&#038;p=748"},"modified":"2024-05-12T12:56:42","modified_gmt":"2024-05-12T11:56:42","slug":"ss09-voyager-thundercracker","status":"publish","type":"product","link":"https:\/\/hobby4geek.com\/nl\/product\/ss09-voyager-thundercracker\/","title":{"rendered":"Transformers Studio Series - 09 Voyager Thundercracker"},"content":{"rendered":"<div class=\"row\">\n<div class=\"col-md-12\">\n<p>Met de beeldjes van de Studio Serie kun je de nieuwste collectie Transformers monteren en de emblematische sc\u00e8nes van films reproduceren en de sc\u00e8nes op het grote scherm opnieuw weergeven.<\/p>\n<p>Cette figurine Thundercracker de la s\u00e9rie Studio Transformers is une exclusivit\u00e9 Toys \"R\" Us.<\/p>\n<p>Dans la sc\u00e8ne Offensive A\u00e9rienne de Chicago inspir\u00e9e de Transformers: Dark of the Moon, Thundercracker d\u00e9chire le ciel au-dessus de Chicago. Thundercracker ontzet de Autobots en zegt dat elk van zijn aanvallen de woede in zijn vijanden terugbrengt. Dit is niet in de film te zien, maar dit zeg je niet tegen Thundercracker.<\/p>\n<p>Cette figurine Thundercracker passe du mode robot au mode jet en 35 \u00e9tapes et est fournie avec 1 accessoire. Gebruik de meegeleverde nylon om het Thundercracker-figuurtje in de sc\u00e8ne van het Chicago Offensief te plaatsen.<\/p>\n<p>&nbsp;<\/p>\n<ul>\n<li>Toys \" R \" Us exclusif chiffre<\/li>\n<li>Figure Premium et l' emballage verbeeldt Thundercracker tijdens de slag om Chicago<\/li>\n<li>Passeer robot \u00e0 jet in 35 stappen<\/li>\n<li>Met het beweegbare decor kun je Thundercracker laten zien<\/li>\n<li>Figurine de 18,5 cm<\/li>\n<\/ul>\n<\/div>\n<\/div>","protected":false},"excerpt":{"rendered":"<ul>\n<li>Beeldje en emballage ge\u00efnspireerd op de emblematiek van Mission City<\/li>\n<li>De grootte van het beeldje weerspiegelt de grootte van het personage in de filmwereld Transformers 1<\/li>\n<li>Passeer robot \u00e0 jet in 26 stappen<\/li>\n<li>Het verplaatsbare decor maakt Starscream zichtbaar in de gevechtssc\u00e8ne van Mission City<\/li>\n<li>Figurine de 18,5 cm<\/li>\n<\/ul>","protected":false},"featured_media":178256,"comment_status":"open","ping_status":"closed","template":"","meta":{"inline_featured_image":false},"product_brand":[],"product_cat":[1955,68,69,1960],"product_tag":[200,1759,221,240,203,258,1975,204,247],"giftcard-category":[],"class_list":{"0":"post-748","1":"product","2":"type-product","3":"status-publish","4":"has-post-thumbnail","6":"product_cat-transformers","7":"product_cat-hasbro","8":"product_cat-takara-tomy","9":"product_cat-transformers-generations","10":"product_tag-action-figures","11":"product_tag-action-toys","12":"product_tag-decepticon","13":"product_tag-studio-series","14":"product_tag-takara-tomy","15":"product_tag-thundercracker","16":"product_tag-toys-figures","17":"product_tag-transformers","18":"product_tag-voyager","19":"product_shipping_class-from-china","20":"inventories-china-inventory","22":"first","23":"outofstock","24":"taxable","25":"shipping-taxable","26":"purchasable","27":"product-type-simple","28":"add-to-wishlist-after_add_to_cart"},"yoast_head":"<!-- This site is optimized with the Yoast SEO Premium plugin v25.3.1 (Yoast SEO v27.2) - https:\/\/yoast.com\/product\/yoast-seo-premium-wordpress\/ -->\n<title>Transformers Studio Series - 09 Voyager Thundercracker<\/title>\n<meta name=\"robots\" content=\"index, follow, max-snippet:-1, max-image-preview:large, max-video-preview:-1\" \/>\n<link rel=\"canonical\" href=\"https:\/\/hobby4geek.com\/nl\/product\/ss09-voyager-thundercracker\/\" \/>\n<meta property=\"og:locale\" content=\"nl_NL\" \/>\n<meta property=\"og:type\" content=\"article\" \/>\n<meta property=\"og:title\" content=\"Transformers Studio Series - 09 Voyager Thundercracker\" \/>\n<meta property=\"og:description\" content=\"Figurine et emballage haut de gamme inspir\u00e9 de l&#039;embl\u00e9matique bataille de Mission City  L&#039;\u00e9chelle de la figurine refl\u00e8te la taille du personnage dans le monde du film Transformers 1  Passe de robot \u00e0 jet en 26 \u00e9tapes  Le d\u00e9cor amovible permet d&#039;exposer Starscream dans la sc\u00e8ne de bataille de Mission City  Figurine de 18,5 cm\" \/>\n<meta property=\"og:url\" content=\"https:\/\/hobby4geek.com\/nl\/product\/ss09-voyager-thundercracker\/\" \/>\n<meta property=\"og:site_name\" content=\"Hobby4Geek\" \/>\n<meta property=\"article:publisher\" content=\"https:\/\/www.facebook.com\/hobby4geek\" \/>\n<meta property=\"article:modified_time\" content=\"2024-05-12T11:56:42+00:00\" \/>\n<meta property=\"og:image\" content=\"https:\/\/hobby4geek.com\/wp-content\/uploads\/2023\/02\/transformers-studio-series-09-voyager-thundercracker.jpg\" \/>\n\t<meta property=\"og:image:width\" content=\"800\" \/>\n\t<meta property=\"og:image:height\" content=\"800\" \/>\n\t<meta property=\"og:image:type\" content=\"image\/jpeg\" \/>\n<meta name=\"twitter:card\" content=\"summary_large_image\" \/>\n<meta name=\"twitter:site\" content=\"@hobby4geek\" \/>\n<script type=\"application\/ld+json\" class=\"yoast-schema-graph\">{\"@context\":\"https:\/\/schema.org\",\"@graph\":[{\"@type\":\"WebPage\",\"@id\":\"https:\/\/hobby4geek.com\/product\/ss09-voyager-thundercracker\/\",\"url\":\"https:\/\/hobby4geek.com\/product\/ss09-voyager-thundercracker\/\",\"name\":\"Transformers Studio Series - 09 Voyager Thundercracker\",\"isPartOf\":{\"@id\":\"https:\/\/hobby4geek.com\/#website\"},\"primaryImageOfPage\":{\"@id\":\"https:\/\/hobby4geek.com\/product\/ss09-voyager-thundercracker\/#primaryimage\"},\"image\":{\"@id\":\"https:\/\/hobby4geek.com\/product\/ss09-voyager-thundercracker\/#primaryimage\"},\"thumbnailUrl\":\"https:\/\/hobby4geek.com\/wp-content\/uploads\/2023\/02\/transformers-studio-series-09-voyager-thundercracker.jpg\",\"datePublished\":\"2019-02-23T22:05:21+00:00\",\"dateModified\":\"2024-05-12T11:56:42+00:00\",\"breadcrumb\":{\"@id\":\"https:\/\/hobby4geek.com\/product\/ss09-voyager-thundercracker\/#breadcrumb\"},\"inLanguage\":\"nl-NL\",\"potentialAction\":[{\"@type\":\"ReadAction\",\"target\":[\"https:\/\/hobby4geek.com\/product\/ss09-voyager-thundercracker\/\"]}]},{\"@type\":\"ImageObject\",\"inLanguage\":\"nl-NL\",\"@id\":\"https:\/\/hobby4geek.com\/product\/ss09-voyager-thundercracker\/#primaryimage\",\"url\":\"https:\/\/hobby4geek.com\/wp-content\/uploads\/2023\/02\/transformers-studio-series-09-voyager-thundercracker.jpg\",\"contentUrl\":\"https:\/\/hobby4geek.com\/wp-content\/uploads\/2023\/02\/transformers-studio-series-09-voyager-thundercracker.jpg\",\"width\":800,\"height\":800},{\"@type\":\"BreadcrumbList\",\"@id\":\"https:\/\/hobby4geek.com\/product\/ss09-voyager-thundercracker\/#breadcrumb\",\"itemListElement\":[{\"@type\":\"ListItem\",\"position\":1,\"name\":\"Home\",\"item\":\"https:\/\/hobby4geek.com\/\"},{\"@type\":\"ListItem\",\"position\":2,\"name\":\"Shop\",\"item\":\"https:\/\/hobby4geek.com\/shop\/\"},{\"@type\":\"ListItem\",\"position\":3,\"name\":\"Transformers Studio Series &#8211; 09 Voyager Thundercracker\"}]},{\"@type\":\"WebSite\",\"@id\":\"https:\/\/hobby4geek.com\/#website\",\"url\":\"https:\/\/hobby4geek.com\/\",\"name\":\"Hobby4Geek\",\"description\":\"Collect, Play &amp; Showcase, Embrace your Geekiness\",\"publisher\":{\"@id\":\"https:\/\/hobby4geek.com\/#organization\"},\"potentialAction\":[{\"@type\":\"SearchAction\",\"target\":{\"@type\":\"EntryPoint\",\"urlTemplate\":\"https:\/\/hobby4geek.com\/?s={search_term_string}\"},\"query-input\":{\"@type\":\"PropertyValueSpecification\",\"valueRequired\":true,\"valueName\":\"search_term_string\"}}],\"inLanguage\":\"nl-NL\"},{\"@type\":\"Organization\",\"@id\":\"https:\/\/hobby4geek.com\/#organization\",\"name\":\"Hobby4Geek\",\"url\":\"https:\/\/hobby4geek.com\/\",\"logo\":{\"@type\":\"ImageObject\",\"inLanguage\":\"nl-NL\",\"@id\":\"https:\/\/hobby4geek.com\/#\/schema\/logo\/image\/\",\"url\":\"https:\/\/hobby4geek.com\/wp-content\/uploads\/2023\/02\/default-kit.png\",\"contentUrl\":\"https:\/\/hobby4geek.com\/wp-content\/uploads\/2023\/02\/default-kit.png\",\"width\":600,\"height\":600,\"caption\":\"Hobby4Geek\"},\"image\":{\"@id\":\"https:\/\/hobby4geek.com\/#\/schema\/logo\/image\/\"},\"sameAs\":[\"https:\/\/www.facebook.com\/hobby4geek\",\"https:\/\/x.com\/hobby4geek\",\"https:\/\/www.instagram.com\/hobby4geek\/\"]}]}<\/script>\n<meta property=\"product:brand\" content=\"Transformers\" \/>\n<meta property=\"product:price:amount\" content=\"48.00\" \/>\n<meta property=\"product:price:currency\" content=\"EUR\" \/>\n<meta property=\"og:availability\" content=\"out of stock\" \/>\n<meta property=\"product:availability\" content=\"out of stock\" \/>\n<meta property=\"product:condition\" content=\"new\" \/>\n<!-- \/ Yoast SEO Premium plugin. -->","yoast_head_json":{"title":"Transformers Studio Series - 09 Voyager Thundercracker","robots":{"index":"index","follow":"follow","max-snippet":"max-snippet:-1","max-image-preview":"max-image-preview:large","max-video-preview":"max-video-preview:-1"},"canonical":"https:\/\/hobby4geek.com\/nl\/product\/ss09-voyager-thundercracker\/","og_locale":"nl_NL","og_type":"article","og_title":"Transformers Studio Series - 09 Voyager Thundercracker","og_description":"Figurine et emballage haut de gamme inspir\u00e9 de l'embl\u00e9matique bataille de Mission City  L'\u00e9chelle de la figurine refl\u00e8te la taille du personnage dans le monde du film Transformers 1  Passe de robot \u00e0 jet en 26 \u00e9tapes  Le d\u00e9cor amovible permet d'exposer Starscream dans la sc\u00e8ne de bataille de Mission City  Figurine de 18,5 cm","og_url":"https:\/\/hobby4geek.com\/nl\/product\/ss09-voyager-thundercracker\/","og_site_name":"Hobby4Geek","article_publisher":"https:\/\/www.facebook.com\/hobby4geek","article_modified_time":"2024-05-12T11:56:42+00:00","og_image":[{"width":800,"height":800,"url":"https:\/\/hobby4geek.com\/wp-content\/uploads\/2023\/02\/transformers-studio-series-09-voyager-thundercracker.jpg","type":"image\/jpeg"}],"twitter_card":"summary_large_image","twitter_site":"@hobby4geek","schema":{"@context":"https:\/\/schema.org","@graph":[{"@type":"WebPage","@id":"https:\/\/hobby4geek.com\/product\/ss09-voyager-thundercracker\/","url":"https:\/\/hobby4geek.com\/product\/ss09-voyager-thundercracker\/","name":"Transformers Studio Series - 09 Voyager Thundercracker","isPartOf":{"@id":"https:\/\/hobby4geek.com\/#website"},"primaryImageOfPage":{"@id":"https:\/\/hobby4geek.com\/product\/ss09-voyager-thundercracker\/#primaryimage"},"image":{"@id":"https:\/\/hobby4geek.com\/product\/ss09-voyager-thundercracker\/#primaryimage"},"thumbnailUrl":"https:\/\/hobby4geek.com\/wp-content\/uploads\/2023\/02\/transformers-studio-series-09-voyager-thundercracker.jpg","datePublished":"2019-02-23T22:05:21+00:00","dateModified":"2024-05-12T11:56:42+00:00","breadcrumb":{"@id":"https:\/\/hobby4geek.com\/product\/ss09-voyager-thundercracker\/#breadcrumb"},"inLanguage":"nl-NL","potentialAction":[{"@type":"ReadAction","target":["https:\/\/hobby4geek.com\/product\/ss09-voyager-thundercracker\/"]}]},{"@type":"ImageObject","inLanguage":"nl-NL","@id":"https:\/\/hobby4geek.com\/product\/ss09-voyager-thundercracker\/#primaryimage","url":"https:\/\/hobby4geek.com\/wp-content\/uploads\/2023\/02\/transformers-studio-series-09-voyager-thundercracker.jpg","contentUrl":"https:\/\/hobby4geek.com\/wp-content\/uploads\/2023\/02\/transformers-studio-series-09-voyager-thundercracker.jpg","width":800,"height":800},{"@type":"BreadcrumbList","@id":"https:\/\/hobby4geek.com\/product\/ss09-voyager-thundercracker\/#breadcrumb","itemListElement":[{"@type":"ListItem","position":1,"name":"Home","item":"https:\/\/hobby4geek.com\/"},{"@type":"ListItem","position":2,"name":"Shop","item":"https:\/\/hobby4geek.com\/shop\/"},{"@type":"ListItem","position":3,"name":"Transformers Studio Series &#8211; 09 Voyager Thundercracker"}]},{"@type":"WebSite","@id":"https:\/\/hobby4geek.com\/#website","url":"https:\/\/hobby4geek.com\/","name":"Hobby4Geek","description":"Verzamelen, spelen &amp; tentoonstellen, omarm je nerdheid","publisher":{"@id":"https:\/\/hobby4geek.com\/#organization"},"potentialAction":[{"@type":"SearchAction","target":{"@type":"EntryPoint","urlTemplate":"https:\/\/hobby4geek.com\/?s={search_term_string}"},"query-input":{"@type":"PropertyValueSpecification","valueRequired":true,"valueName":"search_term_string"}}],"inLanguage":"nl-NL"},{"@type":"Organization","@id":"https:\/\/hobby4geek.com\/#organization","name":"Hobby4Geek","url":"https:\/\/hobby4geek.com\/","logo":{"@type":"ImageObject","inLanguage":"nl-NL","@id":"https:\/\/hobby4geek.com\/#\/schema\/logo\/image\/","url":"https:\/\/hobby4geek.com\/wp-content\/uploads\/2023\/02\/default-kit.png","contentUrl":"https:\/\/hobby4geek.com\/wp-content\/uploads\/2023\/02\/default-kit.png","width":600,"height":600,"caption":"Hobby4Geek"},"image":{"@id":"https:\/\/hobby4geek.com\/#\/schema\/logo\/image\/"},"sameAs":["https:\/\/www.facebook.com\/hobby4geek","https:\/\/x.com\/hobby4geek","https:\/\/www.instagram.com\/hobby4geek\/"]}]},"product_brand":"Transformers","product_price_amount":"48.00","product_price_currency":"EUR","og_availability":"out of stock","product_availability":"out of stock","product_condition":"new"},"_links":{"self":[{"href":"https:\/\/hobby4geek.com\/nl\/wp-json\/wp\/v2\/product\/748","targetHints":{"allow":["GET"]}}],"collection":[{"href":"https:\/\/hobby4geek.com\/nl\/wp-json\/wp\/v2\/product"}],"about":[{"href":"https:\/\/hobby4geek.com\/nl\/wp-json\/wp\/v2\/types\/product"}],"replies":[{"embeddable":true,"href":"https:\/\/hobby4geek.com\/nl\/wp-json\/wp\/v2\/comments?post=748"}],"version-history":[{"count":0,"href":"https:\/\/hobby4geek.com\/nl\/wp-json\/wp\/v2\/product\/748\/revisions"}],"wp:featuredmedia":[{"embeddable":true,"href":"https:\/\/hobby4geek.com\/nl\/wp-json\/wp\/v2\/media\/178256"}],"wp:attachment":[{"href":"https:\/\/hobby4geek.com\/nl\/wp-json\/wp\/v2\/media?parent=748"}],"wp:term":[{"taxonomy":"product_brand","embeddable":true,"href":"https:\/\/hobby4geek.com\/nl\/wp-json\/wp\/v2\/product_brand?post=748"},{"taxonomy":"product_cat","embeddable":true,"href":"https:\/\/hobby4geek.com\/nl\/wp-json\/wp\/v2\/product_cat?post=748"},{"taxonomy":"product_tag","embeddable":true,"href":"https:\/\/hobby4geek.com\/nl\/wp-json\/wp\/v2\/product_tag?post=748"},{"taxonomy":"giftcard-category","embeddable":true,"href":"https:\/\/hobby4geek.com\/nl\/wp-json\/wp\/v2\/giftcard-category?post=748"}],"curies":[{"name":"wp","href":"https:\/\/api.w.org\/{rel}","templated":true}]}}