{"id":171681,"date":"2022-05-13T18:46:59","date_gmt":"2022-05-13T17:46:59","guid":{"rendered":"https:\/\/hobby4geek.com\/?post_type=product&#038;p=171681"},"modified":"2024-05-12T12:59:37","modified_gmt":"2024-05-12T11:59:37","slug":"queen-studios-transformers-jetpower-optimus-prime-vs-megatron","status":"publish","type":"product","link":"https:\/\/hobby4geek.com\/nl\/product\/queen-studios-transformers-jetpower-optimus-prime-vs-megatron\/","title":{"rendered":"Queen Studios : Transformers: Revenge of the Fallen - Jetpower Optimus Prime vs Megatron Diorama"},"content":{"rendered":"<div data-elementor-type=\"product-post\" data-elementor-id=\"171681\" class=\"elementor elementor-171681\" data-elementor-post-type=\"product\">\n\t\t\t\t\t\t<section class=\"elementor-section elementor-top-section elementor-element elementor-element-b3b2e7e elementor-section-boxed elementor-section-height-default elementor-section-height-default\" data-id=\"b3b2e7e\" data-element_type=\"section\" data-e-type=\"section\">\n\t\t\t\t\t\t<div class=\"elementor-container elementor-column-gap-default\">\n\t\t\t\t\t<div class=\"elementor-column elementor-col-50 elementor-top-column elementor-element elementor-element-1c051ae\" data-id=\"1c051ae\" data-element_type=\"column\" data-e-type=\"column\">\n\t\t\t<div class=\"elementor-widget-wrap elementor-element-populated\">\n\t\t\t\t\t\t<div class=\"elementor-element elementor-element-45687f3 elementor-invisible elementor-widget elementor-widget-heading\" data-id=\"45687f3\" data-element_type=\"widget\" data-e-type=\"widget\" data-settings=\"{&quot;_animation&quot;:&quot;fadeInLeft&quot;}\" data-widget_type=\"heading.default\">\n\t\t\t\t\t<h3 class=\"elementor-heading-title elementor-size-xl\">Over de personages<\/h3>\t\t\t\t<\/div>\n\t\t\t\t<div class=\"elementor-element elementor-element-ef4f7ef elementor-invisible elementor-widget elementor-widget-text-editor\" data-id=\"ef4f7ef\" data-element_type=\"widget\" data-e-type=\"widget\" data-settings=\"{&quot;_animation&quot;:&quot;fadeIn&quot;}\" data-widget_type=\"text-editor.default\">\n\t\t\t\t\t\t\t\t\t<h3><span style=\"background-color: var(--dt-whi-color); color: var(--dt-base-color); font-family: var(--dt-base-font); font-size: 1.6rem; font-style: inherit; font-weight: 500; letter-spacing: 0.01em; text-transform: inherit;\">Sam Witwicky en zijn vriendin Mikaela gaan de strijd aan wanneer de kwaadaardige Decepticons hun langlopende oorlog tegen de Autobots hernieuwen. Sam brengt Optimus Prime weer tot leven en dankzij het offer van Jetfire kan Optimus zijn nieuwe modus ontdekken: JetPower. Herbeleef de actiesc\u00e8ne van Jetpower Optimus Prime tegen de angstaanjagende Megatron met dit ongelooflijke standbeeld van meer dan een meter hoog.<\/span><br><\/h3>\t\t\t\t\t\t\t\t<\/div>\n\t\t\t\t\t<\/div>\n\t\t<\/div>\n\t\t\t\t<div class=\"elementor-column elementor-col-50 elementor-top-column elementor-element elementor-element-1a7d3bf\" data-id=\"1a7d3bf\" data-element_type=\"column\" data-e-type=\"column\">\n\t\t\t<div class=\"elementor-widget-wrap elementor-element-populated\">\n\t\t\t\t\t\t<div class=\"elementor-element elementor-element-cdc0f0a elementor-invisible elementor-widget elementor-widget-image\" data-id=\"cdc0f0a\" data-element_type=\"widget\" data-e-type=\"widget\" data-settings=\"{&quot;_animation&quot;:&quot;fadeIn&quot;}\" data-widget_type=\"image.default\">\n\t\t\t\t\t\t\t\t\t\t\t\t\t\t\t<img fetchpriority=\"high\" decoding=\"async\" width=\"532\" height=\"710\" src=\"https:\/\/hobby4geek.com\/wp-content\/uploads\/2022\/05\/queen-studios-transformers-revenge-of-the-fallen-jetpower-optimus-prime-vs-megatron-diorama.webp\" class=\"attachment-large size-large wp-image-184956\" alt=\"\" srcset=\"https:\/\/hobby4geek.com\/wp-content\/uploads\/2022\/05\/queen-studios-transformers-revenge-of-the-fallen-jetpower-optimus-prime-vs-megatron-diorama.webp 532w, https:\/\/hobby4geek.com\/wp-content\/uploads\/2022\/05\/queen-studios-transformers-revenge-of-the-fallen-jetpower-optimus-prime-vs-megatron-diorama-225x300.webp 225w\" sizes=\"(max-width: 532px) 100vw, 532px\" \/>\t\t\t\t\t\t\t\t\t\t\t\t\t\t\t<\/div>\n\t\t\t\t\t<\/div>\n\t\t<\/div>\n\t\t\t\t\t<\/div>\n\t\t<\/section>\n\t\t\t\t<section class=\"elementor-section elementor-top-section elementor-element elementor-element-578a707 elementor-section-boxed elementor-section-height-default elementor-section-height-default\" data-id=\"578a707\" data-element_type=\"section\" data-e-type=\"section\">\n\t\t\t\t\t\t<div class=\"elementor-container elementor-column-gap-default\">\n\t\t\t\t\t<div class=\"elementor-column elementor-col-50 elementor-top-column elementor-element elementor-element-20e0270\" data-id=\"20e0270\" data-element_type=\"column\" data-e-type=\"column\">\n\t\t\t<div class=\"elementor-widget-wrap elementor-element-populated\">\n\t\t\t\t\t\t<div class=\"elementor-element elementor-element-b71edb9 elementor-invisible elementor-widget elementor-widget-image\" data-id=\"b71edb9\" data-element_type=\"widget\" data-e-type=\"widget\" data-settings=\"{&quot;_animation&quot;:&quot;fadeIn&quot;}\" data-widget_type=\"image.default\">\n\t\t\t\t\t\t\t\t\t\t\t\t\t\t\t<img decoding=\"async\" width=\"532\" height=\"710\" src=\"https:\/\/hobby4geek.com\/wp-content\/uploads\/2022\/05\/queen-studios-transformers-revenge-of-the-fallen-jetpower-optimus-prime-vs-megatron-diorama-2.webp\" class=\"attachment-large size-large wp-image-184957\" alt=\"\" srcset=\"https:\/\/hobby4geek.com\/wp-content\/uploads\/2022\/05\/queen-studios-transformers-revenge-of-the-fallen-jetpower-optimus-prime-vs-megatron-diorama-2.webp 532w, https:\/\/hobby4geek.com\/wp-content\/uploads\/2022\/05\/queen-studios-transformers-revenge-of-the-fallen-jetpower-optimus-prime-vs-megatron-diorama-2-225x300.webp 225w\" sizes=\"(max-width: 532px) 100vw, 532px\" \/>\t\t\t\t\t\t\t\t\t\t\t\t\t\t\t<\/div>\n\t\t\t\t\t<\/div>\n\t\t<\/div>\n\t\t\t\t<div class=\"elementor-column elementor-col-50 elementor-top-column elementor-element elementor-element-c25f917\" data-id=\"c25f917\" data-element_type=\"column\" data-e-type=\"column\">\n\t\t\t<div class=\"elementor-widget-wrap elementor-element-populated\">\n\t\t\t\t\t\t<div class=\"elementor-element elementor-element-f8ed36d elementor-invisible elementor-widget elementor-widget-heading\" data-id=\"f8ed36d\" data-element_type=\"widget\" data-e-type=\"widget\" data-settings=\"{&quot;_animation&quot;:&quot;fadeInRight&quot;}\" data-widget_type=\"heading.default\">\n\t\t\t\t\t<h3 class=\"elementor-heading-title elementor-size-xl\">Over het standbeeld<\/h3>\t\t\t\t<\/div>\n\t\t\t\t<div class=\"elementor-element elementor-element-5ec708c elementor-invisible elementor-widget elementor-widget-text-editor\" data-id=\"5ec708c\" data-element_type=\"widget\" data-e-type=\"widget\" data-settings=\"{&quot;_animation&quot;:&quot;fadeIn&quot;}\" data-widget_type=\"text-editor.default\">\n\t\t\t\t\t\t\t\t\t<p>Queen Studios is verheugd om een nieuwe samenwerking aan te kondigen met kunstenaar Boda om deze prachtige collectible te cre\u00ebren, ge\u00efnspireerd op de laatste gevechtssc\u00e8ne uit Transformers: Revenge of the Fallen. Elk mechanisch aspect van beide Transformers 'lichamen, tot aan de ingewikkelde gewrichten en wapens, is meesterlijk gebeeldhouwd en geschilderd om deze iconische personages vast te leggen. Staand, naar beneden kijkend, is Optimus Prime, die op het punt staat Megatron onder zich vandaan te slaan. Zorgvuldig vervaardigd uit polystone, deze limited edition Optimus Prime vs. Megatron standbeeld is misschien wel een van Queen Studios 'meest gedetailleerde ontwerpen tot nu toe!<\/p>\t\t\t\t\t\t\t\t<\/div>\n\t\t\t\t\t<\/div>\n\t\t<\/div>\n\t\t\t\t\t<\/div>\n\t\t<\/section>\n\t\t\t\t<section class=\"elementor-section elementor-top-section elementor-element elementor-element-ba872f3 elementor-section-boxed elementor-section-height-default elementor-section-height-default\" data-id=\"ba872f3\" data-element_type=\"section\" data-e-type=\"section\">\n\t\t\t\t\t\t<div class=\"elementor-container elementor-column-gap-default\">\n\t\t\t\t\t<div class=\"elementor-column elementor-col-50 elementor-top-column elementor-element elementor-element-99269ad\" data-id=\"99269ad\" data-element_type=\"column\" data-e-type=\"column\">\n\t\t\t<div class=\"elementor-widget-wrap elementor-element-populated\">\n\t\t\t\t\t\t<div class=\"elementor-element elementor-element-40afe8b elementor-invisible elementor-widget elementor-widget-text-editor\" data-id=\"40afe8b\" data-element_type=\"widget\" data-e-type=\"widget\" data-settings=\"{&quot;_animation&quot;:&quot;zoomInRight&quot;}\" data-widget_type=\"text-editor.default\">\n\t\t\t\t\t\t\t\t\t<p><strong>Hoogte:<\/strong>\u00a0\u00a0102,5 CM<\/p><p><strong>Breedte:<\/strong>\u00a0\u00a070,0 CM<\/p><p><strong>Diepte:<\/strong>\u00a0\u00a070,0 CM<\/p>\t\t\t\t\t\t\t\t<\/div>\n\t\t\t\t\t<\/div>\n\t\t<\/div>\n\t\t\t\t<div class=\"elementor-column elementor-col-50 elementor-top-column elementor-element elementor-element-af2010d\" data-id=\"af2010d\" data-element_type=\"column\" data-e-type=\"column\">\n\t\t\t<div class=\"elementor-widget-wrap elementor-element-populated\">\n\t\t\t\t\t\t<div class=\"elementor-element elementor-element-5e170b6 elementor-invisible elementor-widget elementor-widget-image\" data-id=\"5e170b6\" data-element_type=\"widget\" data-e-type=\"widget\" data-settings=\"{&quot;_animation&quot;:&quot;fadeIn&quot;}\" data-widget_type=\"image.default\">\n\t\t\t\t\t\t\t\t\t\t\t\t\t\t\t<img decoding=\"async\" width=\"532\" height=\"710\" src=\"https:\/\/hobby4geek.com\/wp-content\/uploads\/2022\/05\/queen-studios-transformers-revenge-of-the-fallen-jetpower-optimus-prime-vs-megatron-diorama-3.webp\" class=\"attachment-large size-large wp-image-184958\" alt=\"\" srcset=\"https:\/\/hobby4geek.com\/wp-content\/uploads\/2022\/05\/queen-studios-transformers-revenge-of-the-fallen-jetpower-optimus-prime-vs-megatron-diorama-3.webp 532w, https:\/\/hobby4geek.com\/wp-content\/uploads\/2022\/05\/queen-studios-transformers-revenge-of-the-fallen-jetpower-optimus-prime-vs-megatron-diorama-3-225x300.webp 225w\" sizes=\"(max-width: 532px) 100vw, 532px\" \/>\t\t\t\t\t\t\t\t\t\t\t\t\t\t\t<\/div>\n\t\t\t\t\t<\/div>\n\t\t<\/div>\n\t\t\t\t\t<\/div>\n\t\t<\/section>\n\t\t\t\t<\/div>","protected":false},"excerpt":{"rendered":"<ul>\n<li>Afmetingen: 102,50 cm hoog<\/li>\n<li>Egyptische Decor Basis<\/li>\n<li>LED-ogen<\/li>\n<li>Canon LED<\/li>\n<li>LED-reactoren<\/li>\n<li>Polystone materiaal<\/li>\n<\/ul>\n<p>In samenwerking met kunstenaar Boda presenteert Queen Studios hun Transformers: <em>Revenge of the Fallen - Jetpower Optimus Prime vs Megatron Diorama.<\/em><\/p>\n<p>Ge\u00efnspireerd door het eindgevecht van de film, is elk onderdeel van elke Transformer zeer gedetailleerd voor nauwkeurigheid.<\/p>\n<p>Optimus Prime zit op puin en is klaar om Megatron aan te vallen.<\/p>\n<p>Met een basis die is ge\u00efnspireerd op de piramide die te zien was in het laatste gevecht, worden de verbrijzelde stenen pilaren en muren van de piramide weergegeven op de basis.<\/p>","protected":false},"featured_media":182298,"comment_status":"open","ping_status":"closed","template":"elementor_theme","meta":{"inline_featured_image":false},"product_brand":[],"product_cat":[1955,68,165],"product_tag":[1639,964,306,1936,234,1640,668,1256,1935,1980,204],"giftcard-category":[],"class_list":{"0":"post-171681","1":"product","2":"type-product","3":"status-publish","4":"has-post-thumbnail","6":"product_cat-transformers","7":"product_cat-hasbro","8":"product_cat-queen-studios","9":"product_tag-diorama","10":"product_tag-jetpower","11":"product_tag-megatron","12":"product_tag-models-co","13":"product_tag-optimus-prime","14":"product_tag-queen-studios","15":"product_tag-revenge-of-the-fallen","16":"product_tag-statue","17":"product_tag-statues","18":"product_tag-statues-co","19":"product_tag-transformers","20":"product_shipping_class-from-china","21":"inventories-china-inventory","23":"first","24":"outofstock","25":"taxable","26":"shipping-taxable","27":"purchasable","28":"product-type-simple","29":"add-to-wishlist-after_add_to_cart"},"yoast_head":"<!-- This site is optimized with the Yoast SEO Premium plugin v25.3.1 (Yoast SEO v27.2) - https:\/\/yoast.com\/product\/yoast-seo-premium-wordpress\/ -->\n<title>Queen Studios : Transformers: Revenge of the Fallen - Jetpower Optimus Prime vs Megatron Diorama<\/title>\n<meta name=\"robots\" content=\"index, follow, max-snippet:-1, max-image-preview:large, max-video-preview:-1\" \/>\n<link rel=\"canonical\" href=\"https:\/\/hobby4geek.com\/nl\/product\/queen-studios-transformers-jetpower-optimus-prime-vs-megatron\/\" \/>\n<meta property=\"og:locale\" content=\"nl_NL\" \/>\n<meta property=\"og:type\" content=\"article\" \/>\n<meta property=\"og:title\" content=\"Queen Studios : Transformers: Revenge of the Fallen - Jetpower Optimus Prime vs Megatron Diorama\" \/>\n<meta property=\"og:description\" content=\"Size: 102.50 cm high  Egyptian Decor Base  LED eyes  Canon LED  LED Reactors  Polystone material  In collaboration with artist Boda, Queen Studios presents their Transformers: Revenge of the Fallen - Jetpower Optimus Prime vs Megatron Diorama.  Inspired by the movie&#039;s final battle, each piece of each Transformer is highly detailed for accuracy.  Perched on debris, Optimus Prime is ready to attack Megatron.  With a base inspired by the pyramid seen in the final fight, the shattered stone pillars and walls of the pyramid are displayed on the base.\" \/>\n<meta property=\"og:url\" content=\"https:\/\/hobby4geek.com\/nl\/product\/queen-studios-transformers-jetpower-optimus-prime-vs-megatron\/\" \/>\n<meta property=\"og:site_name\" content=\"Hobby4Geek\" \/>\n<meta property=\"article:publisher\" content=\"https:\/\/www.facebook.com\/hobby4geek\" \/>\n<meta property=\"article:modified_time\" content=\"2024-05-12T11:59:37+00:00\" \/>\n<meta property=\"og:image\" content=\"https:\/\/hobby4geek.com\/wp-content\/uploads\/2023\/02\/queen-studios-transformers-revenge-of-the-fallen-jetpower-optimus-prime-vs-megatron-diorama-1.jpg\" \/>\n\t<meta property=\"og:image:width\" content=\"1707\" \/>\n\t<meta property=\"og:image:height\" content=\"2560\" \/>\n\t<meta property=\"og:image:type\" content=\"image\/jpeg\" \/>\n<meta name=\"twitter:card\" content=\"summary_large_image\" \/>\n<meta name=\"twitter:site\" content=\"@hobby4geek\" \/>\n<script type=\"application\/ld+json\" class=\"yoast-schema-graph\">{\"@context\":\"https:\/\/schema.org\",\"@graph\":[{\"@type\":\"WebPage\",\"@id\":\"https:\/\/hobby4geek.com\/product\/queen-studios-transformers-jetpower-optimus-prime-vs-megatron\/\",\"url\":\"https:\/\/hobby4geek.com\/product\/queen-studios-transformers-jetpower-optimus-prime-vs-megatron\/\",\"name\":\"Queen Studios : Transformers: Revenge of the Fallen - Jetpower Optimus Prime vs Megatron Diorama\",\"isPartOf\":{\"@id\":\"https:\/\/hobby4geek.com\/#website\"},\"primaryImageOfPage\":{\"@id\":\"https:\/\/hobby4geek.com\/product\/queen-studios-transformers-jetpower-optimus-prime-vs-megatron\/#primaryimage\"},\"image\":{\"@id\":\"https:\/\/hobby4geek.com\/product\/queen-studios-transformers-jetpower-optimus-prime-vs-megatron\/#primaryimage\"},\"thumbnailUrl\":\"https:\/\/hobby4geek.com\/wp-content\/uploads\/2023\/02\/queen-studios-transformers-revenge-of-the-fallen-jetpower-optimus-prime-vs-megatron-diorama-1.jpg\",\"datePublished\":\"2022-05-13T17:46:59+00:00\",\"dateModified\":\"2024-05-12T11:59:37+00:00\",\"breadcrumb\":{\"@id\":\"https:\/\/hobby4geek.com\/product\/queen-studios-transformers-jetpower-optimus-prime-vs-megatron\/#breadcrumb\"},\"inLanguage\":\"nl-NL\",\"potentialAction\":[{\"@type\":\"ReadAction\",\"target\":[\"https:\/\/hobby4geek.com\/product\/queen-studios-transformers-jetpower-optimus-prime-vs-megatron\/\"]}]},{\"@type\":\"ImageObject\",\"inLanguage\":\"nl-NL\",\"@id\":\"https:\/\/hobby4geek.com\/product\/queen-studios-transformers-jetpower-optimus-prime-vs-megatron\/#primaryimage\",\"url\":\"https:\/\/hobby4geek.com\/wp-content\/uploads\/2023\/02\/queen-studios-transformers-revenge-of-the-fallen-jetpower-optimus-prime-vs-megatron-diorama-1.jpg\",\"contentUrl\":\"https:\/\/hobby4geek.com\/wp-content\/uploads\/2023\/02\/queen-studios-transformers-revenge-of-the-fallen-jetpower-optimus-prime-vs-megatron-diorama-1.jpg\",\"width\":1707,\"height\":2560},{\"@type\":\"BreadcrumbList\",\"@id\":\"https:\/\/hobby4geek.com\/product\/queen-studios-transformers-jetpower-optimus-prime-vs-megatron\/#breadcrumb\",\"itemListElement\":[{\"@type\":\"ListItem\",\"position\":1,\"name\":\"Home\",\"item\":\"https:\/\/hobby4geek.com\/\"},{\"@type\":\"ListItem\",\"position\":2,\"name\":\"Shop\",\"item\":\"https:\/\/hobby4geek.com\/shop\/\"},{\"@type\":\"ListItem\",\"position\":3,\"name\":\"Queen Studios : Transformers: Revenge of the Fallen &#8211; Jetpower Optimus Prime vs Megatron Diorama\"}]},{\"@type\":\"WebSite\",\"@id\":\"https:\/\/hobby4geek.com\/#website\",\"url\":\"https:\/\/hobby4geek.com\/\",\"name\":\"Hobby4Geek\",\"description\":\"Collect, Play &amp; Showcase, Embrace your Geekiness\",\"publisher\":{\"@id\":\"https:\/\/hobby4geek.com\/#organization\"},\"potentialAction\":[{\"@type\":\"SearchAction\",\"target\":{\"@type\":\"EntryPoint\",\"urlTemplate\":\"https:\/\/hobby4geek.com\/?s={search_term_string}\"},\"query-input\":{\"@type\":\"PropertyValueSpecification\",\"valueRequired\":true,\"valueName\":\"search_term_string\"}}],\"inLanguage\":\"nl-NL\"},{\"@type\":\"Organization\",\"@id\":\"https:\/\/hobby4geek.com\/#organization\",\"name\":\"Hobby4Geek\",\"url\":\"https:\/\/hobby4geek.com\/\",\"logo\":{\"@type\":\"ImageObject\",\"inLanguage\":\"nl-NL\",\"@id\":\"https:\/\/hobby4geek.com\/#\/schema\/logo\/image\/\",\"url\":\"https:\/\/hobby4geek.com\/wp-content\/uploads\/2023\/02\/default-kit.png\",\"contentUrl\":\"https:\/\/hobby4geek.com\/wp-content\/uploads\/2023\/02\/default-kit.png\",\"width\":600,\"height\":600,\"caption\":\"Hobby4Geek\"},\"image\":{\"@id\":\"https:\/\/hobby4geek.com\/#\/schema\/logo\/image\/\"},\"sameAs\":[\"https:\/\/www.facebook.com\/hobby4geek\",\"https:\/\/x.com\/hobby4geek\",\"https:\/\/www.instagram.com\/hobby4geek\/\"]}]}<\/script>\n<meta property=\"product:brand\" content=\"Transformers\" \/>\n<meta property=\"product:price:amount\" content=\"5000.00\" \/>\n<meta property=\"product:price:currency\" content=\"EUR\" \/>\n<meta property=\"og:availability\" content=\"out of stock\" \/>\n<meta property=\"product:availability\" content=\"out of stock\" \/>\n<meta property=\"product:condition\" content=\"new\" \/>\n<!-- \/ Yoast SEO Premium plugin. -->","yoast_head_json":{"title":"Queen Studios : Transformers: Revenge of the Fallen - Jetpower Optimus Prime vs Megatron Diorama","robots":{"index":"index","follow":"follow","max-snippet":"max-snippet:-1","max-image-preview":"max-image-preview:large","max-video-preview":"max-video-preview:-1"},"canonical":"https:\/\/hobby4geek.com\/nl\/product\/queen-studios-transformers-jetpower-optimus-prime-vs-megatron\/","og_locale":"nl_NL","og_type":"article","og_title":"Queen Studios : Transformers: Revenge of the Fallen - Jetpower Optimus Prime vs Megatron Diorama","og_description":"Size: 102.50 cm high  Egyptian Decor Base  LED eyes  Canon LED  LED Reactors  Polystone material  In collaboration with artist Boda, Queen Studios presents their Transformers: Revenge of the Fallen - Jetpower Optimus Prime vs Megatron Diorama.  Inspired by the movie's final battle, each piece of each Transformer is highly detailed for accuracy.  Perched on debris, Optimus Prime is ready to attack Megatron.  With a base inspired by the pyramid seen in the final fight, the shattered stone pillars and walls of the pyramid are displayed on the base.","og_url":"https:\/\/hobby4geek.com\/nl\/product\/queen-studios-transformers-jetpower-optimus-prime-vs-megatron\/","og_site_name":"Hobby4Geek","article_publisher":"https:\/\/www.facebook.com\/hobby4geek","article_modified_time":"2024-05-12T11:59:37+00:00","og_image":[{"width":1707,"height":2560,"url":"https:\/\/hobby4geek.com\/wp-content\/uploads\/2023\/02\/queen-studios-transformers-revenge-of-the-fallen-jetpower-optimus-prime-vs-megatron-diorama-1.jpg","type":"image\/jpeg"}],"twitter_card":"summary_large_image","twitter_site":"@hobby4geek","schema":{"@context":"https:\/\/schema.org","@graph":[{"@type":"WebPage","@id":"https:\/\/hobby4geek.com\/product\/queen-studios-transformers-jetpower-optimus-prime-vs-megatron\/","url":"https:\/\/hobby4geek.com\/product\/queen-studios-transformers-jetpower-optimus-prime-vs-megatron\/","name":"Queen Studios : Transformers: Revenge of the Fallen - Jetpower Optimus Prime vs Megatron Diorama","isPartOf":{"@id":"https:\/\/hobby4geek.com\/#website"},"primaryImageOfPage":{"@id":"https:\/\/hobby4geek.com\/product\/queen-studios-transformers-jetpower-optimus-prime-vs-megatron\/#primaryimage"},"image":{"@id":"https:\/\/hobby4geek.com\/product\/queen-studios-transformers-jetpower-optimus-prime-vs-megatron\/#primaryimage"},"thumbnailUrl":"https:\/\/hobby4geek.com\/wp-content\/uploads\/2023\/02\/queen-studios-transformers-revenge-of-the-fallen-jetpower-optimus-prime-vs-megatron-diorama-1.jpg","datePublished":"2022-05-13T17:46:59+00:00","dateModified":"2024-05-12T11:59:37+00:00","breadcrumb":{"@id":"https:\/\/hobby4geek.com\/product\/queen-studios-transformers-jetpower-optimus-prime-vs-megatron\/#breadcrumb"},"inLanguage":"nl-NL","potentialAction":[{"@type":"ReadAction","target":["https:\/\/hobby4geek.com\/product\/queen-studios-transformers-jetpower-optimus-prime-vs-megatron\/"]}]},{"@type":"ImageObject","inLanguage":"nl-NL","@id":"https:\/\/hobby4geek.com\/product\/queen-studios-transformers-jetpower-optimus-prime-vs-megatron\/#primaryimage","url":"https:\/\/hobby4geek.com\/wp-content\/uploads\/2023\/02\/queen-studios-transformers-revenge-of-the-fallen-jetpower-optimus-prime-vs-megatron-diorama-1.jpg","contentUrl":"https:\/\/hobby4geek.com\/wp-content\/uploads\/2023\/02\/queen-studios-transformers-revenge-of-the-fallen-jetpower-optimus-prime-vs-megatron-diorama-1.jpg","width":1707,"height":2560},{"@type":"BreadcrumbList","@id":"https:\/\/hobby4geek.com\/product\/queen-studios-transformers-jetpower-optimus-prime-vs-megatron\/#breadcrumb","itemListElement":[{"@type":"ListItem","position":1,"name":"Home","item":"https:\/\/hobby4geek.com\/"},{"@type":"ListItem","position":2,"name":"Shop","item":"https:\/\/hobby4geek.com\/shop\/"},{"@type":"ListItem","position":3,"name":"Queen Studios : Transformers: Revenge of the Fallen &#8211; Jetpower Optimus Prime vs Megatron Diorama"}]},{"@type":"WebSite","@id":"https:\/\/hobby4geek.com\/#website","url":"https:\/\/hobby4geek.com\/","name":"Hobby4Geek","description":"Verzamelen, spelen &amp; tentoonstellen, omarm je nerdheid","publisher":{"@id":"https:\/\/hobby4geek.com\/#organization"},"potentialAction":[{"@type":"SearchAction","target":{"@type":"EntryPoint","urlTemplate":"https:\/\/hobby4geek.com\/?s={search_term_string}"},"query-input":{"@type":"PropertyValueSpecification","valueRequired":true,"valueName":"search_term_string"}}],"inLanguage":"nl-NL"},{"@type":"Organization","@id":"https:\/\/hobby4geek.com\/#organization","name":"Hobby4Geek","url":"https:\/\/hobby4geek.com\/","logo":{"@type":"ImageObject","inLanguage":"nl-NL","@id":"https:\/\/hobby4geek.com\/#\/schema\/logo\/image\/","url":"https:\/\/hobby4geek.com\/wp-content\/uploads\/2023\/02\/default-kit.png","contentUrl":"https:\/\/hobby4geek.com\/wp-content\/uploads\/2023\/02\/default-kit.png","width":600,"height":600,"caption":"Hobby4Geek"},"image":{"@id":"https:\/\/hobby4geek.com\/#\/schema\/logo\/image\/"},"sameAs":["https:\/\/www.facebook.com\/hobby4geek","https:\/\/x.com\/hobby4geek","https:\/\/www.instagram.com\/hobby4geek\/"]}]},"product_brand":"Transformers","product_price_amount":"5000.00","product_price_currency":"EUR","og_availability":"out of stock","product_availability":"out of stock","product_condition":"new"},"_links":{"self":[{"href":"https:\/\/hobby4geek.com\/nl\/wp-json\/wp\/v2\/product\/171681","targetHints":{"allow":["GET"]}}],"collection":[{"href":"https:\/\/hobby4geek.com\/nl\/wp-json\/wp\/v2\/product"}],"about":[{"href":"https:\/\/hobby4geek.com\/nl\/wp-json\/wp\/v2\/types\/product"}],"replies":[{"embeddable":true,"href":"https:\/\/hobby4geek.com\/nl\/wp-json\/wp\/v2\/comments?post=171681"}],"version-history":[{"count":0,"href":"https:\/\/hobby4geek.com\/nl\/wp-json\/wp\/v2\/product\/171681\/revisions"}],"wp:featuredmedia":[{"embeddable":true,"href":"https:\/\/hobby4geek.com\/nl\/wp-json\/wp\/v2\/media\/182298"}],"wp:attachment":[{"href":"https:\/\/hobby4geek.com\/nl\/wp-json\/wp\/v2\/media?parent=171681"}],"wp:term":[{"taxonomy":"product_brand","embeddable":true,"href":"https:\/\/hobby4geek.com\/nl\/wp-json\/wp\/v2\/product_brand?post=171681"},{"taxonomy":"product_cat","embeddable":true,"href":"https:\/\/hobby4geek.com\/nl\/wp-json\/wp\/v2\/product_cat?post=171681"},{"taxonomy":"product_tag","embeddable":true,"href":"https:\/\/hobby4geek.com\/nl\/wp-json\/wp\/v2\/product_tag?post=171681"},{"taxonomy":"giftcard-category","embeddable":true,"href":"https:\/\/hobby4geek.com\/nl\/wp-json\/wp\/v2\/giftcard-category?post=171681"}],"curies":[{"name":"wp","href":"https:\/\/api.w.org\/{rel}","templated":true}]}}