{"id":171525,"date":"2020-05-13T14:01:31","date_gmt":"2020-05-13T13:01:31","guid":{"rendered":"https:\/\/hobby4geek.com\/?post_type=product&#038;p=171525"},"modified":"2024-05-12T12:58:26","modified_gmt":"2024-05-12T11:58:26","slug":"tf1-jazz-mmtfm-12ex","status":"publish","type":"product","link":"https:\/\/hobby4geek.com\/nl\/product\/tf1-jazz-mmtfm-12ex\/","title":{"rendered":"Prime 1 Studio : Transformers - Museum Masterline - Jazz EX"},"content":{"rendered":"<p><i style=\"font-size: 16px;\">\"Oh, ik heb iets heel flitsends in gedachten!\"<\/i><\/p>\n<p>Prime 1 Studio presenteert met trots MMTFM-12 JAZZ uit de Transformers film. Eerste luitenant Jazz is een zorgeloze Autobot. Goedmoedig en altijd in staat om het heft in eigen handen te nemen, vormt hij een mooi contrast met de meer serieuze houding van Ironhide of Optimus Prime zelf. Hij is ook een prater, iets waar Ironhide en Prime hem graag mee plagen. Hij mag dan wel de kleinste Autobot zijn, maar hij is zeker geen lafaard. Hij staat klaar om het op te nemen tegen elke vijand, groot of klein.<\/p>\n<ul>\n<li>LED-lichtfunctie op het hoofd<\/li>\n<li>Een (1) verwisselbare alternatieve arm<\/li>\n<li>E\u00e9n (1) verwisselbare halvemaanvormige kanonarm<\/li>\n<li>Een (1) verwisselbaar verborgen vizier (alleen exclusieve versie)<\/li>\n<\/ul>\n<p><strong>Let op :<\/strong><\/p>\n<ul>\n<li>Voorbeelden van getoonde prototypes.<\/li>\n<li>Productgegevens kunnen zonder voorafgaande kennisgeving worden gewijzigd.<\/li>\n<li>Houd er rekening mee dat de uiteindelijke productspecificaties kunnen afwijken, omdat elk product met de hand wordt gemaakt.<\/li>\n<li>Aangezien het product zich nog in de ontwikkelingsfase bevindt, kunnen de afmetingen (tot 10%) en het gewicht (tot 10 kg) tijdens de ontwikkeling worden gewijzigd.<\/li>\n<li>productiefase.<\/li>\n<\/ul>","protected":false},"excerpt":{"rendered":"<p><strong>Kenmerken:<\/strong><\/p>\n<ul>\n<li>La LED allume la fonction sur la t\u00eate<\/li>\n<li>Een (1) beha verwisselbaar<\/li>\n<li>Un (1) bh's verwisselbare halve maan kanon<\/li>\n<li>Een (1) t\u00eate de visi\u00e8re cach\u00e9e verwisselbaar (exclusieve versie)<\/li>\n<\/ul>","protected":false},"featured_media":183529,"comment_status":"open","ping_status":"closed","template":"","meta":{"inline_featured_image":false},"product_brand":[],"product_cat":[1955,68,164],"product_tag":[199,201,1634,1936,1635,1636,1256,1935,1980,204],"giftcard-category":[],"class_list":{"0":"post-171525","1":"product","2":"type-product","3":"status-publish","4":"has-post-thumbnail","6":"product_cat-transformers","7":"product_cat-hasbro","8":"product_cat-prime-1-studio","9":"product_tag-autobot","10":"product_tag-jazz","11":"product_tag-jazz-ex","12":"product_tag-models-co","13":"product_tag-museum-masterline","14":"product_tag-prime-1-studio","15":"product_tag-statue","16":"product_tag-statues","17":"product_tag-statues-co","18":"product_tag-transformers","19":"product_shipping_class-from-china","20":"inventories-china-inventory","22":"first","23":"outofstock","24":"sold-individually","25":"taxable","26":"shipping-taxable","27":"purchasable","28":"product-type-simple","29":"add-to-wishlist-after_add_to_cart"},"yoast_head":"<!-- This site is optimized with the Yoast SEO Premium plugin v25.3.1 (Yoast SEO v27.2) - https:\/\/yoast.com\/product\/yoast-seo-premium-wordpress\/ -->\n<title>Prime 1 Studio : Transformers - Museum Masterline - Jazz EX<\/title>\n<meta name=\"robots\" content=\"index, follow, max-snippet:-1, max-image-preview:large, max-video-preview:-1\" \/>\n<link rel=\"canonical\" href=\"https:\/\/hobby4geek.com\/nl\/product\/tf1-jazz-mmtfm-12ex\/\" \/>\n<meta property=\"og:locale\" content=\"nl_NL\" \/>\n<meta property=\"og:type\" content=\"article\" \/>\n<meta property=\"og:title\" content=\"Prime 1 Studio : Transformers - Museum Masterline - Jazz EX\" \/>\n<meta property=\"og:description\" content=\"Caract\u00e9ristiques:   La LED allume la fonction sur la t\u00eate  Un (1) bras alternatif interchangeable  Un (1) bras interchangeable Crescent Cannon  Une (1) t\u00eate de visi\u00e8re cach\u00e9e interchangeable (version exclusive uniquement)\" \/>\n<meta property=\"og:url\" content=\"https:\/\/hobby4geek.com\/nl\/product\/tf1-jazz-mmtfm-12ex\/\" \/>\n<meta property=\"og:site_name\" content=\"Hobby4Geek\" \/>\n<meta property=\"article:publisher\" content=\"https:\/\/www.facebook.com\/hobby4geek\" \/>\n<meta property=\"article:modified_time\" content=\"2024-05-12T11:58:26+00:00\" \/>\n<meta property=\"og:image\" content=\"https:\/\/hobby4geek.com\/wp-content\/uploads\/2020\/05\/prime-1-studio-transformers-museum-masterline-jazz-ex-10.jpg\" \/>\n\t<meta property=\"og:image:width\" content=\"2000\" \/>\n\t<meta property=\"og:image:height\" content=\"1414\" \/>\n\t<meta property=\"og:image:type\" content=\"image\/jpeg\" \/>\n<meta name=\"twitter:card\" content=\"summary_large_image\" \/>\n<meta name=\"twitter:site\" content=\"@hobby4geek\" \/>\n<script type=\"application\/ld+json\" class=\"yoast-schema-graph\">{\"@context\":\"https:\/\/schema.org\",\"@graph\":[{\"@type\":\"WebPage\",\"@id\":\"https:\/\/hobby4geek.com\/product\/tf1-jazz-mmtfm-12ex\/\",\"url\":\"https:\/\/hobby4geek.com\/product\/tf1-jazz-mmtfm-12ex\/\",\"name\":\"Prime 1 Studio : Transformers - Museum Masterline - Jazz EX\",\"isPartOf\":{\"@id\":\"https:\/\/hobby4geek.com\/#website\"},\"primaryImageOfPage\":{\"@id\":\"https:\/\/hobby4geek.com\/product\/tf1-jazz-mmtfm-12ex\/#primaryimage\"},\"image\":{\"@id\":\"https:\/\/hobby4geek.com\/product\/tf1-jazz-mmtfm-12ex\/#primaryimage\"},\"thumbnailUrl\":\"https:\/\/hobby4geek.com\/wp-content\/uploads\/2020\/05\/prime-1-studio-transformers-museum-masterline-jazz-ex-10.jpg\",\"datePublished\":\"2020-05-13T13:01:31+00:00\",\"dateModified\":\"2024-05-12T11:58:26+00:00\",\"breadcrumb\":{\"@id\":\"https:\/\/hobby4geek.com\/product\/tf1-jazz-mmtfm-12ex\/#breadcrumb\"},\"inLanguage\":\"nl-NL\",\"potentialAction\":[{\"@type\":\"ReadAction\",\"target\":[\"https:\/\/hobby4geek.com\/product\/tf1-jazz-mmtfm-12ex\/\"]}]},{\"@type\":\"ImageObject\",\"inLanguage\":\"nl-NL\",\"@id\":\"https:\/\/hobby4geek.com\/product\/tf1-jazz-mmtfm-12ex\/#primaryimage\",\"url\":\"https:\/\/hobby4geek.com\/wp-content\/uploads\/2020\/05\/prime-1-studio-transformers-museum-masterline-jazz-ex-10.jpg\",\"contentUrl\":\"https:\/\/hobby4geek.com\/wp-content\/uploads\/2020\/05\/prime-1-studio-transformers-museum-masterline-jazz-ex-10.jpg\",\"width\":2000,\"height\":1414},{\"@type\":\"BreadcrumbList\",\"@id\":\"https:\/\/hobby4geek.com\/product\/tf1-jazz-mmtfm-12ex\/#breadcrumb\",\"itemListElement\":[{\"@type\":\"ListItem\",\"position\":1,\"name\":\"Home\",\"item\":\"https:\/\/hobby4geek.com\/\"},{\"@type\":\"ListItem\",\"position\":2,\"name\":\"Shop\",\"item\":\"https:\/\/hobby4geek.com\/shop\/\"},{\"@type\":\"ListItem\",\"position\":3,\"name\":\"Prime 1 Studio : Transformers &#8211; Museum Masterline &#8211; Jazz EX\"}]},{\"@type\":\"WebSite\",\"@id\":\"https:\/\/hobby4geek.com\/#website\",\"url\":\"https:\/\/hobby4geek.com\/\",\"name\":\"Hobby4Geek\",\"description\":\"Collect, Play &amp; Showcase, Embrace your Geekiness\",\"publisher\":{\"@id\":\"https:\/\/hobby4geek.com\/#organization\"},\"potentialAction\":[{\"@type\":\"SearchAction\",\"target\":{\"@type\":\"EntryPoint\",\"urlTemplate\":\"https:\/\/hobby4geek.com\/?s={search_term_string}\"},\"query-input\":{\"@type\":\"PropertyValueSpecification\",\"valueRequired\":true,\"valueName\":\"search_term_string\"}}],\"inLanguage\":\"nl-NL\"},{\"@type\":\"Organization\",\"@id\":\"https:\/\/hobby4geek.com\/#organization\",\"name\":\"Hobby4Geek\",\"url\":\"https:\/\/hobby4geek.com\/\",\"logo\":{\"@type\":\"ImageObject\",\"inLanguage\":\"nl-NL\",\"@id\":\"https:\/\/hobby4geek.com\/#\/schema\/logo\/image\/\",\"url\":\"https:\/\/hobby4geek.com\/wp-content\/uploads\/2023\/02\/default-kit.png\",\"contentUrl\":\"https:\/\/hobby4geek.com\/wp-content\/uploads\/2023\/02\/default-kit.png\",\"width\":600,\"height\":600,\"caption\":\"Hobby4Geek\"},\"image\":{\"@id\":\"https:\/\/hobby4geek.com\/#\/schema\/logo\/image\/\"},\"sameAs\":[\"https:\/\/www.facebook.com\/hobby4geek\",\"https:\/\/x.com\/hobby4geek\",\"https:\/\/www.instagram.com\/hobby4geek\/\"]}]}<\/script>\n<meta property=\"product:brand\" content=\"Transformers\" \/>\n<meta property=\"product:price:amount\" content=\"2470.00\" \/>\n<meta property=\"product:price:currency\" content=\"EUR\" \/>\n<meta property=\"og:availability\" content=\"out of stock\" \/>\n<meta property=\"product:availability\" content=\"out of stock\" \/>\n<meta property=\"product:condition\" content=\"new\" \/>\n<!-- \/ Yoast SEO Premium plugin. -->","yoast_head_json":{"title":"Prime 1 Studio : Transformers - Museum Masterline - Jazz EX","robots":{"index":"index","follow":"follow","max-snippet":"max-snippet:-1","max-image-preview":"max-image-preview:large","max-video-preview":"max-video-preview:-1"},"canonical":"https:\/\/hobby4geek.com\/nl\/product\/tf1-jazz-mmtfm-12ex\/","og_locale":"nl_NL","og_type":"article","og_title":"Prime 1 Studio : Transformers - Museum Masterline - Jazz EX","og_description":"Caract\u00e9ristiques:   La LED allume la fonction sur la t\u00eate  Un (1) bras alternatif interchangeable  Un (1) bras interchangeable Crescent Cannon  Une (1) t\u00eate de visi\u00e8re cach\u00e9e interchangeable (version exclusive uniquement)","og_url":"https:\/\/hobby4geek.com\/nl\/product\/tf1-jazz-mmtfm-12ex\/","og_site_name":"Hobby4Geek","article_publisher":"https:\/\/www.facebook.com\/hobby4geek","article_modified_time":"2024-05-12T11:58:26+00:00","og_image":[{"width":2000,"height":1414,"url":"https:\/\/hobby4geek.com\/wp-content\/uploads\/2020\/05\/prime-1-studio-transformers-museum-masterline-jazz-ex-10.jpg","type":"image\/jpeg"}],"twitter_card":"summary_large_image","twitter_site":"@hobby4geek","schema":{"@context":"https:\/\/schema.org","@graph":[{"@type":"WebPage","@id":"https:\/\/hobby4geek.com\/product\/tf1-jazz-mmtfm-12ex\/","url":"https:\/\/hobby4geek.com\/product\/tf1-jazz-mmtfm-12ex\/","name":"Prime 1 Studio : Transformers - Museum Masterline - Jazz EX","isPartOf":{"@id":"https:\/\/hobby4geek.com\/#website"},"primaryImageOfPage":{"@id":"https:\/\/hobby4geek.com\/product\/tf1-jazz-mmtfm-12ex\/#primaryimage"},"image":{"@id":"https:\/\/hobby4geek.com\/product\/tf1-jazz-mmtfm-12ex\/#primaryimage"},"thumbnailUrl":"https:\/\/hobby4geek.com\/wp-content\/uploads\/2020\/05\/prime-1-studio-transformers-museum-masterline-jazz-ex-10.jpg","datePublished":"2020-05-13T13:01:31+00:00","dateModified":"2024-05-12T11:58:26+00:00","breadcrumb":{"@id":"https:\/\/hobby4geek.com\/product\/tf1-jazz-mmtfm-12ex\/#breadcrumb"},"inLanguage":"nl-NL","potentialAction":[{"@type":"ReadAction","target":["https:\/\/hobby4geek.com\/product\/tf1-jazz-mmtfm-12ex\/"]}]},{"@type":"ImageObject","inLanguage":"nl-NL","@id":"https:\/\/hobby4geek.com\/product\/tf1-jazz-mmtfm-12ex\/#primaryimage","url":"https:\/\/hobby4geek.com\/wp-content\/uploads\/2020\/05\/prime-1-studio-transformers-museum-masterline-jazz-ex-10.jpg","contentUrl":"https:\/\/hobby4geek.com\/wp-content\/uploads\/2020\/05\/prime-1-studio-transformers-museum-masterline-jazz-ex-10.jpg","width":2000,"height":1414},{"@type":"BreadcrumbList","@id":"https:\/\/hobby4geek.com\/product\/tf1-jazz-mmtfm-12ex\/#breadcrumb","itemListElement":[{"@type":"ListItem","position":1,"name":"Home","item":"https:\/\/hobby4geek.com\/"},{"@type":"ListItem","position":2,"name":"Shop","item":"https:\/\/hobby4geek.com\/shop\/"},{"@type":"ListItem","position":3,"name":"Prime 1 Studio : Transformers &#8211; Museum Masterline &#8211; Jazz EX"}]},{"@type":"WebSite","@id":"https:\/\/hobby4geek.com\/#website","url":"https:\/\/hobby4geek.com\/","name":"Hobby4Geek","description":"Verzamelen, spelen &amp; tentoonstellen, omarm je nerdheid","publisher":{"@id":"https:\/\/hobby4geek.com\/#organization"},"potentialAction":[{"@type":"SearchAction","target":{"@type":"EntryPoint","urlTemplate":"https:\/\/hobby4geek.com\/?s={search_term_string}"},"query-input":{"@type":"PropertyValueSpecification","valueRequired":true,"valueName":"search_term_string"}}],"inLanguage":"nl-NL"},{"@type":"Organization","@id":"https:\/\/hobby4geek.com\/#organization","name":"Hobby4Geek","url":"https:\/\/hobby4geek.com\/","logo":{"@type":"ImageObject","inLanguage":"nl-NL","@id":"https:\/\/hobby4geek.com\/#\/schema\/logo\/image\/","url":"https:\/\/hobby4geek.com\/wp-content\/uploads\/2023\/02\/default-kit.png","contentUrl":"https:\/\/hobby4geek.com\/wp-content\/uploads\/2023\/02\/default-kit.png","width":600,"height":600,"caption":"Hobby4Geek"},"image":{"@id":"https:\/\/hobby4geek.com\/#\/schema\/logo\/image\/"},"sameAs":["https:\/\/www.facebook.com\/hobby4geek","https:\/\/x.com\/hobby4geek","https:\/\/www.instagram.com\/hobby4geek\/"]}]},"product_brand":"Transformers","product_price_amount":"2470.00","product_price_currency":"EUR","og_availability":"out of stock","product_availability":"out of stock","product_condition":"new"},"_links":{"self":[{"href":"https:\/\/hobby4geek.com\/nl\/wp-json\/wp\/v2\/product\/171525","targetHints":{"allow":["GET"]}}],"collection":[{"href":"https:\/\/hobby4geek.com\/nl\/wp-json\/wp\/v2\/product"}],"about":[{"href":"https:\/\/hobby4geek.com\/nl\/wp-json\/wp\/v2\/types\/product"}],"replies":[{"embeddable":true,"href":"https:\/\/hobby4geek.com\/nl\/wp-json\/wp\/v2\/comments?post=171525"}],"version-history":[{"count":0,"href":"https:\/\/hobby4geek.com\/nl\/wp-json\/wp\/v2\/product\/171525\/revisions"}],"wp:featuredmedia":[{"embeddable":true,"href":"https:\/\/hobby4geek.com\/nl\/wp-json\/wp\/v2\/media\/183529"}],"wp:attachment":[{"href":"https:\/\/hobby4geek.com\/nl\/wp-json\/wp\/v2\/media?parent=171525"}],"wp:term":[{"taxonomy":"product_brand","embeddable":true,"href":"https:\/\/hobby4geek.com\/nl\/wp-json\/wp\/v2\/product_brand?post=171525"},{"taxonomy":"product_cat","embeddable":true,"href":"https:\/\/hobby4geek.com\/nl\/wp-json\/wp\/v2\/product_cat?post=171525"},{"taxonomy":"product_tag","embeddable":true,"href":"https:\/\/hobby4geek.com\/nl\/wp-json\/wp\/v2\/product_tag?post=171525"},{"taxonomy":"giftcard-category","embeddable":true,"href":"https:\/\/hobby4geek.com\/nl\/wp-json\/wp\/v2\/giftcard-category?post=171525"}],"curies":[{"name":"wp","href":"https:\/\/api.w.org\/{rel}","templated":true}]}}