{"id":143039,"date":"2020-12-05T04:26:46","date_gmt":"2020-12-05T03:26:46","guid":{"rendered":"https:\/\/hobby4geek.com\/?post_type=product&#038;p=143039"},"modified":"2024-05-12T13:04:22","modified_gmt":"2024-05-12T12:04:22","slug":"transformers-studio-series-72-voyager-starscream","status":"publish","type":"product","link":"https:\/\/hobby4geek.com\/nl\/product\/transformers-studio-series-72-voyager-starscream\/","title":{"rendered":"Transformers Studio Series - 72 Voyager Starscream"},"content":{"rendered":"<p>Ontworpen in de stijl van personages uit het Transformers-universum, zijn de Studio Series-figuren (afzonderlijk verkrijgbaar) ge\u00efnspireerd op iconische sc\u00e8nes uit de films. Plus, ze zijn geweldig voor het cre\u00ebren van een geweldige Transformers collectie.<\/p>\n<p>Deze op Transformers: Bumblebee ge\u00efnspireerde Studio Series - 72 Voyager Starscream figuur verandert in 31 stappen van robotmodus naar Tetrajet. Verwijder de achtergrond om Starscream te laten zien in de Cybertron watervallen sc\u00e8ne. In de Cybertron Falls sc\u00e8ne van Transformers: Bumblebee, trekt het Autobot verzet zich terug om de planeet te ontvluchten als Cybertron onder de controle van de Decepticons valt. Starscream en de Seekers vernietigen het Autobot lanceerplatform in een poging hun ontsnapping te voorkomen. Poseer de figuur met de meegeleverde Null Ray accessoires en stel je voor dat je dit klassieke filmmoment opnieuw beleeft!<\/p>\n<p>Inclusief : Figuur, accessoire, verwijderbare achtergrond en instructies.<\/p>\n<p><strong><br \/>\nProductkenmerken:<\/strong><\/p>\n<ul>\n<li>17cm<\/li>\n<li>31 stappen<\/li>\n<li>Verwijderbaar decor en instructies<\/li>\n<\/ul>","protected":false},"excerpt":{"rendered":"<ul>\n<li>17cm<\/li>\n<li>31 stappen<\/li>\n<li>Verwijderbaar decor en instructies<\/li>\n<\/ul>","protected":false},"featured_media":181045,"comment_status":"open","ping_status":"closed","template":"","meta":{"inline_featured_image":false},"product_brand":[],"product_cat":[1955,68,69,1960],"product_tag":[1200,200,1759,227,221,1201,250,240,203,1975,204,538,235,247],"giftcard-category":[],"class_list":{"0":"post-143039","1":"product","2":"type-product","3":"status-publish","4":"has-post-thumbnail","6":"product_cat-transformers","7":"product_cat-hasbro","8":"product_cat-takara-tomy","9":"product_cat-transformers-generations","10":"product_tag-1200","11":"product_tag-action-figures","12":"product_tag-action-toys","13":"product_tag-cybertron","14":"product_tag-decepticon","15":"product_tag-ss72","16":"product_tag-starscream","17":"product_tag-studio-series","18":"product_tag-takara-tomy","19":"product_tag-toys-figures","20":"product_tag-transformers","21":"product_tag-transformers-bumblebee-movie","22":"product_tag-transformers-bumblebee","23":"product_tag-voyager","24":"product_shipping_class-from-china","25":"inventories-china-inventory","27":"first","28":"outofstock","29":"taxable","30":"shipping-taxable","31":"purchasable","32":"product-type-simple","33":"add-to-wishlist-after_add_to_cart"},"yoast_head":"<!-- This site is optimized with the Yoast SEO Premium plugin v25.3.1 (Yoast SEO v27.2) - https:\/\/yoast.com\/product\/yoast-seo-premium-wordpress\/ -->\n<title>Transformers Studio Series - 72 Voyager Starscream<\/title>\n<meta name=\"robots\" content=\"index, follow, max-snippet:-1, max-image-preview:large, max-video-preview:-1\" \/>\n<link rel=\"canonical\" href=\"https:\/\/hobby4geek.com\/nl\/product\/transformers-studio-series-72-voyager-starscream\/\" \/>\n<meta property=\"og:locale\" content=\"nl_NL\" \/>\n<meta property=\"og:type\" content=\"article\" \/>\n<meta property=\"og:title\" content=\"Transformers Studio Series - 72 Voyager Starscream\" \/>\n<meta property=\"og:description\" content=\"17cm  31 steps  Removable decor and instructions\" \/>\n<meta property=\"og:url\" content=\"https:\/\/hobby4geek.com\/nl\/product\/transformers-studio-series-72-voyager-starscream\/\" \/>\n<meta property=\"og:site_name\" content=\"Hobby4Geek\" \/>\n<meta property=\"article:publisher\" content=\"https:\/\/www.facebook.com\/hobby4geek\" \/>\n<meta property=\"article:modified_time\" content=\"2024-05-12T12:04:22+00:00\" \/>\n<meta property=\"og:image\" content=\"https:\/\/hobby4geek.com\/wp-content\/uploads\/2023\/02\/transformers-studio-series-72-voyager-starscream.jpg\" \/>\n\t<meta property=\"og:image:width\" content=\"1500\" \/>\n\t<meta property=\"og:image:height\" content=\"1427\" \/>\n\t<meta property=\"og:image:type\" content=\"image\/jpeg\" \/>\n<meta name=\"twitter:card\" content=\"summary_large_image\" \/>\n<meta name=\"twitter:site\" content=\"@hobby4geek\" \/>\n<script type=\"application\/ld+json\" class=\"yoast-schema-graph\">{\"@context\":\"https:\/\/schema.org\",\"@graph\":[{\"@type\":\"WebPage\",\"@id\":\"https:\/\/hobby4geek.com\/product\/transformers-studio-series-72-voyager-starscream\/\",\"url\":\"https:\/\/hobby4geek.com\/product\/transformers-studio-series-72-voyager-starscream\/\",\"name\":\"Transformers Studio Series - 72 Voyager Starscream\",\"isPartOf\":{\"@id\":\"https:\/\/hobby4geek.com\/#website\"},\"primaryImageOfPage\":{\"@id\":\"https:\/\/hobby4geek.com\/product\/transformers-studio-series-72-voyager-starscream\/#primaryimage\"},\"image\":{\"@id\":\"https:\/\/hobby4geek.com\/product\/transformers-studio-series-72-voyager-starscream\/#primaryimage\"},\"thumbnailUrl\":\"https:\/\/hobby4geek.com\/wp-content\/uploads\/2023\/02\/transformers-studio-series-72-voyager-starscream.jpg\",\"datePublished\":\"2020-12-05T03:26:46+00:00\",\"dateModified\":\"2024-05-12T12:04:22+00:00\",\"breadcrumb\":{\"@id\":\"https:\/\/hobby4geek.com\/product\/transformers-studio-series-72-voyager-starscream\/#breadcrumb\"},\"inLanguage\":\"nl-NL\",\"potentialAction\":[{\"@type\":\"ReadAction\",\"target\":[\"https:\/\/hobby4geek.com\/product\/transformers-studio-series-72-voyager-starscream\/\"]}]},{\"@type\":\"ImageObject\",\"inLanguage\":\"nl-NL\",\"@id\":\"https:\/\/hobby4geek.com\/product\/transformers-studio-series-72-voyager-starscream\/#primaryimage\",\"url\":\"https:\/\/hobby4geek.com\/wp-content\/uploads\/2023\/02\/transformers-studio-series-72-voyager-starscream.jpg\",\"contentUrl\":\"https:\/\/hobby4geek.com\/wp-content\/uploads\/2023\/02\/transformers-studio-series-72-voyager-starscream.jpg\",\"width\":1500,\"height\":1427,\"caption\":\"Transformers Studio Series 72 Voyager Starscream\"},{\"@type\":\"BreadcrumbList\",\"@id\":\"https:\/\/hobby4geek.com\/product\/transformers-studio-series-72-voyager-starscream\/#breadcrumb\",\"itemListElement\":[{\"@type\":\"ListItem\",\"position\":1,\"name\":\"Home\",\"item\":\"https:\/\/hobby4geek.com\/\"},{\"@type\":\"ListItem\",\"position\":2,\"name\":\"Shop\",\"item\":\"https:\/\/hobby4geek.com\/shop\/\"},{\"@type\":\"ListItem\",\"position\":3,\"name\":\"Transformers Studio Series &#8211; 72 Voyager Starscream\"}]},{\"@type\":\"WebSite\",\"@id\":\"https:\/\/hobby4geek.com\/#website\",\"url\":\"https:\/\/hobby4geek.com\/\",\"name\":\"Hobby4Geek\",\"description\":\"Collect, Play &amp; Showcase, Embrace your Geekiness\",\"publisher\":{\"@id\":\"https:\/\/hobby4geek.com\/#organization\"},\"potentialAction\":[{\"@type\":\"SearchAction\",\"target\":{\"@type\":\"EntryPoint\",\"urlTemplate\":\"https:\/\/hobby4geek.com\/?s={search_term_string}\"},\"query-input\":{\"@type\":\"PropertyValueSpecification\",\"valueRequired\":true,\"valueName\":\"search_term_string\"}}],\"inLanguage\":\"nl-NL\"},{\"@type\":\"Organization\",\"@id\":\"https:\/\/hobby4geek.com\/#organization\",\"name\":\"Hobby4Geek\",\"url\":\"https:\/\/hobby4geek.com\/\",\"logo\":{\"@type\":\"ImageObject\",\"inLanguage\":\"nl-NL\",\"@id\":\"https:\/\/hobby4geek.com\/#\/schema\/logo\/image\/\",\"url\":\"https:\/\/hobby4geek.com\/wp-content\/uploads\/2023\/02\/default-kit.png\",\"contentUrl\":\"https:\/\/hobby4geek.com\/wp-content\/uploads\/2023\/02\/default-kit.png\",\"width\":600,\"height\":600,\"caption\":\"Hobby4Geek\"},\"image\":{\"@id\":\"https:\/\/hobby4geek.com\/#\/schema\/logo\/image\/\"},\"sameAs\":[\"https:\/\/www.facebook.com\/hobby4geek\",\"https:\/\/x.com\/hobby4geek\",\"https:\/\/www.instagram.com\/hobby4geek\/\"]}]}<\/script>\n<meta property=\"product:brand\" content=\"Transformers\" \/>\n<meta property=\"product:price:amount\" content=\"56.00\" \/>\n<meta property=\"product:price:currency\" content=\"EUR\" \/>\n<meta property=\"og:availability\" content=\"out of stock\" \/>\n<meta property=\"product:availability\" content=\"out of stock\" \/>\n<meta property=\"product:condition\" content=\"new\" \/>\n<!-- \/ Yoast SEO Premium plugin. -->","yoast_head_json":{"title":"Transformers Studio Series - 72 Voyager Starscream","robots":{"index":"index","follow":"follow","max-snippet":"max-snippet:-1","max-image-preview":"max-image-preview:large","max-video-preview":"max-video-preview:-1"},"canonical":"https:\/\/hobby4geek.com\/nl\/product\/transformers-studio-series-72-voyager-starscream\/","og_locale":"nl_NL","og_type":"article","og_title":"Transformers Studio Series - 72 Voyager Starscream","og_description":"17cm  31 steps  Removable decor and instructions","og_url":"https:\/\/hobby4geek.com\/nl\/product\/transformers-studio-series-72-voyager-starscream\/","og_site_name":"Hobby4Geek","article_publisher":"https:\/\/www.facebook.com\/hobby4geek","article_modified_time":"2024-05-12T12:04:22+00:00","og_image":[{"width":1500,"height":1427,"url":"https:\/\/hobby4geek.com\/wp-content\/uploads\/2023\/02\/transformers-studio-series-72-voyager-starscream.jpg","type":"image\/jpeg"}],"twitter_card":"summary_large_image","twitter_site":"@hobby4geek","schema":{"@context":"https:\/\/schema.org","@graph":[{"@type":"WebPage","@id":"https:\/\/hobby4geek.com\/product\/transformers-studio-series-72-voyager-starscream\/","url":"https:\/\/hobby4geek.com\/product\/transformers-studio-series-72-voyager-starscream\/","name":"Transformers Studio Series - 72 Voyager Starscream","isPartOf":{"@id":"https:\/\/hobby4geek.com\/#website"},"primaryImageOfPage":{"@id":"https:\/\/hobby4geek.com\/product\/transformers-studio-series-72-voyager-starscream\/#primaryimage"},"image":{"@id":"https:\/\/hobby4geek.com\/product\/transformers-studio-series-72-voyager-starscream\/#primaryimage"},"thumbnailUrl":"https:\/\/hobby4geek.com\/wp-content\/uploads\/2023\/02\/transformers-studio-series-72-voyager-starscream.jpg","datePublished":"2020-12-05T03:26:46+00:00","dateModified":"2024-05-12T12:04:22+00:00","breadcrumb":{"@id":"https:\/\/hobby4geek.com\/product\/transformers-studio-series-72-voyager-starscream\/#breadcrumb"},"inLanguage":"nl-NL","potentialAction":[{"@type":"ReadAction","target":["https:\/\/hobby4geek.com\/product\/transformers-studio-series-72-voyager-starscream\/"]}]},{"@type":"ImageObject","inLanguage":"nl-NL","@id":"https:\/\/hobby4geek.com\/product\/transformers-studio-series-72-voyager-starscream\/#primaryimage","url":"https:\/\/hobby4geek.com\/wp-content\/uploads\/2023\/02\/transformers-studio-series-72-voyager-starscream.jpg","contentUrl":"https:\/\/hobby4geek.com\/wp-content\/uploads\/2023\/02\/transformers-studio-series-72-voyager-starscream.jpg","width":1500,"height":1427,"caption":"Transformers Studio Series 72 Voyager Starscream"},{"@type":"BreadcrumbList","@id":"https:\/\/hobby4geek.com\/product\/transformers-studio-series-72-voyager-starscream\/#breadcrumb","itemListElement":[{"@type":"ListItem","position":1,"name":"Home","item":"https:\/\/hobby4geek.com\/"},{"@type":"ListItem","position":2,"name":"Shop","item":"https:\/\/hobby4geek.com\/shop\/"},{"@type":"ListItem","position":3,"name":"Transformers Studio Series &#8211; 72 Voyager Starscream"}]},{"@type":"WebSite","@id":"https:\/\/hobby4geek.com\/#website","url":"https:\/\/hobby4geek.com\/","name":"Hobby4Geek","description":"Verzamelen, spelen &amp; tentoonstellen, omarm je nerdheid","publisher":{"@id":"https:\/\/hobby4geek.com\/#organization"},"potentialAction":[{"@type":"SearchAction","target":{"@type":"EntryPoint","urlTemplate":"https:\/\/hobby4geek.com\/?s={search_term_string}"},"query-input":{"@type":"PropertyValueSpecification","valueRequired":true,"valueName":"search_term_string"}}],"inLanguage":"nl-NL"},{"@type":"Organization","@id":"https:\/\/hobby4geek.com\/#organization","name":"Hobby4Geek","url":"https:\/\/hobby4geek.com\/","logo":{"@type":"ImageObject","inLanguage":"nl-NL","@id":"https:\/\/hobby4geek.com\/#\/schema\/logo\/image\/","url":"https:\/\/hobby4geek.com\/wp-content\/uploads\/2023\/02\/default-kit.png","contentUrl":"https:\/\/hobby4geek.com\/wp-content\/uploads\/2023\/02\/default-kit.png","width":600,"height":600,"caption":"Hobby4Geek"},"image":{"@id":"https:\/\/hobby4geek.com\/#\/schema\/logo\/image\/"},"sameAs":["https:\/\/www.facebook.com\/hobby4geek","https:\/\/x.com\/hobby4geek","https:\/\/www.instagram.com\/hobby4geek\/"]}]},"product_brand":"Transformers","product_price_amount":"56.00","product_price_currency":"EUR","og_availability":"out of stock","product_availability":"out of stock","product_condition":"new"},"_links":{"self":[{"href":"https:\/\/hobby4geek.com\/nl\/wp-json\/wp\/v2\/product\/143039","targetHints":{"allow":["GET"]}}],"collection":[{"href":"https:\/\/hobby4geek.com\/nl\/wp-json\/wp\/v2\/product"}],"about":[{"href":"https:\/\/hobby4geek.com\/nl\/wp-json\/wp\/v2\/types\/product"}],"replies":[{"embeddable":true,"href":"https:\/\/hobby4geek.com\/nl\/wp-json\/wp\/v2\/comments?post=143039"}],"version-history":[{"count":0,"href":"https:\/\/hobby4geek.com\/nl\/wp-json\/wp\/v2\/product\/143039\/revisions"}],"wp:featuredmedia":[{"embeddable":true,"href":"https:\/\/hobby4geek.com\/nl\/wp-json\/wp\/v2\/media\/181045"}],"wp:attachment":[{"href":"https:\/\/hobby4geek.com\/nl\/wp-json\/wp\/v2\/media?parent=143039"}],"wp:term":[{"taxonomy":"product_brand","embeddable":true,"href":"https:\/\/hobby4geek.com\/nl\/wp-json\/wp\/v2\/product_brand?post=143039"},{"taxonomy":"product_cat","embeddable":true,"href":"https:\/\/hobby4geek.com\/nl\/wp-json\/wp\/v2\/product_cat?post=143039"},{"taxonomy":"product_tag","embeddable":true,"href":"https:\/\/hobby4geek.com\/nl\/wp-json\/wp\/v2\/product_tag?post=143039"},{"taxonomy":"giftcard-category","embeddable":true,"href":"https:\/\/hobby4geek.com\/nl\/wp-json\/wp\/v2\/giftcard-category?post=143039"}],"curies":[{"name":"wp","href":"https:\/\/api.w.org\/{rel}","templated":true}]}}