{"id":122693,"date":"2020-04-11T02:39:59","date_gmt":"2020-04-11T01:39:59","guid":{"rendered":"https:\/\/hobby4geek.com\/?post_type=product&#038;p=122693"},"modified":"2024-05-12T12:55:02","modified_gmt":"2024-05-12T11:55:02","slug":"transformers-studio-series-64-deluxe-cliffjumper","status":"publish","type":"product","link":"https:\/\/hobby4geek.com\/nl\/product\/transformers-studio-series-64-deluxe-cliffjumper\/","title":{"rendered":"Transformers Studio Series - 64 Deluxe Cliffjumper"},"content":{"rendered":"<p>Ontworpen in de stijl van personages uit het Transformers-universum, zijn de Studio Series-figuren (afzonderlijk verkrijgbaar) ge\u00efnspireerd op iconische sc\u00e8nes uit de films. Plus, ze zijn geweldig voor het cre\u00ebren van een geweldige Transformers collectie.<\/p>\n<p>De strijd om CYBERTRON woedt voort in de Fall of Cybertron-sc\u00e8ne uit Transformers: Bumblebee waarin Cliffjumper en zijn mede-Autobots worden overweldigd door de aanval van de Decepticons.<\/p>\n<p>Deze Studio Series 64 Deluxe Class Cliffjumper figuur heeft levendige, film-ge\u00efnspireerde deco en verandert in 20 stappen van robot- naar automodus. Verwijder de achtergrond om Cliffjumper te laten zien in de Fall of Cybertron-sc\u00e8ne. Inclusief gedetailleerd wapenaccessoire.<\/p>\n<p><strong>Producteigenschappen :<\/strong><\/p>\n<ul>\n<li>11,43 cm (4,50 inch)<\/li>\n<li>In kunststof<\/li>\n<li>Gebaseerd op de film Transformers: Bumblebee<\/li>\n<li>Omzetten van robotmodus naar voertuigmodus in 20 stappen<\/li>\n<li>1 Wapen<\/li>\n<\/ul>","protected":false},"excerpt":{"rendered":"<ul>\n<li>11,43 cm (4,50 inch)<\/li>\n<li>In kunststof<\/li>\n<li>Gebaseerd op de film Transformers: Bumblebee<\/li>\n<li>Omzetten van robotmodus naar voertuigmodus in 20 stappen<\/li>\n<li>1 Wapen<\/li>\n<\/ul>","protected":false},"featured_media":179981,"comment_status":"open","ping_status":"closed","template":"","meta":{"inline_featured_image":false},"product_brand":[],"product_cat":[1955,68,69,1960],"product_tag":[873,200,1759,199,874,227,239,655,875,240,203,1975,204,538,235],"giftcard-category":[],"class_list":{"0":"post-122693","1":"product","2":"type-product","3":"status-publish","4":"has-post-thumbnail","6":"product_cat-transformers","7":"product_cat-hasbro","8":"product_cat-takara-tomy","9":"product_cat-transformers-generations","10":"product_tag-873","11":"product_tag-action-figures","12":"product_tag-action-toys","13":"product_tag-autobot","14":"product_tag-cliffjumper","15":"product_tag-cybertron","16":"product_tag-deluxe","17":"product_tag-ss","18":"product_tag-ss64","19":"product_tag-studio-series","20":"product_tag-takara-tomy","21":"product_tag-toys-figures","22":"product_tag-transformers","23":"product_tag-transformers-bumblebee-movie","24":"product_tag-transformers-bumblebee","25":"inventories-china-inventory","27":"first","28":"outofstock","29":"taxable","30":"shipping-taxable","31":"purchasable","32":"product-type-simple","33":"add-to-wishlist-after_add_to_cart"},"yoast_head":"<!-- This site is optimized with the Yoast SEO Premium plugin v25.3.1 (Yoast SEO v27.2) - https:\/\/yoast.com\/product\/yoast-seo-premium-wordpress\/ -->\n<title>Transformers Studio Series - 64 Deluxe Cliffjumper<\/title>\n<meta name=\"robots\" content=\"index, follow, max-snippet:-1, max-image-preview:large, max-video-preview:-1\" \/>\n<link rel=\"canonical\" href=\"https:\/\/hobby4geek.com\/nl\/product\/transformers-studio-series-64-deluxe-cliffjumper\/\" \/>\n<meta property=\"og:locale\" content=\"nl_NL\" \/>\n<meta property=\"og:type\" content=\"article\" \/>\n<meta property=\"og:title\" content=\"Transformers Studio Series - 64 Deluxe Cliffjumper\" \/>\n<meta property=\"og:description\" content=\"4.50 inches (11.43cm)  In plastic  Based on the movie Transformers: Bumblebee  Convert from robot mode to vehicle mode in 20 steps  1 Weapon\" \/>\n<meta property=\"og:url\" content=\"https:\/\/hobby4geek.com\/nl\/product\/transformers-studio-series-64-deluxe-cliffjumper\/\" \/>\n<meta property=\"og:site_name\" content=\"Hobby4Geek\" \/>\n<meta property=\"article:publisher\" content=\"https:\/\/www.facebook.com\/hobby4geek\" \/>\n<meta property=\"article:modified_time\" content=\"2024-05-12T11:55:02+00:00\" \/>\n<meta property=\"og:image\" content=\"https:\/\/hobby4geek.com\/wp-content\/uploads\/2023\/02\/transformers-studio-series-64-deluxe-cliffjumper.jpg\" \/>\n\t<meta property=\"og:image:width\" content=\"504\" \/>\n\t<meta property=\"og:image:height\" content=\"481\" \/>\n\t<meta property=\"og:image:type\" content=\"image\/jpeg\" \/>\n<meta name=\"twitter:card\" content=\"summary_large_image\" \/>\n<meta name=\"twitter:site\" content=\"@hobby4geek\" \/>\n<script type=\"application\/ld+json\" class=\"yoast-schema-graph\">{\"@context\":\"https:\/\/schema.org\",\"@graph\":[{\"@type\":\"WebPage\",\"@id\":\"https:\/\/hobby4geek.com\/product\/transformers-studio-series-64-deluxe-cliffjumper\/\",\"url\":\"https:\/\/hobby4geek.com\/product\/transformers-studio-series-64-deluxe-cliffjumper\/\",\"name\":\"Transformers Studio Series - 64 Deluxe Cliffjumper\",\"isPartOf\":{\"@id\":\"https:\/\/hobby4geek.com\/#website\"},\"primaryImageOfPage\":{\"@id\":\"https:\/\/hobby4geek.com\/product\/transformers-studio-series-64-deluxe-cliffjumper\/#primaryimage\"},\"image\":{\"@id\":\"https:\/\/hobby4geek.com\/product\/transformers-studio-series-64-deluxe-cliffjumper\/#primaryimage\"},\"thumbnailUrl\":\"https:\/\/hobby4geek.com\/wp-content\/uploads\/2023\/02\/transformers-studio-series-64-deluxe-cliffjumper.jpg\",\"datePublished\":\"2020-04-11T01:39:59+00:00\",\"dateModified\":\"2024-05-12T11:55:02+00:00\",\"breadcrumb\":{\"@id\":\"https:\/\/hobby4geek.com\/product\/transformers-studio-series-64-deluxe-cliffjumper\/#breadcrumb\"},\"inLanguage\":\"nl-NL\",\"potentialAction\":[{\"@type\":\"ReadAction\",\"target\":[\"https:\/\/hobby4geek.com\/product\/transformers-studio-series-64-deluxe-cliffjumper\/\"]}]},{\"@type\":\"ImageObject\",\"inLanguage\":\"nl-NL\",\"@id\":\"https:\/\/hobby4geek.com\/product\/transformers-studio-series-64-deluxe-cliffjumper\/#primaryimage\",\"url\":\"https:\/\/hobby4geek.com\/wp-content\/uploads\/2023\/02\/transformers-studio-series-64-deluxe-cliffjumper.jpg\",\"contentUrl\":\"https:\/\/hobby4geek.com\/wp-content\/uploads\/2023\/02\/transformers-studio-series-64-deluxe-cliffjumper.jpg\",\"width\":504,\"height\":481,\"caption\":\"CLIFFJUMPER Scaled E1588293982400\"},{\"@type\":\"BreadcrumbList\",\"@id\":\"https:\/\/hobby4geek.com\/product\/transformers-studio-series-64-deluxe-cliffjumper\/#breadcrumb\",\"itemListElement\":[{\"@type\":\"ListItem\",\"position\":1,\"name\":\"Home\",\"item\":\"https:\/\/hobby4geek.com\/\"},{\"@type\":\"ListItem\",\"position\":2,\"name\":\"Shop\",\"item\":\"https:\/\/hobby4geek.com\/shop\/\"},{\"@type\":\"ListItem\",\"position\":3,\"name\":\"Transformers Studio Series &#8211; 64 Deluxe Cliffjumper\"}]},{\"@type\":\"WebSite\",\"@id\":\"https:\/\/hobby4geek.com\/#website\",\"url\":\"https:\/\/hobby4geek.com\/\",\"name\":\"Hobby4Geek\",\"description\":\"Collect, Play &amp; Showcase, Embrace your Geekiness\",\"publisher\":{\"@id\":\"https:\/\/hobby4geek.com\/#organization\"},\"potentialAction\":[{\"@type\":\"SearchAction\",\"target\":{\"@type\":\"EntryPoint\",\"urlTemplate\":\"https:\/\/hobby4geek.com\/?s={search_term_string}\"},\"query-input\":{\"@type\":\"PropertyValueSpecification\",\"valueRequired\":true,\"valueName\":\"search_term_string\"}}],\"inLanguage\":\"nl-NL\"},{\"@type\":\"Organization\",\"@id\":\"https:\/\/hobby4geek.com\/#organization\",\"name\":\"Hobby4Geek\",\"url\":\"https:\/\/hobby4geek.com\/\",\"logo\":{\"@type\":\"ImageObject\",\"inLanguage\":\"nl-NL\",\"@id\":\"https:\/\/hobby4geek.com\/#\/schema\/logo\/image\/\",\"url\":\"https:\/\/hobby4geek.com\/wp-content\/uploads\/2023\/02\/default-kit.png\",\"contentUrl\":\"https:\/\/hobby4geek.com\/wp-content\/uploads\/2023\/02\/default-kit.png\",\"width\":600,\"height\":600,\"caption\":\"Hobby4Geek\"},\"image\":{\"@id\":\"https:\/\/hobby4geek.com\/#\/schema\/logo\/image\/\"},\"sameAs\":[\"https:\/\/www.facebook.com\/hobby4geek\",\"https:\/\/x.com\/hobby4geek\",\"https:\/\/www.instagram.com\/hobby4geek\/\"]}]}<\/script>\n<meta property=\"product:brand\" content=\"Transformers\" \/>\n<meta property=\"product:price:amount\" content=\"29.00\" \/>\n<meta property=\"product:price:currency\" content=\"EUR\" \/>\n<meta property=\"og:availability\" content=\"out of stock\" \/>\n<meta property=\"product:availability\" content=\"out of stock\" \/>\n<meta property=\"product:condition\" content=\"new\" \/>\n<!-- \/ Yoast SEO Premium plugin. -->","yoast_head_json":{"title":"Transformers Studio Series - 64 Deluxe Cliffjumper","robots":{"index":"index","follow":"follow","max-snippet":"max-snippet:-1","max-image-preview":"max-image-preview:large","max-video-preview":"max-video-preview:-1"},"canonical":"https:\/\/hobby4geek.com\/nl\/product\/transformers-studio-series-64-deluxe-cliffjumper\/","og_locale":"nl_NL","og_type":"article","og_title":"Transformers Studio Series - 64 Deluxe Cliffjumper","og_description":"4.50 inches (11.43cm)  In plastic  Based on the movie Transformers: Bumblebee  Convert from robot mode to vehicle mode in 20 steps  1 Weapon","og_url":"https:\/\/hobby4geek.com\/nl\/product\/transformers-studio-series-64-deluxe-cliffjumper\/","og_site_name":"Hobby4Geek","article_publisher":"https:\/\/www.facebook.com\/hobby4geek","article_modified_time":"2024-05-12T11:55:02+00:00","og_image":[{"width":504,"height":481,"url":"https:\/\/hobby4geek.com\/wp-content\/uploads\/2023\/02\/transformers-studio-series-64-deluxe-cliffjumper.jpg","type":"image\/jpeg"}],"twitter_card":"summary_large_image","twitter_site":"@hobby4geek","schema":{"@context":"https:\/\/schema.org","@graph":[{"@type":"WebPage","@id":"https:\/\/hobby4geek.com\/product\/transformers-studio-series-64-deluxe-cliffjumper\/","url":"https:\/\/hobby4geek.com\/product\/transformers-studio-series-64-deluxe-cliffjumper\/","name":"Transformers Studio Series - 64 Deluxe Cliffjumper","isPartOf":{"@id":"https:\/\/hobby4geek.com\/#website"},"primaryImageOfPage":{"@id":"https:\/\/hobby4geek.com\/product\/transformers-studio-series-64-deluxe-cliffjumper\/#primaryimage"},"image":{"@id":"https:\/\/hobby4geek.com\/product\/transformers-studio-series-64-deluxe-cliffjumper\/#primaryimage"},"thumbnailUrl":"https:\/\/hobby4geek.com\/wp-content\/uploads\/2023\/02\/transformers-studio-series-64-deluxe-cliffjumper.jpg","datePublished":"2020-04-11T01:39:59+00:00","dateModified":"2024-05-12T11:55:02+00:00","breadcrumb":{"@id":"https:\/\/hobby4geek.com\/product\/transformers-studio-series-64-deluxe-cliffjumper\/#breadcrumb"},"inLanguage":"nl-NL","potentialAction":[{"@type":"ReadAction","target":["https:\/\/hobby4geek.com\/product\/transformers-studio-series-64-deluxe-cliffjumper\/"]}]},{"@type":"ImageObject","inLanguage":"nl-NL","@id":"https:\/\/hobby4geek.com\/product\/transformers-studio-series-64-deluxe-cliffjumper\/#primaryimage","url":"https:\/\/hobby4geek.com\/wp-content\/uploads\/2023\/02\/transformers-studio-series-64-deluxe-cliffjumper.jpg","contentUrl":"https:\/\/hobby4geek.com\/wp-content\/uploads\/2023\/02\/transformers-studio-series-64-deluxe-cliffjumper.jpg","width":504,"height":481,"caption":"CLIFFJUMPER Scaled E1588293982400"},{"@type":"BreadcrumbList","@id":"https:\/\/hobby4geek.com\/product\/transformers-studio-series-64-deluxe-cliffjumper\/#breadcrumb","itemListElement":[{"@type":"ListItem","position":1,"name":"Home","item":"https:\/\/hobby4geek.com\/"},{"@type":"ListItem","position":2,"name":"Shop","item":"https:\/\/hobby4geek.com\/shop\/"},{"@type":"ListItem","position":3,"name":"Transformers Studio Series &#8211; 64 Deluxe Cliffjumper"}]},{"@type":"WebSite","@id":"https:\/\/hobby4geek.com\/#website","url":"https:\/\/hobby4geek.com\/","name":"Hobby4Geek","description":"Verzamelen, spelen &amp; tentoonstellen, omarm je nerdheid","publisher":{"@id":"https:\/\/hobby4geek.com\/#organization"},"potentialAction":[{"@type":"SearchAction","target":{"@type":"EntryPoint","urlTemplate":"https:\/\/hobby4geek.com\/?s={search_term_string}"},"query-input":{"@type":"PropertyValueSpecification","valueRequired":true,"valueName":"search_term_string"}}],"inLanguage":"nl-NL"},{"@type":"Organization","@id":"https:\/\/hobby4geek.com\/#organization","name":"Hobby4Geek","url":"https:\/\/hobby4geek.com\/","logo":{"@type":"ImageObject","inLanguage":"nl-NL","@id":"https:\/\/hobby4geek.com\/#\/schema\/logo\/image\/","url":"https:\/\/hobby4geek.com\/wp-content\/uploads\/2023\/02\/default-kit.png","contentUrl":"https:\/\/hobby4geek.com\/wp-content\/uploads\/2023\/02\/default-kit.png","width":600,"height":600,"caption":"Hobby4Geek"},"image":{"@id":"https:\/\/hobby4geek.com\/#\/schema\/logo\/image\/"},"sameAs":["https:\/\/www.facebook.com\/hobby4geek","https:\/\/x.com\/hobby4geek","https:\/\/www.instagram.com\/hobby4geek\/"]}]},"product_brand":"Transformers","product_price_amount":"29.00","product_price_currency":"EUR","og_availability":"out of stock","product_availability":"out of stock","product_condition":"new"},"_links":{"self":[{"href":"https:\/\/hobby4geek.com\/nl\/wp-json\/wp\/v2\/product\/122693","targetHints":{"allow":["GET"]}}],"collection":[{"href":"https:\/\/hobby4geek.com\/nl\/wp-json\/wp\/v2\/product"}],"about":[{"href":"https:\/\/hobby4geek.com\/nl\/wp-json\/wp\/v2\/types\/product"}],"replies":[{"embeddable":true,"href":"https:\/\/hobby4geek.com\/nl\/wp-json\/wp\/v2\/comments?post=122693"}],"version-history":[{"count":0,"href":"https:\/\/hobby4geek.com\/nl\/wp-json\/wp\/v2\/product\/122693\/revisions"}],"wp:featuredmedia":[{"embeddable":true,"href":"https:\/\/hobby4geek.com\/nl\/wp-json\/wp\/v2\/media\/179981"}],"wp:attachment":[{"href":"https:\/\/hobby4geek.com\/nl\/wp-json\/wp\/v2\/media?parent=122693"}],"wp:term":[{"taxonomy":"product_brand","embeddable":true,"href":"https:\/\/hobby4geek.com\/nl\/wp-json\/wp\/v2\/product_brand?post=122693"},{"taxonomy":"product_cat","embeddable":true,"href":"https:\/\/hobby4geek.com\/nl\/wp-json\/wp\/v2\/product_cat?post=122693"},{"taxonomy":"product_tag","embeddable":true,"href":"https:\/\/hobby4geek.com\/nl\/wp-json\/wp\/v2\/product_tag?post=122693"},{"taxonomy":"giftcard-category","embeddable":true,"href":"https:\/\/hobby4geek.com\/nl\/wp-json\/wp\/v2\/giftcard-category?post=122693"}],"curies":[{"name":"wp","href":"https:\/\/api.w.org\/{rel}","templated":true}]}}