{"id":122661,"date":"2020-04-11T02:18:25","date_gmt":"2020-04-11T01:18:25","guid":{"rendered":"https:\/\/hobby4geek.com\/?post_type=product&#038;p=122661"},"modified":"2024-08-24T14:54:30","modified_gmt":"2024-08-24T13:54:30","slug":"transformers-studio-series-62-deluxe-soundwave","status":"publish","type":"product","link":"https:\/\/hobby4geek.com\/nl\/product\/transformers-studio-series-62-deluxe-soundwave\/","title":{"rendered":"Transformers Studio Series - 62 Deluxe Soundwave"},"content":{"rendered":"<p>Ontworpen in de stijl van personages uit het Transformers-universum, zijn de Studio Series-figuren (afzonderlijk verkrijgbaar) ge\u00efnspireerd op iconische sc\u00e8nes uit de films. Plus, ze zijn geweldig voor het cre\u00ebren van een geweldige Transformers collectie.<\/p>\n<p>In de sc\u00e8ne Orbital Spy uit Transformers: Revenge of the Fallen, vergrendelt Soundwave zich op een satelliet in zijn eigen satellietmodus om te luisteren naar communicatie over de locatie van een Allspark-fragment.<\/p>\n<p>Deze Studio Series 62 Deluxe Class Soundwave figuur heeft een levendige, film-ge\u00efnspireerde deco en verandert in 10 stappen van robot- naar satellietmodus. Verwijder de achtergrond om Soundwave te laten zien in de Orbital Spy sc\u00e8ne. Inclusief 2 gedetailleerde accessoires.<\/p>\n<ul>\n<li>12cm<\/li>\n<li>10 stappen<\/li>\n<li>Stand<\/li>\n<li>Verwijderbaar decor en instructies<\/li>\n<\/ul>","protected":false},"excerpt":{"rendered":"<ul>\n<li>12cm<\/li>\n<li>10 stappen<\/li>\n<li>Stand<\/li>\n<li>Verwijderbaar decor en instructies<\/li>\n<\/ul>","protected":false},"featured_media":179975,"comment_status":"open","ping_status":"closed","template":"","meta":{"inline_featured_image":false},"product_brand":[],"product_cat":[1955,68,69,1960],"product_tag":[868,200,1759,221,668,583,870,240,203,1975,204,247],"giftcard-category":[],"class_list":{"0":"post-122661","1":"product","2":"type-product","3":"status-publish","4":"has-post-thumbnail","6":"product_cat-transformers","7":"product_cat-hasbro","8":"product_cat-takara-tomy","9":"product_cat-transformers-generations","10":"product_tag-868","11":"product_tag-action-figures","12":"product_tag-action-toys","13":"product_tag-decepticon","14":"product_tag-revenge-of-the-fallen","15":"product_tag-soundwave","16":"product_tag-ss62","17":"product_tag-studio-series","18":"product_tag-takara-tomy","19":"product_tag-toys-figures","20":"product_tag-transformers","21":"product_tag-voyager","22":"product_shipping_class-from-china","23":"inventories-china-inventory","25":"first","26":"outofstock","27":"taxable","28":"shipping-taxable","29":"purchasable","30":"product-type-simple","31":"add-to-wishlist-after_add_to_cart"},"yoast_head":"<!-- This site is optimized with the Yoast SEO Premium plugin v25.3.1 (Yoast SEO v27.2) - https:\/\/yoast.com\/product\/yoast-seo-premium-wordpress\/ -->\n<title>Transformers Studio Series - 62 Deluxe Soundwave<\/title>\n<meta name=\"robots\" content=\"index, follow, max-snippet:-1, max-image-preview:large, max-video-preview:-1\" \/>\n<link rel=\"canonical\" href=\"https:\/\/hobby4geek.com\/nl\/product\/transformers-studio-series-62-deluxe-soundwave\/\" \/>\n<meta property=\"og:locale\" content=\"nl_NL\" \/>\n<meta property=\"og:type\" content=\"article\" \/>\n<meta property=\"og:title\" content=\"Transformers Studio Series - 62 Deluxe Soundwave\" \/>\n<meta property=\"og:description\" content=\"12cm  10 steps  Stand  Removable decor and instructions\" \/>\n<meta property=\"og:url\" content=\"https:\/\/hobby4geek.com\/nl\/product\/transformers-studio-series-62-deluxe-soundwave\/\" \/>\n<meta property=\"og:site_name\" content=\"Hobby4Geek\" \/>\n<meta property=\"article:publisher\" content=\"https:\/\/www.facebook.com\/hobby4geek\" \/>\n<meta property=\"article:modified_time\" content=\"2024-08-24T13:54:30+00:00\" \/>\n<meta property=\"og:image\" content=\"https:\/\/hobby4geek.com\/wp-content\/uploads\/2023\/02\/transformers-studio-series-62-deluxe-soundwave.jpg\" \/>\n\t<meta property=\"og:image:width\" content=\"706\" \/>\n\t<meta property=\"og:image:height\" content=\"670\" \/>\n\t<meta property=\"og:image:type\" content=\"image\/jpeg\" \/>\n<meta name=\"twitter:card\" content=\"summary_large_image\" \/>\n<meta name=\"twitter:site\" content=\"@hobby4geek\" \/>\n<script type=\"application\/ld+json\" class=\"yoast-schema-graph\">{\"@context\":\"https:\/\/schema.org\",\"@graph\":[{\"@type\":\"WebPage\",\"@id\":\"https:\/\/hobby4geek.com\/product\/transformers-studio-series-62-deluxe-soundwave\/\",\"url\":\"https:\/\/hobby4geek.com\/product\/transformers-studio-series-62-deluxe-soundwave\/\",\"name\":\"Transformers Studio Series - 62 Deluxe Soundwave\",\"isPartOf\":{\"@id\":\"https:\/\/hobby4geek.com\/#website\"},\"primaryImageOfPage\":{\"@id\":\"https:\/\/hobby4geek.com\/product\/transformers-studio-series-62-deluxe-soundwave\/#primaryimage\"},\"image\":{\"@id\":\"https:\/\/hobby4geek.com\/product\/transformers-studio-series-62-deluxe-soundwave\/#primaryimage\"},\"thumbnailUrl\":\"https:\/\/hobby4geek.com\/wp-content\/uploads\/2023\/02\/transformers-studio-series-62-deluxe-soundwave.jpg\",\"datePublished\":\"2020-04-11T01:18:25+00:00\",\"dateModified\":\"2024-08-24T13:54:30+00:00\",\"breadcrumb\":{\"@id\":\"https:\/\/hobby4geek.com\/product\/transformers-studio-series-62-deluxe-soundwave\/#breadcrumb\"},\"inLanguage\":\"nl-NL\",\"potentialAction\":[{\"@type\":\"ReadAction\",\"target\":[\"https:\/\/hobby4geek.com\/product\/transformers-studio-series-62-deluxe-soundwave\/\"]}]},{\"@type\":\"ImageObject\",\"inLanguage\":\"nl-NL\",\"@id\":\"https:\/\/hobby4geek.com\/product\/transformers-studio-series-62-deluxe-soundwave\/#primaryimage\",\"url\":\"https:\/\/hobby4geek.com\/wp-content\/uploads\/2023\/02\/transformers-studio-series-62-deluxe-soundwave.jpg\",\"contentUrl\":\"https:\/\/hobby4geek.com\/wp-content\/uploads\/2023\/02\/transformers-studio-series-62-deluxe-soundwave.jpg\",\"width\":706,\"height\":670,\"caption\":\"E7199 PROD TRA SOUNDWAVE Scaled E1588292918775\"},{\"@type\":\"BreadcrumbList\",\"@id\":\"https:\/\/hobby4geek.com\/product\/transformers-studio-series-62-deluxe-soundwave\/#breadcrumb\",\"itemListElement\":[{\"@type\":\"ListItem\",\"position\":1,\"name\":\"Home\",\"item\":\"https:\/\/hobby4geek.com\/\"},{\"@type\":\"ListItem\",\"position\":2,\"name\":\"Shop\",\"item\":\"https:\/\/hobby4geek.com\/shop\/\"},{\"@type\":\"ListItem\",\"position\":3,\"name\":\"Transformers Studio Series &#8211; 62 Deluxe Soundwave\"}]},{\"@type\":\"WebSite\",\"@id\":\"https:\/\/hobby4geek.com\/#website\",\"url\":\"https:\/\/hobby4geek.com\/\",\"name\":\"Hobby4Geek\",\"description\":\"Collect, Play &amp; Showcase, Embrace your Geekiness\",\"publisher\":{\"@id\":\"https:\/\/hobby4geek.com\/#organization\"},\"potentialAction\":[{\"@type\":\"SearchAction\",\"target\":{\"@type\":\"EntryPoint\",\"urlTemplate\":\"https:\/\/hobby4geek.com\/?s={search_term_string}\"},\"query-input\":{\"@type\":\"PropertyValueSpecification\",\"valueRequired\":true,\"valueName\":\"search_term_string\"}}],\"inLanguage\":\"nl-NL\"},{\"@type\":\"Organization\",\"@id\":\"https:\/\/hobby4geek.com\/#organization\",\"name\":\"Hobby4Geek\",\"url\":\"https:\/\/hobby4geek.com\/\",\"logo\":{\"@type\":\"ImageObject\",\"inLanguage\":\"nl-NL\",\"@id\":\"https:\/\/hobby4geek.com\/#\/schema\/logo\/image\/\",\"url\":\"https:\/\/hobby4geek.com\/wp-content\/uploads\/2023\/02\/default-kit.png\",\"contentUrl\":\"https:\/\/hobby4geek.com\/wp-content\/uploads\/2023\/02\/default-kit.png\",\"width\":600,\"height\":600,\"caption\":\"Hobby4Geek\"},\"image\":{\"@id\":\"https:\/\/hobby4geek.com\/#\/schema\/logo\/image\/\"},\"sameAs\":[\"https:\/\/www.facebook.com\/hobby4geek\",\"https:\/\/x.com\/hobby4geek\",\"https:\/\/www.instagram.com\/hobby4geek\/\"]}]}<\/script>\n<meta property=\"product:brand\" content=\"Transformers\" \/>\n<meta property=\"product:price:amount\" content=\"29.00\" \/>\n<meta property=\"product:price:currency\" content=\"EUR\" \/>\n<meta property=\"og:availability\" content=\"out of stock\" \/>\n<meta property=\"product:availability\" content=\"out of stock\" \/>\n<meta property=\"product:condition\" content=\"new\" \/>\n<!-- \/ Yoast SEO Premium plugin. -->","yoast_head_json":{"title":"Transformers Studio Series - 62 Deluxe Soundwave","robots":{"index":"index","follow":"follow","max-snippet":"max-snippet:-1","max-image-preview":"max-image-preview:large","max-video-preview":"max-video-preview:-1"},"canonical":"https:\/\/hobby4geek.com\/nl\/product\/transformers-studio-series-62-deluxe-soundwave\/","og_locale":"nl_NL","og_type":"article","og_title":"Transformers Studio Series - 62 Deluxe Soundwave","og_description":"12cm  10 steps  Stand  Removable decor and instructions","og_url":"https:\/\/hobby4geek.com\/nl\/product\/transformers-studio-series-62-deluxe-soundwave\/","og_site_name":"Hobby4Geek","article_publisher":"https:\/\/www.facebook.com\/hobby4geek","article_modified_time":"2024-08-24T13:54:30+00:00","og_image":[{"width":706,"height":670,"url":"https:\/\/hobby4geek.com\/wp-content\/uploads\/2023\/02\/transformers-studio-series-62-deluxe-soundwave.jpg","type":"image\/jpeg"}],"twitter_card":"summary_large_image","twitter_site":"@hobby4geek","schema":{"@context":"https:\/\/schema.org","@graph":[{"@type":"WebPage","@id":"https:\/\/hobby4geek.com\/product\/transformers-studio-series-62-deluxe-soundwave\/","url":"https:\/\/hobby4geek.com\/product\/transformers-studio-series-62-deluxe-soundwave\/","name":"Transformers Studio Series - 62 Deluxe Soundwave","isPartOf":{"@id":"https:\/\/hobby4geek.com\/#website"},"primaryImageOfPage":{"@id":"https:\/\/hobby4geek.com\/product\/transformers-studio-series-62-deluxe-soundwave\/#primaryimage"},"image":{"@id":"https:\/\/hobby4geek.com\/product\/transformers-studio-series-62-deluxe-soundwave\/#primaryimage"},"thumbnailUrl":"https:\/\/hobby4geek.com\/wp-content\/uploads\/2023\/02\/transformers-studio-series-62-deluxe-soundwave.jpg","datePublished":"2020-04-11T01:18:25+00:00","dateModified":"2024-08-24T13:54:30+00:00","breadcrumb":{"@id":"https:\/\/hobby4geek.com\/product\/transformers-studio-series-62-deluxe-soundwave\/#breadcrumb"},"inLanguage":"nl-NL","potentialAction":[{"@type":"ReadAction","target":["https:\/\/hobby4geek.com\/product\/transformers-studio-series-62-deluxe-soundwave\/"]}]},{"@type":"ImageObject","inLanguage":"nl-NL","@id":"https:\/\/hobby4geek.com\/product\/transformers-studio-series-62-deluxe-soundwave\/#primaryimage","url":"https:\/\/hobby4geek.com\/wp-content\/uploads\/2023\/02\/transformers-studio-series-62-deluxe-soundwave.jpg","contentUrl":"https:\/\/hobby4geek.com\/wp-content\/uploads\/2023\/02\/transformers-studio-series-62-deluxe-soundwave.jpg","width":706,"height":670,"caption":"E7199 PROD TRA SOUNDWAVE Scaled E1588292918775"},{"@type":"BreadcrumbList","@id":"https:\/\/hobby4geek.com\/product\/transformers-studio-series-62-deluxe-soundwave\/#breadcrumb","itemListElement":[{"@type":"ListItem","position":1,"name":"Home","item":"https:\/\/hobby4geek.com\/"},{"@type":"ListItem","position":2,"name":"Shop","item":"https:\/\/hobby4geek.com\/shop\/"},{"@type":"ListItem","position":3,"name":"Transformers Studio Series &#8211; 62 Deluxe Soundwave"}]},{"@type":"WebSite","@id":"https:\/\/hobby4geek.com\/#website","url":"https:\/\/hobby4geek.com\/","name":"Hobby4Geek","description":"Verzamelen, spelen &amp; tentoonstellen, omarm je nerdheid","publisher":{"@id":"https:\/\/hobby4geek.com\/#organization"},"potentialAction":[{"@type":"SearchAction","target":{"@type":"EntryPoint","urlTemplate":"https:\/\/hobby4geek.com\/?s={search_term_string}"},"query-input":{"@type":"PropertyValueSpecification","valueRequired":true,"valueName":"search_term_string"}}],"inLanguage":"nl-NL"},{"@type":"Organization","@id":"https:\/\/hobby4geek.com\/#organization","name":"Hobby4Geek","url":"https:\/\/hobby4geek.com\/","logo":{"@type":"ImageObject","inLanguage":"nl-NL","@id":"https:\/\/hobby4geek.com\/#\/schema\/logo\/image\/","url":"https:\/\/hobby4geek.com\/wp-content\/uploads\/2023\/02\/default-kit.png","contentUrl":"https:\/\/hobby4geek.com\/wp-content\/uploads\/2023\/02\/default-kit.png","width":600,"height":600,"caption":"Hobby4Geek"},"image":{"@id":"https:\/\/hobby4geek.com\/#\/schema\/logo\/image\/"},"sameAs":["https:\/\/www.facebook.com\/hobby4geek","https:\/\/x.com\/hobby4geek","https:\/\/www.instagram.com\/hobby4geek\/"]}]},"product_brand":"Transformers","product_price_amount":"29.00","product_price_currency":"EUR","og_availability":"out of stock","product_availability":"out of stock","product_condition":"new"},"_links":{"self":[{"href":"https:\/\/hobby4geek.com\/nl\/wp-json\/wp\/v2\/product\/122661","targetHints":{"allow":["GET"]}}],"collection":[{"href":"https:\/\/hobby4geek.com\/nl\/wp-json\/wp\/v2\/product"}],"about":[{"href":"https:\/\/hobby4geek.com\/nl\/wp-json\/wp\/v2\/types\/product"}],"replies":[{"embeddable":true,"href":"https:\/\/hobby4geek.com\/nl\/wp-json\/wp\/v2\/comments?post=122661"}],"version-history":[{"count":0,"href":"https:\/\/hobby4geek.com\/nl\/wp-json\/wp\/v2\/product\/122661\/revisions"}],"wp:featuredmedia":[{"embeddable":true,"href":"https:\/\/hobby4geek.com\/nl\/wp-json\/wp\/v2\/media\/179975"}],"wp:attachment":[{"href":"https:\/\/hobby4geek.com\/nl\/wp-json\/wp\/v2\/media?parent=122661"}],"wp:term":[{"taxonomy":"product_brand","embeddable":true,"href":"https:\/\/hobby4geek.com\/nl\/wp-json\/wp\/v2\/product_brand?post=122661"},{"taxonomy":"product_cat","embeddable":true,"href":"https:\/\/hobby4geek.com\/nl\/wp-json\/wp\/v2\/product_cat?post=122661"},{"taxonomy":"product_tag","embeddable":true,"href":"https:\/\/hobby4geek.com\/nl\/wp-json\/wp\/v2\/product_tag?post=122661"},{"taxonomy":"giftcard-category","embeddable":true,"href":"https:\/\/hobby4geek.com\/nl\/wp-json\/wp\/v2\/giftcard-category?post=122661"}],"curies":[{"name":"wp","href":"https:\/\/api.w.org\/{rel}","templated":true}]}}