{"id":85115,"date":"2019-09-12T23:00:09","date_gmt":"2019-09-12T22:00:09","guid":{"rendered":"https:\/\/hobby4geek.com\/?post_type=product&#038;p=85115"},"modified":"2024-05-12T13:03:15","modified_gmt":"2024-05-12T12:03:15","slug":"transformers-studio-serie-47-deluxe-constructicon-hightower","status":"publish","type":"product","link":"https:\/\/hobby4geek.com\/it\/prodotto\/transformers-studio-serie-47-deluxe-constructicon-hightower\/","title":{"rendered":"Transformers Studio Series - 47 Constructicon Deluxe Hightower"},"content":{"rendered":"<div class=\"row\">\n<div class=\"col-md-12\">\n<p>Di dimensioni proporzionate a quelle dei personaggi dell'universo Transformers, le figurine della Studio Series e il loro d\u00e9co si ispirano ai personaggi e alle scene emblematiche del film. Inoltre, queste figurine sono ideali per montare una collezione Transformers tra le pi\u00f9 belle.<\/p>\n<p>Nella scena Pyramid Desert Battle di Transformers: La Revanche du Fallen, il Constructicon Hightower si combina con 7 dei suoi compagni Constructicon per formare il brutale combattente Devastator.<\/p>\n<p>Il trasformatore della serie Studio 47 Deluxe: La Revanche du Fallen, Constructicon Hightower, passa dalla modalit\u00e0 robot alla modalit\u00e0 veicolo in 19 tappe. Aprite il foglio di fondo per rappresentare Constructicon Hightower nella scena della battaglia nel deserto piramidale. La figura presenta un'ambientazione vivace ispirata al cinema e accessori decorati.<\/p>\n<p>&nbsp;<\/p>\n<ul>\n<li>4,50 pouces (11,43 cm)<\/li>\n<li>Modello Deluxe<\/li>\n<li>In plastica<\/li>\n<li>Basato sul film Revenge of the Fallen (La vendetta del caduto)<\/li>\n<li>Conversione della modalit\u00e0 robot in modalit\u00e0 veicolo in 19 tappe<\/li>\n<li>Fondo amovibile ispirato a una scena embl\u00e9matique del film Transformers<\/li>\n<\/ul>\n<p><iframe title=\"Transformers serie studio classe deluxe Hightower recensione FR\" width=\"800\" height=\"450\" src=\"https:\/\/www.youtube.com\/embed\/Yr73ZXM9Wd8?feature=oembed\" frameborder=\"0\" allow=\"accelerometer; autoplay; clipboard-write; encrypted-media; gyroscope; picture-in-picture; web-share\" referrerpolicy=\"strict-origin-when-cross-origin\" allowfullscreen><\/iframe><\/p>\n<\/div>\n<\/div>","protected":false},"excerpt":{"rendered":"<h4><\/h4>\n<ul>\n<li>4,50 pouces (11,43 cm)<\/li>\n<li>Modello Deluxe<\/li>\n<li>In plastica<\/li>\n<li>Basato sul film Revenge of the Fallen (La vendetta del caduto)<\/li>\n<li>Conversione della modalit\u00e0 robot in modalit\u00e0 veicolo in 19 tappe<\/li>\n<li>Fondo amovibile ispirato a una scena embl\u00e9matique del film Transformers<\/li>\n<\/ul>","protected":false},"featured_media":179465,"comment_status":"open","ping_status":"closed","template":"","meta":{"inline_featured_image":false},"product_brand":[],"product_cat":[68,69,1955,1960],"product_tag":[705,200,1759,674,221,239,706,668,406,707,240,203,1975,204],"giftcard-category":[],"class_list":{"0":"post-85115","1":"product","2":"type-product","3":"status-publish","4":"has-post-thumbnail","6":"product_cat-hasbro","7":"product_cat-takara-tomy","8":"product_cat-transformers","9":"product_cat-transformers-generations","10":"product_tag-705","11":"product_tag-action-figures","12":"product_tag-action-toys","13":"product_tag-constructicon","14":"product_tag-decepticon","15":"product_tag-deluxe","16":"product_tag-hightower","17":"product_tag-revenge-of-the-fallen","18":"product_tag-rotf","19":"product_tag-ss47","20":"product_tag-studio-series","21":"product_tag-takara-tomy","22":"product_tag-toys-figures","23":"product_tag-transformers","24":"product_shipping_class-from-china","25":"inventories-china-inventory","27":"first","28":"instock","29":"sold-individually","30":"taxable","31":"shipping-taxable","32":"purchasable","33":"product-type-simple","34":"add-to-wishlist-after_add_to_cart"},"yoast_head":"<!-- This site is optimized with the Yoast SEO Premium plugin v25.3.1 (Yoast SEO v27.4) - https:\/\/yoast.com\/product\/yoast-seo-premium-wordpress\/ -->\n<title>Transformers Studio Series - 47 Deluxe Constructicon Hightower<\/title>\n<meta name=\"robots\" content=\"index, follow, max-snippet:-1, max-image-preview:large, max-video-preview:-1\" \/>\n<link rel=\"canonical\" href=\"https:\/\/hobby4geek.com\/it\/prodotto\/transformers-studio-serie-47-deluxe-constructicon-hightower\/\" \/>\n<meta property=\"og:locale\" content=\"it_IT\" \/>\n<meta property=\"og:type\" content=\"article\" \/>\n<meta property=\"og:title\" content=\"Transformers Studio Series - 47 Deluxe Constructicon Hightower\" \/>\n<meta property=\"og:description\" content=\"4,50 pouces (11,43 cm)  Taille Deluxe  En plastique  Bas\u00e9 sur le film Revenge of the Fallen  Conversion du mode robot en mode v\u00e9hicule en 19 \u00e9tapes  Fond amovible inspir\u00e9 d&#039;une sc\u00e8ne embl\u00e9matique du film Transformers\" \/>\n<meta property=\"og:url\" content=\"https:\/\/hobby4geek.com\/it\/prodotto\/transformers-studio-serie-47-deluxe-constructicon-hightower\/\" \/>\n<meta property=\"og:site_name\" content=\"Hobby4Geek\" \/>\n<meta property=\"article:publisher\" content=\"https:\/\/www.facebook.com\/hobby4geek\" \/>\n<meta property=\"article:modified_time\" content=\"2024-05-12T12:03:15+00:00\" \/>\n<meta property=\"og:image\" content=\"https:\/\/hobby4geek.com\/wp-content\/uploads\/2023\/02\/transformers-studio-series-47-deluxe-constructicon-hightower.jpg\" \/>\n\t<meta property=\"og:image:width\" content=\"900\" \/>\n\t<meta property=\"og:image:height\" content=\"675\" \/>\n\t<meta property=\"og:image:type\" content=\"image\/jpeg\" \/>\n<meta name=\"twitter:card\" content=\"summary_large_image\" \/>\n<meta name=\"twitter:site\" content=\"@hobby4geek\" \/>\n<script type=\"application\/ld+json\" class=\"yoast-schema-graph\">{\"@context\":\"https:\\\/\\\/schema.org\",\"@graph\":[{\"@type\":\"WebPage\",\"@id\":\"https:\\\/\\\/hobby4geek.com\\\/product\\\/transformers-studio-series-47-deluxe-constructicon-hightower\\\/\",\"url\":\"https:\\\/\\\/hobby4geek.com\\\/product\\\/transformers-studio-series-47-deluxe-constructicon-hightower\\\/\",\"name\":\"Transformers Studio Series - 47 Deluxe Constructicon Hightower\",\"isPartOf\":{\"@id\":\"https:\\\/\\\/hobby4geek.com\\\/#website\"},\"primaryImageOfPage\":{\"@id\":\"https:\\\/\\\/hobby4geek.com\\\/product\\\/transformers-studio-series-47-deluxe-constructicon-hightower\\\/#primaryimage\"},\"image\":{\"@id\":\"https:\\\/\\\/hobby4geek.com\\\/product\\\/transformers-studio-series-47-deluxe-constructicon-hightower\\\/#primaryimage\"},\"thumbnailUrl\":\"https:\\\/\\\/hobby4geek.com\\\/wp-content\\\/uploads\\\/2023\\\/02\\\/transformers-studio-series-47-deluxe-constructicon-hightower.jpg\",\"datePublished\":\"2019-09-12T22:00:09+00:00\",\"dateModified\":\"2024-05-12T12:03:15+00:00\",\"breadcrumb\":{\"@id\":\"https:\\\/\\\/hobby4geek.com\\\/product\\\/transformers-studio-series-47-deluxe-constructicon-hightower\\\/#breadcrumb\"},\"inLanguage\":\"it-IT\",\"potentialAction\":[{\"@type\":\"ReadAction\",\"target\":[\"https:\\\/\\\/hobby4geek.com\\\/product\\\/transformers-studio-series-47-deluxe-constructicon-hightower\\\/\"]}]},{\"@type\":\"ImageObject\",\"inLanguage\":\"it-IT\",\"@id\":\"https:\\\/\\\/hobby4geek.com\\\/product\\\/transformers-studio-series-47-deluxe-constructicon-hightower\\\/#primaryimage\",\"url\":\"https:\\\/\\\/hobby4geek.com\\\/wp-content\\\/uploads\\\/2023\\\/02\\\/transformers-studio-series-47-deluxe-constructicon-hightower.jpg\",\"contentUrl\":\"https:\\\/\\\/hobby4geek.com\\\/wp-content\\\/uploads\\\/2023\\\/02\\\/transformers-studio-series-47-deluxe-constructicon-hightower.jpg\",\"width\":900,\"height\":675},{\"@type\":\"BreadcrumbList\",\"@id\":\"https:\\\/\\\/hobby4geek.com\\\/product\\\/transformers-studio-series-47-deluxe-constructicon-hightower\\\/#breadcrumb\",\"itemListElement\":[{\"@type\":\"ListItem\",\"position\":1,\"name\":\"Home\",\"item\":\"https:\\\/\\\/hobby4geek.com\\\/\"},{\"@type\":\"ListItem\",\"position\":2,\"name\":\"Shop\",\"item\":\"https:\\\/\\\/hobby4geek.com\\\/shop\\\/\"},{\"@type\":\"ListItem\",\"position\":3,\"name\":\"Transformers Studio Series &#8211; 47 Deluxe Constructicon Hightower\"}]},{\"@type\":\"WebSite\",\"@id\":\"https:\\\/\\\/hobby4geek.com\\\/#website\",\"url\":\"https:\\\/\\\/hobby4geek.com\\\/\",\"name\":\"Hobby4Geek\",\"description\":\"Collect, Play &amp; Showcase, Embrace your Geekiness\",\"publisher\":{\"@id\":\"https:\\\/\\\/hobby4geek.com\\\/#organization\"},\"potentialAction\":[{\"@type\":\"SearchAction\",\"target\":{\"@type\":\"EntryPoint\",\"urlTemplate\":\"https:\\\/\\\/hobby4geek.com\\\/?s={search_term_string}\"},\"query-input\":{\"@type\":\"PropertyValueSpecification\",\"valueRequired\":true,\"valueName\":\"search_term_string\"}}],\"inLanguage\":\"it-IT\"},{\"@type\":\"Organization\",\"@id\":\"https:\\\/\\\/hobby4geek.com\\\/#organization\",\"name\":\"Hobby4Geek\",\"url\":\"https:\\\/\\\/hobby4geek.com\\\/\",\"logo\":{\"@type\":\"ImageObject\",\"inLanguage\":\"it-IT\",\"@id\":\"https:\\\/\\\/hobby4geek.com\\\/#\\\/schema\\\/logo\\\/image\\\/\",\"url\":\"https:\\\/\\\/hobby4geek.com\\\/wp-content\\\/uploads\\\/2023\\\/02\\\/default-kit.png\",\"contentUrl\":\"https:\\\/\\\/hobby4geek.com\\\/wp-content\\\/uploads\\\/2023\\\/02\\\/default-kit.png\",\"width\":600,\"height\":600,\"caption\":\"Hobby4Geek\"},\"image\":{\"@id\":\"https:\\\/\\\/hobby4geek.com\\\/#\\\/schema\\\/logo\\\/image\\\/\"},\"sameAs\":[\"https:\\\/\\\/www.facebook.com\\\/hobby4geek\",\"https:\\\/\\\/x.com\\\/hobby4geek\",\"https:\\\/\\\/www.instagram.com\\\/hobby4geek\\\/\"]}]}<\/script>\n<meta property=\"product:brand\" content=\"Hasbro\" \/>\n<meta property=\"product:price:amount\" content=\"94.00\" \/>\n<meta property=\"product:price:currency\" content=\"EUR\" \/>\n<meta property=\"og:availability\" content=\"instock\" \/>\n<meta property=\"product:availability\" content=\"instock\" \/>\n<meta property=\"product:condition\" content=\"new\" \/>\n<!-- \/ Yoast SEO Premium plugin. -->","yoast_head_json":{"title":"Transformers Studio Series - 47 Constructicon Deluxe Hightower","robots":{"index":"index","follow":"follow","max-snippet":"max-snippet:-1","max-image-preview":"max-image-preview:large","max-video-preview":"max-video-preview:-1"},"canonical":"https:\/\/hobby4geek.com\/it\/prodotto\/transformers-studio-serie-47-deluxe-constructicon-hightower\/","og_locale":"it_IT","og_type":"article","og_title":"Transformers Studio Series - 47 Deluxe Constructicon Hightower","og_description":"4,50 pouces (11,43 cm)  Taille Deluxe  En plastique  Bas\u00e9 sur le film Revenge of the Fallen  Conversion du mode robot en mode v\u00e9hicule en 19 \u00e9tapes  Fond amovible inspir\u00e9 d'une sc\u00e8ne embl\u00e9matique du film Transformers","og_url":"https:\/\/hobby4geek.com\/it\/prodotto\/transformers-studio-serie-47-deluxe-constructicon-hightower\/","og_site_name":"Hobby4Geek","article_publisher":"https:\/\/www.facebook.com\/hobby4geek","article_modified_time":"2024-05-12T12:03:15+00:00","og_image":[{"width":900,"height":675,"url":"https:\/\/hobby4geek.com\/wp-content\/uploads\/2023\/02\/transformers-studio-series-47-deluxe-constructicon-hightower.jpg","type":"image\/jpeg"}],"twitter_card":"summary_large_image","twitter_site":"@hobby4geek","schema":{"@context":"https:\/\/schema.org","@graph":[{"@type":"WebPage","@id":"https:\/\/hobby4geek.com\/product\/transformers-studio-series-47-deluxe-constructicon-hightower\/","url":"https:\/\/hobby4geek.com\/product\/transformers-studio-series-47-deluxe-constructicon-hightower\/","name":"Transformers Studio Series - 47 Constructicon Deluxe Hightower","isPartOf":{"@id":"https:\/\/hobby4geek.com\/#website"},"primaryImageOfPage":{"@id":"https:\/\/hobby4geek.com\/product\/transformers-studio-series-47-deluxe-constructicon-hightower\/#primaryimage"},"image":{"@id":"https:\/\/hobby4geek.com\/product\/transformers-studio-series-47-deluxe-constructicon-hightower\/#primaryimage"},"thumbnailUrl":"https:\/\/hobby4geek.com\/wp-content\/uploads\/2023\/02\/transformers-studio-series-47-deluxe-constructicon-hightower.jpg","datePublished":"2019-09-12T22:00:09+00:00","dateModified":"2024-05-12T12:03:15+00:00","breadcrumb":{"@id":"https:\/\/hobby4geek.com\/product\/transformers-studio-series-47-deluxe-constructicon-hightower\/#breadcrumb"},"inLanguage":"it-IT","potentialAction":[{"@type":"ReadAction","target":["https:\/\/hobby4geek.com\/product\/transformers-studio-series-47-deluxe-constructicon-hightower\/"]}]},{"@type":"ImageObject","inLanguage":"it-IT","@id":"https:\/\/hobby4geek.com\/product\/transformers-studio-series-47-deluxe-constructicon-hightower\/#primaryimage","url":"https:\/\/hobby4geek.com\/wp-content\/uploads\/2023\/02\/transformers-studio-series-47-deluxe-constructicon-hightower.jpg","contentUrl":"https:\/\/hobby4geek.com\/wp-content\/uploads\/2023\/02\/transformers-studio-series-47-deluxe-constructicon-hightower.jpg","width":900,"height":675},{"@type":"BreadcrumbList","@id":"https:\/\/hobby4geek.com\/product\/transformers-studio-series-47-deluxe-constructicon-hightower\/#breadcrumb","itemListElement":[{"@type":"ListItem","position":1,"name":"Home","item":"https:\/\/hobby4geek.com\/"},{"@type":"ListItem","position":2,"name":"Shop","item":"https:\/\/hobby4geek.com\/shop\/"},{"@type":"ListItem","position":3,"name":"Transformers Studio Series &#8211; 47 Deluxe Constructicon Hightower"}]},{"@type":"WebSite","@id":"https:\/\/hobby4geek.com\/#website","url":"https:\/\/hobby4geek.com\/","name":"Hobby4Geek","description":"Colleziona, gioca e metti in mostra, abbraccia la tua geekness","publisher":{"@id":"https:\/\/hobby4geek.com\/#organization"},"potentialAction":[{"@type":"SearchAction","target":{"@type":"EntryPoint","urlTemplate":"https:\/\/hobby4geek.com\/?s={search_term_string}"},"query-input":{"@type":"PropertyValueSpecification","valueRequired":true,"valueName":"search_term_string"}}],"inLanguage":"it-IT"},{"@type":"Organization","@id":"https:\/\/hobby4geek.com\/#organization","name":"Hobby4Geek","url":"https:\/\/hobby4geek.com\/","logo":{"@type":"ImageObject","inLanguage":"it-IT","@id":"https:\/\/hobby4geek.com\/#\/schema\/logo\/image\/","url":"https:\/\/hobby4geek.com\/wp-content\/uploads\/2023\/02\/default-kit.png","contentUrl":"https:\/\/hobby4geek.com\/wp-content\/uploads\/2023\/02\/default-kit.png","width":600,"height":600,"caption":"Hobby4Geek"},"image":{"@id":"https:\/\/hobby4geek.com\/#\/schema\/logo\/image\/"},"sameAs":["https:\/\/www.facebook.com\/hobby4geek","https:\/\/x.com\/hobby4geek","https:\/\/www.instagram.com\/hobby4geek\/"]}]},"product_brand":"Hasbro","product_price_amount":"94.00","product_price_currency":"EUR","og_availability":"instock","product_availability":"instock","product_condition":"new"},"_links":{"self":[{"href":"https:\/\/hobby4geek.com\/it\/wp-json\/wp\/v2\/product\/85115","targetHints":{"allow":["GET"]}}],"collection":[{"href":"https:\/\/hobby4geek.com\/it\/wp-json\/wp\/v2\/product"}],"about":[{"href":"https:\/\/hobby4geek.com\/it\/wp-json\/wp\/v2\/types\/product"}],"replies":[{"embeddable":true,"href":"https:\/\/hobby4geek.com\/it\/wp-json\/wp\/v2\/comments?post=85115"}],"version-history":[{"count":0,"href":"https:\/\/hobby4geek.com\/it\/wp-json\/wp\/v2\/product\/85115\/revisions"}],"wp:featuredmedia":[{"embeddable":true,"href":"https:\/\/hobby4geek.com\/it\/wp-json\/wp\/v2\/media\/179465"}],"wp:attachment":[{"href":"https:\/\/hobby4geek.com\/it\/wp-json\/wp\/v2\/media?parent=85115"}],"wp:term":[{"taxonomy":"product_brand","embeddable":true,"href":"https:\/\/hobby4geek.com\/it\/wp-json\/wp\/v2\/product_brand?post=85115"},{"taxonomy":"product_cat","embeddable":true,"href":"https:\/\/hobby4geek.com\/it\/wp-json\/wp\/v2\/product_cat?post=85115"},{"taxonomy":"product_tag","embeddable":true,"href":"https:\/\/hobby4geek.com\/it\/wp-json\/wp\/v2\/product_tag?post=85115"},{"taxonomy":"giftcard-category","embeddable":true,"href":"https:\/\/hobby4geek.com\/it\/wp-json\/wp\/v2\/giftcard-category?post=85115"}],"curies":[{"name":"wp","href":"https:\/\/api.w.org\/{rel}","templated":true}]}}