{"id":85093,"date":"2019-08-12T21:52:59","date_gmt":"2019-08-12T20:52:59","guid":{"rendered":"https:\/\/hobby4geek.com\/?post_type=product&#038;p=85093"},"modified":"2024-05-12T13:03:34","modified_gmt":"2024-05-12T12:03:34","slug":"transformers-studio-series-37-voyager-constructicon-rampage","status":"publish","type":"product","link":"https:\/\/hobby4geek.com\/it\/prodotto\/transformers-studio-series-37-voyager-constructicon-rampage\/","title":{"rendered":"Transformers Studio Series - 37 Voyager Constructicon Rampage"},"content":{"rendered":"<p>Di dimensioni proporzionate ai personaggi dell'universo Transformers, le figure Studio Series e le loro decorazioni sono ispirate ai personaggi e alle scene iconiche del film. Inoltre, queste figure sono ideali per costruire una fantastica collezione Transformers.<\/p>\n<p>Nella scena della battaglia nel deserto delle piramidi di Transformers: La vendetta del caduto, Constructicon Rampage, il piede sinistro del Devastatore, trascina Sam Witwicky in una trappola che lo costringe a rinunciare alla Matrice di comando.<\/p>\n<p>Transformers Studio Class 37 Voyager Class: Revenge of the Constructicon La figura ispirata alla goccia si converte dalla modalit\u00e0 robot alla modalit\u00e0 bulldozer in 22 passaggi. Rimuovere il fondale per mostrare Constructicon Rampage nella scena della battaglia nel deserto delle piramidi. La figura presenta decorazioni vivaci e ispirate al film e 2 accessori blaster manuali dettagliati.<\/p>\n<ul>\n<li>16,51 cm (6,50 pollici)<\/li>\n<li>In plastica<\/li>\n<li>Da Transformers: La vendetta del caduto<\/li>\n<li>Converte la modalit\u00e0 robot in modalit\u00e0 bulldozer in 22 passaggi<\/li>\n<li>Fondo rimovibile ispirato a un'iconica scena del film Transformers<\/li>\n<li>2 blaster<\/li>\n<li>Display di sfondo rimovibile<\/li>\n<\/ul>","protected":false},"excerpt":{"rendered":"<ul>\n<li>16,51 cm (6,50 pouces)<\/li>\n<li>In plastica<\/li>\n<li>Transformers: la rivincita del Caduto<\/li>\n<li>Convertire la modalit\u00e0 robot in modalit\u00e0 bulldozer in 22 tappe<\/li>\n<li>Fondo amovibile ispirato a una scena embl\u00e9matique del film Transformers<\/li>\n<li>2 blaster<\/li>\n<li>Affidamento di fondo amovibile<\/li>\n<\/ul>","protected":false},"featured_media":179453,"comment_status":"open","ping_status":"closed","template":"","meta":{"inline_featured_image":false},"product_brand":[],"product_cat":[1955,68,69,1960],"product_tag":[693,200,1759,674,221,694,668,406,655,695,240,203,1975,204,247],"giftcard-category":[],"class_list":{"0":"post-85093","1":"product","2":"type-product","3":"status-publish","4":"has-post-thumbnail","6":"product_cat-transformers","7":"product_cat-hasbro","8":"product_cat-takara-tomy","9":"product_cat-transformers-generations","10":"product_tag-693","11":"product_tag-action-figures","12":"product_tag-action-toys","13":"product_tag-constructicon","14":"product_tag-decepticon","15":"product_tag-rampage","16":"product_tag-revenge-of-the-fallen","17":"product_tag-rotf","18":"product_tag-ss","19":"product_tag-ss37","20":"product_tag-studio-series","21":"product_tag-takara-tomy","22":"product_tag-toys-figures","23":"product_tag-transformers","24":"product_tag-voyager","25":"inventories-china-inventory","27":"first","28":"outofstock","29":"taxable","30":"shipping-taxable","31":"purchasable","32":"product-type-simple","33":"add-to-wishlist-after_add_to_cart"},"yoast_head":"<!-- This site is optimized with the Yoast SEO Premium plugin v25.3.1 (Yoast SEO v27.2) - https:\/\/yoast.com\/product\/yoast-seo-premium-wordpress\/ -->\n<title>Transformers Studio Series - 37 Voyager Constructicon Rampage<\/title>\n<meta name=\"robots\" content=\"index, follow, max-snippet:-1, max-image-preview:large, max-video-preview:-1\" \/>\n<link rel=\"canonical\" href=\"https:\/\/hobby4geek.com\/it\/prodotto\/transformers-studio-series-37-voyager-constructicon-rampage\/\" \/>\n<meta property=\"og:locale\" content=\"it_IT\" \/>\n<meta property=\"og:type\" content=\"article\" \/>\n<meta property=\"og:title\" content=\"Transformers Studio Series - 37 Voyager Constructicon Rampage\" \/>\n<meta property=\"og:description\" content=\"16,51 cm (6,50 pouces)  En plastique  De Transformers: la revanche du Fallen  Convertit le mode robot en mode bulldozer en 22 \u00e9tapes  Fond amovible inspir\u00e9 d&#039;une sc\u00e8ne embl\u00e9matique du film Transformers  2 blasters  Affichage de fond amovible\" \/>\n<meta property=\"og:url\" content=\"https:\/\/hobby4geek.com\/it\/prodotto\/transformers-studio-series-37-voyager-constructicon-rampage\/\" \/>\n<meta property=\"og:site_name\" content=\"Hobby4Geek\" \/>\n<meta property=\"article:publisher\" content=\"https:\/\/www.facebook.com\/hobby4geek\" \/>\n<meta property=\"article:modified_time\" content=\"2024-05-12T12:03:34+00:00\" \/>\n<meta property=\"og:image\" content=\"https:\/\/hobby4geek.com\/wp-content\/uploads\/2023\/02\/transformers-studio-series-37-voyager-constructicon-rampage.jpg\" \/>\n\t<meta property=\"og:image:width\" content=\"720\" \/>\n\t<meta property=\"og:image:height\" content=\"540\" \/>\n\t<meta property=\"og:image:type\" content=\"image\/jpeg\" \/>\n<meta name=\"twitter:card\" content=\"summary_large_image\" \/>\n<meta name=\"twitter:site\" content=\"@hobby4geek\" \/>\n<script type=\"application\/ld+json\" class=\"yoast-schema-graph\">{\"@context\":\"https:\/\/schema.org\",\"@graph\":[{\"@type\":\"WebPage\",\"@id\":\"https:\/\/hobby4geek.com\/product\/transformers-studio-series-37-voyager-constructicon-rampage\/\",\"url\":\"https:\/\/hobby4geek.com\/product\/transformers-studio-series-37-voyager-constructicon-rampage\/\",\"name\":\"Transformers Studio Series - 37 Voyager Constructicon Rampage\",\"isPartOf\":{\"@id\":\"https:\/\/hobby4geek.com\/#website\"},\"primaryImageOfPage\":{\"@id\":\"https:\/\/hobby4geek.com\/product\/transformers-studio-series-37-voyager-constructicon-rampage\/#primaryimage\"},\"image\":{\"@id\":\"https:\/\/hobby4geek.com\/product\/transformers-studio-series-37-voyager-constructicon-rampage\/#primaryimage\"},\"thumbnailUrl\":\"https:\/\/hobby4geek.com\/wp-content\/uploads\/2023\/02\/transformers-studio-series-37-voyager-constructicon-rampage.jpg\",\"datePublished\":\"2019-08-12T20:52:59+00:00\",\"dateModified\":\"2024-05-12T12:03:34+00:00\",\"breadcrumb\":{\"@id\":\"https:\/\/hobby4geek.com\/product\/transformers-studio-series-37-voyager-constructicon-rampage\/#breadcrumb\"},\"inLanguage\":\"it-IT\",\"potentialAction\":[{\"@type\":\"ReadAction\",\"target\":[\"https:\/\/hobby4geek.com\/product\/transformers-studio-series-37-voyager-constructicon-rampage\/\"]}]},{\"@type\":\"ImageObject\",\"inLanguage\":\"it-IT\",\"@id\":\"https:\/\/hobby4geek.com\/product\/transformers-studio-series-37-voyager-constructicon-rampage\/#primaryimage\",\"url\":\"https:\/\/hobby4geek.com\/wp-content\/uploads\/2023\/02\/transformers-studio-series-37-voyager-constructicon-rampage.jpg\",\"contentUrl\":\"https:\/\/hobby4geek.com\/wp-content\/uploads\/2023\/02\/transformers-studio-series-37-voyager-constructicon-rampage.jpg\",\"width\":720,\"height\":540},{\"@type\":\"BreadcrumbList\",\"@id\":\"https:\/\/hobby4geek.com\/product\/transformers-studio-series-37-voyager-constructicon-rampage\/#breadcrumb\",\"itemListElement\":[{\"@type\":\"ListItem\",\"position\":1,\"name\":\"Home\",\"item\":\"https:\/\/hobby4geek.com\/\"},{\"@type\":\"ListItem\",\"position\":2,\"name\":\"Shop\",\"item\":\"https:\/\/hobby4geek.com\/shop\/\"},{\"@type\":\"ListItem\",\"position\":3,\"name\":\"Transformers Studio Series &#8211; 37 Voyager Constructicon Rampage\"}]},{\"@type\":\"WebSite\",\"@id\":\"https:\/\/hobby4geek.com\/#website\",\"url\":\"https:\/\/hobby4geek.com\/\",\"name\":\"Hobby4Geek\",\"description\":\"Collect, Play &amp; Showcase, Embrace your Geekiness\",\"publisher\":{\"@id\":\"https:\/\/hobby4geek.com\/#organization\"},\"potentialAction\":[{\"@type\":\"SearchAction\",\"target\":{\"@type\":\"EntryPoint\",\"urlTemplate\":\"https:\/\/hobby4geek.com\/?s={search_term_string}\"},\"query-input\":{\"@type\":\"PropertyValueSpecification\",\"valueRequired\":true,\"valueName\":\"search_term_string\"}}],\"inLanguage\":\"it-IT\"},{\"@type\":\"Organization\",\"@id\":\"https:\/\/hobby4geek.com\/#organization\",\"name\":\"Hobby4Geek\",\"url\":\"https:\/\/hobby4geek.com\/\",\"logo\":{\"@type\":\"ImageObject\",\"inLanguage\":\"it-IT\",\"@id\":\"https:\/\/hobby4geek.com\/#\/schema\/logo\/image\/\",\"url\":\"https:\/\/hobby4geek.com\/wp-content\/uploads\/2023\/02\/default-kit.png\",\"contentUrl\":\"https:\/\/hobby4geek.com\/wp-content\/uploads\/2023\/02\/default-kit.png\",\"width\":600,\"height\":600,\"caption\":\"Hobby4Geek\"},\"image\":{\"@id\":\"https:\/\/hobby4geek.com\/#\/schema\/logo\/image\/\"},\"sameAs\":[\"https:\/\/www.facebook.com\/hobby4geek\",\"https:\/\/x.com\/hobby4geek\",\"https:\/\/www.instagram.com\/hobby4geek\/\"]}]}<\/script>\n<meta property=\"product:brand\" content=\"Transformers\" \/>\n<meta property=\"product:price:amount\" content=\"37.00\" \/>\n<meta property=\"product:price:currency\" content=\"EUR\" \/>\n<meta property=\"og:availability\" content=\"out of stock\" \/>\n<meta property=\"product:availability\" content=\"out of stock\" \/>\n<meta property=\"product:retailer_item_id\" content=\"studioseries037\" \/>\n<meta property=\"product:condition\" content=\"new\" \/>\n<!-- \/ Yoast SEO Premium plugin. -->","yoast_head_json":{"title":"Transformers Studio Series - 37 Voyager Constructicon Rampage","robots":{"index":"index","follow":"follow","max-snippet":"max-snippet:-1","max-image-preview":"max-image-preview:large","max-video-preview":"max-video-preview:-1"},"canonical":"https:\/\/hobby4geek.com\/it\/prodotto\/transformers-studio-series-37-voyager-constructicon-rampage\/","og_locale":"it_IT","og_type":"article","og_title":"Transformers Studio Series - 37 Voyager Constructicon Rampage","og_description":"16,51 cm (6,50 pouces)  En plastique  De Transformers: la revanche du Fallen  Convertit le mode robot en mode bulldozer en 22 \u00e9tapes  Fond amovible inspir\u00e9 d'une sc\u00e8ne embl\u00e9matique du film Transformers  2 blasters  Affichage de fond amovible","og_url":"https:\/\/hobby4geek.com\/it\/prodotto\/transformers-studio-series-37-voyager-constructicon-rampage\/","og_site_name":"Hobby4Geek","article_publisher":"https:\/\/www.facebook.com\/hobby4geek","article_modified_time":"2024-05-12T12:03:34+00:00","og_image":[{"width":720,"height":540,"url":"https:\/\/hobby4geek.com\/wp-content\/uploads\/2023\/02\/transformers-studio-series-37-voyager-constructicon-rampage.jpg","type":"image\/jpeg"}],"twitter_card":"summary_large_image","twitter_site":"@hobby4geek","schema":{"@context":"https:\/\/schema.org","@graph":[{"@type":"WebPage","@id":"https:\/\/hobby4geek.com\/product\/transformers-studio-series-37-voyager-constructicon-rampage\/","url":"https:\/\/hobby4geek.com\/product\/transformers-studio-series-37-voyager-constructicon-rampage\/","name":"Transformers Studio Series - 37 Voyager Constructicon Rampage","isPartOf":{"@id":"https:\/\/hobby4geek.com\/#website"},"primaryImageOfPage":{"@id":"https:\/\/hobby4geek.com\/product\/transformers-studio-series-37-voyager-constructicon-rampage\/#primaryimage"},"image":{"@id":"https:\/\/hobby4geek.com\/product\/transformers-studio-series-37-voyager-constructicon-rampage\/#primaryimage"},"thumbnailUrl":"https:\/\/hobby4geek.com\/wp-content\/uploads\/2023\/02\/transformers-studio-series-37-voyager-constructicon-rampage.jpg","datePublished":"2019-08-12T20:52:59+00:00","dateModified":"2024-05-12T12:03:34+00:00","breadcrumb":{"@id":"https:\/\/hobby4geek.com\/product\/transformers-studio-series-37-voyager-constructicon-rampage\/#breadcrumb"},"inLanguage":"it-IT","potentialAction":[{"@type":"ReadAction","target":["https:\/\/hobby4geek.com\/product\/transformers-studio-series-37-voyager-constructicon-rampage\/"]}]},{"@type":"ImageObject","inLanguage":"it-IT","@id":"https:\/\/hobby4geek.com\/product\/transformers-studio-series-37-voyager-constructicon-rampage\/#primaryimage","url":"https:\/\/hobby4geek.com\/wp-content\/uploads\/2023\/02\/transformers-studio-series-37-voyager-constructicon-rampage.jpg","contentUrl":"https:\/\/hobby4geek.com\/wp-content\/uploads\/2023\/02\/transformers-studio-series-37-voyager-constructicon-rampage.jpg","width":720,"height":540},{"@type":"BreadcrumbList","@id":"https:\/\/hobby4geek.com\/product\/transformers-studio-series-37-voyager-constructicon-rampage\/#breadcrumb","itemListElement":[{"@type":"ListItem","position":1,"name":"Home","item":"https:\/\/hobby4geek.com\/"},{"@type":"ListItem","position":2,"name":"Shop","item":"https:\/\/hobby4geek.com\/shop\/"},{"@type":"ListItem","position":3,"name":"Transformers Studio Series &#8211; 37 Voyager Constructicon Rampage"}]},{"@type":"WebSite","@id":"https:\/\/hobby4geek.com\/#website","url":"https:\/\/hobby4geek.com\/","name":"Hobby4Geek","description":"Colleziona, gioca e metti in mostra, abbraccia la tua geekness","publisher":{"@id":"https:\/\/hobby4geek.com\/#organization"},"potentialAction":[{"@type":"SearchAction","target":{"@type":"EntryPoint","urlTemplate":"https:\/\/hobby4geek.com\/?s={search_term_string}"},"query-input":{"@type":"PropertyValueSpecification","valueRequired":true,"valueName":"search_term_string"}}],"inLanguage":"it-IT"},{"@type":"Organization","@id":"https:\/\/hobby4geek.com\/#organization","name":"Hobby4Geek","url":"https:\/\/hobby4geek.com\/","logo":{"@type":"ImageObject","inLanguage":"it-IT","@id":"https:\/\/hobby4geek.com\/#\/schema\/logo\/image\/","url":"https:\/\/hobby4geek.com\/wp-content\/uploads\/2023\/02\/default-kit.png","contentUrl":"https:\/\/hobby4geek.com\/wp-content\/uploads\/2023\/02\/default-kit.png","width":600,"height":600,"caption":"Hobby4Geek"},"image":{"@id":"https:\/\/hobby4geek.com\/#\/schema\/logo\/image\/"},"sameAs":["https:\/\/www.facebook.com\/hobby4geek","https:\/\/x.com\/hobby4geek","https:\/\/www.instagram.com\/hobby4geek\/"]}]},"product_brand":"Transformers","product_price_amount":"37.00","product_price_currency":"EUR","og_availability":"out of stock","product_availability":"out of stock","product_retailer_item_id":"studioseries037","product_condition":"new"},"_links":{"self":[{"href":"https:\/\/hobby4geek.com\/it\/wp-json\/wp\/v2\/product\/85093","targetHints":{"allow":["GET"]}}],"collection":[{"href":"https:\/\/hobby4geek.com\/it\/wp-json\/wp\/v2\/product"}],"about":[{"href":"https:\/\/hobby4geek.com\/it\/wp-json\/wp\/v2\/types\/product"}],"replies":[{"embeddable":true,"href":"https:\/\/hobby4geek.com\/it\/wp-json\/wp\/v2\/comments?post=85093"}],"version-history":[{"count":0,"href":"https:\/\/hobby4geek.com\/it\/wp-json\/wp\/v2\/product\/85093\/revisions"}],"wp:featuredmedia":[{"embeddable":true,"href":"https:\/\/hobby4geek.com\/it\/wp-json\/wp\/v2\/media\/179453"}],"wp:attachment":[{"href":"https:\/\/hobby4geek.com\/it\/wp-json\/wp\/v2\/media?parent=85093"}],"wp:term":[{"taxonomy":"product_brand","embeddable":true,"href":"https:\/\/hobby4geek.com\/it\/wp-json\/wp\/v2\/product_brand?post=85093"},{"taxonomy":"product_cat","embeddable":true,"href":"https:\/\/hobby4geek.com\/it\/wp-json\/wp\/v2\/product_cat?post=85093"},{"taxonomy":"product_tag","embeddable":true,"href":"https:\/\/hobby4geek.com\/it\/wp-json\/wp\/v2\/product_tag?post=85093"},{"taxonomy":"giftcard-category","embeddable":true,"href":"https:\/\/hobby4geek.com\/it\/wp-json\/wp\/v2\/giftcard-category?post=85093"}],"curies":[{"name":"wp","href":"https:\/\/api.w.org\/{rel}","templated":true}]}}