{"id":199088,"date":"2024-08-26T17:17:15","date_gmt":"2024-08-26T16:17:15","guid":{"rendered":"https:\/\/hobby4geek.com\/?post_type=product&#038;p=199088"},"modified":"2025-06-17T21:28:47","modified_gmt":"2025-06-17T20:28:47","slug":"metagate-g-07-drift-the-last-knight","status":"publish","type":"product","link":"https:\/\/hobby4geek.com\/it\/prodotto\/metagate-g-07-drift-the-last-knight\/","title":{"rendered":"MetaGate G-07 \"Drift\" L'ultimo cavaliere"},"content":{"rendered":"<p><strong>MetaGate<\/strong> scatena il potente <strong>Drift. <\/strong>Questo capolavoro di trasformazione non offre solo una splendida modalit\u00e0 robot, ma anche una metamorfosi in una lussuosa Mercedes AMG GT R.<\/p>\n<p>Drift non sarebbe completo senza le sue iconiche spade, pronte per essere sguainate in battaglia.<\/p>\n<p>Questo eccezionale giocattolo incarna la potenza e la versatilit\u00e0 dell'universo Transformers, rendendo Drift un must per i collezionisti e gli appassionati.<\/p>\n<p>Alta pi\u00f9 di 20 cm, questa figura \u00e8 dotata di due spade e di un cucciolo di pterosauro, per aggiungere ancora pi\u00f9 emozione alla vostra collezione.<\/p>","protected":false},"excerpt":{"rendered":"<ul>\n<li>20,30 cm<\/li>\n<li>2x Sciabola<\/li>\n<li>1x Bambino Dinobot: Pterry<\/li>\n<\/ul>","protected":false},"featured_media":199097,"comment_status":"open","ping_status":"closed","template":"","meta":{"inline_featured_image":false},"product_brand":[],"product_cat":[166],"product_tag":[200,1759,1641,2662,1644,299,1975,204,2395,1645],"giftcard-category":[],"class_list":{"0":"post-199088","1":"product","2":"type-product","3":"status-publish","4":"has-post-thumbnail","6":"product_cat-metagate","7":"product_tag-action-figures","8":"product_tag-action-toys","9":"product_tag-drift","10":"product_tag-g07","11":"product_tag-metagate","12":"product_tag-mpm","13":"product_tag-toys-figures","14":"product_tag-transformers","15":"product_tag-transformers-the-last-knight","16":"product_tag-triplechanger","17":"product_shipping_class-free-shipping","18":"inventories-china-inventory","20":"first","21":"instock","22":"taxable","23":"shipping-taxable","24":"purchasable","25":"product-type-simple","26":"add-to-wishlist-after_add_to_cart"},"yoast_head":"<!-- This site is optimized with the Yoast SEO Premium plugin v25.3.1 (Yoast SEO v27.4) - https:\/\/yoast.com\/product\/yoast-seo-premium-wordpress\/ -->\n<title>MetaGate G-07 &quot;Drift&quot; The Last Knight<\/title>\n<meta name=\"robots\" content=\"index, follow, max-snippet:-1, max-image-preview:large, max-video-preview:-1\" \/>\n<link rel=\"canonical\" href=\"https:\/\/hobby4geek.com\/it\/prodotto\/metagate-g-07-drift-the-last-knight\/\" \/>\n<meta property=\"og:locale\" content=\"it_IT\" \/>\n<meta property=\"og:type\" content=\"article\" \/>\n<meta property=\"og:title\" content=\"MetaGate G-07 &quot;Drift&quot; The Last Knight\" \/>\n<meta property=\"og:description\" content=\"20.30cm  2x Saber  1x Baby Dinobot: Pterry\" \/>\n<meta property=\"og:url\" content=\"https:\/\/hobby4geek.com\/it\/prodotto\/metagate-g-07-drift-the-last-knight\/\" \/>\n<meta property=\"og:site_name\" content=\"Hobby4Geek\" \/>\n<meta property=\"article:publisher\" content=\"https:\/\/www.facebook.com\/hobby4geek\" \/>\n<meta property=\"article:modified_time\" content=\"2025-06-17T20:28:47+00:00\" \/>\n<meta property=\"og:image\" content=\"https:\/\/hobby4geek.com\/wp-content\/uploads\/2024\/08\/454495042_1000750985387591_1227258712306447669_n.jpg\" \/>\n\t<meta property=\"og:image:width\" content=\"2048\" \/>\n\t<meta property=\"og:image:height\" content=\"1688\" \/>\n\t<meta property=\"og:image:type\" content=\"image\/jpeg\" \/>\n<meta name=\"twitter:card\" content=\"summary_large_image\" \/>\n<meta name=\"twitter:site\" content=\"@hobby4geek\" \/>\n<script type=\"application\/ld+json\" class=\"yoast-schema-graph\">{\"@context\":\"https:\\\/\\\/schema.org\",\"@graph\":[{\"@type\":\"WebPage\",\"@id\":\"https:\\\/\\\/hobby4geek.com\\\/product\\\/metagate-g-07-drift-the-last-knight\\\/\",\"url\":\"https:\\\/\\\/hobby4geek.com\\\/product\\\/metagate-g-07-drift-the-last-knight\\\/\",\"name\":\"MetaGate G-07 \\\"Drift\\\" The Last Knight\",\"isPartOf\":{\"@id\":\"https:\\\/\\\/hobby4geek.com\\\/#website\"},\"primaryImageOfPage\":{\"@id\":\"https:\\\/\\\/hobby4geek.com\\\/product\\\/metagate-g-07-drift-the-last-knight\\\/#primaryimage\"},\"image\":{\"@id\":\"https:\\\/\\\/hobby4geek.com\\\/product\\\/metagate-g-07-drift-the-last-knight\\\/#primaryimage\"},\"thumbnailUrl\":\"https:\\\/\\\/hobby4geek.com\\\/wp-content\\\/uploads\\\/2024\\\/08\\\/454495042_1000750985387591_1227258712306447669_n.jpg\",\"datePublished\":\"2024-08-26T16:17:15+00:00\",\"dateModified\":\"2025-06-17T20:28:47+00:00\",\"breadcrumb\":{\"@id\":\"https:\\\/\\\/hobby4geek.com\\\/product\\\/metagate-g-07-drift-the-last-knight\\\/#breadcrumb\"},\"inLanguage\":\"it-IT\",\"potentialAction\":[{\"@type\":\"ReadAction\",\"target\":[\"https:\\\/\\\/hobby4geek.com\\\/product\\\/metagate-g-07-drift-the-last-knight\\\/\"]}]},{\"@type\":\"ImageObject\",\"inLanguage\":\"it-IT\",\"@id\":\"https:\\\/\\\/hobby4geek.com\\\/product\\\/metagate-g-07-drift-the-last-knight\\\/#primaryimage\",\"url\":\"https:\\\/\\\/hobby4geek.com\\\/wp-content\\\/uploads\\\/2024\\\/08\\\/454495042_1000750985387591_1227258712306447669_n.jpg\",\"contentUrl\":\"https:\\\/\\\/hobby4geek.com\\\/wp-content\\\/uploads\\\/2024\\\/08\\\/454495042_1000750985387591_1227258712306447669_n.jpg\",\"width\":2048,\"height\":1688},{\"@type\":\"BreadcrumbList\",\"@id\":\"https:\\\/\\\/hobby4geek.com\\\/product\\\/metagate-g-07-drift-the-last-knight\\\/#breadcrumb\",\"itemListElement\":[{\"@type\":\"ListItem\",\"position\":1,\"name\":\"Home\",\"item\":\"https:\\\/\\\/hobby4geek.com\\\/\"},{\"@type\":\"ListItem\",\"position\":2,\"name\":\"Shop\",\"item\":\"https:\\\/\\\/hobby4geek.com\\\/shop\\\/\"},{\"@type\":\"ListItem\",\"position\":3,\"name\":\"MetaGate G-07 &#8220;Drift&#8221; The Last Knight\"}]},{\"@type\":\"WebSite\",\"@id\":\"https:\\\/\\\/hobby4geek.com\\\/#website\",\"url\":\"https:\\\/\\\/hobby4geek.com\\\/\",\"name\":\"Hobby4Geek\",\"description\":\"Collect, Play &amp; Showcase, Embrace your Geekiness\",\"publisher\":{\"@id\":\"https:\\\/\\\/hobby4geek.com\\\/#organization\"},\"potentialAction\":[{\"@type\":\"SearchAction\",\"target\":{\"@type\":\"EntryPoint\",\"urlTemplate\":\"https:\\\/\\\/hobby4geek.com\\\/?s={search_term_string}\"},\"query-input\":{\"@type\":\"PropertyValueSpecification\",\"valueRequired\":true,\"valueName\":\"search_term_string\"}}],\"inLanguage\":\"it-IT\"},{\"@type\":\"Organization\",\"@id\":\"https:\\\/\\\/hobby4geek.com\\\/#organization\",\"name\":\"Hobby4Geek\",\"url\":\"https:\\\/\\\/hobby4geek.com\\\/\",\"logo\":{\"@type\":\"ImageObject\",\"inLanguage\":\"it-IT\",\"@id\":\"https:\\\/\\\/hobby4geek.com\\\/#\\\/schema\\\/logo\\\/image\\\/\",\"url\":\"https:\\\/\\\/hobby4geek.com\\\/wp-content\\\/uploads\\\/2023\\\/02\\\/default-kit.png\",\"contentUrl\":\"https:\\\/\\\/hobby4geek.com\\\/wp-content\\\/uploads\\\/2023\\\/02\\\/default-kit.png\",\"width\":600,\"height\":600,\"caption\":\"Hobby4Geek\"},\"image\":{\"@id\":\"https:\\\/\\\/hobby4geek.com\\\/#\\\/schema\\\/logo\\\/image\\\/\"},\"sameAs\":[\"https:\\\/\\\/www.facebook.com\\\/hobby4geek\",\"https:\\\/\\\/x.com\\\/hobby4geek\",\"https:\\\/\\\/www.instagram.com\\\/hobby4geek\\\/\"]}]}<\/script>\n<meta property=\"product:brand\" content=\"METAGATE\" \/>\n<meta property=\"product:price:amount\" content=\"137.60\" \/>\n<meta property=\"product:price:currency\" content=\"EUR\" \/>\n<meta property=\"og:availability\" content=\"instock\" \/>\n<meta property=\"product:availability\" content=\"instock\" \/>\n<meta property=\"product:condition\" content=\"new\" \/>\n<!-- \/ Yoast SEO Premium plugin. -->","yoast_head_json":{"title":"MetaGate G-07 \"Drift\" L'ultimo cavaliere","robots":{"index":"index","follow":"follow","max-snippet":"max-snippet:-1","max-image-preview":"max-image-preview:large","max-video-preview":"max-video-preview:-1"},"canonical":"https:\/\/hobby4geek.com\/it\/prodotto\/metagate-g-07-drift-the-last-knight\/","og_locale":"it_IT","og_type":"article","og_title":"MetaGate G-07 \"Drift\" The Last Knight","og_description":"20.30cm  2x Saber  1x Baby Dinobot: Pterry","og_url":"https:\/\/hobby4geek.com\/it\/prodotto\/metagate-g-07-drift-the-last-knight\/","og_site_name":"Hobby4Geek","article_publisher":"https:\/\/www.facebook.com\/hobby4geek","article_modified_time":"2025-06-17T20:28:47+00:00","og_image":[{"width":2048,"height":1688,"url":"https:\/\/hobby4geek.com\/wp-content\/uploads\/2024\/08\/454495042_1000750985387591_1227258712306447669_n.jpg","type":"image\/jpeg"}],"twitter_card":"summary_large_image","twitter_site":"@hobby4geek","schema":{"@context":"https:\/\/schema.org","@graph":[{"@type":"WebPage","@id":"https:\/\/hobby4geek.com\/product\/metagate-g-07-drift-the-last-knight\/","url":"https:\/\/hobby4geek.com\/product\/metagate-g-07-drift-the-last-knight\/","name":"MetaGate G-07 \"Drift\" L'ultimo cavaliere","isPartOf":{"@id":"https:\/\/hobby4geek.com\/#website"},"primaryImageOfPage":{"@id":"https:\/\/hobby4geek.com\/product\/metagate-g-07-drift-the-last-knight\/#primaryimage"},"image":{"@id":"https:\/\/hobby4geek.com\/product\/metagate-g-07-drift-the-last-knight\/#primaryimage"},"thumbnailUrl":"https:\/\/hobby4geek.com\/wp-content\/uploads\/2024\/08\/454495042_1000750985387591_1227258712306447669_n.jpg","datePublished":"2024-08-26T16:17:15+00:00","dateModified":"2025-06-17T20:28:47+00:00","breadcrumb":{"@id":"https:\/\/hobby4geek.com\/product\/metagate-g-07-drift-the-last-knight\/#breadcrumb"},"inLanguage":"it-IT","potentialAction":[{"@type":"ReadAction","target":["https:\/\/hobby4geek.com\/product\/metagate-g-07-drift-the-last-knight\/"]}]},{"@type":"ImageObject","inLanguage":"it-IT","@id":"https:\/\/hobby4geek.com\/product\/metagate-g-07-drift-the-last-knight\/#primaryimage","url":"https:\/\/hobby4geek.com\/wp-content\/uploads\/2024\/08\/454495042_1000750985387591_1227258712306447669_n.jpg","contentUrl":"https:\/\/hobby4geek.com\/wp-content\/uploads\/2024\/08\/454495042_1000750985387591_1227258712306447669_n.jpg","width":2048,"height":1688},{"@type":"BreadcrumbList","@id":"https:\/\/hobby4geek.com\/product\/metagate-g-07-drift-the-last-knight\/#breadcrumb","itemListElement":[{"@type":"ListItem","position":1,"name":"Home","item":"https:\/\/hobby4geek.com\/"},{"@type":"ListItem","position":2,"name":"Shop","item":"https:\/\/hobby4geek.com\/shop\/"},{"@type":"ListItem","position":3,"name":"MetaGate G-07 &#8220;Drift&#8221; The Last Knight"}]},{"@type":"WebSite","@id":"https:\/\/hobby4geek.com\/#website","url":"https:\/\/hobby4geek.com\/","name":"Hobby4Geek","description":"Colleziona, gioca e metti in mostra, abbraccia la tua geekness","publisher":{"@id":"https:\/\/hobby4geek.com\/#organization"},"potentialAction":[{"@type":"SearchAction","target":{"@type":"EntryPoint","urlTemplate":"https:\/\/hobby4geek.com\/?s={search_term_string}"},"query-input":{"@type":"PropertyValueSpecification","valueRequired":true,"valueName":"search_term_string"}}],"inLanguage":"it-IT"},{"@type":"Organization","@id":"https:\/\/hobby4geek.com\/#organization","name":"Hobby4Geek","url":"https:\/\/hobby4geek.com\/","logo":{"@type":"ImageObject","inLanguage":"it-IT","@id":"https:\/\/hobby4geek.com\/#\/schema\/logo\/image\/","url":"https:\/\/hobby4geek.com\/wp-content\/uploads\/2023\/02\/default-kit.png","contentUrl":"https:\/\/hobby4geek.com\/wp-content\/uploads\/2023\/02\/default-kit.png","width":600,"height":600,"caption":"Hobby4Geek"},"image":{"@id":"https:\/\/hobby4geek.com\/#\/schema\/logo\/image\/"},"sameAs":["https:\/\/www.facebook.com\/hobby4geek","https:\/\/x.com\/hobby4geek","https:\/\/www.instagram.com\/hobby4geek\/"]}]},"product_brand":"METAGATE","product_price_amount":"137.60","product_price_currency":"EUR","og_availability":"instock","product_availability":"instock","product_condition":"new"},"_links":{"self":[{"href":"https:\/\/hobby4geek.com\/it\/wp-json\/wp\/v2\/product\/199088","targetHints":{"allow":["GET"]}}],"collection":[{"href":"https:\/\/hobby4geek.com\/it\/wp-json\/wp\/v2\/product"}],"about":[{"href":"https:\/\/hobby4geek.com\/it\/wp-json\/wp\/v2\/types\/product"}],"replies":[{"embeddable":true,"href":"https:\/\/hobby4geek.com\/it\/wp-json\/wp\/v2\/comments?post=199088"}],"version-history":[{"count":0,"href":"https:\/\/hobby4geek.com\/it\/wp-json\/wp\/v2\/product\/199088\/revisions"}],"wp:featuredmedia":[{"embeddable":true,"href":"https:\/\/hobby4geek.com\/it\/wp-json\/wp\/v2\/media\/199097"}],"wp:attachment":[{"href":"https:\/\/hobby4geek.com\/it\/wp-json\/wp\/v2\/media?parent=199088"}],"wp:term":[{"taxonomy":"product_brand","embeddable":true,"href":"https:\/\/hobby4geek.com\/it\/wp-json\/wp\/v2\/product_brand?post=199088"},{"taxonomy":"product_cat","embeddable":true,"href":"https:\/\/hobby4geek.com\/it\/wp-json\/wp\/v2\/product_cat?post=199088"},{"taxonomy":"product_tag","embeddable":true,"href":"https:\/\/hobby4geek.com\/it\/wp-json\/wp\/v2\/product_tag?post=199088"},{"taxonomy":"giftcard-category","embeddable":true,"href":"https:\/\/hobby4geek.com\/it\/wp-json\/wp\/v2\/giftcard-category?post=199088"}],"curies":[{"name":"wp","href":"https:\/\/api.w.org\/{rel}","templated":true}]}}