{"id":198435,"date":"2024-08-04T15:25:08","date_gmt":"2024-08-04T14:25:08","guid":{"rendered":"https:\/\/hobby4geek.com\/?post_type=product&#038;p=198435"},"modified":"2024-08-04T17:14:57","modified_gmt":"2024-08-04T16:14:57","slug":"threezero-transformers-rise-of-the-beasts-dlx-mirage","status":"publish","type":"product","link":"https:\/\/hobby4geek.com\/it\/prodotto\/threezero-transformers-rise-of-the-beasts-dlx-mirage\/","title":{"rendered":"ThreeZero - Transformers: Rise of the Beasts DLX Mirage"},"content":{"rendered":"<p>Transformers: Rise of the Beasts DLX Mirage \u00e8 una figura da collezione altamente dettagliata e completamente articolata dell'Autobot dalla voce veloce Mirage. Questa figura alta 8\u2033 (20,32 cm) vanta plastiche di qualit\u00e0 ingegneristica con una struttura in metallo pressofuso che garantisce una maggiore durata e un'incredibile gamma di articolazioni, circa 61 ponts, che consentono pose e display dinamici. L'applicazione di vernice resistente alle intemperie cattura l'estetica da battaglia di questo eroico Autobot.<\/p>\n<p>Transformers: Rise of the Beasts DLX Mirage \u00e8 la prima figura DLX di Threezeo a incorporare luci LED a controllo magnetico*. Gli elementi illuminati a LED installati negli occhi, nello Ion Blaster, nel petto e nelle spalle aggiungono un impressionante livello di realismo e dettaglio alla figura. \u00c8 inclusa una custodia magnetica con logo Autobot che controlla le funzioni delle luci LED posizionando la custodia magnetica vicino al punto in cui sono installate le luci LED, accendendole e spegnendole.<\/p>\n<p>Altri accessori includono un paio di Ion Blaster, due mascherine intercambiabili, che offrono sia un'espressione sorridente che un'espressione standard, e quattro paia di mani intercambiabili (pugni, rilassate, d'azione e puntate).<\/p>\n<p>Inoltre, DLX Mirage viene fornito con una figura alta 4\u2033 (10,16 cm) di Noah D\u00edaz nella sua Exo-Suit con circa 12 punti di articolazione. La figura di Noah D\u00edaz in Exo-Suit \u00e8 dotata di diversi accessori, tra cui un paio di spade Exo-Suit e un paio di Ion Blaster Exo-Suit, che riproducono la memorabile scena in cui Mirage, ferito, utilizza le sue parti del corpo per trasformarsi in una Exo-Suit e permettere a Noah di combattere al fianco degli Autobot.<\/p>\n<p>TRANSFORMERS e tutti i personaggi correlati sono marchi di fabbrica di Hasbro e vengono utilizzati con l'autorizzazione. \u00a9 2024 Hasbro. Tutti i diritti riservati. \u00a9 2024 Paramount Pictures Corporation. Tutti i diritti riservati. Concesso in licenza da Hasbro<\/p>","protected":false},"excerpt":{"rendered":"<ul>\n<li>Licenza ufficiale Hasbro e TakaraTomy<\/li>\n<li>Alto circa 20,32 cm (8 pollici)<\/li>\n<li>Include una figura completamente articolata di Noah D\u00edaz in tuta Exo alta circa 10,16 cm (4 pollici).<\/li>\n<li>Occhi, Ion Blaster, petto e spalle illuminati da LED a controllo magnetico*.<\/li>\n<li>Plastica di qualit\u00e0 ingegneristica con struttura in metallo pressofuso con circa 61 punti di articolazione<\/li>\n<li>Applicazione dettagliata della vernice anticata<\/li>\n<li>Due frontalini intercambiabili<\/li>\n<\/ul>\n<p>&nbsp;<\/p>\n<p><strong>ACCESSORI<\/strong><\/p>\n<p>Per figura Mirage da 8\":<\/p>\n<ul>\n<li>Un (1) paio di blaster ionici<\/li>\n<li>Una (1) custodia magnetica per l'interruttore della luce a LED<\/li>\n<li>Due (2) mascherine intercambiabili: una (1) espressione sorridente e una (1) espressione standard<\/li>\n<li>Quattro (4) paia di mani intercambiabili: pugni, mani rilassate, mani d'azione e mani indicanti<\/li>\n<li>Un (1) supporto d'azione DLX<\/li>\n<\/ul>\n<p>Per la figura da 4\" di Noah D\u00edaz in Exo-Suit:<\/p>\n<ul>\n<li>Un (1) paio di Exo-Suit Sword<\/li>\n<li>Un (1) paio di Exo-Suit Ion Blaster<\/li>\n<li style=\"list-style-type: none;\">\n<ul>\n<li style=\"list-style-type: none;\"><\/li>\n<\/ul>\n<\/li>\n<\/ul>\n<p>&nbsp;<\/p>\n<p><strong>Osservazioni<\/strong><\/p>\n<p>* Richiede batterie AG3 x 12 (batterie non incluse).<br \/>\nI materiali<br \/>\nABS, PVC, POM, lega di zinco pressofusa<br \/>\nDimensioni dell'imballaggio<br \/>\n~ (L293 x P201 x H100) mm (2 kg)<\/p>\n<ul>\n<li style=\"list-style-type: none;\">\n<ul>\n<li style=\"list-style-type: none;\">\n<ul>\n<li style=\"list-style-type: none;\"><\/li>\n<\/ul>\n<\/li>\n<\/ul>\n<\/li>\n<\/ul>","protected":false},"featured_media":198469,"comment_status":"open","ping_status":"closed","template":"","meta":{"inline_featured_image":false},"product_brand":[],"product_cat":[68,90,1955],"product_tag":[332,199,1976,333,334,335,2631,1936,265,1956,337,770,204,2453,2227],"giftcard-category":[],"class_list":{"0":"post-198435","1":"product","2":"type-product","3":"status-publish","4":"has-post-thumbnail","6":"product_cat-hasbro","7":"product_cat-threezero","8":"product_cat-transformers","9":"product_tag-3a","10":"product_tag-autobot","11":"product_tag-collector-figures","12":"product_tag-dlx-collectible-series","13":"product_tag-film","14":"product_tag-hasbro","15":"product_tag-mdlx-mirage","16":"product_tag-models-co","17":"product_tag-pre-orders","18":"product_tag-rise-of-the-beasts","19":"product_tag-threea","20":"product_tag-threezero","21":"product_tag-transformers","22":"product_tag-transformers-x-threezero","23":"product_tag-transformers-rise-of-the-beasts","24":"product_shipping_class-standard","25":"inventories-france-inventory","27":"first","28":"instock","29":"featured","30":"taxable","31":"shipping-taxable","32":"purchasable","33":"product-type-simple","34":"add-to-wishlist-after_add_to_cart"},"yoast_head":"<!-- This site is optimized with the Yoast SEO Premium plugin v25.3.1 (Yoast SEO v27.4) - https:\/\/yoast.com\/product\/yoast-seo-premium-wordpress\/ -->\n<title>ThreeZero \u2013 Transformers: Rise of the Beasts DLX Mirage<\/title>\n<meta name=\"robots\" content=\"index, follow, max-snippet:-1, max-image-preview:large, max-video-preview:-1\" \/>\n<link rel=\"canonical\" href=\"https:\/\/hobby4geek.com\/it\/prodotto\/threezero-transformers-rise-of-the-beasts-dlx-mirage\/\" \/>\n<meta property=\"og:locale\" content=\"it_IT\" \/>\n<meta property=\"og:type\" content=\"article\" \/>\n<meta property=\"og:title\" content=\"ThreeZero \u2013 Transformers: Rise of the Beasts DLX Mirage\" \/>\n<meta property=\"og:description\" content=\"Officially Licensed by Hasbro and TakaraTomy  Approximately 8 inches (20.32 cm) tall  Includes approximately 4 inches (10.16 cm) tall fully-articulated figure of Noah D\u00edaz in Exo-Suit  Magnetically controlled LED illuminated eyes, Ion Blaster, chest, and shoulders*  Engineering grade plastics with die-cast metal frame design with approximately 61 points of articulation  Detailed weathered paint application  Two interchangeable faceplates  &nbsp;  ACCESSORIES  For 8\u201d Mirage figure:   One (1) pair of Ion Blasters  One (1) Magnetic Case for LED light switch  Two (2) interchangeable faceplates: one (1) smiling expression and one (1) standard expression  Four (4) pairs of interchangeable hands: fists, relaxed hands, action hands, and pointing hands  One (1) DLX Action Stand  For 4\u201d figure of Noah D\u00edaz in Exo-Suit:   One (1) pair of Exo-Suit Sword  One (1) pair of Exo-Suit Ion Blaster         &nbsp;  Remarks  * Requires AG3 batteries x 12 (Batteries Not Included) Materials ABS, PVC, POM, die-cast zinc alloy Packaging Size ~ (W293 x D201 x H100) mm (2 kg)\" \/>\n<meta property=\"og:url\" content=\"https:\/\/hobby4geek.com\/it\/prodotto\/threezero-transformers-rise-of-the-beasts-dlx-mirage\/\" \/>\n<meta property=\"og:site_name\" content=\"Hobby4Geek\" \/>\n<meta property=\"article:publisher\" content=\"https:\/\/www.facebook.com\/hobby4geek\" \/>\n<meta property=\"article:modified_time\" content=\"2024-08-04T16:14:57+00:00\" \/>\n<meta property=\"og:image\" content=\"https:\/\/hobby4geek.com\/wp-content\/uploads\/2024\/08\/hr_3z05640w0_b-scaled.jpg\" \/>\n\t<meta property=\"og:image:width\" content=\"1638\" \/>\n\t<meta property=\"og:image:height\" content=\"2048\" \/>\n\t<meta property=\"og:image:type\" content=\"image\/jpeg\" \/>\n<meta name=\"twitter:card\" content=\"summary_large_image\" \/>\n<meta name=\"twitter:site\" content=\"@hobby4geek\" \/>\n<script type=\"application\/ld+json\" class=\"yoast-schema-graph\">{\"@context\":\"https:\\\/\\\/schema.org\",\"@graph\":[{\"@type\":\"WebPage\",\"@id\":\"https:\\\/\\\/hobby4geek.com\\\/product\\\/threezero-transformers-rise-of-the-beasts-dlx-mirage\\\/\",\"url\":\"https:\\\/\\\/hobby4geek.com\\\/product\\\/threezero-transformers-rise-of-the-beasts-dlx-mirage\\\/\",\"name\":\"ThreeZero \u2013 Transformers: Rise of the Beasts DLX Mirage\",\"isPartOf\":{\"@id\":\"https:\\\/\\\/hobby4geek.com\\\/#website\"},\"primaryImageOfPage\":{\"@id\":\"https:\\\/\\\/hobby4geek.com\\\/product\\\/threezero-transformers-rise-of-the-beasts-dlx-mirage\\\/#primaryimage\"},\"image\":{\"@id\":\"https:\\\/\\\/hobby4geek.com\\\/product\\\/threezero-transformers-rise-of-the-beasts-dlx-mirage\\\/#primaryimage\"},\"thumbnailUrl\":\"https:\\\/\\\/hobby4geek.com\\\/wp-content\\\/uploads\\\/2024\\\/08\\\/hr_3z05640w0_b-scaled.jpg\",\"datePublished\":\"2024-08-04T14:25:08+00:00\",\"dateModified\":\"2024-08-04T16:14:57+00:00\",\"breadcrumb\":{\"@id\":\"https:\\\/\\\/hobby4geek.com\\\/product\\\/threezero-transformers-rise-of-the-beasts-dlx-mirage\\\/#breadcrumb\"},\"inLanguage\":\"it-IT\",\"potentialAction\":[{\"@type\":\"ReadAction\",\"target\":[\"https:\\\/\\\/hobby4geek.com\\\/product\\\/threezero-transformers-rise-of-the-beasts-dlx-mirage\\\/\"]}]},{\"@type\":\"ImageObject\",\"inLanguage\":\"it-IT\",\"@id\":\"https:\\\/\\\/hobby4geek.com\\\/product\\\/threezero-transformers-rise-of-the-beasts-dlx-mirage\\\/#primaryimage\",\"url\":\"https:\\\/\\\/hobby4geek.com\\\/wp-content\\\/uploads\\\/2024\\\/08\\\/hr_3z05640w0_b-scaled.jpg\",\"contentUrl\":\"https:\\\/\\\/hobby4geek.com\\\/wp-content\\\/uploads\\\/2024\\\/08\\\/hr_3z05640w0_b-scaled.jpg\",\"width\":1638,\"height\":2048},{\"@type\":\"BreadcrumbList\",\"@id\":\"https:\\\/\\\/hobby4geek.com\\\/product\\\/threezero-transformers-rise-of-the-beasts-dlx-mirage\\\/#breadcrumb\",\"itemListElement\":[{\"@type\":\"ListItem\",\"position\":1,\"name\":\"Home\",\"item\":\"https:\\\/\\\/hobby4geek.com\\\/\"},{\"@type\":\"ListItem\",\"position\":2,\"name\":\"Shop\",\"item\":\"https:\\\/\\\/hobby4geek.com\\\/shop\\\/\"},{\"@type\":\"ListItem\",\"position\":3,\"name\":\"ThreeZero \u2013 Transformers: Rise of the Beasts DLX Mirage\"}]},{\"@type\":\"WebSite\",\"@id\":\"https:\\\/\\\/hobby4geek.com\\\/#website\",\"url\":\"https:\\\/\\\/hobby4geek.com\\\/\",\"name\":\"Hobby4Geek\",\"description\":\"Collect, Play &amp; Showcase, Embrace your Geekiness\",\"publisher\":{\"@id\":\"https:\\\/\\\/hobby4geek.com\\\/#organization\"},\"potentialAction\":[{\"@type\":\"SearchAction\",\"target\":{\"@type\":\"EntryPoint\",\"urlTemplate\":\"https:\\\/\\\/hobby4geek.com\\\/?s={search_term_string}\"},\"query-input\":{\"@type\":\"PropertyValueSpecification\",\"valueRequired\":true,\"valueName\":\"search_term_string\"}}],\"inLanguage\":\"it-IT\"},{\"@type\":\"Organization\",\"@id\":\"https:\\\/\\\/hobby4geek.com\\\/#organization\",\"name\":\"Hobby4Geek\",\"url\":\"https:\\\/\\\/hobby4geek.com\\\/\",\"logo\":{\"@type\":\"ImageObject\",\"inLanguage\":\"it-IT\",\"@id\":\"https:\\\/\\\/hobby4geek.com\\\/#\\\/schema\\\/logo\\\/image\\\/\",\"url\":\"https:\\\/\\\/hobby4geek.com\\\/wp-content\\\/uploads\\\/2023\\\/02\\\/default-kit.png\",\"contentUrl\":\"https:\\\/\\\/hobby4geek.com\\\/wp-content\\\/uploads\\\/2023\\\/02\\\/default-kit.png\",\"width\":600,\"height\":600,\"caption\":\"Hobby4Geek\"},\"image\":{\"@id\":\"https:\\\/\\\/hobby4geek.com\\\/#\\\/schema\\\/logo\\\/image\\\/\"},\"sameAs\":[\"https:\\\/\\\/www.facebook.com\\\/hobby4geek\",\"https:\\\/\\\/x.com\\\/hobby4geek\",\"https:\\\/\\\/www.instagram.com\\\/hobby4geek\\\/\"]}]}<\/script>\n<meta property=\"product:brand\" content=\"Hasbro\" \/>\n<meta property=\"product:price:amount\" content=\"228.00\" \/>\n<meta property=\"product:price:currency\" content=\"EUR\" \/>\n<meta property=\"og:availability\" content=\"instock\" \/>\n<meta property=\"product:availability\" content=\"instock\" \/>\n<meta property=\"product:retailer_item_id\" content=\"4895250813717\" \/>\n<meta property=\"product:condition\" content=\"new\" \/>\n<!-- \/ Yoast SEO Premium plugin. -->","yoast_head_json":{"title":"ThreeZero - Transformers: Rise of the Beasts DLX Mirage","robots":{"index":"index","follow":"follow","max-snippet":"max-snippet:-1","max-image-preview":"max-image-preview:large","max-video-preview":"max-video-preview:-1"},"canonical":"https:\/\/hobby4geek.com\/it\/prodotto\/threezero-transformers-rise-of-the-beasts-dlx-mirage\/","og_locale":"it_IT","og_type":"article","og_title":"ThreeZero \u2013 Transformers: Rise of the Beasts DLX Mirage","og_description":"Officially Licensed by Hasbro and TakaraTomy  Approximately 8 inches (20.32 cm) tall  Includes approximately 4 inches (10.16 cm) tall fully-articulated figure of Noah D\u00edaz in Exo-Suit  Magnetically controlled LED illuminated eyes, Ion Blaster, chest, and shoulders*  Engineering grade plastics with die-cast metal frame design with approximately 61 points of articulation  Detailed weathered paint application  Two interchangeable faceplates  &nbsp;  ACCESSORIES  For 8\u201d Mirage figure:   One (1) pair of Ion Blasters  One (1) Magnetic Case for LED light switch  Two (2) interchangeable faceplates: one (1) smiling expression and one (1) standard expression  Four (4) pairs of interchangeable hands: fists, relaxed hands, action hands, and pointing hands  One (1) DLX Action Stand  For 4\u201d figure of Noah D\u00edaz in Exo-Suit:   One (1) pair of Exo-Suit Sword  One (1) pair of Exo-Suit Ion Blaster         &nbsp;  Remarks  * Requires AG3 batteries x 12 (Batteries Not Included) Materials ABS, PVC, POM, die-cast zinc alloy Packaging Size ~ (W293 x D201 x H100) mm (2 kg)","og_url":"https:\/\/hobby4geek.com\/it\/prodotto\/threezero-transformers-rise-of-the-beasts-dlx-mirage\/","og_site_name":"Hobby4Geek","article_publisher":"https:\/\/www.facebook.com\/hobby4geek","article_modified_time":"2024-08-04T16:14:57+00:00","og_image":[{"width":1638,"height":2048,"url":"https:\/\/hobby4geek.com\/wp-content\/uploads\/2024\/08\/hr_3z05640w0_b-scaled.jpg","type":"image\/jpeg"}],"twitter_card":"summary_large_image","twitter_site":"@hobby4geek","schema":{"@context":"https:\/\/schema.org","@graph":[{"@type":"WebPage","@id":"https:\/\/hobby4geek.com\/product\/threezero-transformers-rise-of-the-beasts-dlx-mirage\/","url":"https:\/\/hobby4geek.com\/product\/threezero-transformers-rise-of-the-beasts-dlx-mirage\/","name":"ThreeZero - Transformers: Rise of the Beasts DLX Mirage","isPartOf":{"@id":"https:\/\/hobby4geek.com\/#website"},"primaryImageOfPage":{"@id":"https:\/\/hobby4geek.com\/product\/threezero-transformers-rise-of-the-beasts-dlx-mirage\/#primaryimage"},"image":{"@id":"https:\/\/hobby4geek.com\/product\/threezero-transformers-rise-of-the-beasts-dlx-mirage\/#primaryimage"},"thumbnailUrl":"https:\/\/hobby4geek.com\/wp-content\/uploads\/2024\/08\/hr_3z05640w0_b-scaled.jpg","datePublished":"2024-08-04T14:25:08+00:00","dateModified":"2024-08-04T16:14:57+00:00","breadcrumb":{"@id":"https:\/\/hobby4geek.com\/product\/threezero-transformers-rise-of-the-beasts-dlx-mirage\/#breadcrumb"},"inLanguage":"it-IT","potentialAction":[{"@type":"ReadAction","target":["https:\/\/hobby4geek.com\/product\/threezero-transformers-rise-of-the-beasts-dlx-mirage\/"]}]},{"@type":"ImageObject","inLanguage":"it-IT","@id":"https:\/\/hobby4geek.com\/product\/threezero-transformers-rise-of-the-beasts-dlx-mirage\/#primaryimage","url":"https:\/\/hobby4geek.com\/wp-content\/uploads\/2024\/08\/hr_3z05640w0_b-scaled.jpg","contentUrl":"https:\/\/hobby4geek.com\/wp-content\/uploads\/2024\/08\/hr_3z05640w0_b-scaled.jpg","width":1638,"height":2048},{"@type":"BreadcrumbList","@id":"https:\/\/hobby4geek.com\/product\/threezero-transformers-rise-of-the-beasts-dlx-mirage\/#breadcrumb","itemListElement":[{"@type":"ListItem","position":1,"name":"Home","item":"https:\/\/hobby4geek.com\/"},{"@type":"ListItem","position":2,"name":"Shop","item":"https:\/\/hobby4geek.com\/shop\/"},{"@type":"ListItem","position":3,"name":"ThreeZero \u2013 Transformers: Rise of the Beasts DLX Mirage"}]},{"@type":"WebSite","@id":"https:\/\/hobby4geek.com\/#website","url":"https:\/\/hobby4geek.com\/","name":"Hobby4Geek","description":"Colleziona, gioca e metti in mostra, abbraccia la tua geekness","publisher":{"@id":"https:\/\/hobby4geek.com\/#organization"},"potentialAction":[{"@type":"SearchAction","target":{"@type":"EntryPoint","urlTemplate":"https:\/\/hobby4geek.com\/?s={search_term_string}"},"query-input":{"@type":"PropertyValueSpecification","valueRequired":true,"valueName":"search_term_string"}}],"inLanguage":"it-IT"},{"@type":"Organization","@id":"https:\/\/hobby4geek.com\/#organization","name":"Hobby4Geek","url":"https:\/\/hobby4geek.com\/","logo":{"@type":"ImageObject","inLanguage":"it-IT","@id":"https:\/\/hobby4geek.com\/#\/schema\/logo\/image\/","url":"https:\/\/hobby4geek.com\/wp-content\/uploads\/2023\/02\/default-kit.png","contentUrl":"https:\/\/hobby4geek.com\/wp-content\/uploads\/2023\/02\/default-kit.png","width":600,"height":600,"caption":"Hobby4Geek"},"image":{"@id":"https:\/\/hobby4geek.com\/#\/schema\/logo\/image\/"},"sameAs":["https:\/\/www.facebook.com\/hobby4geek","https:\/\/x.com\/hobby4geek","https:\/\/www.instagram.com\/hobby4geek\/"]}]},"product_brand":"Hasbro","product_price_amount":"228.00","product_price_currency":"EUR","og_availability":"instock","product_availability":"instock","product_retailer_item_id":"4895250813717","product_condition":"new"},"_links":{"self":[{"href":"https:\/\/hobby4geek.com\/it\/wp-json\/wp\/v2\/product\/198435","targetHints":{"allow":["GET"]}}],"collection":[{"href":"https:\/\/hobby4geek.com\/it\/wp-json\/wp\/v2\/product"}],"about":[{"href":"https:\/\/hobby4geek.com\/it\/wp-json\/wp\/v2\/types\/product"}],"replies":[{"embeddable":true,"href":"https:\/\/hobby4geek.com\/it\/wp-json\/wp\/v2\/comments?post=198435"}],"version-history":[{"count":0,"href":"https:\/\/hobby4geek.com\/it\/wp-json\/wp\/v2\/product\/198435\/revisions"}],"wp:featuredmedia":[{"embeddable":true,"href":"https:\/\/hobby4geek.com\/it\/wp-json\/wp\/v2\/media\/198469"}],"wp:attachment":[{"href":"https:\/\/hobby4geek.com\/it\/wp-json\/wp\/v2\/media?parent=198435"}],"wp:term":[{"taxonomy":"product_brand","embeddable":true,"href":"https:\/\/hobby4geek.com\/it\/wp-json\/wp\/v2\/product_brand?post=198435"},{"taxonomy":"product_cat","embeddable":true,"href":"https:\/\/hobby4geek.com\/it\/wp-json\/wp\/v2\/product_cat?post=198435"},{"taxonomy":"product_tag","embeddable":true,"href":"https:\/\/hobby4geek.com\/it\/wp-json\/wp\/v2\/product_tag?post=198435"},{"taxonomy":"giftcard-category","embeddable":true,"href":"https:\/\/hobby4geek.com\/it\/wp-json\/wp\/v2\/giftcard-category?post=198435"}],"curies":[{"name":"wp","href":"https:\/\/api.w.org\/{rel}","templated":true}]}}