{"id":198151,"date":"2024-07-08T20:46:15","date_gmt":"2024-07-08T19:46:15","guid":{"rendered":"https:\/\/hobby4geek.com\/?post_type=product&#038;p=198151"},"modified":"2024-08-30T15:41:52","modified_gmt":"2024-08-30T14:41:52","slug":"transformers-legacy-united-cyberverse-universe-slipstream","status":"publish","type":"product","link":"https:\/\/hobby4geek.com\/it\/prodotto\/transformers-legacy-united-cyberverse-universe-slipstream\/","title":{"rendered":"Transformers: Legacy United - Universo Cyberverse: Slipstream"},"content":{"rendered":"<p><span data-contrast=\"auto\">Unisci i tuoi personaggi preferiti di tutto il mondo dei robot Transformers nella tua collezione con l'action figure Transformers Legacy United Deluxe Class Cyberverse Universe Slipstream! Questa action figure del Cyberverse Universe Slipstream da 5,5 pollici si trasforma in modalit\u00e0 robot e jet in 15 passi. Preparati alla battaglia con gli accessori blaster inclusi che si collegano anche alle modalit\u00e0 robot e jet. La figura di Slipstream dell'Universo Cyberverse \u00e8 ispirata al personaggio della serie animata Transformers: Cyberverse ed \u00e8 dotata di testa, braccia e gambe articolate per pose d'azione fantastiche. Celebrate gli ultimi 40 anni di storia di Transformers con le action figure di Transformers Legacy. Transformers Legacy apre il portale a un universo completamente nuovo - More Than Meets the Eye - che riunisce tutte le generazioni Transformers come non avete mai visto prima. Collezionate e combinate diversi personaggi per creare la vostra formazione Legacy ideale.\u00a0\u00a0<\/span><\/p>\n<p><span data-contrast=\"auto\">Include figura, 2 accessori e istruzioni.\u00a0<\/span><\/p>\n<ul>\n<li><span data-contrast=\"none\">UNIVERSO CIBERNETICO SLIPSTREAM<\/span><span data-contrast=\"none\">\u00a0FIGURA D'AZIONE: Questa figura da 14 cm (5,5 pollici)\u00a0<\/span><span data-contrast=\"none\">Universo Cyberverse Slipstream<\/span><span data-contrast=\"none\">\u00a0Il giocattolo presenta decorazioni e dettagli ispirati al\u00a0<\/span><span data-contrast=\"none\">Transformers: Cyberverse<\/span><span data-contrast=\"none\">\u00a0serie animata<\/span><span data-ccp-props=\"{}\">\u00a0<\/span><\/li>\n<\/ul>\n<ul>\n<li><span data-contrast=\"none\">GIOCATTOLO TRASFORMATORE CONVERTIBILE 2 IN 1: l'action figure Transformers si converte da robot giocattolo a\u00a0<\/span><span data-contrast=\"none\">getto<\/span><span data-contrast=\"none\">\u00a0giocattolo in\u00a0<\/span><span data-contrast=\"none\">15<\/span><span data-contrast=\"none\">\u00a0passi<\/span><\/li>\n<li><span data-contrast=\"none\">ACCESSORI FANTASTICI: Questo\u00a0<\/span><span data-contrast=\"none\">Universo Cyberverse Slipstream<\/span><span data-contrast=\"none\">\u00a0La figura Transformers viene fornita con\u00a0<\/span><span data-contrast=\"none\">2 accessori blaster che si agganciano sia in modalit\u00e0 robot che in modalit\u00e0 jet<\/span><span data-ccp-props=\"{}\">\u00a0<\/span><\/li>\n<\/ul>\n<ul>\n<li><span data-contrast=\"none\">ARTICOLATO PER IL GIOCO E IL DISPLAY: le figure Transformers sono dotate di teste, braccia e gambe articolate per pose d'azione.<\/span><\/li>\n<li><span data-contrast=\"none\">CELEBRAZIONE DELLA LEGACIA: Transformers Legacy United onora 40 anni di storia animata dei Transformers! Colleziona le altre figure di Legacy: United per unire la tua collezione (ognuno venduto separatamente, soggetto a disponibilit\u00e0)<\/span><span data-ccp-props=\"{}\">\u00a0<\/span><\/li>\n<\/ul>\n<ul>\n<li><span data-contrast=\"none\">COLLEZIONISMO REGALO TRANSFORMERS: questo\u00a0<\/span><span data-contrast=\"none\">Universo Cyberverse Slipstream<\/span><span data-contrast=\"none\">\u00a0l'action figure giocattolo \u00e8 un ottimo regalo da collezione per tutti i fan di Transformers<\/span><span data-ccp-props=\"{}\">\u00a0<\/span><\/li>\n<\/ul>\n<p><span data-ccp-props=\"{}\">\u00a0<\/span><span data-contrast=\"none\">Da 8 anni in su<\/span><span data-ccp-props=\"{}\">\u00a0<\/span><\/p>\n<p><span data-contrast=\"auto\">Attenzione: Pericolo di soffocamento - Piccole parti. Non adatto a bambini di et\u00e0 inferiore a 3 anni.<\/span><span data-ccp-props=\"{}\">\u00a0<\/span><\/p>","protected":false},"excerpt":{"rendered":"<ul>\n<li>14 cm<\/li>\n<li>Classe Deluxe<\/li>\n<li>Converte il robot in <span class=\"TextRun SCXW56846756 BCX8\" lang=\"EN-US\" xml:lang=\"EN-US\" data-contrast=\"none\"><span class=\"NormalTextRun SCXW56846756 BCX8\">\u00a0<\/span><\/span><span class=\"TextRun Highlight SCXW56846756 BCX8\" lang=\"EN-US\" xml:lang=\"EN-US\" data-contrast=\"none\"><span class=\"NormalTextRun SCXW56846756 BCX8\">getto<\/span><\/span><\/li>\n<li>15 passi<\/li>\n<\/ul>","protected":false},"featured_media":198154,"comment_status":"open","ping_status":"closed","template":"","meta":{"inline_featured_image":false},"product_brand":[],"product_cat":[1955,68,69,1960],"product_tag":[1759,2440,1964,335,2400,2624,1860,1975,204],"giftcard-category":[],"class_list":{"0":"post-198151","1":"product","2":"type-product","3":"status-publish","4":"has-post-thumbnail","6":"product_cat-transformers","7":"product_cat-hasbro","8":"product_cat-takara-tomy","9":"product_cat-transformers-generations","10":"product_tag-action-toys","11":"product_tag-cyberverse-universe","12":"product_tag-deluxe-class","13":"product_tag-hasbro","14":"product_tag-legacy-united","15":"product_tag-slipstream","16":"product_tag-takaratomy","17":"product_tag-toys-figures","18":"product_tag-transformers","19":"product_shipping_class-light","20":"inventories-france-inventory","22":"first","23":"instock","24":"taxable","25":"shipping-taxable","26":"purchasable","27":"product-type-simple","28":"add-to-wishlist-after_add_to_cart"},"yoast_head":"<!-- This site is optimized with the Yoast SEO Premium plugin v25.3.1 (Yoast SEO v27.2) - https:\/\/yoast.com\/product\/yoast-seo-premium-wordpress\/ -->\n<title>Transformers: Legacy United - Cyberverse Universe: Slipstream<\/title>\n<meta name=\"robots\" content=\"index, follow, max-snippet:-1, max-image-preview:large, max-video-preview:-1\" \/>\n<link rel=\"canonical\" href=\"https:\/\/hobby4geek.com\/it\/prodotto\/transformers-legacy-united-cyberverse-universe-slipstream\/\" \/>\n<meta property=\"og:locale\" content=\"it_IT\" \/>\n<meta property=\"og:type\" content=\"article\" \/>\n<meta property=\"og:title\" content=\"Transformers: Legacy United - Cyberverse Universe: Slipstream\" \/>\n<meta property=\"og:description\" content=\"14 cm  Deluxe Class  Converts robot to \u00a0jet  15 steps\" \/>\n<meta property=\"og:url\" content=\"https:\/\/hobby4geek.com\/it\/prodotto\/transformers-legacy-united-cyberverse-universe-slipstream\/\" \/>\n<meta property=\"og:site_name\" content=\"Hobby4Geek\" \/>\n<meta property=\"article:publisher\" content=\"https:\/\/www.facebook.com\/hobby4geek\" \/>\n<meta property=\"article:modified_time\" content=\"2024-08-30T14:41:52+00:00\" \/>\n<meta property=\"og:image\" content=\"https:\/\/hobby4geek.com\/wp-content\/uploads\/2024\/07\/hr_hasf8534_d.jpg\" \/>\n\t<meta property=\"og:image:width\" content=\"2000\" \/>\n\t<meta property=\"og:image:height\" content=\"2000\" \/>\n\t<meta property=\"og:image:type\" content=\"image\/jpeg\" \/>\n<meta name=\"twitter:card\" content=\"summary_large_image\" \/>\n<meta name=\"twitter:site\" content=\"@hobby4geek\" \/>\n<script type=\"application\/ld+json\" class=\"yoast-schema-graph\">{\"@context\":\"https:\/\/schema.org\",\"@graph\":[{\"@type\":\"WebPage\",\"@id\":\"https:\/\/hobby4geek.com\/product\/transformers-legacy-united-cyberverse-universe-slipstream\/\",\"url\":\"https:\/\/hobby4geek.com\/product\/transformers-legacy-united-cyberverse-universe-slipstream\/\",\"name\":\"Transformers: Legacy United - Cyberverse Universe: Slipstream\",\"isPartOf\":{\"@id\":\"https:\/\/hobby4geek.com\/#website\"},\"primaryImageOfPage\":{\"@id\":\"https:\/\/hobby4geek.com\/product\/transformers-legacy-united-cyberverse-universe-slipstream\/#primaryimage\"},\"image\":{\"@id\":\"https:\/\/hobby4geek.com\/product\/transformers-legacy-united-cyberverse-universe-slipstream\/#primaryimage\"},\"thumbnailUrl\":\"https:\/\/hobby4geek.com\/wp-content\/uploads\/2024\/07\/hr_hasf8534_d.jpg\",\"datePublished\":\"2024-07-08T19:46:15+00:00\",\"dateModified\":\"2024-08-30T14:41:52+00:00\",\"breadcrumb\":{\"@id\":\"https:\/\/hobby4geek.com\/product\/transformers-legacy-united-cyberverse-universe-slipstream\/#breadcrumb\"},\"inLanguage\":\"it-IT\",\"potentialAction\":[{\"@type\":\"ReadAction\",\"target\":[\"https:\/\/hobby4geek.com\/product\/transformers-legacy-united-cyberverse-universe-slipstream\/\"]}]},{\"@type\":\"ImageObject\",\"inLanguage\":\"it-IT\",\"@id\":\"https:\/\/hobby4geek.com\/product\/transformers-legacy-united-cyberverse-universe-slipstream\/#primaryimage\",\"url\":\"https:\/\/hobby4geek.com\/wp-content\/uploads\/2024\/07\/hr_hasf8534_d.jpg\",\"contentUrl\":\"https:\/\/hobby4geek.com\/wp-content\/uploads\/2024\/07\/hr_hasf8534_d.jpg\",\"width\":2000,\"height\":2000},{\"@type\":\"BreadcrumbList\",\"@id\":\"https:\/\/hobby4geek.com\/product\/transformers-legacy-united-cyberverse-universe-slipstream\/#breadcrumb\",\"itemListElement\":[{\"@type\":\"ListItem\",\"position\":1,\"name\":\"Home\",\"item\":\"https:\/\/hobby4geek.com\/\"},{\"@type\":\"ListItem\",\"position\":2,\"name\":\"Shop\",\"item\":\"https:\/\/hobby4geek.com\/shop\/\"},{\"@type\":\"ListItem\",\"position\":3,\"name\":\"Transformers: Legacy United &#8211; Cyberverse Universe: Slipstream\"}]},{\"@type\":\"WebSite\",\"@id\":\"https:\/\/hobby4geek.com\/#website\",\"url\":\"https:\/\/hobby4geek.com\/\",\"name\":\"Hobby4Geek\",\"description\":\"Collect, Play &amp; Showcase, Embrace your Geekiness\",\"publisher\":{\"@id\":\"https:\/\/hobby4geek.com\/#organization\"},\"potentialAction\":[{\"@type\":\"SearchAction\",\"target\":{\"@type\":\"EntryPoint\",\"urlTemplate\":\"https:\/\/hobby4geek.com\/?s={search_term_string}\"},\"query-input\":{\"@type\":\"PropertyValueSpecification\",\"valueRequired\":true,\"valueName\":\"search_term_string\"}}],\"inLanguage\":\"it-IT\"},{\"@type\":\"Organization\",\"@id\":\"https:\/\/hobby4geek.com\/#organization\",\"name\":\"Hobby4Geek\",\"url\":\"https:\/\/hobby4geek.com\/\",\"logo\":{\"@type\":\"ImageObject\",\"inLanguage\":\"it-IT\",\"@id\":\"https:\/\/hobby4geek.com\/#\/schema\/logo\/image\/\",\"url\":\"https:\/\/hobby4geek.com\/wp-content\/uploads\/2023\/02\/default-kit.png\",\"contentUrl\":\"https:\/\/hobby4geek.com\/wp-content\/uploads\/2023\/02\/default-kit.png\",\"width\":600,\"height\":600,\"caption\":\"Hobby4Geek\"},\"image\":{\"@id\":\"https:\/\/hobby4geek.com\/#\/schema\/logo\/image\/\"},\"sameAs\":[\"https:\/\/www.facebook.com\/hobby4geek\",\"https:\/\/x.com\/hobby4geek\",\"https:\/\/www.instagram.com\/hobby4geek\/\"]}]}<\/script>\n<meta property=\"product:brand\" content=\"Transformers\" \/>\n<meta property=\"product:price:amount\" content=\"27.80\" \/>\n<meta property=\"product:price:currency\" content=\"EUR\" \/>\n<meta property=\"og:availability\" content=\"instock\" \/>\n<meta property=\"product:availability\" content=\"instock\" \/>\n<meta property=\"product:retailer_item_id\" content=\"5010996254962\" \/>\n<meta property=\"product:condition\" content=\"new\" \/>\n<!-- \/ Yoast SEO Premium plugin. -->","yoast_head_json":{"title":"Transformers: Legacy United - Universo Cyberverse: Slipstream","robots":{"index":"index","follow":"follow","max-snippet":"max-snippet:-1","max-image-preview":"max-image-preview:large","max-video-preview":"max-video-preview:-1"},"canonical":"https:\/\/hobby4geek.com\/it\/prodotto\/transformers-legacy-united-cyberverse-universe-slipstream\/","og_locale":"it_IT","og_type":"article","og_title":"Transformers: Legacy United - Cyberverse Universe: Slipstream","og_description":"14 cm  Deluxe Class  Converts robot to \u00a0jet  15 steps","og_url":"https:\/\/hobby4geek.com\/it\/prodotto\/transformers-legacy-united-cyberverse-universe-slipstream\/","og_site_name":"Hobby4Geek","article_publisher":"https:\/\/www.facebook.com\/hobby4geek","article_modified_time":"2024-08-30T14:41:52+00:00","og_image":[{"width":2000,"height":2000,"url":"https:\/\/hobby4geek.com\/wp-content\/uploads\/2024\/07\/hr_hasf8534_d.jpg","type":"image\/jpeg"}],"twitter_card":"summary_large_image","twitter_site":"@hobby4geek","schema":{"@context":"https:\/\/schema.org","@graph":[{"@type":"WebPage","@id":"https:\/\/hobby4geek.com\/product\/transformers-legacy-united-cyberverse-universe-slipstream\/","url":"https:\/\/hobby4geek.com\/product\/transformers-legacy-united-cyberverse-universe-slipstream\/","name":"Transformers: Legacy United - Universo Cyberverse: Slipstream","isPartOf":{"@id":"https:\/\/hobby4geek.com\/#website"},"primaryImageOfPage":{"@id":"https:\/\/hobby4geek.com\/product\/transformers-legacy-united-cyberverse-universe-slipstream\/#primaryimage"},"image":{"@id":"https:\/\/hobby4geek.com\/product\/transformers-legacy-united-cyberverse-universe-slipstream\/#primaryimage"},"thumbnailUrl":"https:\/\/hobby4geek.com\/wp-content\/uploads\/2024\/07\/hr_hasf8534_d.jpg","datePublished":"2024-07-08T19:46:15+00:00","dateModified":"2024-08-30T14:41:52+00:00","breadcrumb":{"@id":"https:\/\/hobby4geek.com\/product\/transformers-legacy-united-cyberverse-universe-slipstream\/#breadcrumb"},"inLanguage":"it-IT","potentialAction":[{"@type":"ReadAction","target":["https:\/\/hobby4geek.com\/product\/transformers-legacy-united-cyberverse-universe-slipstream\/"]}]},{"@type":"ImageObject","inLanguage":"it-IT","@id":"https:\/\/hobby4geek.com\/product\/transformers-legacy-united-cyberverse-universe-slipstream\/#primaryimage","url":"https:\/\/hobby4geek.com\/wp-content\/uploads\/2024\/07\/hr_hasf8534_d.jpg","contentUrl":"https:\/\/hobby4geek.com\/wp-content\/uploads\/2024\/07\/hr_hasf8534_d.jpg","width":2000,"height":2000},{"@type":"BreadcrumbList","@id":"https:\/\/hobby4geek.com\/product\/transformers-legacy-united-cyberverse-universe-slipstream\/#breadcrumb","itemListElement":[{"@type":"ListItem","position":1,"name":"Home","item":"https:\/\/hobby4geek.com\/"},{"@type":"ListItem","position":2,"name":"Shop","item":"https:\/\/hobby4geek.com\/shop\/"},{"@type":"ListItem","position":3,"name":"Transformers: Legacy United &#8211; Cyberverse Universe: Slipstream"}]},{"@type":"WebSite","@id":"https:\/\/hobby4geek.com\/#website","url":"https:\/\/hobby4geek.com\/","name":"Hobby4Geek","description":"Colleziona, gioca e metti in mostra, abbraccia la tua geekness","publisher":{"@id":"https:\/\/hobby4geek.com\/#organization"},"potentialAction":[{"@type":"SearchAction","target":{"@type":"EntryPoint","urlTemplate":"https:\/\/hobby4geek.com\/?s={search_term_string}"},"query-input":{"@type":"PropertyValueSpecification","valueRequired":true,"valueName":"search_term_string"}}],"inLanguage":"it-IT"},{"@type":"Organization","@id":"https:\/\/hobby4geek.com\/#organization","name":"Hobby4Geek","url":"https:\/\/hobby4geek.com\/","logo":{"@type":"ImageObject","inLanguage":"it-IT","@id":"https:\/\/hobby4geek.com\/#\/schema\/logo\/image\/","url":"https:\/\/hobby4geek.com\/wp-content\/uploads\/2023\/02\/default-kit.png","contentUrl":"https:\/\/hobby4geek.com\/wp-content\/uploads\/2023\/02\/default-kit.png","width":600,"height":600,"caption":"Hobby4Geek"},"image":{"@id":"https:\/\/hobby4geek.com\/#\/schema\/logo\/image\/"},"sameAs":["https:\/\/www.facebook.com\/hobby4geek","https:\/\/x.com\/hobby4geek","https:\/\/www.instagram.com\/hobby4geek\/"]}]},"product_brand":"Transformers","product_price_amount":"27.80","product_price_currency":"EUR","og_availability":"instock","product_availability":"instock","product_retailer_item_id":"5010996254962","product_condition":"new"},"_links":{"self":[{"href":"https:\/\/hobby4geek.com\/it\/wp-json\/wp\/v2\/product\/198151","targetHints":{"allow":["GET"]}}],"collection":[{"href":"https:\/\/hobby4geek.com\/it\/wp-json\/wp\/v2\/product"}],"about":[{"href":"https:\/\/hobby4geek.com\/it\/wp-json\/wp\/v2\/types\/product"}],"replies":[{"embeddable":true,"href":"https:\/\/hobby4geek.com\/it\/wp-json\/wp\/v2\/comments?post=198151"}],"version-history":[{"count":0,"href":"https:\/\/hobby4geek.com\/it\/wp-json\/wp\/v2\/product\/198151\/revisions"}],"wp:featuredmedia":[{"embeddable":true,"href":"https:\/\/hobby4geek.com\/it\/wp-json\/wp\/v2\/media\/198154"}],"wp:attachment":[{"href":"https:\/\/hobby4geek.com\/it\/wp-json\/wp\/v2\/media?parent=198151"}],"wp:term":[{"taxonomy":"product_brand","embeddable":true,"href":"https:\/\/hobby4geek.com\/it\/wp-json\/wp\/v2\/product_brand?post=198151"},{"taxonomy":"product_cat","embeddable":true,"href":"https:\/\/hobby4geek.com\/it\/wp-json\/wp\/v2\/product_cat?post=198151"},{"taxonomy":"product_tag","embeddable":true,"href":"https:\/\/hobby4geek.com\/it\/wp-json\/wp\/v2\/product_tag?post=198151"},{"taxonomy":"giftcard-category","embeddable":true,"href":"https:\/\/hobby4geek.com\/it\/wp-json\/wp\/v2\/giftcard-category?post=198151"}],"curies":[{"name":"wp","href":"https:\/\/api.w.org\/{rel}","templated":true}]}}