{"id":197810,"date":"2024-04-15T12:28:07","date_gmt":"2024-04-15T11:28:07","guid":{"rendered":"https:\/\/hobby4geek.com\/?post_type=product&#038;p=197810"},"modified":"2024-11-30T17:48:16","modified_gmt":"2024-11-30T16:48:16","slug":"masters-of-the-universe-origins-mer-man-cartoon-collection","status":"publish","type":"product","link":"https:\/\/hobby4geek.com\/it\/prodotto\/masters-of-the-universe-origins-mer-man-cartoon-collection\/","title":{"rendered":"Masters of the Universe: Origini - Mer-Man (Collezione di cartoni animati)"},"content":{"rendered":"<p>Questa figura di MOTU Origins Mer-Man \u00e8 ispirata ai cartoni animati originali degli anni '80 in scala 5,5 pollici, ma con la posabilit\u00e0 moderna fornita da 16 articolazioni. Questo giocattolo dei Masters of the Universe del Signore della Guerra degli Acquatici pu\u00f2 riprodurre le pose dei contenuti degli anni '80 o fare nuove mosse d'azione. Ha gambe pi\u00f9 dritte, muscoli delle spalle pi\u00f9 arrotondati e una corporatura complessivamente pi\u00f9 realistica rispetto al design dei cartoni animati. Mer-Man viene fornito con un'imbracatura rimovibile, il suo iconico Tridente, una Perla del Potere e un mini-fumetto. \u00c8 un ottimo regalo per i fan dei MOTU dai 6 anni in su I colori e le decorazioni possono variare.<\/p>\n<ul>\n<li>Questa figura di Mer-Man della Masters of the Universe Origins Cartoon Collection riporter\u00e0 alla mente i ricordi degli anni Ottanta.<\/li>\n<li>Questo giocattolo MOTU Origins \u00e8 un'esecuzione moderna del look vintage dell'Ocean Warlord, ma in scala 5,5 pollici con 16 articolazioni per la massima posabilit\u00e0 e prontezza in battaglia.<\/li>\n<li>Mer-Man \u00e8 dotato del suo caratteristico Tridente dall'aspetto metallico, di una pettorina rimovibile e di una Perla del Potere. Un mini-comic a tema fornisce il contesto della storia del riluttante alleato di Skeletor.<\/li>\n<li>L'accessorio Perla del Potere \u00e8 ispirato all'episodio \"Citt\u00e0 sotto il mare\".<\/li>\n<li>I fan vorranno collezionare tutte le figure della Cartoon Collection per formare una vetrina nostalgica che evochi la meraviglia dell'infanzia degli anni '80.<\/li>\n<li>Questo MOTU Origins Mer-Man \u00e8 un ottimo regalo per i fan dai 6 anni in su.<\/li>\n<\/ul>","protected":false},"excerpt":{"rendered":"<ul>\n<li>5,50 pollici (13,97 cm)<\/li>\n<li>In plastica<\/li>\n<li>Classico design ispirato ai cartoni animati di Masters of the Universe<\/li>\n<li>Fino a 16 punti di articolazione<\/li>\n<li>Confezione in stile retr\u00f2<\/li>\n<\/ul>","protected":false},"featured_media":197814,"comment_status":"open","ping_status":"closed","template":"","meta":{"inline_featured_image":false},"product_brand":[],"product_cat":[2218,2224,2023],"product_tag":[1759,2341,2582,2219,2581,2223,2225,1975],"giftcard-category":[],"class_list":{"0":"post-197810","1":"product","2":"type-product","3":"status-publish","4":"has-post-thumbnail","6":"product_cat-masters-of-the-universe","7":"product_cat-masters-of-the-universe-origins","8":"product_cat-mattel","9":"product_tag-action-toys","10":"product_tag-cartoon-collection","11":"product_tag-hyd31","12":"product_tag-masters-of-the-universe-origins","13":"product_tag-mer-man","14":"product_tag-motu","15":"product_tag-origins","16":"product_tag-toys-figures","17":"product_shipping_class-light","19":"first","20":"outofstock","21":"taxable","22":"shipping-taxable","23":"purchasable","24":"product-type-simple","25":"add-to-wishlist-after_add_to_cart"},"yoast_head":"<!-- This site is optimized with the Yoast SEO Premium plugin v25.3.1 (Yoast SEO v27.2) - https:\/\/yoast.com\/product\/yoast-seo-premium-wordpress\/ -->\n<title>Masters of the Universe: Origins - Mer-Man (Cartoon Collection)<\/title>\n<meta name=\"robots\" content=\"index, follow, max-snippet:-1, max-image-preview:large, max-video-preview:-1\" \/>\n<link rel=\"canonical\" href=\"https:\/\/hobby4geek.com\/it\/prodotto\/masters-of-the-universe-origins-mer-man-cartoon-collection\/\" \/>\n<meta property=\"og:locale\" content=\"it_IT\" \/>\n<meta property=\"og:type\" content=\"article\" \/>\n<meta property=\"og:title\" content=\"Masters of the Universe: Origins - Mer-Man (Cartoon Collection)\" \/>\n<meta property=\"og:description\" content=\"5.50 inches (13.97cm)  Made of plastic  Classic Masters of the Universe cartoon inspired design  Up to 16 points of articulation  Retro-style packaging\" \/>\n<meta property=\"og:url\" content=\"https:\/\/hobby4geek.com\/it\/prodotto\/masters-of-the-universe-origins-mer-man-cartoon-collection\/\" \/>\n<meta property=\"og:site_name\" content=\"Hobby4Geek\" \/>\n<meta property=\"article:publisher\" content=\"https:\/\/www.facebook.com\/hobby4geek\" \/>\n<meta property=\"article:modified_time\" content=\"2024-11-30T16:48:16+00:00\" \/>\n<meta property=\"og:image\" content=\"https:\/\/hobby4geek.com\/wp-content\/uploads\/2024\/06\/masters-of-the-universe-origins-mer-man-cartoon-collection-3.jpg\" \/>\n\t<meta property=\"og:image:width\" content=\"2048\" \/>\n\t<meta property=\"og:image:height\" content=\"2048\" \/>\n\t<meta property=\"og:image:type\" content=\"image\/jpeg\" \/>\n<meta name=\"twitter:card\" content=\"summary_large_image\" \/>\n<meta name=\"twitter:site\" content=\"@hobby4geek\" \/>\n<script type=\"application\/ld+json\" class=\"yoast-schema-graph\">{\"@context\":\"https:\/\/schema.org\",\"@graph\":[{\"@type\":\"WebPage\",\"@id\":\"https:\/\/hobby4geek.com\/product\/masters-of-the-universe-origins-mer-man-cartoon-collection\/\",\"url\":\"https:\/\/hobby4geek.com\/product\/masters-of-the-universe-origins-mer-man-cartoon-collection\/\",\"name\":\"Masters of the Universe: Origins - Mer-Man (Cartoon Collection)\",\"isPartOf\":{\"@id\":\"https:\/\/hobby4geek.com\/#website\"},\"primaryImageOfPage\":{\"@id\":\"https:\/\/hobby4geek.com\/product\/masters-of-the-universe-origins-mer-man-cartoon-collection\/#primaryimage\"},\"image\":{\"@id\":\"https:\/\/hobby4geek.com\/product\/masters-of-the-universe-origins-mer-man-cartoon-collection\/#primaryimage\"},\"thumbnailUrl\":\"https:\/\/hobby4geek.com\/wp-content\/uploads\/2024\/06\/masters-of-the-universe-origins-mer-man-cartoon-collection-3.jpg\",\"datePublished\":\"2024-04-15T11:28:07+00:00\",\"dateModified\":\"2024-11-30T16:48:16+00:00\",\"breadcrumb\":{\"@id\":\"https:\/\/hobby4geek.com\/product\/masters-of-the-universe-origins-mer-man-cartoon-collection\/#breadcrumb\"},\"inLanguage\":\"it-IT\",\"potentialAction\":[{\"@type\":\"ReadAction\",\"target\":[\"https:\/\/hobby4geek.com\/product\/masters-of-the-universe-origins-mer-man-cartoon-collection\/\"]}]},{\"@type\":\"ImageObject\",\"inLanguage\":\"it-IT\",\"@id\":\"https:\/\/hobby4geek.com\/product\/masters-of-the-universe-origins-mer-man-cartoon-collection\/#primaryimage\",\"url\":\"https:\/\/hobby4geek.com\/wp-content\/uploads\/2024\/06\/masters-of-the-universe-origins-mer-man-cartoon-collection-3.jpg\",\"contentUrl\":\"https:\/\/hobby4geek.com\/wp-content\/uploads\/2024\/06\/masters-of-the-universe-origins-mer-man-cartoon-collection-3.jpg\",\"width\":2048,\"height\":2048,\"caption\":\"Masters of the Universe: Origins - Mer-Man (Cartoon Collection)\"},{\"@type\":\"BreadcrumbList\",\"@id\":\"https:\/\/hobby4geek.com\/product\/masters-of-the-universe-origins-mer-man-cartoon-collection\/#breadcrumb\",\"itemListElement\":[{\"@type\":\"ListItem\",\"position\":1,\"name\":\"Home\",\"item\":\"https:\/\/hobby4geek.com\/\"},{\"@type\":\"ListItem\",\"position\":2,\"name\":\"Shop\",\"item\":\"https:\/\/hobby4geek.com\/shop\/\"},{\"@type\":\"ListItem\",\"position\":3,\"name\":\"Masters of the Universe: Origins &#8211; Mer-Man (Cartoon Collection)\"}]},{\"@type\":\"WebSite\",\"@id\":\"https:\/\/hobby4geek.com\/#website\",\"url\":\"https:\/\/hobby4geek.com\/\",\"name\":\"Hobby4Geek\",\"description\":\"Collect, Play &amp; Showcase, Embrace your Geekiness\",\"publisher\":{\"@id\":\"https:\/\/hobby4geek.com\/#organization\"},\"potentialAction\":[{\"@type\":\"SearchAction\",\"target\":{\"@type\":\"EntryPoint\",\"urlTemplate\":\"https:\/\/hobby4geek.com\/?s={search_term_string}\"},\"query-input\":{\"@type\":\"PropertyValueSpecification\",\"valueRequired\":true,\"valueName\":\"search_term_string\"}}],\"inLanguage\":\"it-IT\"},{\"@type\":\"Organization\",\"@id\":\"https:\/\/hobby4geek.com\/#organization\",\"name\":\"Hobby4Geek\",\"url\":\"https:\/\/hobby4geek.com\/\",\"logo\":{\"@type\":\"ImageObject\",\"inLanguage\":\"it-IT\",\"@id\":\"https:\/\/hobby4geek.com\/#\/schema\/logo\/image\/\",\"url\":\"https:\/\/hobby4geek.com\/wp-content\/uploads\/2023\/02\/default-kit.png\",\"contentUrl\":\"https:\/\/hobby4geek.com\/wp-content\/uploads\/2023\/02\/default-kit.png\",\"width\":600,\"height\":600,\"caption\":\"Hobby4Geek\"},\"image\":{\"@id\":\"https:\/\/hobby4geek.com\/#\/schema\/logo\/image\/\"},\"sameAs\":[\"https:\/\/www.facebook.com\/hobby4geek\",\"https:\/\/x.com\/hobby4geek\",\"https:\/\/www.instagram.com\/hobby4geek\/\"]}]}<\/script>\n<meta property=\"product:brand\" content=\"Masters of the Universe\" \/>\n<meta property=\"product:price:amount\" content=\"22.60\" \/>\n<meta property=\"product:price:currency\" content=\"EUR\" \/>\n<meta property=\"og:availability\" content=\"out of stock\" \/>\n<meta property=\"product:availability\" content=\"out of stock\" \/>\n<meta property=\"product:retailer_item_id\" content=\"0194735244225\" \/>\n<meta property=\"product:condition\" content=\"new\" \/>\n<!-- \/ Yoast SEO Premium plugin. -->","yoast_head_json":{"title":"Masters of the Universe: Origini - Mer-Man (Collezione di cartoni animati)","robots":{"index":"index","follow":"follow","max-snippet":"max-snippet:-1","max-image-preview":"max-image-preview:large","max-video-preview":"max-video-preview:-1"},"canonical":"https:\/\/hobby4geek.com\/it\/prodotto\/masters-of-the-universe-origins-mer-man-cartoon-collection\/","og_locale":"it_IT","og_type":"article","og_title":"Masters of the Universe: Origins - Mer-Man (Cartoon Collection)","og_description":"5.50 inches (13.97cm)  Made of plastic  Classic Masters of the Universe cartoon inspired design  Up to 16 points of articulation  Retro-style packaging","og_url":"https:\/\/hobby4geek.com\/it\/prodotto\/masters-of-the-universe-origins-mer-man-cartoon-collection\/","og_site_name":"Hobby4Geek","article_publisher":"https:\/\/www.facebook.com\/hobby4geek","article_modified_time":"2024-11-30T16:48:16+00:00","og_image":[{"width":2048,"height":2048,"url":"https:\/\/hobby4geek.com\/wp-content\/uploads\/2024\/06\/masters-of-the-universe-origins-mer-man-cartoon-collection-3.jpg","type":"image\/jpeg"}],"twitter_card":"summary_large_image","twitter_site":"@hobby4geek","schema":{"@context":"https:\/\/schema.org","@graph":[{"@type":"WebPage","@id":"https:\/\/hobby4geek.com\/product\/masters-of-the-universe-origins-mer-man-cartoon-collection\/","url":"https:\/\/hobby4geek.com\/product\/masters-of-the-universe-origins-mer-man-cartoon-collection\/","name":"Masters of the Universe: Origini - Mer-Man (Collezione di cartoni animati)","isPartOf":{"@id":"https:\/\/hobby4geek.com\/#website"},"primaryImageOfPage":{"@id":"https:\/\/hobby4geek.com\/product\/masters-of-the-universe-origins-mer-man-cartoon-collection\/#primaryimage"},"image":{"@id":"https:\/\/hobby4geek.com\/product\/masters-of-the-universe-origins-mer-man-cartoon-collection\/#primaryimage"},"thumbnailUrl":"https:\/\/hobby4geek.com\/wp-content\/uploads\/2024\/06\/masters-of-the-universe-origins-mer-man-cartoon-collection-3.jpg","datePublished":"2024-04-15T11:28:07+00:00","dateModified":"2024-11-30T16:48:16+00:00","breadcrumb":{"@id":"https:\/\/hobby4geek.com\/product\/masters-of-the-universe-origins-mer-man-cartoon-collection\/#breadcrumb"},"inLanguage":"it-IT","potentialAction":[{"@type":"ReadAction","target":["https:\/\/hobby4geek.com\/product\/masters-of-the-universe-origins-mer-man-cartoon-collection\/"]}]},{"@type":"ImageObject","inLanguage":"it-IT","@id":"https:\/\/hobby4geek.com\/product\/masters-of-the-universe-origins-mer-man-cartoon-collection\/#primaryimage","url":"https:\/\/hobby4geek.com\/wp-content\/uploads\/2024\/06\/masters-of-the-universe-origins-mer-man-cartoon-collection-3.jpg","contentUrl":"https:\/\/hobby4geek.com\/wp-content\/uploads\/2024\/06\/masters-of-the-universe-origins-mer-man-cartoon-collection-3.jpg","width":2048,"height":2048,"caption":"Masters of the Universe: Origins - Mer-Man (Cartoon Collection)"},{"@type":"BreadcrumbList","@id":"https:\/\/hobby4geek.com\/product\/masters-of-the-universe-origins-mer-man-cartoon-collection\/#breadcrumb","itemListElement":[{"@type":"ListItem","position":1,"name":"Home","item":"https:\/\/hobby4geek.com\/"},{"@type":"ListItem","position":2,"name":"Shop","item":"https:\/\/hobby4geek.com\/shop\/"},{"@type":"ListItem","position":3,"name":"Masters of the Universe: Origins &#8211; Mer-Man (Cartoon Collection)"}]},{"@type":"WebSite","@id":"https:\/\/hobby4geek.com\/#website","url":"https:\/\/hobby4geek.com\/","name":"Hobby4Geek","description":"Colleziona, gioca e metti in mostra, abbraccia la tua geekness","publisher":{"@id":"https:\/\/hobby4geek.com\/#organization"},"potentialAction":[{"@type":"SearchAction","target":{"@type":"EntryPoint","urlTemplate":"https:\/\/hobby4geek.com\/?s={search_term_string}"},"query-input":{"@type":"PropertyValueSpecification","valueRequired":true,"valueName":"search_term_string"}}],"inLanguage":"it-IT"},{"@type":"Organization","@id":"https:\/\/hobby4geek.com\/#organization","name":"Hobby4Geek","url":"https:\/\/hobby4geek.com\/","logo":{"@type":"ImageObject","inLanguage":"it-IT","@id":"https:\/\/hobby4geek.com\/#\/schema\/logo\/image\/","url":"https:\/\/hobby4geek.com\/wp-content\/uploads\/2023\/02\/default-kit.png","contentUrl":"https:\/\/hobby4geek.com\/wp-content\/uploads\/2023\/02\/default-kit.png","width":600,"height":600,"caption":"Hobby4Geek"},"image":{"@id":"https:\/\/hobby4geek.com\/#\/schema\/logo\/image\/"},"sameAs":["https:\/\/www.facebook.com\/hobby4geek","https:\/\/x.com\/hobby4geek","https:\/\/www.instagram.com\/hobby4geek\/"]}]},"product_brand":"Masters of the Universe","product_price_amount":"22.60","product_price_currency":"EUR","og_availability":"out of stock","product_availability":"out of stock","product_retailer_item_id":"0194735244225","product_condition":"new"},"_links":{"self":[{"href":"https:\/\/hobby4geek.com\/it\/wp-json\/wp\/v2\/product\/197810","targetHints":{"allow":["GET"]}}],"collection":[{"href":"https:\/\/hobby4geek.com\/it\/wp-json\/wp\/v2\/product"}],"about":[{"href":"https:\/\/hobby4geek.com\/it\/wp-json\/wp\/v2\/types\/product"}],"replies":[{"embeddable":true,"href":"https:\/\/hobby4geek.com\/it\/wp-json\/wp\/v2\/comments?post=197810"}],"version-history":[{"count":0,"href":"https:\/\/hobby4geek.com\/it\/wp-json\/wp\/v2\/product\/197810\/revisions"}],"wp:featuredmedia":[{"embeddable":true,"href":"https:\/\/hobby4geek.com\/it\/wp-json\/wp\/v2\/media\/197814"}],"wp:attachment":[{"href":"https:\/\/hobby4geek.com\/it\/wp-json\/wp\/v2\/media?parent=197810"}],"wp:term":[{"taxonomy":"product_brand","embeddable":true,"href":"https:\/\/hobby4geek.com\/it\/wp-json\/wp\/v2\/product_brand?post=197810"},{"taxonomy":"product_cat","embeddable":true,"href":"https:\/\/hobby4geek.com\/it\/wp-json\/wp\/v2\/product_cat?post=197810"},{"taxonomy":"product_tag","embeddable":true,"href":"https:\/\/hobby4geek.com\/it\/wp-json\/wp\/v2\/product_tag?post=197810"},{"taxonomy":"giftcard-category","embeddable":true,"href":"https:\/\/hobby4geek.com\/it\/wp-json\/wp\/v2\/giftcard-category?post=197810"}],"curies":[{"name":"wp","href":"https:\/\/api.w.org\/{rel}","templated":true}]}}