{"id":196356,"date":"2024-05-01T12:52:37","date_gmt":"2024-05-01T11:52:37","guid":{"rendered":"https:\/\/hobby4geek.com\/?post_type=product&#038;p=196356"},"modified":"2024-06-12T12:00:28","modified_gmt":"2024-06-12T11:00:28","slug":"cyberera-ce-05-blue-warrior-drift","status":"publish","type":"product","link":"https:\/\/hobby4geek.com\/it\/prodotto\/cyberera-ce-05-blue-warrior-drift\/","title":{"rendered":"CyberEra CE-05 Blue Warrior \"Drift\" Et\u00e0 dell'Estinzione"},"content":{"rendered":"<p>CE-05 Blue Warrior viene fornito con accessori, un volto di ricambio, l'armatura anteriore e l'armatura della gonna laterale possono essere spostate per modificare, possono essere spostate un po' meglio dell'MG originale, la deformazione \u00e8 la stessa dell'originale.<\/p>\n<p>Sono state eliminate le molle, un paio di bielle metalliche sono diventate di plastica e sembra che sia stato eliminato uno degli scatti della spalla. \u00c8 stata migliorata la tenuta della fibbia e la vestibilit\u00e0 del modello \u00e8 ok. L'aspetto principale \u00e8 che il design delle articolazioni \u00e8 cos\u00ec fantastico che non \u00e8 un problema giocare come un giocattolo mobile.<\/p>","protected":false},"excerpt":{"rendered":"<ul>\n<li>16 cm<\/li>\n<li>3 modalit\u00e0 (cambio triplo)<\/li>\n<li>Scala Bot\u2248 1:29 (MPM)<\/li>\n<li>2 Missili per aerei<\/li>\n<li>2 spade da samurai<\/li>\n<li>2 Spade dorsali<\/li>\n<li>1 scultura facciale di ricambio<\/li>\n<\/ul>","protected":false},"featured_media":196366,"comment_status":"open","ping_status":"closed","template":"","meta":{"inline_featured_image":false},"product_brand":[],"product_cat":[186],"product_tag":[200,1759,956,199,2544,2543,1539,2542,1213,1641,1642,1643,1644,299,1975,204,1645],"giftcard-category":[],"class_list":{"0":"post-196356","1":"product","2":"type-product","3":"status-publish","4":"has-post-thumbnail","6":"product_cat-cyber-era","7":"product_tag-action-figures","8":"product_tag-action-toys","9":"product_tag-aoe","10":"product_tag-autobot","11":"product_tag-blue-warrior","12":"product_tag-ce-05","13":"product_tag-ce","14":"product_tag-cyberera","15":"product_tag-dlx","16":"product_tag-drift","17":"product_tag-g01","18":"product_tag-haiku","19":"product_tag-metagate","20":"product_tag-mpm","21":"product_tag-toys-figures","22":"product_tag-transformers","23":"product_tag-triplechanger","24":"product_shipping_class-free-shipping","25":"inventories-china-inventory","27":"first","28":"instock","29":"taxable","30":"shipping-taxable","31":"purchasable","32":"product-type-simple","33":"add-to-wishlist-after_add_to_cart"},"yoast_head":"<!-- This site is optimized with the Yoast SEO Premium plugin v25.3.1 (Yoast SEO v27.2) - https:\/\/yoast.com\/product\/yoast-seo-premium-wordpress\/ -->\n<title>CyberEra CE-05 Blue Warrior &quot;Drift&quot; Age of Extinction<\/title>\n<meta name=\"robots\" content=\"index, follow, max-snippet:-1, max-image-preview:large, max-video-preview:-1\" \/>\n<link rel=\"canonical\" href=\"https:\/\/hobby4geek.com\/it\/prodotto\/cyberera-ce-05-blue-warrior-drift\/\" \/>\n<meta property=\"og:locale\" content=\"it_IT\" \/>\n<meta property=\"og:type\" content=\"article\" \/>\n<meta property=\"og:title\" content=\"CyberEra CE-05 Blue Warrior &quot;Drift&quot; Age of Extinction\" \/>\n<meta property=\"og:description\" content=\"16 cm  3 modes (triple changer)  Scale Bot\u2248 1:29 (MPM)  2 Airplane missiles  2 Samurai swords  2 Backswords  1 Replacement face sculpture\" \/>\n<meta property=\"og:url\" content=\"https:\/\/hobby4geek.com\/it\/prodotto\/cyberera-ce-05-blue-warrior-drift\/\" \/>\n<meta property=\"og:site_name\" content=\"Hobby4Geek\" \/>\n<meta property=\"article:publisher\" content=\"https:\/\/www.facebook.com\/hobby4geek\" \/>\n<meta property=\"article:modified_time\" content=\"2024-06-12T11:00:28+00:00\" \/>\n<meta property=\"og:image\" content=\"https:\/\/hobby4geek.com\/wp-content\/uploads\/2024\/05\/cyberera-ce-05-blue-warrior-drift-age-of-extinction-7.jpg\" \/>\n\t<meta property=\"og:image:width\" content=\"1080\" \/>\n\t<meta property=\"og:image:height\" content=\"1220\" \/>\n\t<meta property=\"og:image:type\" content=\"image\/jpeg\" \/>\n<meta name=\"twitter:card\" content=\"summary_large_image\" \/>\n<meta name=\"twitter:site\" content=\"@hobby4geek\" \/>\n<script type=\"application\/ld+json\" class=\"yoast-schema-graph\">{\"@context\":\"https:\/\/schema.org\",\"@graph\":[{\"@type\":\"WebPage\",\"@id\":\"https:\/\/hobby4geek.com\/product\/cyberera-ce-05-blue-warrior-drift\/\",\"url\":\"https:\/\/hobby4geek.com\/product\/cyberera-ce-05-blue-warrior-drift\/\",\"name\":\"CyberEra CE-05 Blue Warrior \\\"Drift\\\" Age of Extinction\",\"isPartOf\":{\"@id\":\"https:\/\/hobby4geek.com\/#website\"},\"primaryImageOfPage\":{\"@id\":\"https:\/\/hobby4geek.com\/product\/cyberera-ce-05-blue-warrior-drift\/#primaryimage\"},\"image\":{\"@id\":\"https:\/\/hobby4geek.com\/product\/cyberera-ce-05-blue-warrior-drift\/#primaryimage\"},\"thumbnailUrl\":\"https:\/\/hobby4geek.com\/wp-content\/uploads\/2024\/05\/cyberera-ce-05-blue-warrior-drift-age-of-extinction-7.jpg\",\"datePublished\":\"2024-05-01T11:52:37+00:00\",\"dateModified\":\"2024-06-12T11:00:28+00:00\",\"breadcrumb\":{\"@id\":\"https:\/\/hobby4geek.com\/product\/cyberera-ce-05-blue-warrior-drift\/#breadcrumb\"},\"inLanguage\":\"it-IT\",\"potentialAction\":[{\"@type\":\"ReadAction\",\"target\":[\"https:\/\/hobby4geek.com\/product\/cyberera-ce-05-blue-warrior-drift\/\"]}]},{\"@type\":\"ImageObject\",\"inLanguage\":\"it-IT\",\"@id\":\"https:\/\/hobby4geek.com\/product\/cyberera-ce-05-blue-warrior-drift\/#primaryimage\",\"url\":\"https:\/\/hobby4geek.com\/wp-content\/uploads\/2024\/05\/cyberera-ce-05-blue-warrior-drift-age-of-extinction-7.jpg\",\"contentUrl\":\"https:\/\/hobby4geek.com\/wp-content\/uploads\/2024\/05\/cyberera-ce-05-blue-warrior-drift-age-of-extinction-7.jpg\",\"width\":1080,\"height\":1220,\"caption\":\"CyberEra CE-05 Blue Warrior \\\"Drift\\\" Age of Extinction\"},{\"@type\":\"BreadcrumbList\",\"@id\":\"https:\/\/hobby4geek.com\/product\/cyberera-ce-05-blue-warrior-drift\/#breadcrumb\",\"itemListElement\":[{\"@type\":\"ListItem\",\"position\":1,\"name\":\"Home\",\"item\":\"https:\/\/hobby4geek.com\/\"},{\"@type\":\"ListItem\",\"position\":2,\"name\":\"Shop\",\"item\":\"https:\/\/hobby4geek.com\/shop\/\"},{\"@type\":\"ListItem\",\"position\":3,\"name\":\"CyberEra CE-05 Blue Warrior &#8220;Drift&#8221; Age of Extinction\"}]},{\"@type\":\"WebSite\",\"@id\":\"https:\/\/hobby4geek.com\/#website\",\"url\":\"https:\/\/hobby4geek.com\/\",\"name\":\"Hobby4Geek\",\"description\":\"Collect, Play &amp; Showcase, Embrace your Geekiness\",\"publisher\":{\"@id\":\"https:\/\/hobby4geek.com\/#organization\"},\"potentialAction\":[{\"@type\":\"SearchAction\",\"target\":{\"@type\":\"EntryPoint\",\"urlTemplate\":\"https:\/\/hobby4geek.com\/?s={search_term_string}\"},\"query-input\":{\"@type\":\"PropertyValueSpecification\",\"valueRequired\":true,\"valueName\":\"search_term_string\"}}],\"inLanguage\":\"it-IT\"},{\"@type\":\"Organization\",\"@id\":\"https:\/\/hobby4geek.com\/#organization\",\"name\":\"Hobby4Geek\",\"url\":\"https:\/\/hobby4geek.com\/\",\"logo\":{\"@type\":\"ImageObject\",\"inLanguage\":\"it-IT\",\"@id\":\"https:\/\/hobby4geek.com\/#\/schema\/logo\/image\/\",\"url\":\"https:\/\/hobby4geek.com\/wp-content\/uploads\/2023\/02\/default-kit.png\",\"contentUrl\":\"https:\/\/hobby4geek.com\/wp-content\/uploads\/2023\/02\/default-kit.png\",\"width\":600,\"height\":600,\"caption\":\"Hobby4Geek\"},\"image\":{\"@id\":\"https:\/\/hobby4geek.com\/#\/schema\/logo\/image\/\"},\"sameAs\":[\"https:\/\/www.facebook.com\/hobby4geek\",\"https:\/\/x.com\/hobby4geek\",\"https:\/\/www.instagram.com\/hobby4geek\/\"]}]}<\/script>\n<meta property=\"product:brand\" content=\"Cyber Era\" \/>\n<meta property=\"product:price:amount\" content=\"84.00\" \/>\n<meta property=\"product:price:currency\" content=\"EUR\" \/>\n<meta property=\"og:availability\" content=\"instock\" \/>\n<meta property=\"product:availability\" content=\"instock\" \/>\n<meta property=\"product:condition\" content=\"new\" \/>\n<!-- \/ Yoast SEO Premium plugin. -->","yoast_head_json":{"title":"CyberEra CE-05 Blue Warrior \"Drift\" Et\u00e0 dell'Estinzione","robots":{"index":"index","follow":"follow","max-snippet":"max-snippet:-1","max-image-preview":"max-image-preview:large","max-video-preview":"max-video-preview:-1"},"canonical":"https:\/\/hobby4geek.com\/it\/prodotto\/cyberera-ce-05-blue-warrior-drift\/","og_locale":"it_IT","og_type":"article","og_title":"CyberEra CE-05 Blue Warrior \"Drift\" Age of Extinction","og_description":"16 cm  3 modes (triple changer)  Scale Bot\u2248 1:29 (MPM)  2 Airplane missiles  2 Samurai swords  2 Backswords  1 Replacement face sculpture","og_url":"https:\/\/hobby4geek.com\/it\/prodotto\/cyberera-ce-05-blue-warrior-drift\/","og_site_name":"Hobby4Geek","article_publisher":"https:\/\/www.facebook.com\/hobby4geek","article_modified_time":"2024-06-12T11:00:28+00:00","og_image":[{"width":1080,"height":1220,"url":"https:\/\/hobby4geek.com\/wp-content\/uploads\/2024\/05\/cyberera-ce-05-blue-warrior-drift-age-of-extinction-7.jpg","type":"image\/jpeg"}],"twitter_card":"summary_large_image","twitter_site":"@hobby4geek","schema":{"@context":"https:\/\/schema.org","@graph":[{"@type":"WebPage","@id":"https:\/\/hobby4geek.com\/product\/cyberera-ce-05-blue-warrior-drift\/","url":"https:\/\/hobby4geek.com\/product\/cyberera-ce-05-blue-warrior-drift\/","name":"CyberEra CE-05 Blue Warrior \"Drift\" Et\u00e0 dell'Estinzione","isPartOf":{"@id":"https:\/\/hobby4geek.com\/#website"},"primaryImageOfPage":{"@id":"https:\/\/hobby4geek.com\/product\/cyberera-ce-05-blue-warrior-drift\/#primaryimage"},"image":{"@id":"https:\/\/hobby4geek.com\/product\/cyberera-ce-05-blue-warrior-drift\/#primaryimage"},"thumbnailUrl":"https:\/\/hobby4geek.com\/wp-content\/uploads\/2024\/05\/cyberera-ce-05-blue-warrior-drift-age-of-extinction-7.jpg","datePublished":"2024-05-01T11:52:37+00:00","dateModified":"2024-06-12T11:00:28+00:00","breadcrumb":{"@id":"https:\/\/hobby4geek.com\/product\/cyberera-ce-05-blue-warrior-drift\/#breadcrumb"},"inLanguage":"it-IT","potentialAction":[{"@type":"ReadAction","target":["https:\/\/hobby4geek.com\/product\/cyberera-ce-05-blue-warrior-drift\/"]}]},{"@type":"ImageObject","inLanguage":"it-IT","@id":"https:\/\/hobby4geek.com\/product\/cyberera-ce-05-blue-warrior-drift\/#primaryimage","url":"https:\/\/hobby4geek.com\/wp-content\/uploads\/2024\/05\/cyberera-ce-05-blue-warrior-drift-age-of-extinction-7.jpg","contentUrl":"https:\/\/hobby4geek.com\/wp-content\/uploads\/2024\/05\/cyberera-ce-05-blue-warrior-drift-age-of-extinction-7.jpg","width":1080,"height":1220,"caption":"CyberEra CE-05 Blue Warrior \"Drift\" Age of Extinction"},{"@type":"BreadcrumbList","@id":"https:\/\/hobby4geek.com\/product\/cyberera-ce-05-blue-warrior-drift\/#breadcrumb","itemListElement":[{"@type":"ListItem","position":1,"name":"Home","item":"https:\/\/hobby4geek.com\/"},{"@type":"ListItem","position":2,"name":"Shop","item":"https:\/\/hobby4geek.com\/shop\/"},{"@type":"ListItem","position":3,"name":"CyberEra CE-05 Blue Warrior &#8220;Drift&#8221; Age of Extinction"}]},{"@type":"WebSite","@id":"https:\/\/hobby4geek.com\/#website","url":"https:\/\/hobby4geek.com\/","name":"Hobby4Geek","description":"Colleziona, gioca e metti in mostra, abbraccia la tua geekness","publisher":{"@id":"https:\/\/hobby4geek.com\/#organization"},"potentialAction":[{"@type":"SearchAction","target":{"@type":"EntryPoint","urlTemplate":"https:\/\/hobby4geek.com\/?s={search_term_string}"},"query-input":{"@type":"PropertyValueSpecification","valueRequired":true,"valueName":"search_term_string"}}],"inLanguage":"it-IT"},{"@type":"Organization","@id":"https:\/\/hobby4geek.com\/#organization","name":"Hobby4Geek","url":"https:\/\/hobby4geek.com\/","logo":{"@type":"ImageObject","inLanguage":"it-IT","@id":"https:\/\/hobby4geek.com\/#\/schema\/logo\/image\/","url":"https:\/\/hobby4geek.com\/wp-content\/uploads\/2023\/02\/default-kit.png","contentUrl":"https:\/\/hobby4geek.com\/wp-content\/uploads\/2023\/02\/default-kit.png","width":600,"height":600,"caption":"Hobby4Geek"},"image":{"@id":"https:\/\/hobby4geek.com\/#\/schema\/logo\/image\/"},"sameAs":["https:\/\/www.facebook.com\/hobby4geek","https:\/\/x.com\/hobby4geek","https:\/\/www.instagram.com\/hobby4geek\/"]}]},"product_brand":"Cyber Era","product_price_amount":"84.00","product_price_currency":"EUR","og_availability":"instock","product_availability":"instock","product_condition":"new"},"_links":{"self":[{"href":"https:\/\/hobby4geek.com\/it\/wp-json\/wp\/v2\/product\/196356","targetHints":{"allow":["GET"]}}],"collection":[{"href":"https:\/\/hobby4geek.com\/it\/wp-json\/wp\/v2\/product"}],"about":[{"href":"https:\/\/hobby4geek.com\/it\/wp-json\/wp\/v2\/types\/product"}],"replies":[{"embeddable":true,"href":"https:\/\/hobby4geek.com\/it\/wp-json\/wp\/v2\/comments?post=196356"}],"version-history":[{"count":0,"href":"https:\/\/hobby4geek.com\/it\/wp-json\/wp\/v2\/product\/196356\/revisions"}],"wp:featuredmedia":[{"embeddable":true,"href":"https:\/\/hobby4geek.com\/it\/wp-json\/wp\/v2\/media\/196366"}],"wp:attachment":[{"href":"https:\/\/hobby4geek.com\/it\/wp-json\/wp\/v2\/media?parent=196356"}],"wp:term":[{"taxonomy":"product_brand","embeddable":true,"href":"https:\/\/hobby4geek.com\/it\/wp-json\/wp\/v2\/product_brand?post=196356"},{"taxonomy":"product_cat","embeddable":true,"href":"https:\/\/hobby4geek.com\/it\/wp-json\/wp\/v2\/product_cat?post=196356"},{"taxonomy":"product_tag","embeddable":true,"href":"https:\/\/hobby4geek.com\/it\/wp-json\/wp\/v2\/product_tag?post=196356"},{"taxonomy":"giftcard-category","embeddable":true,"href":"https:\/\/hobby4geek.com\/it\/wp-json\/wp\/v2\/giftcard-category?post=196356"}],"curies":[{"name":"wp","href":"https:\/\/api.w.org\/{rel}","templated":true}]}}