{"id":192846,"date":"2024-04-16T19:08:18","date_gmt":"2024-04-16T18:08:18","guid":{"rendered":"https:\/\/hobby4geek.com\/?post_type=product&#038;p=192846"},"modified":"2025-06-08T12:12:37","modified_gmt":"2025-06-08T11:12:37","slug":"the-transformers-the-movie-studio-series-86-25-autobot-blaster-eject","status":"publish","type":"product","link":"https:\/\/hobby4geek.com\/it\/prodotto\/the-transformers-the-movie-studio-series-86-25-autobot-blaster-eject\/","title":{"rendered":"Transformers: Il film - Serie Studio 86-25 - Autobot Blaster &amp; Eject"},"content":{"rendered":"<p>Portate l'azione epica dei film Transformers dal grande schermo nella vostra collezione con le action figure Transformers Studio Series Voyager Class Autobot Blaster e Eject, ispirate a The Transformers: The Movie! I giocattoli Transformers Studio Series sono action figure da collezione che presentano dettagli e accessori ispirati al film.<\/p>\n<p>Convertire l'action figure Autobot Blaster Studio Series Transformers dalla modalit\u00e0 robot alla modalit\u00e0 boombox in 20 passaggi e convertire la figura Eject alla modalit\u00e0 mini-cassetta in 8 passaggi.<\/p>\n<p>Mettete in posa le figure nel fondale rimovibile Decepticon Shuttle Ambush incluso. Cercate altre figure da collezione Transformers Studio Series per costruire una collezione ispirata al film (ognuna venduta separatamente, soggetta a disponibilit\u00e0)!<\/p>\n<p>&nbsp;<\/p>","protected":false},"excerpt":{"rendered":"<ul>\n<li>16,5 cm<\/li>\n<li>Classe Voyager<\/li>\n<li>Autobot Blaster Convertire il robot in uno stereo portatile<\/li>\n<li>20 Passi<\/li>\n<li>Espulsione Convertire il robot in mini-cassetta<\/li>\n<li>8 passi<\/li>\n<\/ul>","protected":false},"featured_media":192848,"comment_status":"open","ping_status":"closed","template":"","meta":{"inline_featured_image":false},"product_brand":[],"product_cat":[1955,68,69,1960],"product_tag":[1759,199,2444,335,2445,203,2048,1975,204,1961,1962,1994,1910],"giftcard-category":[],"class_list":{"0":"post-192846","1":"product","2":"type-product","3":"status-publish","4":"has-post-thumbnail","6":"product_cat-transformers","7":"product_cat-hasbro","8":"product_cat-takara-tomy","9":"product_cat-transformers-generations","10":"product_tag-action-toys","11":"product_tag-autobot","12":"product_tag-blaster-eject","13":"product_tag-hasbro","14":"product_tag-studio-series-86-25","15":"product_tag-takara-tomy","16":"product_tag-the-movie","17":"product_tag-toys-figures","18":"product_tag-transformers","19":"product_tag-transformers-authentic","20":"product_tag-transformers-generations","21":"product_tag-transformers-studio-series","22":"product_tag-voyager-class","23":"product_shipping_class-light","25":"first","26":"outofstock","27":"taxable","28":"shipping-taxable","29":"purchasable","30":"product-type-simple","31":"add-to-wishlist-after_add_to_cart"},"yoast_head":"<!-- This site is optimized with the Yoast SEO Premium plugin v25.3.1 (Yoast SEO v27.2) - https:\/\/yoast.com\/product\/yoast-seo-premium-wordpress\/ -->\n<title>The Transformers: The Movie - Studio Series 86-25 - Autobot Blaster &amp; Eject<\/title>\n<meta name=\"robots\" content=\"index, follow, max-snippet:-1, max-image-preview:large, max-video-preview:-1\" \/>\n<link rel=\"canonical\" href=\"https:\/\/hobby4geek.com\/it\/prodotto\/the-transformers-the-movie-studio-series-86-25-autobot-blaster-eject\/\" \/>\n<meta property=\"og:locale\" content=\"it_IT\" \/>\n<meta property=\"og:type\" content=\"article\" \/>\n<meta property=\"og:title\" content=\"The Transformers: The Movie - Studio Series 86-25 - Autobot Blaster &amp; Eject\" \/>\n<meta property=\"og:description\" content=\"16.5 cm  Voyager Class  Autobot Blaster Convert robot to boombox  20 Steps  Eject Convert robot to mini-cassette  8 steps\" \/>\n<meta property=\"og:url\" content=\"https:\/\/hobby4geek.com\/it\/prodotto\/the-transformers-the-movie-studio-series-86-25-autobot-blaster-eject\/\" \/>\n<meta property=\"og:site_name\" content=\"Hobby4Geek\" \/>\n<meta property=\"article:publisher\" content=\"https:\/\/www.facebook.com\/hobby4geek\" \/>\n<meta property=\"article:modified_time\" content=\"2025-06-08T11:12:37+00:00\" \/>\n<meta property=\"og:image\" content=\"https:\/\/hobby4geek.com\/wp-content\/uploads\/2024\/03\/the-transformers-the-movie-studio-series-86-25-autobot-blaster-eject-11.webp\" \/>\n\t<meta property=\"og:image:width\" content=\"2000\" \/>\n\t<meta property=\"og:image:height\" content=\"2000\" \/>\n\t<meta property=\"og:image:type\" content=\"image\/webp\" \/>\n<meta name=\"twitter:card\" content=\"summary_large_image\" \/>\n<meta name=\"twitter:site\" content=\"@hobby4geek\" \/>\n<script type=\"application\/ld+json\" class=\"yoast-schema-graph\">{\"@context\":\"https:\/\/schema.org\",\"@graph\":[{\"@type\":\"WebPage\",\"@id\":\"https:\/\/hobby4geek.com\/product\/the-transformers-the-movie-studio-series-86-25-autobot-blaster-eject\/\",\"url\":\"https:\/\/hobby4geek.com\/product\/the-transformers-the-movie-studio-series-86-25-autobot-blaster-eject\/\",\"name\":\"The Transformers: The Movie - Studio Series 86-25 - Autobot Blaster & Eject\",\"isPartOf\":{\"@id\":\"https:\/\/hobby4geek.com\/#website\"},\"primaryImageOfPage\":{\"@id\":\"https:\/\/hobby4geek.com\/product\/the-transformers-the-movie-studio-series-86-25-autobot-blaster-eject\/#primaryimage\"},\"image\":{\"@id\":\"https:\/\/hobby4geek.com\/product\/the-transformers-the-movie-studio-series-86-25-autobot-blaster-eject\/#primaryimage\"},\"thumbnailUrl\":\"https:\/\/hobby4geek.com\/wp-content\/uploads\/2024\/03\/the-transformers-the-movie-studio-series-86-25-autobot-blaster-eject-11.webp\",\"datePublished\":\"2024-04-16T18:08:18+00:00\",\"dateModified\":\"2025-06-08T11:12:37+00:00\",\"breadcrumb\":{\"@id\":\"https:\/\/hobby4geek.com\/product\/the-transformers-the-movie-studio-series-86-25-autobot-blaster-eject\/#breadcrumb\"},\"inLanguage\":\"it-IT\",\"potentialAction\":[{\"@type\":\"ReadAction\",\"target\":[\"https:\/\/hobby4geek.com\/product\/the-transformers-the-movie-studio-series-86-25-autobot-blaster-eject\/\"]}]},{\"@type\":\"ImageObject\",\"inLanguage\":\"it-IT\",\"@id\":\"https:\/\/hobby4geek.com\/product\/the-transformers-the-movie-studio-series-86-25-autobot-blaster-eject\/#primaryimage\",\"url\":\"https:\/\/hobby4geek.com\/wp-content\/uploads\/2024\/03\/the-transformers-the-movie-studio-series-86-25-autobot-blaster-eject-11.webp\",\"contentUrl\":\"https:\/\/hobby4geek.com\/wp-content\/uploads\/2024\/03\/the-transformers-the-movie-studio-series-86-25-autobot-blaster-eject-11.webp\",\"width\":2000,\"height\":2000,\"caption\":\"The Transformers The Movie Studio Series 86 25 Autobot Blaster Eject 11\"},{\"@type\":\"BreadcrumbList\",\"@id\":\"https:\/\/hobby4geek.com\/product\/the-transformers-the-movie-studio-series-86-25-autobot-blaster-eject\/#breadcrumb\",\"itemListElement\":[{\"@type\":\"ListItem\",\"position\":1,\"name\":\"Home\",\"item\":\"https:\/\/hobby4geek.com\/\"},{\"@type\":\"ListItem\",\"position\":2,\"name\":\"Shop\",\"item\":\"https:\/\/hobby4geek.com\/shop\/\"},{\"@type\":\"ListItem\",\"position\":3,\"name\":\"The Transformers: The Movie &#8211; Studio Series 86-25 &#8211; Autobot Blaster &#038; Eject\"}]},{\"@type\":\"WebSite\",\"@id\":\"https:\/\/hobby4geek.com\/#website\",\"url\":\"https:\/\/hobby4geek.com\/\",\"name\":\"Hobby4Geek\",\"description\":\"Collect, Play &amp; Showcase, Embrace your Geekiness\",\"publisher\":{\"@id\":\"https:\/\/hobby4geek.com\/#organization\"},\"potentialAction\":[{\"@type\":\"SearchAction\",\"target\":{\"@type\":\"EntryPoint\",\"urlTemplate\":\"https:\/\/hobby4geek.com\/?s={search_term_string}\"},\"query-input\":{\"@type\":\"PropertyValueSpecification\",\"valueRequired\":true,\"valueName\":\"search_term_string\"}}],\"inLanguage\":\"it-IT\"},{\"@type\":\"Organization\",\"@id\":\"https:\/\/hobby4geek.com\/#organization\",\"name\":\"Hobby4Geek\",\"url\":\"https:\/\/hobby4geek.com\/\",\"logo\":{\"@type\":\"ImageObject\",\"inLanguage\":\"it-IT\",\"@id\":\"https:\/\/hobby4geek.com\/#\/schema\/logo\/image\/\",\"url\":\"https:\/\/hobby4geek.com\/wp-content\/uploads\/2023\/02\/default-kit.png\",\"contentUrl\":\"https:\/\/hobby4geek.com\/wp-content\/uploads\/2023\/02\/default-kit.png\",\"width\":600,\"height\":600,\"caption\":\"Hobby4Geek\"},\"image\":{\"@id\":\"https:\/\/hobby4geek.com\/#\/schema\/logo\/image\/\"},\"sameAs\":[\"https:\/\/www.facebook.com\/hobby4geek\",\"https:\/\/x.com\/hobby4geek\",\"https:\/\/www.instagram.com\/hobby4geek\/\"]}]}<\/script>\n<meta property=\"product:brand\" content=\"Transformers\" \/>\n<meta property=\"product:price:amount\" content=\"38.60\" \/>\n<meta property=\"product:price:currency\" content=\"EUR\" \/>\n<meta property=\"og:availability\" content=\"out of stock\" \/>\n<meta property=\"product:availability\" content=\"out of stock\" \/>\n<meta property=\"product:retailer_item_id\" content=\"5010996211859\" \/>\n<meta property=\"product:condition\" content=\"new\" \/>\n<!-- \/ Yoast SEO Premium plugin. -->","yoast_head_json":{"title":"Transformers: Il film - Studio Series 86-25 - Autobot Blaster ed espulsione","robots":{"index":"index","follow":"follow","max-snippet":"max-snippet:-1","max-image-preview":"max-image-preview:large","max-video-preview":"max-video-preview:-1"},"canonical":"https:\/\/hobby4geek.com\/it\/prodotto\/the-transformers-the-movie-studio-series-86-25-autobot-blaster-eject\/","og_locale":"it_IT","og_type":"article","og_title":"The Transformers: The Movie - Studio Series 86-25 - Autobot Blaster & Eject","og_description":"16.5 cm  Voyager Class  Autobot Blaster Convert robot to boombox  20 Steps  Eject Convert robot to mini-cassette  8 steps","og_url":"https:\/\/hobby4geek.com\/it\/prodotto\/the-transformers-the-movie-studio-series-86-25-autobot-blaster-eject\/","og_site_name":"Hobby4Geek","article_publisher":"https:\/\/www.facebook.com\/hobby4geek","article_modified_time":"2025-06-08T11:12:37+00:00","og_image":[{"width":2000,"height":2000,"url":"https:\/\/hobby4geek.com\/wp-content\/uploads\/2024\/03\/the-transformers-the-movie-studio-series-86-25-autobot-blaster-eject-11.webp","type":"image\/webp"}],"twitter_card":"summary_large_image","twitter_site":"@hobby4geek","schema":{"@context":"https:\/\/schema.org","@graph":[{"@type":"WebPage","@id":"https:\/\/hobby4geek.com\/product\/the-transformers-the-movie-studio-series-86-25-autobot-blaster-eject\/","url":"https:\/\/hobby4geek.com\/product\/the-transformers-the-movie-studio-series-86-25-autobot-blaster-eject\/","name":"Transformers: Il film - Studio Series 86-25 - Autobot Blaster ed espulsione","isPartOf":{"@id":"https:\/\/hobby4geek.com\/#website"},"primaryImageOfPage":{"@id":"https:\/\/hobby4geek.com\/product\/the-transformers-the-movie-studio-series-86-25-autobot-blaster-eject\/#primaryimage"},"image":{"@id":"https:\/\/hobby4geek.com\/product\/the-transformers-the-movie-studio-series-86-25-autobot-blaster-eject\/#primaryimage"},"thumbnailUrl":"https:\/\/hobby4geek.com\/wp-content\/uploads\/2024\/03\/the-transformers-the-movie-studio-series-86-25-autobot-blaster-eject-11.webp","datePublished":"2024-04-16T18:08:18+00:00","dateModified":"2025-06-08T11:12:37+00:00","breadcrumb":{"@id":"https:\/\/hobby4geek.com\/product\/the-transformers-the-movie-studio-series-86-25-autobot-blaster-eject\/#breadcrumb"},"inLanguage":"it-IT","potentialAction":[{"@type":"ReadAction","target":["https:\/\/hobby4geek.com\/product\/the-transformers-the-movie-studio-series-86-25-autobot-blaster-eject\/"]}]},{"@type":"ImageObject","inLanguage":"it-IT","@id":"https:\/\/hobby4geek.com\/product\/the-transformers-the-movie-studio-series-86-25-autobot-blaster-eject\/#primaryimage","url":"https:\/\/hobby4geek.com\/wp-content\/uploads\/2024\/03\/the-transformers-the-movie-studio-series-86-25-autobot-blaster-eject-11.webp","contentUrl":"https:\/\/hobby4geek.com\/wp-content\/uploads\/2024\/03\/the-transformers-the-movie-studio-series-86-25-autobot-blaster-eject-11.webp","width":2000,"height":2000,"caption":"The Transformers The Movie Studio Series 86 25 Autobot Blaster Eject 11"},{"@type":"BreadcrumbList","@id":"https:\/\/hobby4geek.com\/product\/the-transformers-the-movie-studio-series-86-25-autobot-blaster-eject\/#breadcrumb","itemListElement":[{"@type":"ListItem","position":1,"name":"Home","item":"https:\/\/hobby4geek.com\/"},{"@type":"ListItem","position":2,"name":"Shop","item":"https:\/\/hobby4geek.com\/shop\/"},{"@type":"ListItem","position":3,"name":"The Transformers: The Movie &#8211; Studio Series 86-25 &#8211; Autobot Blaster &#038; Eject"}]},{"@type":"WebSite","@id":"https:\/\/hobby4geek.com\/#website","url":"https:\/\/hobby4geek.com\/","name":"Hobby4Geek","description":"Colleziona, gioca e metti in mostra, abbraccia la tua geekness","publisher":{"@id":"https:\/\/hobby4geek.com\/#organization"},"potentialAction":[{"@type":"SearchAction","target":{"@type":"EntryPoint","urlTemplate":"https:\/\/hobby4geek.com\/?s={search_term_string}"},"query-input":{"@type":"PropertyValueSpecification","valueRequired":true,"valueName":"search_term_string"}}],"inLanguage":"it-IT"},{"@type":"Organization","@id":"https:\/\/hobby4geek.com\/#organization","name":"Hobby4Geek","url":"https:\/\/hobby4geek.com\/","logo":{"@type":"ImageObject","inLanguage":"it-IT","@id":"https:\/\/hobby4geek.com\/#\/schema\/logo\/image\/","url":"https:\/\/hobby4geek.com\/wp-content\/uploads\/2023\/02\/default-kit.png","contentUrl":"https:\/\/hobby4geek.com\/wp-content\/uploads\/2023\/02\/default-kit.png","width":600,"height":600,"caption":"Hobby4Geek"},"image":{"@id":"https:\/\/hobby4geek.com\/#\/schema\/logo\/image\/"},"sameAs":["https:\/\/www.facebook.com\/hobby4geek","https:\/\/x.com\/hobby4geek","https:\/\/www.instagram.com\/hobby4geek\/"]}]},"product_brand":"Transformers","product_price_amount":"38.60","product_price_currency":"EUR","og_availability":"out of stock","product_availability":"out of stock","product_retailer_item_id":"5010996211859","product_condition":"new"},"_links":{"self":[{"href":"https:\/\/hobby4geek.com\/it\/wp-json\/wp\/v2\/product\/192846","targetHints":{"allow":["GET"]}}],"collection":[{"href":"https:\/\/hobby4geek.com\/it\/wp-json\/wp\/v2\/product"}],"about":[{"href":"https:\/\/hobby4geek.com\/it\/wp-json\/wp\/v2\/types\/product"}],"replies":[{"embeddable":true,"href":"https:\/\/hobby4geek.com\/it\/wp-json\/wp\/v2\/comments?post=192846"}],"version-history":[{"count":0,"href":"https:\/\/hobby4geek.com\/it\/wp-json\/wp\/v2\/product\/192846\/revisions"}],"wp:featuredmedia":[{"embeddable":true,"href":"https:\/\/hobby4geek.com\/it\/wp-json\/wp\/v2\/media\/192848"}],"wp:attachment":[{"href":"https:\/\/hobby4geek.com\/it\/wp-json\/wp\/v2\/media?parent=192846"}],"wp:term":[{"taxonomy":"product_brand","embeddable":true,"href":"https:\/\/hobby4geek.com\/it\/wp-json\/wp\/v2\/product_brand?post=192846"},{"taxonomy":"product_cat","embeddable":true,"href":"https:\/\/hobby4geek.com\/it\/wp-json\/wp\/v2\/product_cat?post=192846"},{"taxonomy":"product_tag","embeddable":true,"href":"https:\/\/hobby4geek.com\/it\/wp-json\/wp\/v2\/product_tag?post=192846"},{"taxonomy":"giftcard-category","embeddable":true,"href":"https:\/\/hobby4geek.com\/it\/wp-json\/wp\/v2\/giftcard-category?post=192846"}],"curies":[{"name":"wp","href":"https:\/\/api.w.org\/{rel}","templated":true}]}}