{"id":190685,"date":"2023-11-09T21:34:05","date_gmt":"2023-11-09T19:34:05","guid":{"rendered":"https:\/\/hobby4geek.com\/?post_type=product&#038;p=190685"},"modified":"2024-05-12T12:54:35","modified_gmt":"2024-05-12T11:54:35","slug":"fans-hobby-master-builder-mb-08-double-evil","status":"publish","type":"product","link":"https:\/\/hobby4geek.com\/it\/prodotto\/fans-hobby-master-builder-mb-08-double-evil\/","title":{"rendered":"Fans Hobby - Master Builder - MB-08 - Double Evil"},"content":{"rendered":"<p>La figura MB-08 Double Evil fa parte della serie Master Builder di Fans Hobby. Tutte le figure di questa serie sono in scala Masterpiece e questa figura \u00e8 alta 15 pollici in modalit\u00e0 robot. La modalit\u00e0 alternativa di MB-08 Double Evil \u00e8 un carro armato, un aereo e una base con un arsenale completo di armi e accessori.<\/p>\n<p>Le figure Fans Hobby sono progettate utilizzando moderne tecniche di produzione e sono costruite in plastica ABS di alta qualit\u00e0 e sono dotate di piastre di incisione in acciaio inossidabile nella zona della cabina di pilotaggio: perfette da esporre nella vostra collezione.   Fans Hobby offre un vasto assortimento di figure trasformabili di terze parti di alta qualit\u00e0.  Le figure e i set di aggiornamento hanno una superba attenzione ai dettagli, sono altamente articolati e posabili e tutta la loro linea \u00e8 in scala Masterpiece.<\/p>\n<ul>\n<li id=\"specs-toy_series-data\">Serie di giocattoli: Master Builder<\/li>\n<li>Scala: Masterpiece<\/li>\n<li>Dimensioni del giocattolo: 38 cm \/ 15 pollici<\/li>\n<li>Si trasforma da robot a jet da combattimento, a carro armato, a base e viceversa<\/li>\n<li>Altamente posabile<\/li>\n<li>1x MB-08 Doppia figura malvagia<\/li>\n<li>1 mini figura<\/li>\n<li>1x Arma da fuoco<\/li>\n<\/ul>","protected":false},"excerpt":{"rendered":"<ul>\n<li id=\"specs-toy_series-data\">Serie di giocattoli: Master Builder<\/li>\n<li>Scala: Masterpiece<\/li>\n<li>Dimensioni del giocattolo: 38 cm \/ 15 pollici<\/li>\n<li>Si trasforma da robot a jet da combattimento, a carro armato, a base e viceversa<\/li>\n<li>Altamente posabile<\/li>\n<li>1x MB-08 Doppia figura malvagia<\/li>\n<li>1 mini figura<\/li>\n<li>1x Arma da fuoco<\/li>\n<\/ul>","protected":false},"featured_media":190702,"comment_status":"open","ping_status":"closed","template":"","meta":{"inline_featured_image":false},"product_brand":[],"product_cat":[184],"product_tag":[200,1759,2370,1803,2366,1804,2369,1975,204],"giftcard-category":[],"class_list":{"0":"post-190685","1":"product","2":"type-product","3":"status-publish","4":"has-post-thumbnail","6":"product_cat-fans-hobby","7":"product_tag-action-figures","8":"product_tag-action-toys","9":"product_tag-double-evil","10":"product_tag-fans-hobby","11":"product_tag-master-builder","12":"product_tag-masterbuilder","13":"product_tag-mb-08","14":"product_tag-toys-figures","15":"product_tag-transformers","16":"product_shipping_class-free-shipping","18":"first","19":"instock","20":"taxable","21":"shipping-taxable","22":"purchasable","23":"product-type-simple","24":"add-to-wishlist-after_add_to_cart"},"yoast_head":"<!-- This site is optimized with the Yoast SEO Premium plugin v25.3.1 (Yoast SEO v27.2) - https:\/\/yoast.com\/product\/yoast-seo-premium-wordpress\/ -->\n<title>Fans Hobby - Master Builder - MB-08 - Double Evil<\/title>\n<meta name=\"robots\" content=\"index, follow, max-snippet:-1, max-image-preview:large, max-video-preview:-1\" \/>\n<link rel=\"canonical\" href=\"https:\/\/hobby4geek.com\/it\/prodotto\/fans-hobby-master-builder-mb-08-double-evil\/\" \/>\n<meta property=\"og:locale\" content=\"it_IT\" \/>\n<meta property=\"og:type\" content=\"article\" \/>\n<meta property=\"og:title\" content=\"Fans Hobby - Master Builder - MB-08 - Double Evil\" \/>\n<meta property=\"og:description\" content=\"Toy Series: Master Builder  Scale: Masterpiece  Toy size: 38 cm \/ 15 inches  Transforms from robot to fighter jet, tank, base, and back  Highly Poseable  1x MB-08 Double Evil Figure  1x Mini Figure  1x Gun Weapon\" \/>\n<meta property=\"og:url\" content=\"https:\/\/hobby4geek.com\/it\/prodotto\/fans-hobby-master-builder-mb-08-double-evil\/\" \/>\n<meta property=\"og:site_name\" content=\"Hobby4Geek\" \/>\n<meta property=\"article:publisher\" content=\"https:\/\/www.facebook.com\/hobby4geek\" \/>\n<meta property=\"article:modified_time\" content=\"2024-05-12T11:54:35+00:00\" \/>\n<meta property=\"og:image\" content=\"https:\/\/hobby4geek.com\/wp-content\/uploads\/2023\/11\/fans-hobby-master-builder-mb-08-double-evil-15.jpg\" \/>\n\t<meta property=\"og:image:width\" content=\"640\" \/>\n\t<meta property=\"og:image:height\" content=\"730\" \/>\n\t<meta property=\"og:image:type\" content=\"image\/jpeg\" \/>\n<meta name=\"twitter:card\" content=\"summary_large_image\" \/>\n<meta name=\"twitter:site\" content=\"@hobby4geek\" \/>\n<script type=\"application\/ld+json\" class=\"yoast-schema-graph\">{\"@context\":\"https:\/\/schema.org\",\"@graph\":[{\"@type\":\"WebPage\",\"@id\":\"https:\/\/hobby4geek.com\/product\/fans-hobby-master-builder-mb-08-double-evil\/\",\"url\":\"https:\/\/hobby4geek.com\/product\/fans-hobby-master-builder-mb-08-double-evil\/\",\"name\":\"Fans Hobby - Master Builder - MB-08 - Double Evil\",\"isPartOf\":{\"@id\":\"https:\/\/hobby4geek.com\/#website\"},\"primaryImageOfPage\":{\"@id\":\"https:\/\/hobby4geek.com\/product\/fans-hobby-master-builder-mb-08-double-evil\/#primaryimage\"},\"image\":{\"@id\":\"https:\/\/hobby4geek.com\/product\/fans-hobby-master-builder-mb-08-double-evil\/#primaryimage\"},\"thumbnailUrl\":\"https:\/\/hobby4geek.com\/wp-content\/uploads\/2023\/11\/fans-hobby-master-builder-mb-08-double-evil-15.jpg\",\"datePublished\":\"2023-11-09T19:34:05+00:00\",\"dateModified\":\"2024-05-12T11:54:35+00:00\",\"breadcrumb\":{\"@id\":\"https:\/\/hobby4geek.com\/product\/fans-hobby-master-builder-mb-08-double-evil\/#breadcrumb\"},\"inLanguage\":\"it-IT\",\"potentialAction\":[{\"@type\":\"ReadAction\",\"target\":[\"https:\/\/hobby4geek.com\/product\/fans-hobby-master-builder-mb-08-double-evil\/\"]}]},{\"@type\":\"ImageObject\",\"inLanguage\":\"it-IT\",\"@id\":\"https:\/\/hobby4geek.com\/product\/fans-hobby-master-builder-mb-08-double-evil\/#primaryimage\",\"url\":\"https:\/\/hobby4geek.com\/wp-content\/uploads\/2023\/11\/fans-hobby-master-builder-mb-08-double-evil-15.jpg\",\"contentUrl\":\"https:\/\/hobby4geek.com\/wp-content\/uploads\/2023\/11\/fans-hobby-master-builder-mb-08-double-evil-15.jpg\",\"width\":640,\"height\":730},{\"@type\":\"BreadcrumbList\",\"@id\":\"https:\/\/hobby4geek.com\/product\/fans-hobby-master-builder-mb-08-double-evil\/#breadcrumb\",\"itemListElement\":[{\"@type\":\"ListItem\",\"position\":1,\"name\":\"Home\",\"item\":\"https:\/\/hobby4geek.com\/\"},{\"@type\":\"ListItem\",\"position\":2,\"name\":\"Shop\",\"item\":\"https:\/\/hobby4geek.com\/shop\/\"},{\"@type\":\"ListItem\",\"position\":3,\"name\":\"Fans Hobby &#8211; Master Builder &#8211; MB-08 &#8211; Double Evil\"}]},{\"@type\":\"WebSite\",\"@id\":\"https:\/\/hobby4geek.com\/#website\",\"url\":\"https:\/\/hobby4geek.com\/\",\"name\":\"Hobby4Geek\",\"description\":\"Collect, Play &amp; Showcase, Embrace your Geekiness\",\"publisher\":{\"@id\":\"https:\/\/hobby4geek.com\/#organization\"},\"potentialAction\":[{\"@type\":\"SearchAction\",\"target\":{\"@type\":\"EntryPoint\",\"urlTemplate\":\"https:\/\/hobby4geek.com\/?s={search_term_string}\"},\"query-input\":{\"@type\":\"PropertyValueSpecification\",\"valueRequired\":true,\"valueName\":\"search_term_string\"}}],\"inLanguage\":\"it-IT\"},{\"@type\":\"Organization\",\"@id\":\"https:\/\/hobby4geek.com\/#organization\",\"name\":\"Hobby4Geek\",\"url\":\"https:\/\/hobby4geek.com\/\",\"logo\":{\"@type\":\"ImageObject\",\"inLanguage\":\"it-IT\",\"@id\":\"https:\/\/hobby4geek.com\/#\/schema\/logo\/image\/\",\"url\":\"https:\/\/hobby4geek.com\/wp-content\/uploads\/2023\/02\/default-kit.png\",\"contentUrl\":\"https:\/\/hobby4geek.com\/wp-content\/uploads\/2023\/02\/default-kit.png\",\"width\":600,\"height\":600,\"caption\":\"Hobby4Geek\"},\"image\":{\"@id\":\"https:\/\/hobby4geek.com\/#\/schema\/logo\/image\/\"},\"sameAs\":[\"https:\/\/www.facebook.com\/hobby4geek\",\"https:\/\/x.com\/hobby4geek\",\"https:\/\/www.instagram.com\/hobby4geek\/\"]}]}<\/script>\n<meta property=\"product:brand\" content=\"Fans Hobby\" \/>\n<meta property=\"product:price:amount\" content=\"289.60\" \/>\n<meta property=\"product:price:currency\" content=\"EUR\" \/>\n<meta property=\"og:availability\" content=\"instock\" \/>\n<meta property=\"product:availability\" content=\"instock\" \/>\n<meta property=\"product:condition\" content=\"new\" \/>\n<!-- \/ Yoast SEO Premium plugin. -->","yoast_head_json":{"title":"Fans Hobby - Master Builder - MB-08 - Double Evil","robots":{"index":"index","follow":"follow","max-snippet":"max-snippet:-1","max-image-preview":"max-image-preview:large","max-video-preview":"max-video-preview:-1"},"canonical":"https:\/\/hobby4geek.com\/it\/prodotto\/fans-hobby-master-builder-mb-08-double-evil\/","og_locale":"it_IT","og_type":"article","og_title":"Fans Hobby - Master Builder - MB-08 - Double Evil","og_description":"Toy Series: Master Builder  Scale: Masterpiece  Toy size: 38 cm \/ 15 inches  Transforms from robot to fighter jet, tank, base, and back  Highly Poseable  1x MB-08 Double Evil Figure  1x Mini Figure  1x Gun Weapon","og_url":"https:\/\/hobby4geek.com\/it\/prodotto\/fans-hobby-master-builder-mb-08-double-evil\/","og_site_name":"Hobby4Geek","article_publisher":"https:\/\/www.facebook.com\/hobby4geek","article_modified_time":"2024-05-12T11:54:35+00:00","og_image":[{"width":640,"height":730,"url":"https:\/\/hobby4geek.com\/wp-content\/uploads\/2023\/11\/fans-hobby-master-builder-mb-08-double-evil-15.jpg","type":"image\/jpeg"}],"twitter_card":"summary_large_image","twitter_site":"@hobby4geek","schema":{"@context":"https:\/\/schema.org","@graph":[{"@type":"WebPage","@id":"https:\/\/hobby4geek.com\/product\/fans-hobby-master-builder-mb-08-double-evil\/","url":"https:\/\/hobby4geek.com\/product\/fans-hobby-master-builder-mb-08-double-evil\/","name":"Fans Hobby - Master Builder - MB-08 - Double Evil","isPartOf":{"@id":"https:\/\/hobby4geek.com\/#website"},"primaryImageOfPage":{"@id":"https:\/\/hobby4geek.com\/product\/fans-hobby-master-builder-mb-08-double-evil\/#primaryimage"},"image":{"@id":"https:\/\/hobby4geek.com\/product\/fans-hobby-master-builder-mb-08-double-evil\/#primaryimage"},"thumbnailUrl":"https:\/\/hobby4geek.com\/wp-content\/uploads\/2023\/11\/fans-hobby-master-builder-mb-08-double-evil-15.jpg","datePublished":"2023-11-09T19:34:05+00:00","dateModified":"2024-05-12T11:54:35+00:00","breadcrumb":{"@id":"https:\/\/hobby4geek.com\/product\/fans-hobby-master-builder-mb-08-double-evil\/#breadcrumb"},"inLanguage":"it-IT","potentialAction":[{"@type":"ReadAction","target":["https:\/\/hobby4geek.com\/product\/fans-hobby-master-builder-mb-08-double-evil\/"]}]},{"@type":"ImageObject","inLanguage":"it-IT","@id":"https:\/\/hobby4geek.com\/product\/fans-hobby-master-builder-mb-08-double-evil\/#primaryimage","url":"https:\/\/hobby4geek.com\/wp-content\/uploads\/2023\/11\/fans-hobby-master-builder-mb-08-double-evil-15.jpg","contentUrl":"https:\/\/hobby4geek.com\/wp-content\/uploads\/2023\/11\/fans-hobby-master-builder-mb-08-double-evil-15.jpg","width":640,"height":730},{"@type":"BreadcrumbList","@id":"https:\/\/hobby4geek.com\/product\/fans-hobby-master-builder-mb-08-double-evil\/#breadcrumb","itemListElement":[{"@type":"ListItem","position":1,"name":"Home","item":"https:\/\/hobby4geek.com\/"},{"@type":"ListItem","position":2,"name":"Shop","item":"https:\/\/hobby4geek.com\/shop\/"},{"@type":"ListItem","position":3,"name":"Fans Hobby &#8211; Master Builder &#8211; MB-08 &#8211; Double Evil"}]},{"@type":"WebSite","@id":"https:\/\/hobby4geek.com\/#website","url":"https:\/\/hobby4geek.com\/","name":"Hobby4Geek","description":"Colleziona, gioca e metti in mostra, abbraccia la tua geekness","publisher":{"@id":"https:\/\/hobby4geek.com\/#organization"},"potentialAction":[{"@type":"SearchAction","target":{"@type":"EntryPoint","urlTemplate":"https:\/\/hobby4geek.com\/?s={search_term_string}"},"query-input":{"@type":"PropertyValueSpecification","valueRequired":true,"valueName":"search_term_string"}}],"inLanguage":"it-IT"},{"@type":"Organization","@id":"https:\/\/hobby4geek.com\/#organization","name":"Hobby4Geek","url":"https:\/\/hobby4geek.com\/","logo":{"@type":"ImageObject","inLanguage":"it-IT","@id":"https:\/\/hobby4geek.com\/#\/schema\/logo\/image\/","url":"https:\/\/hobby4geek.com\/wp-content\/uploads\/2023\/02\/default-kit.png","contentUrl":"https:\/\/hobby4geek.com\/wp-content\/uploads\/2023\/02\/default-kit.png","width":600,"height":600,"caption":"Hobby4Geek"},"image":{"@id":"https:\/\/hobby4geek.com\/#\/schema\/logo\/image\/"},"sameAs":["https:\/\/www.facebook.com\/hobby4geek","https:\/\/x.com\/hobby4geek","https:\/\/www.instagram.com\/hobby4geek\/"]}]},"product_brand":"Fans Hobby","product_price_amount":"289.60","product_price_currency":"EUR","og_availability":"instock","product_availability":"instock","product_condition":"new"},"_links":{"self":[{"href":"https:\/\/hobby4geek.com\/it\/wp-json\/wp\/v2\/product\/190685","targetHints":{"allow":["GET"]}}],"collection":[{"href":"https:\/\/hobby4geek.com\/it\/wp-json\/wp\/v2\/product"}],"about":[{"href":"https:\/\/hobby4geek.com\/it\/wp-json\/wp\/v2\/types\/product"}],"replies":[{"embeddable":true,"href":"https:\/\/hobby4geek.com\/it\/wp-json\/wp\/v2\/comments?post=190685"}],"version-history":[{"count":0,"href":"https:\/\/hobby4geek.com\/it\/wp-json\/wp\/v2\/product\/190685\/revisions"}],"wp:featuredmedia":[{"embeddable":true,"href":"https:\/\/hobby4geek.com\/it\/wp-json\/wp\/v2\/media\/190702"}],"wp:attachment":[{"href":"https:\/\/hobby4geek.com\/it\/wp-json\/wp\/v2\/media?parent=190685"}],"wp:term":[{"taxonomy":"product_brand","embeddable":true,"href":"https:\/\/hobby4geek.com\/it\/wp-json\/wp\/v2\/product_brand?post=190685"},{"taxonomy":"product_cat","embeddable":true,"href":"https:\/\/hobby4geek.com\/it\/wp-json\/wp\/v2\/product_cat?post=190685"},{"taxonomy":"product_tag","embeddable":true,"href":"https:\/\/hobby4geek.com\/it\/wp-json\/wp\/v2\/product_tag?post=190685"},{"taxonomy":"giftcard-category","embeddable":true,"href":"https:\/\/hobby4geek.com\/it\/wp-json\/wp\/v2\/giftcard-category?post=190685"}],"curies":[{"name":"wp","href":"https:\/\/api.w.org\/{rel}","templated":true}]}}