{"id":190212,"date":"2024-03-18T02:14:33","date_gmt":"2024-03-18T01:14:33","guid":{"rendered":"https:\/\/hobby4geek.com\/?post_type=product&#038;p=190212"},"modified":"2024-09-15T11:36:17","modified_gmt":"2024-09-15T10:36:17","slug":"transformers-reactivate-bumblebee-starscream","status":"publish","type":"product","link":"https:\/\/hobby4geek.com\/it\/prodotto\/transformers-reactivate-bumblebee-starscream\/","title":{"rendered":"Transformers: Riattivare - Bumblebee e Starscream"},"content":{"rendered":"<p>Porta l'azione post-apocalittica di Transformers: Reactivate nella tua collezione con la confezione da 2 di Transformers: Reactivate Bumblebee e Starscream! Queste action figure da 6,5 pollici presentano una decorazione metallica dei danni da battaglia ispirata al videogioco Transformers: Reactivate. La figura Bumblebee si trasforma da robot a dune buggy in 20 passi e la figura Starscream si trasforma da robot a jet in 25 passi. Le action figure Transformers: Reactivate presentano una confezione speciale ispirata al videogioco.<\/p>\n<p>Include 2 figure, 4 accessori e istruzioni.<\/p>\n<ul>\n<li>BUMBLEBEE &amp; STARSCREAM ACTION FIGURE 2-PACK: questi giocattoli da 16,5 cm (6,5 pollici) Bumblebee e Starscream presentano decorazioni e dettagli ispirati al videogioco, Transformers: Reactivate<\/li>\n<\/ul>\n<ul>\n<li>\u00a0GIOCATTOLI TRASFORMATORI CONVERTIBILI 2 IN 1: l'action figure Bumblebee Transformers si trasforma da robot a dune buggy in 20 passaggi. La figura Starscream si converte da robot a jet in 25 passaggi.<\/li>\n<\/ul>\n<ul>\n<li>\u00a0ACCESSORI FANTASTICI: Questa confezione da 2 viene fornita con S2 Null Rays e 2 accessori per blaster a ioni.<\/li>\n<\/ul>\n<ul>\n<li>\u00a0DANNI DA BATTAGLIA: le figure Bumblebee e Starscream sono dotate di decorazioni metalliche premium per i danni da battaglia.<\/li>\n<\/ul>\n<ul>\n<li>\u00a0ARTICOLATI PER IL GIOCO E IL DISPLAY: le figure dei Transformers sono dotate di teste, braccia e gambe articolate per pose d'azione.<\/li>\n<\/ul>\n<ul>\n<li>BASATO SU TRANSFORMERS: REACTIVATE: Quando arriva una nuova minaccia per l'umanit\u00e0, l'ultima speranza della Terra sono gli Autobot. Transformers: Reactivate \u00e8 un gioco d'azione online multiplayer, sviluppato da Splash Damage (il videogioco \u00e8 venduto separatamente).<\/li>\n<li>REGALO TRANSFORMERS: queste action figure ispirate ai videogiochi sono un ottimo regalo da collezione per tutti i fan dei Transformers.<\/li>\n<\/ul>","protected":false},"excerpt":{"rendered":"<ul>\n<li>Dimensione<b> \u2248<\/b>\u00a016,5 cm<\/li>\n<li>Bumblebee converte in 20 passi<\/li>\n<li>Starscream converte in 25 passi<\/li>\n<li>4 accessori<\/li>\n<li>istruzioni<\/li>\n<\/ul>","protected":false},"featured_media":192635,"comment_status":"open","ping_status":"closed","template":"","meta":{"inline_featured_image":false},"product_brand":[],"product_cat":[1955,68,2337,69],"product_tag":[1759,224,335,250,203,1975,204,2338],"giftcard-category":[],"class_list":{"0":"post-190212","1":"product","2":"type-product","3":"status-publish","4":"has-post-thumbnail","6":"product_cat-transformers","7":"product_cat-hasbro","8":"product_cat-splash-damage","9":"product_cat-takara-tomy","10":"product_tag-action-toys","11":"product_tag-bumblebee","12":"product_tag-hasbro","13":"product_tag-starscream","14":"product_tag-takara-tomy","15":"product_tag-toys-figures","16":"product_tag-transformers","17":"product_tag-transformers-reactivate","18":"product_shipping_class-light","20":"first","21":"outofstock","22":"featured","23":"taxable","24":"shipping-taxable","25":"purchasable","26":"product-type-simple","27":"add-to-wishlist-after_add_to_cart"},"yoast_head":"<!-- This site is optimized with the Yoast SEO Premium plugin v25.3.1 (Yoast SEO v27.2) - https:\/\/yoast.com\/product\/yoast-seo-premium-wordpress\/ -->\n<title>Transformers: Reactivate - Bumblebee &amp; Starscream<\/title>\n<meta name=\"robots\" content=\"index, follow, max-snippet:-1, max-image-preview:large, max-video-preview:-1\" \/>\n<link rel=\"canonical\" href=\"https:\/\/hobby4geek.com\/it\/prodotto\/transformers-reactivate-bumblebee-starscream\/\" \/>\n<meta property=\"og:locale\" content=\"it_IT\" \/>\n<meta property=\"og:type\" content=\"article\" \/>\n<meta property=\"og:title\" content=\"Transformers: Reactivate - Bumblebee &amp; Starscream\" \/>\n<meta property=\"og:description\" content=\"Size \u2248\u00a016.5 cm  Bumblebee converts in 20 steps  Starscream converts in 25 steps  4 accessories  instructions\" \/>\n<meta property=\"og:url\" content=\"https:\/\/hobby4geek.com\/it\/prodotto\/transformers-reactivate-bumblebee-starscream\/\" \/>\n<meta property=\"og:site_name\" content=\"Hobby4Geek\" \/>\n<meta property=\"article:publisher\" content=\"https:\/\/www.facebook.com\/hobby4geek\" \/>\n<meta property=\"article:modified_time\" content=\"2024-09-15T10:36:17+00:00\" \/>\n<meta property=\"og:image\" content=\"https:\/\/hobby4geek.com\/wp-content\/uploads\/2024\/03\/transformers-reactivate-bumblebee-starscream-9-792x1024.png\" \/>\n\t<meta property=\"og:image:width\" content=\"792\" \/>\n\t<meta property=\"og:image:height\" content=\"1024\" \/>\n\t<meta property=\"og:image:type\" content=\"image\/png\" \/>\n<meta name=\"twitter:card\" content=\"summary_large_image\" \/>\n<meta name=\"twitter:site\" content=\"@hobby4geek\" \/>\n<script type=\"application\/ld+json\" class=\"yoast-schema-graph\">{\"@context\":\"https:\/\/schema.org\",\"@graph\":[{\"@type\":\"WebPage\",\"@id\":\"https:\/\/hobby4geek.com\/fr\/produit\/transformers-reactivate-bumblebee-starscream\/\",\"url\":\"https:\/\/hobby4geek.com\/fr\/produit\/transformers-reactivate-bumblebee-starscream\/\",\"name\":\"Transformers: Reactivate - Bumblebee & Starscream\",\"isPartOf\":{\"@id\":\"https:\/\/hobby4geek.com\/#website\"},\"primaryImageOfPage\":{\"@id\":\"https:\/\/hobby4geek.com\/fr\/produit\/transformers-reactivate-bumblebee-starscream\/#primaryimage\"},\"image\":{\"@id\":\"https:\/\/hobby4geek.com\/fr\/produit\/transformers-reactivate-bumblebee-starscream\/#primaryimage\"},\"thumbnailUrl\":\"https:\/\/hobby4geek.com\/wp-content\/uploads\/2024\/03\/transformers-reactivate-bumblebee-starscream-9.png\",\"datePublished\":\"2024-03-18T01:14:33+00:00\",\"dateModified\":\"2024-09-15T10:36:17+00:00\",\"breadcrumb\":{\"@id\":\"https:\/\/hobby4geek.com\/fr\/produit\/transformers-reactivate-bumblebee-starscream\/#breadcrumb\"},\"inLanguage\":\"it-IT\",\"potentialAction\":[{\"@type\":\"ReadAction\",\"target\":[\"https:\/\/hobby4geek.com\/fr\/produit\/transformers-reactivate-bumblebee-starscream\/\"]}]},{\"@type\":\"ImageObject\",\"inLanguage\":\"it-IT\",\"@id\":\"https:\/\/hobby4geek.com\/fr\/produit\/transformers-reactivate-bumblebee-starscream\/#primaryimage\",\"url\":\"https:\/\/hobby4geek.com\/wp-content\/uploads\/2024\/03\/transformers-reactivate-bumblebee-starscream-9.png\",\"contentUrl\":\"https:\/\/hobby4geek.com\/wp-content\/uploads\/2024\/03\/transformers-reactivate-bumblebee-starscream-9.png\",\"width\":1578,\"height\":2040},{\"@type\":\"BreadcrumbList\",\"@id\":\"https:\/\/hobby4geek.com\/fr\/produit\/transformers-reactivate-bumblebee-starscream\/#breadcrumb\",\"itemListElement\":[{\"@type\":\"ListItem\",\"position\":1,\"name\":\"Home\",\"item\":\"https:\/\/hobby4geek.com\/\"},{\"@type\":\"ListItem\",\"position\":2,\"name\":\"Shop\",\"item\":\"https:\/\/hobby4geek.com\/shop\/\"},{\"@type\":\"ListItem\",\"position\":3,\"name\":\"Transformers: Reactivate &#8211; Bumblebee &#038; Starscream\"}]},{\"@type\":\"WebSite\",\"@id\":\"https:\/\/hobby4geek.com\/#website\",\"url\":\"https:\/\/hobby4geek.com\/\",\"name\":\"Hobby4Geek\",\"description\":\"Collect, Play &amp; Showcase, Embrace your Geekiness\",\"publisher\":{\"@id\":\"https:\/\/hobby4geek.com\/#organization\"},\"potentialAction\":[{\"@type\":\"SearchAction\",\"target\":{\"@type\":\"EntryPoint\",\"urlTemplate\":\"https:\/\/hobby4geek.com\/?s={search_term_string}\"},\"query-input\":{\"@type\":\"PropertyValueSpecification\",\"valueRequired\":true,\"valueName\":\"search_term_string\"}}],\"inLanguage\":\"it-IT\"},{\"@type\":\"Organization\",\"@id\":\"https:\/\/hobby4geek.com\/#organization\",\"name\":\"Hobby4Geek\",\"url\":\"https:\/\/hobby4geek.com\/\",\"logo\":{\"@type\":\"ImageObject\",\"inLanguage\":\"it-IT\",\"@id\":\"https:\/\/hobby4geek.com\/#\/schema\/logo\/image\/\",\"url\":\"https:\/\/hobby4geek.com\/wp-content\/uploads\/2023\/02\/default-kit.png\",\"contentUrl\":\"https:\/\/hobby4geek.com\/wp-content\/uploads\/2023\/02\/default-kit.png\",\"width\":600,\"height\":600,\"caption\":\"Hobby4Geek\"},\"image\":{\"@id\":\"https:\/\/hobby4geek.com\/#\/schema\/logo\/image\/\"},\"sameAs\":[\"https:\/\/www.facebook.com\/hobby4geek\",\"https:\/\/x.com\/hobby4geek\",\"https:\/\/www.instagram.com\/hobby4geek\/\"]}]}<\/script>\n<meta property=\"product:brand\" content=\"Transformers\" \/>\n<meta property=\"product:price:amount\" content=\"74.80\" \/>\n<meta property=\"product:price:currency\" content=\"EUR\" \/>\n<meta property=\"og:availability\" content=\"out of stock\" \/>\n<meta property=\"product:availability\" content=\"out of stock\" \/>\n<meta property=\"product:retailer_item_id\" content=\"5010996227539\" \/>\n<meta property=\"product:condition\" content=\"new\" \/>\n<!-- \/ Yoast SEO Premium plugin. -->","yoast_head_json":{"title":"Transformers: Reactivate - Bumblebee E Starscream","robots":{"index":"index","follow":"follow","max-snippet":"max-snippet:-1","max-image-preview":"max-image-preview:large","max-video-preview":"max-video-preview:-1"},"canonical":"https:\/\/hobby4geek.com\/it\/prodotto\/transformers-reactivate-bumblebee-starscream\/","og_locale":"it_IT","og_type":"article","og_title":"Transformers: Reactivate - Bumblebee & Starscream","og_description":"Size \u2248\u00a016.5 cm  Bumblebee converts in 20 steps  Starscream converts in 25 steps  4 accessories  instructions","og_url":"https:\/\/hobby4geek.com\/it\/prodotto\/transformers-reactivate-bumblebee-starscream\/","og_site_name":"Hobby4Geek","article_publisher":"https:\/\/www.facebook.com\/hobby4geek","article_modified_time":"2024-09-15T10:36:17+00:00","og_image":[{"width":792,"height":1024,"url":"https:\/\/hobby4geek.com\/wp-content\/uploads\/2024\/03\/transformers-reactivate-bumblebee-starscream-9-792x1024.png","type":"image\/png"}],"twitter_card":"summary_large_image","twitter_site":"@hobby4geek","schema":{"@context":"https:\/\/schema.org","@graph":[{"@type":"WebPage","@id":"https:\/\/hobby4geek.com\/fr\/produit\/transformers-reactivate-bumblebee-starscream\/","url":"https:\/\/hobby4geek.com\/fr\/produit\/transformers-reactivate-bumblebee-starscream\/","name":"Transformers: Reactivate - Bumblebee E Starscream","isPartOf":{"@id":"https:\/\/hobby4geek.com\/#website"},"primaryImageOfPage":{"@id":"https:\/\/hobby4geek.com\/fr\/produit\/transformers-reactivate-bumblebee-starscream\/#primaryimage"},"image":{"@id":"https:\/\/hobby4geek.com\/fr\/produit\/transformers-reactivate-bumblebee-starscream\/#primaryimage"},"thumbnailUrl":"https:\/\/hobby4geek.com\/wp-content\/uploads\/2024\/03\/transformers-reactivate-bumblebee-starscream-9.png","datePublished":"2024-03-18T01:14:33+00:00","dateModified":"2024-09-15T10:36:17+00:00","breadcrumb":{"@id":"https:\/\/hobby4geek.com\/fr\/produit\/transformers-reactivate-bumblebee-starscream\/#breadcrumb"},"inLanguage":"it-IT","potentialAction":[{"@type":"ReadAction","target":["https:\/\/hobby4geek.com\/fr\/produit\/transformers-reactivate-bumblebee-starscream\/"]}]},{"@type":"ImageObject","inLanguage":"it-IT","@id":"https:\/\/hobby4geek.com\/fr\/produit\/transformers-reactivate-bumblebee-starscream\/#primaryimage","url":"https:\/\/hobby4geek.com\/wp-content\/uploads\/2024\/03\/transformers-reactivate-bumblebee-starscream-9.png","contentUrl":"https:\/\/hobby4geek.com\/wp-content\/uploads\/2024\/03\/transformers-reactivate-bumblebee-starscream-9.png","width":1578,"height":2040},{"@type":"BreadcrumbList","@id":"https:\/\/hobby4geek.com\/fr\/produit\/transformers-reactivate-bumblebee-starscream\/#breadcrumb","itemListElement":[{"@type":"ListItem","position":1,"name":"Home","item":"https:\/\/hobby4geek.com\/"},{"@type":"ListItem","position":2,"name":"Shop","item":"https:\/\/hobby4geek.com\/shop\/"},{"@type":"ListItem","position":3,"name":"Transformers: Reactivate &#8211; Bumblebee &#038; Starscream"}]},{"@type":"WebSite","@id":"https:\/\/hobby4geek.com\/#website","url":"https:\/\/hobby4geek.com\/","name":"Hobby4Geek","description":"Colleziona, gioca e metti in mostra, abbraccia la tua geekness","publisher":{"@id":"https:\/\/hobby4geek.com\/#organization"},"potentialAction":[{"@type":"SearchAction","target":{"@type":"EntryPoint","urlTemplate":"https:\/\/hobby4geek.com\/?s={search_term_string}"},"query-input":{"@type":"PropertyValueSpecification","valueRequired":true,"valueName":"search_term_string"}}],"inLanguage":"it-IT"},{"@type":"Organization","@id":"https:\/\/hobby4geek.com\/#organization","name":"Hobby4Geek","url":"https:\/\/hobby4geek.com\/","logo":{"@type":"ImageObject","inLanguage":"it-IT","@id":"https:\/\/hobby4geek.com\/#\/schema\/logo\/image\/","url":"https:\/\/hobby4geek.com\/wp-content\/uploads\/2023\/02\/default-kit.png","contentUrl":"https:\/\/hobby4geek.com\/wp-content\/uploads\/2023\/02\/default-kit.png","width":600,"height":600,"caption":"Hobby4Geek"},"image":{"@id":"https:\/\/hobby4geek.com\/#\/schema\/logo\/image\/"},"sameAs":["https:\/\/www.facebook.com\/hobby4geek","https:\/\/x.com\/hobby4geek","https:\/\/www.instagram.com\/hobby4geek\/"]}]},"product_brand":"Transformers","product_price_amount":"74.80","product_price_currency":"EUR","og_availability":"out of stock","product_availability":"out of stock","product_retailer_item_id":"5010996227539","product_condition":"new"},"_links":{"self":[{"href":"https:\/\/hobby4geek.com\/it\/wp-json\/wp\/v2\/product\/190212","targetHints":{"allow":["GET"]}}],"collection":[{"href":"https:\/\/hobby4geek.com\/it\/wp-json\/wp\/v2\/product"}],"about":[{"href":"https:\/\/hobby4geek.com\/it\/wp-json\/wp\/v2\/types\/product"}],"replies":[{"embeddable":true,"href":"https:\/\/hobby4geek.com\/it\/wp-json\/wp\/v2\/comments?post=190212"}],"version-history":[{"count":0,"href":"https:\/\/hobby4geek.com\/it\/wp-json\/wp\/v2\/product\/190212\/revisions"}],"wp:featuredmedia":[{"embeddable":true,"href":"https:\/\/hobby4geek.com\/it\/wp-json\/wp\/v2\/media\/192635"}],"wp:attachment":[{"href":"https:\/\/hobby4geek.com\/it\/wp-json\/wp\/v2\/media?parent=190212"}],"wp:term":[{"taxonomy":"product_brand","embeddable":true,"href":"https:\/\/hobby4geek.com\/it\/wp-json\/wp\/v2\/product_brand?post=190212"},{"taxonomy":"product_cat","embeddable":true,"href":"https:\/\/hobby4geek.com\/it\/wp-json\/wp\/v2\/product_cat?post=190212"},{"taxonomy":"product_tag","embeddable":true,"href":"https:\/\/hobby4geek.com\/it\/wp-json\/wp\/v2\/product_tag?post=190212"},{"taxonomy":"giftcard-category","embeddable":true,"href":"https:\/\/hobby4geek.com\/it\/wp-json\/wp\/v2\/giftcard-category?post=190212"}],"curies":[{"name":"wp","href":"https:\/\/api.w.org\/{rel}","templated":true}]}}