{"id":190035,"date":"2024-03-07T13:17:57","date_gmt":"2024-03-07T12:17:57","guid":{"rendered":"https:\/\/hobby4geek.com\/?post_type=product&#038;p=190035"},"modified":"2025-05-30T08:25:12","modified_gmt":"2025-05-30T07:25:12","slug":"transformers-rise-of-the-beasts-studio-series-107-predacon-scorponok","status":"publish","type":"product","link":"https:\/\/hobby4geek.com\/it\/prodotto\/transformers-rise-of-the-beasts-studio-series-107-predacon-scorponok\/","title":{"rendered":"Transformers: L'ascesa delle bestie - Serie Studio 107 - Predacon Scorponok"},"content":{"rendered":"<p>Porta l'azione epica dei film Transformers dal grande schermo nella tua collezione con l'action figure Transformers Studio Series Deluxe Class Predacon Scorponok, ispirata a\u00a0<em>Transformers: L'ascesa delle bestie<\/em>!<\/p>\n<p>I giocattoli Transformers Studio Series sono action figure da collezione che presentano dettagli e accessori ispirati ai film.<\/p>\n<p>Converti l'action figure Studio Series Transformers dalla modalit\u00e0 robot alla modalit\u00e0 scorpione in 20 passaggi e metti in posa il giocattolo Predacon Scorponok nello scenario rimovibile Rainforest Fight incluso. Cercate altre figure da collezione Transformers Studio Series per costruire una collezione ispirata al film (ognuna venduta separatamente, soggetta a disponibilit\u00e0)!<\/p>\n<p>Include figura, accessori, fondale rimovibile e istruzioni.<\/p>\n<ul>\n<li><em>TRANSFORMERS: L'ASCESA DELLE BESTIE\u00a0<\/em>PREDACON SCORPONOK: Questa action figure Transformers Studio Series 107 Predacon Scorponok \u00e8 altamente articolata per la posabilit\u00e0 e presenta decorazioni e dettagli ispirati al film.<\/li>\n<li>TRANSFORMERS TOYS STUDIO SERIES DELUXE CLASS: questa action figure da collezione da 4,5 pollici (11,5 cm) \u00e8 ispirata alle scene iconiche del film e progettata con specifiche e dettagli che riflettono l'universo cinematografico di Transformers.<\/li>\n<li>2 MODALIT\u00c0 ICONICHE: questo giocattolo Studio Series Transformers \u00e8 dotato di una conversione classica tra le modalit\u00e0 robot e scorpione in 20 passaggi.<\/li>\n<li>ACCESSORI FANTASTICI: La figura Transformers viene fornita con un accessorio a forma di coda di scorpione che si attacca in entrambe le modalit\u00e0.<\/li>\n<li>ARTICOLATI PER IL GIOCO E IL DISPLAY: le figure dei Transformers sono dotate di teste, braccia e gambe articolate per pose d'azione.<\/li>\n<li>FONDALE RIMOVIBILE: Il fondale rimovibile mostra la figura Transformers Studio Series Predacon Scorponok nella scena del combattimento nella foresta pluviale.<\/li>\n<li>COLLEZIONARE LE FIGURE DEI FILM DELLA SERIE STUDIO: Questa action figure \u00e8 un ottimo regalo da collezione per tutti i fan dei Transformers. Cercate altri giocattoli della Serie Studio di Transformers per costruire una collezione (ognuno venduto separatamente, soggetto a disponibilit\u00e0).<\/li>\n<\/ul>\n<ul>\n<li>11,5 cm<\/li>\n<li>Convertire il robot in Scorpion<\/li>\n<li>Trasformazione in 20 passi<\/li>\n<li>Fondale rimovibile<\/li>\n<\/ul>\n<p>&nbsp;<\/p>","protected":false},"excerpt":{"rendered":"<ul>\n<li>11,5 cm<\/li>\n<li>Convertire il robot in Scorpion<\/li>\n<li>Trasformazione in 20 passi<\/li>\n<li>Fondale rimovibile<\/li>\n<\/ul>","protected":false},"featured_media":190040,"comment_status":"open","ping_status":"closed","template":"","meta":{"inline_featured_image":false},"product_brand":[],"product_cat":[68,1955,1960],"product_tag":[1759,335,1936,559,1956,627,2333,1994,2227],"giftcard-category":[],"class_list":{"0":"post-190035","1":"product","2":"type-product","3":"status-publish","4":"has-post-thumbnail","6":"product_cat-hasbro","7":"product_cat-transformers","8":"product_cat-transformers-generations","9":"product_tag-action-toys","10":"product_tag-hasbro","11":"product_tag-models-co","12":"product_tag-predacon","13":"product_tag-rise-of-the-beasts","14":"product_tag-scorponok","15":"product_tag-studio-series-107","16":"product_tag-transformers-studio-series","17":"product_tag-transformers-rise-of-the-beasts","18":"product_shipping_class-light","19":"inventories-france-inventory","21":"first","22":"instock","23":"featured","24":"taxable","25":"shipping-taxable","26":"purchasable","27":"product-type-simple","28":"add-to-wishlist-after_add_to_cart"},"yoast_head":"<!-- This site is optimized with the Yoast SEO Premium plugin v25.3.1 (Yoast SEO v27.4) - https:\/\/yoast.com\/product\/yoast-seo-premium-wordpress\/ -->\n<title>Transformers: Rise of the Beasts - Studio Series 107 - Predacon Scorponok<\/title>\n<meta name=\"robots\" content=\"index, follow, max-snippet:-1, max-image-preview:large, max-video-preview:-1\" \/>\n<link rel=\"canonical\" href=\"https:\/\/hobby4geek.com\/it\/prodotto\/transformers-rise-of-the-beasts-studio-series-107-predacon-scorponok\/\" \/>\n<meta property=\"og:locale\" content=\"it_IT\" \/>\n<meta property=\"og:type\" content=\"article\" \/>\n<meta property=\"og:title\" content=\"Transformers: Rise of the Beasts - Studio Series 107 - Predacon Scorponok\" \/>\n<meta property=\"og:description\" content=\"11,5 cm  Convert robot to Scorpion  Transform in 20 steps  Removable backdrop\" \/>\n<meta property=\"og:url\" content=\"https:\/\/hobby4geek.com\/it\/prodotto\/transformers-rise-of-the-beasts-studio-series-107-predacon-scorponok\/\" \/>\n<meta property=\"og:site_name\" content=\"Hobby4Geek\" \/>\n<meta property=\"article:publisher\" content=\"https:\/\/www.facebook.com\/hobby4geek\" \/>\n<meta property=\"article:modified_time\" content=\"2025-05-30T07:25:12+00:00\" \/>\n<meta property=\"og:image\" content=\"https:\/\/hobby4geek.com\/wp-content\/uploads\/2023\/11\/transformers-rise-of-the-beasts-studio-series-107-predacon-scorponok-5.webp\" \/>\n\t<meta property=\"og:image:width\" content=\"2000\" \/>\n\t<meta property=\"og:image:height\" content=\"2000\" \/>\n\t<meta property=\"og:image:type\" content=\"image\/webp\" \/>\n<meta name=\"twitter:card\" content=\"summary_large_image\" \/>\n<meta name=\"twitter:site\" content=\"@hobby4geek\" \/>\n<script type=\"application\/ld+json\" class=\"yoast-schema-graph\">{\"@context\":\"https:\\\/\\\/schema.org\",\"@graph\":[{\"@type\":\"WebPage\",\"@id\":\"https:\\\/\\\/hobby4geek.com\\\/product\\\/transformers-rise-of-the-beasts-studio-series-107-predacon-scorponok\\\/\",\"url\":\"https:\\\/\\\/hobby4geek.com\\\/product\\\/transformers-rise-of-the-beasts-studio-series-107-predacon-scorponok\\\/\",\"name\":\"Transformers: Rise of the Beasts - Studio Series 107 - Predacon Scorponok\",\"isPartOf\":{\"@id\":\"https:\\\/\\\/hobby4geek.com\\\/#website\"},\"primaryImageOfPage\":{\"@id\":\"https:\\\/\\\/hobby4geek.com\\\/product\\\/transformers-rise-of-the-beasts-studio-series-107-predacon-scorponok\\\/#primaryimage\"},\"image\":{\"@id\":\"https:\\\/\\\/hobby4geek.com\\\/product\\\/transformers-rise-of-the-beasts-studio-series-107-predacon-scorponok\\\/#primaryimage\"},\"thumbnailUrl\":\"https:\\\/\\\/hobby4geek.com\\\/wp-content\\\/uploads\\\/2023\\\/11\\\/transformers-rise-of-the-beasts-studio-series-107-predacon-scorponok-5.webp\",\"datePublished\":\"2024-03-07T12:17:57+00:00\",\"dateModified\":\"2025-05-30T07:25:12+00:00\",\"breadcrumb\":{\"@id\":\"https:\\\/\\\/hobby4geek.com\\\/product\\\/transformers-rise-of-the-beasts-studio-series-107-predacon-scorponok\\\/#breadcrumb\"},\"inLanguage\":\"it-IT\",\"potentialAction\":[{\"@type\":\"ReadAction\",\"target\":[\"https:\\\/\\\/hobby4geek.com\\\/product\\\/transformers-rise-of-the-beasts-studio-series-107-predacon-scorponok\\\/\"]}]},{\"@type\":\"ImageObject\",\"inLanguage\":\"it-IT\",\"@id\":\"https:\\\/\\\/hobby4geek.com\\\/product\\\/transformers-rise-of-the-beasts-studio-series-107-predacon-scorponok\\\/#primaryimage\",\"url\":\"https:\\\/\\\/hobby4geek.com\\\/wp-content\\\/uploads\\\/2023\\\/11\\\/transformers-rise-of-the-beasts-studio-series-107-predacon-scorponok-5.webp\",\"contentUrl\":\"https:\\\/\\\/hobby4geek.com\\\/wp-content\\\/uploads\\\/2023\\\/11\\\/transformers-rise-of-the-beasts-studio-series-107-predacon-scorponok-5.webp\",\"width\":2000,\"height\":2000},{\"@type\":\"BreadcrumbList\",\"@id\":\"https:\\\/\\\/hobby4geek.com\\\/product\\\/transformers-rise-of-the-beasts-studio-series-107-predacon-scorponok\\\/#breadcrumb\",\"itemListElement\":[{\"@type\":\"ListItem\",\"position\":1,\"name\":\"Home\",\"item\":\"https:\\\/\\\/hobby4geek.com\\\/\"},{\"@type\":\"ListItem\",\"position\":2,\"name\":\"Shop\",\"item\":\"https:\\\/\\\/hobby4geek.com\\\/shop\\\/\"},{\"@type\":\"ListItem\",\"position\":3,\"name\":\"Transformers: Rise of the Beasts &#8211; Studio Series 107 &#8211; Predacon Scorponok\"}]},{\"@type\":\"WebSite\",\"@id\":\"https:\\\/\\\/hobby4geek.com\\\/#website\",\"url\":\"https:\\\/\\\/hobby4geek.com\\\/\",\"name\":\"Hobby4Geek\",\"description\":\"Collect, Play &amp; Showcase, Embrace your Geekiness\",\"publisher\":{\"@id\":\"https:\\\/\\\/hobby4geek.com\\\/#organization\"},\"potentialAction\":[{\"@type\":\"SearchAction\",\"target\":{\"@type\":\"EntryPoint\",\"urlTemplate\":\"https:\\\/\\\/hobby4geek.com\\\/?s={search_term_string}\"},\"query-input\":{\"@type\":\"PropertyValueSpecification\",\"valueRequired\":true,\"valueName\":\"search_term_string\"}}],\"inLanguage\":\"it-IT\"},{\"@type\":\"Organization\",\"@id\":\"https:\\\/\\\/hobby4geek.com\\\/#organization\",\"name\":\"Hobby4Geek\",\"url\":\"https:\\\/\\\/hobby4geek.com\\\/\",\"logo\":{\"@type\":\"ImageObject\",\"inLanguage\":\"it-IT\",\"@id\":\"https:\\\/\\\/hobby4geek.com\\\/#\\\/schema\\\/logo\\\/image\\\/\",\"url\":\"https:\\\/\\\/hobby4geek.com\\\/wp-content\\\/uploads\\\/2023\\\/02\\\/default-kit.png\",\"contentUrl\":\"https:\\\/\\\/hobby4geek.com\\\/wp-content\\\/uploads\\\/2023\\\/02\\\/default-kit.png\",\"width\":600,\"height\":600,\"caption\":\"Hobby4Geek\"},\"image\":{\"@id\":\"https:\\\/\\\/hobby4geek.com\\\/#\\\/schema\\\/logo\\\/image\\\/\"},\"sameAs\":[\"https:\\\/\\\/www.facebook.com\\\/hobby4geek\",\"https:\\\/\\\/x.com\\\/hobby4geek\",\"https:\\\/\\\/www.instagram.com\\\/hobby4geek\\\/\"]}]}<\/script>\n<meta property=\"product:brand\" content=\"Hasbro\" \/>\n<meta property=\"product:price:amount\" content=\"27.80\" \/>\n<meta property=\"product:price:currency\" content=\"EUR\" \/>\n<meta property=\"og:availability\" content=\"instock\" \/>\n<meta property=\"product:availability\" content=\"instock\" \/>\n<meta property=\"product:retailer_item_id\" content=\"195166248141\" \/>\n<meta property=\"product:condition\" content=\"new\" \/>\n<!-- \/ Yoast SEO Premium plugin. -->","yoast_head_json":{"title":"Transformers: Rise of the Beasts - Studio Series 107 - Predacon Scorponok","robots":{"index":"index","follow":"follow","max-snippet":"max-snippet:-1","max-image-preview":"max-image-preview:large","max-video-preview":"max-video-preview:-1"},"canonical":"https:\/\/hobby4geek.com\/it\/prodotto\/transformers-rise-of-the-beasts-studio-series-107-predacon-scorponok\/","og_locale":"it_IT","og_type":"article","og_title":"Transformers: Rise of the Beasts - Studio Series 107 - Predacon Scorponok","og_description":"11,5 cm  Convert robot to Scorpion  Transform in 20 steps  Removable backdrop","og_url":"https:\/\/hobby4geek.com\/it\/prodotto\/transformers-rise-of-the-beasts-studio-series-107-predacon-scorponok\/","og_site_name":"Hobby4Geek","article_publisher":"https:\/\/www.facebook.com\/hobby4geek","article_modified_time":"2025-05-30T07:25:12+00:00","og_image":[{"width":2000,"height":2000,"url":"https:\/\/hobby4geek.com\/wp-content\/uploads\/2023\/11\/transformers-rise-of-the-beasts-studio-series-107-predacon-scorponok-5.webp","type":"image\/webp"}],"twitter_card":"summary_large_image","twitter_site":"@hobby4geek","schema":{"@context":"https:\/\/schema.org","@graph":[{"@type":"WebPage","@id":"https:\/\/hobby4geek.com\/product\/transformers-rise-of-the-beasts-studio-series-107-predacon-scorponok\/","url":"https:\/\/hobby4geek.com\/product\/transformers-rise-of-the-beasts-studio-series-107-predacon-scorponok\/","name":"Transformers: Rise of the Beasts - Studio Series 107 - Predacon Scorponok","isPartOf":{"@id":"https:\/\/hobby4geek.com\/#website"},"primaryImageOfPage":{"@id":"https:\/\/hobby4geek.com\/product\/transformers-rise-of-the-beasts-studio-series-107-predacon-scorponok\/#primaryimage"},"image":{"@id":"https:\/\/hobby4geek.com\/product\/transformers-rise-of-the-beasts-studio-series-107-predacon-scorponok\/#primaryimage"},"thumbnailUrl":"https:\/\/hobby4geek.com\/wp-content\/uploads\/2023\/11\/transformers-rise-of-the-beasts-studio-series-107-predacon-scorponok-5.webp","datePublished":"2024-03-07T12:17:57+00:00","dateModified":"2025-05-30T07:25:12+00:00","breadcrumb":{"@id":"https:\/\/hobby4geek.com\/product\/transformers-rise-of-the-beasts-studio-series-107-predacon-scorponok\/#breadcrumb"},"inLanguage":"it-IT","potentialAction":[{"@type":"ReadAction","target":["https:\/\/hobby4geek.com\/product\/transformers-rise-of-the-beasts-studio-series-107-predacon-scorponok\/"]}]},{"@type":"ImageObject","inLanguage":"it-IT","@id":"https:\/\/hobby4geek.com\/product\/transformers-rise-of-the-beasts-studio-series-107-predacon-scorponok\/#primaryimage","url":"https:\/\/hobby4geek.com\/wp-content\/uploads\/2023\/11\/transformers-rise-of-the-beasts-studio-series-107-predacon-scorponok-5.webp","contentUrl":"https:\/\/hobby4geek.com\/wp-content\/uploads\/2023\/11\/transformers-rise-of-the-beasts-studio-series-107-predacon-scorponok-5.webp","width":2000,"height":2000},{"@type":"BreadcrumbList","@id":"https:\/\/hobby4geek.com\/product\/transformers-rise-of-the-beasts-studio-series-107-predacon-scorponok\/#breadcrumb","itemListElement":[{"@type":"ListItem","position":1,"name":"Home","item":"https:\/\/hobby4geek.com\/"},{"@type":"ListItem","position":2,"name":"Shop","item":"https:\/\/hobby4geek.com\/shop\/"},{"@type":"ListItem","position":3,"name":"Transformers: Rise of the Beasts &#8211; Studio Series 107 &#8211; Predacon Scorponok"}]},{"@type":"WebSite","@id":"https:\/\/hobby4geek.com\/#website","url":"https:\/\/hobby4geek.com\/","name":"Hobby4Geek","description":"Colleziona, gioca e metti in mostra, abbraccia la tua geekness","publisher":{"@id":"https:\/\/hobby4geek.com\/#organization"},"potentialAction":[{"@type":"SearchAction","target":{"@type":"EntryPoint","urlTemplate":"https:\/\/hobby4geek.com\/?s={search_term_string}"},"query-input":{"@type":"PropertyValueSpecification","valueRequired":true,"valueName":"search_term_string"}}],"inLanguage":"it-IT"},{"@type":"Organization","@id":"https:\/\/hobby4geek.com\/#organization","name":"Hobby4Geek","url":"https:\/\/hobby4geek.com\/","logo":{"@type":"ImageObject","inLanguage":"it-IT","@id":"https:\/\/hobby4geek.com\/#\/schema\/logo\/image\/","url":"https:\/\/hobby4geek.com\/wp-content\/uploads\/2023\/02\/default-kit.png","contentUrl":"https:\/\/hobby4geek.com\/wp-content\/uploads\/2023\/02\/default-kit.png","width":600,"height":600,"caption":"Hobby4Geek"},"image":{"@id":"https:\/\/hobby4geek.com\/#\/schema\/logo\/image\/"},"sameAs":["https:\/\/www.facebook.com\/hobby4geek","https:\/\/x.com\/hobby4geek","https:\/\/www.instagram.com\/hobby4geek\/"]}]},"product_brand":"Hasbro","product_price_amount":"27.80","product_price_currency":"EUR","og_availability":"instock","product_availability":"instock","product_retailer_item_id":"195166248141","product_condition":"new"},"_links":{"self":[{"href":"https:\/\/hobby4geek.com\/it\/wp-json\/wp\/v2\/product\/190035","targetHints":{"allow":["GET"]}}],"collection":[{"href":"https:\/\/hobby4geek.com\/it\/wp-json\/wp\/v2\/product"}],"about":[{"href":"https:\/\/hobby4geek.com\/it\/wp-json\/wp\/v2\/types\/product"}],"replies":[{"embeddable":true,"href":"https:\/\/hobby4geek.com\/it\/wp-json\/wp\/v2\/comments?post=190035"}],"version-history":[{"count":0,"href":"https:\/\/hobby4geek.com\/it\/wp-json\/wp\/v2\/product\/190035\/revisions"}],"wp:featuredmedia":[{"embeddable":true,"href":"https:\/\/hobby4geek.com\/it\/wp-json\/wp\/v2\/media\/190040"}],"wp:attachment":[{"href":"https:\/\/hobby4geek.com\/it\/wp-json\/wp\/v2\/media?parent=190035"}],"wp:term":[{"taxonomy":"product_brand","embeddable":true,"href":"https:\/\/hobby4geek.com\/it\/wp-json\/wp\/v2\/product_brand?post=190035"},{"taxonomy":"product_cat","embeddable":true,"href":"https:\/\/hobby4geek.com\/it\/wp-json\/wp\/v2\/product_cat?post=190035"},{"taxonomy":"product_tag","embeddable":true,"href":"https:\/\/hobby4geek.com\/it\/wp-json\/wp\/v2\/product_tag?post=190035"},{"taxonomy":"giftcard-category","embeddable":true,"href":"https:\/\/hobby4geek.com\/it\/wp-json\/wp\/v2\/giftcard-category?post=190035"}],"curies":[{"name":"wp","href":"https:\/\/api.w.org\/{rel}","templated":true}]}}