{"id":189996,"date":"2024-03-07T11:19:44","date_gmt":"2024-03-07T10:19:44","guid":{"rendered":"https:\/\/hobby4geek.com\/?post_type=product&#038;p=189996"},"modified":"2025-06-05T09:33:33","modified_gmt":"2025-06-05T08:33:33","slug":"transformers-bumblebee-studio-series-concept-art-decepticon-rumble","status":"publish","type":"product","link":"https:\/\/hobby4geek.com\/it\/prodotto\/transformers-bumblebee-studio-series-concept-art-decepticon-rumble\/","title":{"rendered":"Transformers: Bumblebee - Serie Studio - Concept Art Rumble"},"content":{"rendered":"<p>Porta l'azione epica dei film dei Transformers dal grande schermo nella tua collezione con l'action figure Transformers Studio Series Core Class Concept Art Decepticon Rumble, ispirata ai concept art del film Transformers Studio Series.\u00a0<em>Transformers: Bumblebee<\/em>!<\/p>\n<p>I giocattoli Transformers Studio Series sono action figure da collezione con dettagli e accessori ispirati ai film. Trasforma l'action figure della Serie Studio Transformers da robot a cassetta in 11 passaggi e mettila in posa con gli accessori blaster inclusi.<\/p>\n<p>Cercate altre figure da collezione della Transformers Studio Series per costruire una collezione ispirata ai film (ognuna venduta separatamente, soggetta a disponibilit\u00e0)!<\/p>\n<p>Include figura, 2 accessori e istruzioni.<\/p>\n<ul>\n<li><em>TRANSFORMERS: BUMBLEBEE<\/em>\u00a0CONCEPT ART DECEPTICON RUMBLE: Questa action figure di Transformers Studio Series Concept Art Decepticon Rumble \u00e8 ispirata al concept art di Rumble che era stato progettato, ma non \u00e8 mai stato utilizzato nel film.\u00a0<em>Transformers: Bumblebee\u00a0<\/em>film<\/li>\n<li>TRANSFORMERS TOYS STUDIO SERIES CORE CLASS: questa action figure da collezione da 3,5 pollici (8,9 cm) \u00e8 altamente articolata per la posabilit\u00e0 e progettata con specifiche e dettagli che riflettono l'universo cinematografico dei Transformers.<\/li>\n<li>2 MODALIT\u00c0 ICONICHE: questo giocattolo Transformers della serie Studio \u00e8 caratterizzato dalla classica conversione tra modalit\u00e0 robot e cassetta in 11 fasi.<\/li>\n<li>ACCESSORI FANTASTICI: La figura Transformers viene fornita con 2 accessori blaster che si attaccano in entrambe le modalit\u00e0.<\/li>\n<li>ARTICOLATI PER IL GIOCO E IL DISPLAY: le figure dei Transformers sono dotate di teste, braccia e gambe articolate per pose d'azione.<\/li>\n<li>COLLEZIONARE LE FIGURE DEI FILM DELLA SERIE STUDIO: Questa action figure \u00e8 un ottimo regalo da collezione per tutti i fan dei Transformers. Cercate altri giocattoli della Serie Studio di Transformers per costruire una collezione (ognuno venduto separatamente, soggetto a disponibilit\u00e0).<\/li>\n<\/ul>\n<p dir=\"ltr\" data-placeholder=\"Traduction\"><strong>Caratteristiche del prodotto:<\/strong><\/p>\n<ul>\n<li dir=\"ltr\" data-placeholder=\"Traduction\">Classe Origine<\/li>\n<li dir=\"ltr\" data-placeholder=\"Traduction\">Dimensioni: 9 cm<\/li>\n<li dir=\"ltr\" data-placeholder=\"Traduction\">Trasformazione in 11 passi<\/li>\n<li dir=\"ltr\" data-placeholder=\"Traduction\">Conversione da robot a cassetta<\/li>\n<\/ul>\n<p><strong>Accessori:<\/strong><\/p>\n<ul>\n<li>2 blaster<\/li>\n<\/ul>","protected":false},"excerpt":{"rendered":"<ul>\n<li dir=\"ltr\" data-placeholder=\"Traduction\">Classe Origine<\/li>\n<li dir=\"ltr\" data-placeholder=\"Traduction\">Dimensioni: 9 cm<\/li>\n<li dir=\"ltr\" data-placeholder=\"Traduction\">Trasformazione in 11 passi<\/li>\n<li dir=\"ltr\" data-placeholder=\"Traduction\">Conversione da robot a cassetta<\/li>\n<\/ul>","protected":false},"featured_media":190001,"comment_status":"open","ping_status":"closed","template":"","meta":{"inline_featured_image":false},"product_brand":[],"product_cat":[68,69,1955,1960],"product_tag":[1759,2331,2109,221,2330,335,2332,203,1975,204,1961,1962,1994],"giftcard-category":[],"class_list":{"0":"post-189996","1":"product","2":"type-product","3":"status-publish","4":"has-post-thumbnail","6":"product_cat-hasbro","7":"product_cat-takara-tomy","8":"product_cat-transformers","9":"product_cat-transformers-generations","10":"product_tag-action-toys","11":"product_tag-concept-art","12":"product_tag-core-class","13":"product_tag-decepticon","14":"product_tag-figurine-concept-art","15":"product_tag-hasbro","16":"product_tag-rumble","17":"product_tag-takara-tomy","18":"product_tag-toys-figures","19":"product_tag-transformers","20":"product_tag-transformers-authentic","21":"product_tag-transformers-generations","22":"product_tag-transformers-studio-series","23":"product_shipping_class-light","24":"inventories-france-inventory","26":"first","27":"instock","28":"featured","29":"taxable","30":"shipping-taxable","31":"purchasable","32":"product-type-simple","33":"add-to-wishlist-after_add_to_cart"},"yoast_head":"<!-- This site is optimized with the Yoast SEO Premium plugin v25.3.1 (Yoast SEO v27.4) - https:\/\/yoast.com\/product\/yoast-seo-premium-wordpress\/ -->\n<title>Transformers: Bumblebee - Studio Series - Concept Art Rumble<\/title>\n<meta name=\"robots\" content=\"index, follow, max-snippet:-1, max-image-preview:large, max-video-preview:-1\" \/>\n<link rel=\"canonical\" href=\"https:\/\/hobby4geek.com\/it\/prodotto\/transformers-bumblebee-studio-series-concept-art-decepticon-rumble\/\" \/>\n<meta property=\"og:locale\" content=\"it_IT\" \/>\n<meta property=\"og:type\" content=\"article\" \/>\n<meta property=\"og:title\" content=\"Transformers: Bumblebee - Studio Series - Concept Art Rumble\" \/>\n<meta property=\"og:description\" content=\"Core Class  Size: 9 cm  Transform in 11\u00a0 steps  Converts from robot to Cassette\" \/>\n<meta property=\"og:url\" content=\"https:\/\/hobby4geek.com\/it\/prodotto\/transformers-bumblebee-studio-series-concept-art-decepticon-rumble\/\" \/>\n<meta property=\"og:site_name\" content=\"Hobby4Geek\" \/>\n<meta property=\"article:publisher\" content=\"https:\/\/www.facebook.com\/hobby4geek\" \/>\n<meta property=\"article:modified_time\" content=\"2025-06-05T08:33:33+00:00\" \/>\n<meta property=\"og:image\" content=\"https:\/\/hobby4geek.com\/wp-content\/uploads\/2023\/11\/transformers-bumblebee-studio-series-concept-art-rumble-5.webp\" \/>\n\t<meta property=\"og:image:width\" content=\"2000\" \/>\n\t<meta property=\"og:image:height\" content=\"2000\" \/>\n\t<meta property=\"og:image:type\" content=\"image\/webp\" \/>\n<meta name=\"twitter:card\" content=\"summary_large_image\" \/>\n<meta name=\"twitter:site\" content=\"@hobby4geek\" \/>\n<script type=\"application\/ld+json\" class=\"yoast-schema-graph\">{\"@context\":\"https:\\\/\\\/schema.org\",\"@graph\":[{\"@type\":\"WebPage\",\"@id\":\"https:\\\/\\\/hobby4geek.com\\\/product\\\/transformers-bumblebee-studio-series-concept-art-decepticon-rumble\\\/\",\"url\":\"https:\\\/\\\/hobby4geek.com\\\/product\\\/transformers-bumblebee-studio-series-concept-art-decepticon-rumble\\\/\",\"name\":\"Transformers: Bumblebee - Studio Series - Concept Art Rumble\",\"isPartOf\":{\"@id\":\"https:\\\/\\\/hobby4geek.com\\\/#website\"},\"primaryImageOfPage\":{\"@id\":\"https:\\\/\\\/hobby4geek.com\\\/product\\\/transformers-bumblebee-studio-series-concept-art-decepticon-rumble\\\/#primaryimage\"},\"image\":{\"@id\":\"https:\\\/\\\/hobby4geek.com\\\/product\\\/transformers-bumblebee-studio-series-concept-art-decepticon-rumble\\\/#primaryimage\"},\"thumbnailUrl\":\"https:\\\/\\\/hobby4geek.com\\\/wp-content\\\/uploads\\\/2023\\\/11\\\/transformers-bumblebee-studio-series-concept-art-rumble-5.webp\",\"datePublished\":\"2024-03-07T10:19:44+00:00\",\"dateModified\":\"2025-06-05T08:33:33+00:00\",\"breadcrumb\":{\"@id\":\"https:\\\/\\\/hobby4geek.com\\\/product\\\/transformers-bumblebee-studio-series-concept-art-decepticon-rumble\\\/#breadcrumb\"},\"inLanguage\":\"it-IT\",\"potentialAction\":[{\"@type\":\"ReadAction\",\"target\":[\"https:\\\/\\\/hobby4geek.com\\\/product\\\/transformers-bumblebee-studio-series-concept-art-decepticon-rumble\\\/\"]}]},{\"@type\":\"ImageObject\",\"inLanguage\":\"it-IT\",\"@id\":\"https:\\\/\\\/hobby4geek.com\\\/product\\\/transformers-bumblebee-studio-series-concept-art-decepticon-rumble\\\/#primaryimage\",\"url\":\"https:\\\/\\\/hobby4geek.com\\\/wp-content\\\/uploads\\\/2023\\\/11\\\/transformers-bumblebee-studio-series-concept-art-rumble-5.webp\",\"contentUrl\":\"https:\\\/\\\/hobby4geek.com\\\/wp-content\\\/uploads\\\/2023\\\/11\\\/transformers-bumblebee-studio-series-concept-art-rumble-5.webp\",\"width\":2000,\"height\":2000},{\"@type\":\"BreadcrumbList\",\"@id\":\"https:\\\/\\\/hobby4geek.com\\\/product\\\/transformers-bumblebee-studio-series-concept-art-decepticon-rumble\\\/#breadcrumb\",\"itemListElement\":[{\"@type\":\"ListItem\",\"position\":1,\"name\":\"Home\",\"item\":\"https:\\\/\\\/hobby4geek.com\\\/\"},{\"@type\":\"ListItem\",\"position\":2,\"name\":\"Shop\",\"item\":\"https:\\\/\\\/hobby4geek.com\\\/shop\\\/\"},{\"@type\":\"ListItem\",\"position\":3,\"name\":\"Transformers: Bumblebee &#8211; Studio Series &#8211; Concept Art Rumble\"}]},{\"@type\":\"WebSite\",\"@id\":\"https:\\\/\\\/hobby4geek.com\\\/#website\",\"url\":\"https:\\\/\\\/hobby4geek.com\\\/\",\"name\":\"Hobby4Geek\",\"description\":\"Collect, Play &amp; Showcase, Embrace your Geekiness\",\"publisher\":{\"@id\":\"https:\\\/\\\/hobby4geek.com\\\/#organization\"},\"potentialAction\":[{\"@type\":\"SearchAction\",\"target\":{\"@type\":\"EntryPoint\",\"urlTemplate\":\"https:\\\/\\\/hobby4geek.com\\\/?s={search_term_string}\"},\"query-input\":{\"@type\":\"PropertyValueSpecification\",\"valueRequired\":true,\"valueName\":\"search_term_string\"}}],\"inLanguage\":\"it-IT\"},{\"@type\":\"Organization\",\"@id\":\"https:\\\/\\\/hobby4geek.com\\\/#organization\",\"name\":\"Hobby4Geek\",\"url\":\"https:\\\/\\\/hobby4geek.com\\\/\",\"logo\":{\"@type\":\"ImageObject\",\"inLanguage\":\"it-IT\",\"@id\":\"https:\\\/\\\/hobby4geek.com\\\/#\\\/schema\\\/logo\\\/image\\\/\",\"url\":\"https:\\\/\\\/hobby4geek.com\\\/wp-content\\\/uploads\\\/2023\\\/02\\\/default-kit.png\",\"contentUrl\":\"https:\\\/\\\/hobby4geek.com\\\/wp-content\\\/uploads\\\/2023\\\/02\\\/default-kit.png\",\"width\":600,\"height\":600,\"caption\":\"Hobby4Geek\"},\"image\":{\"@id\":\"https:\\\/\\\/hobby4geek.com\\\/#\\\/schema\\\/logo\\\/image\\\/\"},\"sameAs\":[\"https:\\\/\\\/www.facebook.com\\\/hobby4geek\",\"https:\\\/\\\/x.com\\\/hobby4geek\",\"https:\\\/\\\/www.instagram.com\\\/hobby4geek\\\/\"]}]}<\/script>\n<meta property=\"product:brand\" content=\"Hasbro\" \/>\n<meta property=\"product:price:amount\" content=\"14.80\" \/>\n<meta property=\"product:price:currency\" content=\"EUR\" \/>\n<meta property=\"og:availability\" content=\"instock\" \/>\n<meta property=\"product:availability\" content=\"instock\" \/>\n<meta property=\"product:retailer_item_id\" content=\"5010996208316\" \/>\n<meta property=\"product:condition\" content=\"new\" \/>\n<!-- \/ Yoast SEO Premium plugin. -->","yoast_head_json":{"title":"Transformers: Bumblebee - Serie Studio - Concept Art Rumble","robots":{"index":"index","follow":"follow","max-snippet":"max-snippet:-1","max-image-preview":"max-image-preview:large","max-video-preview":"max-video-preview:-1"},"canonical":"https:\/\/hobby4geek.com\/it\/prodotto\/transformers-bumblebee-studio-series-concept-art-decepticon-rumble\/","og_locale":"it_IT","og_type":"article","og_title":"Transformers: Bumblebee - Studio Series - Concept Art Rumble","og_description":"Core Class  Size: 9 cm  Transform in 11\u00a0 steps  Converts from robot to Cassette","og_url":"https:\/\/hobby4geek.com\/it\/prodotto\/transformers-bumblebee-studio-series-concept-art-decepticon-rumble\/","og_site_name":"Hobby4Geek","article_publisher":"https:\/\/www.facebook.com\/hobby4geek","article_modified_time":"2025-06-05T08:33:33+00:00","og_image":[{"width":2000,"height":2000,"url":"https:\/\/hobby4geek.com\/wp-content\/uploads\/2023\/11\/transformers-bumblebee-studio-series-concept-art-rumble-5.webp","type":"image\/webp"}],"twitter_card":"summary_large_image","twitter_site":"@hobby4geek","schema":{"@context":"https:\/\/schema.org","@graph":[{"@type":"WebPage","@id":"https:\/\/hobby4geek.com\/product\/transformers-bumblebee-studio-series-concept-art-decepticon-rumble\/","url":"https:\/\/hobby4geek.com\/product\/transformers-bumblebee-studio-series-concept-art-decepticon-rumble\/","name":"Transformers: Bumblebee - Serie Studio - Concept Art Rumble","isPartOf":{"@id":"https:\/\/hobby4geek.com\/#website"},"primaryImageOfPage":{"@id":"https:\/\/hobby4geek.com\/product\/transformers-bumblebee-studio-series-concept-art-decepticon-rumble\/#primaryimage"},"image":{"@id":"https:\/\/hobby4geek.com\/product\/transformers-bumblebee-studio-series-concept-art-decepticon-rumble\/#primaryimage"},"thumbnailUrl":"https:\/\/hobby4geek.com\/wp-content\/uploads\/2023\/11\/transformers-bumblebee-studio-series-concept-art-rumble-5.webp","datePublished":"2024-03-07T10:19:44+00:00","dateModified":"2025-06-05T08:33:33+00:00","breadcrumb":{"@id":"https:\/\/hobby4geek.com\/product\/transformers-bumblebee-studio-series-concept-art-decepticon-rumble\/#breadcrumb"},"inLanguage":"it-IT","potentialAction":[{"@type":"ReadAction","target":["https:\/\/hobby4geek.com\/product\/transformers-bumblebee-studio-series-concept-art-decepticon-rumble\/"]}]},{"@type":"ImageObject","inLanguage":"it-IT","@id":"https:\/\/hobby4geek.com\/product\/transformers-bumblebee-studio-series-concept-art-decepticon-rumble\/#primaryimage","url":"https:\/\/hobby4geek.com\/wp-content\/uploads\/2023\/11\/transformers-bumblebee-studio-series-concept-art-rumble-5.webp","contentUrl":"https:\/\/hobby4geek.com\/wp-content\/uploads\/2023\/11\/transformers-bumblebee-studio-series-concept-art-rumble-5.webp","width":2000,"height":2000},{"@type":"BreadcrumbList","@id":"https:\/\/hobby4geek.com\/product\/transformers-bumblebee-studio-series-concept-art-decepticon-rumble\/#breadcrumb","itemListElement":[{"@type":"ListItem","position":1,"name":"Home","item":"https:\/\/hobby4geek.com\/"},{"@type":"ListItem","position":2,"name":"Shop","item":"https:\/\/hobby4geek.com\/shop\/"},{"@type":"ListItem","position":3,"name":"Transformers: Bumblebee &#8211; Studio Series &#8211; Concept Art Rumble"}]},{"@type":"WebSite","@id":"https:\/\/hobby4geek.com\/#website","url":"https:\/\/hobby4geek.com\/","name":"Hobby4Geek","description":"Colleziona, gioca e metti in mostra, abbraccia la tua geekness","publisher":{"@id":"https:\/\/hobby4geek.com\/#organization"},"potentialAction":[{"@type":"SearchAction","target":{"@type":"EntryPoint","urlTemplate":"https:\/\/hobby4geek.com\/?s={search_term_string}"},"query-input":{"@type":"PropertyValueSpecification","valueRequired":true,"valueName":"search_term_string"}}],"inLanguage":"it-IT"},{"@type":"Organization","@id":"https:\/\/hobby4geek.com\/#organization","name":"Hobby4Geek","url":"https:\/\/hobby4geek.com\/","logo":{"@type":"ImageObject","inLanguage":"it-IT","@id":"https:\/\/hobby4geek.com\/#\/schema\/logo\/image\/","url":"https:\/\/hobby4geek.com\/wp-content\/uploads\/2023\/02\/default-kit.png","contentUrl":"https:\/\/hobby4geek.com\/wp-content\/uploads\/2023\/02\/default-kit.png","width":600,"height":600,"caption":"Hobby4Geek"},"image":{"@id":"https:\/\/hobby4geek.com\/#\/schema\/logo\/image\/"},"sameAs":["https:\/\/www.facebook.com\/hobby4geek","https:\/\/x.com\/hobby4geek","https:\/\/www.instagram.com\/hobby4geek\/"]}]},"product_brand":"Hasbro","product_price_amount":"14.80","product_price_currency":"EUR","og_availability":"instock","product_availability":"instock","product_retailer_item_id":"5010996208316","product_condition":"new"},"_links":{"self":[{"href":"https:\/\/hobby4geek.com\/it\/wp-json\/wp\/v2\/product\/189996","targetHints":{"allow":["GET"]}}],"collection":[{"href":"https:\/\/hobby4geek.com\/it\/wp-json\/wp\/v2\/product"}],"about":[{"href":"https:\/\/hobby4geek.com\/it\/wp-json\/wp\/v2\/types\/product"}],"replies":[{"embeddable":true,"href":"https:\/\/hobby4geek.com\/it\/wp-json\/wp\/v2\/comments?post=189996"}],"version-history":[{"count":0,"href":"https:\/\/hobby4geek.com\/it\/wp-json\/wp\/v2\/product\/189996\/revisions"}],"wp:featuredmedia":[{"embeddable":true,"href":"https:\/\/hobby4geek.com\/it\/wp-json\/wp\/v2\/media\/190001"}],"wp:attachment":[{"href":"https:\/\/hobby4geek.com\/it\/wp-json\/wp\/v2\/media?parent=189996"}],"wp:term":[{"taxonomy":"product_brand","embeddable":true,"href":"https:\/\/hobby4geek.com\/it\/wp-json\/wp\/v2\/product_brand?post=189996"},{"taxonomy":"product_cat","embeddable":true,"href":"https:\/\/hobby4geek.com\/it\/wp-json\/wp\/v2\/product_cat?post=189996"},{"taxonomy":"product_tag","embeddable":true,"href":"https:\/\/hobby4geek.com\/it\/wp-json\/wp\/v2\/product_tag?post=189996"},{"taxonomy":"giftcard-category","embeddable":true,"href":"https:\/\/hobby4geek.com\/it\/wp-json\/wp\/v2\/giftcard-category?post=189996"}],"curies":[{"name":"wp","href":"https:\/\/api.w.org\/{rel}","templated":true}]}}