{"id":189954,"date":"2023-10-30T11:38:28","date_gmt":"2023-10-30T09:38:28","guid":{"rendered":"https:\/\/hobby4geek.com\/?post_type=product&#038;p=189954"},"modified":"2026-01-03T15:23:17","modified_gmt":"2026-01-03T14:23:17","slug":"dreamstartoys-dst01-003-silverbolt","status":"publish","type":"product","link":"https:\/\/hobby4geek.com\/it\/prodotto\/dreamstartoys-dst01-003-silverbolt\/","title":{"rendered":"DREAM STAR TOYS \u65e0\u754f\u6218\u795e DST01-003 \u9280\u7bad\u6230\u8005 SILVERBOLT"},"content":{"rendered":"<p>L'azienda di terze parti Dream Star Toys presenta il suo DST01-003 Silverbolt!<\/p>\n<p>Si tratta di un design altamente stilizzato, con una scelta di scultura diversa rispetto alla tendenza all'accuratezza da cartone animato delle figure recenti. Silverbolt ha un buon livello di posabilit\u00e0 in modalit\u00e0 robot e una modalit\u00e0 alt solida e realistica.<\/p>\n<p>DST01-003 Silverbolt \u00e8 in scala Masterpieces ed \u00e8 alto quasi 11 pollici in modalit\u00e0 robot. Questa figura \u00e8 la terza di 5 figure del combiner Dream Star Toys chiamato Encourager!<\/p>\n<div class=\"p-details-div\">\n<\/div>\n<ul>\n<li id=\"specs-toy_size-data\">Dimensioni: 27 cm \/ 10,8 pollici<\/li>\n<li id=\"specs-scale-data\">Scala: Masterpiece<\/li>\n<li id=\"specs-altMode-data\">Modalit\u00e0 alternativa: Getto<\/li>\n<li>Parte del combinatore Dream Star Toys Encourager<\/li>\n<li>Realizzato in plastica e pressofusione<\/li>\n<\/ul>","protected":false},"excerpt":{"rendered":"<ul>\n<li id=\"specs-toy_size-data\">Dimensioni: 27 cm \/ 10,8 pollici<\/li>\n<li id=\"specs-scale-data\">Scala: Masterpiece<\/li>\n<li id=\"specs-altMode-data\">Modalit\u00e0 alternativa: Getto<\/li>\n<li>Parte del combinatore Dream Star Toys Encourager<\/li>\n<li>Realizzato in plastica e pressofusione<\/li>\n<\/ul>","protected":false},"featured_media":189969,"comment_status":"open","ping_status":"closed","template":"","meta":{"inline_featured_image":false},"product_brand":[],"product_cat":[170],"product_tag":[200,1759,199,2327,594,1663,2328,230,759,1975,204,1667,2329],"giftcard-category":[],"class_list":{"0":"post-189954","1":"product","2":"type-product","3":"status-publish","4":"has-post-thumbnail","6":"product_cat-dream-star-toys","7":"product_tag-action-figures","8":"product_tag-action-toys","9":"product_tag-autobot","10":"product_tag-combine","11":"product_tag-combiner","12":"product_tag-dream-star-toys","13":"product_tag-dst01-003","14":"product_tag-masterpiece","15":"product_tag-silverbolt","16":"product_tag-toys-figures","17":"product_tag-transformers","18":"product_tag-1667","19":"product_tag-2329","20":"product_shipping_class-free-shipping","22":"first","23":"instock","24":"taxable","25":"shipping-taxable","26":"purchasable","27":"product-type-simple","28":"add-to-wishlist-after_add_to_cart"},"yoast_head":"<!-- This site is optimized with the Yoast SEO Premium plugin v25.3.1 (Yoast SEO v27.4) - https:\/\/yoast.com\/product\/yoast-seo-premium-wordpress\/ -->\n<title>DREAM STAR TOYS \u65e0\u754f\u6218\u795e DST01-003 \u9280\u7bad\u6230\u8005 SILVERBOLT<\/title>\n<meta name=\"robots\" content=\"index, follow, max-snippet:-1, max-image-preview:large, max-video-preview:-1\" \/>\n<link rel=\"canonical\" href=\"https:\/\/hobby4geek.com\/it\/prodotto\/dreamstartoys-dst01-003-silverbolt\/\" \/>\n<meta property=\"og:locale\" content=\"it_IT\" \/>\n<meta property=\"og:type\" content=\"article\" \/>\n<meta property=\"og:title\" content=\"DREAM STAR TOYS \u65e0\u754f\u6218\u795e DST01-003 \u9280\u7bad\u6230\u8005 SILVERBOLT\" \/>\n<meta property=\"og:description\" content=\"Size: 27 cm \/ 10.8 inches  Scale: Masterpiece  Alternate mode: Jet  Part of the Dream Star Toys Encourager combiner  Made of plastic and die-cast\" \/>\n<meta property=\"og:url\" content=\"https:\/\/hobby4geek.com\/it\/prodotto\/dreamstartoys-dst01-003-silverbolt\/\" \/>\n<meta property=\"og:site_name\" content=\"Hobby4Geek\" \/>\n<meta property=\"article:publisher\" content=\"https:\/\/www.facebook.com\/hobby4geek\" \/>\n<meta property=\"article:modified_time\" content=\"2026-01-03T14:23:17+00:00\" \/>\n<meta property=\"og:image\" content=\"https:\/\/hobby4geek.com\/wp-content\/uploads\/2023\/10\/dream-star-toys-\u65e0\u754f\u6218\u795e-dst01-003-\u9280\u7bad\u6230\u8005-silverbolt-8.png\" \/>\n\t<meta property=\"og:image:width\" content=\"516\" \/>\n\t<meta property=\"og:image:height\" content=\"646\" \/>\n\t<meta property=\"og:image:type\" content=\"image\/png\" \/>\n<meta name=\"twitter:card\" content=\"summary_large_image\" \/>\n<meta name=\"twitter:site\" content=\"@hobby4geek\" \/>\n<script type=\"application\/ld+json\" class=\"yoast-schema-graph\">{\"@context\":\"https:\\\/\\\/schema.org\",\"@graph\":[{\"@type\":\"WebPage\",\"@id\":\"https:\\\/\\\/hobby4geek.com\\\/product\\\/dreamstartoys-dst01-003-silverbolt\\\/\",\"url\":\"https:\\\/\\\/hobby4geek.com\\\/product\\\/dreamstartoys-dst01-003-silverbolt\\\/\",\"name\":\"DREAM STAR TOYS \u65e0\u754f\u6218\u795e DST01-003 \u9280\u7bad\u6230\u8005 SILVERBOLT\",\"isPartOf\":{\"@id\":\"https:\\\/\\\/hobby4geek.com\\\/#website\"},\"primaryImageOfPage\":{\"@id\":\"https:\\\/\\\/hobby4geek.com\\\/product\\\/dreamstartoys-dst01-003-silverbolt\\\/#primaryimage\"},\"image\":{\"@id\":\"https:\\\/\\\/hobby4geek.com\\\/product\\\/dreamstartoys-dst01-003-silverbolt\\\/#primaryimage\"},\"thumbnailUrl\":\"https:\\\/\\\/hobby4geek.com\\\/wp-content\\\/uploads\\\/2023\\\/10\\\/dream-star-toys-\u65e0\u754f\u6218\u795e-dst01-003-\u9280\u7bad\u6230\u8005-silverbolt-8.png\",\"datePublished\":\"2023-10-30T09:38:28+00:00\",\"dateModified\":\"2026-01-03T14:23:17+00:00\",\"breadcrumb\":{\"@id\":\"https:\\\/\\\/hobby4geek.com\\\/product\\\/dreamstartoys-dst01-003-silverbolt\\\/#breadcrumb\"},\"inLanguage\":\"it-IT\",\"potentialAction\":[{\"@type\":\"ReadAction\",\"target\":[\"https:\\\/\\\/hobby4geek.com\\\/product\\\/dreamstartoys-dst01-003-silverbolt\\\/\"]}]},{\"@type\":\"ImageObject\",\"inLanguage\":\"it-IT\",\"@id\":\"https:\\\/\\\/hobby4geek.com\\\/product\\\/dreamstartoys-dst01-003-silverbolt\\\/#primaryimage\",\"url\":\"https:\\\/\\\/hobby4geek.com\\\/wp-content\\\/uploads\\\/2023\\\/10\\\/dream-star-toys-\u65e0\u754f\u6218\u795e-dst01-003-\u9280\u7bad\u6230\u8005-silverbolt-8.png\",\"contentUrl\":\"https:\\\/\\\/hobby4geek.com\\\/wp-content\\\/uploads\\\/2023\\\/10\\\/dream-star-toys-\u65e0\u754f\u6218\u795e-dst01-003-\u9280\u7bad\u6230\u8005-silverbolt-8.png\",\"width\":516,\"height\":646},{\"@type\":\"BreadcrumbList\",\"@id\":\"https:\\\/\\\/hobby4geek.com\\\/product\\\/dreamstartoys-dst01-003-silverbolt\\\/#breadcrumb\",\"itemListElement\":[{\"@type\":\"ListItem\",\"position\":1,\"name\":\"Home\",\"item\":\"https:\\\/\\\/hobby4geek.com\\\/\"},{\"@type\":\"ListItem\",\"position\":2,\"name\":\"Shop\",\"item\":\"https:\\\/\\\/hobby4geek.com\\\/shop\\\/\"},{\"@type\":\"ListItem\",\"position\":3,\"name\":\"DREAM STAR TOYS \u65e0\u754f\u6218\u795e DST01-003 \u9280\u7bad\u6230\u8005 SILVERBOLT\"}]},{\"@type\":\"WebSite\",\"@id\":\"https:\\\/\\\/hobby4geek.com\\\/#website\",\"url\":\"https:\\\/\\\/hobby4geek.com\\\/\",\"name\":\"Hobby4Geek\",\"description\":\"Collect, Play &amp; Showcase, Embrace your Geekiness\",\"publisher\":{\"@id\":\"https:\\\/\\\/hobby4geek.com\\\/#organization\"},\"potentialAction\":[{\"@type\":\"SearchAction\",\"target\":{\"@type\":\"EntryPoint\",\"urlTemplate\":\"https:\\\/\\\/hobby4geek.com\\\/?s={search_term_string}\"},\"query-input\":{\"@type\":\"PropertyValueSpecification\",\"valueRequired\":true,\"valueName\":\"search_term_string\"}}],\"inLanguage\":\"it-IT\"},{\"@type\":\"Organization\",\"@id\":\"https:\\\/\\\/hobby4geek.com\\\/#organization\",\"name\":\"Hobby4Geek\",\"url\":\"https:\\\/\\\/hobby4geek.com\\\/\",\"logo\":{\"@type\":\"ImageObject\",\"inLanguage\":\"it-IT\",\"@id\":\"https:\\\/\\\/hobby4geek.com\\\/#\\\/schema\\\/logo\\\/image\\\/\",\"url\":\"https:\\\/\\\/hobby4geek.com\\\/wp-content\\\/uploads\\\/2023\\\/02\\\/default-kit.png\",\"contentUrl\":\"https:\\\/\\\/hobby4geek.com\\\/wp-content\\\/uploads\\\/2023\\\/02\\\/default-kit.png\",\"width\":600,\"height\":600,\"caption\":\"Hobby4Geek\"},\"image\":{\"@id\":\"https:\\\/\\\/hobby4geek.com\\\/#\\\/schema\\\/logo\\\/image\\\/\"},\"sameAs\":[\"https:\\\/\\\/www.facebook.com\\\/hobby4geek\",\"https:\\\/\\\/x.com\\\/hobby4geek\",\"https:\\\/\\\/www.instagram.com\\\/hobby4geek\\\/\"]}]}<\/script>\n<meta property=\"product:brand\" content=\"DREAM STAR TOYS\" \/>\n<meta property=\"product:price:amount\" content=\"219.80\" \/>\n<meta property=\"product:price:currency\" content=\"EUR\" \/>\n<meta property=\"og:availability\" content=\"instock\" \/>\n<meta property=\"product:availability\" content=\"instock\" \/>\n<meta property=\"product:condition\" content=\"new\" \/>\n<!-- \/ Yoast SEO Premium plugin. -->","yoast_head_json":{"title":"DREAM STAR TOYS \u65e0\u754f\u6218\u795e DST01-003 \u9280\u7bad\u6230\u8005 SILVERBOLT","robots":{"index":"index","follow":"follow","max-snippet":"max-snippet:-1","max-image-preview":"max-image-preview:large","max-video-preview":"max-video-preview:-1"},"canonical":"https:\/\/hobby4geek.com\/it\/prodotto\/dreamstartoys-dst01-003-silverbolt\/","og_locale":"it_IT","og_type":"article","og_title":"DREAM STAR TOYS \u65e0\u754f\u6218\u795e DST01-003 \u9280\u7bad\u6230\u8005 SILVERBOLT","og_description":"Size: 27 cm \/ 10.8 inches  Scale: Masterpiece  Alternate mode: Jet  Part of the Dream Star Toys Encourager combiner  Made of plastic and die-cast","og_url":"https:\/\/hobby4geek.com\/it\/prodotto\/dreamstartoys-dst01-003-silverbolt\/","og_site_name":"Hobby4Geek","article_publisher":"https:\/\/www.facebook.com\/hobby4geek","article_modified_time":"2026-01-03T14:23:17+00:00","og_image":[{"width":516,"height":646,"url":"https:\/\/hobby4geek.com\/wp-content\/uploads\/2023\/10\/dream-star-toys-\u65e0\u754f\u6218\u795e-dst01-003-\u9280\u7bad\u6230\u8005-silverbolt-8.png","type":"image\/png"}],"twitter_card":"summary_large_image","twitter_site":"@hobby4geek","schema":{"@context":"https:\/\/schema.org","@graph":[{"@type":"WebPage","@id":"https:\/\/hobby4geek.com\/product\/dreamstartoys-dst01-003-silverbolt\/","url":"https:\/\/hobby4geek.com\/product\/dreamstartoys-dst01-003-silverbolt\/","name":"DREAM STAR TOYS \u65e0\u754f\u6218\u795e DST01-003 \u9280\u7bad\u6230\u8005 SILVERBOLT","isPartOf":{"@id":"https:\/\/hobby4geek.com\/#website"},"primaryImageOfPage":{"@id":"https:\/\/hobby4geek.com\/product\/dreamstartoys-dst01-003-silverbolt\/#primaryimage"},"image":{"@id":"https:\/\/hobby4geek.com\/product\/dreamstartoys-dst01-003-silverbolt\/#primaryimage"},"thumbnailUrl":"https:\/\/hobby4geek.com\/wp-content\/uploads\/2023\/10\/dream-star-toys-\u65e0\u754f\u6218\u795e-dst01-003-\u9280\u7bad\u6230\u8005-silverbolt-8.png","datePublished":"2023-10-30T09:38:28+00:00","dateModified":"2026-01-03T14:23:17+00:00","breadcrumb":{"@id":"https:\/\/hobby4geek.com\/product\/dreamstartoys-dst01-003-silverbolt\/#breadcrumb"},"inLanguage":"it-IT","potentialAction":[{"@type":"ReadAction","target":["https:\/\/hobby4geek.com\/product\/dreamstartoys-dst01-003-silverbolt\/"]}]},{"@type":"ImageObject","inLanguage":"it-IT","@id":"https:\/\/hobby4geek.com\/product\/dreamstartoys-dst01-003-silverbolt\/#primaryimage","url":"https:\/\/hobby4geek.com\/wp-content\/uploads\/2023\/10\/dream-star-toys-\u65e0\u754f\u6218\u795e-dst01-003-\u9280\u7bad\u6230\u8005-silverbolt-8.png","contentUrl":"https:\/\/hobby4geek.com\/wp-content\/uploads\/2023\/10\/dream-star-toys-\u65e0\u754f\u6218\u795e-dst01-003-\u9280\u7bad\u6230\u8005-silverbolt-8.png","width":516,"height":646},{"@type":"BreadcrumbList","@id":"https:\/\/hobby4geek.com\/product\/dreamstartoys-dst01-003-silverbolt\/#breadcrumb","itemListElement":[{"@type":"ListItem","position":1,"name":"Home","item":"https:\/\/hobby4geek.com\/"},{"@type":"ListItem","position":2,"name":"Shop","item":"https:\/\/hobby4geek.com\/shop\/"},{"@type":"ListItem","position":3,"name":"DREAM STAR TOYS \u65e0\u754f\u6218\u795e DST01-003 \u9280\u7bad\u6230\u8005 SILVERBOLT"}]},{"@type":"WebSite","@id":"https:\/\/hobby4geek.com\/#website","url":"https:\/\/hobby4geek.com\/","name":"Hobby4Geek","description":"Colleziona, gioca e metti in mostra, abbraccia la tua geekness","publisher":{"@id":"https:\/\/hobby4geek.com\/#organization"},"potentialAction":[{"@type":"SearchAction","target":{"@type":"EntryPoint","urlTemplate":"https:\/\/hobby4geek.com\/?s={search_term_string}"},"query-input":{"@type":"PropertyValueSpecification","valueRequired":true,"valueName":"search_term_string"}}],"inLanguage":"it-IT"},{"@type":"Organization","@id":"https:\/\/hobby4geek.com\/#organization","name":"Hobby4Geek","url":"https:\/\/hobby4geek.com\/","logo":{"@type":"ImageObject","inLanguage":"it-IT","@id":"https:\/\/hobby4geek.com\/#\/schema\/logo\/image\/","url":"https:\/\/hobby4geek.com\/wp-content\/uploads\/2023\/02\/default-kit.png","contentUrl":"https:\/\/hobby4geek.com\/wp-content\/uploads\/2023\/02\/default-kit.png","width":600,"height":600,"caption":"Hobby4Geek"},"image":{"@id":"https:\/\/hobby4geek.com\/#\/schema\/logo\/image\/"},"sameAs":["https:\/\/www.facebook.com\/hobby4geek","https:\/\/x.com\/hobby4geek","https:\/\/www.instagram.com\/hobby4geek\/"]}]},"product_brand":"DREAM STAR TOYS","product_price_amount":"219.80","product_price_currency":"EUR","og_availability":"instock","product_availability":"instock","product_condition":"new"},"_links":{"self":[{"href":"https:\/\/hobby4geek.com\/it\/wp-json\/wp\/v2\/product\/189954","targetHints":{"allow":["GET"]}}],"collection":[{"href":"https:\/\/hobby4geek.com\/it\/wp-json\/wp\/v2\/product"}],"about":[{"href":"https:\/\/hobby4geek.com\/it\/wp-json\/wp\/v2\/types\/product"}],"replies":[{"embeddable":true,"href":"https:\/\/hobby4geek.com\/it\/wp-json\/wp\/v2\/comments?post=189954"}],"version-history":[{"count":0,"href":"https:\/\/hobby4geek.com\/it\/wp-json\/wp\/v2\/product\/189954\/revisions"}],"wp:featuredmedia":[{"embeddable":true,"href":"https:\/\/hobby4geek.com\/it\/wp-json\/wp\/v2\/media\/189969"}],"wp:attachment":[{"href":"https:\/\/hobby4geek.com\/it\/wp-json\/wp\/v2\/media?parent=189954"}],"wp:term":[{"taxonomy":"product_brand","embeddable":true,"href":"https:\/\/hobby4geek.com\/it\/wp-json\/wp\/v2\/product_brand?post=189954"},{"taxonomy":"product_cat","embeddable":true,"href":"https:\/\/hobby4geek.com\/it\/wp-json\/wp\/v2\/product_cat?post=189954"},{"taxonomy":"product_tag","embeddable":true,"href":"https:\/\/hobby4geek.com\/it\/wp-json\/wp\/v2\/product_tag?post=189954"},{"taxonomy":"giftcard-category","embeddable":true,"href":"https:\/\/hobby4geek.com\/it\/wp-json\/wp\/v2\/giftcard-category?post=189954"}],"curies":[{"name":"wp","href":"https:\/\/api.w.org\/{rel}","templated":true}]}}