{"id":189542,"date":"2023-11-05T18:33:06","date_gmt":"2023-11-05T16:33:06","guid":{"rendered":"https:\/\/hobby4geek.com\/?post_type=product&#038;p=189542"},"modified":"2024-05-12T12:57:20","modified_gmt":"2024-05-12T11:57:20","slug":"transformers-rise-of-the-beasts-studio-series-core-class-noah-diaz-exo-suit","status":"publish","type":"product","link":"https:\/\/hobby4geek.com\/it\/prodotto\/transformers-rise-of-the-beasts-studio-series-core-class-noah-diaz-exo-suit\/","title":{"rendered":"Transformers: L'ascesa delle bestie - Serie Studio - Classe base Noah D\u00edaz Exo-Suit"},"content":{"rendered":"<p>Porta l'azione epica dei film Transformers dal grande schermo nella tua collezione con l'action figure Transformers Studio Series Noah D\u00edaz Exo-Suit, ispirata a Transformers: Rise of the Beasts!<\/p>\n<p>I giocattoli Studio Series Transformers sono action figure da collezione per bambini e bambine di 8 anni che presentano dettagli e accessori ispirati ai film.<\/p>\n<p>Converti l'action figure da collezione dalla modalit\u00e0 Exo-Suit alla modalit\u00e0 jet blaster in 7 passaggi e metti in posa il giocattolo Noah D\u00edaz Exo-Suit con il cannone blaster e gli accessori jetpack inclusi. Le action figure Transformers per ragazzi e ragazze sono un ottimo regalo!<\/p>","protected":false},"excerpt":{"rendered":"<ul>\n<li>8,9 cm<\/li>\n<li>Classe Origine<\/li>\n<li>La trasformazione in 7 passi<\/li>\n<li>Convertire in jet blaster<\/li>\n<\/ul>\n<p><strong>Accessori:<\/strong><\/p>\n<ul>\n<li>Blaster<\/li>\n<li>Cannone<\/li>\n<li>Jetpack<\/li>\n<\/ul>","protected":false},"featured_media":189547,"comment_status":"open","ping_status":"closed","template":"","meta":{"inline_featured_image":false},"product_brand":[],"product_cat":[1955,68,69,1960],"product_tag":[1759,2109,335,2286,1956,1957,240,203,1975,204,1961,1962,1994,2227],"giftcard-category":[],"class_list":{"0":"post-189542","1":"product","2":"type-product","3":"status-publish","4":"has-post-thumbnail","6":"product_cat-transformers","7":"product_cat-hasbro","8":"product_cat-takara-tomy","9":"product_cat-transformers-generations","10":"product_tag-action-toys","11":"product_tag-core-class","12":"product_tag-hasbro","13":"product_tag-noah-diaz-exo-suit","14":"product_tag-rise-of-the-beasts","15":"product_tag-rotb","16":"product_tag-studio-series","17":"product_tag-takara-tomy","18":"product_tag-toys-figures","19":"product_tag-transformers","20":"product_tag-transformers-authentic","21":"product_tag-transformers-generations","22":"product_tag-transformers-studio-series","23":"product_tag-transformers-rise-of-the-beasts","24":"product_shipping_class-light","26":"first","27":"outofstock","28":"taxable","29":"shipping-taxable","30":"purchasable","31":"product-type-simple","32":"add-to-wishlist-after_add_to_cart"},"yoast_head":"<!-- This site is optimized with the Yoast SEO Premium plugin v25.3.1 (Yoast SEO v27.2) - https:\/\/yoast.com\/product\/yoast-seo-premium-wordpress\/ -->\n<title>Transformers: Rise of the Beasts - Studio Series - Core Class Noah D\u00edaz Exo-Suit<\/title>\n<meta name=\"robots\" content=\"index, follow, max-snippet:-1, max-image-preview:large, max-video-preview:-1\" \/>\n<link rel=\"canonical\" href=\"https:\/\/hobby4geek.com\/it\/prodotto\/transformers-rise-of-the-beasts-studio-series-core-class-noah-diaz-exo-suit\/\" \/>\n<meta property=\"og:locale\" content=\"it_IT\" \/>\n<meta property=\"og:type\" content=\"article\" \/>\n<meta property=\"og:title\" content=\"Transformers: Rise of the Beasts - Studio Series - Core Class Noah D\u00edaz Exo-Suit\" \/>\n<meta property=\"og:description\" content=\"8,9 cm  Core Class  Tranform in\u00a07 steps  Convert to jet blaster  Accessories:   Blaster  Cannon  Jetpack\" \/>\n<meta property=\"og:url\" content=\"https:\/\/hobby4geek.com\/it\/prodotto\/transformers-rise-of-the-beasts-studio-series-core-class-noah-diaz-exo-suit\/\" \/>\n<meta property=\"og:site_name\" content=\"Hobby4Geek\" \/>\n<meta property=\"article:publisher\" content=\"https:\/\/www.facebook.com\/hobby4geek\" \/>\n<meta property=\"article:modified_time\" content=\"2024-05-12T11:57:20+00:00\" \/>\n<meta property=\"og:image\" content=\"https:\/\/hobby4geek.com\/wp-content\/uploads\/2023\/09\/transformers-rise-of-the-beasts-studio-series-core-class-noah-diaz-exo-suit-5.webp\" \/>\n\t<meta property=\"og:image:width\" content=\"2000\" \/>\n\t<meta property=\"og:image:height\" content=\"2000\" \/>\n\t<meta property=\"og:image:type\" content=\"image\/webp\" \/>\n<meta name=\"twitter:card\" content=\"summary_large_image\" \/>\n<meta name=\"twitter:site\" content=\"@hobby4geek\" \/>\n<script type=\"application\/ld+json\" class=\"yoast-schema-graph\">{\"@context\":\"https:\/\/schema.org\",\"@graph\":[{\"@type\":\"WebPage\",\"@id\":\"https:\/\/hobby4geek.com\/it\/prodotto\/transformers-rise-of-the-beasts-studio-series-core-class-noah-diaz-exo-suit\/\",\"url\":\"https:\/\/hobby4geek.com\/it\/prodotto\/transformers-rise-of-the-beasts-studio-series-core-class-noah-diaz-exo-suit\/\",\"name\":\"Transformers: Rise of the Beasts - Studio Series - Core Class Noah D\u00edaz Exo-Suit\",\"isPartOf\":{\"@id\":\"https:\/\/hobby4geek.com\/#website\"},\"primaryImageOfPage\":{\"@id\":\"https:\/\/hobby4geek.com\/it\/prodotto\/transformers-rise-of-the-beasts-studio-series-core-class-noah-diaz-exo-suit\/#primaryimage\"},\"image\":{\"@id\":\"https:\/\/hobby4geek.com\/it\/prodotto\/transformers-rise-of-the-beasts-studio-series-core-class-noah-diaz-exo-suit\/#primaryimage\"},\"thumbnailUrl\":\"https:\/\/hobby4geek.com\/wp-content\/uploads\/2023\/09\/transformers-rise-of-the-beasts-studio-series-core-class-noah-diaz-exo-suit-5.webp\",\"datePublished\":\"2023-11-05T16:33:06+00:00\",\"dateModified\":\"2024-05-12T11:57:20+00:00\",\"breadcrumb\":{\"@id\":\"https:\/\/hobby4geek.com\/it\/prodotto\/transformers-rise-of-the-beasts-studio-series-core-class-noah-diaz-exo-suit\/#breadcrumb\"},\"inLanguage\":\"it-IT\",\"potentialAction\":[{\"@type\":\"ReadAction\",\"target\":[\"https:\/\/hobby4geek.com\/it\/prodotto\/transformers-rise-of-the-beasts-studio-series-core-class-noah-diaz-exo-suit\/\"]}]},{\"@type\":\"ImageObject\",\"inLanguage\":\"it-IT\",\"@id\":\"https:\/\/hobby4geek.com\/it\/prodotto\/transformers-rise-of-the-beasts-studio-series-core-class-noah-diaz-exo-suit\/#primaryimage\",\"url\":\"https:\/\/hobby4geek.com\/wp-content\/uploads\/2023\/09\/transformers-rise-of-the-beasts-studio-series-core-class-noah-diaz-exo-suit-5.webp\",\"contentUrl\":\"https:\/\/hobby4geek.com\/wp-content\/uploads\/2023\/09\/transformers-rise-of-the-beasts-studio-series-core-class-noah-diaz-exo-suit-5.webp\",\"width\":2000,\"height\":2000},{\"@type\":\"BreadcrumbList\",\"@id\":\"https:\/\/hobby4geek.com\/it\/prodotto\/transformers-rise-of-the-beasts-studio-series-core-class-noah-diaz-exo-suit\/#breadcrumb\",\"itemListElement\":[{\"@type\":\"ListItem\",\"position\":1,\"name\":\"Home\",\"item\":\"https:\/\/hobby4geek.com\/\"},{\"@type\":\"ListItem\",\"position\":2,\"name\":\"Shop\",\"item\":\"https:\/\/hobby4geek.com\/shop\/\"},{\"@type\":\"ListItem\",\"position\":3,\"name\":\"Transformers: Rise of the Beasts &#8211; Studio Series &#8211; Core Class Noah D\u00edaz Exo-Suit\"}]},{\"@type\":\"WebSite\",\"@id\":\"https:\/\/hobby4geek.com\/#website\",\"url\":\"https:\/\/hobby4geek.com\/\",\"name\":\"Hobby4Geek\",\"description\":\"Collect, Play &amp; Showcase, Embrace your Geekiness\",\"publisher\":{\"@id\":\"https:\/\/hobby4geek.com\/#organization\"},\"potentialAction\":[{\"@type\":\"SearchAction\",\"target\":{\"@type\":\"EntryPoint\",\"urlTemplate\":\"https:\/\/hobby4geek.com\/?s={search_term_string}\"},\"query-input\":{\"@type\":\"PropertyValueSpecification\",\"valueRequired\":true,\"valueName\":\"search_term_string\"}}],\"inLanguage\":\"it-IT\"},{\"@type\":\"Organization\",\"@id\":\"https:\/\/hobby4geek.com\/#organization\",\"name\":\"Hobby4Geek\",\"url\":\"https:\/\/hobby4geek.com\/\",\"logo\":{\"@type\":\"ImageObject\",\"inLanguage\":\"it-IT\",\"@id\":\"https:\/\/hobby4geek.com\/#\/schema\/logo\/image\/\",\"url\":\"https:\/\/hobby4geek.com\/wp-content\/uploads\/2023\/02\/default-kit.png\",\"contentUrl\":\"https:\/\/hobby4geek.com\/wp-content\/uploads\/2023\/02\/default-kit.png\",\"width\":600,\"height\":600,\"caption\":\"Hobby4Geek\"},\"image\":{\"@id\":\"https:\/\/hobby4geek.com\/#\/schema\/logo\/image\/\"},\"sameAs\":[\"https:\/\/www.facebook.com\/hobby4geek\",\"https:\/\/x.com\/hobby4geek\",\"https:\/\/www.instagram.com\/hobby4geek\/\"]}]}<\/script>\n<meta property=\"product:brand\" content=\"Transformers\" \/>\n<meta property=\"product:price:amount\" content=\"14.80\" \/>\n<meta property=\"product:price:currency\" content=\"EUR\" \/>\n<meta property=\"og:availability\" content=\"out of stock\" \/>\n<meta property=\"product:availability\" content=\"out of stock\" \/>\n<meta property=\"product:retailer_item_id\" content=\"5010996145772\" \/>\n<meta property=\"product:condition\" content=\"new\" \/>\n<!-- \/ Yoast SEO Premium plugin. -->","yoast_head_json":{"title":"Transformers: Rise of the Beasts - Studio Series - Exo-Suit di classe base Noah D\u00edaz","robots":{"index":"index","follow":"follow","max-snippet":"max-snippet:-1","max-image-preview":"max-image-preview:large","max-video-preview":"max-video-preview:-1"},"canonical":"https:\/\/hobby4geek.com\/it\/prodotto\/transformers-rise-of-the-beasts-studio-series-core-class-noah-diaz-exo-suit\/","og_locale":"it_IT","og_type":"article","og_title":"Transformers: Rise of the Beasts - Studio Series - Core Class Noah D\u00edaz Exo-Suit","og_description":"8,9 cm  Core Class  Tranform in\u00a07 steps  Convert to jet blaster  Accessories:   Blaster  Cannon  Jetpack","og_url":"https:\/\/hobby4geek.com\/it\/prodotto\/transformers-rise-of-the-beasts-studio-series-core-class-noah-diaz-exo-suit\/","og_site_name":"Hobby4Geek","article_publisher":"https:\/\/www.facebook.com\/hobby4geek","article_modified_time":"2024-05-12T11:57:20+00:00","og_image":[{"width":2000,"height":2000,"url":"https:\/\/hobby4geek.com\/wp-content\/uploads\/2023\/09\/transformers-rise-of-the-beasts-studio-series-core-class-noah-diaz-exo-suit-5.webp","type":"image\/webp"}],"twitter_card":"summary_large_image","twitter_site":"@hobby4geek","schema":{"@context":"https:\/\/schema.org","@graph":[{"@type":"WebPage","@id":"https:\/\/hobby4geek.com\/it\/prodotto\/transformers-rise-of-the-beasts-studio-series-core-class-noah-diaz-exo-suit\/","url":"https:\/\/hobby4geek.com\/it\/prodotto\/transformers-rise-of-the-beasts-studio-series-core-class-noah-diaz-exo-suit\/","name":"Transformers: Rise of the Beasts - Studio Series - Exo-Suit di classe base Noah D\u00edaz","isPartOf":{"@id":"https:\/\/hobby4geek.com\/#website"},"primaryImageOfPage":{"@id":"https:\/\/hobby4geek.com\/it\/prodotto\/transformers-rise-of-the-beasts-studio-series-core-class-noah-diaz-exo-suit\/#primaryimage"},"image":{"@id":"https:\/\/hobby4geek.com\/it\/prodotto\/transformers-rise-of-the-beasts-studio-series-core-class-noah-diaz-exo-suit\/#primaryimage"},"thumbnailUrl":"https:\/\/hobby4geek.com\/wp-content\/uploads\/2023\/09\/transformers-rise-of-the-beasts-studio-series-core-class-noah-diaz-exo-suit-5.webp","datePublished":"2023-11-05T16:33:06+00:00","dateModified":"2024-05-12T11:57:20+00:00","breadcrumb":{"@id":"https:\/\/hobby4geek.com\/it\/prodotto\/transformers-rise-of-the-beasts-studio-series-core-class-noah-diaz-exo-suit\/#breadcrumb"},"inLanguage":"it-IT","potentialAction":[{"@type":"ReadAction","target":["https:\/\/hobby4geek.com\/it\/prodotto\/transformers-rise-of-the-beasts-studio-series-core-class-noah-diaz-exo-suit\/"]}]},{"@type":"ImageObject","inLanguage":"it-IT","@id":"https:\/\/hobby4geek.com\/it\/prodotto\/transformers-rise-of-the-beasts-studio-series-core-class-noah-diaz-exo-suit\/#primaryimage","url":"https:\/\/hobby4geek.com\/wp-content\/uploads\/2023\/09\/transformers-rise-of-the-beasts-studio-series-core-class-noah-diaz-exo-suit-5.webp","contentUrl":"https:\/\/hobby4geek.com\/wp-content\/uploads\/2023\/09\/transformers-rise-of-the-beasts-studio-series-core-class-noah-diaz-exo-suit-5.webp","width":2000,"height":2000},{"@type":"BreadcrumbList","@id":"https:\/\/hobby4geek.com\/it\/prodotto\/transformers-rise-of-the-beasts-studio-series-core-class-noah-diaz-exo-suit\/#breadcrumb","itemListElement":[{"@type":"ListItem","position":1,"name":"Home","item":"https:\/\/hobby4geek.com\/"},{"@type":"ListItem","position":2,"name":"Shop","item":"https:\/\/hobby4geek.com\/shop\/"},{"@type":"ListItem","position":3,"name":"Transformers: Rise of the Beasts &#8211; Studio Series &#8211; Core Class Noah D\u00edaz Exo-Suit"}]},{"@type":"WebSite","@id":"https:\/\/hobby4geek.com\/#website","url":"https:\/\/hobby4geek.com\/","name":"Hobby4Geek","description":"Colleziona, gioca e metti in mostra, abbraccia la tua geekness","publisher":{"@id":"https:\/\/hobby4geek.com\/#organization"},"potentialAction":[{"@type":"SearchAction","target":{"@type":"EntryPoint","urlTemplate":"https:\/\/hobby4geek.com\/?s={search_term_string}"},"query-input":{"@type":"PropertyValueSpecification","valueRequired":true,"valueName":"search_term_string"}}],"inLanguage":"it-IT"},{"@type":"Organization","@id":"https:\/\/hobby4geek.com\/#organization","name":"Hobby4Geek","url":"https:\/\/hobby4geek.com\/","logo":{"@type":"ImageObject","inLanguage":"it-IT","@id":"https:\/\/hobby4geek.com\/#\/schema\/logo\/image\/","url":"https:\/\/hobby4geek.com\/wp-content\/uploads\/2023\/02\/default-kit.png","contentUrl":"https:\/\/hobby4geek.com\/wp-content\/uploads\/2023\/02\/default-kit.png","width":600,"height":600,"caption":"Hobby4Geek"},"image":{"@id":"https:\/\/hobby4geek.com\/#\/schema\/logo\/image\/"},"sameAs":["https:\/\/www.facebook.com\/hobby4geek","https:\/\/x.com\/hobby4geek","https:\/\/www.instagram.com\/hobby4geek\/"]}]},"product_brand":"Transformers","product_price_amount":"14.80","product_price_currency":"EUR","og_availability":"out of stock","product_availability":"out of stock","product_retailer_item_id":"5010996145772","product_condition":"new"},"_links":{"self":[{"href":"https:\/\/hobby4geek.com\/it\/wp-json\/wp\/v2\/product\/189542","targetHints":{"allow":["GET"]}}],"collection":[{"href":"https:\/\/hobby4geek.com\/it\/wp-json\/wp\/v2\/product"}],"about":[{"href":"https:\/\/hobby4geek.com\/it\/wp-json\/wp\/v2\/types\/product"}],"replies":[{"embeddable":true,"href":"https:\/\/hobby4geek.com\/it\/wp-json\/wp\/v2\/comments?post=189542"}],"version-history":[{"count":0,"href":"https:\/\/hobby4geek.com\/it\/wp-json\/wp\/v2\/product\/189542\/revisions"}],"wp:featuredmedia":[{"embeddable":true,"href":"https:\/\/hobby4geek.com\/it\/wp-json\/wp\/v2\/media\/189547"}],"wp:attachment":[{"href":"https:\/\/hobby4geek.com\/it\/wp-json\/wp\/v2\/media?parent=189542"}],"wp:term":[{"taxonomy":"product_brand","embeddable":true,"href":"https:\/\/hobby4geek.com\/it\/wp-json\/wp\/v2\/product_brand?post=189542"},{"taxonomy":"product_cat","embeddable":true,"href":"https:\/\/hobby4geek.com\/it\/wp-json\/wp\/v2\/product_cat?post=189542"},{"taxonomy":"product_tag","embeddable":true,"href":"https:\/\/hobby4geek.com\/it\/wp-json\/wp\/v2\/product_tag?post=189542"},{"taxonomy":"giftcard-category","embeddable":true,"href":"https:\/\/hobby4geek.com\/it\/wp-json\/wp\/v2\/giftcard-category?post=189542"}],"curies":[{"name":"wp","href":"https:\/\/api.w.org\/{rel}","templated":true}]}}