{"id":188543,"date":"2023-07-31T16:21:03","date_gmt":"2023-07-31T14:21:03","guid":{"rendered":"https:\/\/hobby4geek.com\/?post_type=product&#038;p=188543"},"modified":"2024-05-12T12:54:50","modified_gmt":"2024-05-12T11:54:50","slug":"transformers-bumblebee-buzzworthy-studio-serie-102-classe-voyager-optimus-prime","status":"publish","type":"product","link":"https:\/\/hobby4geek.com\/it\/prodotto\/transformers-bumblebee-buzzworthy-studio-serie-102-classe-voyager-optimus-prime\/","title":{"rendered":"Transformers: Bumblebee Buzzworthy - Studio Series 102BB - Classe Voyager Optimus Prime"},"content":{"rendered":"<p>Probabilmente avrete sentito il brusio, ma Bumblebee \u00e8 un pezzo grosso. E ora il robot pi\u00f9 audace sta lasciando il segno con una linea di action figure di Transformers tra le pi\u00f9 interessanti per ragazzi, ragazze e fan di tutte le et\u00e0. Scoprite il motivo di tanto clamore, solo da Target. Porta l'azione epica dei film Transformers dal grande schermo nella tua collezione con l'action figure Transformers Studio Series Optimus Prime! Optimus Prime e gli Autobot fanno la guardia in caso di attacco dei Terrorcon. I giocattoli Studio Series Transformers sono action figure da collezione per bambini e bambine di 8 anni che presentano dettagli e accessori ispirati al film. Trasforma l'action figure da robot a camion in 34 passi. Posizionare il giocattolo Optimus Prime nello scenario rimovibile incluso Street Festival Stakeout.<\/p>\n<p>Le figure Buzzworthy Bumblebee sono dotate di una speciale confezione da collezione Buzzworthy Bumblebee. Colleziona altre figure Buzzworthy Bumblebee, solo da Target (ognuna venduta separatamente, soggetta a disponibilit\u00e0).<\/p>\n<ul>\n<li>La collezione Buzzworthy Bumblebee presenta alcune delle action figure Transformers pi\u00f9 interessanti per ragazzi, ragazze e fan di tutte le et\u00e0, solo da Target.<\/li>\n<li>L'action figure Transformers Studio Series 102BB Voyager Optimus Prime presenta decorazioni e dettagli ispirati al film. Viene fornita con spada e accessori per il cannone da braccio.<\/li>\n<li>La scala del giocattolo Optimus Prime riflette le dimensioni del personaggio nel modello Transformers: Rise of the Beasts. Posizionare la figura davanti al fondale rimovibile che raffigura la scena dell'appostamento del Festival della Strada.<\/li>\n<li>Questo giocattolo Transformers per bambini e bambine di 8 anni \u00e8 dotato di una classica conversione tra le modalit\u00e0 robot e camion in 34 passaggi.<\/li>\n<li>Questa figura Transformers \u00e8 dotata di una speciale confezione da collezione Buzzworthy Bumblebee<\/li>\n<\/ul>\n<p>Transformers e tutti i personaggi correlati sono marchi di fabbrica di Hasbro.<br \/>\nHasbro e tutti i termini correlati sono marchi di Hasbro.<\/p>\n<p>Include figura, 2 accessori, fondale rimovibile e istruzioni.<\/p>","protected":false},"excerpt":{"rendered":"<ul>\n<li>17 cm<\/li>\n<li>Classe Voyager<\/li>\n<li>34 Passi<\/li>\n<li>Decorazioni rimovibili<\/li>\n<\/ul>","protected":false},"featured_media":188547,"comment_status":"open","ping_status":"closed","template":"","meta":{"inline_featured_image":false},"product_brand":[],"product_cat":[68,69,1955,1960],"product_tag":[1759,199,335,234,1956,1957,2176,2229,240,2175,203,1975,204,1961,1962,1994,2174,2227,1910],"giftcard-category":[],"class_list":{"0":"post-188543","1":"product","2":"type-product","3":"status-publish","4":"has-post-thumbnail","6":"product_cat-hasbro","7":"product_cat-takara-tomy","8":"product_cat-transformers","9":"product_cat-transformers-generations","10":"product_tag-action-toys","11":"product_tag-autobot","12":"product_tag-hasbro","13":"product_tag-optimus-prime","14":"product_tag-rise-of-the-beasts","15":"product_tag-rotb","16":"product_tag-ss-102","17":"product_tag-ss-102bb","18":"product_tag-studio-series","19":"product_tag-studio-series-102","20":"product_tag-takara-tomy","21":"product_tag-toys-figures","22":"product_tag-transformers","23":"product_tag-transformers-authentic","24":"product_tag-transformers-generations","25":"product_tag-transformers-studio-series","26":"product_tag-transformers-bumblebee-buzzworthy","27":"product_tag-transformers-rise-of-the-beasts","28":"product_tag-voyager-class","29":"product_shipping_class-light","31":"first","32":"outofstock","33":"taxable","34":"shipping-taxable","35":"purchasable","36":"product-type-simple","37":"add-to-wishlist-after_add_to_cart"},"yoast_head":"<!-- This site is optimized with the Yoast SEO Premium plugin v25.3.1 (Yoast SEO v27.4) - https:\/\/yoast.com\/product\/yoast-seo-premium-wordpress\/ -->\n<title>Transformers: Bumblebee Buzzworthy - Studio Series 102BB - Voyager Class Optimus Prime<\/title>\n<meta name=\"robots\" content=\"index, follow, max-snippet:-1, max-image-preview:large, max-video-preview:-1\" \/>\n<link rel=\"canonical\" href=\"https:\/\/hobby4geek.com\/it\/prodotto\/transformers-bumblebee-buzzworthy-studio-serie-102-classe-voyager-optimus-prime\/\" \/>\n<meta property=\"og:locale\" content=\"it_IT\" \/>\n<meta property=\"og:type\" content=\"article\" \/>\n<meta property=\"og:title\" content=\"Transformers: Bumblebee Buzzworthy - Studio Series 102BB - Voyager Class Optimus Prime\" \/>\n<meta property=\"og:description\" content=\"17 cm  Voyager Class  34 Steps  Removable Decor\" \/>\n<meta property=\"og:url\" content=\"https:\/\/hobby4geek.com\/it\/prodotto\/transformers-bumblebee-buzzworthy-studio-serie-102-classe-voyager-optimus-prime\/\" \/>\n<meta property=\"og:site_name\" content=\"Hobby4Geek\" \/>\n<meta property=\"article:publisher\" content=\"https:\/\/www.facebook.com\/hobby4geek\" \/>\n<meta property=\"article:modified_time\" content=\"2024-05-12T11:54:50+00:00\" \/>\n<meta property=\"og:image\" content=\"https:\/\/hobby4geek.com\/wp-content\/uploads\/2023\/05\/transformers-bumblebee-buzzworthy-studio-series-102bb-voyager-class-optimus-prime-4.webp\" \/>\n\t<meta property=\"og:image:width\" content=\"2000\" \/>\n\t<meta property=\"og:image:height\" content=\"2000\" \/>\n\t<meta property=\"og:image:type\" content=\"image\/webp\" \/>\n<meta name=\"twitter:card\" content=\"summary_large_image\" \/>\n<meta name=\"twitter:site\" content=\"@hobby4geek\" \/>\n<script type=\"application\/ld+json\" class=\"yoast-schema-graph\">{\"@context\":\"https:\\\/\\\/schema.org\",\"@graph\":[{\"@type\":\"WebPage\",\"@id\":\"https:\\\/\\\/hobby4geek.com\\\/fr\\\/produit\\\/transformers-bumblebee-buzzworthy-studio-series-102-voyager-class-optimus-prime\\\/\",\"url\":\"https:\\\/\\\/hobby4geek.com\\\/fr\\\/produit\\\/transformers-bumblebee-buzzworthy-studio-series-102-voyager-class-optimus-prime\\\/\",\"name\":\"Transformers: Bumblebee Buzzworthy - Studio Series 102BB - Voyager Class Optimus Prime\",\"isPartOf\":{\"@id\":\"https:\\\/\\\/hobby4geek.com\\\/#website\"},\"primaryImageOfPage\":{\"@id\":\"https:\\\/\\\/hobby4geek.com\\\/fr\\\/produit\\\/transformers-bumblebee-buzzworthy-studio-series-102-voyager-class-optimus-prime\\\/#primaryimage\"},\"image\":{\"@id\":\"https:\\\/\\\/hobby4geek.com\\\/fr\\\/produit\\\/transformers-bumblebee-buzzworthy-studio-series-102-voyager-class-optimus-prime\\\/#primaryimage\"},\"thumbnailUrl\":\"https:\\\/\\\/hobby4geek.com\\\/wp-content\\\/uploads\\\/2023\\\/05\\\/transformers-bumblebee-buzzworthy-studio-series-102bb-voyager-class-optimus-prime-4.webp\",\"datePublished\":\"2023-07-31T14:21:03+00:00\",\"dateModified\":\"2024-05-12T11:54:50+00:00\",\"breadcrumb\":{\"@id\":\"https:\\\/\\\/hobby4geek.com\\\/fr\\\/produit\\\/transformers-bumblebee-buzzworthy-studio-series-102-voyager-class-optimus-prime\\\/#breadcrumb\"},\"inLanguage\":\"it-IT\",\"potentialAction\":[{\"@type\":\"ReadAction\",\"target\":[\"https:\\\/\\\/hobby4geek.com\\\/fr\\\/produit\\\/transformers-bumblebee-buzzworthy-studio-series-102-voyager-class-optimus-prime\\\/\"]}]},{\"@type\":\"ImageObject\",\"inLanguage\":\"it-IT\",\"@id\":\"https:\\\/\\\/hobby4geek.com\\\/fr\\\/produit\\\/transformers-bumblebee-buzzworthy-studio-series-102-voyager-class-optimus-prime\\\/#primaryimage\",\"url\":\"https:\\\/\\\/hobby4geek.com\\\/wp-content\\\/uploads\\\/2023\\\/05\\\/transformers-bumblebee-buzzworthy-studio-series-102bb-voyager-class-optimus-prime-4.webp\",\"contentUrl\":\"https:\\\/\\\/hobby4geek.com\\\/wp-content\\\/uploads\\\/2023\\\/05\\\/transformers-bumblebee-buzzworthy-studio-series-102bb-voyager-class-optimus-prime-4.webp\",\"width\":2000,\"height\":2000},{\"@type\":\"BreadcrumbList\",\"@id\":\"https:\\\/\\\/hobby4geek.com\\\/fr\\\/produit\\\/transformers-bumblebee-buzzworthy-studio-series-102-voyager-class-optimus-prime\\\/#breadcrumb\",\"itemListElement\":[{\"@type\":\"ListItem\",\"position\":1,\"name\":\"Home\",\"item\":\"https:\\\/\\\/hobby4geek.com\\\/\"},{\"@type\":\"ListItem\",\"position\":2,\"name\":\"Shop\",\"item\":\"https:\\\/\\\/hobby4geek.com\\\/shop\\\/\"},{\"@type\":\"ListItem\",\"position\":3,\"name\":\"Transformers: Bumblebee Buzzworthy &#8211; Studio Series 102BB &#8211; Voyager Class Optimus Prime\"}]},{\"@type\":\"WebSite\",\"@id\":\"https:\\\/\\\/hobby4geek.com\\\/#website\",\"url\":\"https:\\\/\\\/hobby4geek.com\\\/\",\"name\":\"Hobby4Geek\",\"description\":\"Collect, Play &amp; Showcase, Embrace your Geekiness\",\"publisher\":{\"@id\":\"https:\\\/\\\/hobby4geek.com\\\/#organization\"},\"potentialAction\":[{\"@type\":\"SearchAction\",\"target\":{\"@type\":\"EntryPoint\",\"urlTemplate\":\"https:\\\/\\\/hobby4geek.com\\\/?s={search_term_string}\"},\"query-input\":{\"@type\":\"PropertyValueSpecification\",\"valueRequired\":true,\"valueName\":\"search_term_string\"}}],\"inLanguage\":\"it-IT\"},{\"@type\":\"Organization\",\"@id\":\"https:\\\/\\\/hobby4geek.com\\\/#organization\",\"name\":\"Hobby4Geek\",\"url\":\"https:\\\/\\\/hobby4geek.com\\\/\",\"logo\":{\"@type\":\"ImageObject\",\"inLanguage\":\"it-IT\",\"@id\":\"https:\\\/\\\/hobby4geek.com\\\/#\\\/schema\\\/logo\\\/image\\\/\",\"url\":\"https:\\\/\\\/hobby4geek.com\\\/wp-content\\\/uploads\\\/2023\\\/02\\\/default-kit.png\",\"contentUrl\":\"https:\\\/\\\/hobby4geek.com\\\/wp-content\\\/uploads\\\/2023\\\/02\\\/default-kit.png\",\"width\":600,\"height\":600,\"caption\":\"Hobby4Geek\"},\"image\":{\"@id\":\"https:\\\/\\\/hobby4geek.com\\\/#\\\/schema\\\/logo\\\/image\\\/\"},\"sameAs\":[\"https:\\\/\\\/www.facebook.com\\\/hobby4geek\",\"https:\\\/\\\/x.com\\\/hobby4geek\",\"https:\\\/\\\/www.instagram.com\\\/hobby4geek\\\/\"]}]}<\/script>\n<meta property=\"product:brand\" content=\"Hasbro\" \/>\n<meta property=\"product:price:amount\" content=\"38.60\" \/>\n<meta property=\"product:price:currency\" content=\"EUR\" \/>\n<meta property=\"og:availability\" content=\"out of stock\" \/>\n<meta property=\"product:availability\" content=\"out of stock\" \/>\n<meta property=\"product:retailer_item_id\" content=\"5010996141958\" \/>\n<meta property=\"product:condition\" content=\"new\" \/>\n<!-- \/ Yoast SEO Premium plugin. -->","yoast_head_json":{"title":"Transformers: Bumblebee Buzzworthy - Studio Series 102BB - Voyager Classe Optimus Prime","robots":{"index":"index","follow":"follow","max-snippet":"max-snippet:-1","max-image-preview":"max-image-preview:large","max-video-preview":"max-video-preview:-1"},"canonical":"https:\/\/hobby4geek.com\/it\/prodotto\/transformers-bumblebee-buzzworthy-studio-serie-102-classe-voyager-optimus-prime\/","og_locale":"it_IT","og_type":"article","og_title":"Transformers: Bumblebee Buzzworthy - Studio Series 102BB - Voyager Class Optimus Prime","og_description":"17 cm  Voyager Class  34 Steps  Removable Decor","og_url":"https:\/\/hobby4geek.com\/it\/prodotto\/transformers-bumblebee-buzzworthy-studio-serie-102-classe-voyager-optimus-prime\/","og_site_name":"Hobby4Geek","article_publisher":"https:\/\/www.facebook.com\/hobby4geek","article_modified_time":"2024-05-12T11:54:50+00:00","og_image":[{"width":2000,"height":2000,"url":"https:\/\/hobby4geek.com\/wp-content\/uploads\/2023\/05\/transformers-bumblebee-buzzworthy-studio-series-102bb-voyager-class-optimus-prime-4.webp","type":"image\/webp"}],"twitter_card":"summary_large_image","twitter_site":"@hobby4geek","schema":{"@context":"https:\/\/schema.org","@graph":[{"@type":"WebPage","@id":"https:\/\/hobby4geek.com\/fr\/produit\/transformers-bumblebee-buzzworthy-studio-series-102-voyager-class-optimus-prime\/","url":"https:\/\/hobby4geek.com\/fr\/produit\/transformers-bumblebee-buzzworthy-studio-series-102-voyager-class-optimus-prime\/","name":"Transformers: Bumblebee Buzzworthy - Studio Series 102BB - Voyager Classe Optimus Prime","isPartOf":{"@id":"https:\/\/hobby4geek.com\/#website"},"primaryImageOfPage":{"@id":"https:\/\/hobby4geek.com\/fr\/produit\/transformers-bumblebee-buzzworthy-studio-series-102-voyager-class-optimus-prime\/#primaryimage"},"image":{"@id":"https:\/\/hobby4geek.com\/fr\/produit\/transformers-bumblebee-buzzworthy-studio-series-102-voyager-class-optimus-prime\/#primaryimage"},"thumbnailUrl":"https:\/\/hobby4geek.com\/wp-content\/uploads\/2023\/05\/transformers-bumblebee-buzzworthy-studio-series-102bb-voyager-class-optimus-prime-4.webp","datePublished":"2023-07-31T14:21:03+00:00","dateModified":"2024-05-12T11:54:50+00:00","breadcrumb":{"@id":"https:\/\/hobby4geek.com\/fr\/produit\/transformers-bumblebee-buzzworthy-studio-series-102-voyager-class-optimus-prime\/#breadcrumb"},"inLanguage":"it-IT","potentialAction":[{"@type":"ReadAction","target":["https:\/\/hobby4geek.com\/fr\/produit\/transformers-bumblebee-buzzworthy-studio-series-102-voyager-class-optimus-prime\/"]}]},{"@type":"ImageObject","inLanguage":"it-IT","@id":"https:\/\/hobby4geek.com\/fr\/produit\/transformers-bumblebee-buzzworthy-studio-series-102-voyager-class-optimus-prime\/#primaryimage","url":"https:\/\/hobby4geek.com\/wp-content\/uploads\/2023\/05\/transformers-bumblebee-buzzworthy-studio-series-102bb-voyager-class-optimus-prime-4.webp","contentUrl":"https:\/\/hobby4geek.com\/wp-content\/uploads\/2023\/05\/transformers-bumblebee-buzzworthy-studio-series-102bb-voyager-class-optimus-prime-4.webp","width":2000,"height":2000},{"@type":"BreadcrumbList","@id":"https:\/\/hobby4geek.com\/fr\/produit\/transformers-bumblebee-buzzworthy-studio-series-102-voyager-class-optimus-prime\/#breadcrumb","itemListElement":[{"@type":"ListItem","position":1,"name":"Home","item":"https:\/\/hobby4geek.com\/"},{"@type":"ListItem","position":2,"name":"Shop","item":"https:\/\/hobby4geek.com\/shop\/"},{"@type":"ListItem","position":3,"name":"Transformers: Bumblebee Buzzworthy &#8211; Studio Series 102BB &#8211; Voyager Class Optimus Prime"}]},{"@type":"WebSite","@id":"https:\/\/hobby4geek.com\/#website","url":"https:\/\/hobby4geek.com\/","name":"Hobby4Geek","description":"Colleziona, gioca e metti in mostra, abbraccia la tua geekness","publisher":{"@id":"https:\/\/hobby4geek.com\/#organization"},"potentialAction":[{"@type":"SearchAction","target":{"@type":"EntryPoint","urlTemplate":"https:\/\/hobby4geek.com\/?s={search_term_string}"},"query-input":{"@type":"PropertyValueSpecification","valueRequired":true,"valueName":"search_term_string"}}],"inLanguage":"it-IT"},{"@type":"Organization","@id":"https:\/\/hobby4geek.com\/#organization","name":"Hobby4Geek","url":"https:\/\/hobby4geek.com\/","logo":{"@type":"ImageObject","inLanguage":"it-IT","@id":"https:\/\/hobby4geek.com\/#\/schema\/logo\/image\/","url":"https:\/\/hobby4geek.com\/wp-content\/uploads\/2023\/02\/default-kit.png","contentUrl":"https:\/\/hobby4geek.com\/wp-content\/uploads\/2023\/02\/default-kit.png","width":600,"height":600,"caption":"Hobby4Geek"},"image":{"@id":"https:\/\/hobby4geek.com\/#\/schema\/logo\/image\/"},"sameAs":["https:\/\/www.facebook.com\/hobby4geek","https:\/\/x.com\/hobby4geek","https:\/\/www.instagram.com\/hobby4geek\/"]}]},"product_brand":"Hasbro","product_price_amount":"38.60","product_price_currency":"EUR","og_availability":"out of stock","product_availability":"out of stock","product_retailer_item_id":"5010996141958","product_condition":"new"},"_links":{"self":[{"href":"https:\/\/hobby4geek.com\/it\/wp-json\/wp\/v2\/product\/188543","targetHints":{"allow":["GET"]}}],"collection":[{"href":"https:\/\/hobby4geek.com\/it\/wp-json\/wp\/v2\/product"}],"about":[{"href":"https:\/\/hobby4geek.com\/it\/wp-json\/wp\/v2\/types\/product"}],"replies":[{"embeddable":true,"href":"https:\/\/hobby4geek.com\/it\/wp-json\/wp\/v2\/comments?post=188543"}],"version-history":[{"count":0,"href":"https:\/\/hobby4geek.com\/it\/wp-json\/wp\/v2\/product\/188543\/revisions"}],"wp:featuredmedia":[{"embeddable":true,"href":"https:\/\/hobby4geek.com\/it\/wp-json\/wp\/v2\/media\/188547"}],"wp:attachment":[{"href":"https:\/\/hobby4geek.com\/it\/wp-json\/wp\/v2\/media?parent=188543"}],"wp:term":[{"taxonomy":"product_brand","embeddable":true,"href":"https:\/\/hobby4geek.com\/it\/wp-json\/wp\/v2\/product_brand?post=188543"},{"taxonomy":"product_cat","embeddable":true,"href":"https:\/\/hobby4geek.com\/it\/wp-json\/wp\/v2\/product_cat?post=188543"},{"taxonomy":"product_tag","embeddable":true,"href":"https:\/\/hobby4geek.com\/it\/wp-json\/wp\/v2\/product_tag?post=188543"},{"taxonomy":"giftcard-category","embeddable":true,"href":"https:\/\/hobby4geek.com\/it\/wp-json\/wp\/v2\/giftcard-category?post=188543"}],"curies":[{"name":"wp","href":"https:\/\/api.w.org\/{rel}","templated":true}]}}