{"id":187864,"date":"2023-09-25T15:06:36","date_gmt":"2023-09-25T13:06:36","guid":{"rendered":"https:\/\/hobby4geek.com\/?post_type=product&#038;p=187864"},"modified":"2024-05-12T13:03:06","modified_gmt":"2024-05-12T12:03:06","slug":"transformers-legacy-evolution-titan-class-cybertron-universe-metroplex","status":"publish","type":"product","link":"https:\/\/hobby4geek.com\/it\/prodotto\/transformers-legacy-evolution-titan-class-cybertron-universe-metroplex\/","title":{"rendered":"Transformers Evoluzione dell'eredit\u00e0 - Classe Titano - Universo Cybertron Metroplex"},"content":{"rendered":"<p>Il potere dell'Energon \u00e8 a portata di mano con il robot di classe Titan Transformers Legacy Series Cybertron Universe Metroplex! Capo del personale, Metroplex trascorre il suo tempo costruendo citt\u00e0 su Gigantion per creare un futuro pi\u00f9 pacifico. Gli universi si scontrano! La linea di giocattoli Transformers: Legacy riunisce diversi personaggi popolari del multiverso Transformers. Le figurine hanno decorazioni ispirate al loro universo, ma con un design aggiornato in stile Generations.<\/p>\n<p>Per celebrare quasi 40 anni di intrattenimento Transformers, tutti questi personaggi del multiverso Transformers sono riuniti in un'unica linea di giocattoli. Le figure di Transformers: Legacy sono fantastici giocattoli per i bambini ed emozionanti oggetti da collezione per i fan di tutte le et\u00e0! Transformers e tutti i personaggi correlati sono marchi di fabbrica di Hasbro.<\/p>\n<ul>\n<li>56 cm<\/li>\n<li id=\"specs-altMode-data\">Modalit\u00e0 Alt: Converte la modalit\u00e0 robot in modalit\u00e0 escavatore.<\/li>\n<li>Conversione da modalit\u00e0 robot a modalit\u00e0 escavatore in 52 passaggi<\/li>\n<li>Le altre figure illustrate sono vendute separatamente<\/li>\n<li>Completamente articolato<\/li>\n<li>In plastica<\/li>\n<\/ul>\n<p><strong>Contenuto della confezione:<\/strong><\/p>\n<ul>\n<li>1 figura<\/li>\n<li>\u00a01x Una sega circolare<\/li>\n<li>1x Pinze<\/li>\n<li>\u00a0Istruzioni<\/li>\n<\/ul>","protected":false},"excerpt":{"rendered":"<ul>\n<li>56 cm<\/li>\n<li id=\"specs-altMode-data\">Modalit\u00e0 Alt: Converte la modalit\u00e0 robot in modalit\u00e0 escavatore.<\/li>\n<li>Conversione da modalit\u00e0 robot a modalit\u00e0 escavatore in 52 passaggi<\/li>\n<li>Le altre figure illustrate sono vendute separatamente<\/li>\n<li>Completamente articolato<\/li>\n<li>In plastica<\/li>\n<\/ul>\n<p><strong>Contenuto della confezione:<\/strong><\/p>\n<ul>\n<li>1 figura<\/li>\n<li>1x Una sega circolare<\/li>\n<li>1x Pinze<\/li>\n<li>Istruzioni<\/li>\n<\/ul>","protected":false},"featured_media":187865,"comment_status":"open","ping_status":"closed","template":"","meta":{"inline_featured_image":false},"product_brand":[],"product_cat":[1955,68,69,1960],"product_tag":[1759,2130,335,2107,1860,2131,1975,204],"giftcard-category":[],"class_list":{"0":"post-187864","1":"product","2":"type-product","3":"status-publish","4":"has-post-thumbnail","6":"product_cat-transformers","7":"product_cat-hasbro","8":"product_cat-takara-tomy","9":"product_cat-transformers-generations","10":"product_tag-action-toys","11":"product_tag-cybertron-universe-metroplex","12":"product_tag-hasbro","13":"product_tag-legacy-evolution","14":"product_tag-takaratomy","15":"product_tag-titan-class","16":"product_tag-toys-figures","17":"product_tag-transformers","18":"product_shipping_class-heavy","20":"first","21":"outofstock","22":"taxable","23":"shipping-taxable","24":"purchasable","25":"product-type-simple","26":"add-to-wishlist-after_add_to_cart"},"yoast_head":"<!-- This site is optimized with the Yoast SEO Premium plugin v25.3.1 (Yoast SEO v27.2) - https:\/\/yoast.com\/product\/yoast-seo-premium-wordpress\/ -->\n<title>Transformers Legacy Evolution - Titan Class - Cybertron Universe Metroplex<\/title>\n<meta name=\"robots\" content=\"index, follow, max-snippet:-1, max-image-preview:large, max-video-preview:-1\" \/>\n<link rel=\"canonical\" href=\"https:\/\/hobby4geek.com\/it\/prodotto\/transformers-legacy-evolution-titan-class-cybertron-universe-metroplex\/\" \/>\n<meta property=\"og:locale\" content=\"it_IT\" \/>\n<meta property=\"og:type\" content=\"article\" \/>\n<meta property=\"og:title\" content=\"Transformers Legacy Evolution - Titan Class - Cybertron Universe Metroplex\" \/>\n<meta property=\"og:description\" content=\"56 cm  Alt Mode: Converts from robot mode to excavator mode  Converts from robot mode to excavator mode in 52 steps  Other figures shown sold separately  Fully articulated  Made of plastic  Package Contents:   1x figure  1x A circular saw  1x Pliers  Instructions\" \/>\n<meta property=\"og:url\" content=\"https:\/\/hobby4geek.com\/it\/prodotto\/transformers-legacy-evolution-titan-class-cybertron-universe-metroplex\/\" \/>\n<meta property=\"og:site_name\" content=\"Hobby4Geek\" \/>\n<meta property=\"article:publisher\" content=\"https:\/\/www.facebook.com\/hobby4geek\" \/>\n<meta property=\"article:modified_time\" content=\"2024-05-12T12:03:06+00:00\" \/>\n<meta property=\"og:image\" content=\"https:\/\/hobby4geek.com\/wp-content\/uploads\/2023\/04\/transformers-legacy-evolution-titan-class-cybertron-universe-metroplex.webp\" \/>\n\t<meta property=\"og:image:width\" content=\"2000\" \/>\n\t<meta property=\"og:image:height\" content=\"2000\" \/>\n\t<meta property=\"og:image:type\" content=\"image\/webp\" \/>\n<meta name=\"twitter:card\" content=\"summary_large_image\" \/>\n<meta name=\"twitter:site\" content=\"@hobby4geek\" \/>\n<script type=\"application\/ld+json\" class=\"yoast-schema-graph\">{\"@context\":\"https:\/\/schema.org\",\"@graph\":[{\"@type\":\"WebPage\",\"@id\":\"https:\/\/hobby4geek.com\/product\/transformers-legacy-evolution-titan-class-cybertron-universe-metroplex\/\",\"url\":\"https:\/\/hobby4geek.com\/product\/transformers-legacy-evolution-titan-class-cybertron-universe-metroplex\/\",\"name\":\"Transformers Legacy Evolution - Titan Class - Cybertron Universe Metroplex\",\"isPartOf\":{\"@id\":\"https:\/\/hobby4geek.com\/#website\"},\"primaryImageOfPage\":{\"@id\":\"https:\/\/hobby4geek.com\/product\/transformers-legacy-evolution-titan-class-cybertron-universe-metroplex\/#primaryimage\"},\"image\":{\"@id\":\"https:\/\/hobby4geek.com\/product\/transformers-legacy-evolution-titan-class-cybertron-universe-metroplex\/#primaryimage\"},\"thumbnailUrl\":\"https:\/\/hobby4geek.com\/wp-content\/uploads\/2023\/04\/transformers-legacy-evolution-titan-class-cybertron-universe-metroplex.webp\",\"datePublished\":\"2023-09-25T13:06:36+00:00\",\"dateModified\":\"2024-05-12T12:03:06+00:00\",\"breadcrumb\":{\"@id\":\"https:\/\/hobby4geek.com\/product\/transformers-legacy-evolution-titan-class-cybertron-universe-metroplex\/#breadcrumb\"},\"inLanguage\":\"it-IT\",\"potentialAction\":[{\"@type\":\"ReadAction\",\"target\":[\"https:\/\/hobby4geek.com\/product\/transformers-legacy-evolution-titan-class-cybertron-universe-metroplex\/\"]}]},{\"@type\":\"ImageObject\",\"inLanguage\":\"it-IT\",\"@id\":\"https:\/\/hobby4geek.com\/product\/transformers-legacy-evolution-titan-class-cybertron-universe-metroplex\/#primaryimage\",\"url\":\"https:\/\/hobby4geek.com\/wp-content\/uploads\/2023\/04\/transformers-legacy-evolution-titan-class-cybertron-universe-metroplex.webp\",\"contentUrl\":\"https:\/\/hobby4geek.com\/wp-content\/uploads\/2023\/04\/transformers-legacy-evolution-titan-class-cybertron-universe-metroplex.webp\",\"width\":2000,\"height\":2000},{\"@type\":\"BreadcrumbList\",\"@id\":\"https:\/\/hobby4geek.com\/product\/transformers-legacy-evolution-titan-class-cybertron-universe-metroplex\/#breadcrumb\",\"itemListElement\":[{\"@type\":\"ListItem\",\"position\":1,\"name\":\"Home\",\"item\":\"https:\/\/hobby4geek.com\/\"},{\"@type\":\"ListItem\",\"position\":2,\"name\":\"Shop\",\"item\":\"https:\/\/hobby4geek.com\/shop\/\"},{\"@type\":\"ListItem\",\"position\":3,\"name\":\"Transformers Legacy Evolution &#8211; Titan Class &#8211; Cybertron Universe Metroplex\"}]},{\"@type\":\"WebSite\",\"@id\":\"https:\/\/hobby4geek.com\/#website\",\"url\":\"https:\/\/hobby4geek.com\/\",\"name\":\"Hobby4Geek\",\"description\":\"Collect, Play &amp; Showcase, Embrace your Geekiness\",\"publisher\":{\"@id\":\"https:\/\/hobby4geek.com\/#organization\"},\"potentialAction\":[{\"@type\":\"SearchAction\",\"target\":{\"@type\":\"EntryPoint\",\"urlTemplate\":\"https:\/\/hobby4geek.com\/?s={search_term_string}\"},\"query-input\":{\"@type\":\"PropertyValueSpecification\",\"valueRequired\":true,\"valueName\":\"search_term_string\"}}],\"inLanguage\":\"it-IT\"},{\"@type\":\"Organization\",\"@id\":\"https:\/\/hobby4geek.com\/#organization\",\"name\":\"Hobby4Geek\",\"url\":\"https:\/\/hobby4geek.com\/\",\"logo\":{\"@type\":\"ImageObject\",\"inLanguage\":\"it-IT\",\"@id\":\"https:\/\/hobby4geek.com\/#\/schema\/logo\/image\/\",\"url\":\"https:\/\/hobby4geek.com\/wp-content\/uploads\/2023\/02\/default-kit.png\",\"contentUrl\":\"https:\/\/hobby4geek.com\/wp-content\/uploads\/2023\/02\/default-kit.png\",\"width\":600,\"height\":600,\"caption\":\"Hobby4Geek\"},\"image\":{\"@id\":\"https:\/\/hobby4geek.com\/#\/schema\/logo\/image\/\"},\"sameAs\":[\"https:\/\/www.facebook.com\/hobby4geek\",\"https:\/\/x.com\/hobby4geek\",\"https:\/\/www.instagram.com\/hobby4geek\/\"]}]}<\/script>\n<meta property=\"product:brand\" content=\"Transformers\" \/>\n<meta property=\"product:price:amount\" content=\"125.33\" \/>\n<meta property=\"product:price:currency\" content=\"EUR\" \/>\n<meta property=\"og:availability\" content=\"out of stock\" \/>\n<meta property=\"product:availability\" content=\"out of stock\" \/>\n<meta property=\"product:retailer_item_id\" content=\"5010994112578\" \/>\n<meta property=\"product:condition\" content=\"new\" \/>\n<!-- \/ Yoast SEO Premium plugin. -->","yoast_head_json":{"title":"Transformers Legacy Evolution - Classe Titano - Metroplex dell'Universo Cybertron","robots":{"index":"index","follow":"follow","max-snippet":"max-snippet:-1","max-image-preview":"max-image-preview:large","max-video-preview":"max-video-preview:-1"},"canonical":"https:\/\/hobby4geek.com\/it\/prodotto\/transformers-legacy-evolution-titan-class-cybertron-universe-metroplex\/","og_locale":"it_IT","og_type":"article","og_title":"Transformers Legacy Evolution - Titan Class - Cybertron Universe Metroplex","og_description":"56 cm  Alt Mode: Converts from robot mode to excavator mode  Converts from robot mode to excavator mode in 52 steps  Other figures shown sold separately  Fully articulated  Made of plastic  Package Contents:   1x figure  1x A circular saw  1x Pliers  Instructions","og_url":"https:\/\/hobby4geek.com\/it\/prodotto\/transformers-legacy-evolution-titan-class-cybertron-universe-metroplex\/","og_site_name":"Hobby4Geek","article_publisher":"https:\/\/www.facebook.com\/hobby4geek","article_modified_time":"2024-05-12T12:03:06+00:00","og_image":[{"width":2000,"height":2000,"url":"https:\/\/hobby4geek.com\/wp-content\/uploads\/2023\/04\/transformers-legacy-evolution-titan-class-cybertron-universe-metroplex.webp","type":"image\/webp"}],"twitter_card":"summary_large_image","twitter_site":"@hobby4geek","schema":{"@context":"https:\/\/schema.org","@graph":[{"@type":"WebPage","@id":"https:\/\/hobby4geek.com\/product\/transformers-legacy-evolution-titan-class-cybertron-universe-metroplex\/","url":"https:\/\/hobby4geek.com\/product\/transformers-legacy-evolution-titan-class-cybertron-universe-metroplex\/","name":"Transformers Legacy Evolution - Classe Titano - Metroplex dell'Universo Cybertron","isPartOf":{"@id":"https:\/\/hobby4geek.com\/#website"},"primaryImageOfPage":{"@id":"https:\/\/hobby4geek.com\/product\/transformers-legacy-evolution-titan-class-cybertron-universe-metroplex\/#primaryimage"},"image":{"@id":"https:\/\/hobby4geek.com\/product\/transformers-legacy-evolution-titan-class-cybertron-universe-metroplex\/#primaryimage"},"thumbnailUrl":"https:\/\/hobby4geek.com\/wp-content\/uploads\/2023\/04\/transformers-legacy-evolution-titan-class-cybertron-universe-metroplex.webp","datePublished":"2023-09-25T13:06:36+00:00","dateModified":"2024-05-12T12:03:06+00:00","breadcrumb":{"@id":"https:\/\/hobby4geek.com\/product\/transformers-legacy-evolution-titan-class-cybertron-universe-metroplex\/#breadcrumb"},"inLanguage":"it-IT","potentialAction":[{"@type":"ReadAction","target":["https:\/\/hobby4geek.com\/product\/transformers-legacy-evolution-titan-class-cybertron-universe-metroplex\/"]}]},{"@type":"ImageObject","inLanguage":"it-IT","@id":"https:\/\/hobby4geek.com\/product\/transformers-legacy-evolution-titan-class-cybertron-universe-metroplex\/#primaryimage","url":"https:\/\/hobby4geek.com\/wp-content\/uploads\/2023\/04\/transformers-legacy-evolution-titan-class-cybertron-universe-metroplex.webp","contentUrl":"https:\/\/hobby4geek.com\/wp-content\/uploads\/2023\/04\/transformers-legacy-evolution-titan-class-cybertron-universe-metroplex.webp","width":2000,"height":2000},{"@type":"BreadcrumbList","@id":"https:\/\/hobby4geek.com\/product\/transformers-legacy-evolution-titan-class-cybertron-universe-metroplex\/#breadcrumb","itemListElement":[{"@type":"ListItem","position":1,"name":"Home","item":"https:\/\/hobby4geek.com\/"},{"@type":"ListItem","position":2,"name":"Shop","item":"https:\/\/hobby4geek.com\/shop\/"},{"@type":"ListItem","position":3,"name":"Transformers Legacy Evolution &#8211; Titan Class &#8211; Cybertron Universe Metroplex"}]},{"@type":"WebSite","@id":"https:\/\/hobby4geek.com\/#website","url":"https:\/\/hobby4geek.com\/","name":"Hobby4Geek","description":"Colleziona, gioca e metti in mostra, abbraccia la tua geekness","publisher":{"@id":"https:\/\/hobby4geek.com\/#organization"},"potentialAction":[{"@type":"SearchAction","target":{"@type":"EntryPoint","urlTemplate":"https:\/\/hobby4geek.com\/?s={search_term_string}"},"query-input":{"@type":"PropertyValueSpecification","valueRequired":true,"valueName":"search_term_string"}}],"inLanguage":"it-IT"},{"@type":"Organization","@id":"https:\/\/hobby4geek.com\/#organization","name":"Hobby4Geek","url":"https:\/\/hobby4geek.com\/","logo":{"@type":"ImageObject","inLanguage":"it-IT","@id":"https:\/\/hobby4geek.com\/#\/schema\/logo\/image\/","url":"https:\/\/hobby4geek.com\/wp-content\/uploads\/2023\/02\/default-kit.png","contentUrl":"https:\/\/hobby4geek.com\/wp-content\/uploads\/2023\/02\/default-kit.png","width":600,"height":600,"caption":"Hobby4Geek"},"image":{"@id":"https:\/\/hobby4geek.com\/#\/schema\/logo\/image\/"},"sameAs":["https:\/\/www.facebook.com\/hobby4geek","https:\/\/x.com\/hobby4geek","https:\/\/www.instagram.com\/hobby4geek\/"]}]},"product_brand":"Transformers","product_price_amount":"125.33","product_price_currency":"EUR","og_availability":"out of stock","product_availability":"out of stock","product_retailer_item_id":"5010994112578","product_condition":"new"},"_links":{"self":[{"href":"https:\/\/hobby4geek.com\/it\/wp-json\/wp\/v2\/product\/187864","targetHints":{"allow":["GET"]}}],"collection":[{"href":"https:\/\/hobby4geek.com\/it\/wp-json\/wp\/v2\/product"}],"about":[{"href":"https:\/\/hobby4geek.com\/it\/wp-json\/wp\/v2\/types\/product"}],"replies":[{"embeddable":true,"href":"https:\/\/hobby4geek.com\/it\/wp-json\/wp\/v2\/comments?post=187864"}],"version-history":[{"count":0,"href":"https:\/\/hobby4geek.com\/it\/wp-json\/wp\/v2\/product\/187864\/revisions"}],"wp:featuredmedia":[{"embeddable":true,"href":"https:\/\/hobby4geek.com\/it\/wp-json\/wp\/v2\/media\/187865"}],"wp:attachment":[{"href":"https:\/\/hobby4geek.com\/it\/wp-json\/wp\/v2\/media?parent=187864"}],"wp:term":[{"taxonomy":"product_brand","embeddable":true,"href":"https:\/\/hobby4geek.com\/it\/wp-json\/wp\/v2\/product_brand?post=187864"},{"taxonomy":"product_cat","embeddable":true,"href":"https:\/\/hobby4geek.com\/it\/wp-json\/wp\/v2\/product_cat?post=187864"},{"taxonomy":"product_tag","embeddable":true,"href":"https:\/\/hobby4geek.com\/it\/wp-json\/wp\/v2\/product_tag?post=187864"},{"taxonomy":"giftcard-category","embeddable":true,"href":"https:\/\/hobby4geek.com\/it\/wp-json\/wp\/v2\/giftcard-category?post=187864"}],"curies":[{"name":"wp","href":"https:\/\/api.w.org\/{rel}","templated":true}]}}