{"id":175554,"date":"2022-11-13T22:46:51","date_gmt":"2022-11-13T22:46:51","guid":{"rendered":"https:\/\/hobby4geek.com\/?post_type=product&#038;p=175554"},"modified":"2024-05-12T13:03:31","modified_gmt":"2024-05-12T12:03:31","slug":"mpg-02-trainbot-getsuei-raiden","status":"publish","type":"product","link":"https:\/\/hobby4geek.com\/it\/prodotto\/mpg-02-trainbot-getsuei-raiden\/","title":{"rendered":"Transformers MPG-02 TRAINBOT Getsuei Raiden"},"content":{"rendered":"<p>La nuova Transformers Masterpiece G presenta la seconda figura del suo Raiden Combiner in arrivo con MPG-02 Trainbot Getsuei!<\/p>\n<p>Il Trainbot Getsuei, attivo nell'anime televisivo \"Transformers: The Headmasters\", \u00e8 ora disponibile nella nuova serie Transformers \"MPG\"!<\/p>\n<p>\"MPG\" \u00e8 l'abbreviazione di Masterpiece G, che sta per GATTAI (unione), GIANT (gigante) e GREAT (grande!).<\/p>\n<p>Nel secondo episodio della nuova serie Transformers \"MPG\", il Trainbot Getsuei si trasforma completamente in un robot!<\/p>\n<p>Il nuovo MPG-02 Getsuei \u00e8 completamente snodabile e consente di riprodurre tutte le pose preferite. \u00c8 possibile esporre Getsuei in modalit\u00e0 alt train attaccato ai binari del treno e include altre armi, sedili e pezzi per il petto.<\/p>\n<ul>\n<li>Dimensioni: 7,1 pollici<\/li>\n<li>Scala: Masterpiece<\/li>\n<li>Modalit\u00e0 alternativa: Treno<\/li>\n<li>Si trasforma da robot ad addestratore e viceversa<\/li>\n<li>Basato sull'anime G1 Japan The Headmasters<\/li>\n<li>Parte del Combinatore Raiden<\/li>\n<li>In plastica<\/li>\n<\/ul>","protected":false},"excerpt":{"rendered":"<ul>\n<li>Dimensioni: 7,1 pollici<\/li>\n<li>Scala: Masterpiece<\/li>\n<li>Modalit\u00e0 alternativa: Treno<\/li>\n<li>Si trasforma da robot ad addestratore e viceversa<\/li>\n<li>Basato sull'anime G1 Japan The Headmasters<\/li>\n<li>Parte del Combinatore Raiden<\/li>\n<li>In plastica<\/li>\n<\/ul>","protected":false},"featured_media":182953,"comment_status":"open","ping_status":"closed","template":"","meta":{"inline_featured_image":false},"product_brand":[],"product_cat":[1955,69],"product_tag":[230,1779,203,1679],"giftcard-category":[],"class_list":{"0":"post-175554","1":"product","2":"type-product","3":"status-publish","4":"has-post-thumbnail","6":"product_cat-transformers","7":"product_cat-takara-tomy","8":"product_tag-masterpiece","9":"product_tag-mpg-02","10":"product_tag-takara-tomy","11":"product_tag-trainbot","12":"product_shipping_class-free-shipping","13":"inventories-china-inventory","15":"first","16":"instock","17":"taxable","18":"shipping-taxable","19":"purchasable","20":"product-type-simple","21":"add-to-wishlist-after_add_to_cart"},"yoast_head":"<!-- This site is optimized with the Yoast SEO Premium plugin v25.3.1 (Yoast SEO v27.2) - https:\/\/yoast.com\/product\/yoast-seo-premium-wordpress\/ -->\n<title>Transformers MPG-02 TRAINBOT Getsuei Raiden<\/title>\n<meta name=\"robots\" content=\"index, follow, max-snippet:-1, max-image-preview:large, max-video-preview:-1\" \/>\n<link rel=\"canonical\" href=\"https:\/\/hobby4geek.com\/it\/prodotto\/mpg-02-trainbot-getsuei-raiden\/\" \/>\n<meta property=\"og:locale\" content=\"it_IT\" \/>\n<meta property=\"og:type\" content=\"article\" \/>\n<meta property=\"og:title\" content=\"Transformers MPG-02 TRAINBOT Getsuei Raiden\" \/>\n<meta property=\"og:description\" content=\"Size: 7.1 inches  Scale: Masterpiece  Alternate Mode: Train  Converts from robot to trainer and back again  Based on the anime G1 Japan The Headmasters  Part of the Raiden Combiner  Made of plastic\" \/>\n<meta property=\"og:url\" content=\"https:\/\/hobby4geek.com\/it\/prodotto\/mpg-02-trainbot-getsuei-raiden\/\" \/>\n<meta property=\"og:site_name\" content=\"Hobby4Geek\" \/>\n<meta property=\"article:publisher\" content=\"https:\/\/www.facebook.com\/hobby4geek\" \/>\n<meta property=\"article:modified_time\" content=\"2024-05-12T12:03:31+00:00\" \/>\n<meta property=\"og:image\" content=\"https:\/\/hobby4geek.com\/wp-content\/uploads\/2023\/02\/transformers-mpg-02-trainbot-getsuei-raiden.png\" \/>\n\t<meta property=\"og:image:width\" content=\"573\" \/>\n\t<meta property=\"og:image:height\" content=\"663\" \/>\n\t<meta property=\"og:image:type\" content=\"image\/png\" \/>\n<meta name=\"twitter:card\" content=\"summary_large_image\" \/>\n<meta name=\"twitter:site\" content=\"@hobby4geek\" \/>\n<script type=\"application\/ld+json\" class=\"yoast-schema-graph\">{\"@context\":\"https:\/\/schema.org\",\"@graph\":[{\"@type\":\"WebPage\",\"@id\":\"https:\/\/hobby4geek.com\/product\/mpg-02-trainbot-getsuei-raiden\/\",\"url\":\"https:\/\/hobby4geek.com\/product\/mpg-02-trainbot-getsuei-raiden\/\",\"name\":\"Transformers MPG-02 TRAINBOT Getsuei Raiden\",\"isPartOf\":{\"@id\":\"https:\/\/hobby4geek.com\/#website\"},\"primaryImageOfPage\":{\"@id\":\"https:\/\/hobby4geek.com\/product\/mpg-02-trainbot-getsuei-raiden\/#primaryimage\"},\"image\":{\"@id\":\"https:\/\/hobby4geek.com\/product\/mpg-02-trainbot-getsuei-raiden\/#primaryimage\"},\"thumbnailUrl\":\"https:\/\/hobby4geek.com\/wp-content\/uploads\/2023\/02\/transformers-mpg-02-trainbot-getsuei-raiden.png\",\"datePublished\":\"2022-11-13T22:46:51+00:00\",\"dateModified\":\"2024-05-12T12:03:31+00:00\",\"breadcrumb\":{\"@id\":\"https:\/\/hobby4geek.com\/product\/mpg-02-trainbot-getsuei-raiden\/#breadcrumb\"},\"inLanguage\":\"it-IT\",\"potentialAction\":[{\"@type\":\"ReadAction\",\"target\":[\"https:\/\/hobby4geek.com\/product\/mpg-02-trainbot-getsuei-raiden\/\"]}]},{\"@type\":\"ImageObject\",\"inLanguage\":\"it-IT\",\"@id\":\"https:\/\/hobby4geek.com\/product\/mpg-02-trainbot-getsuei-raiden\/#primaryimage\",\"url\":\"https:\/\/hobby4geek.com\/wp-content\/uploads\/2023\/02\/transformers-mpg-02-trainbot-getsuei-raiden.png\",\"contentUrl\":\"https:\/\/hobby4geek.com\/wp-content\/uploads\/2023\/02\/transformers-mpg-02-trainbot-getsuei-raiden.png\",\"width\":573,\"height\":663},{\"@type\":\"BreadcrumbList\",\"@id\":\"https:\/\/hobby4geek.com\/product\/mpg-02-trainbot-getsuei-raiden\/#breadcrumb\",\"itemListElement\":[{\"@type\":\"ListItem\",\"position\":1,\"name\":\"Home\",\"item\":\"https:\/\/hobby4geek.com\/\"},{\"@type\":\"ListItem\",\"position\":2,\"name\":\"Shop\",\"item\":\"https:\/\/hobby4geek.com\/shop\/\"},{\"@type\":\"ListItem\",\"position\":3,\"name\":\"Transformers MPG-02 TRAINBOT Getsuei Raiden\"}]},{\"@type\":\"WebSite\",\"@id\":\"https:\/\/hobby4geek.com\/#website\",\"url\":\"https:\/\/hobby4geek.com\/\",\"name\":\"Hobby4Geek\",\"description\":\"Collect, Play &amp; Showcase, Embrace your Geekiness\",\"publisher\":{\"@id\":\"https:\/\/hobby4geek.com\/#organization\"},\"potentialAction\":[{\"@type\":\"SearchAction\",\"target\":{\"@type\":\"EntryPoint\",\"urlTemplate\":\"https:\/\/hobby4geek.com\/?s={search_term_string}\"},\"query-input\":{\"@type\":\"PropertyValueSpecification\",\"valueRequired\":true,\"valueName\":\"search_term_string\"}}],\"inLanguage\":\"it-IT\"},{\"@type\":\"Organization\",\"@id\":\"https:\/\/hobby4geek.com\/#organization\",\"name\":\"Hobby4Geek\",\"url\":\"https:\/\/hobby4geek.com\/\",\"logo\":{\"@type\":\"ImageObject\",\"inLanguage\":\"it-IT\",\"@id\":\"https:\/\/hobby4geek.com\/#\/schema\/logo\/image\/\",\"url\":\"https:\/\/hobby4geek.com\/wp-content\/uploads\/2023\/02\/default-kit.png\",\"contentUrl\":\"https:\/\/hobby4geek.com\/wp-content\/uploads\/2023\/02\/default-kit.png\",\"width\":600,\"height\":600,\"caption\":\"Hobby4Geek\"},\"image\":{\"@id\":\"https:\/\/hobby4geek.com\/#\/schema\/logo\/image\/\"},\"sameAs\":[\"https:\/\/www.facebook.com\/hobby4geek\",\"https:\/\/x.com\/hobby4geek\",\"https:\/\/www.instagram.com\/hobby4geek\/\"]}]}<\/script>\n<meta property=\"product:brand\" content=\"Transformers\" \/>\n<meta property=\"product:price:amount\" content=\"190.38\" \/>\n<meta property=\"product:price:currency\" content=\"EUR\" \/>\n<meta property=\"og:availability\" content=\"instock\" \/>\n<meta property=\"product:availability\" content=\"instock\" \/>\n<meta property=\"product:condition\" content=\"new\" \/>\n<!-- \/ Yoast SEO Premium plugin. -->","yoast_head_json":{"title":"Transformers MPG-02 TRAINBOT Getsuei Raiden","robots":{"index":"index","follow":"follow","max-snippet":"max-snippet:-1","max-image-preview":"max-image-preview:large","max-video-preview":"max-video-preview:-1"},"canonical":"https:\/\/hobby4geek.com\/it\/prodotto\/mpg-02-trainbot-getsuei-raiden\/","og_locale":"it_IT","og_type":"article","og_title":"Transformers MPG-02 TRAINBOT Getsuei Raiden","og_description":"Size: 7.1 inches  Scale: Masterpiece  Alternate Mode: Train  Converts from robot to trainer and back again  Based on the anime G1 Japan The Headmasters  Part of the Raiden Combiner  Made of plastic","og_url":"https:\/\/hobby4geek.com\/it\/prodotto\/mpg-02-trainbot-getsuei-raiden\/","og_site_name":"Hobby4Geek","article_publisher":"https:\/\/www.facebook.com\/hobby4geek","article_modified_time":"2024-05-12T12:03:31+00:00","og_image":[{"width":573,"height":663,"url":"https:\/\/hobby4geek.com\/wp-content\/uploads\/2023\/02\/transformers-mpg-02-trainbot-getsuei-raiden.png","type":"image\/png"}],"twitter_card":"summary_large_image","twitter_site":"@hobby4geek","schema":{"@context":"https:\/\/schema.org","@graph":[{"@type":"WebPage","@id":"https:\/\/hobby4geek.com\/product\/mpg-02-trainbot-getsuei-raiden\/","url":"https:\/\/hobby4geek.com\/product\/mpg-02-trainbot-getsuei-raiden\/","name":"Transformers MPG-02 TRAINBOT Getsuei Raiden","isPartOf":{"@id":"https:\/\/hobby4geek.com\/#website"},"primaryImageOfPage":{"@id":"https:\/\/hobby4geek.com\/product\/mpg-02-trainbot-getsuei-raiden\/#primaryimage"},"image":{"@id":"https:\/\/hobby4geek.com\/product\/mpg-02-trainbot-getsuei-raiden\/#primaryimage"},"thumbnailUrl":"https:\/\/hobby4geek.com\/wp-content\/uploads\/2023\/02\/transformers-mpg-02-trainbot-getsuei-raiden.png","datePublished":"2022-11-13T22:46:51+00:00","dateModified":"2024-05-12T12:03:31+00:00","breadcrumb":{"@id":"https:\/\/hobby4geek.com\/product\/mpg-02-trainbot-getsuei-raiden\/#breadcrumb"},"inLanguage":"it-IT","potentialAction":[{"@type":"ReadAction","target":["https:\/\/hobby4geek.com\/product\/mpg-02-trainbot-getsuei-raiden\/"]}]},{"@type":"ImageObject","inLanguage":"it-IT","@id":"https:\/\/hobby4geek.com\/product\/mpg-02-trainbot-getsuei-raiden\/#primaryimage","url":"https:\/\/hobby4geek.com\/wp-content\/uploads\/2023\/02\/transformers-mpg-02-trainbot-getsuei-raiden.png","contentUrl":"https:\/\/hobby4geek.com\/wp-content\/uploads\/2023\/02\/transformers-mpg-02-trainbot-getsuei-raiden.png","width":573,"height":663},{"@type":"BreadcrumbList","@id":"https:\/\/hobby4geek.com\/product\/mpg-02-trainbot-getsuei-raiden\/#breadcrumb","itemListElement":[{"@type":"ListItem","position":1,"name":"Home","item":"https:\/\/hobby4geek.com\/"},{"@type":"ListItem","position":2,"name":"Shop","item":"https:\/\/hobby4geek.com\/shop\/"},{"@type":"ListItem","position":3,"name":"Transformers MPG-02 TRAINBOT Getsuei Raiden"}]},{"@type":"WebSite","@id":"https:\/\/hobby4geek.com\/#website","url":"https:\/\/hobby4geek.com\/","name":"Hobby4Geek","description":"Colleziona, gioca e metti in mostra, abbraccia la tua geekness","publisher":{"@id":"https:\/\/hobby4geek.com\/#organization"},"potentialAction":[{"@type":"SearchAction","target":{"@type":"EntryPoint","urlTemplate":"https:\/\/hobby4geek.com\/?s={search_term_string}"},"query-input":{"@type":"PropertyValueSpecification","valueRequired":true,"valueName":"search_term_string"}}],"inLanguage":"it-IT"},{"@type":"Organization","@id":"https:\/\/hobby4geek.com\/#organization","name":"Hobby4Geek","url":"https:\/\/hobby4geek.com\/","logo":{"@type":"ImageObject","inLanguage":"it-IT","@id":"https:\/\/hobby4geek.com\/#\/schema\/logo\/image\/","url":"https:\/\/hobby4geek.com\/wp-content\/uploads\/2023\/02\/default-kit.png","contentUrl":"https:\/\/hobby4geek.com\/wp-content\/uploads\/2023\/02\/default-kit.png","width":600,"height":600,"caption":"Hobby4Geek"},"image":{"@id":"https:\/\/hobby4geek.com\/#\/schema\/logo\/image\/"},"sameAs":["https:\/\/www.facebook.com\/hobby4geek","https:\/\/x.com\/hobby4geek","https:\/\/www.instagram.com\/hobby4geek\/"]}]},"product_brand":"Transformers","product_price_amount":"190.38","product_price_currency":"EUR","og_availability":"instock","product_availability":"instock","product_condition":"new"},"_links":{"self":[{"href":"https:\/\/hobby4geek.com\/it\/wp-json\/wp\/v2\/product\/175554","targetHints":{"allow":["GET"]}}],"collection":[{"href":"https:\/\/hobby4geek.com\/it\/wp-json\/wp\/v2\/product"}],"about":[{"href":"https:\/\/hobby4geek.com\/it\/wp-json\/wp\/v2\/types\/product"}],"replies":[{"embeddable":true,"href":"https:\/\/hobby4geek.com\/it\/wp-json\/wp\/v2\/comments?post=175554"}],"version-history":[{"count":0,"href":"https:\/\/hobby4geek.com\/it\/wp-json\/wp\/v2\/product\/175554\/revisions"}],"wp:featuredmedia":[{"embeddable":true,"href":"https:\/\/hobby4geek.com\/it\/wp-json\/wp\/v2\/media\/182953"}],"wp:attachment":[{"href":"https:\/\/hobby4geek.com\/it\/wp-json\/wp\/v2\/media?parent=175554"}],"wp:term":[{"taxonomy":"product_brand","embeddable":true,"href":"https:\/\/hobby4geek.com\/it\/wp-json\/wp\/v2\/product_brand?post=175554"},{"taxonomy":"product_cat","embeddable":true,"href":"https:\/\/hobby4geek.com\/it\/wp-json\/wp\/v2\/product_cat?post=175554"},{"taxonomy":"product_tag","embeddable":true,"href":"https:\/\/hobby4geek.com\/it\/wp-json\/wp\/v2\/product_tag?post=175554"},{"taxonomy":"giftcard-category","embeddable":true,"href":"https:\/\/hobby4geek.com\/it\/wp-json\/wp\/v2\/giftcard-category?post=175554"}],"curies":[{"name":"wp","href":"https:\/\/api.w.org\/{rel}","templated":true}]}}