{"id":174814,"date":"2022-10-28T19:09:52","date_gmt":"2022-10-28T18:09:52","guid":{"rendered":"https:\/\/hobby4geek.com\/?post_type=product&#038;p=174814"},"modified":"2024-05-22T18:22:40","modified_gmt":"2024-05-22T17:22:40","slug":"threezero-transformers-mdlx-megatron","status":"publish","type":"product","link":"https:\/\/hobby4geek.com\/it\/prodotto\/threezero-transformers-mdlx-megatron\/","title":{"rendered":"TreZero - Transformers MDLX Megatron"},"content":{"rendered":"<p>Dopo il lancio di MDLX Bumblebee e Optimus Prime, threezero \u00e8 orgogliosa di annunciare il terzo personaggio della serie MDLX: Megatron, Leader Supremo dei Decepticon!<\/p>\n<p>MDLX \u00e8 una nuova serie di action figure che cattura lo spirito della famosa serie DLX di Threezero in una scala pi\u00f9 piccola, con una gamma simile di articolazioni e un'elevata durata, per un'accessibilit\u00e0 rivoluzionaria.<\/p>\n<p>La linea di figure Transformers MDLX si basa sulla linea originale di cartoni animati e giocattoli Transformers degli anni '80, reimmaginata dal direttore artistico di threezero Kelvin Sau. I disegni iconici sono stati remixati per incorporare l'estetica meccanica iper-dettagliata di threezero, offrendo una nuova presentazione familiare ed emozionante. Le figure Transformers MDLX sono caratterizzate da un esclusivo sistema di telaio in lega di zinco pressofuso e plastica di grado ingegneristico, che mantiene la giocabilit\u00e0 tattile e la durata della figura. Ogni figura \u00e8 rifinita con l'artigianato dettagliato e l'applicazione di vernice invecchiata per cui threezero \u00e8 nota, portando gli amati personaggi Transformers in un nuovo formato per il divertimento di tutti.<\/p>\n<p>Transformers - MDLX Megatron \u00e8 alto circa 7\u2033 (18 cm), con circa 45 punti di articolazione e una struttura in metallo pressofuso. Gli accessori includono un cannone a fusione, un cannone posteriore e quattro set di mani intercambiabili.<\/p>\n<p>Licenza ufficiale di Hasbro<br \/>\nAlto \u25cf ~ 7\u2033 (18 cm)<br \/>\n\u25cf ~45 punti di articolazione<br \/>\nComponenti in lega di zinco e metallo<\/p>\n<p><b>Includere:<\/b><br \/>\nCannone a fusione<br \/>\n(1) cannone posteriore<br \/>\n(4) serie di mani intercambiabili: (1) coppia di pugni, (1) coppia di mani alzate, (1) mano destra puntata, (1) mano sinistra aperta.<\/p>\n<p><b>Materiale utilizzato \/ Informazioni sul prodotto:<\/b><br \/>\nMateriale - ABS, PVC, POM, LEGA DI ZINCO<br \/>\nNessun magnete incluso<\/p>","protected":false},"excerpt":{"rendered":"<h4><\/h4>\n<ul>\n<li>Licenza ufficiale Hasbro<\/li>\n<li>~ 7\u2033 (18cm) di altezza<\/li>\n<li>~45 punti di articolazione<\/li>\n<li>Parti in lega di zinco e metallo<\/li>\n<li>Cannone a fusione<\/li>\n<li>(1) cannone posteriore<\/li>\n<li>(4) serie di mani intercambiabili: (1) coppia di pugni, (1) coppia di mani alzate, (1) mano destra puntata, (1) mano sinistra aperta.<\/li>\n<\/ul>","protected":false},"featured_media":182802,"comment_status":"open","ping_status":"closed","template":"","meta":{"inline_featured_image":false},"product_brand":[],"product_cat":[1955,68,90],"product_tag":[332,768,1976,221,334,335,1754,306,1936,265,337,770,204,2453],"giftcard-category":[],"class_list":{"0":"post-174814","1":"product","2":"type-product","3":"status-publish","4":"has-post-thumbnail","6":"product_cat-transformers","7":"product_cat-hasbro","8":"product_cat-threezero","9":"product_tag-3a","10":"product_tag-3zero","11":"product_tag-collector-figures","12":"product_tag-decepticon","13":"product_tag-film","14":"product_tag-hasbro","15":"product_tag-mdlx-collectible","16":"product_tag-megatron","17":"product_tag-models-co","18":"product_tag-pre-orders","19":"product_tag-threea","20":"product_tag-threezero","21":"product_tag-transformers","22":"product_tag-transformers-x-threezero","23":"product_shipping_class-from-china","24":"inventories-china-inventory","26":"first","27":"outofstock","28":"purchasable","29":"product-type-simple","30":"add-to-wishlist-after_add_to_cart"},"yoast_head":"<!-- This site is optimized with the Yoast SEO Premium plugin v25.3.1 (Yoast SEO v27.2) - https:\/\/yoast.com\/product\/yoast-seo-premium-wordpress\/ -->\n<title>ThreeZero - Transformers MDLX Megatron<\/title>\n<meta name=\"robots\" content=\"index, follow, max-snippet:-1, max-image-preview:large, max-video-preview:-1\" \/>\n<link rel=\"canonical\" href=\"https:\/\/hobby4geek.com\/it\/prodotto\/threezero-transformers-mdlx-megatron\/\" \/>\n<meta property=\"og:locale\" content=\"it_IT\" \/>\n<meta property=\"og:type\" content=\"article\" \/>\n<meta property=\"og:title\" content=\"ThreeZero - Transformers MDLX Megatron\" \/>\n<meta property=\"og:description\" content=\"Officially licensed by Hasbro  ~ 7&quot; (18cm) tall  ~45 points of articulation  Zinc alloy and metal parts  Fusion Cannon  (1) rear cannon  (4) sets of interchangeable hands: (1) pair of fists, (1) pair of raised hands, (1) pointing right hand, (1) open left hand.\" \/>\n<meta property=\"og:url\" content=\"https:\/\/hobby4geek.com\/it\/prodotto\/threezero-transformers-mdlx-megatron\/\" \/>\n<meta property=\"og:site_name\" content=\"Hobby4Geek\" \/>\n<meta property=\"article:publisher\" content=\"https:\/\/www.facebook.com\/hobby4geek\" \/>\n<meta property=\"article:modified_time\" content=\"2024-05-22T17:22:40+00:00\" \/>\n<meta property=\"og:image\" content=\"https:\/\/hobby4geek.com\/wp-content\/uploads\/2023\/02\/threezero-transformers-mdlx-megatron.jpg\" \/>\n\t<meta property=\"og:image:width\" content=\"1188\" \/>\n\t<meta property=\"og:image:height\" content=\"1781\" \/>\n\t<meta property=\"og:image:type\" content=\"image\/jpeg\" \/>\n<meta name=\"twitter:card\" content=\"summary_large_image\" \/>\n<meta name=\"twitter:site\" content=\"@hobby4geek\" \/>\n<script type=\"application\/ld+json\" class=\"yoast-schema-graph\">{\"@context\":\"https:\/\/schema.org\",\"@graph\":[{\"@type\":\"WebPage\",\"@id\":\"https:\/\/hobby4geek.com\/product\/threezero-transformers-mdlx-megatron\/\",\"url\":\"https:\/\/hobby4geek.com\/product\/threezero-transformers-mdlx-megatron\/\",\"name\":\"ThreeZero - Transformers MDLX Megatron\",\"isPartOf\":{\"@id\":\"https:\/\/hobby4geek.com\/#website\"},\"primaryImageOfPage\":{\"@id\":\"https:\/\/hobby4geek.com\/product\/threezero-transformers-mdlx-megatron\/#primaryimage\"},\"image\":{\"@id\":\"https:\/\/hobby4geek.com\/product\/threezero-transformers-mdlx-megatron\/#primaryimage\"},\"thumbnailUrl\":\"https:\/\/hobby4geek.com\/wp-content\/uploads\/2023\/02\/threezero-transformers-mdlx-megatron.jpg\",\"datePublished\":\"2022-10-28T18:09:52+00:00\",\"dateModified\":\"2024-05-22T17:22:40+00:00\",\"breadcrumb\":{\"@id\":\"https:\/\/hobby4geek.com\/product\/threezero-transformers-mdlx-megatron\/#breadcrumb\"},\"inLanguage\":\"it-IT\",\"potentialAction\":[{\"@type\":\"ReadAction\",\"target\":[\"https:\/\/hobby4geek.com\/product\/threezero-transformers-mdlx-megatron\/\"]}]},{\"@type\":\"ImageObject\",\"inLanguage\":\"it-IT\",\"@id\":\"https:\/\/hobby4geek.com\/product\/threezero-transformers-mdlx-megatron\/#primaryimage\",\"url\":\"https:\/\/hobby4geek.com\/wp-content\/uploads\/2023\/02\/threezero-transformers-mdlx-megatron.jpg\",\"contentUrl\":\"https:\/\/hobby4geek.com\/wp-content\/uploads\/2023\/02\/threezero-transformers-mdlx-megatron.jpg\",\"width\":1188,\"height\":1781,\"caption\":\"threezero-transformers-mdlx-megatron\"},{\"@type\":\"BreadcrumbList\",\"@id\":\"https:\/\/hobby4geek.com\/product\/threezero-transformers-mdlx-megatron\/#breadcrumb\",\"itemListElement\":[{\"@type\":\"ListItem\",\"position\":1,\"name\":\"Home\",\"item\":\"https:\/\/hobby4geek.com\/\"},{\"@type\":\"ListItem\",\"position\":2,\"name\":\"Shop\",\"item\":\"https:\/\/hobby4geek.com\/shop\/\"},{\"@type\":\"ListItem\",\"position\":3,\"name\":\"ThreeZero &#8211; Transformers MDLX Megatron\"}]},{\"@type\":\"WebSite\",\"@id\":\"https:\/\/hobby4geek.com\/#website\",\"url\":\"https:\/\/hobby4geek.com\/\",\"name\":\"Hobby4Geek\",\"description\":\"Collect, Play &amp; Showcase, Embrace your Geekiness\",\"publisher\":{\"@id\":\"https:\/\/hobby4geek.com\/#organization\"},\"potentialAction\":[{\"@type\":\"SearchAction\",\"target\":{\"@type\":\"EntryPoint\",\"urlTemplate\":\"https:\/\/hobby4geek.com\/?s={search_term_string}\"},\"query-input\":{\"@type\":\"PropertyValueSpecification\",\"valueRequired\":true,\"valueName\":\"search_term_string\"}}],\"inLanguage\":\"it-IT\"},{\"@type\":\"Organization\",\"@id\":\"https:\/\/hobby4geek.com\/#organization\",\"name\":\"Hobby4Geek\",\"url\":\"https:\/\/hobby4geek.com\/\",\"logo\":{\"@type\":\"ImageObject\",\"inLanguage\":\"it-IT\",\"@id\":\"https:\/\/hobby4geek.com\/#\/schema\/logo\/image\/\",\"url\":\"https:\/\/hobby4geek.com\/wp-content\/uploads\/2023\/02\/default-kit.png\",\"contentUrl\":\"https:\/\/hobby4geek.com\/wp-content\/uploads\/2023\/02\/default-kit.png\",\"width\":600,\"height\":600,\"caption\":\"Hobby4Geek\"},\"image\":{\"@id\":\"https:\/\/hobby4geek.com\/#\/schema\/logo\/image\/\"},\"sameAs\":[\"https:\/\/www.facebook.com\/hobby4geek\",\"https:\/\/x.com\/hobby4geek\",\"https:\/\/www.instagram.com\/hobby4geek\/\"]}]}<\/script>\n<meta property=\"product:brand\" content=\"Transformers\" \/>\n<meta property=\"product:price:amount\" content=\"143.36\" \/>\n<meta property=\"product:price:currency\" content=\"EUR\" \/>\n<meta property=\"og:availability\" content=\"out of stock\" \/>\n<meta property=\"product:availability\" content=\"out of stock\" \/>\n<meta property=\"product:condition\" content=\"new\" \/>\n<!-- \/ Yoast SEO Premium plugin. -->","yoast_head_json":{"title":"ThreeZero - Transformers MDLX Megatron","robots":{"index":"index","follow":"follow","max-snippet":"max-snippet:-1","max-image-preview":"max-image-preview:large","max-video-preview":"max-video-preview:-1"},"canonical":"https:\/\/hobby4geek.com\/it\/prodotto\/threezero-transformers-mdlx-megatron\/","og_locale":"it_IT","og_type":"article","og_title":"ThreeZero - Transformers MDLX Megatron","og_description":"Officially licensed by Hasbro  ~ 7\" (18cm) tall  ~45 points of articulation  Zinc alloy and metal parts  Fusion Cannon  (1) rear cannon  (4) sets of interchangeable hands: (1) pair of fists, (1) pair of raised hands, (1) pointing right hand, (1) open left hand.","og_url":"https:\/\/hobby4geek.com\/it\/prodotto\/threezero-transformers-mdlx-megatron\/","og_site_name":"Hobby4Geek","article_publisher":"https:\/\/www.facebook.com\/hobby4geek","article_modified_time":"2024-05-22T17:22:40+00:00","og_image":[{"width":1188,"height":1781,"url":"https:\/\/hobby4geek.com\/wp-content\/uploads\/2023\/02\/threezero-transformers-mdlx-megatron.jpg","type":"image\/jpeg"}],"twitter_card":"summary_large_image","twitter_site":"@hobby4geek","schema":{"@context":"https:\/\/schema.org","@graph":[{"@type":"WebPage","@id":"https:\/\/hobby4geek.com\/product\/threezero-transformers-mdlx-megatron\/","url":"https:\/\/hobby4geek.com\/product\/threezero-transformers-mdlx-megatron\/","name":"ThreeZero - Transformers MDLX Megatron","isPartOf":{"@id":"https:\/\/hobby4geek.com\/#website"},"primaryImageOfPage":{"@id":"https:\/\/hobby4geek.com\/product\/threezero-transformers-mdlx-megatron\/#primaryimage"},"image":{"@id":"https:\/\/hobby4geek.com\/product\/threezero-transformers-mdlx-megatron\/#primaryimage"},"thumbnailUrl":"https:\/\/hobby4geek.com\/wp-content\/uploads\/2023\/02\/threezero-transformers-mdlx-megatron.jpg","datePublished":"2022-10-28T18:09:52+00:00","dateModified":"2024-05-22T17:22:40+00:00","breadcrumb":{"@id":"https:\/\/hobby4geek.com\/product\/threezero-transformers-mdlx-megatron\/#breadcrumb"},"inLanguage":"it-IT","potentialAction":[{"@type":"ReadAction","target":["https:\/\/hobby4geek.com\/product\/threezero-transformers-mdlx-megatron\/"]}]},{"@type":"ImageObject","inLanguage":"it-IT","@id":"https:\/\/hobby4geek.com\/product\/threezero-transformers-mdlx-megatron\/#primaryimage","url":"https:\/\/hobby4geek.com\/wp-content\/uploads\/2023\/02\/threezero-transformers-mdlx-megatron.jpg","contentUrl":"https:\/\/hobby4geek.com\/wp-content\/uploads\/2023\/02\/threezero-transformers-mdlx-megatron.jpg","width":1188,"height":1781,"caption":"threezero-transformers-mdlx-megatron"},{"@type":"BreadcrumbList","@id":"https:\/\/hobby4geek.com\/product\/threezero-transformers-mdlx-megatron\/#breadcrumb","itemListElement":[{"@type":"ListItem","position":1,"name":"Home","item":"https:\/\/hobby4geek.com\/"},{"@type":"ListItem","position":2,"name":"Shop","item":"https:\/\/hobby4geek.com\/shop\/"},{"@type":"ListItem","position":3,"name":"ThreeZero &#8211; Transformers MDLX Megatron"}]},{"@type":"WebSite","@id":"https:\/\/hobby4geek.com\/#website","url":"https:\/\/hobby4geek.com\/","name":"Hobby4Geek","description":"Colleziona, gioca e metti in mostra, abbraccia la tua geekness","publisher":{"@id":"https:\/\/hobby4geek.com\/#organization"},"potentialAction":[{"@type":"SearchAction","target":{"@type":"EntryPoint","urlTemplate":"https:\/\/hobby4geek.com\/?s={search_term_string}"},"query-input":{"@type":"PropertyValueSpecification","valueRequired":true,"valueName":"search_term_string"}}],"inLanguage":"it-IT"},{"@type":"Organization","@id":"https:\/\/hobby4geek.com\/#organization","name":"Hobby4Geek","url":"https:\/\/hobby4geek.com\/","logo":{"@type":"ImageObject","inLanguage":"it-IT","@id":"https:\/\/hobby4geek.com\/#\/schema\/logo\/image\/","url":"https:\/\/hobby4geek.com\/wp-content\/uploads\/2023\/02\/default-kit.png","contentUrl":"https:\/\/hobby4geek.com\/wp-content\/uploads\/2023\/02\/default-kit.png","width":600,"height":600,"caption":"Hobby4Geek"},"image":{"@id":"https:\/\/hobby4geek.com\/#\/schema\/logo\/image\/"},"sameAs":["https:\/\/www.facebook.com\/hobby4geek","https:\/\/x.com\/hobby4geek","https:\/\/www.instagram.com\/hobby4geek\/"]}]},"product_brand":"Transformers","product_price_amount":"143.36","product_price_currency":"EUR","og_availability":"out of stock","product_availability":"out of stock","product_condition":"new"},"_links":{"self":[{"href":"https:\/\/hobby4geek.com\/it\/wp-json\/wp\/v2\/product\/174814","targetHints":{"allow":["GET"]}}],"collection":[{"href":"https:\/\/hobby4geek.com\/it\/wp-json\/wp\/v2\/product"}],"about":[{"href":"https:\/\/hobby4geek.com\/it\/wp-json\/wp\/v2\/types\/product"}],"replies":[{"embeddable":true,"href":"https:\/\/hobby4geek.com\/it\/wp-json\/wp\/v2\/comments?post=174814"}],"version-history":[{"count":0,"href":"https:\/\/hobby4geek.com\/it\/wp-json\/wp\/v2\/product\/174814\/revisions"}],"wp:featuredmedia":[{"embeddable":true,"href":"https:\/\/hobby4geek.com\/it\/wp-json\/wp\/v2\/media\/182802"}],"wp:attachment":[{"href":"https:\/\/hobby4geek.com\/it\/wp-json\/wp\/v2\/media?parent=174814"}],"wp:term":[{"taxonomy":"product_brand","embeddable":true,"href":"https:\/\/hobby4geek.com\/it\/wp-json\/wp\/v2\/product_brand?post=174814"},{"taxonomy":"product_cat","embeddable":true,"href":"https:\/\/hobby4geek.com\/it\/wp-json\/wp\/v2\/product_cat?post=174814"},{"taxonomy":"product_tag","embeddable":true,"href":"https:\/\/hobby4geek.com\/it\/wp-json\/wp\/v2\/product_tag?post=174814"},{"taxonomy":"giftcard-category","embeddable":true,"href":"https:\/\/hobby4geek.com\/it\/wp-json\/wp\/v2\/giftcard-category?post=174814"}],"curies":[{"name":"wp","href":"https:\/\/api.w.org\/{rel}","templated":true}]}}