{"id":173539,"date":"2019-02-23T23:07:34","date_gmt":"2019-02-23T22:07:34","guid":{"rendered":"https:\/\/hobby4geek.com\/?post_type=product&#038;p=173539"},"modified":"2024-05-12T12:56:41","modified_gmt":"2024-05-12T11:56:41","slug":"transformers-studio-series-11-deluxe-lockdown","status":"publish","type":"product","link":"https:\/\/hobby4geek.com\/it\/prodotto\/transformers-studio-series-11-deluxe-lockdown\/","title":{"rendered":"Transformers Studio Series - 11 Blocco Deluxe"},"content":{"rendered":"<p>Costruisci la collezione Transformers definitiva con le figure Studio Series, ispirate alle scene iconiche del film e progettate con deco e scale di figure che riflettono l'universo del film. In Transformers: Age of Extinction, Lockdown dimostra perch\u00e9 \u00e8 uno dei pi\u00f9 temuti cacciatori di taglie delle galassie.<\/p>\n<p>Questa figura Studio Series 11 Deluxe Class Movie 4 Lockdown si converte tra le modalit\u00e0 robot e auto sportiva in 14 passaggi e viene fornita con un accessorio arma. Rimuovete il fondale dalla confezione per mostrare il sinistro cacciatore di taglie nella scena dell'infiltrazione della nave nemica.<\/p>\n<p>Include Transformers Studio Series 11 Deluxe Class Movie 1 figura Lockdown, 2 accessori e istruzioni.<\/p>\n<p><strong>Caratteristiche del prodotto :<\/strong><\/p>\n<ul>\n<li>Studio Series 11 Deluxe Class Movie 4 Figura di Lockdown<\/li>\n<li>La figura premium e la confezione ricreano l'iconica scena dell'infiltrazione della nave nemica<\/li>\n<li>La scala delle figure rispecchia le dimensioni dei personaggi nel mondo di Transformers: L'era dell'estinzione<\/li>\n<li>Conversione tra modalit\u00e0 robot e auto sportiva in 14 passaggi<\/li>\n<li>Il fondale rimovibile mostra la figura di Lockdown nella scena di infiltrazione nella nave nemica<\/li>\n<li>Dimensioni della figura: 4,5 pollici<\/li>\n<\/ul>","protected":false},"excerpt":{"rendered":"<ul>\n<li>Studio Series 11 Deluxe Class Movie 4 Figura di Lockdown<\/li>\n<li>La figura premium e la confezione ricreano l'iconica scena dell'infiltrazione della nave nemica<\/li>\n<li>La scala delle figure rispecchia le dimensioni dei personaggi nel mondo di Transformers: L'era dell'estinzione<\/li>\n<li>Conversione tra modalit\u00e0 robot e auto sportiva in 14 passaggi<\/li>\n<li>Il fondale rimovibile mostra la figura di Lockdown nella scena di infiltrazione nella nave nemica<\/li>\n<li>Dimensioni della figura: 4,5 pollici<\/li>\n<\/ul>","protected":false},"featured_media":182524,"comment_status":"open","ping_status":"closed","template":"","meta":{"inline_featured_image":false},"product_brand":[],"product_cat":[1955,68,69,1960],"product_tag":[200,1759,221,239,317,1711,1712,240,203,1975,204],"giftcard-category":[],"class_list":{"0":"post-173539","1":"product","2":"type-product","3":"status-publish","4":"has-post-thumbnail","6":"product_cat-transformers","7":"product_cat-hasbro","8":"product_cat-takara-tomy","9":"product_cat-transformers-generations","10":"product_tag-action-figures","11":"product_tag-action-toys","12":"product_tag-decepticon","13":"product_tag-deluxe","14":"product_tag-lockdown","15":"product_tag-ss-11","16":"product_tag-ss11","17":"product_tag-studio-series","18":"product_tag-takara-tomy","19":"product_tag-toys-figures","20":"product_tag-transformers","21":"product_shipping_class-free-shipping","23":"first","24":"outofstock","25":"taxable","26":"shipping-taxable","27":"purchasable","28":"product-type-simple","29":"add-to-wishlist-after_add_to_cart"},"yoast_head":"<!-- This site is optimized with the Yoast SEO Premium plugin v25.3.1 (Yoast SEO v27.2) - https:\/\/yoast.com\/product\/yoast-seo-premium-wordpress\/ -->\n<title>Transformers Studio Series - 11 Deluxe Lockdown<\/title>\n<meta name=\"robots\" content=\"index, follow, max-snippet:-1, max-image-preview:large, max-video-preview:-1\" \/>\n<link rel=\"canonical\" href=\"https:\/\/hobby4geek.com\/it\/prodotto\/transformers-studio-series-11-deluxe-lockdown\/\" \/>\n<meta property=\"og:locale\" content=\"it_IT\" \/>\n<meta property=\"og:type\" content=\"article\" \/>\n<meta property=\"og:title\" content=\"Transformers Studio Series - 11 Deluxe Lockdown\" \/>\n<meta property=\"og:description\" content=\"Studio Series 11 Deluxe Class Movie 4 Lockdown Figure  Premium figure and packaging recreate the iconic scene of enemy ship infiltration  Figure scale reflects character size in the world of Transformers: Age of Extinction  Converts between robot and sports car modes in 14 steps  Removable backdrop displays the Lockdown figure in the enemy ship infiltration scene  Figure size: 4.5 inches\" \/>\n<meta property=\"og:url\" content=\"https:\/\/hobby4geek.com\/it\/prodotto\/transformers-studio-series-11-deluxe-lockdown\/\" \/>\n<meta property=\"og:site_name\" content=\"Hobby4Geek\" \/>\n<meta property=\"article:publisher\" content=\"https:\/\/www.facebook.com\/hobby4geek\" \/>\n<meta property=\"article:modified_time\" content=\"2024-05-12T11:56:41+00:00\" \/>\n<meta property=\"og:image\" content=\"https:\/\/hobby4geek.com\/wp-content\/uploads\/2023\/02\/transformers-studio-series-11-deluxe-lockdown.jpg\" \/>\n\t<meta property=\"og:image:width\" content=\"600\" \/>\n\t<meta property=\"og:image:height\" content=\"600\" \/>\n\t<meta property=\"og:image:type\" content=\"image\/jpeg\" \/>\n<meta name=\"twitter:card\" content=\"summary_large_image\" \/>\n<meta name=\"twitter:site\" content=\"@hobby4geek\" \/>\n<script type=\"application\/ld+json\" class=\"yoast-schema-graph\">{\"@context\":\"https:\/\/schema.org\",\"@graph\":[{\"@type\":\"WebPage\",\"@id\":\"https:\/\/hobby4geek.com\/product\/transformers-studio-series-11-deluxe-lockdown\/\",\"url\":\"https:\/\/hobby4geek.com\/product\/transformers-studio-series-11-deluxe-lockdown\/\",\"name\":\"Transformers Studio Series - 11 Deluxe Lockdown\",\"isPartOf\":{\"@id\":\"https:\/\/hobby4geek.com\/#website\"},\"primaryImageOfPage\":{\"@id\":\"https:\/\/hobby4geek.com\/product\/transformers-studio-series-11-deluxe-lockdown\/#primaryimage\"},\"image\":{\"@id\":\"https:\/\/hobby4geek.com\/product\/transformers-studio-series-11-deluxe-lockdown\/#primaryimage\"},\"thumbnailUrl\":\"https:\/\/hobby4geek.com\/wp-content\/uploads\/2023\/02\/transformers-studio-series-11-deluxe-lockdown.jpg\",\"datePublished\":\"2019-02-23T22:07:34+00:00\",\"dateModified\":\"2024-05-12T11:56:41+00:00\",\"breadcrumb\":{\"@id\":\"https:\/\/hobby4geek.com\/product\/transformers-studio-series-11-deluxe-lockdown\/#breadcrumb\"},\"inLanguage\":\"it-IT\",\"potentialAction\":[{\"@type\":\"ReadAction\",\"target\":[\"https:\/\/hobby4geek.com\/product\/transformers-studio-series-11-deluxe-lockdown\/\"]}]},{\"@type\":\"ImageObject\",\"inLanguage\":\"it-IT\",\"@id\":\"https:\/\/hobby4geek.com\/product\/transformers-studio-series-11-deluxe-lockdown\/#primaryimage\",\"url\":\"https:\/\/hobby4geek.com\/wp-content\/uploads\/2023\/02\/transformers-studio-series-11-deluxe-lockdown.jpg\",\"contentUrl\":\"https:\/\/hobby4geek.com\/wp-content\/uploads\/2023\/02\/transformers-studio-series-11-deluxe-lockdown.jpg\",\"width\":600,\"height\":600,\"caption\":\"transformers-studio-series-11-deluxe-lockdown\"},{\"@type\":\"BreadcrumbList\",\"@id\":\"https:\/\/hobby4geek.com\/product\/transformers-studio-series-11-deluxe-lockdown\/#breadcrumb\",\"itemListElement\":[{\"@type\":\"ListItem\",\"position\":1,\"name\":\"Home\",\"item\":\"https:\/\/hobby4geek.com\/\"},{\"@type\":\"ListItem\",\"position\":2,\"name\":\"Shop\",\"item\":\"https:\/\/hobby4geek.com\/shop\/\"},{\"@type\":\"ListItem\",\"position\":3,\"name\":\"Transformers Studio Series &#8211; 11 Deluxe Lockdown\"}]},{\"@type\":\"WebSite\",\"@id\":\"https:\/\/hobby4geek.com\/#website\",\"url\":\"https:\/\/hobby4geek.com\/\",\"name\":\"Hobby4Geek\",\"description\":\"Collect, Play &amp; Showcase, Embrace your Geekiness\",\"publisher\":{\"@id\":\"https:\/\/hobby4geek.com\/#organization\"},\"potentialAction\":[{\"@type\":\"SearchAction\",\"target\":{\"@type\":\"EntryPoint\",\"urlTemplate\":\"https:\/\/hobby4geek.com\/?s={search_term_string}\"},\"query-input\":{\"@type\":\"PropertyValueSpecification\",\"valueRequired\":true,\"valueName\":\"search_term_string\"}}],\"inLanguage\":\"it-IT\"},{\"@type\":\"Organization\",\"@id\":\"https:\/\/hobby4geek.com\/#organization\",\"name\":\"Hobby4Geek\",\"url\":\"https:\/\/hobby4geek.com\/\",\"logo\":{\"@type\":\"ImageObject\",\"inLanguage\":\"it-IT\",\"@id\":\"https:\/\/hobby4geek.com\/#\/schema\/logo\/image\/\",\"url\":\"https:\/\/hobby4geek.com\/wp-content\/uploads\/2023\/02\/default-kit.png\",\"contentUrl\":\"https:\/\/hobby4geek.com\/wp-content\/uploads\/2023\/02\/default-kit.png\",\"width\":600,\"height\":600,\"caption\":\"Hobby4Geek\"},\"image\":{\"@id\":\"https:\/\/hobby4geek.com\/#\/schema\/logo\/image\/\"},\"sameAs\":[\"https:\/\/www.facebook.com\/hobby4geek\",\"https:\/\/x.com\/hobby4geek\",\"https:\/\/www.instagram.com\/hobby4geek\/\"]}]}<\/script>\n<meta property=\"product:brand\" content=\"Transformers\" \/>\n<meta property=\"product:price:amount\" content=\"27.80\" \/>\n<meta property=\"product:price:currency\" content=\"EUR\" \/>\n<meta property=\"og:availability\" content=\"out of stock\" \/>\n<meta property=\"product:availability\" content=\"out of stock\" \/>\n<meta property=\"product:condition\" content=\"new\" \/>\n<!-- \/ Yoast SEO Premium plugin. -->","yoast_head_json":{"title":"Transformers Studio Series - 11 Blocco Deluxe","robots":{"index":"index","follow":"follow","max-snippet":"max-snippet:-1","max-image-preview":"max-image-preview:large","max-video-preview":"max-video-preview:-1"},"canonical":"https:\/\/hobby4geek.com\/it\/prodotto\/transformers-studio-series-11-deluxe-lockdown\/","og_locale":"it_IT","og_type":"article","og_title":"Transformers Studio Series - 11 Deluxe Lockdown","og_description":"Studio Series 11 Deluxe Class Movie 4 Lockdown Figure  Premium figure and packaging recreate the iconic scene of enemy ship infiltration  Figure scale reflects character size in the world of Transformers: Age of Extinction  Converts between robot and sports car modes in 14 steps  Removable backdrop displays the Lockdown figure in the enemy ship infiltration scene  Figure size: 4.5 inches","og_url":"https:\/\/hobby4geek.com\/it\/prodotto\/transformers-studio-series-11-deluxe-lockdown\/","og_site_name":"Hobby4Geek","article_publisher":"https:\/\/www.facebook.com\/hobby4geek","article_modified_time":"2024-05-12T11:56:41+00:00","og_image":[{"width":600,"height":600,"url":"https:\/\/hobby4geek.com\/wp-content\/uploads\/2023\/02\/transformers-studio-series-11-deluxe-lockdown.jpg","type":"image\/jpeg"}],"twitter_card":"summary_large_image","twitter_site":"@hobby4geek","schema":{"@context":"https:\/\/schema.org","@graph":[{"@type":"WebPage","@id":"https:\/\/hobby4geek.com\/product\/transformers-studio-series-11-deluxe-lockdown\/","url":"https:\/\/hobby4geek.com\/product\/transformers-studio-series-11-deluxe-lockdown\/","name":"Transformers Studio Series - 11 Blocco Deluxe","isPartOf":{"@id":"https:\/\/hobby4geek.com\/#website"},"primaryImageOfPage":{"@id":"https:\/\/hobby4geek.com\/product\/transformers-studio-series-11-deluxe-lockdown\/#primaryimage"},"image":{"@id":"https:\/\/hobby4geek.com\/product\/transformers-studio-series-11-deluxe-lockdown\/#primaryimage"},"thumbnailUrl":"https:\/\/hobby4geek.com\/wp-content\/uploads\/2023\/02\/transformers-studio-series-11-deluxe-lockdown.jpg","datePublished":"2019-02-23T22:07:34+00:00","dateModified":"2024-05-12T11:56:41+00:00","breadcrumb":{"@id":"https:\/\/hobby4geek.com\/product\/transformers-studio-series-11-deluxe-lockdown\/#breadcrumb"},"inLanguage":"it-IT","potentialAction":[{"@type":"ReadAction","target":["https:\/\/hobby4geek.com\/product\/transformers-studio-series-11-deluxe-lockdown\/"]}]},{"@type":"ImageObject","inLanguage":"it-IT","@id":"https:\/\/hobby4geek.com\/product\/transformers-studio-series-11-deluxe-lockdown\/#primaryimage","url":"https:\/\/hobby4geek.com\/wp-content\/uploads\/2023\/02\/transformers-studio-series-11-deluxe-lockdown.jpg","contentUrl":"https:\/\/hobby4geek.com\/wp-content\/uploads\/2023\/02\/transformers-studio-series-11-deluxe-lockdown.jpg","width":600,"height":600,"caption":"transformers-studio-series-11-deluxe-lockdown"},{"@type":"BreadcrumbList","@id":"https:\/\/hobby4geek.com\/product\/transformers-studio-series-11-deluxe-lockdown\/#breadcrumb","itemListElement":[{"@type":"ListItem","position":1,"name":"Home","item":"https:\/\/hobby4geek.com\/"},{"@type":"ListItem","position":2,"name":"Shop","item":"https:\/\/hobby4geek.com\/shop\/"},{"@type":"ListItem","position":3,"name":"Transformers Studio Series &#8211; 11 Deluxe Lockdown"}]},{"@type":"WebSite","@id":"https:\/\/hobby4geek.com\/#website","url":"https:\/\/hobby4geek.com\/","name":"Hobby4Geek","description":"Colleziona, gioca e metti in mostra, abbraccia la tua geekness","publisher":{"@id":"https:\/\/hobby4geek.com\/#organization"},"potentialAction":[{"@type":"SearchAction","target":{"@type":"EntryPoint","urlTemplate":"https:\/\/hobby4geek.com\/?s={search_term_string}"},"query-input":{"@type":"PropertyValueSpecification","valueRequired":true,"valueName":"search_term_string"}}],"inLanguage":"it-IT"},{"@type":"Organization","@id":"https:\/\/hobby4geek.com\/#organization","name":"Hobby4Geek","url":"https:\/\/hobby4geek.com\/","logo":{"@type":"ImageObject","inLanguage":"it-IT","@id":"https:\/\/hobby4geek.com\/#\/schema\/logo\/image\/","url":"https:\/\/hobby4geek.com\/wp-content\/uploads\/2023\/02\/default-kit.png","contentUrl":"https:\/\/hobby4geek.com\/wp-content\/uploads\/2023\/02\/default-kit.png","width":600,"height":600,"caption":"Hobby4Geek"},"image":{"@id":"https:\/\/hobby4geek.com\/#\/schema\/logo\/image\/"},"sameAs":["https:\/\/www.facebook.com\/hobby4geek","https:\/\/x.com\/hobby4geek","https:\/\/www.instagram.com\/hobby4geek\/"]}]},"product_brand":"Transformers","product_price_amount":"27.80","product_price_currency":"EUR","og_availability":"out of stock","product_availability":"out of stock","product_condition":"new"},"_links":{"self":[{"href":"https:\/\/hobby4geek.com\/it\/wp-json\/wp\/v2\/product\/173539","targetHints":{"allow":["GET"]}}],"collection":[{"href":"https:\/\/hobby4geek.com\/it\/wp-json\/wp\/v2\/product"}],"about":[{"href":"https:\/\/hobby4geek.com\/it\/wp-json\/wp\/v2\/types\/product"}],"replies":[{"embeddable":true,"href":"https:\/\/hobby4geek.com\/it\/wp-json\/wp\/v2\/comments?post=173539"}],"version-history":[{"count":0,"href":"https:\/\/hobby4geek.com\/it\/wp-json\/wp\/v2\/product\/173539\/revisions"}],"wp:featuredmedia":[{"embeddable":true,"href":"https:\/\/hobby4geek.com\/it\/wp-json\/wp\/v2\/media\/182524"}],"wp:attachment":[{"href":"https:\/\/hobby4geek.com\/it\/wp-json\/wp\/v2\/media?parent=173539"}],"wp:term":[{"taxonomy":"product_brand","embeddable":true,"href":"https:\/\/hobby4geek.com\/it\/wp-json\/wp\/v2\/product_brand?post=173539"},{"taxonomy":"product_cat","embeddable":true,"href":"https:\/\/hobby4geek.com\/it\/wp-json\/wp\/v2\/product_cat?post=173539"},{"taxonomy":"product_tag","embeddable":true,"href":"https:\/\/hobby4geek.com\/it\/wp-json\/wp\/v2\/product_tag?post=173539"},{"taxonomy":"giftcard-category","embeddable":true,"href":"https:\/\/hobby4geek.com\/it\/wp-json\/wp\/v2\/giftcard-category?post=173539"}],"curies":[{"name":"wp","href":"https:\/\/api.w.org\/{rel}","templated":true}]}}