{"id":139577,"date":"2020-05-28T04:48:16","date_gmt":"2020-05-28T04:48:16","guid":{"rendered":"https:\/\/hobby4geek.com\/?post_type=product&#038;p=139577"},"modified":"2024-05-12T12:58:48","modified_gmt":"2024-05-12T11:58:48","slug":"trasformatori-capolavoro-mp-39-spinout","status":"publish","type":"product","link":"https:\/\/hobby4geek.com\/it\/prodotto\/trasformatori-capolavoro-mp-39-spinout\/","title":{"rendered":"Transformers Masterpiece MP-39+ Spinout"},"content":{"rendered":"<p>Takara Tomy presenta il suo nuovo Transformers Masterpiece MP-39 Spinout! Spinout si trasforma dalla modalit\u00e0 robot alla Lamborghini Countach LB500S e viceversa ed \u00e8 concesso in licenza ufficiale da Lamborghini.<\/p>\n<p>Non lasciando indietro Sunstreaker o Cordon, MP-39 \u00e8 stato rivelato come una versione rossa dello stampo, chiamata Spinout! \u00c8 un Autobot ed \u00e8 molto sexy! Questo stampo incredibilmente intricato pu\u00f2 ora essere vostro, ma in uno schema di colori molto retro pre-transformers.<\/p>\n<p>Questa figura presenta la testa mp-42 di Cordon e sembra essere una rielaborazione in verticale dello stampo originale dell'MP-39 Sunstreaker.<\/p>\n<p>Si prevede che sar\u00e0 un'esclusiva del centro commerciale TakaraTomy e che uscir\u00e0 durante le festivit\u00e0 natalizie del 2020.<\/p>\n<ul>\n<li>Blaster laser<\/li>\n<li>Pistola laser<\/li>\n<li>Materiale: ABS<\/li>\n<li>Scala MP (Masterpiece)<\/li>\n<\/ul>","protected":false},"excerpt":{"rendered":"<ul>\n<li>Blaster laser<\/li>\n<li>Pistola laser<\/li>\n<li>Materiale: ABS<\/li>\n<li>Scala MP (Masterpiece)<\/li>\n<\/ul>","protected":false},"featured_media":180148,"comment_status":"open","ping_status":"closed","template":"","meta":{"inline_featured_image":false},"product_brand":[],"product_cat":[1955,68,69],"product_tag":[951,1759,199,952,230,888,265,953,1975,204],"giftcard-category":[],"class_list":{"0":"post-139577","1":"product","2":"type-product","3":"status-publish","4":"has-post-thumbnail","6":"product_cat-transformers","7":"product_cat-hasbro","8":"product_cat-takara-tomy","9":"product_tag-951","10":"product_tag-action-toys","11":"product_tag-autobot","12":"product_tag-cordon","13":"product_tag-masterpiece","14":"product_tag-mp-39","15":"product_tag-pre-orders","16":"product_tag-spinout","17":"product_tag-toys-figures","18":"product_tag-transformers","19":"product_shipping_class-free-shipping","20":"inventories-china-inventory","22":"first","23":"instock","24":"taxable","25":"shipping-taxable","26":"purchasable","27":"product-type-simple","28":"add-to-wishlist-after_add_to_cart"},"yoast_head":"<!-- This site is optimized with the Yoast SEO Premium plugin v25.3.1 (Yoast SEO v27.2) - https:\/\/yoast.com\/product\/yoast-seo-premium-wordpress\/ -->\n<title>Transformers Masterpiece MP-39+ Spinout<\/title>\n<meta name=\"robots\" content=\"index, follow, max-snippet:-1, max-image-preview:large, max-video-preview:-1\" \/>\n<link rel=\"canonical\" href=\"https:\/\/hobby4geek.com\/it\/prodotto\/trasformatori-capolavoro-mp-39-spinout\/\" \/>\n<meta property=\"og:locale\" content=\"it_IT\" \/>\n<meta property=\"og:type\" content=\"article\" \/>\n<meta property=\"og:title\" content=\"Transformers Masterpiece MP-39+ Spinout\" \/>\n<meta property=\"og:description\" content=\"Laser Blaster  Laser gun  Material : ABS  MP Scale (Masterpiece)\" \/>\n<meta property=\"og:url\" content=\"https:\/\/hobby4geek.com\/it\/prodotto\/trasformatori-capolavoro-mp-39-spinout\/\" \/>\n<meta property=\"og:site_name\" content=\"Hobby4Geek\" \/>\n<meta property=\"article:publisher\" content=\"https:\/\/www.facebook.com\/hobby4geek\" \/>\n<meta property=\"article:modified_time\" content=\"2024-05-12T11:58:48+00:00\" \/>\n<meta property=\"og:image\" content=\"https:\/\/hobby4geek.com\/wp-content\/uploads\/2023\/02\/transformers-masterpiece-mp-39-spinout.jpg\" \/>\n\t<meta property=\"og:image:width\" content=\"640\" \/>\n\t<meta property=\"og:image:height\" content=\"482\" \/>\n\t<meta property=\"og:image:type\" content=\"image\/jpeg\" \/>\n<meta name=\"twitter:card\" content=\"summary_large_image\" \/>\n<meta name=\"twitter:site\" content=\"@hobby4geek\" \/>\n<script type=\"application\/ld+json\" class=\"yoast-schema-graph\">{\"@context\":\"https:\/\/schema.org\",\"@graph\":[{\"@type\":\"WebPage\",\"@id\":\"https:\/\/hobby4geek.com\/product\/transformers-masterpiece-mp-39-spinout\/\",\"url\":\"https:\/\/hobby4geek.com\/product\/transformers-masterpiece-mp-39-spinout\/\",\"name\":\"Transformers Masterpiece MP-39+ Spinout\",\"isPartOf\":{\"@id\":\"https:\/\/hobby4geek.com\/#website\"},\"primaryImageOfPage\":{\"@id\":\"https:\/\/hobby4geek.com\/product\/transformers-masterpiece-mp-39-spinout\/#primaryimage\"},\"image\":{\"@id\":\"https:\/\/hobby4geek.com\/product\/transformers-masterpiece-mp-39-spinout\/#primaryimage\"},\"thumbnailUrl\":\"https:\/\/hobby4geek.com\/wp-content\/uploads\/2023\/02\/transformers-masterpiece-mp-39-spinout.jpg\",\"datePublished\":\"2020-05-28T04:48:16+00:00\",\"dateModified\":\"2024-05-12T11:58:48+00:00\",\"breadcrumb\":{\"@id\":\"https:\/\/hobby4geek.com\/product\/transformers-masterpiece-mp-39-spinout\/#breadcrumb\"},\"inLanguage\":\"it-IT\",\"potentialAction\":[{\"@type\":\"ReadAction\",\"target\":[\"https:\/\/hobby4geek.com\/product\/transformers-masterpiece-mp-39-spinout\/\"]}]},{\"@type\":\"ImageObject\",\"inLanguage\":\"it-IT\",\"@id\":\"https:\/\/hobby4geek.com\/product\/transformers-masterpiece-mp-39-spinout\/#primaryimage\",\"url\":\"https:\/\/hobby4geek.com\/wp-content\/uploads\/2023\/02\/transformers-masterpiece-mp-39-spinout.jpg\",\"contentUrl\":\"https:\/\/hobby4geek.com\/wp-content\/uploads\/2023\/02\/transformers-masterpiece-mp-39-spinout.jpg\",\"width\":640,\"height\":482,\"caption\":\"Transformers Masterpiece Mp 39 Spinout\"},{\"@type\":\"BreadcrumbList\",\"@id\":\"https:\/\/hobby4geek.com\/product\/transformers-masterpiece-mp-39-spinout\/#breadcrumb\",\"itemListElement\":[{\"@type\":\"ListItem\",\"position\":1,\"name\":\"Home\",\"item\":\"https:\/\/hobby4geek.com\/\"},{\"@type\":\"ListItem\",\"position\":2,\"name\":\"Shop\",\"item\":\"https:\/\/hobby4geek.com\/shop\/\"},{\"@type\":\"ListItem\",\"position\":3,\"name\":\"Transformers Masterpiece MP-39+ Spinout\"}]},{\"@type\":\"WebSite\",\"@id\":\"https:\/\/hobby4geek.com\/#website\",\"url\":\"https:\/\/hobby4geek.com\/\",\"name\":\"Hobby4Geek\",\"description\":\"Collect, Play &amp; Showcase, Embrace your Geekiness\",\"publisher\":{\"@id\":\"https:\/\/hobby4geek.com\/#organization\"},\"potentialAction\":[{\"@type\":\"SearchAction\",\"target\":{\"@type\":\"EntryPoint\",\"urlTemplate\":\"https:\/\/hobby4geek.com\/?s={search_term_string}\"},\"query-input\":{\"@type\":\"PropertyValueSpecification\",\"valueRequired\":true,\"valueName\":\"search_term_string\"}}],\"inLanguage\":\"it-IT\"},{\"@type\":\"Organization\",\"@id\":\"https:\/\/hobby4geek.com\/#organization\",\"name\":\"Hobby4Geek\",\"url\":\"https:\/\/hobby4geek.com\/\",\"logo\":{\"@type\":\"ImageObject\",\"inLanguage\":\"it-IT\",\"@id\":\"https:\/\/hobby4geek.com\/#\/schema\/logo\/image\/\",\"url\":\"https:\/\/hobby4geek.com\/wp-content\/uploads\/2023\/02\/default-kit.png\",\"contentUrl\":\"https:\/\/hobby4geek.com\/wp-content\/uploads\/2023\/02\/default-kit.png\",\"width\":600,\"height\":600,\"caption\":\"Hobby4Geek\"},\"image\":{\"@id\":\"https:\/\/hobby4geek.com\/#\/schema\/logo\/image\/\"},\"sameAs\":[\"https:\/\/www.facebook.com\/hobby4geek\",\"https:\/\/x.com\/hobby4geek\",\"https:\/\/www.instagram.com\/hobby4geek\/\"]}]}<\/script>\n<meta property=\"product:brand\" content=\"Transformers\" \/>\n<meta property=\"product:price:amount\" content=\"188.40\" \/>\n<meta property=\"product:price:currency\" content=\"EUR\" \/>\n<meta property=\"og:availability\" content=\"instock\" \/>\n<meta property=\"product:availability\" content=\"instock\" \/>\n<meta property=\"product:condition\" content=\"new\" \/>\n<!-- \/ Yoast SEO Premium plugin. -->","yoast_head_json":{"title":"Transformers Masterpiece MP-39+ Spinout","robots":{"index":"index","follow":"follow","max-snippet":"max-snippet:-1","max-image-preview":"max-image-preview:large","max-video-preview":"max-video-preview:-1"},"canonical":"https:\/\/hobby4geek.com\/it\/prodotto\/trasformatori-capolavoro-mp-39-spinout\/","og_locale":"it_IT","og_type":"article","og_title":"Transformers Masterpiece MP-39+ Spinout","og_description":"Laser Blaster  Laser gun  Material : ABS  MP Scale (Masterpiece)","og_url":"https:\/\/hobby4geek.com\/it\/prodotto\/trasformatori-capolavoro-mp-39-spinout\/","og_site_name":"Hobby4Geek","article_publisher":"https:\/\/www.facebook.com\/hobby4geek","article_modified_time":"2024-05-12T11:58:48+00:00","og_image":[{"width":640,"height":482,"url":"https:\/\/hobby4geek.com\/wp-content\/uploads\/2023\/02\/transformers-masterpiece-mp-39-spinout.jpg","type":"image\/jpeg"}],"twitter_card":"summary_large_image","twitter_site":"@hobby4geek","schema":{"@context":"https:\/\/schema.org","@graph":[{"@type":"WebPage","@id":"https:\/\/hobby4geek.com\/product\/transformers-masterpiece-mp-39-spinout\/","url":"https:\/\/hobby4geek.com\/product\/transformers-masterpiece-mp-39-spinout\/","name":"Transformers Masterpiece MP-39+ Spinout","isPartOf":{"@id":"https:\/\/hobby4geek.com\/#website"},"primaryImageOfPage":{"@id":"https:\/\/hobby4geek.com\/product\/transformers-masterpiece-mp-39-spinout\/#primaryimage"},"image":{"@id":"https:\/\/hobby4geek.com\/product\/transformers-masterpiece-mp-39-spinout\/#primaryimage"},"thumbnailUrl":"https:\/\/hobby4geek.com\/wp-content\/uploads\/2023\/02\/transformers-masterpiece-mp-39-spinout.jpg","datePublished":"2020-05-28T04:48:16+00:00","dateModified":"2024-05-12T11:58:48+00:00","breadcrumb":{"@id":"https:\/\/hobby4geek.com\/product\/transformers-masterpiece-mp-39-spinout\/#breadcrumb"},"inLanguage":"it-IT","potentialAction":[{"@type":"ReadAction","target":["https:\/\/hobby4geek.com\/product\/transformers-masterpiece-mp-39-spinout\/"]}]},{"@type":"ImageObject","inLanguage":"it-IT","@id":"https:\/\/hobby4geek.com\/product\/transformers-masterpiece-mp-39-spinout\/#primaryimage","url":"https:\/\/hobby4geek.com\/wp-content\/uploads\/2023\/02\/transformers-masterpiece-mp-39-spinout.jpg","contentUrl":"https:\/\/hobby4geek.com\/wp-content\/uploads\/2023\/02\/transformers-masterpiece-mp-39-spinout.jpg","width":640,"height":482,"caption":"Transformers Masterpiece Mp 39 Spinout"},{"@type":"BreadcrumbList","@id":"https:\/\/hobby4geek.com\/product\/transformers-masterpiece-mp-39-spinout\/#breadcrumb","itemListElement":[{"@type":"ListItem","position":1,"name":"Home","item":"https:\/\/hobby4geek.com\/"},{"@type":"ListItem","position":2,"name":"Shop","item":"https:\/\/hobby4geek.com\/shop\/"},{"@type":"ListItem","position":3,"name":"Transformers Masterpiece MP-39+ Spinout"}]},{"@type":"WebSite","@id":"https:\/\/hobby4geek.com\/#website","url":"https:\/\/hobby4geek.com\/","name":"Hobby4Geek","description":"Colleziona, gioca e metti in mostra, abbraccia la tua geekness","publisher":{"@id":"https:\/\/hobby4geek.com\/#organization"},"potentialAction":[{"@type":"SearchAction","target":{"@type":"EntryPoint","urlTemplate":"https:\/\/hobby4geek.com\/?s={search_term_string}"},"query-input":{"@type":"PropertyValueSpecification","valueRequired":true,"valueName":"search_term_string"}}],"inLanguage":"it-IT"},{"@type":"Organization","@id":"https:\/\/hobby4geek.com\/#organization","name":"Hobby4Geek","url":"https:\/\/hobby4geek.com\/","logo":{"@type":"ImageObject","inLanguage":"it-IT","@id":"https:\/\/hobby4geek.com\/#\/schema\/logo\/image\/","url":"https:\/\/hobby4geek.com\/wp-content\/uploads\/2023\/02\/default-kit.png","contentUrl":"https:\/\/hobby4geek.com\/wp-content\/uploads\/2023\/02\/default-kit.png","width":600,"height":600,"caption":"Hobby4Geek"},"image":{"@id":"https:\/\/hobby4geek.com\/#\/schema\/logo\/image\/"},"sameAs":["https:\/\/www.facebook.com\/hobby4geek","https:\/\/x.com\/hobby4geek","https:\/\/www.instagram.com\/hobby4geek\/"]}]},"product_brand":"Transformers","product_price_amount":"188.40","product_price_currency":"EUR","og_availability":"instock","product_availability":"instock","product_condition":"new"},"_links":{"self":[{"href":"https:\/\/hobby4geek.com\/it\/wp-json\/wp\/v2\/product\/139577","targetHints":{"allow":["GET"]}}],"collection":[{"href":"https:\/\/hobby4geek.com\/it\/wp-json\/wp\/v2\/product"}],"about":[{"href":"https:\/\/hobby4geek.com\/it\/wp-json\/wp\/v2\/types\/product"}],"replies":[{"embeddable":true,"href":"https:\/\/hobby4geek.com\/it\/wp-json\/wp\/v2\/comments?post=139577"}],"version-history":[{"count":0,"href":"https:\/\/hobby4geek.com\/it\/wp-json\/wp\/v2\/product\/139577\/revisions"}],"wp:featuredmedia":[{"embeddable":true,"href":"https:\/\/hobby4geek.com\/it\/wp-json\/wp\/v2\/media\/180148"}],"wp:attachment":[{"href":"https:\/\/hobby4geek.com\/it\/wp-json\/wp\/v2\/media?parent=139577"}],"wp:term":[{"taxonomy":"product_brand","embeddable":true,"href":"https:\/\/hobby4geek.com\/it\/wp-json\/wp\/v2\/product_brand?post=139577"},{"taxonomy":"product_cat","embeddable":true,"href":"https:\/\/hobby4geek.com\/it\/wp-json\/wp\/v2\/product_cat?post=139577"},{"taxonomy":"product_tag","embeddable":true,"href":"https:\/\/hobby4geek.com\/it\/wp-json\/wp\/v2\/product_tag?post=139577"},{"taxonomy":"giftcard-category","embeddable":true,"href":"https:\/\/hobby4geek.com\/it\/wp-json\/wp\/v2\/giftcard-category?post=139577"}],"curies":[{"name":"wp","href":"https:\/\/api.w.org\/{rel}","templated":true}]}}