{"id":186181,"date":"2023-04-07T01:15:52","date_gmt":"2023-04-07T00:15:52","guid":{"rendered":"https:\/\/hobby4geek.com\/?page_id=186181"},"modified":"2024-06-01T12:26:36","modified_gmt":"2024-06-01T11:26:36","slug":"faq","status":"publish","type":"page","link":"https:\/\/hobby4geek.com\/it\/faq\/","title":{"rendered":"Domande frequenti"},"content":{"rendered":"<div class=\"yith-faqs\">\n\t\t\t\t\n\t\t\t\t\t<ul class=\"yith-faqs-categories minimal\">\n\t\t\t\t\t\t<li>\n\t\t\t\t\t\t\t<a href=\"?term_id=all\" class=\"active\">Tutti<\/a>\n\t\t\t\t\t\t<\/li>\n\t\t\t\t\t\t\t\t\t\t\t\t\t<li>\n\t\t\t\t\t\t\t\t<a href=\"?term_id=2003\" class=\"\">Spedizione<\/a>\n\t\t\t\t\t\t\t<\/li>\n\t\t\t\t\t\t\t\t\t\t\t\t\t<li>\n\t\t\t\t\t\t\t\t<a href=\"?term_id=2561\" class=\"\">Chi siamo<\/a>\n\t\t\t\t\t\t\t<\/li>\n\t\t\t\t\t\t\t\t\t\t\t\t\t<li>\n\t\t\t\t\t\t\t\t<a href=\"?term_id=2562\" class=\"\">Pagamenti<\/a>\n\t\t\t\t\t\t\t<\/li>\n\t\t\t\t\t\t\t\t\t\t\t\t\t<li>\n\t\t\t\t\t\t\t\t<a href=\"?term_id=2563\" class=\"\">Prodotti<\/a>\n\t\t\t\t\t\t\t<\/li>\n\t\t\t\t\t\t\t\t\t\t\t<\/ul>\n\n\t\t\t\t\t\t\t\t<div id=\"yith-faqs-container\" class=\"yith-faqs-container yith-faq-type-toggle minimal yith-faqs-paged  default-loader\" style=\"--ywfp-icon-font-size: 14px;\">\n\n\t\t\t\t\t\n\t\t\t\t\t\n\t\t\t\t\t\t\t\t\t\t\t\t<div id=\"faq-197609\" class=\"yith-faqs-item icon-right\">\n\t\t\t\t\t\t\t<div class=\"yith-faqs-title\">\n\t\t\t\t\t\t\t\t\t\t\t\t\t\t\t\t\t<div class=\"icon yfwp-plus\"><\/div>\n\t\t\t\t\t\t\t\t\t\t\t\t\t\t\t\t<b>Preordine? Deposito? Cos'\u00e8?<\/b>\n\t\t\t\t\t\t\t<\/div>\n\t\t\t\t\t\t\t<div class=\"yith-faqs-content-wrapper\">\n\t\t\t\t\t\t\t\t<div class=\"yith-faqs-content\">\n\t\t\t\t\t\t\t\t\t<strong>Qual \u00e8 lo scoop sui preordini?<\/strong>\r\n<ul>\r\n \t<li>Avete mai sognato di essere il trendsetter per eccellenza e di accaparrarvi gli articoli pi\u00f9 caldi prima ancora che arrivino sugli scaffali? Questo \u00e8 il senso di un preordine! Vi assicurate i vostri prodotti preferiti prima del gruppo e vi assicurate di essere l'invidia di tutti i geek del quartiere.<\/li>\r\n<\/ul>\r\n<strong>Perch\u00e9 dovrei salire sul treno dei preordini?<\/strong>\r\n<ul>\r\n \t<li>Immaginate: \u00e8 come sbloccare un superpotere nel mondo dello shopping! Dite \"bye-bye\" al temuto messaggio \"out of stock\" e \"hello\" per ottenere esattamente ci\u00f2 che desiderate, prima che scompaia. Inoltre, preordinare spesso significa aggiudicarsi offerte speciali ed esclusive.<\/li>\r\n<\/ul>\r\n<strong>Che cos'\u00e8 il deposito e perch\u00e9 ne ho bisogno?<\/strong>\r\n<ul>\r\n \t<li>Consideratelo come un anticipo sulla felicit\u00e0! Quando si preordina un articolo, si versa un po' di denaro in anticipo per assicurarsi la prenotazione. \u00c8 come avere un biglietto VIP personale che vi garantisce di non perdere l'articolo per cui state sbavando.<\/li>\r\n<\/ul>\r\n<strong>Perch\u00e9 il pagamento di un deposito \u00e8 cos\u00ec radicale?<\/strong>\r\n<ul>\r\n \t<li>Oh, \u00e8 pi\u00f9 figo di un orso polare che fa il cha-cha! Non solo vi accaparrate il vostro articolo irrinunciabile, ma vi rilassate anche con la tranquillit\u00e0 di sapere che vi aspetter\u00e0 non appena arriver\u00e0 sugli scaffali, pronto per essere acquistato solo da voi. - nessuna preoccupazione, tutto divertimento!<\/li>\r\n<\/ul>\r\n<strong>Quali sono i vantaggi extra del preordine e del deposito presso Hobby4Geek?<\/strong>\r\n<ul>\r\n \t<li>Oltre a garantirvi di essere sempre all'avanguardia, a Hobby4Geek amiamo trattare i nostri acquirenti pi\u00f9 attenti! Sconti speciali, offerte esclusive e persino chicche a sorpresa quando si effettua un preordine e si versa un acconto. Quindi perch\u00e9 aspettare? Assicuratevi i vostri prodotti preferiti!<\/li>\r\n<\/ul>\t\t\t\t\t\t\t\t<\/div>\n\t\t\t\t\t\t\t\t\t\t\t\t\t\t\t\t\t<div class=\"yith-faqs-link\">\n\t\t\t\t\t\t\t\t\t\t<a class=\"yith-faqs-copy\" href=\"#\" data-faq=\"https:\/\/hobby4geek.com\/it\/faq\/#faq-197609\">\n\t\t\t\t\t\t\t\t\t\t\t<span class=\"hover-text\">Collegamento a Copia<\/span>\n\t\t\t\t\t\t\t\t\t\t\t<span class=\"success-text\">Copiato!<\/span>\n\t\t\t\t\t\t\t\t\t\t<\/a>\n\t\t\t\t\t\t\t\t\t<\/div>\n\t\t\t\t\t\t\t\t\t\t\t\t\t\t\t<\/div>\n\t\t\t\t\t\t<\/div>\n\n\t\t\t\t\t\n\t\t\t\t\t\t\t\t\t\t\t\t<div id=\"faq-197605\" class=\"yith-faqs-item icon-right\">\n\t\t\t\t\t\t\t<div class=\"yith-faqs-title\">\n\t\t\t\t\t\t\t\t\t\t\t\t\t\t\t\t\t<div class=\"icon yfwp-plus\"><\/div>\n\t\t\t\t\t\t\t\t\t\t\t\t\t\t\t\t<b>Come guadagnare punti Geek e perch\u00e9?<\/b>\n\t\t\t\t\t\t\t<\/div>\n\t\t\t\t\t\t\t<div class=\"yith-faqs-content-wrapper\">\n\t\t\t\t\t\t\t\t<div class=\"yith-faqs-content\">\n\t\t\t\t\t\t\t\t\t<p>Con Hobby4Geek, accumulare Punti Geek \u00e8 facilissimo! Per ogni articolo che acquistate, raccogliete questi preziosi punti: considerateli come i vostri compagni di shopping che fanno il tifo per voi!<\/p>\n<blockquote><p>In pratica, si ottiene un punto Geek per ogni 5,51 euro di spesa. Ed ecco la parte pi\u00f9 divertente: ogni Geek Point ha un peso di circa 0,08 euro!<\/p><\/blockquote>\n<p>E indovinate un po'? Potete scambiare questi tesori digitali con dolci sconti quando siete pronti per il check-out.<\/p>\n<blockquote><p>Quindi, immaginate questo: vi accaparrate quel <a href=\"https:\/\/hobby4geek.com\/it\/prodotto\/newage-xm-2-duel\/\" target=\"_blank\" rel=\"noopener\">articolo fantastico<\/a> per 297,60 euro (IVA inclusa), e boom - 59 Geek Points arrivano sul vostro conto, per un totale di 4,72 euro.<\/p><\/blockquote>\n<p>\u00c8 come una piccola danza della vittoria per essersi concessi qualcosa in pi\u00f9! Oh, ecco la ricetta segreta dietro le quinte: \"Punti Geek = Importo del prodotto \/ 5,51\". Facile, vero? Buon shopping, cari geek!<\/p>\n\t\t\t\t\t\t\t\t<\/div>\n\t\t\t\t\t\t\t\t\t\t\t\t\t\t\t\t\t<div class=\"yith-faqs-link\">\n\t\t\t\t\t\t\t\t\t\t<a class=\"yith-faqs-copy\" href=\"#\" data-faq=\"https:\/\/hobby4geek.com\/it\/faq\/#faq-197605\">\n\t\t\t\t\t\t\t\t\t\t\t<span class=\"hover-text\">Collegamento a Copia<\/span>\n\t\t\t\t\t\t\t\t\t\t\t<span class=\"success-text\">Copiato!<\/span>\n\t\t\t\t\t\t\t\t\t\t<\/a>\n\t\t\t\t\t\t\t\t\t<\/div>\n\t\t\t\t\t\t\t\t\t\t\t\t\t\t\t<\/div>\n\t\t\t\t\t\t<\/div>\n\n\t\t\t\t\t\n\t\t\t\t\t\t\t\t\t\t\t\t<div id=\"faq-197601\" class=\"yith-faqs-item icon-right\">\n\t\t\t\t\t\t\t<div class=\"yith-faqs-title\">\n\t\t\t\t\t\t\t\t\t\t\t\t\t\t\t\t\t<div class=\"icon yfwp-plus\"><\/div>\n\t\t\t\t\t\t\t\t\t\t\t\t\t\t\t\t<b>Quali sono le differenze tra \"KO\", \"3rd Party\", \"4th Party\" e licenza ufficiale?<\/b>\n\t\t\t\t\t\t\t<\/div>\n\t\t\t\t\t\t\t<div class=\"yith-faqs-content-wrapper\">\n\t\t\t\t\t\t\t\t<div class=\"yith-faqs-content\">\n\t\t\t\t\t\t\t\t\t<blockquote><p>I termini \"Knock Off\" (KO), \"Third Party\" (3rd Party), \"Fourth Party\" (4th Party) e \"Official\" (Licensed) sono comunemente utilizzati nel contesto dei prodotti derivati, in particolare nel settore dei giocattoli e degli oggetti da collezione. Ecco le loro differenze:<\/p><\/blockquote>\n<ul>\n<li><strong>\"Knock Off\" (KO)<\/strong>: I Knock Off, spesso abbreviati in KO, sono prodotti senza licenza che imitano intenzionalmente quelli ufficiali, ma sono in genere di qualit\u00e0 inferiore e pi\u00f9 economici.<\/li>\n<li><strong>\"Terzo\" (3rd Party)<\/strong>: Third Party si riferisce a produttori che producono i propri prodotti senza licenza ispirati a personaggi su licenza, ma progettati per essere compatibili con le gamme esistenti di prodotti su licenza. Ad esempio, nel settore dei giocattoli Transformers, i produttori di terze parti spesso producono figure e accessori compatibili con le linee di giocattoli ufficiali, ma non prodotti da Hasbro o Takara Tomy.<\/li>\n<li><strong>\"Quarto Partito\" (4th Party)<\/strong>: Il termine \"Quarta Parte\" non \u00e8 cos\u00ec comune come gli altri e potrebbe non essere universalmente riconosciuto in tutti i contesti. Tuttavia, in alcuni settori, il termine pu\u00f2 riferirsi a societ\u00e0 o individui che forniscono servizi o prodotti a terzi (Terze Parti), spesso nel contesto di contratti o accordi complessi che coinvolgono pi\u00f9 parti. La distinzione tra Terzo e Quarto pu\u00f2 variare a seconda del contesto specifico.<\/li>\n<li><strong>Ufficiale (con licenza)<\/strong>: I prodotti su licenza, noti anche come prodotti ufficiali, sono quelli autorizzati dal titolare dei diritti. Ci\u00f2 significa che il produttore ha ottenuto i diritti legali per produrre e vendere prodotti basati su uno specifico franchising, personaggio o propriet\u00e0 intellettuale. I prodotti su licenza sono in genere di qualit\u00e0 superiore e ricevono il sostegno del detentore dei diritti. Ad esempio, i giocattoli Marvel o Star Wars prodotti da Hasbro sono prodotti ufficiali su licenza.<\/li>\n<\/ul>\n\t\t\t\t\t\t\t\t<\/div>\n\t\t\t\t\t\t\t\t\t\t\t\t\t\t\t\t\t<div class=\"yith-faqs-link\">\n\t\t\t\t\t\t\t\t\t\t<a class=\"yith-faqs-copy\" href=\"#\" data-faq=\"https:\/\/hobby4geek.com\/it\/faq\/#faq-197601\">\n\t\t\t\t\t\t\t\t\t\t\t<span class=\"hover-text\">Collegamento a Copia<\/span>\n\t\t\t\t\t\t\t\t\t\t\t<span class=\"success-text\">Copiato!<\/span>\n\t\t\t\t\t\t\t\t\t\t<\/a>\n\t\t\t\t\t\t\t\t\t<\/div>\n\t\t\t\t\t\t\t\t\t\t\t\t\t\t\t<\/div>\n\t\t\t\t\t\t<\/div>\n\n\t\t\t\t\t\n\t\t\t\t\t\t\t\t\t\t\t\t<div id=\"faq-197599\" class=\"yith-faqs-item icon-right\">\n\t\t\t\t\t\t\t<div class=\"yith-faqs-title\">\n\t\t\t\t\t\t\t\t\t\t\t\t\t\t\t\t\t<div class=\"icon yfwp-plus\"><\/div>\n\t\t\t\t\t\t\t\t\t\t\t\t\t\t\t\t<b>Come \u00e8 nata Hobby4Geek?<\/b>\n\t\t\t\t\t\t\t<\/div>\n\t\t\t\t\t\t\t<div class=\"yith-faqs-content-wrapper\">\n\t\t\t\t\t\t\t\t<div class=\"yith-faqs-content\">\n\t\t\t\t\t\t\t\t\t<blockquote><p>HOBBY4GEEK \u00e8 stato fondato l'8 febbraio 2023. \u00c8 nato dalla pura passione per Transformers e per tutto ci\u00f2 che \u00e8 geek! Immaginate un luogo in cui i fan dei robot mutaforma pi\u00f9 belli dell'universo possano riunirsi e trovare tutte le action figure dei loro sogni. Ebbene, questo \u00e8 esattamente ci\u00f2 che abbiamo creato! Il nostro negozio online \u00e8 il rifugio definitivo per gli appassionati di Transformers, dove \u00e8 possibile esplorare un universo infinito di giocattoli, edizioni speciali e oggetti da collezione.<\/p><\/blockquote>\n<blockquote><p>Abbiamo avuto questa brillante idea dopo esserci resi conto che non esisteva un negozio online interamente dedicato a questi supereroi metallici. Cos\u00ec, abbiamo deciso di prendere in mano la situazione e di costruire il Tempio Transformers sul web! La nostra missione? Fornire la pi\u00f9 ampia selezione di action figure Transformers, dai classici alle ultime uscite, fino ai modelli pi\u00f9 rari che non troverete da nessun'altra parte.<\/p><\/blockquote>\n<blockquote><p>Noi di HOBBY4GEEK non scherziamo quando si tratta di Transformers. Siamo qui per offrirti un'esperienza di acquisto epica come la battaglia tra Autobot e Decepticon! Preparatevi quindi a intraprendere un viaggio in cui ogni clic vi avvicina alla vostra prossima action figure preferita. Unitevi a noi e tuffatevi nell'azione con HOBBY4GEEK, dove la passione per i giocattoli diventa un'avventura in s\u00e9!<\/p><\/blockquote>\n\t\t\t\t\t\t\t\t<\/div>\n\t\t\t\t\t\t\t\t\t\t\t\t\t\t\t\t\t<div class=\"yith-faqs-link\">\n\t\t\t\t\t\t\t\t\t\t<a class=\"yith-faqs-copy\" href=\"#\" data-faq=\"https:\/\/hobby4geek.com\/it\/faq\/#faq-197599\">\n\t\t\t\t\t\t\t\t\t\t\t<span class=\"hover-text\">Collegamento a Copia<\/span>\n\t\t\t\t\t\t\t\t\t\t\t<span class=\"success-text\">Copiato!<\/span>\n\t\t\t\t\t\t\t\t\t\t<\/a>\n\t\t\t\t\t\t\t\t\t<\/div>\n\t\t\t\t\t\t\t\t\t\t\t\t\t\t\t<\/div>\n\t\t\t\t\t\t<\/div>\n\n\t\t\t\t\t\n\t\t\t\t\t\t\t\t\t\t\t\t<div id=\"faq-197596\" class=\"yith-faqs-item icon-right\">\n\t\t\t\t\t\t\t<div class=\"yith-faqs-title\">\n\t\t\t\t\t\t\t\t\t\t\t\t\t\t\t\t\t<div class=\"icon yfwp-plus\"><\/div>\n\t\t\t\t\t\t\t\t\t\t\t\t\t\t\t\t<b>Quali metodi di pagamento sono accettati su Hobby4geek.com?<\/b>\n\t\t\t\t\t\t\t<\/div>\n\t\t\t\t\t\t\t<div class=\"yith-faqs-content-wrapper\">\n\t\t\t\t\t\t\t\t<div class=\"yith-faqs-content\">\n\t\t\t\t\t\t\t\t\t<p>Il Cliente seleziona la modalit\u00e0 di pagamento al termine dell'ordine e ha la possibilit\u00e0 di pagare tramite:<\/p>\n<ul>\n<li>Pagamento successivo \/ 3 volte (da parte di Klarna)<\/li>\n<li>Carta di credito \/ carta di debito (tramite Stripe)<\/li>\n<li>Conto Paypal \/ Carte di credito (tramite PayPal)<\/li>\n<li>4 volte il pagamento (tramite PayPal)<\/li>\n<li>Pagamento bancario istantaneo (da parte di Fintecture)<\/li>\n<li>Bonifico bancario (tramite Wise)<\/li>\n<li>ApplePay<\/li>\n<li>GooglePay<\/li>\n<li>Bancontact<\/li>\n<li>EPS<\/li>\n<li>Giropay<\/li>\n<li>iDEAL<\/li>\n<li>Sofort<\/li>\n<li>Przelewy24 (P24)<\/li>\n<\/ul>\n\t\t\t\t\t\t\t\t<\/div>\n\t\t\t\t\t\t\t\t\t\t\t\t\t\t\t\t\t<div class=\"yith-faqs-link\">\n\t\t\t\t\t\t\t\t\t\t<a class=\"yith-faqs-copy\" href=\"#\" data-faq=\"https:\/\/hobby4geek.com\/it\/faq\/#faq-197596\">\n\t\t\t\t\t\t\t\t\t\t\t<span class=\"hover-text\">Collegamento a Copia<\/span>\n\t\t\t\t\t\t\t\t\t\t\t<span class=\"success-text\">Copiato!<\/span>\n\t\t\t\t\t\t\t\t\t\t<\/a>\n\t\t\t\t\t\t\t\t\t<\/div>\n\t\t\t\t\t\t\t\t\t\t\t\t\t\t\t<\/div>\n\t\t\t\t\t\t<\/div>\n\n\t\t\t\t\t\n\t\t\t\t\t\t\t\t\t\t\t\t<div id=\"faq-197592\" class=\"yith-faqs-item icon-right\">\n\t\t\t\t\t\t\t<div class=\"yith-faqs-title\">\n\t\t\t\t\t\t\t\t\t\t\t\t\t\t\t\t\t<div class=\"icon yfwp-plus\"><\/div>\n\t\t\t\t\t\t\t\t\t\t\t\t\t\t\t\t<b>Qual \u00e8 il significato del nome Hobby4Geek?<\/b>\n\t\t\t\t\t\t\t<\/div>\n\t\t\t\t\t\t\t<div class=\"yith-faqs-content-wrapper\">\n\t\t\t\t\t\t\t\t<div class=\"yith-faqs-content\">\n\t\t\t\t\t\t\t\t\t<p>Il nome \"Hobby4Geek\" combina \"Hobby\", che si riferisce a un'attivit\u00e0 svolta regolarmente per piacere, e \"Geek\", che denota una persona con una profonda passione e conoscenza in aree specifiche come la tecnologia, la fantascienza e i giochi. In particolare, Hobby4Geek.com si concentra su giocattoli e figure da collezione, con particolare attenzione all'Transformers.<\/p>\n\t\t\t\t\t\t\t\t<\/div>\n\t\t\t\t\t\t\t\t\t\t\t\t\t\t\t\t\t<div class=\"yith-faqs-link\">\n\t\t\t\t\t\t\t\t\t\t<a class=\"yith-faqs-copy\" href=\"#\" data-faq=\"https:\/\/hobby4geek.com\/it\/faq\/#faq-197592\">\n\t\t\t\t\t\t\t\t\t\t\t<span class=\"hover-text\">Collegamento a Copia<\/span>\n\t\t\t\t\t\t\t\t\t\t\t<span class=\"success-text\">Copiato!<\/span>\n\t\t\t\t\t\t\t\t\t\t<\/a>\n\t\t\t\t\t\t\t\t\t<\/div>\n\t\t\t\t\t\t\t\t\t\t\t\t\t\t\t<\/div>\n\t\t\t\t\t\t<\/div>\n\n\t\t\t\t\t\n\t\t\t\t\t\t\t\t\t\t\t\t<div id=\"faq-186180\" class=\"yith-faqs-item icon-right\">\n\t\t\t\t\t\t\t<div class=\"yith-faqs-title\">\n\t\t\t\t\t\t\t\t\t\t\t\t\t\t\t\t\t<div class=\"icon yfwp-plus\"><\/div>\n\t\t\t\t\t\t\t\t\t\t\t\t\t\t\t\t<b>Origine del pacco e spese di spedizione?<\/b>\n\t\t\t\t\t\t\t<\/div>\n\t\t\t\t\t\t\t<div class=\"yith-faqs-content-wrapper\">\n\t\t\t\t\t\t\t\t<div class=\"yith-faqs-content\">\n\t\t\t\t\t\t\t\t\t<ul>\n<li>I nostri pacchi vengono spediti dalla Francia o dalla Cina, a seconda della vostra posizione e del prodotto scelto. Sulla pagina di ogni prodotto, \u00e8 possibile verificare la disponibilit\u00e0 di spedizione dalla Francia o dalla Cina.<\/li>\n<\/ul>\n<p>&nbsp;<\/p>\n<ul>\n<li>Le spedizioni dalla Cina offrono generalmente la spedizione gratuita in quasi tutto il mondo.<\/li>\n<\/ul>\n<p>&nbsp;<\/p>\n<ul>\n<li>Per i prodotti spediti dalla Francia, potrebbero essere applicate spese di spedizione in base alla destinazione. Tuttavia, la consegna \u00e8 gratuita in Europa per ordini superiori a 70 euro e a livello internazionale per ordini superiori a 150 euro.<\/li>\n<\/ul>\n\t\t\t\t\t\t\t\t<\/div>\n\t\t\t\t\t\t\t\t\t\t\t\t\t\t\t\t\t<div class=\"yith-faqs-link\">\n\t\t\t\t\t\t\t\t\t\t<a class=\"yith-faqs-copy\" href=\"#\" data-faq=\"https:\/\/hobby4geek.com\/it\/faq\/#faq-186180\">\n\t\t\t\t\t\t\t\t\t\t\t<span class=\"hover-text\">Collegamento a Copia<\/span>\n\t\t\t\t\t\t\t\t\t\t\t<span class=\"success-text\">Copiato!<\/span>\n\t\t\t\t\t\t\t\t\t\t<\/a>\n\t\t\t\t\t\t\t\t\t<\/div>\n\t\t\t\t\t\t\t\t\t\t\t\t\t\t\t<\/div>\n\t\t\t\t\t\t<\/div>\n\n\t\t\t\t\t\n\t\t\t\t<\/div>\n\t\t\t\t\t\t\t<\/div>","protected":false},"excerpt":{"rendered":"","protected":false},"author":1,"featured_media":0,"parent":0,"menu_order":0,"comment_status":"closed","ping_status":"closed","template":"","meta":{"inline_featured_image":false,"footnotes":""},"class_list":["post-186181","page","type-page","status-publish","hentry"],"yoast_head":"<!-- This site is optimized with the Yoast SEO Premium plugin v25.3.1 (Yoast SEO v27.2) - https:\/\/yoast.com\/product\/yoast-seo-premium-wordpress\/ -->\n<title>Frequently asked questions<\/title>\n<meta name=\"robots\" content=\"index, follow, max-snippet:-1, max-image-preview:large, max-video-preview:-1\" \/>\n<link rel=\"canonical\" href=\"https:\/\/hobby4geek.com\/it\/faq\/\" \/>\n<meta property=\"og:locale\" content=\"it_IT\" \/>\n<meta property=\"og:type\" content=\"article\" \/>\n<meta property=\"og:title\" content=\"Frequently asked questions\" \/>\n<meta property=\"og:url\" content=\"https:\/\/hobby4geek.com\/it\/faq\/\" \/>\n<meta property=\"og:site_name\" content=\"Hobby4Geek\" \/>\n<meta property=\"article:publisher\" content=\"https:\/\/www.facebook.com\/hobby4geek\" \/>\n<meta property=\"article:modified_time\" content=\"2024-06-01T11:26:36+00:00\" \/>\n<meta name=\"twitter:card\" content=\"summary_large_image\" \/>\n<meta name=\"twitter:site\" content=\"@hobby4geek\" \/>\n<script type=\"application\/ld+json\" class=\"yoast-schema-graph\">{\"@context\":\"https:\/\/schema.org\",\"@graph\":[{\"@type\":\"WebPage\",\"@id\":\"https:\/\/hobby4geek.com\/faq\/\",\"url\":\"https:\/\/hobby4geek.com\/faq\/\",\"name\":\"Frequently asked questions\",\"isPartOf\":{\"@id\":\"https:\/\/hobby4geek.com\/#website\"},\"datePublished\":\"2023-04-07T00:15:52+00:00\",\"dateModified\":\"2024-06-01T11:26:36+00:00\",\"breadcrumb\":{\"@id\":\"https:\/\/hobby4geek.com\/faq\/#breadcrumb\"},\"inLanguage\":\"it-IT\",\"potentialAction\":[{\"@type\":\"ReadAction\",\"target\":[\"https:\/\/hobby4geek.com\/faq\/\"]}]},{\"@type\":\"BreadcrumbList\",\"@id\":\"https:\/\/hobby4geek.com\/faq\/#breadcrumb\",\"itemListElement\":[{\"@type\":\"ListItem\",\"position\":1,\"name\":\"Home\",\"item\":\"https:\/\/hobby4geek.com\/\"},{\"@type\":\"ListItem\",\"position\":2,\"name\":\"Frequently asked questions\"}]},{\"@type\":\"WebSite\",\"@id\":\"https:\/\/hobby4geek.com\/#website\",\"url\":\"https:\/\/hobby4geek.com\/\",\"name\":\"Hobby4Geek\",\"description\":\"Collect, Play &amp; Showcase, Embrace your Geekiness\",\"publisher\":{\"@id\":\"https:\/\/hobby4geek.com\/#organization\"},\"potentialAction\":[{\"@type\":\"SearchAction\",\"target\":{\"@type\":\"EntryPoint\",\"urlTemplate\":\"https:\/\/hobby4geek.com\/?s={search_term_string}\"},\"query-input\":{\"@type\":\"PropertyValueSpecification\",\"valueRequired\":true,\"valueName\":\"search_term_string\"}}],\"inLanguage\":\"it-IT\"},{\"@type\":\"Organization\",\"@id\":\"https:\/\/hobby4geek.com\/#organization\",\"name\":\"Hobby4Geek\",\"url\":\"https:\/\/hobby4geek.com\/\",\"logo\":{\"@type\":\"ImageObject\",\"inLanguage\":\"it-IT\",\"@id\":\"https:\/\/hobby4geek.com\/#\/schema\/logo\/image\/\",\"url\":\"https:\/\/hobby4geek.com\/wp-content\/uploads\/2023\/02\/default-kit.png\",\"contentUrl\":\"https:\/\/hobby4geek.com\/wp-content\/uploads\/2023\/02\/default-kit.png\",\"width\":600,\"height\":600,\"caption\":\"Hobby4Geek\"},\"image\":{\"@id\":\"https:\/\/hobby4geek.com\/#\/schema\/logo\/image\/\"},\"sameAs\":[\"https:\/\/www.facebook.com\/hobby4geek\",\"https:\/\/x.com\/hobby4geek\",\"https:\/\/www.instagram.com\/hobby4geek\/\"]}]}<\/script>\n<!-- \/ Yoast SEO Premium plugin. -->","yoast_head_json":{"title":"Domande frequenti","robots":{"index":"index","follow":"follow","max-snippet":"max-snippet:-1","max-image-preview":"max-image-preview:large","max-video-preview":"max-video-preview:-1"},"canonical":"https:\/\/hobby4geek.com\/it\/faq\/","og_locale":"it_IT","og_type":"article","og_title":"Frequently asked questions","og_url":"https:\/\/hobby4geek.com\/it\/faq\/","og_site_name":"Hobby4Geek","article_publisher":"https:\/\/www.facebook.com\/hobby4geek","article_modified_time":"2024-06-01T11:26:36+00:00","twitter_card":"summary_large_image","twitter_site":"@hobby4geek","schema":{"@context":"https:\/\/schema.org","@graph":[{"@type":"WebPage","@id":"https:\/\/hobby4geek.com\/faq\/","url":"https:\/\/hobby4geek.com\/faq\/","name":"Domande frequenti","isPartOf":{"@id":"https:\/\/hobby4geek.com\/#website"},"datePublished":"2023-04-07T00:15:52+00:00","dateModified":"2024-06-01T11:26:36+00:00","breadcrumb":{"@id":"https:\/\/hobby4geek.com\/faq\/#breadcrumb"},"inLanguage":"it-IT","potentialAction":[{"@type":"ReadAction","target":["https:\/\/hobby4geek.com\/faq\/"]}]},{"@type":"BreadcrumbList","@id":"https:\/\/hobby4geek.com\/faq\/#breadcrumb","itemListElement":[{"@type":"ListItem","position":1,"name":"Home","item":"https:\/\/hobby4geek.com\/"},{"@type":"ListItem","position":2,"name":"Frequently asked questions"}]},{"@type":"WebSite","@id":"https:\/\/hobby4geek.com\/#website","url":"https:\/\/hobby4geek.com\/","name":"Hobby4Geek","description":"Colleziona, gioca e metti in mostra, abbraccia la tua geekness","publisher":{"@id":"https:\/\/hobby4geek.com\/#organization"},"potentialAction":[{"@type":"SearchAction","target":{"@type":"EntryPoint","urlTemplate":"https:\/\/hobby4geek.com\/?s={search_term_string}"},"query-input":{"@type":"PropertyValueSpecification","valueRequired":true,"valueName":"search_term_string"}}],"inLanguage":"it-IT"},{"@type":"Organization","@id":"https:\/\/hobby4geek.com\/#organization","name":"Hobby4Geek","url":"https:\/\/hobby4geek.com\/","logo":{"@type":"ImageObject","inLanguage":"it-IT","@id":"https:\/\/hobby4geek.com\/#\/schema\/logo\/image\/","url":"https:\/\/hobby4geek.com\/wp-content\/uploads\/2023\/02\/default-kit.png","contentUrl":"https:\/\/hobby4geek.com\/wp-content\/uploads\/2023\/02\/default-kit.png","width":600,"height":600,"caption":"Hobby4Geek"},"image":{"@id":"https:\/\/hobby4geek.com\/#\/schema\/logo\/image\/"},"sameAs":["https:\/\/www.facebook.com\/hobby4geek","https:\/\/x.com\/hobby4geek","https:\/\/www.instagram.com\/hobby4geek\/"]}]}},"_links":{"self":[{"href":"https:\/\/hobby4geek.com\/it\/wp-json\/wp\/v2\/pages\/186181","targetHints":{"allow":["GET"]}}],"collection":[{"href":"https:\/\/hobby4geek.com\/it\/wp-json\/wp\/v2\/pages"}],"about":[{"href":"https:\/\/hobby4geek.com\/it\/wp-json\/wp\/v2\/types\/page"}],"author":[{"embeddable":true,"href":"https:\/\/hobby4geek.com\/it\/wp-json\/wp\/v2\/users\/1"}],"replies":[{"embeddable":true,"href":"https:\/\/hobby4geek.com\/it\/wp-json\/wp\/v2\/comments?post=186181"}],"version-history":[{"count":0,"href":"https:\/\/hobby4geek.com\/it\/wp-json\/wp\/v2\/pages\/186181\/revisions"}],"wp:attachment":[{"href":"https:\/\/hobby4geek.com\/it\/wp-json\/wp\/v2\/media?parent=186181"}],"curies":[{"name":"wp","href":"https:\/\/api.w.org\/{rel}","templated":true}]}}