{"id":85100,"date":"2019-08-12T22:15:01","date_gmt":"2019-08-12T21:15:01","guid":{"rendered":"https:\/\/hobby4geek.com\/?post_type=product&#038;p=85100"},"modified":"2024-05-12T12:56:02","modified_gmt":"2024-05-12T11:56:02","slug":"transformers-studio-series-41-deluxe-constructicon-scrapmetal","status":"publish","type":"product","link":"https:\/\/hobby4geek.com\/fr\/produit\/transformers-studio-series-41-deluxe-constructicon-scrapmetal\/","title":{"rendered":"Transformers Studio Series - 41 Constructicon Deluxe Scrapmetal"},"content":{"rendered":"<p>De taille proportionnelle aux personnages de l'univers Transformers, les figurines Studio Series et leurs d\u00e9cors s'inspirent des personnages et des sc\u00e8nes embl\u00e9matiques du film. De plus, ces figurines sont id\u00e9ales pour constituer une superbe collection Transformers.<\/p>\n<p>Dans la sc\u00e8ne de la bataille du d\u00e9sert des pyramides de Transformers : Revenge of the Fallen, le Constructicon Scrapmetal s'associe \u00e0 7 de ses cong\u00e9n\u00e8res pour former le brutal Combiner Devastator.<\/p>\n<p>Cette figurine Scrapmetal de Studio Series 41 Deluxe Class : Revenge of the Fallen, le Constructicon se convertit du mode robot au mode v\u00e9hicule en 24 \u00e9tapes. Retire la toile de fond pour pr\u00e9senter le Constructicon Scrapmetal dans la sc\u00e8ne de la bataille du d\u00e9sert de la pyramide. La figurine pr\u00e9sente une d\u00e9coration vivante inspir\u00e9e du cin\u00e9ma et des accessoires d\u00e9taill\u00e9s.<\/p>\n<ul>\n<li>4,50 pouces (11,43 cm)<\/li>\n<li>Taille de luxe<\/li>\n<li>En plastique<\/li>\n<li>Bas\u00e9 sur le film Revenge of the Fallen<\/li>\n<li>Passage du mode robot au mode v\u00e9hicule en 24 \u00e9tapes<\/li>\n<li>Fond amovible inspir\u00e9 d'une sc\u00e8ne embl\u00e9matique du film Transformers<\/li>\n<\/ul>","protected":false},"excerpt":{"rendered":"<ul>\n<li>4,50 pouces (11,43 cm)<\/li>\n<li>Taille de luxe<\/li>\n<li>En plastique<\/li>\n<li>Bas\u00e9 sur le film Revenge of the Fallen<\/li>\n<li>Passage du mode robot au mode v\u00e9hicule en 24 \u00e9tapes<\/li>\n<li>Fond amovible inspir\u00e9 d'une sc\u00e8ne embl\u00e9matique du film Transformers<\/li>\n<\/ul>","protected":false},"featured_media":179457,"comment_status":"open","ping_status":"closed","template":"","meta":{"inline_featured_image":false},"product_brand":[],"product_cat":[1955,68,69,1960],"product_tag":[697,200,1759,674,221,239,668,406,698,699,240,203,1975,204],"giftcard-category":[],"class_list":{"0":"post-85100","1":"product","2":"type-product","3":"status-publish","4":"has-post-thumbnail","6":"product_cat-transformers","7":"product_cat-hasbro","8":"product_cat-takara-tomy","9":"product_cat-transformers-generations","10":"product_tag-697","11":"product_tag-action-figures","12":"product_tag-action-toys","13":"product_tag-constructicon","14":"product_tag-decepticon","15":"product_tag-deluxe","16":"product_tag-revenge-of-the-fallen","17":"product_tag-rotf","18":"product_tag-scrapmetal","19":"product_tag-ss41","20":"product_tag-studio-series","21":"product_tag-takara-tomy","22":"product_tag-toys-figures","23":"product_tag-transformers","24":"product_shipping_class-from-china","25":"inventories-china-inventory","27":"first","28":"instock","29":"sold-individually","30":"taxable","31":"shipping-taxable","32":"purchasable","33":"product-type-simple","34":"add-to-wishlist-after_add_to_cart"},"yoast_head":"<!-- This site is optimized with the Yoast SEO Premium plugin v25.3.1 (Yoast SEO v27.2) - https:\/\/yoast.com\/product\/yoast-seo-premium-wordpress\/ -->\n<title>Transformers Studio Series - 41 Deluxe Constructicon Scrapmetal<\/title>\n<meta name=\"robots\" content=\"index, follow, max-snippet:-1, max-image-preview:large, max-video-preview:-1\" \/>\n<link rel=\"canonical\" href=\"https:\/\/hobby4geek.com\/fr\/produit\/transformers-studio-series-41-deluxe-constructicon-scrapmetal\/\" \/>\n<meta property=\"og:locale\" content=\"fr_FR\" \/>\n<meta property=\"og:type\" content=\"article\" \/>\n<meta property=\"og:title\" content=\"Transformers Studio Series - 41 Deluxe Constructicon Scrapmetal\" \/>\n<meta property=\"og:description\" content=\"4.50 inches (11.43cm)  Deluxe Size  In plastic  Based on the movie Revenge of the Fallen  Convert from robot mode to vehicle mode in 24 steps  Removable bottom inspired by an iconic scene from the Transformers movie\" \/>\n<meta property=\"og:url\" content=\"https:\/\/hobby4geek.com\/fr\/produit\/transformers-studio-series-41-deluxe-constructicon-scrapmetal\/\" \/>\n<meta property=\"og:site_name\" content=\"Hobby4Geek\" \/>\n<meta property=\"article:publisher\" content=\"https:\/\/www.facebook.com\/hobby4geek\" \/>\n<meta property=\"article:modified_time\" content=\"2024-05-12T11:56:02+00:00\" \/>\n<meta property=\"og:image\" content=\"https:\/\/hobby4geek.com\/wp-content\/uploads\/2023\/02\/transformers-studio-series-41-deluxe-constructicon-scrapmetal.jpg\" \/>\n\t<meta property=\"og:image:width\" content=\"720\" \/>\n\t<meta property=\"og:image:height\" content=\"540\" \/>\n\t<meta property=\"og:image:type\" content=\"image\/jpeg\" \/>\n<meta name=\"twitter:card\" content=\"summary_large_image\" \/>\n<meta name=\"twitter:site\" content=\"@hobby4geek\" \/>\n<script type=\"application\/ld+json\" class=\"yoast-schema-graph\">{\"@context\":\"https:\/\/schema.org\",\"@graph\":[{\"@type\":\"WebPage\",\"@id\":\"https:\/\/hobby4geek.com\/product\/transformers-studio-series-41-deluxe-constructicon-scrapmetal\/\",\"url\":\"https:\/\/hobby4geek.com\/product\/transformers-studio-series-41-deluxe-constructicon-scrapmetal\/\",\"name\":\"Transformers Studio Series - 41 Deluxe Constructicon Scrapmetal\",\"isPartOf\":{\"@id\":\"https:\/\/hobby4geek.com\/#website\"},\"primaryImageOfPage\":{\"@id\":\"https:\/\/hobby4geek.com\/product\/transformers-studio-series-41-deluxe-constructicon-scrapmetal\/#primaryimage\"},\"image\":{\"@id\":\"https:\/\/hobby4geek.com\/product\/transformers-studio-series-41-deluxe-constructicon-scrapmetal\/#primaryimage\"},\"thumbnailUrl\":\"https:\/\/hobby4geek.com\/wp-content\/uploads\/2023\/02\/transformers-studio-series-41-deluxe-constructicon-scrapmetal.jpg\",\"datePublished\":\"2019-08-12T21:15:01+00:00\",\"dateModified\":\"2024-05-12T11:56:02+00:00\",\"breadcrumb\":{\"@id\":\"https:\/\/hobby4geek.com\/product\/transformers-studio-series-41-deluxe-constructicon-scrapmetal\/#breadcrumb\"},\"inLanguage\":\"fr-FR\",\"potentialAction\":[{\"@type\":\"ReadAction\",\"target\":[\"https:\/\/hobby4geek.com\/product\/transformers-studio-series-41-deluxe-constructicon-scrapmetal\/\"]}]},{\"@type\":\"ImageObject\",\"inLanguage\":\"fr-FR\",\"@id\":\"https:\/\/hobby4geek.com\/product\/transformers-studio-series-41-deluxe-constructicon-scrapmetal\/#primaryimage\",\"url\":\"https:\/\/hobby4geek.com\/wp-content\/uploads\/2023\/02\/transformers-studio-series-41-deluxe-constructicon-scrapmetal.jpg\",\"contentUrl\":\"https:\/\/hobby4geek.com\/wp-content\/uploads\/2023\/02\/transformers-studio-series-41-deluxe-constructicon-scrapmetal.jpg\",\"width\":720,\"height\":540},{\"@type\":\"BreadcrumbList\",\"@id\":\"https:\/\/hobby4geek.com\/product\/transformers-studio-series-41-deluxe-constructicon-scrapmetal\/#breadcrumb\",\"itemListElement\":[{\"@type\":\"ListItem\",\"position\":1,\"name\":\"Home\",\"item\":\"https:\/\/hobby4geek.com\/\"},{\"@type\":\"ListItem\",\"position\":2,\"name\":\"Shop\",\"item\":\"https:\/\/hobby4geek.com\/shop\/\"},{\"@type\":\"ListItem\",\"position\":3,\"name\":\"Transformers Studio Series &#8211; 41 Deluxe Constructicon Scrapmetal\"}]},{\"@type\":\"WebSite\",\"@id\":\"https:\/\/hobby4geek.com\/#website\",\"url\":\"https:\/\/hobby4geek.com\/\",\"name\":\"Hobby4Geek\",\"description\":\"Collect, Play &amp; Showcase, Embrace your Geekiness\",\"publisher\":{\"@id\":\"https:\/\/hobby4geek.com\/#organization\"},\"potentialAction\":[{\"@type\":\"SearchAction\",\"target\":{\"@type\":\"EntryPoint\",\"urlTemplate\":\"https:\/\/hobby4geek.com\/?s={search_term_string}\"},\"query-input\":{\"@type\":\"PropertyValueSpecification\",\"valueRequired\":true,\"valueName\":\"search_term_string\"}}],\"inLanguage\":\"fr-FR\"},{\"@type\":\"Organization\",\"@id\":\"https:\/\/hobby4geek.com\/#organization\",\"name\":\"Hobby4Geek\",\"url\":\"https:\/\/hobby4geek.com\/\",\"logo\":{\"@type\":\"ImageObject\",\"inLanguage\":\"fr-FR\",\"@id\":\"https:\/\/hobby4geek.com\/#\/schema\/logo\/image\/\",\"url\":\"https:\/\/hobby4geek.com\/wp-content\/uploads\/2023\/02\/default-kit.png\",\"contentUrl\":\"https:\/\/hobby4geek.com\/wp-content\/uploads\/2023\/02\/default-kit.png\",\"width\":600,\"height\":600,\"caption\":\"Hobby4Geek\"},\"image\":{\"@id\":\"https:\/\/hobby4geek.com\/#\/schema\/logo\/image\/\"},\"sameAs\":[\"https:\/\/www.facebook.com\/hobby4geek\",\"https:\/\/x.com\/hobby4geek\",\"https:\/\/www.instagram.com\/hobby4geek\/\"]}]}<\/script>\n<meta property=\"product:brand\" content=\"Transformers\" \/>\n<meta property=\"product:price:amount\" content=\"196.00\" \/>\n<meta property=\"product:price:currency\" content=\"EUR\" \/>\n<meta property=\"og:availability\" content=\"instock\" \/>\n<meta property=\"product:availability\" content=\"instock\" \/>\n<meta property=\"product:condition\" content=\"new\" \/>\n<!-- \/ Yoast SEO Premium plugin. -->","yoast_head_json":{"title":"Transformers Studio Series - 41 Deluxe Constructicon Scrapmetal","robots":{"index":"index","follow":"follow","max-snippet":"max-snippet:-1","max-image-preview":"max-image-preview:large","max-video-preview":"max-video-preview:-1"},"canonical":"https:\/\/hobby4geek.com\/fr\/produit\/transformers-studio-series-41-deluxe-constructicon-scrapmetal\/","og_locale":"fr_FR","og_type":"article","og_title":"Transformers Studio Series - 41 Deluxe Constructicon Scrapmetal","og_description":"4.50 inches (11.43cm)  Deluxe Size  In plastic  Based on the movie Revenge of the Fallen  Convert from robot mode to vehicle mode in 24 steps  Removable bottom inspired by an iconic scene from the Transformers movie","og_url":"https:\/\/hobby4geek.com\/fr\/produit\/transformers-studio-series-41-deluxe-constructicon-scrapmetal\/","og_site_name":"Hobby4Geek","article_publisher":"https:\/\/www.facebook.com\/hobby4geek","article_modified_time":"2024-05-12T11:56:02+00:00","og_image":[{"width":720,"height":540,"url":"https:\/\/hobby4geek.com\/wp-content\/uploads\/2023\/02\/transformers-studio-series-41-deluxe-constructicon-scrapmetal.jpg","type":"image\/jpeg"}],"twitter_card":"summary_large_image","twitter_site":"@hobby4geek","schema":{"@context":"https:\/\/schema.org","@graph":[{"@type":"WebPage","@id":"https:\/\/hobby4geek.com\/product\/transformers-studio-series-41-deluxe-constructicon-scrapmetal\/","url":"https:\/\/hobby4geek.com\/product\/transformers-studio-series-41-deluxe-constructicon-scrapmetal\/","name":"Transformers Studio Series - 41 Deluxe Constructicon Scrapmetal","isPartOf":{"@id":"https:\/\/hobby4geek.com\/#website"},"primaryImageOfPage":{"@id":"https:\/\/hobby4geek.com\/product\/transformers-studio-series-41-deluxe-constructicon-scrapmetal\/#primaryimage"},"image":{"@id":"https:\/\/hobby4geek.com\/product\/transformers-studio-series-41-deluxe-constructicon-scrapmetal\/#primaryimage"},"thumbnailUrl":"https:\/\/hobby4geek.com\/wp-content\/uploads\/2023\/02\/transformers-studio-series-41-deluxe-constructicon-scrapmetal.jpg","datePublished":"2019-08-12T21:15:01+00:00","dateModified":"2024-05-12T11:56:02+00:00","breadcrumb":{"@id":"https:\/\/hobby4geek.com\/product\/transformers-studio-series-41-deluxe-constructicon-scrapmetal\/#breadcrumb"},"inLanguage":"fr-FR","potentialAction":[{"@type":"ReadAction","target":["https:\/\/hobby4geek.com\/product\/transformers-studio-series-41-deluxe-constructicon-scrapmetal\/"]}]},{"@type":"ImageObject","inLanguage":"fr-FR","@id":"https:\/\/hobby4geek.com\/product\/transformers-studio-series-41-deluxe-constructicon-scrapmetal\/#primaryimage","url":"https:\/\/hobby4geek.com\/wp-content\/uploads\/2023\/02\/transformers-studio-series-41-deluxe-constructicon-scrapmetal.jpg","contentUrl":"https:\/\/hobby4geek.com\/wp-content\/uploads\/2023\/02\/transformers-studio-series-41-deluxe-constructicon-scrapmetal.jpg","width":720,"height":540},{"@type":"BreadcrumbList","@id":"https:\/\/hobby4geek.com\/product\/transformers-studio-series-41-deluxe-constructicon-scrapmetal\/#breadcrumb","itemListElement":[{"@type":"ListItem","position":1,"name":"Home","item":"https:\/\/hobby4geek.com\/"},{"@type":"ListItem","position":2,"name":"Shop","item":"https:\/\/hobby4geek.com\/shop\/"},{"@type":"ListItem","position":3,"name":"Transformers Studio Series &#8211; 41 Deluxe Constructicon Scrapmetal"}]},{"@type":"WebSite","@id":"https:\/\/hobby4geek.com\/#website","url":"https:\/\/hobby4geek.com\/","name":"Hobby4Geek","description":"Collectionnez, jouez et exposez, embrassez votre geekitude","publisher":{"@id":"https:\/\/hobby4geek.com\/#organization"},"potentialAction":[{"@type":"SearchAction","target":{"@type":"EntryPoint","urlTemplate":"https:\/\/hobby4geek.com\/?s={search_term_string}"},"query-input":{"@type":"PropertyValueSpecification","valueRequired":true,"valueName":"search_term_string"}}],"inLanguage":"fr-FR"},{"@type":"Organization","@id":"https:\/\/hobby4geek.com\/#organization","name":"Hobby4Geek","url":"https:\/\/hobby4geek.com\/","logo":{"@type":"ImageObject","inLanguage":"fr-FR","@id":"https:\/\/hobby4geek.com\/#\/schema\/logo\/image\/","url":"https:\/\/hobby4geek.com\/wp-content\/uploads\/2023\/02\/default-kit.png","contentUrl":"https:\/\/hobby4geek.com\/wp-content\/uploads\/2023\/02\/default-kit.png","width":600,"height":600,"caption":"Hobby4Geek"},"image":{"@id":"https:\/\/hobby4geek.com\/#\/schema\/logo\/image\/"},"sameAs":["https:\/\/www.facebook.com\/hobby4geek","https:\/\/x.com\/hobby4geek","https:\/\/www.instagram.com\/hobby4geek\/"]}]},"product_brand":"Transformers","product_price_amount":"196.00","product_price_currency":"EUR","og_availability":"instock","product_availability":"instock","product_condition":"new"},"_links":{"self":[{"href":"https:\/\/hobby4geek.com\/fr\/wp-json\/wp\/v2\/product\/85100","targetHints":{"allow":["GET"]}}],"collection":[{"href":"https:\/\/hobby4geek.com\/fr\/wp-json\/wp\/v2\/product"}],"about":[{"href":"https:\/\/hobby4geek.com\/fr\/wp-json\/wp\/v2\/types\/product"}],"replies":[{"embeddable":true,"href":"https:\/\/hobby4geek.com\/fr\/wp-json\/wp\/v2\/comments?post=85100"}],"version-history":[{"count":0,"href":"https:\/\/hobby4geek.com\/fr\/wp-json\/wp\/v2\/product\/85100\/revisions"}],"wp:featuredmedia":[{"embeddable":true,"href":"https:\/\/hobby4geek.com\/fr\/wp-json\/wp\/v2\/media\/179457"}],"wp:attachment":[{"href":"https:\/\/hobby4geek.com\/fr\/wp-json\/wp\/v2\/media?parent=85100"}],"wp:term":[{"taxonomy":"product_brand","embeddable":true,"href":"https:\/\/hobby4geek.com\/fr\/wp-json\/wp\/v2\/product_brand?post=85100"},{"taxonomy":"product_cat","embeddable":true,"href":"https:\/\/hobby4geek.com\/fr\/wp-json\/wp\/v2\/product_cat?post=85100"},{"taxonomy":"product_tag","embeddable":true,"href":"https:\/\/hobby4geek.com\/fr\/wp-json\/wp\/v2\/product_tag?post=85100"},{"taxonomy":"giftcard-category","embeddable":true,"href":"https:\/\/hobby4geek.com\/fr\/wp-json\/wp\/v2\/giftcard-category?post=85100"}],"curies":[{"name":"wp","href":"https:\/\/api.w.org\/{rel}","templated":true}]}}