{"id":85044,"date":"2019-10-10T03:44:15","date_gmt":"2019-10-10T02:44:15","guid":{"rendered":"https:\/\/hobby4geek.com\/?post_type=product&#038;p=85044"},"modified":"2024-05-12T13:04:29","modified_gmt":"2024-05-12T12:04:29","slug":"transformers-studio-series-53-voyager-constructicon-mixmaster","status":"publish","type":"product","link":"https:\/\/hobby4geek.com\/fr\/produit\/transformers-studio-series-53-voyager-constructicon-mixmaster\/","title":{"rendered":"Transformers Studio Series - 53 Voyager Constructicon Mixmaster"},"content":{"rendered":"<p>De taille proportionnelle aux personnages de l'univers Transformers, les figurines Studio Series et leurs d\u00e9cors s'inspirent des personnages et des sc\u00e8nes embl\u00e9matiques du film. De plus, ces figurines sont id\u00e9ales pour constituer une superbe collection Transformers.<\/p>\n<p>Dans la sc\u00e8ne de la bataille de la pyramide du d\u00e9sert de Transformers : Revenge of the Fallen, le Constructicon Mixmaster s'associe \u00e0 7 de ses cong\u00e9n\u00e8res pour former le combiner brutal Devastator.<\/p>\n<p>Ce personnage Constructicon Mixmaster inspir\u00e9 de la classe Studio Series 53 Voyager Transformers : La Revanche de la Chute passe du mode robot au mode camion-b\u00e9tonni\u00e8re en 21 \u00e9tapes. Retire la toile de fond pour pr\u00e9senter Constructicon Mixmaster dans la sc\u00e8ne de la bataille de la pyramide du d\u00e9sert. La figurine pr\u00e9sente une d\u00e9coration vivante inspir\u00e9e des films.<\/p>\n<ul>\n<li>16,51 cm (6,50 pouces)<\/li>\n<li>format voyage<\/li>\n<li>En plastique<\/li>\n<li>Bas\u00e9 sur la s\u00e9rie de films Transformers<\/li>\n<li>Figurines de qualit\u00e9 sup\u00e9rieure et fond amovible inspir\u00e9s des sc\u00e8nes embl\u00e9matiques du film Transformers<\/li>\n<li>Mixmaster passe du mode robot au mode b\u00e9tonni\u00e8re en 21 \u00e9tapes<\/li>\n<\/ul>","protected":false},"excerpt":{"rendered":"<p><em>\u00a0<\/em><\/p>\n<ul>\n<li>16,51 cm (6,50 pouces)<\/li>\n<li>format voyage<\/li>\n<li>En plastique<\/li>\n<li>Bas\u00e9 sur la s\u00e9rie de films Transformers<\/li>\n<li>Figurines de qualit\u00e9 sup\u00e9rieure et fond amovible inspir\u00e9s des sc\u00e8nes embl\u00e9matiques du film Transformers<\/li>\n<li>Mixmaster passe du mode robot au mode b\u00e9tonni\u00e8re en 21 \u00e9tapes<\/li>\n<\/ul>","protected":false},"featured_media":179437,"comment_status":"open","ping_status":"closed","template":"","meta":{"inline_featured_image":false},"product_brand":[],"product_cat":[68,69,1955,1960],"product_tag":[673,200,1759,674,221,675,668,406,655,676,240,203,1975,204,247],"giftcard-category":[],"class_list":{"0":"post-85044","1":"product","2":"type-product","3":"status-publish","4":"has-post-thumbnail","6":"product_cat-hasbro","7":"product_cat-takara-tomy","8":"product_cat-transformers","9":"product_cat-transformers-generations","10":"product_tag-673","11":"product_tag-action-figures","12":"product_tag-action-toys","13":"product_tag-constructicon","14":"product_tag-decepticon","15":"product_tag-mixmaster","16":"product_tag-revenge-of-the-fallen","17":"product_tag-rotf","18":"product_tag-ss","19":"product_tag-ss53","20":"product_tag-studio-series","21":"product_tag-takara-tomy","22":"product_tag-toys-figures","23":"product_tag-transformers","24":"product_tag-voyager","25":"product_shipping_class-from-china","26":"inventories-china-inventory","28":"first","29":"outofstock","30":"taxable","31":"shipping-taxable","32":"purchasable","33":"product-type-simple","34":"add-to-wishlist-after_add_to_cart"},"yoast_head":"<!-- This site is optimized with the Yoast SEO Premium plugin v25.3.1 (Yoast SEO v27.4) - https:\/\/yoast.com\/product\/yoast-seo-premium-wordpress\/ -->\n<title>Transformers Studio Series - 53 Voyager Constructicon Mixmaster<\/title>\n<meta name=\"robots\" content=\"index, follow, max-snippet:-1, max-image-preview:large, max-video-preview:-1\" \/>\n<link rel=\"canonical\" href=\"https:\/\/hobby4geek.com\/fr\/produit\/transformers-studio-series-53-voyager-constructicon-mixmaster\/\" \/>\n<meta property=\"og:locale\" content=\"fr_FR\" \/>\n<meta property=\"og:type\" content=\"article\" \/>\n<meta property=\"og:title\" content=\"Transformers Studio Series - 53 Voyager Constructicon Mixmaster\" \/>\n<meta property=\"og:description\" content=\"\u00a0     16.51cm (6.50 inches)  travel size  In plastic  Based on the Transformers film series  Premium figures and removable bottom inspired by iconic Transformers movie scenes  Mixmaster goes from robot mode to cement mixer mode in 21 steps\" \/>\n<meta property=\"og:url\" content=\"https:\/\/hobby4geek.com\/fr\/produit\/transformers-studio-series-53-voyager-constructicon-mixmaster\/\" \/>\n<meta property=\"og:site_name\" content=\"Hobby4Geek\" \/>\n<meta property=\"article:publisher\" content=\"https:\/\/www.facebook.com\/hobby4geek\" \/>\n<meta property=\"article:modified_time\" content=\"2024-05-12T12:04:29+00:00\" \/>\n<meta property=\"og:image\" content=\"https:\/\/hobby4geek.com\/wp-content\/uploads\/2023\/02\/transformers-studio-series-53-voyager-constructicon-mixmaster-1.jpg\" \/>\n\t<meta property=\"og:image:width\" content=\"750\" \/>\n\t<meta property=\"og:image:height\" content=\"499\" \/>\n\t<meta property=\"og:image:type\" content=\"image\/jpeg\" \/>\n<meta name=\"twitter:card\" content=\"summary_large_image\" \/>\n<meta name=\"twitter:site\" content=\"@hobby4geek\" \/>\n<script type=\"application\/ld+json\" class=\"yoast-schema-graph\">{\"@context\":\"https:\\\/\\\/schema.org\",\"@graph\":[{\"@type\":\"WebPage\",\"@id\":\"https:\\\/\\\/hobby4geek.com\\\/product\\\/transformers-studio-series-53-voyager-constructicon-mixmaster\\\/\",\"url\":\"https:\\\/\\\/hobby4geek.com\\\/product\\\/transformers-studio-series-53-voyager-constructicon-mixmaster\\\/\",\"name\":\"Transformers Studio Series - 53 Voyager Constructicon Mixmaster\",\"isPartOf\":{\"@id\":\"https:\\\/\\\/hobby4geek.com\\\/#website\"},\"primaryImageOfPage\":{\"@id\":\"https:\\\/\\\/hobby4geek.com\\\/product\\\/transformers-studio-series-53-voyager-constructicon-mixmaster\\\/#primaryimage\"},\"image\":{\"@id\":\"https:\\\/\\\/hobby4geek.com\\\/product\\\/transformers-studio-series-53-voyager-constructicon-mixmaster\\\/#primaryimage\"},\"thumbnailUrl\":\"https:\\\/\\\/hobby4geek.com\\\/wp-content\\\/uploads\\\/2023\\\/02\\\/transformers-studio-series-53-voyager-constructicon-mixmaster-1.jpg\",\"datePublished\":\"2019-10-10T02:44:15+00:00\",\"dateModified\":\"2024-05-12T12:04:29+00:00\",\"breadcrumb\":{\"@id\":\"https:\\\/\\\/hobby4geek.com\\\/product\\\/transformers-studio-series-53-voyager-constructicon-mixmaster\\\/#breadcrumb\"},\"inLanguage\":\"fr-FR\",\"potentialAction\":[{\"@type\":\"ReadAction\",\"target\":[\"https:\\\/\\\/hobby4geek.com\\\/product\\\/transformers-studio-series-53-voyager-constructicon-mixmaster\\\/\"]}]},{\"@type\":\"ImageObject\",\"inLanguage\":\"fr-FR\",\"@id\":\"https:\\\/\\\/hobby4geek.com\\\/product\\\/transformers-studio-series-53-voyager-constructicon-mixmaster\\\/#primaryimage\",\"url\":\"https:\\\/\\\/hobby4geek.com\\\/wp-content\\\/uploads\\\/2023\\\/02\\\/transformers-studio-series-53-voyager-constructicon-mixmaster-1.jpg\",\"contentUrl\":\"https:\\\/\\\/hobby4geek.com\\\/wp-content\\\/uploads\\\/2023\\\/02\\\/transformers-studio-series-53-voyager-constructicon-mixmaster-1.jpg\",\"width\":750,\"height\":499},{\"@type\":\"BreadcrumbList\",\"@id\":\"https:\\\/\\\/hobby4geek.com\\\/product\\\/transformers-studio-series-53-voyager-constructicon-mixmaster\\\/#breadcrumb\",\"itemListElement\":[{\"@type\":\"ListItem\",\"position\":1,\"name\":\"Home\",\"item\":\"https:\\\/\\\/hobby4geek.com\\\/\"},{\"@type\":\"ListItem\",\"position\":2,\"name\":\"Shop\",\"item\":\"https:\\\/\\\/hobby4geek.com\\\/shop\\\/\"},{\"@type\":\"ListItem\",\"position\":3,\"name\":\"Transformers Studio Series &#8211; 53 Voyager Constructicon Mixmaster\"}]},{\"@type\":\"WebSite\",\"@id\":\"https:\\\/\\\/hobby4geek.com\\\/#website\",\"url\":\"https:\\\/\\\/hobby4geek.com\\\/\",\"name\":\"Hobby4Geek\",\"description\":\"Collect, Play &amp; Showcase, Embrace your Geekiness\",\"publisher\":{\"@id\":\"https:\\\/\\\/hobby4geek.com\\\/#organization\"},\"potentialAction\":[{\"@type\":\"SearchAction\",\"target\":{\"@type\":\"EntryPoint\",\"urlTemplate\":\"https:\\\/\\\/hobby4geek.com\\\/?s={search_term_string}\"},\"query-input\":{\"@type\":\"PropertyValueSpecification\",\"valueRequired\":true,\"valueName\":\"search_term_string\"}}],\"inLanguage\":\"fr-FR\"},{\"@type\":\"Organization\",\"@id\":\"https:\\\/\\\/hobby4geek.com\\\/#organization\",\"name\":\"Hobby4Geek\",\"url\":\"https:\\\/\\\/hobby4geek.com\\\/\",\"logo\":{\"@type\":\"ImageObject\",\"inLanguage\":\"fr-FR\",\"@id\":\"https:\\\/\\\/hobby4geek.com\\\/#\\\/schema\\\/logo\\\/image\\\/\",\"url\":\"https:\\\/\\\/hobby4geek.com\\\/wp-content\\\/uploads\\\/2023\\\/02\\\/default-kit.png\",\"contentUrl\":\"https:\\\/\\\/hobby4geek.com\\\/wp-content\\\/uploads\\\/2023\\\/02\\\/default-kit.png\",\"width\":600,\"height\":600,\"caption\":\"Hobby4Geek\"},\"image\":{\"@id\":\"https:\\\/\\\/hobby4geek.com\\\/#\\\/schema\\\/logo\\\/image\\\/\"},\"sameAs\":[\"https:\\\/\\\/www.facebook.com\\\/hobby4geek\",\"https:\\\/\\\/x.com\\\/hobby4geek\",\"https:\\\/\\\/www.instagram.com\\\/hobby4geek\\\/\"]}]}<\/script>\n<meta property=\"product:brand\" content=\"Hasbro\" \/>\n<meta property=\"product:price:amount\" content=\"37.00\" \/>\n<meta property=\"product:price:currency\" content=\"EUR\" \/>\n<meta property=\"og:availability\" content=\"out of stock\" \/>\n<meta property=\"product:availability\" content=\"out of stock\" \/>\n<meta property=\"product:retailer_item_id\" content=\"studioseries053\" \/>\n<meta property=\"product:condition\" content=\"new\" \/>\n<!-- \/ Yoast SEO Premium plugin. -->","yoast_head_json":{"title":"Transformers Studio Series - 53 Voyager Constructicon Mixmaster","robots":{"index":"index","follow":"follow","max-snippet":"max-snippet:-1","max-image-preview":"max-image-preview:large","max-video-preview":"max-video-preview:-1"},"canonical":"https:\/\/hobby4geek.com\/fr\/produit\/transformers-studio-series-53-voyager-constructicon-mixmaster\/","og_locale":"fr_FR","og_type":"article","og_title":"Transformers Studio Series - 53 Voyager Constructicon Mixmaster","og_description":"\u00a0     16.51cm (6.50 inches)  travel size  In plastic  Based on the Transformers film series  Premium figures and removable bottom inspired by iconic Transformers movie scenes  Mixmaster goes from robot mode to cement mixer mode in 21 steps","og_url":"https:\/\/hobby4geek.com\/fr\/produit\/transformers-studio-series-53-voyager-constructicon-mixmaster\/","og_site_name":"Hobby4Geek","article_publisher":"https:\/\/www.facebook.com\/hobby4geek","article_modified_time":"2024-05-12T12:04:29+00:00","og_image":[{"width":750,"height":499,"url":"https:\/\/hobby4geek.com\/wp-content\/uploads\/2023\/02\/transformers-studio-series-53-voyager-constructicon-mixmaster-1.jpg","type":"image\/jpeg"}],"twitter_card":"summary_large_image","twitter_site":"@hobby4geek","schema":{"@context":"https:\/\/schema.org","@graph":[{"@type":"WebPage","@id":"https:\/\/hobby4geek.com\/product\/transformers-studio-series-53-voyager-constructicon-mixmaster\/","url":"https:\/\/hobby4geek.com\/product\/transformers-studio-series-53-voyager-constructicon-mixmaster\/","name":"Transformers Studio Series - 53 Voyager Constructicon Mixmaster","isPartOf":{"@id":"https:\/\/hobby4geek.com\/#website"},"primaryImageOfPage":{"@id":"https:\/\/hobby4geek.com\/product\/transformers-studio-series-53-voyager-constructicon-mixmaster\/#primaryimage"},"image":{"@id":"https:\/\/hobby4geek.com\/product\/transformers-studio-series-53-voyager-constructicon-mixmaster\/#primaryimage"},"thumbnailUrl":"https:\/\/hobby4geek.com\/wp-content\/uploads\/2023\/02\/transformers-studio-series-53-voyager-constructicon-mixmaster-1.jpg","datePublished":"2019-10-10T02:44:15+00:00","dateModified":"2024-05-12T12:04:29+00:00","breadcrumb":{"@id":"https:\/\/hobby4geek.com\/product\/transformers-studio-series-53-voyager-constructicon-mixmaster\/#breadcrumb"},"inLanguage":"fr-FR","potentialAction":[{"@type":"ReadAction","target":["https:\/\/hobby4geek.com\/product\/transformers-studio-series-53-voyager-constructicon-mixmaster\/"]}]},{"@type":"ImageObject","inLanguage":"fr-FR","@id":"https:\/\/hobby4geek.com\/product\/transformers-studio-series-53-voyager-constructicon-mixmaster\/#primaryimage","url":"https:\/\/hobby4geek.com\/wp-content\/uploads\/2023\/02\/transformers-studio-series-53-voyager-constructicon-mixmaster-1.jpg","contentUrl":"https:\/\/hobby4geek.com\/wp-content\/uploads\/2023\/02\/transformers-studio-series-53-voyager-constructicon-mixmaster-1.jpg","width":750,"height":499},{"@type":"BreadcrumbList","@id":"https:\/\/hobby4geek.com\/product\/transformers-studio-series-53-voyager-constructicon-mixmaster\/#breadcrumb","itemListElement":[{"@type":"ListItem","position":1,"name":"Home","item":"https:\/\/hobby4geek.com\/"},{"@type":"ListItem","position":2,"name":"Shop","item":"https:\/\/hobby4geek.com\/shop\/"},{"@type":"ListItem","position":3,"name":"Transformers Studio Series &#8211; 53 Voyager Constructicon Mixmaster"}]},{"@type":"WebSite","@id":"https:\/\/hobby4geek.com\/#website","url":"https:\/\/hobby4geek.com\/","name":"Hobby4Geek","description":"Collectionnez, jouez et exposez, embrassez votre geekitude","publisher":{"@id":"https:\/\/hobby4geek.com\/#organization"},"potentialAction":[{"@type":"SearchAction","target":{"@type":"EntryPoint","urlTemplate":"https:\/\/hobby4geek.com\/?s={search_term_string}"},"query-input":{"@type":"PropertyValueSpecification","valueRequired":true,"valueName":"search_term_string"}}],"inLanguage":"fr-FR"},{"@type":"Organization","@id":"https:\/\/hobby4geek.com\/#organization","name":"Hobby4Geek","url":"https:\/\/hobby4geek.com\/","logo":{"@type":"ImageObject","inLanguage":"fr-FR","@id":"https:\/\/hobby4geek.com\/#\/schema\/logo\/image\/","url":"https:\/\/hobby4geek.com\/wp-content\/uploads\/2023\/02\/default-kit.png","contentUrl":"https:\/\/hobby4geek.com\/wp-content\/uploads\/2023\/02\/default-kit.png","width":600,"height":600,"caption":"Hobby4Geek"},"image":{"@id":"https:\/\/hobby4geek.com\/#\/schema\/logo\/image\/"},"sameAs":["https:\/\/www.facebook.com\/hobby4geek","https:\/\/x.com\/hobby4geek","https:\/\/www.instagram.com\/hobby4geek\/"]}]},"product_brand":"Hasbro","product_price_amount":"37.00","product_price_currency":"EUR","og_availability":"out of stock","product_availability":"out of stock","product_retailer_item_id":"studioseries053","product_condition":"new"},"_links":{"self":[{"href":"https:\/\/hobby4geek.com\/fr\/wp-json\/wp\/v2\/product\/85044","targetHints":{"allow":["GET"]}}],"collection":[{"href":"https:\/\/hobby4geek.com\/fr\/wp-json\/wp\/v2\/product"}],"about":[{"href":"https:\/\/hobby4geek.com\/fr\/wp-json\/wp\/v2\/types\/product"}],"replies":[{"embeddable":true,"href":"https:\/\/hobby4geek.com\/fr\/wp-json\/wp\/v2\/comments?post=85044"}],"version-history":[{"count":0,"href":"https:\/\/hobby4geek.com\/fr\/wp-json\/wp\/v2\/product\/85044\/revisions"}],"wp:featuredmedia":[{"embeddable":true,"href":"https:\/\/hobby4geek.com\/fr\/wp-json\/wp\/v2\/media\/179437"}],"wp:attachment":[{"href":"https:\/\/hobby4geek.com\/fr\/wp-json\/wp\/v2\/media?parent=85044"}],"wp:term":[{"taxonomy":"product_brand","embeddable":true,"href":"https:\/\/hobby4geek.com\/fr\/wp-json\/wp\/v2\/product_brand?post=85044"},{"taxonomy":"product_cat","embeddable":true,"href":"https:\/\/hobby4geek.com\/fr\/wp-json\/wp\/v2\/product_cat?post=85044"},{"taxonomy":"product_tag","embeddable":true,"href":"https:\/\/hobby4geek.com\/fr\/wp-json\/wp\/v2\/product_tag?post=85044"},{"taxonomy":"giftcard-category","embeddable":true,"href":"https:\/\/hobby4geek.com\/fr\/wp-json\/wp\/v2\/giftcard-category?post=85044"}],"curies":[{"name":"wp","href":"https:\/\/api.w.org\/{rel}","templated":true}]}}