{"id":81072,"date":"2019-08-12T16:36:35","date_gmt":"2019-08-12T15:36:35","guid":{"rendered":"https:\/\/hobby4geek.com\/?post_type=product&#038;p=81072"},"modified":"2024-05-12T12:55:11","modified_gmt":"2024-05-12T11:55:11","slug":"transformers-studio-series-29-sideswipe","status":"publish","type":"product","link":"https:\/\/hobby4geek.com\/fr\/produit\/transformers-studio-series-29-sideswipe\/","title":{"rendered":"Transformers Studio Series - 29 Deluxe Sideswipe"},"content":{"rendered":"<p>Entrez dans le grand \u00e9cran et constituez la collection ultime de Transformers avec des figurines de Studio Series, inspir\u00e9es de sc\u00e8nes c\u00e9l\u00e8bres des films et con\u00e7ues pour refl\u00e9ter le design et l'\u00e9chelle de l'univers cin\u00e9matographique.<\/p>\n<p>Dans la sc\u00e8ne d'affrontement des Dreads dans Transformers : Dark of the Moon, Sideswipe soutient Ironhide dans un affrontement des Dreads.<\/p>\n<p>Cette figurine Studio Series 29 Deluxe Transformers : Dark of the Moon Sideswipe se convertit du mode robot au mode Chevrolet Corvette Stingray 2011 d\u00e9capotable en 18 \u00e9tapes. Retire le d\u00e9cor d'arri\u00e8re-plan de l'emballage pour exposer la figurine Sideswipe dans la sc\u00e8ne de l'affrontement des dreads. La figurine poss\u00e8de une d\u00e9coration inspir\u00e9e du film et 4 armes d\u00e9taill\u00e9es - 2 lames de bras et 2 blasters bas\u00e9s sur les armes utilis\u00e9es par Sideswipe dans le film.<\/p>\n<p>CHEVROLET, le logo BOWTIE, CORVETTE et le logo CORVETTE, et CAMARO sont des marques d\u00e9pos\u00e9es de General Motors, LLC.<\/p>\n<p>Transformers et tous les personnages associ\u00e9s sont des marques d\u00e9pos\u00e9es de Hasbro.<br \/>\n- Comprend la figurine Transformers Studio Series 29 Deluxe Transformers : Dark of the Moon Sideswipe, 4 accessoires, une toile de fond amovible et des instructions.<br \/>\n- STUDIO SERIES DELUXE - Transformers Studio Series Les figurines Deluxe sont des figurines de collection de 4,5 pouces inspir\u00e9es de sc\u00e8nes c\u00e9l\u00e8bres des films et con\u00e7ues pour refl\u00e9ter le design et l'\u00e9chelle de l'univers cin\u00e9matographique. Les fans peuvent acqu\u00e9rir des figurines inspir\u00e9es de leurs sc\u00e8nes pr\u00e9f\u00e9r\u00e9es des films pour compl\u00e9ter leur collection et exposer leurs figurines sur une \u00e9tag\u00e8re.<br \/>\n- TAILLE DU SIDESWIPE 11,5 CM - La figurine 29 Deluxe Transformers : Dark of the Moon Sideswipe a une d\u00e9coration inspir\u00e9e du film et 4 armes d\u00e9taill\u00e9es - 2 lames de bras et 2 blasters bas\u00e9s sur les armes utilis\u00e9es par Sideswipe dans le film. La figurine est tr\u00e8s articul\u00e9e, ce qui permet de la mettre dans toutes les positions.<br \/>\n- INSPIR\u00c9 PAR LE GRAND \u00c9CRAN - La figurine est \u00e0 l'\u00e9chelle du film dans Transformers : Dark of the Moon. La figurine Premium et l'emballage s'inspirent de la sc\u00e8ne embl\u00e9matique de l'affrontement des dreads o\u00f9 Sideswipe affronte Ironhide dans un affrontement des dreads.<br \/>\n- 2 MODES ICONIQUES - Conversion classique du mode robot au mode Chevrolet Corvette Stingray Cabriolet 2011 en 18 \u00e9tapes. Id\u00e9al pour les fans \u00e0 la recherche d'une figurine avec une conversion avanc\u00e9e. Pour les enfants et les adultes \u00e0 partir de 8 ans.<br \/>\n- COULISSON AMOVIBLE - Le coulissage amovible permet d'exposer la figurine Sideswipe dans la sc\u00e8ne de l'\u00e9preuve de force des Dreads. Les fans peuvent utiliser la toile de fond et pr\u00e9senter la figurine comme ils le souhaitent.<br \/>\n- Taille de la figure : 11,5 cm<br \/>\n- D\u00e8s l'\u00e2ge de 8 ans<\/p>","protected":false},"excerpt":{"rendered":"<ul>\n<li>Ce robot Sideswipe se transforme en voiture Corvette en 18 \u00e9tapes.<\/li>\n<li>Le d\u00e9cor peut \u00eatre retir\u00e9 de l'emballage pour pr\u00e9senter Sideswipe dans la sc\u00e8ne de l'\u00e9preuve de force des dreads.<\/li>\n<li>4 armes<\/li>\n<li>Taille : 11,5 cm<\/li>\n<\/ul>","protected":false},"featured_media":179178,"comment_status":"open","ping_status":"closed","template":"","meta":{"inline_featured_image":false},"product_brand":[],"product_cat":[1955,68,69,1960],"product_tag":[200,1759,199,239,393,580,240,203,1975,204],"giftcard-category":[],"class_list":{"0":"post-81072","1":"product","2":"type-product","3":"status-publish","4":"has-post-thumbnail","6":"product_cat-transformers","7":"product_cat-hasbro","8":"product_cat-takara-tomy","9":"product_cat-transformers-generations","10":"product_tag-action-figures","11":"product_tag-action-toys","12":"product_tag-autobot","13":"product_tag-deluxe","14":"product_tag-sideswipe","15":"product_tag-ss29","16":"product_tag-studio-series","17":"product_tag-takara-tomy","18":"product_tag-toys-figures","19":"product_tag-transformers","20":"inventories-china-inventory","22":"first","23":"outofstock","24":"taxable","25":"shipping-taxable","26":"purchasable","27":"product-type-simple","28":"add-to-wishlist-after_add_to_cart"},"yoast_head":"<!-- This site is optimized with the Yoast SEO Premium plugin v25.3.1 (Yoast SEO v27.2) - https:\/\/yoast.com\/product\/yoast-seo-premium-wordpress\/ -->\n<title>Transformers Studio Series - 29 Deluxe Sideswipe<\/title>\n<meta name=\"robots\" content=\"index, follow, max-snippet:-1, max-image-preview:large, max-video-preview:-1\" \/>\n<link rel=\"canonical\" href=\"https:\/\/hobby4geek.com\/fr\/produit\/transformers-studio-series-29-sideswipe\/\" \/>\n<meta property=\"og:locale\" content=\"fr_FR\" \/>\n<meta property=\"og:type\" content=\"article\" \/>\n<meta property=\"og:title\" content=\"Transformers Studio Series - 29 Deluxe Sideswipe\" \/>\n<meta property=\"og:description\" content=\"This Sideswipe robot transforms into a Corvette car in 18 steps.  The decor can be removed from the packaging to display Sideswipe in the Dreads Showdown scene.  4 weapons  Size: 11.5cm\" \/>\n<meta property=\"og:url\" content=\"https:\/\/hobby4geek.com\/fr\/produit\/transformers-studio-series-29-sideswipe\/\" \/>\n<meta property=\"og:site_name\" content=\"Hobby4Geek\" \/>\n<meta property=\"article:publisher\" content=\"https:\/\/www.facebook.com\/hobby4geek\" \/>\n<meta property=\"article:modified_time\" content=\"2024-05-12T11:55:11+00:00\" \/>\n<meta property=\"og:image\" content=\"https:\/\/hobby4geek.com\/wp-content\/uploads\/2023\/02\/transformers-studio-series-29-deluxe-sideswipe.jpg\" \/>\n\t<meta property=\"og:image:width\" content=\"800\" \/>\n\t<meta property=\"og:image:height\" content=\"800\" \/>\n\t<meta property=\"og:image:type\" content=\"image\/jpeg\" \/>\n<meta name=\"twitter:card\" content=\"summary_large_image\" \/>\n<meta name=\"twitter:site\" content=\"@hobby4geek\" \/>\n<script type=\"application\/ld+json\" class=\"yoast-schema-graph\">{\"@context\":\"https:\/\/schema.org\",\"@graph\":[{\"@type\":\"WebPage\",\"@id\":\"https:\/\/hobby4geek.com\/product\/transformers-studio-series-29-sideswipe\/\",\"url\":\"https:\/\/hobby4geek.com\/product\/transformers-studio-series-29-sideswipe\/\",\"name\":\"Transformers Studio Series - 29 Deluxe Sideswipe\",\"isPartOf\":{\"@id\":\"https:\/\/hobby4geek.com\/#website\"},\"primaryImageOfPage\":{\"@id\":\"https:\/\/hobby4geek.com\/product\/transformers-studio-series-29-sideswipe\/#primaryimage\"},\"image\":{\"@id\":\"https:\/\/hobby4geek.com\/product\/transformers-studio-series-29-sideswipe\/#primaryimage\"},\"thumbnailUrl\":\"https:\/\/hobby4geek.com\/wp-content\/uploads\/2023\/02\/transformers-studio-series-29-deluxe-sideswipe.jpg\",\"datePublished\":\"2019-08-12T15:36:35+00:00\",\"dateModified\":\"2024-05-12T11:55:11+00:00\",\"breadcrumb\":{\"@id\":\"https:\/\/hobby4geek.com\/product\/transformers-studio-series-29-sideswipe\/#breadcrumb\"},\"inLanguage\":\"fr-FR\",\"potentialAction\":[{\"@type\":\"ReadAction\",\"target\":[\"https:\/\/hobby4geek.com\/product\/transformers-studio-series-29-sideswipe\/\"]}]},{\"@type\":\"ImageObject\",\"inLanguage\":\"fr-FR\",\"@id\":\"https:\/\/hobby4geek.com\/product\/transformers-studio-series-29-sideswipe\/#primaryimage\",\"url\":\"https:\/\/hobby4geek.com\/wp-content\/uploads\/2023\/02\/transformers-studio-series-29-deluxe-sideswipe.jpg\",\"contentUrl\":\"https:\/\/hobby4geek.com\/wp-content\/uploads\/2023\/02\/transformers-studio-series-29-deluxe-sideswipe.jpg\",\"width\":800,\"height\":800},{\"@type\":\"BreadcrumbList\",\"@id\":\"https:\/\/hobby4geek.com\/product\/transformers-studio-series-29-sideswipe\/#breadcrumb\",\"itemListElement\":[{\"@type\":\"ListItem\",\"position\":1,\"name\":\"Home\",\"item\":\"https:\/\/hobby4geek.com\/\"},{\"@type\":\"ListItem\",\"position\":2,\"name\":\"Shop\",\"item\":\"https:\/\/hobby4geek.com\/shop\/\"},{\"@type\":\"ListItem\",\"position\":3,\"name\":\"Transformers Studio Series &#8211; 29 Deluxe Sideswipe\"}]},{\"@type\":\"WebSite\",\"@id\":\"https:\/\/hobby4geek.com\/#website\",\"url\":\"https:\/\/hobby4geek.com\/\",\"name\":\"Hobby4Geek\",\"description\":\"Collect, Play &amp; Showcase, Embrace your Geekiness\",\"publisher\":{\"@id\":\"https:\/\/hobby4geek.com\/#organization\"},\"potentialAction\":[{\"@type\":\"SearchAction\",\"target\":{\"@type\":\"EntryPoint\",\"urlTemplate\":\"https:\/\/hobby4geek.com\/?s={search_term_string}\"},\"query-input\":{\"@type\":\"PropertyValueSpecification\",\"valueRequired\":true,\"valueName\":\"search_term_string\"}}],\"inLanguage\":\"fr-FR\"},{\"@type\":\"Organization\",\"@id\":\"https:\/\/hobby4geek.com\/#organization\",\"name\":\"Hobby4Geek\",\"url\":\"https:\/\/hobby4geek.com\/\",\"logo\":{\"@type\":\"ImageObject\",\"inLanguage\":\"fr-FR\",\"@id\":\"https:\/\/hobby4geek.com\/#\/schema\/logo\/image\/\",\"url\":\"https:\/\/hobby4geek.com\/wp-content\/uploads\/2023\/02\/default-kit.png\",\"contentUrl\":\"https:\/\/hobby4geek.com\/wp-content\/uploads\/2023\/02\/default-kit.png\",\"width\":600,\"height\":600,\"caption\":\"Hobby4Geek\"},\"image\":{\"@id\":\"https:\/\/hobby4geek.com\/#\/schema\/logo\/image\/\"},\"sameAs\":[\"https:\/\/www.facebook.com\/hobby4geek\",\"https:\/\/x.com\/hobby4geek\",\"https:\/\/www.instagram.com\/hobby4geek\/\"]}]}<\/script>\n<meta property=\"product:brand\" content=\"Transformers\" \/>\n<meta property=\"product:price:amount\" content=\"29.00\" \/>\n<meta property=\"product:price:currency\" content=\"EUR\" \/>\n<meta property=\"og:availability\" content=\"out of stock\" \/>\n<meta property=\"product:availability\" content=\"out of stock\" \/>\n<meta property=\"product:retailer_item_id\" content=\"studioseries029\" \/>\n<meta property=\"product:condition\" content=\"new\" \/>\n<!-- \/ Yoast SEO Premium plugin. -->","yoast_head_json":{"title":"Transformers Studio Series - 29 Deluxe Sideswipe","robots":{"index":"index","follow":"follow","max-snippet":"max-snippet:-1","max-image-preview":"max-image-preview:large","max-video-preview":"max-video-preview:-1"},"canonical":"https:\/\/hobby4geek.com\/fr\/produit\/transformers-studio-series-29-sideswipe\/","og_locale":"fr_FR","og_type":"article","og_title":"Transformers Studio Series - 29 Deluxe Sideswipe","og_description":"This Sideswipe robot transforms into a Corvette car in 18 steps.  The decor can be removed from the packaging to display Sideswipe in the Dreads Showdown scene.  4 weapons  Size: 11.5cm","og_url":"https:\/\/hobby4geek.com\/fr\/produit\/transformers-studio-series-29-sideswipe\/","og_site_name":"Hobby4Geek","article_publisher":"https:\/\/www.facebook.com\/hobby4geek","article_modified_time":"2024-05-12T11:55:11+00:00","og_image":[{"width":800,"height":800,"url":"https:\/\/hobby4geek.com\/wp-content\/uploads\/2023\/02\/transformers-studio-series-29-deluxe-sideswipe.jpg","type":"image\/jpeg"}],"twitter_card":"summary_large_image","twitter_site":"@hobby4geek","schema":{"@context":"https:\/\/schema.org","@graph":[{"@type":"WebPage","@id":"https:\/\/hobby4geek.com\/product\/transformers-studio-series-29-sideswipe\/","url":"https:\/\/hobby4geek.com\/product\/transformers-studio-series-29-sideswipe\/","name":"Transformers Studio Series - 29 Deluxe Sideswipe","isPartOf":{"@id":"https:\/\/hobby4geek.com\/#website"},"primaryImageOfPage":{"@id":"https:\/\/hobby4geek.com\/product\/transformers-studio-series-29-sideswipe\/#primaryimage"},"image":{"@id":"https:\/\/hobby4geek.com\/product\/transformers-studio-series-29-sideswipe\/#primaryimage"},"thumbnailUrl":"https:\/\/hobby4geek.com\/wp-content\/uploads\/2023\/02\/transformers-studio-series-29-deluxe-sideswipe.jpg","datePublished":"2019-08-12T15:36:35+00:00","dateModified":"2024-05-12T11:55:11+00:00","breadcrumb":{"@id":"https:\/\/hobby4geek.com\/product\/transformers-studio-series-29-sideswipe\/#breadcrumb"},"inLanguage":"fr-FR","potentialAction":[{"@type":"ReadAction","target":["https:\/\/hobby4geek.com\/product\/transformers-studio-series-29-sideswipe\/"]}]},{"@type":"ImageObject","inLanguage":"fr-FR","@id":"https:\/\/hobby4geek.com\/product\/transformers-studio-series-29-sideswipe\/#primaryimage","url":"https:\/\/hobby4geek.com\/wp-content\/uploads\/2023\/02\/transformers-studio-series-29-deluxe-sideswipe.jpg","contentUrl":"https:\/\/hobby4geek.com\/wp-content\/uploads\/2023\/02\/transformers-studio-series-29-deluxe-sideswipe.jpg","width":800,"height":800},{"@type":"BreadcrumbList","@id":"https:\/\/hobby4geek.com\/product\/transformers-studio-series-29-sideswipe\/#breadcrumb","itemListElement":[{"@type":"ListItem","position":1,"name":"Home","item":"https:\/\/hobby4geek.com\/"},{"@type":"ListItem","position":2,"name":"Shop","item":"https:\/\/hobby4geek.com\/shop\/"},{"@type":"ListItem","position":3,"name":"Transformers Studio Series &#8211; 29 Deluxe Sideswipe"}]},{"@type":"WebSite","@id":"https:\/\/hobby4geek.com\/#website","url":"https:\/\/hobby4geek.com\/","name":"Hobby4Geek","description":"Collectionnez, jouez et exposez, embrassez votre geekitude","publisher":{"@id":"https:\/\/hobby4geek.com\/#organization"},"potentialAction":[{"@type":"SearchAction","target":{"@type":"EntryPoint","urlTemplate":"https:\/\/hobby4geek.com\/?s={search_term_string}"},"query-input":{"@type":"PropertyValueSpecification","valueRequired":true,"valueName":"search_term_string"}}],"inLanguage":"fr-FR"},{"@type":"Organization","@id":"https:\/\/hobby4geek.com\/#organization","name":"Hobby4Geek","url":"https:\/\/hobby4geek.com\/","logo":{"@type":"ImageObject","inLanguage":"fr-FR","@id":"https:\/\/hobby4geek.com\/#\/schema\/logo\/image\/","url":"https:\/\/hobby4geek.com\/wp-content\/uploads\/2023\/02\/default-kit.png","contentUrl":"https:\/\/hobby4geek.com\/wp-content\/uploads\/2023\/02\/default-kit.png","width":600,"height":600,"caption":"Hobby4Geek"},"image":{"@id":"https:\/\/hobby4geek.com\/#\/schema\/logo\/image\/"},"sameAs":["https:\/\/www.facebook.com\/hobby4geek","https:\/\/x.com\/hobby4geek","https:\/\/www.instagram.com\/hobby4geek\/"]}]},"product_brand":"Transformers","product_price_amount":"29.00","product_price_currency":"EUR","og_availability":"out of stock","product_availability":"out of stock","product_retailer_item_id":"studioseries029","product_condition":"new"},"_links":{"self":[{"href":"https:\/\/hobby4geek.com\/fr\/wp-json\/wp\/v2\/product\/81072","targetHints":{"allow":["GET"]}}],"collection":[{"href":"https:\/\/hobby4geek.com\/fr\/wp-json\/wp\/v2\/product"}],"about":[{"href":"https:\/\/hobby4geek.com\/fr\/wp-json\/wp\/v2\/types\/product"}],"replies":[{"embeddable":true,"href":"https:\/\/hobby4geek.com\/fr\/wp-json\/wp\/v2\/comments?post=81072"}],"version-history":[{"count":0,"href":"https:\/\/hobby4geek.com\/fr\/wp-json\/wp\/v2\/product\/81072\/revisions"}],"wp:featuredmedia":[{"embeddable":true,"href":"https:\/\/hobby4geek.com\/fr\/wp-json\/wp\/v2\/media\/179178"}],"wp:attachment":[{"href":"https:\/\/hobby4geek.com\/fr\/wp-json\/wp\/v2\/media?parent=81072"}],"wp:term":[{"taxonomy":"product_brand","embeddable":true,"href":"https:\/\/hobby4geek.com\/fr\/wp-json\/wp\/v2\/product_brand?post=81072"},{"taxonomy":"product_cat","embeddable":true,"href":"https:\/\/hobby4geek.com\/fr\/wp-json\/wp\/v2\/product_cat?post=81072"},{"taxonomy":"product_tag","embeddable":true,"href":"https:\/\/hobby4geek.com\/fr\/wp-json\/wp\/v2\/product_tag?post=81072"},{"taxonomy":"giftcard-category","embeddable":true,"href":"https:\/\/hobby4geek.com\/fr\/wp-json\/wp\/v2\/giftcard-category?post=81072"}],"curies":[{"name":"wp","href":"https:\/\/api.w.org\/{rel}","templated":true}]}}