{"id":81059,"date":"2019-08-12T16:17:32","date_gmt":"2019-08-12T15:17:32","guid":{"rendered":"https:\/\/hobby4geek.com\/?post_type=product&#038;p=81059"},"modified":"2024-05-12T12:55:12","modified_gmt":"2024-05-12T11:55:12","slug":"transformers-studio-series-18-deluxe-bumblebee","status":"publish","type":"product","link":"https:\/\/hobby4geek.com\/fr\/produit\/transformers-studio-series-18-deluxe-bumblebee\/","title":{"rendered":"Transformers Studio Series - 18 Deluxe Bumblebee"},"content":{"rendered":"<p>De taille proportionnelle aux personnages de l'univers Transformers, les figurines Studio Series et leurs d\u00e9cors s'inspirent des personnages et des sc\u00e8nes embl\u00e9matiques du film. De plus, ces figurines sont id\u00e9ales pour constituer une superbe collection Transformers.<\/p>\n<p>Dans la sc\u00e8ne du garage de Transformers : Bumblebee, Charlie se concentre sur la r\u00e9paration de sa vieille Coccinelle VW endommag\u00e9e, mais sa voiture lui r\u00e9serve quelques surprises.<br \/>\nCette figurine Studio Series 18 Deluxe Class Bumblebee (Transformers : Bumblebee) se convertit du mode robot au mode Coccinelle VW et inversement en 22 \u00e9tapes et est livr\u00e9e avec 3 accessoires. Le d\u00e9cor peut \u00eatre retir\u00e9 de l'emballage pour pr\u00e9senter l'espi\u00e8gle Autobot scout dans le garage de Charlie.<\/p>\n<p>- Comprend une figurine Transformers Studio Series 18 Deluxe Class Bumblebee (Transformers : Bumblebee), 3 accessoires, une toile de fond amovible et des instructions.<br \/>\n- Studio Series 18 Figurine Deluxe Class Bumblebee, tir\u00e9e du film Transformers : Bumblebee<br \/>\n- Figurine et emballage haut de gamme inspir\u00e9s de la sc\u00e8ne embl\u00e9matique du garage de Charlie.<br \/>\n- La taille de la figurine est proportionnelle \u00e0 celle du personnage dans l'univers du film Transformers : Bumblebee<br \/>\n- La figure passe du mode robot au mode Coccinelle VW en 22 \u00e9tapes<br \/>\n- La toile de fond amovible montre Bumblebee dans la sc\u00e8ne embl\u00e9matique du garage de Charlie.<br \/>\n- Figurine de 11 cm<br \/>\n- 8 ans et plus<\/p>","protected":false},"excerpt":{"rendered":"<ul>\n<li>Ce robot Bumblebee se transforme en voiture VW Beetle en 22 \u00e9tapes.<\/li>\n<li>Le d\u00e9cor peut \u00eatre retir\u00e9 de l'emballage pour pr\u00e9senter Bumblebee dans la sc\u00e8ne embl\u00e9matique du Garage de Charlie.<\/li>\n<li>Taille : 11cm<\/li>\n<li>3 accessoires<\/li>\n<\/ul>","protected":false},"featured_media":179168,"comment_status":"open","ping_status":"closed","template":"","meta":{"inline_featured_image":false},"product_brand":[],"product_cat":[1955,68,69,1960],"product_tag":[200,1759,199,224,239,579,240,203,1975,204],"giftcard-category":[],"class_list":{"0":"post-81059","1":"product","2":"type-product","3":"status-publish","4":"has-post-thumbnail","6":"product_cat-transformers","7":"product_cat-hasbro","8":"product_cat-takara-tomy","9":"product_cat-transformers-generations","10":"product_tag-action-figures","11":"product_tag-action-toys","12":"product_tag-autobot","13":"product_tag-bumblebee","14":"product_tag-deluxe","15":"product_tag-ss18","16":"product_tag-studio-series","17":"product_tag-takara-tomy","18":"product_tag-toys-figures","19":"product_tag-transformers","20":"inventories-china-inventory","22":"first","23":"outofstock","24":"taxable","25":"shipping-taxable","26":"purchasable","27":"product-type-simple","28":"add-to-wishlist-after_add_to_cart"},"yoast_head":"<!-- This site is optimized with the Yoast SEO Premium plugin v25.3.1 (Yoast SEO v27.2) - https:\/\/yoast.com\/product\/yoast-seo-premium-wordpress\/ -->\n<title>Transformers Studio Series - 18 Deluxe Bumblebee<\/title>\n<meta name=\"robots\" content=\"index, follow, max-snippet:-1, max-image-preview:large, max-video-preview:-1\" \/>\n<link rel=\"canonical\" href=\"https:\/\/hobby4geek.com\/fr\/produit\/transformers-studio-series-18-deluxe-bumblebee\/\" \/>\n<meta property=\"og:locale\" content=\"fr_FR\" \/>\n<meta property=\"og:type\" content=\"article\" \/>\n<meta property=\"og:title\" content=\"Transformers Studio Series - 18 Deluxe Bumblebee\" \/>\n<meta property=\"og:description\" content=\"This Bumblebee robot transforms into a VW Beetle car in 22 steps.  The decor can be removed from the packaging to display Bumblebee in the iconic Charlie&#039;s Garage scene.  Size: 11cm  3 accessories\" \/>\n<meta property=\"og:url\" content=\"https:\/\/hobby4geek.com\/fr\/produit\/transformers-studio-series-18-deluxe-bumblebee\/\" \/>\n<meta property=\"og:site_name\" content=\"Hobby4Geek\" \/>\n<meta property=\"article:publisher\" content=\"https:\/\/www.facebook.com\/hobby4geek\" \/>\n<meta property=\"article:modified_time\" content=\"2024-05-12T11:55:12+00:00\" \/>\n<meta property=\"og:image\" content=\"https:\/\/hobby4geek.com\/wp-content\/uploads\/2023\/02\/transformers-studio-series-18-deluxe-bumblebee.jpg\" \/>\n\t<meta property=\"og:image:width\" content=\"800\" \/>\n\t<meta property=\"og:image:height\" content=\"800\" \/>\n\t<meta property=\"og:image:type\" content=\"image\/jpeg\" \/>\n<meta name=\"twitter:card\" content=\"summary_large_image\" \/>\n<meta name=\"twitter:site\" content=\"@hobby4geek\" \/>\n<script type=\"application\/ld+json\" class=\"yoast-schema-graph\">{\"@context\":\"https:\/\/schema.org\",\"@graph\":[{\"@type\":\"WebPage\",\"@id\":\"https:\/\/hobby4geek.com\/product\/transformers-studio-series-18-deluxe-bumblebee\/\",\"url\":\"https:\/\/hobby4geek.com\/product\/transformers-studio-series-18-deluxe-bumblebee\/\",\"name\":\"Transformers Studio Series - 18 Deluxe Bumblebee\",\"isPartOf\":{\"@id\":\"https:\/\/hobby4geek.com\/#website\"},\"primaryImageOfPage\":{\"@id\":\"https:\/\/hobby4geek.com\/product\/transformers-studio-series-18-deluxe-bumblebee\/#primaryimage\"},\"image\":{\"@id\":\"https:\/\/hobby4geek.com\/product\/transformers-studio-series-18-deluxe-bumblebee\/#primaryimage\"},\"thumbnailUrl\":\"https:\/\/hobby4geek.com\/wp-content\/uploads\/2023\/02\/transformers-studio-series-18-deluxe-bumblebee.jpg\",\"datePublished\":\"2019-08-12T15:17:32+00:00\",\"dateModified\":\"2024-05-12T11:55:12+00:00\",\"breadcrumb\":{\"@id\":\"https:\/\/hobby4geek.com\/product\/transformers-studio-series-18-deluxe-bumblebee\/#breadcrumb\"},\"inLanguage\":\"fr-FR\",\"potentialAction\":[{\"@type\":\"ReadAction\",\"target\":[\"https:\/\/hobby4geek.com\/product\/transformers-studio-series-18-deluxe-bumblebee\/\"]}]},{\"@type\":\"ImageObject\",\"inLanguage\":\"fr-FR\",\"@id\":\"https:\/\/hobby4geek.com\/product\/transformers-studio-series-18-deluxe-bumblebee\/#primaryimage\",\"url\":\"https:\/\/hobby4geek.com\/wp-content\/uploads\/2023\/02\/transformers-studio-series-18-deluxe-bumblebee.jpg\",\"contentUrl\":\"https:\/\/hobby4geek.com\/wp-content\/uploads\/2023\/02\/transformers-studio-series-18-deluxe-bumblebee.jpg\",\"width\":800,\"height\":800},{\"@type\":\"BreadcrumbList\",\"@id\":\"https:\/\/hobby4geek.com\/product\/transformers-studio-series-18-deluxe-bumblebee\/#breadcrumb\",\"itemListElement\":[{\"@type\":\"ListItem\",\"position\":1,\"name\":\"Home\",\"item\":\"https:\/\/hobby4geek.com\/\"},{\"@type\":\"ListItem\",\"position\":2,\"name\":\"Shop\",\"item\":\"https:\/\/hobby4geek.com\/shop\/\"},{\"@type\":\"ListItem\",\"position\":3,\"name\":\"Transformers Studio Series &#8211; 18 Deluxe Bumblebee\"}]},{\"@type\":\"WebSite\",\"@id\":\"https:\/\/hobby4geek.com\/#website\",\"url\":\"https:\/\/hobby4geek.com\/\",\"name\":\"Hobby4Geek\",\"description\":\"Collect, Play &amp; Showcase, Embrace your Geekiness\",\"publisher\":{\"@id\":\"https:\/\/hobby4geek.com\/#organization\"},\"potentialAction\":[{\"@type\":\"SearchAction\",\"target\":{\"@type\":\"EntryPoint\",\"urlTemplate\":\"https:\/\/hobby4geek.com\/?s={search_term_string}\"},\"query-input\":{\"@type\":\"PropertyValueSpecification\",\"valueRequired\":true,\"valueName\":\"search_term_string\"}}],\"inLanguage\":\"fr-FR\"},{\"@type\":\"Organization\",\"@id\":\"https:\/\/hobby4geek.com\/#organization\",\"name\":\"Hobby4Geek\",\"url\":\"https:\/\/hobby4geek.com\/\",\"logo\":{\"@type\":\"ImageObject\",\"inLanguage\":\"fr-FR\",\"@id\":\"https:\/\/hobby4geek.com\/#\/schema\/logo\/image\/\",\"url\":\"https:\/\/hobby4geek.com\/wp-content\/uploads\/2023\/02\/default-kit.png\",\"contentUrl\":\"https:\/\/hobby4geek.com\/wp-content\/uploads\/2023\/02\/default-kit.png\",\"width\":600,\"height\":600,\"caption\":\"Hobby4Geek\"},\"image\":{\"@id\":\"https:\/\/hobby4geek.com\/#\/schema\/logo\/image\/\"},\"sameAs\":[\"https:\/\/www.facebook.com\/hobby4geek\",\"https:\/\/x.com\/hobby4geek\",\"https:\/\/www.instagram.com\/hobby4geek\/\"]}]}<\/script>\n<meta property=\"product:brand\" content=\"Transformers\" \/>\n<meta property=\"product:price:amount\" content=\"29.00\" \/>\n<meta property=\"product:price:currency\" content=\"EUR\" \/>\n<meta property=\"og:availability\" content=\"out of stock\" \/>\n<meta property=\"product:availability\" content=\"out of stock\" \/>\n<meta property=\"product:retailer_item_id\" content=\"studioseries018\" \/>\n<meta property=\"product:condition\" content=\"new\" \/>\n<!-- \/ Yoast SEO Premium plugin. -->","yoast_head_json":{"title":"Transformers Studio Series - 18 Deluxe Bumblebee","robots":{"index":"index","follow":"follow","max-snippet":"max-snippet:-1","max-image-preview":"max-image-preview:large","max-video-preview":"max-video-preview:-1"},"canonical":"https:\/\/hobby4geek.com\/fr\/produit\/transformers-studio-series-18-deluxe-bumblebee\/","og_locale":"fr_FR","og_type":"article","og_title":"Transformers Studio Series - 18 Deluxe Bumblebee","og_description":"This Bumblebee robot transforms into a VW Beetle car in 22 steps.  The decor can be removed from the packaging to display Bumblebee in the iconic Charlie's Garage scene.  Size: 11cm  3 accessories","og_url":"https:\/\/hobby4geek.com\/fr\/produit\/transformers-studio-series-18-deluxe-bumblebee\/","og_site_name":"Hobby4Geek","article_publisher":"https:\/\/www.facebook.com\/hobby4geek","article_modified_time":"2024-05-12T11:55:12+00:00","og_image":[{"width":800,"height":800,"url":"https:\/\/hobby4geek.com\/wp-content\/uploads\/2023\/02\/transformers-studio-series-18-deluxe-bumblebee.jpg","type":"image\/jpeg"}],"twitter_card":"summary_large_image","twitter_site":"@hobby4geek","schema":{"@context":"https:\/\/schema.org","@graph":[{"@type":"WebPage","@id":"https:\/\/hobby4geek.com\/product\/transformers-studio-series-18-deluxe-bumblebee\/","url":"https:\/\/hobby4geek.com\/product\/transformers-studio-series-18-deluxe-bumblebee\/","name":"Transformers Studio Series - 18 Deluxe Bumblebee","isPartOf":{"@id":"https:\/\/hobby4geek.com\/#website"},"primaryImageOfPage":{"@id":"https:\/\/hobby4geek.com\/product\/transformers-studio-series-18-deluxe-bumblebee\/#primaryimage"},"image":{"@id":"https:\/\/hobby4geek.com\/product\/transformers-studio-series-18-deluxe-bumblebee\/#primaryimage"},"thumbnailUrl":"https:\/\/hobby4geek.com\/wp-content\/uploads\/2023\/02\/transformers-studio-series-18-deluxe-bumblebee.jpg","datePublished":"2019-08-12T15:17:32+00:00","dateModified":"2024-05-12T11:55:12+00:00","breadcrumb":{"@id":"https:\/\/hobby4geek.com\/product\/transformers-studio-series-18-deluxe-bumblebee\/#breadcrumb"},"inLanguage":"fr-FR","potentialAction":[{"@type":"ReadAction","target":["https:\/\/hobby4geek.com\/product\/transformers-studio-series-18-deluxe-bumblebee\/"]}]},{"@type":"ImageObject","inLanguage":"fr-FR","@id":"https:\/\/hobby4geek.com\/product\/transformers-studio-series-18-deluxe-bumblebee\/#primaryimage","url":"https:\/\/hobby4geek.com\/wp-content\/uploads\/2023\/02\/transformers-studio-series-18-deluxe-bumblebee.jpg","contentUrl":"https:\/\/hobby4geek.com\/wp-content\/uploads\/2023\/02\/transformers-studio-series-18-deluxe-bumblebee.jpg","width":800,"height":800},{"@type":"BreadcrumbList","@id":"https:\/\/hobby4geek.com\/product\/transformers-studio-series-18-deluxe-bumblebee\/#breadcrumb","itemListElement":[{"@type":"ListItem","position":1,"name":"Home","item":"https:\/\/hobby4geek.com\/"},{"@type":"ListItem","position":2,"name":"Shop","item":"https:\/\/hobby4geek.com\/shop\/"},{"@type":"ListItem","position":3,"name":"Transformers Studio Series &#8211; 18 Deluxe Bumblebee"}]},{"@type":"WebSite","@id":"https:\/\/hobby4geek.com\/#website","url":"https:\/\/hobby4geek.com\/","name":"Hobby4Geek","description":"Collectionnez, jouez et exposez, embrassez votre geekitude","publisher":{"@id":"https:\/\/hobby4geek.com\/#organization"},"potentialAction":[{"@type":"SearchAction","target":{"@type":"EntryPoint","urlTemplate":"https:\/\/hobby4geek.com\/?s={search_term_string}"},"query-input":{"@type":"PropertyValueSpecification","valueRequired":true,"valueName":"search_term_string"}}],"inLanguage":"fr-FR"},{"@type":"Organization","@id":"https:\/\/hobby4geek.com\/#organization","name":"Hobby4Geek","url":"https:\/\/hobby4geek.com\/","logo":{"@type":"ImageObject","inLanguage":"fr-FR","@id":"https:\/\/hobby4geek.com\/#\/schema\/logo\/image\/","url":"https:\/\/hobby4geek.com\/wp-content\/uploads\/2023\/02\/default-kit.png","contentUrl":"https:\/\/hobby4geek.com\/wp-content\/uploads\/2023\/02\/default-kit.png","width":600,"height":600,"caption":"Hobby4Geek"},"image":{"@id":"https:\/\/hobby4geek.com\/#\/schema\/logo\/image\/"},"sameAs":["https:\/\/www.facebook.com\/hobby4geek","https:\/\/x.com\/hobby4geek","https:\/\/www.instagram.com\/hobby4geek\/"]}]},"product_brand":"Transformers","product_price_amount":"29.00","product_price_currency":"EUR","og_availability":"out of stock","product_availability":"out of stock","product_retailer_item_id":"studioseries018","product_condition":"new"},"_links":{"self":[{"href":"https:\/\/hobby4geek.com\/fr\/wp-json\/wp\/v2\/product\/81059","targetHints":{"allow":["GET"]}}],"collection":[{"href":"https:\/\/hobby4geek.com\/fr\/wp-json\/wp\/v2\/product"}],"about":[{"href":"https:\/\/hobby4geek.com\/fr\/wp-json\/wp\/v2\/types\/product"}],"replies":[{"embeddable":true,"href":"https:\/\/hobby4geek.com\/fr\/wp-json\/wp\/v2\/comments?post=81059"}],"version-history":[{"count":0,"href":"https:\/\/hobby4geek.com\/fr\/wp-json\/wp\/v2\/product\/81059\/revisions"}],"wp:featuredmedia":[{"embeddable":true,"href":"https:\/\/hobby4geek.com\/fr\/wp-json\/wp\/v2\/media\/179168"}],"wp:attachment":[{"href":"https:\/\/hobby4geek.com\/fr\/wp-json\/wp\/v2\/media?parent=81059"}],"wp:term":[{"taxonomy":"product_brand","embeddable":true,"href":"https:\/\/hobby4geek.com\/fr\/wp-json\/wp\/v2\/product_brand?post=81059"},{"taxonomy":"product_cat","embeddable":true,"href":"https:\/\/hobby4geek.com\/fr\/wp-json\/wp\/v2\/product_cat?post=81059"},{"taxonomy":"product_tag","embeddable":true,"href":"https:\/\/hobby4geek.com\/fr\/wp-json\/wp\/v2\/product_tag?post=81059"},{"taxonomy":"giftcard-category","embeddable":true,"href":"https:\/\/hobby4geek.com\/fr\/wp-json\/wp\/v2\/giftcard-category?post=81059"}],"curies":[{"name":"wp","href":"https:\/\/api.w.org\/{rel}","templated":true}]}}