{"id":737,"date":"2019-02-23T22:26:48","date_gmt":"2019-02-23T21:26:48","guid":{"rendered":"https:\/\/hobby4geek.com\/?post_type=product&#038;p=737"},"modified":"2024-05-12T12:56:42","modified_gmt":"2024-05-12T11:56:42","slug":"ss08-leader-blackout","status":"publish","type":"product","link":"https:\/\/hobby4geek.com\/fr\/produit\/ss08-leader-blackout\/","title":{"rendered":"Transformers Studio Series - 08 Leader Blackout"},"content":{"rendered":"<div class=\"row\">\n<div class=\"col-md-12\">\n<p>Les figurines de la gamme Studio Serie permettent de monter l'ultime collection Transformers et de reproduire des sc\u00e8nes embl\u00e9matiques des films en recr\u00e9ant fid\u00e8lement les sc\u00e8nes du grand \u00e9cran.<\/p>\n<p>Dans le premier film Transformers, la base du d\u00e9sert est le centre des op\u00e9rations militaires alors que les Decepticons amorcent leur recherche de l'Allspark. Faisant faiblir les d\u00e9fenses humaines, Decepticon Blackout infiltre l'espace a\u00e9rien am\u00e9ricain et se change en un \u00e9norme Decepticon tout en rel\u00e2chant Scorponok dans le d\u00e9sert.<\/p>\n<p>Cette figurine Decepticon Blackout passe du mode robot au mode h\u00e9licopt\u00e8re et vice-versa en 23 \u00e9tapes et est offerte avec 2 armes. On peut retirer le d\u00e9cor de l'emballage pour exposer l'\u00e9norme chasseur Decepticon dans la sc\u00e8ne de l'assaut de la base du d\u00e9sert.<\/p>\n<p>&nbsp;<\/p>\n<h4><\/h4>\n<ul>\n<li>Decepticon Blackout de classe leader, Studio Series 08 (Film 1)<\/li>\n<li>Figurine et emballage de premi\u00e8re qualit\u00e9 pour recr\u00e9er l'embl\u00e9matique sc\u00e8ne de l'attaque de la base dans le d\u00e9sert.<\/li>\n<li>Passe du mode robot au mode h\u00e9licopt\u00e8re en 23 \u00e9tapes<\/li>\n<li>D\u00e9cor amovible pour pr\u00e9senter la figurine Decepticon Blackout dans une sc\u00e8ne du film<\/li>\n<\/ul>\n<\/div>\n<\/div>","protected":false},"excerpt":{"rendered":"<ul>\n<li>Decepticon Blackout de classe leader, Studio Series 08 (Film 1)<\/li>\n<li>Figurine et emballage de premi\u00e8re qualit\u00e9 pour recr\u00e9er l'embl\u00e9matique sc\u00e8ne de l'attaque de la base dans le d\u00e9sert.<\/li>\n<li>Passe du mode robot au mode h\u00e9licopt\u00e8re en 23 \u00e9tapes<\/li>\n<li>D\u00e9cor amovible pour pr\u00e9senter la figurine Decepticon Blackout dans une sc\u00e8ne du film<\/li>\n<\/ul>","protected":false},"featured_media":738,"comment_status":"open","ping_status":"closed","template":"","meta":{"inline_featured_image":false},"product_brand":[],"product_cat":[1955,68,69,1960],"product_tag":[200,1759,256,221,253,240,203,1975,204],"giftcard-category":[],"class_list":{"0":"post-737","1":"product","2":"type-product","3":"status-publish","4":"has-post-thumbnail","6":"product_cat-transformers","7":"product_cat-hasbro","8":"product_cat-takara-tomy","9":"product_cat-transformers-generations","10":"product_tag-action-figures","11":"product_tag-action-toys","12":"product_tag-blackout","13":"product_tag-decepticon","14":"product_tag-leader","15":"product_tag-studio-series","16":"product_tag-takara-tomy","17":"product_tag-toys-figures","18":"product_tag-transformers","19":"product_shipping_class-from-china","20":"inventories-china-inventory","22":"first","23":"outofstock","24":"taxable","25":"shipping-taxable","26":"purchasable","27":"product-type-simple","28":"add-to-wishlist-after_add_to_cart"},"yoast_head":"<!-- This site is optimized with the Yoast SEO Premium plugin v25.3.1 (Yoast SEO v27.2) - https:\/\/yoast.com\/product\/yoast-seo-premium-wordpress\/ -->\n<title>Transformers Studio Series - 08 Leader Blackout<\/title>\n<meta name=\"robots\" content=\"index, follow, max-snippet:-1, max-image-preview:large, max-video-preview:-1\" \/>\n<link rel=\"canonical\" href=\"https:\/\/hobby4geek.com\/fr\/produit\/ss08-leader-blackout\/\" \/>\n<meta property=\"og:locale\" content=\"fr_FR\" \/>\n<meta property=\"og:type\" content=\"article\" \/>\n<meta property=\"og:title\" content=\"Transformers Studio Series - 08 Leader Blackout\" \/>\n<meta property=\"og:description\" content=\"Decepticon Blackout de classe leader, Studio Series 08 (Film 1)  Figurine et emballage de premi\u00e8re qualit\u00e9 pour recr\u00e9er l&#039;embl\u00e9matique sc\u00e8ne de l&#039;attaque de la base dans le d\u00e9sert.  Passe du mode robot au mode h\u00e9licopt\u00e8re en 23 \u00e9tapes  D\u00e9cor amovible pour pr\u00e9senter la figurine Decepticon Blackout dans une sc\u00e8ne du film\" \/>\n<meta property=\"og:url\" content=\"https:\/\/hobby4geek.com\/fr\/produit\/ss08-leader-blackout\/\" \/>\n<meta property=\"og:site_name\" content=\"Hobby4Geek\" \/>\n<meta property=\"article:publisher\" content=\"https:\/\/www.facebook.com\/hobby4geek\" \/>\n<meta property=\"article:modified_time\" content=\"2024-05-12T11:56:42+00:00\" \/>\n<meta property=\"og:image\" content=\"https:\/\/hobby4geek.com\/wp-content\/uploads\/2023\/02\/transformers-studio-series-08-leader-blackout.png\" \/>\n\t<meta property=\"og:image:width\" content=\"600\" \/>\n\t<meta property=\"og:image:height\" content=\"600\" \/>\n\t<meta property=\"og:image:type\" content=\"image\/png\" \/>\n<meta name=\"twitter:card\" content=\"summary_large_image\" \/>\n<meta name=\"twitter:site\" content=\"@hobby4geek\" \/>\n<script type=\"application\/ld+json\" class=\"yoast-schema-graph\">{\"@context\":\"https:\/\/schema.org\",\"@graph\":[{\"@type\":\"WebPage\",\"@id\":\"https:\/\/hobby4geek.com\/product\/ss08-leader-blackout\/\",\"url\":\"https:\/\/hobby4geek.com\/product\/ss08-leader-blackout\/\",\"name\":\"Transformers Studio Series - 08 Leader Blackout\",\"isPartOf\":{\"@id\":\"https:\/\/hobby4geek.com\/#website\"},\"primaryImageOfPage\":{\"@id\":\"https:\/\/hobby4geek.com\/product\/ss08-leader-blackout\/#primaryimage\"},\"image\":{\"@id\":\"https:\/\/hobby4geek.com\/product\/ss08-leader-blackout\/#primaryimage\"},\"thumbnailUrl\":\"https:\/\/hobby4geek.com\/wp-content\/uploads\/2023\/02\/transformers-studio-series-08-leader-blackout.png\",\"datePublished\":\"2019-02-23T21:26:48+00:00\",\"dateModified\":\"2024-05-12T11:56:42+00:00\",\"breadcrumb\":{\"@id\":\"https:\/\/hobby4geek.com\/product\/ss08-leader-blackout\/#breadcrumb\"},\"inLanguage\":\"fr-FR\",\"potentialAction\":[{\"@type\":\"ReadAction\",\"target\":[\"https:\/\/hobby4geek.com\/product\/ss08-leader-blackout\/\"]}]},{\"@type\":\"ImageObject\",\"inLanguage\":\"fr-FR\",\"@id\":\"https:\/\/hobby4geek.com\/product\/ss08-leader-blackout\/#primaryimage\",\"url\":\"https:\/\/hobby4geek.com\/wp-content\/uploads\/2023\/02\/transformers-studio-series-08-leader-blackout.png\",\"contentUrl\":\"https:\/\/hobby4geek.com\/wp-content\/uploads\/2023\/02\/transformers-studio-series-08-leader-blackout.png\",\"width\":600,\"height\":600},{\"@type\":\"BreadcrumbList\",\"@id\":\"https:\/\/hobby4geek.com\/product\/ss08-leader-blackout\/#breadcrumb\",\"itemListElement\":[{\"@type\":\"ListItem\",\"position\":1,\"name\":\"Home\",\"item\":\"https:\/\/hobby4geek.com\/\"},{\"@type\":\"ListItem\",\"position\":2,\"name\":\"Shop\",\"item\":\"https:\/\/hobby4geek.com\/shop\/\"},{\"@type\":\"ListItem\",\"position\":3,\"name\":\"Transformers Studio Series &#8211; 08 Leader Blackout\"}]},{\"@type\":\"WebSite\",\"@id\":\"https:\/\/hobby4geek.com\/#website\",\"url\":\"https:\/\/hobby4geek.com\/\",\"name\":\"Hobby4Geek\",\"description\":\"Collect, Play &amp; Showcase, Embrace your Geekiness\",\"publisher\":{\"@id\":\"https:\/\/hobby4geek.com\/#organization\"},\"potentialAction\":[{\"@type\":\"SearchAction\",\"target\":{\"@type\":\"EntryPoint\",\"urlTemplate\":\"https:\/\/hobby4geek.com\/?s={search_term_string}\"},\"query-input\":{\"@type\":\"PropertyValueSpecification\",\"valueRequired\":true,\"valueName\":\"search_term_string\"}}],\"inLanguage\":\"fr-FR\"},{\"@type\":\"Organization\",\"@id\":\"https:\/\/hobby4geek.com\/#organization\",\"name\":\"Hobby4Geek\",\"url\":\"https:\/\/hobby4geek.com\/\",\"logo\":{\"@type\":\"ImageObject\",\"inLanguage\":\"fr-FR\",\"@id\":\"https:\/\/hobby4geek.com\/#\/schema\/logo\/image\/\",\"url\":\"https:\/\/hobby4geek.com\/wp-content\/uploads\/2023\/02\/default-kit.png\",\"contentUrl\":\"https:\/\/hobby4geek.com\/wp-content\/uploads\/2023\/02\/default-kit.png\",\"width\":600,\"height\":600,\"caption\":\"Hobby4Geek\"},\"image\":{\"@id\":\"https:\/\/hobby4geek.com\/#\/schema\/logo\/image\/\"},\"sameAs\":[\"https:\/\/www.facebook.com\/hobby4geek\",\"https:\/\/x.com\/hobby4geek\",\"https:\/\/www.instagram.com\/hobby4geek\/\"]}]}<\/script>\n<meta property=\"product:brand\" content=\"Transformers\" \/>\n<meta property=\"product:price:amount\" content=\"57.00\" \/>\n<meta property=\"product:price:currency\" content=\"EUR\" \/>\n<meta property=\"og:availability\" content=\"out of stock\" \/>\n<meta property=\"product:availability\" content=\"out of stock\" \/>\n<meta property=\"product:condition\" content=\"new\" \/>\n<!-- \/ Yoast SEO Premium plugin. -->","yoast_head_json":{"title":"Transformers Studio Series - 08 Leader Blackout","robots":{"index":"index","follow":"follow","max-snippet":"max-snippet:-1","max-image-preview":"max-image-preview:large","max-video-preview":"max-video-preview:-1"},"canonical":"https:\/\/hobby4geek.com\/fr\/produit\/ss08-leader-blackout\/","og_locale":"fr_FR","og_type":"article","og_title":"Transformers Studio Series - 08 Leader Blackout","og_description":"Decepticon Blackout de classe leader, Studio Series 08 (Film 1)  Figurine et emballage de premi\u00e8re qualit\u00e9 pour recr\u00e9er l'embl\u00e9matique sc\u00e8ne de l'attaque de la base dans le d\u00e9sert.  Passe du mode robot au mode h\u00e9licopt\u00e8re en 23 \u00e9tapes  D\u00e9cor amovible pour pr\u00e9senter la figurine Decepticon Blackout dans une sc\u00e8ne du film","og_url":"https:\/\/hobby4geek.com\/fr\/produit\/ss08-leader-blackout\/","og_site_name":"Hobby4Geek","article_publisher":"https:\/\/www.facebook.com\/hobby4geek","article_modified_time":"2024-05-12T11:56:42+00:00","og_image":[{"width":600,"height":600,"url":"https:\/\/hobby4geek.com\/wp-content\/uploads\/2023\/02\/transformers-studio-series-08-leader-blackout.png","type":"image\/png"}],"twitter_card":"summary_large_image","twitter_site":"@hobby4geek","schema":{"@context":"https:\/\/schema.org","@graph":[{"@type":"WebPage","@id":"https:\/\/hobby4geek.com\/product\/ss08-leader-blackout\/","url":"https:\/\/hobby4geek.com\/product\/ss08-leader-blackout\/","name":"Transformers Studio Series - 08 Leader Blackout","isPartOf":{"@id":"https:\/\/hobby4geek.com\/#website"},"primaryImageOfPage":{"@id":"https:\/\/hobby4geek.com\/product\/ss08-leader-blackout\/#primaryimage"},"image":{"@id":"https:\/\/hobby4geek.com\/product\/ss08-leader-blackout\/#primaryimage"},"thumbnailUrl":"https:\/\/hobby4geek.com\/wp-content\/uploads\/2023\/02\/transformers-studio-series-08-leader-blackout.png","datePublished":"2019-02-23T21:26:48+00:00","dateModified":"2024-05-12T11:56:42+00:00","breadcrumb":{"@id":"https:\/\/hobby4geek.com\/product\/ss08-leader-blackout\/#breadcrumb"},"inLanguage":"fr-FR","potentialAction":[{"@type":"ReadAction","target":["https:\/\/hobby4geek.com\/product\/ss08-leader-blackout\/"]}]},{"@type":"ImageObject","inLanguage":"fr-FR","@id":"https:\/\/hobby4geek.com\/product\/ss08-leader-blackout\/#primaryimage","url":"https:\/\/hobby4geek.com\/wp-content\/uploads\/2023\/02\/transformers-studio-series-08-leader-blackout.png","contentUrl":"https:\/\/hobby4geek.com\/wp-content\/uploads\/2023\/02\/transformers-studio-series-08-leader-blackout.png","width":600,"height":600},{"@type":"BreadcrumbList","@id":"https:\/\/hobby4geek.com\/product\/ss08-leader-blackout\/#breadcrumb","itemListElement":[{"@type":"ListItem","position":1,"name":"Home","item":"https:\/\/hobby4geek.com\/"},{"@type":"ListItem","position":2,"name":"Shop","item":"https:\/\/hobby4geek.com\/shop\/"},{"@type":"ListItem","position":3,"name":"Transformers Studio Series &#8211; 08 Leader Blackout"}]},{"@type":"WebSite","@id":"https:\/\/hobby4geek.com\/#website","url":"https:\/\/hobby4geek.com\/","name":"Hobby4Geek","description":"Collectionnez, jouez et exposez, embrassez votre geekitude","publisher":{"@id":"https:\/\/hobby4geek.com\/#organization"},"potentialAction":[{"@type":"SearchAction","target":{"@type":"EntryPoint","urlTemplate":"https:\/\/hobby4geek.com\/?s={search_term_string}"},"query-input":{"@type":"PropertyValueSpecification","valueRequired":true,"valueName":"search_term_string"}}],"inLanguage":"fr-FR"},{"@type":"Organization","@id":"https:\/\/hobby4geek.com\/#organization","name":"Hobby4Geek","url":"https:\/\/hobby4geek.com\/","logo":{"@type":"ImageObject","inLanguage":"fr-FR","@id":"https:\/\/hobby4geek.com\/#\/schema\/logo\/image\/","url":"https:\/\/hobby4geek.com\/wp-content\/uploads\/2023\/02\/default-kit.png","contentUrl":"https:\/\/hobby4geek.com\/wp-content\/uploads\/2023\/02\/default-kit.png","width":600,"height":600,"caption":"Hobby4Geek"},"image":{"@id":"https:\/\/hobby4geek.com\/#\/schema\/logo\/image\/"},"sameAs":["https:\/\/www.facebook.com\/hobby4geek","https:\/\/x.com\/hobby4geek","https:\/\/www.instagram.com\/hobby4geek\/"]}]},"product_brand":"Transformers","product_price_amount":"57.00","product_price_currency":"EUR","og_availability":"out of stock","product_availability":"out of stock","product_condition":"new"},"_links":{"self":[{"href":"https:\/\/hobby4geek.com\/fr\/wp-json\/wp\/v2\/product\/737","targetHints":{"allow":["GET"]}}],"collection":[{"href":"https:\/\/hobby4geek.com\/fr\/wp-json\/wp\/v2\/product"}],"about":[{"href":"https:\/\/hobby4geek.com\/fr\/wp-json\/wp\/v2\/types\/product"}],"replies":[{"embeddable":true,"href":"https:\/\/hobby4geek.com\/fr\/wp-json\/wp\/v2\/comments?post=737"}],"version-history":[{"count":0,"href":"https:\/\/hobby4geek.com\/fr\/wp-json\/wp\/v2\/product\/737\/revisions"}],"wp:featuredmedia":[{"embeddable":true,"href":"https:\/\/hobby4geek.com\/fr\/wp-json\/wp\/v2\/media\/738"}],"wp:attachment":[{"href":"https:\/\/hobby4geek.com\/fr\/wp-json\/wp\/v2\/media?parent=737"}],"wp:term":[{"taxonomy":"product_brand","embeddable":true,"href":"https:\/\/hobby4geek.com\/fr\/wp-json\/wp\/v2\/product_brand?post=737"},{"taxonomy":"product_cat","embeddable":true,"href":"https:\/\/hobby4geek.com\/fr\/wp-json\/wp\/v2\/product_cat?post=737"},{"taxonomy":"product_tag","embeddable":true,"href":"https:\/\/hobby4geek.com\/fr\/wp-json\/wp\/v2\/product_tag?post=737"},{"taxonomy":"giftcard-category","embeddable":true,"href":"https:\/\/hobby4geek.com\/fr\/wp-json\/wp\/v2\/giftcard-category?post=737"}],"curies":[{"name":"wp","href":"https:\/\/api.w.org\/{rel}","templated":true}]}}