{"id":700,"date":"2019-02-23T20:27:47","date_gmt":"2019-02-23T19:27:47","guid":{"rendered":"https:\/\/hobby4geek.com\/?post_type=product&#038;p=700"},"modified":"2024-05-12T12:55:17","modified_gmt":"2024-05-12T11:55:17","slug":"ss05-voyager-optimus-prime","status":"publish","type":"product","link":"https:\/\/hobby4geek.com\/fr\/produit\/ss05-voyager-optimus-prime\/","title":{"rendered":"Transformers Studio Series - 05 Voyager Optimus Prime"},"content":{"rendered":"<p>Les figurines Studio Series permettent d'assembler la collection ultime Transformers et de reproduire les sc\u00e8nes embl\u00e9matiques des films en recr\u00e9ant fid\u00e8lement les sc\u00e8nes du grand \u00e9cran.<\/p>\n<p>Un affrontement titanesque secoue le sol de la for\u00eat dans Transformers : Revenge. Optimus Prime enflamme ses lames d'energon et affronte Megatron et les Decepticons, pr\u00eat \u00e0 les vaincre tous en m\u00eame temps. Le guerrier l\u00e9gendaire risque tout pour prot\u00e9ger les secrets cybertroniens enferm\u00e9s dans l'esprit de son alli\u00e9 humain.<\/p>\n<p>Cette figurine Studio Series 05 (Movie 2) Leader Class Optimus Prime se convertit du mode robot au mode camion et inversement en 35 \u00e9tapes et est livr\u00e9e avec 2 armes. La toile de fond peut \u00eatre retir\u00e9e de l'emballage pour pr\u00e9senter le chef l\u00e9gendaire des Autobots dans la sc\u00e8ne de combat en for\u00eat.<\/p>\n<ul>\n<li>Transformers Voyager Class Optimus Prime Figure - Studio Series 05 (Movie 2)<\/li>\n<li>Figurine et emballage haut de gamme inspir\u00e9s de l'embl\u00e9matique combat forestier<\/li>\n<li>Passez du mode robot au mode camion et inversement en 35 \u00e9tapes<\/li>\n<li>La toile de fond amovible permet de pr\u00e9senter la figurine Optimus Prime dans la sc\u00e8ne de combat en for\u00eat.<\/li>\n<li>Figurine de 17 cm<\/li>\n<\/ul>","protected":false},"excerpt":{"rendered":"<ul>\n<li>Transformers Voyager Class Optimus Prime Figure - Studio Series 05 (Movie 2)<\/li>\n<li>Figurine et emballage haut de gamme inspir\u00e9s de l'embl\u00e9matique combat forestier<\/li>\n<li>Passez du mode robot au mode camion et inversement en 35 \u00e9tapes<\/li>\n<li>La toile de fond amovible permet de pr\u00e9senter la figurine Optimus Prime dans la sc\u00e8ne de combat en for\u00eat.<\/li>\n<li>Figurine de 17 cm<\/li>\n<\/ul>","protected":false},"featured_media":178223,"comment_status":"open","ping_status":"closed","template":"","meta":{"inline_featured_image":false},"product_brand":[],"product_cat":[1955,68,69,1960],"product_tag":[200,1759,199,234,240,203,1975,204,247],"giftcard-category":[],"class_list":{"0":"post-700","1":"product","2":"type-product","3":"status-publish","4":"has-post-thumbnail","6":"product_cat-transformers","7":"product_cat-hasbro","8":"product_cat-takara-tomy","9":"product_cat-transformers-generations","10":"product_tag-action-figures","11":"product_tag-action-toys","12":"product_tag-autobot","13":"product_tag-optimus-prime","14":"product_tag-studio-series","15":"product_tag-takara-tomy","16":"product_tag-toys-figures","17":"product_tag-transformers","18":"product_tag-voyager","19":"product_shipping_class-from-china","20":"inventories-china-inventory","22":"first","23":"outofstock","24":"taxable","25":"shipping-taxable","26":"purchasable","27":"product-type-simple","28":"add-to-wishlist-after_add_to_cart"},"yoast_head":"<!-- This site is optimized with the Yoast SEO Premium plugin v25.3.1 (Yoast SEO v27.2) - https:\/\/yoast.com\/product\/yoast-seo-premium-wordpress\/ -->\n<title>Transformers Studio Series - 05 Voyager Optimus Prime<\/title>\n<meta name=\"robots\" content=\"index, follow, max-snippet:-1, max-image-preview:large, max-video-preview:-1\" \/>\n<link rel=\"canonical\" href=\"https:\/\/hobby4geek.com\/fr\/produit\/ss05-voyager-optimus-prime\/\" \/>\n<meta property=\"og:locale\" content=\"fr_FR\" \/>\n<meta property=\"og:type\" content=\"article\" \/>\n<meta property=\"og:title\" content=\"Transformers Studio Series - 05 Voyager Optimus Prime\" \/>\n<meta property=\"og:description\" content=\"Transformers Voyager Class Optimus Prime Figure - Studio Series 05 (Movie 2)  Premium figure and packaging inspired by the iconic forest fight  Convert from robot to truck mode and back again in 35 steps  Removable backdrop lets you display the Optimus Prime figure in the forest battle scene  17cm figure\" \/>\n<meta property=\"og:url\" content=\"https:\/\/hobby4geek.com\/fr\/produit\/ss05-voyager-optimus-prime\/\" \/>\n<meta property=\"og:site_name\" content=\"Hobby4Geek\" \/>\n<meta property=\"article:publisher\" content=\"https:\/\/www.facebook.com\/hobby4geek\" \/>\n<meta property=\"article:modified_time\" content=\"2024-05-12T11:55:17+00:00\" \/>\n<meta property=\"og:image\" content=\"https:\/\/hobby4geek.com\/wp-content\/uploads\/2023\/02\/transformers-studio-series-05-voyager-optimus-prime.jpg\" \/>\n\t<meta property=\"og:image:width\" content=\"600\" \/>\n\t<meta property=\"og:image:height\" content=\"600\" \/>\n\t<meta property=\"og:image:type\" content=\"image\/jpeg\" \/>\n<meta name=\"twitter:card\" content=\"summary_large_image\" \/>\n<meta name=\"twitter:site\" content=\"@hobby4geek\" \/>\n<script type=\"application\/ld+json\" class=\"yoast-schema-graph\">{\"@context\":\"https:\/\/schema.org\",\"@graph\":[{\"@type\":\"WebPage\",\"@id\":\"https:\/\/hobby4geek.com\/product\/ss05-voyager-optimus-prime\/\",\"url\":\"https:\/\/hobby4geek.com\/product\/ss05-voyager-optimus-prime\/\",\"name\":\"Transformers Studio Series - 05 Voyager Optimus Prime\",\"isPartOf\":{\"@id\":\"https:\/\/hobby4geek.com\/#website\"},\"primaryImageOfPage\":{\"@id\":\"https:\/\/hobby4geek.com\/product\/ss05-voyager-optimus-prime\/#primaryimage\"},\"image\":{\"@id\":\"https:\/\/hobby4geek.com\/product\/ss05-voyager-optimus-prime\/#primaryimage\"},\"thumbnailUrl\":\"https:\/\/hobby4geek.com\/wp-content\/uploads\/2023\/02\/transformers-studio-series-05-voyager-optimus-prime.jpg\",\"datePublished\":\"2019-02-23T19:27:47+00:00\",\"dateModified\":\"2024-05-12T11:55:17+00:00\",\"breadcrumb\":{\"@id\":\"https:\/\/hobby4geek.com\/product\/ss05-voyager-optimus-prime\/#breadcrumb\"},\"inLanguage\":\"fr-FR\",\"potentialAction\":[{\"@type\":\"ReadAction\",\"target\":[\"https:\/\/hobby4geek.com\/product\/ss05-voyager-optimus-prime\/\"]}]},{\"@type\":\"ImageObject\",\"inLanguage\":\"fr-FR\",\"@id\":\"https:\/\/hobby4geek.com\/product\/ss05-voyager-optimus-prime\/#primaryimage\",\"url\":\"https:\/\/hobby4geek.com\/wp-content\/uploads\/2023\/02\/transformers-studio-series-05-voyager-optimus-prime.jpg\",\"contentUrl\":\"https:\/\/hobby4geek.com\/wp-content\/uploads\/2023\/02\/transformers-studio-series-05-voyager-optimus-prime.jpg\",\"width\":600,\"height\":600,\"caption\":\"SS05 Box\"},{\"@type\":\"BreadcrumbList\",\"@id\":\"https:\/\/hobby4geek.com\/product\/ss05-voyager-optimus-prime\/#breadcrumb\",\"itemListElement\":[{\"@type\":\"ListItem\",\"position\":1,\"name\":\"Home\",\"item\":\"https:\/\/hobby4geek.com\/\"},{\"@type\":\"ListItem\",\"position\":2,\"name\":\"Shop\",\"item\":\"https:\/\/hobby4geek.com\/shop\/\"},{\"@type\":\"ListItem\",\"position\":3,\"name\":\"Transformers Studio Series &#8211; 05 Voyager Optimus Prime\"}]},{\"@type\":\"WebSite\",\"@id\":\"https:\/\/hobby4geek.com\/#website\",\"url\":\"https:\/\/hobby4geek.com\/\",\"name\":\"Hobby4Geek\",\"description\":\"Collect, Play &amp; Showcase, Embrace your Geekiness\",\"publisher\":{\"@id\":\"https:\/\/hobby4geek.com\/#organization\"},\"potentialAction\":[{\"@type\":\"SearchAction\",\"target\":{\"@type\":\"EntryPoint\",\"urlTemplate\":\"https:\/\/hobby4geek.com\/?s={search_term_string}\"},\"query-input\":{\"@type\":\"PropertyValueSpecification\",\"valueRequired\":true,\"valueName\":\"search_term_string\"}}],\"inLanguage\":\"fr-FR\"},{\"@type\":\"Organization\",\"@id\":\"https:\/\/hobby4geek.com\/#organization\",\"name\":\"Hobby4Geek\",\"url\":\"https:\/\/hobby4geek.com\/\",\"logo\":{\"@type\":\"ImageObject\",\"inLanguage\":\"fr-FR\",\"@id\":\"https:\/\/hobby4geek.com\/#\/schema\/logo\/image\/\",\"url\":\"https:\/\/hobby4geek.com\/wp-content\/uploads\/2023\/02\/default-kit.png\",\"contentUrl\":\"https:\/\/hobby4geek.com\/wp-content\/uploads\/2023\/02\/default-kit.png\",\"width\":600,\"height\":600,\"caption\":\"Hobby4Geek\"},\"image\":{\"@id\":\"https:\/\/hobby4geek.com\/#\/schema\/logo\/image\/\"},\"sameAs\":[\"https:\/\/www.facebook.com\/hobby4geek\",\"https:\/\/x.com\/hobby4geek\",\"https:\/\/www.instagram.com\/hobby4geek\/\"]}]}<\/script>\n<meta property=\"product:brand\" content=\"Transformers\" \/>\n<meta property=\"product:price:amount\" content=\"32.00\" \/>\n<meta property=\"product:price:currency\" content=\"EUR\" \/>\n<meta property=\"og:availability\" content=\"out of stock\" \/>\n<meta property=\"product:availability\" content=\"out of stock\" \/>\n<meta property=\"product:condition\" content=\"new\" \/>\n<!-- \/ Yoast SEO Premium plugin. -->","yoast_head_json":{"title":"Transformers Studio Series - 05 Voyager Optimus Prime","robots":{"index":"index","follow":"follow","max-snippet":"max-snippet:-1","max-image-preview":"max-image-preview:large","max-video-preview":"max-video-preview:-1"},"canonical":"https:\/\/hobby4geek.com\/fr\/produit\/ss05-voyager-optimus-prime\/","og_locale":"fr_FR","og_type":"article","og_title":"Transformers Studio Series - 05 Voyager Optimus Prime","og_description":"Transformers Voyager Class Optimus Prime Figure - Studio Series 05 (Movie 2)  Premium figure and packaging inspired by the iconic forest fight  Convert from robot to truck mode and back again in 35 steps  Removable backdrop lets you display the Optimus Prime figure in the forest battle scene  17cm figure","og_url":"https:\/\/hobby4geek.com\/fr\/produit\/ss05-voyager-optimus-prime\/","og_site_name":"Hobby4Geek","article_publisher":"https:\/\/www.facebook.com\/hobby4geek","article_modified_time":"2024-05-12T11:55:17+00:00","og_image":[{"width":600,"height":600,"url":"https:\/\/hobby4geek.com\/wp-content\/uploads\/2023\/02\/transformers-studio-series-05-voyager-optimus-prime.jpg","type":"image\/jpeg"}],"twitter_card":"summary_large_image","twitter_site":"@hobby4geek","schema":{"@context":"https:\/\/schema.org","@graph":[{"@type":"WebPage","@id":"https:\/\/hobby4geek.com\/product\/ss05-voyager-optimus-prime\/","url":"https:\/\/hobby4geek.com\/product\/ss05-voyager-optimus-prime\/","name":"Transformers Studio Series - 05 Voyager Optimus Prime","isPartOf":{"@id":"https:\/\/hobby4geek.com\/#website"},"primaryImageOfPage":{"@id":"https:\/\/hobby4geek.com\/product\/ss05-voyager-optimus-prime\/#primaryimage"},"image":{"@id":"https:\/\/hobby4geek.com\/product\/ss05-voyager-optimus-prime\/#primaryimage"},"thumbnailUrl":"https:\/\/hobby4geek.com\/wp-content\/uploads\/2023\/02\/transformers-studio-series-05-voyager-optimus-prime.jpg","datePublished":"2019-02-23T19:27:47+00:00","dateModified":"2024-05-12T11:55:17+00:00","breadcrumb":{"@id":"https:\/\/hobby4geek.com\/product\/ss05-voyager-optimus-prime\/#breadcrumb"},"inLanguage":"fr-FR","potentialAction":[{"@type":"ReadAction","target":["https:\/\/hobby4geek.com\/product\/ss05-voyager-optimus-prime\/"]}]},{"@type":"ImageObject","inLanguage":"fr-FR","@id":"https:\/\/hobby4geek.com\/product\/ss05-voyager-optimus-prime\/#primaryimage","url":"https:\/\/hobby4geek.com\/wp-content\/uploads\/2023\/02\/transformers-studio-series-05-voyager-optimus-prime.jpg","contentUrl":"https:\/\/hobby4geek.com\/wp-content\/uploads\/2023\/02\/transformers-studio-series-05-voyager-optimus-prime.jpg","width":600,"height":600,"caption":"SS05 Box"},{"@type":"BreadcrumbList","@id":"https:\/\/hobby4geek.com\/product\/ss05-voyager-optimus-prime\/#breadcrumb","itemListElement":[{"@type":"ListItem","position":1,"name":"Home","item":"https:\/\/hobby4geek.com\/"},{"@type":"ListItem","position":2,"name":"Shop","item":"https:\/\/hobby4geek.com\/shop\/"},{"@type":"ListItem","position":3,"name":"Transformers Studio Series &#8211; 05 Voyager Optimus Prime"}]},{"@type":"WebSite","@id":"https:\/\/hobby4geek.com\/#website","url":"https:\/\/hobby4geek.com\/","name":"Hobby4Geek","description":"Collectionnez, jouez et exposez, embrassez votre geekitude","publisher":{"@id":"https:\/\/hobby4geek.com\/#organization"},"potentialAction":[{"@type":"SearchAction","target":{"@type":"EntryPoint","urlTemplate":"https:\/\/hobby4geek.com\/?s={search_term_string}"},"query-input":{"@type":"PropertyValueSpecification","valueRequired":true,"valueName":"search_term_string"}}],"inLanguage":"fr-FR"},{"@type":"Organization","@id":"https:\/\/hobby4geek.com\/#organization","name":"Hobby4Geek","url":"https:\/\/hobby4geek.com\/","logo":{"@type":"ImageObject","inLanguage":"fr-FR","@id":"https:\/\/hobby4geek.com\/#\/schema\/logo\/image\/","url":"https:\/\/hobby4geek.com\/wp-content\/uploads\/2023\/02\/default-kit.png","contentUrl":"https:\/\/hobby4geek.com\/wp-content\/uploads\/2023\/02\/default-kit.png","width":600,"height":600,"caption":"Hobby4Geek"},"image":{"@id":"https:\/\/hobby4geek.com\/#\/schema\/logo\/image\/"},"sameAs":["https:\/\/www.facebook.com\/hobby4geek","https:\/\/x.com\/hobby4geek","https:\/\/www.instagram.com\/hobby4geek\/"]}]},"product_brand":"Transformers","product_price_amount":"32.00","product_price_currency":"EUR","og_availability":"out of stock","product_availability":"out of stock","product_condition":"new"},"_links":{"self":[{"href":"https:\/\/hobby4geek.com\/fr\/wp-json\/wp\/v2\/product\/700","targetHints":{"allow":["GET"]}}],"collection":[{"href":"https:\/\/hobby4geek.com\/fr\/wp-json\/wp\/v2\/product"}],"about":[{"href":"https:\/\/hobby4geek.com\/fr\/wp-json\/wp\/v2\/types\/product"}],"replies":[{"embeddable":true,"href":"https:\/\/hobby4geek.com\/fr\/wp-json\/wp\/v2\/comments?post=700"}],"version-history":[{"count":0,"href":"https:\/\/hobby4geek.com\/fr\/wp-json\/wp\/v2\/product\/700\/revisions"}],"wp:featuredmedia":[{"embeddable":true,"href":"https:\/\/hobby4geek.com\/fr\/wp-json\/wp\/v2\/media\/178223"}],"wp:attachment":[{"href":"https:\/\/hobby4geek.com\/fr\/wp-json\/wp\/v2\/media?parent=700"}],"wp:term":[{"taxonomy":"product_brand","embeddable":true,"href":"https:\/\/hobby4geek.com\/fr\/wp-json\/wp\/v2\/product_brand?post=700"},{"taxonomy":"product_cat","embeddable":true,"href":"https:\/\/hobby4geek.com\/fr\/wp-json\/wp\/v2\/product_cat?post=700"},{"taxonomy":"product_tag","embeddable":true,"href":"https:\/\/hobby4geek.com\/fr\/wp-json\/wp\/v2\/product_tag?post=700"},{"taxonomy":"giftcard-category","embeddable":true,"href":"https:\/\/hobby4geek.com\/fr\/wp-json\/wp\/v2\/giftcard-category?post=700"}],"curies":[{"name":"wp","href":"https:\/\/api.w.org\/{rel}","templated":true}]}}