{"id":46347,"date":"2019-07-27T14:59:46","date_gmt":"2019-07-27T14:59:46","guid":{"rendered":"https:\/\/hobby4geek.com\/?post_type=product&#038;p=46347"},"modified":"2024-05-12T12:56:36","modified_gmt":"2024-05-12T11:56:36","slug":"transformers-ghostbusters-mp-10g-ecto-35-optimus-prime","status":"publish","type":"product","link":"https:\/\/hobby4geek.com\/fr\/produit\/transformers-ghostbusters-mp-10g-ecto-35-optimus-prime\/","title":{"rendered":"Transformers Ghostbusters MP-10G ECTO-35 Optimus Prime"},"content":{"rendered":"<p>Transformers Ghostbusters MP-10G ECTO-35 Prime avec remorque (San Diego Comic-Con 2019 Exclusive Edition - Ecto-35th Anniversary Ghostbusters Optimus Franchise)<\/p>\n<p>Dans une bo\u00eete ayant la forme d'un paquet de protons et pouvant \u00eatre transport\u00e9e comme un sac \u00e0 dos<\/p>\n<p>Il s'agit de l'\u00e9dition Ecto 35.<\/p>\n<ul>\n<li>Matrice<\/li>\n<li>fusil laser<\/li>\n<li>Ghostbusters Deco Trailer<\/li>\n<li>Rouleau d\u00e9co Ghostbusters avec pi\u00e8ge \u00e0 fant\u00f4mes am\u00e9lior\u00e9<\/li>\n<li>Figurine peinte Slimer<\/li>\n<li>Pack de protons unique dans cette version<\/li>\n<li>MP-10 Optimus dans la d\u00e9co Ecto-1.<\/li>\n<li>Mat\u00e9riau : Plastique ABS, moulage sous pression<\/li>\n<li>Hauteur : 25cm \/ 9.84\u2033.<\/li>\n<\/ul>","protected":false},"excerpt":{"rendered":"<ul>\n<li>Matrice<\/li>\n<li>fusil laser<\/li>\n<li>Ghostbusters Deco Trailer<\/li>\n<li>Rouleau d\u00e9co Ghostbusters avec pi\u00e8ge \u00e0 fant\u00f4mes am\u00e9lior\u00e9<\/li>\n<li>Figurine peinte Slimer<\/li>\n<li>Pack de protons unique dans cette version<\/li>\n<li>MP-10 Optimus dans la d\u00e9co Ecto-1.<\/li>\n<li>Mat\u00e9riau : Plastique ABS, moulage sous pression<\/li>\n<li>Hauteur : 25cm \/ 9.84\u2033.<\/li>\n<\/ul>","protected":false},"featured_media":179026,"comment_status":"open","ping_status":"closed","template":"","meta":{"inline_featured_image":false},"product_brand":[],"product_cat":[1955,68,69],"product_tag":[1759,514,515,230,516,234,517,518,1975,204],"giftcard-category":[],"class_list":{"0":"post-46347","1":"product","2":"type-product","3":"status-publish","4":"has-post-thumbnail","6":"product_cat-transformers","7":"product_cat-hasbro","8":"product_cat-takara-tomy","9":"product_tag-action-toys","10":"product_tag-ecto-35","11":"product_tag-ghostbusters","12":"product_tag-masterpiece","13":"product_tag-mp-10g","14":"product_tag-optimus-prime","15":"product_tag-san-diego-comic-con-2019","16":"product_tag-sdcc-2019","17":"product_tag-toys-figures","18":"product_tag-transformers","19":"product_shipping_class-from-china","20":"inventories-china-inventory","22":"first","23":"outofstock","24":"sold-individually","25":"taxable","26":"shipping-taxable","27":"purchasable","28":"product-type-simple","29":"add-to-wishlist-after_add_to_cart"},"yoast_head":"<!-- This site is optimized with the Yoast SEO Premium plugin v25.3.1 (Yoast SEO v27.2) - https:\/\/yoast.com\/product\/yoast-seo-premium-wordpress\/ -->\n<title>Transformers Ghostbusters MP-10G ECTO-35 Optimus Prime<\/title>\n<meta name=\"robots\" content=\"index, follow, max-snippet:-1, max-image-preview:large, max-video-preview:-1\" \/>\n<link rel=\"canonical\" href=\"https:\/\/hobby4geek.com\/fr\/produit\/transformers-ghostbusters-mp-10g-ecto-35-optimus-prime\/\" \/>\n<meta property=\"og:locale\" content=\"fr_FR\" \/>\n<meta property=\"og:type\" content=\"article\" \/>\n<meta property=\"og:title\" content=\"Transformers Ghostbusters MP-10G ECTO-35 Optimus Prime\" \/>\n<meta property=\"og:description\" content=\"Matrix  laser rifle  Ghostbusters Deco Trailer  Ghostbusters Deco Roller with Ghost Trap Upgrade  Slimer Painted Figure  Unique Proton Pack in this version  MP-10 Optimus in Ecto-1 deco.  Material: ABS plastic, die-cast  Height: 25cm \/ 9.84&quot;\" \/>\n<meta property=\"og:url\" content=\"https:\/\/hobby4geek.com\/fr\/produit\/transformers-ghostbusters-mp-10g-ecto-35-optimus-prime\/\" \/>\n<meta property=\"og:site_name\" content=\"Hobby4Geek\" \/>\n<meta property=\"article:publisher\" content=\"https:\/\/www.facebook.com\/hobby4geek\" \/>\n<meta property=\"article:modified_time\" content=\"2024-05-12T11:56:36+00:00\" \/>\n<meta property=\"og:image\" content=\"https:\/\/hobby4geek.com\/wp-content\/uploads\/2023\/02\/transformers-ghostbusters-mp-10g-ecto-35-optimus-prime-1.jpg\" \/>\n\t<meta property=\"og:image:width\" content=\"700\" \/>\n\t<meta property=\"og:image:height\" content=\"700\" \/>\n\t<meta property=\"og:image:type\" content=\"image\/jpeg\" \/>\n<meta name=\"twitter:card\" content=\"summary_large_image\" \/>\n<meta name=\"twitter:site\" content=\"@hobby4geek\" \/>\n<script type=\"application\/ld+json\" class=\"yoast-schema-graph\">{\"@context\":\"https:\/\/schema.org\",\"@graph\":[{\"@type\":\"WebPage\",\"@id\":\"https:\/\/hobby4geek.com\/product\/transformers-ghostbusters-mp-10g-ecto-35-optimus-prime\/\",\"url\":\"https:\/\/hobby4geek.com\/product\/transformers-ghostbusters-mp-10g-ecto-35-optimus-prime\/\",\"name\":\"Transformers Ghostbusters MP-10G ECTO-35 Optimus Prime\",\"isPartOf\":{\"@id\":\"https:\/\/hobby4geek.com\/#website\"},\"primaryImageOfPage\":{\"@id\":\"https:\/\/hobby4geek.com\/product\/transformers-ghostbusters-mp-10g-ecto-35-optimus-prime\/#primaryimage\"},\"image\":{\"@id\":\"https:\/\/hobby4geek.com\/product\/transformers-ghostbusters-mp-10g-ecto-35-optimus-prime\/#primaryimage\"},\"thumbnailUrl\":\"https:\/\/hobby4geek.com\/wp-content\/uploads\/2023\/02\/transformers-ghostbusters-mp-10g-ecto-35-optimus-prime-1.jpg\",\"datePublished\":\"2019-07-27T14:59:46+00:00\",\"dateModified\":\"2024-05-12T11:56:36+00:00\",\"breadcrumb\":{\"@id\":\"https:\/\/hobby4geek.com\/product\/transformers-ghostbusters-mp-10g-ecto-35-optimus-prime\/#breadcrumb\"},\"inLanguage\":\"fr-FR\",\"potentialAction\":[{\"@type\":\"ReadAction\",\"target\":[\"https:\/\/hobby4geek.com\/product\/transformers-ghostbusters-mp-10g-ecto-35-optimus-prime\/\"]}]},{\"@type\":\"ImageObject\",\"inLanguage\":\"fr-FR\",\"@id\":\"https:\/\/hobby4geek.com\/product\/transformers-ghostbusters-mp-10g-ecto-35-optimus-prime\/#primaryimage\",\"url\":\"https:\/\/hobby4geek.com\/wp-content\/uploads\/2023\/02\/transformers-ghostbusters-mp-10g-ecto-35-optimus-prime-1.jpg\",\"contentUrl\":\"https:\/\/hobby4geek.com\/wp-content\/uploads\/2023\/02\/transformers-ghostbusters-mp-10g-ecto-35-optimus-prime-1.jpg\",\"width\":700,\"height\":700},{\"@type\":\"BreadcrumbList\",\"@id\":\"https:\/\/hobby4geek.com\/product\/transformers-ghostbusters-mp-10g-ecto-35-optimus-prime\/#breadcrumb\",\"itemListElement\":[{\"@type\":\"ListItem\",\"position\":1,\"name\":\"Home\",\"item\":\"https:\/\/hobby4geek.com\/\"},{\"@type\":\"ListItem\",\"position\":2,\"name\":\"Shop\",\"item\":\"https:\/\/hobby4geek.com\/shop\/\"},{\"@type\":\"ListItem\",\"position\":3,\"name\":\"Transformers Ghostbusters MP-10G ECTO-35 Optimus Prime\"}]},{\"@type\":\"WebSite\",\"@id\":\"https:\/\/hobby4geek.com\/#website\",\"url\":\"https:\/\/hobby4geek.com\/\",\"name\":\"Hobby4Geek\",\"description\":\"Collect, Play &amp; Showcase, Embrace your Geekiness\",\"publisher\":{\"@id\":\"https:\/\/hobby4geek.com\/#organization\"},\"potentialAction\":[{\"@type\":\"SearchAction\",\"target\":{\"@type\":\"EntryPoint\",\"urlTemplate\":\"https:\/\/hobby4geek.com\/?s={search_term_string}\"},\"query-input\":{\"@type\":\"PropertyValueSpecification\",\"valueRequired\":true,\"valueName\":\"search_term_string\"}}],\"inLanguage\":\"fr-FR\"},{\"@type\":\"Organization\",\"@id\":\"https:\/\/hobby4geek.com\/#organization\",\"name\":\"Hobby4Geek\",\"url\":\"https:\/\/hobby4geek.com\/\",\"logo\":{\"@type\":\"ImageObject\",\"inLanguage\":\"fr-FR\",\"@id\":\"https:\/\/hobby4geek.com\/#\/schema\/logo\/image\/\",\"url\":\"https:\/\/hobby4geek.com\/wp-content\/uploads\/2023\/02\/default-kit.png\",\"contentUrl\":\"https:\/\/hobby4geek.com\/wp-content\/uploads\/2023\/02\/default-kit.png\",\"width\":600,\"height\":600,\"caption\":\"Hobby4Geek\"},\"image\":{\"@id\":\"https:\/\/hobby4geek.com\/#\/schema\/logo\/image\/\"},\"sameAs\":[\"https:\/\/www.facebook.com\/hobby4geek\",\"https:\/\/x.com\/hobby4geek\",\"https:\/\/www.instagram.com\/hobby4geek\/\"]}]}<\/script>\n<meta property=\"product:brand\" content=\"Transformers\" \/>\n<meta property=\"product:price:amount\" content=\"313.57\" \/>\n<meta property=\"product:price:currency\" content=\"EUR\" \/>\n<meta property=\"og:availability\" content=\"out of stock\" \/>\n<meta property=\"product:availability\" content=\"out of stock\" \/>\n<meta property=\"product:retailer_item_id\" content=\"MP-10G-ECTO-35-Prime\" \/>\n<meta property=\"product:condition\" content=\"new\" \/>\n<!-- \/ Yoast SEO Premium plugin. -->","yoast_head_json":{"title":"Transformers Ghostbusters MP-10G ECTO-35 Optimus Prime","robots":{"index":"index","follow":"follow","max-snippet":"max-snippet:-1","max-image-preview":"max-image-preview:large","max-video-preview":"max-video-preview:-1"},"canonical":"https:\/\/hobby4geek.com\/fr\/produit\/transformers-ghostbusters-mp-10g-ecto-35-optimus-prime\/","og_locale":"fr_FR","og_type":"article","og_title":"Transformers Ghostbusters MP-10G ECTO-35 Optimus Prime","og_description":"Matrix  laser rifle  Ghostbusters Deco Trailer  Ghostbusters Deco Roller with Ghost Trap Upgrade  Slimer Painted Figure  Unique Proton Pack in this version  MP-10 Optimus in Ecto-1 deco.  Material: ABS plastic, die-cast  Height: 25cm \/ 9.84\"","og_url":"https:\/\/hobby4geek.com\/fr\/produit\/transformers-ghostbusters-mp-10g-ecto-35-optimus-prime\/","og_site_name":"Hobby4Geek","article_publisher":"https:\/\/www.facebook.com\/hobby4geek","article_modified_time":"2024-05-12T11:56:36+00:00","og_image":[{"width":700,"height":700,"url":"https:\/\/hobby4geek.com\/wp-content\/uploads\/2023\/02\/transformers-ghostbusters-mp-10g-ecto-35-optimus-prime-1.jpg","type":"image\/jpeg"}],"twitter_card":"summary_large_image","twitter_site":"@hobby4geek","schema":{"@context":"https:\/\/schema.org","@graph":[{"@type":"WebPage","@id":"https:\/\/hobby4geek.com\/product\/transformers-ghostbusters-mp-10g-ecto-35-optimus-prime\/","url":"https:\/\/hobby4geek.com\/product\/transformers-ghostbusters-mp-10g-ecto-35-optimus-prime\/","name":"Transformers Ghostbusters MP-10G ECTO-35 Optimus Prime","isPartOf":{"@id":"https:\/\/hobby4geek.com\/#website"},"primaryImageOfPage":{"@id":"https:\/\/hobby4geek.com\/product\/transformers-ghostbusters-mp-10g-ecto-35-optimus-prime\/#primaryimage"},"image":{"@id":"https:\/\/hobby4geek.com\/product\/transformers-ghostbusters-mp-10g-ecto-35-optimus-prime\/#primaryimage"},"thumbnailUrl":"https:\/\/hobby4geek.com\/wp-content\/uploads\/2023\/02\/transformers-ghostbusters-mp-10g-ecto-35-optimus-prime-1.jpg","datePublished":"2019-07-27T14:59:46+00:00","dateModified":"2024-05-12T11:56:36+00:00","breadcrumb":{"@id":"https:\/\/hobby4geek.com\/product\/transformers-ghostbusters-mp-10g-ecto-35-optimus-prime\/#breadcrumb"},"inLanguage":"fr-FR","potentialAction":[{"@type":"ReadAction","target":["https:\/\/hobby4geek.com\/product\/transformers-ghostbusters-mp-10g-ecto-35-optimus-prime\/"]}]},{"@type":"ImageObject","inLanguage":"fr-FR","@id":"https:\/\/hobby4geek.com\/product\/transformers-ghostbusters-mp-10g-ecto-35-optimus-prime\/#primaryimage","url":"https:\/\/hobby4geek.com\/wp-content\/uploads\/2023\/02\/transformers-ghostbusters-mp-10g-ecto-35-optimus-prime-1.jpg","contentUrl":"https:\/\/hobby4geek.com\/wp-content\/uploads\/2023\/02\/transformers-ghostbusters-mp-10g-ecto-35-optimus-prime-1.jpg","width":700,"height":700},{"@type":"BreadcrumbList","@id":"https:\/\/hobby4geek.com\/product\/transformers-ghostbusters-mp-10g-ecto-35-optimus-prime\/#breadcrumb","itemListElement":[{"@type":"ListItem","position":1,"name":"Home","item":"https:\/\/hobby4geek.com\/"},{"@type":"ListItem","position":2,"name":"Shop","item":"https:\/\/hobby4geek.com\/shop\/"},{"@type":"ListItem","position":3,"name":"Transformers Ghostbusters MP-10G ECTO-35 Optimus Prime"}]},{"@type":"WebSite","@id":"https:\/\/hobby4geek.com\/#website","url":"https:\/\/hobby4geek.com\/","name":"Hobby4Geek","description":"Collectionnez, jouez et exposez, embrassez votre geekitude","publisher":{"@id":"https:\/\/hobby4geek.com\/#organization"},"potentialAction":[{"@type":"SearchAction","target":{"@type":"EntryPoint","urlTemplate":"https:\/\/hobby4geek.com\/?s={search_term_string}"},"query-input":{"@type":"PropertyValueSpecification","valueRequired":true,"valueName":"search_term_string"}}],"inLanguage":"fr-FR"},{"@type":"Organization","@id":"https:\/\/hobby4geek.com\/#organization","name":"Hobby4Geek","url":"https:\/\/hobby4geek.com\/","logo":{"@type":"ImageObject","inLanguage":"fr-FR","@id":"https:\/\/hobby4geek.com\/#\/schema\/logo\/image\/","url":"https:\/\/hobby4geek.com\/wp-content\/uploads\/2023\/02\/default-kit.png","contentUrl":"https:\/\/hobby4geek.com\/wp-content\/uploads\/2023\/02\/default-kit.png","width":600,"height":600,"caption":"Hobby4Geek"},"image":{"@id":"https:\/\/hobby4geek.com\/#\/schema\/logo\/image\/"},"sameAs":["https:\/\/www.facebook.com\/hobby4geek","https:\/\/x.com\/hobby4geek","https:\/\/www.instagram.com\/hobby4geek\/"]}]},"product_brand":"Transformers","product_price_amount":"313.57","product_price_currency":"EUR","og_availability":"out of stock","product_availability":"out of stock","product_retailer_item_id":"MP-10G-ECTO-35-Prime","product_condition":"new"},"_links":{"self":[{"href":"https:\/\/hobby4geek.com\/fr\/wp-json\/wp\/v2\/product\/46347","targetHints":{"allow":["GET"]}}],"collection":[{"href":"https:\/\/hobby4geek.com\/fr\/wp-json\/wp\/v2\/product"}],"about":[{"href":"https:\/\/hobby4geek.com\/fr\/wp-json\/wp\/v2\/types\/product"}],"replies":[{"embeddable":true,"href":"https:\/\/hobby4geek.com\/fr\/wp-json\/wp\/v2\/comments?post=46347"}],"version-history":[{"count":0,"href":"https:\/\/hobby4geek.com\/fr\/wp-json\/wp\/v2\/product\/46347\/revisions"}],"wp:featuredmedia":[{"embeddable":true,"href":"https:\/\/hobby4geek.com\/fr\/wp-json\/wp\/v2\/media\/179026"}],"wp:attachment":[{"href":"https:\/\/hobby4geek.com\/fr\/wp-json\/wp\/v2\/media?parent=46347"}],"wp:term":[{"taxonomy":"product_brand","embeddable":true,"href":"https:\/\/hobby4geek.com\/fr\/wp-json\/wp\/v2\/product_brand?post=46347"},{"taxonomy":"product_cat","embeddable":true,"href":"https:\/\/hobby4geek.com\/fr\/wp-json\/wp\/v2\/product_cat?post=46347"},{"taxonomy":"product_tag","embeddable":true,"href":"https:\/\/hobby4geek.com\/fr\/wp-json\/wp\/v2\/product_tag?post=46347"},{"taxonomy":"giftcard-category","embeddable":true,"href":"https:\/\/hobby4geek.com\/fr\/wp-json\/wp\/v2\/giftcard-category?post=46347"}],"curies":[{"name":"wp","href":"https:\/\/api.w.org\/{rel}","templated":true}]}}