{"id":45759,"date":"2019-07-27T14:29:36","date_gmt":"2019-07-27T14:29:36","guid":{"rendered":"https:\/\/hobby4geek.com\/?post_type=product&#038;p=45759"},"modified":"2024-05-12T12:56:37","modified_gmt":"2024-05-12T11:56:37","slug":"transformers-masterpiece-mp-9-rodimus-convoy-reissue-asian-3c","status":"publish","type":"product","link":"https:\/\/hobby4geek.com\/fr\/produit\/transformers-masterpiece-mp-9-rodimus-convoy-reissue-asian-3c\/","title":{"rendered":"Transformers Masterpiece MP-9 Rodimus Convoy (R\u00e9\u00e9dition asiatique 3C)"},"content":{"rendered":"<p>Transformers Takara Tomy Masterpiece MP-9 Rodimus Convoy (Asian 3C Reissue) Edition limit\u00e9e avec pi\u00e8ce de collection<\/p>\n<p>Avec le logo du Long Life Design Award.<\/p>\n<p>Masterpiece Rodimus Prime comprend une remorque transformable et articul\u00e9e, avec une grande attention aux d\u00e9tails et des traits de caract\u00e8re tr\u00e8s proches de ceux de Rodimus Prime dans le film original Transformers.<\/p>\n<p>Cette pi\u00e8ce est tr\u00e8s grande, semblable \u00e0 la MP-4 Perfect edition prime, y compris sa remorque et ses accessoires.<\/p>\n<p>Cette figurine fait partie de la collection 2010 Transformers de Takara Tomy, rendant hommage aux grandes figurines du mill\u00e9sime 2010 de G1 !<\/p>\n<ul>\n<li>Masterpiece MP-9 Rodimus Figure<\/li>\n<li>Laser \u00e0 photons A<\/li>\n<li>Laser \u00e0 photons B (se combine avec A pour former un grand fusil Rodimus)<\/li>\n<li>Fixation manuelle de la lame de scie<\/li>\n<li>Fixation de l'outil de soudage<\/li>\n<li>Matrice de commande<\/li>\n<li>Pi\u00e8ce de collection - Carte de collection<\/li>\n<li>Mat\u00e9riau : ABS<\/li>\n<li>Hauteur : 25cm<\/li>\n<\/ul>","protected":false},"excerpt":{"rendered":"<ul>\n<li>Masterpiece MP-9 Rodimus Figure<\/li>\n<li>Laser \u00e0 photons A<\/li>\n<li>Laser \u00e0 photons B (se combine avec A pour former un grand fusil Rodimus)<\/li>\n<li>Fixation manuelle de la lame de scie<\/li>\n<li>Fixation de l'outil de soudage<\/li>\n<li>Matrice de commande<\/li>\n<li>Pi\u00e8ce de collection - Carte de collection<\/li>\n<li>Mat\u00e9riau : ABS<\/li>\n<li>Hauteur : 25cm<\/li>\n<\/ul>","protected":false},"featured_media":179016,"comment_status":"open","ping_status":"closed","template":"","meta":{"inline_featured_image":false},"product_brand":[],"product_cat":[1955,68,69],"product_tag":[502,1759,503,504,505,230,506,507,508,509,510,1975,204],"giftcard-category":[],"class_list":{"0":"post-45759","1":"product","2":"type-product","3":"status-publish","4":"has-post-thumbnail","6":"product_cat-transformers","7":"product_cat-hasbro","8":"product_cat-takara-tomy","9":"product_tag-3c","10":"product_tag-action-toys","11":"product_tag-asian","12":"product_tag-collectors-coin","13":"product_tag-convoy","14":"product_tag-masterpiece","15":"product_tag-mp-09","16":"product_tag-mp-9","17":"product_tag-mp09","18":"product_tag-reissue","19":"product_tag-rodimus","20":"product_tag-toys-figures","21":"product_tag-transformers","22":"product_shipping_class-from-china","23":"inventories-china-inventory","25":"first","26":"outofstock","27":"taxable","28":"shipping-taxable","29":"purchasable","30":"product-type-simple","31":"add-to-wishlist-after_add_to_cart"},"yoast_head":"<!-- This site is optimized with the Yoast SEO Premium plugin v25.3.1 (Yoast SEO v27.2) - https:\/\/yoast.com\/product\/yoast-seo-premium-wordpress\/ -->\n<title>Transformers Masterpiece MP-9 Rodimus Convoy (Reissue Asian 3C)<\/title>\n<meta name=\"robots\" content=\"index, follow, max-snippet:-1, max-image-preview:large, max-video-preview:-1\" \/>\n<link rel=\"canonical\" href=\"https:\/\/hobby4geek.com\/fr\/produit\/transformers-masterpiece-mp-9-rodimus-convoy-reissue-asian-3c\/\" \/>\n<meta property=\"og:locale\" content=\"fr_FR\" \/>\n<meta property=\"og:type\" content=\"article\" \/>\n<meta property=\"og:title\" content=\"Transformers Masterpiece MP-9 Rodimus Convoy (Reissue Asian 3C)\" \/>\n<meta property=\"og:description\" content=\"Masterpiece MP-9 Rodimus Figure  Photon Laser A  Photon Laser B (combines with A to form a large Rodimus Rifle)  Fixing the saw blade by hand  Fixing the welding tool  Command Matrix  Collector&#039;s item - Collector&#039;s card  Material: ABS  Height: 25cm\" \/>\n<meta property=\"og:url\" content=\"https:\/\/hobby4geek.com\/fr\/produit\/transformers-masterpiece-mp-9-rodimus-convoy-reissue-asian-3c\/\" \/>\n<meta property=\"og:site_name\" content=\"Hobby4Geek\" \/>\n<meta property=\"article:publisher\" content=\"https:\/\/www.facebook.com\/hobby4geek\" \/>\n<meta property=\"article:modified_time\" content=\"2024-05-12T11:56:37+00:00\" \/>\n<meta property=\"og:image\" content=\"https:\/\/hobby4geek.com\/wp-content\/uploads\/2023\/02\/transformers-masterpiece-mp-9-rodimus-convoy-reissue-asian-3c-8.jpg\" \/>\n\t<meta property=\"og:image:width\" content=\"687\" \/>\n\t<meta property=\"og:image:height\" content=\"454\" \/>\n\t<meta property=\"og:image:type\" content=\"image\/jpeg\" \/>\n<meta name=\"twitter:card\" content=\"summary_large_image\" \/>\n<meta name=\"twitter:site\" content=\"@hobby4geek\" \/>\n<script type=\"application\/ld+json\" class=\"yoast-schema-graph\">{\"@context\":\"https:\/\/schema.org\",\"@graph\":[{\"@type\":\"WebPage\",\"@id\":\"https:\/\/hobby4geek.com\/product\/transformers-masterpiece-mp-9-rodimus-convoy-reissue-asian-3c\/\",\"url\":\"https:\/\/hobby4geek.com\/product\/transformers-masterpiece-mp-9-rodimus-convoy-reissue-asian-3c\/\",\"name\":\"Transformers Masterpiece MP-9 Rodimus Convoy (Reissue Asian 3C)\",\"isPartOf\":{\"@id\":\"https:\/\/hobby4geek.com\/#website\"},\"primaryImageOfPage\":{\"@id\":\"https:\/\/hobby4geek.com\/product\/transformers-masterpiece-mp-9-rodimus-convoy-reissue-asian-3c\/#primaryimage\"},\"image\":{\"@id\":\"https:\/\/hobby4geek.com\/product\/transformers-masterpiece-mp-9-rodimus-convoy-reissue-asian-3c\/#primaryimage\"},\"thumbnailUrl\":\"https:\/\/hobby4geek.com\/wp-content\/uploads\/2023\/02\/transformers-masterpiece-mp-9-rodimus-convoy-reissue-asian-3c-8.jpg\",\"datePublished\":\"2019-07-27T14:29:36+00:00\",\"dateModified\":\"2024-05-12T11:56:37+00:00\",\"breadcrumb\":{\"@id\":\"https:\/\/hobby4geek.com\/product\/transformers-masterpiece-mp-9-rodimus-convoy-reissue-asian-3c\/#breadcrumb\"},\"inLanguage\":\"fr-FR\",\"potentialAction\":[{\"@type\":\"ReadAction\",\"target\":[\"https:\/\/hobby4geek.com\/product\/transformers-masterpiece-mp-9-rodimus-convoy-reissue-asian-3c\/\"]}]},{\"@type\":\"ImageObject\",\"inLanguage\":\"fr-FR\",\"@id\":\"https:\/\/hobby4geek.com\/product\/transformers-masterpiece-mp-9-rodimus-convoy-reissue-asian-3c\/#primaryimage\",\"url\":\"https:\/\/hobby4geek.com\/wp-content\/uploads\/2023\/02\/transformers-masterpiece-mp-9-rodimus-convoy-reissue-asian-3c-8.jpg\",\"contentUrl\":\"https:\/\/hobby4geek.com\/wp-content\/uploads\/2023\/02\/transformers-masterpiece-mp-9-rodimus-convoy-reissue-asian-3c-8.jpg\",\"width\":687,\"height\":454},{\"@type\":\"BreadcrumbList\",\"@id\":\"https:\/\/hobby4geek.com\/product\/transformers-masterpiece-mp-9-rodimus-convoy-reissue-asian-3c\/#breadcrumb\",\"itemListElement\":[{\"@type\":\"ListItem\",\"position\":1,\"name\":\"Home\",\"item\":\"https:\/\/hobby4geek.com\/\"},{\"@type\":\"ListItem\",\"position\":2,\"name\":\"Shop\",\"item\":\"https:\/\/hobby4geek.com\/shop\/\"},{\"@type\":\"ListItem\",\"position\":3,\"name\":\"Transformers Masterpiece MP-9 Rodimus Convoy (Reissue Asian 3C)\"}]},{\"@type\":\"WebSite\",\"@id\":\"https:\/\/hobby4geek.com\/#website\",\"url\":\"https:\/\/hobby4geek.com\/\",\"name\":\"Hobby4Geek\",\"description\":\"Collect, Play &amp; Showcase, Embrace your Geekiness\",\"publisher\":{\"@id\":\"https:\/\/hobby4geek.com\/#organization\"},\"potentialAction\":[{\"@type\":\"SearchAction\",\"target\":{\"@type\":\"EntryPoint\",\"urlTemplate\":\"https:\/\/hobby4geek.com\/?s={search_term_string}\"},\"query-input\":{\"@type\":\"PropertyValueSpecification\",\"valueRequired\":true,\"valueName\":\"search_term_string\"}}],\"inLanguage\":\"fr-FR\"},{\"@type\":\"Organization\",\"@id\":\"https:\/\/hobby4geek.com\/#organization\",\"name\":\"Hobby4Geek\",\"url\":\"https:\/\/hobby4geek.com\/\",\"logo\":{\"@type\":\"ImageObject\",\"inLanguage\":\"fr-FR\",\"@id\":\"https:\/\/hobby4geek.com\/#\/schema\/logo\/image\/\",\"url\":\"https:\/\/hobby4geek.com\/wp-content\/uploads\/2023\/02\/default-kit.png\",\"contentUrl\":\"https:\/\/hobby4geek.com\/wp-content\/uploads\/2023\/02\/default-kit.png\",\"width\":600,\"height\":600,\"caption\":\"Hobby4Geek\"},\"image\":{\"@id\":\"https:\/\/hobby4geek.com\/#\/schema\/logo\/image\/\"},\"sameAs\":[\"https:\/\/www.facebook.com\/hobby4geek\",\"https:\/\/x.com\/hobby4geek\",\"https:\/\/www.instagram.com\/hobby4geek\/\"]}]}<\/script>\n<meta property=\"product:brand\" content=\"Transformers\" \/>\n<meta property=\"product:price:amount\" content=\"241.14\" \/>\n<meta property=\"product:price:currency\" content=\"EUR\" \/>\n<meta property=\"og:availability\" content=\"out of stock\" \/>\n<meta property=\"product:availability\" content=\"out of stock\" \/>\n<meta property=\"product:retailer_item_id\" content=\"MP9-Rodimus-Convoy-RA3C\" \/>\n<meta property=\"product:condition\" content=\"new\" \/>\n<!-- \/ Yoast SEO Premium plugin. -->","yoast_head_json":{"title":"Transformers Masterpiece MP-9 Rodimus Convoy (R\u00e9\u00e9dition asiatique 3C)","robots":{"index":"index","follow":"follow","max-snippet":"max-snippet:-1","max-image-preview":"max-image-preview:large","max-video-preview":"max-video-preview:-1"},"canonical":"https:\/\/hobby4geek.com\/fr\/produit\/transformers-masterpiece-mp-9-rodimus-convoy-reissue-asian-3c\/","og_locale":"fr_FR","og_type":"article","og_title":"Transformers Masterpiece MP-9 Rodimus Convoy (Reissue Asian 3C)","og_description":"Masterpiece MP-9 Rodimus Figure  Photon Laser A  Photon Laser B (combines with A to form a large Rodimus Rifle)  Fixing the saw blade by hand  Fixing the welding tool  Command Matrix  Collector's item - Collector's card  Material: ABS  Height: 25cm","og_url":"https:\/\/hobby4geek.com\/fr\/produit\/transformers-masterpiece-mp-9-rodimus-convoy-reissue-asian-3c\/","og_site_name":"Hobby4Geek","article_publisher":"https:\/\/www.facebook.com\/hobby4geek","article_modified_time":"2024-05-12T11:56:37+00:00","og_image":[{"width":687,"height":454,"url":"https:\/\/hobby4geek.com\/wp-content\/uploads\/2023\/02\/transformers-masterpiece-mp-9-rodimus-convoy-reissue-asian-3c-8.jpg","type":"image\/jpeg"}],"twitter_card":"summary_large_image","twitter_site":"@hobby4geek","schema":{"@context":"https:\/\/schema.org","@graph":[{"@type":"WebPage","@id":"https:\/\/hobby4geek.com\/product\/transformers-masterpiece-mp-9-rodimus-convoy-reissue-asian-3c\/","url":"https:\/\/hobby4geek.com\/product\/transformers-masterpiece-mp-9-rodimus-convoy-reissue-asian-3c\/","name":"Transformers Masterpiece MP-9 Rodimus Convoy (R\u00e9\u00e9dition asiatique 3C)","isPartOf":{"@id":"https:\/\/hobby4geek.com\/#website"},"primaryImageOfPage":{"@id":"https:\/\/hobby4geek.com\/product\/transformers-masterpiece-mp-9-rodimus-convoy-reissue-asian-3c\/#primaryimage"},"image":{"@id":"https:\/\/hobby4geek.com\/product\/transformers-masterpiece-mp-9-rodimus-convoy-reissue-asian-3c\/#primaryimage"},"thumbnailUrl":"https:\/\/hobby4geek.com\/wp-content\/uploads\/2023\/02\/transformers-masterpiece-mp-9-rodimus-convoy-reissue-asian-3c-8.jpg","datePublished":"2019-07-27T14:29:36+00:00","dateModified":"2024-05-12T11:56:37+00:00","breadcrumb":{"@id":"https:\/\/hobby4geek.com\/product\/transformers-masterpiece-mp-9-rodimus-convoy-reissue-asian-3c\/#breadcrumb"},"inLanguage":"fr-FR","potentialAction":[{"@type":"ReadAction","target":["https:\/\/hobby4geek.com\/product\/transformers-masterpiece-mp-9-rodimus-convoy-reissue-asian-3c\/"]}]},{"@type":"ImageObject","inLanguage":"fr-FR","@id":"https:\/\/hobby4geek.com\/product\/transformers-masterpiece-mp-9-rodimus-convoy-reissue-asian-3c\/#primaryimage","url":"https:\/\/hobby4geek.com\/wp-content\/uploads\/2023\/02\/transformers-masterpiece-mp-9-rodimus-convoy-reissue-asian-3c-8.jpg","contentUrl":"https:\/\/hobby4geek.com\/wp-content\/uploads\/2023\/02\/transformers-masterpiece-mp-9-rodimus-convoy-reissue-asian-3c-8.jpg","width":687,"height":454},{"@type":"BreadcrumbList","@id":"https:\/\/hobby4geek.com\/product\/transformers-masterpiece-mp-9-rodimus-convoy-reissue-asian-3c\/#breadcrumb","itemListElement":[{"@type":"ListItem","position":1,"name":"Home","item":"https:\/\/hobby4geek.com\/"},{"@type":"ListItem","position":2,"name":"Shop","item":"https:\/\/hobby4geek.com\/shop\/"},{"@type":"ListItem","position":3,"name":"Transformers Masterpiece MP-9 Rodimus Convoy (Reissue Asian 3C)"}]},{"@type":"WebSite","@id":"https:\/\/hobby4geek.com\/#website","url":"https:\/\/hobby4geek.com\/","name":"Hobby4Geek","description":"Collectionnez, jouez et exposez, embrassez votre geekitude","publisher":{"@id":"https:\/\/hobby4geek.com\/#organization"},"potentialAction":[{"@type":"SearchAction","target":{"@type":"EntryPoint","urlTemplate":"https:\/\/hobby4geek.com\/?s={search_term_string}"},"query-input":{"@type":"PropertyValueSpecification","valueRequired":true,"valueName":"search_term_string"}}],"inLanguage":"fr-FR"},{"@type":"Organization","@id":"https:\/\/hobby4geek.com\/#organization","name":"Hobby4Geek","url":"https:\/\/hobby4geek.com\/","logo":{"@type":"ImageObject","inLanguage":"fr-FR","@id":"https:\/\/hobby4geek.com\/#\/schema\/logo\/image\/","url":"https:\/\/hobby4geek.com\/wp-content\/uploads\/2023\/02\/default-kit.png","contentUrl":"https:\/\/hobby4geek.com\/wp-content\/uploads\/2023\/02\/default-kit.png","width":600,"height":600,"caption":"Hobby4Geek"},"image":{"@id":"https:\/\/hobby4geek.com\/#\/schema\/logo\/image\/"},"sameAs":["https:\/\/www.facebook.com\/hobby4geek","https:\/\/x.com\/hobby4geek","https:\/\/www.instagram.com\/hobby4geek\/"]}]},"product_brand":"Transformers","product_price_amount":"241.14","product_price_currency":"EUR","og_availability":"out of stock","product_availability":"out of stock","product_retailer_item_id":"MP9-Rodimus-Convoy-RA3C","product_condition":"new"},"_links":{"self":[{"href":"https:\/\/hobby4geek.com\/fr\/wp-json\/wp\/v2\/product\/45759","targetHints":{"allow":["GET"]}}],"collection":[{"href":"https:\/\/hobby4geek.com\/fr\/wp-json\/wp\/v2\/product"}],"about":[{"href":"https:\/\/hobby4geek.com\/fr\/wp-json\/wp\/v2\/types\/product"}],"replies":[{"embeddable":true,"href":"https:\/\/hobby4geek.com\/fr\/wp-json\/wp\/v2\/comments?post=45759"}],"version-history":[{"count":0,"href":"https:\/\/hobby4geek.com\/fr\/wp-json\/wp\/v2\/product\/45759\/revisions"}],"wp:featuredmedia":[{"embeddable":true,"href":"https:\/\/hobby4geek.com\/fr\/wp-json\/wp\/v2\/media\/179016"}],"wp:attachment":[{"href":"https:\/\/hobby4geek.com\/fr\/wp-json\/wp\/v2\/media?parent=45759"}],"wp:term":[{"taxonomy":"product_brand","embeddable":true,"href":"https:\/\/hobby4geek.com\/fr\/wp-json\/wp\/v2\/product_brand?post=45759"},{"taxonomy":"product_cat","embeddable":true,"href":"https:\/\/hobby4geek.com\/fr\/wp-json\/wp\/v2\/product_cat?post=45759"},{"taxonomy":"product_tag","embeddable":true,"href":"https:\/\/hobby4geek.com\/fr\/wp-json\/wp\/v2\/product_tag?post=45759"},{"taxonomy":"giftcard-category","embeddable":true,"href":"https:\/\/hobby4geek.com\/fr\/wp-json\/wp\/v2\/giftcard-category?post=45759"}],"curies":[{"name":"wp","href":"https:\/\/api.w.org\/{rel}","templated":true}]}}