{"id":2555,"date":"2019-06-13T13:27:16","date_gmt":"2019-06-13T12:27:16","guid":{"rendered":"https:\/\/hobby4geek.com\/?post_type=product&#038;p=2555"},"modified":"2024-05-12T12:56:37","modified_gmt":"2024-05-12T11:56:37","slug":"3a-transformers-optimus-prime-dlx-collectible-series","status":"publish","type":"product","link":"https:\/\/hobby4geek.com\/fr\/produit\/3a-transformers-optimus-prime-dlx-collectible-series\/","title":{"rendered":"ThreeZero - Transformers Optimus Prime - S\u00e9rie DLX \u00e0 collectionner"},"content":{"rendered":"<p>Hasbro et 3Zero sont fiers de pr\u00e9senter le courageux chef des Autobots, Optimus Prime, le prochain personnage passionnant de la s\u00e9rie DLX \u00e0 collectionner !<\/p>\n<p>Le tr\u00e8s attendu DLX Optimus Prime mesure 11,2 pouces et pr\u00e9sente des d\u00e9tails fid\u00e8les \u00e0 l'\u00e9cran, 53 points d'articulation, des yeux \u00e9clair\u00e9s par LED et des pi\u00e8ces en m\u00e9tal moul\u00e9 sous pression !<\/p>\n<p>Chaque figurine de collection \u00e0 l'\u00e9chelle DLX pr\u00e9sente des sculptures tr\u00e8s d\u00e9taill\u00e9es, un large \u00e9ventail d'articulations, des d\u00e9tails \u00e9clair\u00e9s par LED, des pi\u00e8ces en m\u00e9tal moul\u00e9 sous pression et la peinture r\u00e9sistante aux intemp\u00e9ries qui a fait la r\u00e9putation de 3A et 3Zero - le tout \u00e0 une plus petite \u00e9chelle !<\/p>\n<p>D'une hauteur de 8 pouces, le Bumblebee \u00e0 l'\u00e9chelle DLX comporte 55 points d'articulation, des yeux \u00e9clair\u00e9s par LED, un Stinger Blaster interchangeable et des pi\u00e8ces en m\u00e9tal moul\u00e9 sous pression !<\/p>\n<p>\u25cf Licence officielle de Hasbro et Paramount Pictures<br \/>\n\u25cf Hauteur d'environ 28,4 cm (11,2 pouces)<br \/>\n\u25cf 53 points d'articulation<br \/>\n\u25cf \u0152il lumineux LED<br \/>\n\u25cf Pi\u00e8ces m\u00e9talliques moul\u00e9es sous pression<\/p>\n<p><b>Comprendre :<\/b><br \/>\n\u25cf 4 paires de mains interchangeables<br \/>\n\u25cf Blaster \u00e0 ions<br \/>\n\u25cf Socle d'action avec base<\/p>\n<p><strong>Mat\u00e9riau utilis\u00e9 \/ Informations sur le produit :<\/strong><br \/>\n\u25cfMat\u00e9riau - ABS, PVC, POM, ZINC ALLOY<br \/>\n\u25cf Pile - AG-13 x 2 (non incluse) (piles non incluses)<\/p>","protected":false},"excerpt":{"rendered":"<ul>\n<li>\u00a0Licence officielle de Hasbro et Paramount Pictures<br \/>\n\u25cf Hauteur d'environ 28,4 cm (11,2 pouces)<br \/>\n\u25cf 53 points d'articulation<br \/>\n\u25cf \u0152il lumineux LED<br \/>\n\u25cf Pi\u00e8ces m\u00e9talliques moul\u00e9es sous pression<\/li>\n<\/ul>","protected":false},"featured_media":178975,"comment_status":"open","ping_status":"closed","template":"","meta":{"inline_featured_image":false},"product_brand":[],"product_cat":[1955,68,90],"product_tag":[332,199,1976,333,334,335,1936,234,265,337,204,2453],"giftcard-category":[],"class_list":{"0":"post-2555","1":"product","2":"type-product","3":"status-publish","4":"has-post-thumbnail","6":"product_cat-transformers","7":"product_cat-hasbro","8":"product_cat-threezero","9":"product_tag-3a","10":"product_tag-autobot","11":"product_tag-collector-figures","12":"product_tag-dlx-collectible-series","13":"product_tag-film","14":"product_tag-hasbro","15":"product_tag-models-co","16":"product_tag-optimus-prime","17":"product_tag-pre-orders","18":"product_tag-threea","19":"product_tag-transformers","20":"product_tag-transformers-x-threezero","21":"product_shipping_class-from-china","23":"first","24":"outofstock","25":"taxable","26":"shipping-taxable","27":"purchasable","28":"product-type-simple","29":"add-to-wishlist-after_add_to_cart"},"yoast_head":"<!-- This site is optimized with the Yoast SEO Premium plugin v25.3.1 (Yoast SEO v27.2) - https:\/\/yoast.com\/product\/yoast-seo-premium-wordpress\/ -->\n<title>ThreeZero - Transformers Optimus Prime - DLX Collectible Series<\/title>\n<meta name=\"robots\" content=\"index, follow, max-snippet:-1, max-image-preview:large, max-video-preview:-1\" \/>\n<link rel=\"canonical\" href=\"https:\/\/hobby4geek.com\/fr\/produit\/3a-transformers-optimus-prime-dlx-collectible-series\/\" \/>\n<meta property=\"og:locale\" content=\"fr_FR\" \/>\n<meta property=\"og:type\" content=\"article\" \/>\n<meta property=\"og:title\" content=\"ThreeZero - Transformers Optimus Prime - DLX Collectible Series\" \/>\n<meta property=\"og:description\" content=\"\u00a0Official license from Hasbro and Paramount Pictures \u25cf Approximately 28.4 cm (11.2 inches) tall \u25cf 53 points of articulation \u25cf LED light eyes \u25cf Die-cast metal parts\" \/>\n<meta property=\"og:url\" content=\"https:\/\/hobby4geek.com\/fr\/produit\/3a-transformers-optimus-prime-dlx-collectible-series\/\" \/>\n<meta property=\"og:site_name\" content=\"Hobby4Geek\" \/>\n<meta property=\"article:publisher\" content=\"https:\/\/www.facebook.com\/hobby4geek\" \/>\n<meta property=\"article:modified_time\" content=\"2024-05-12T11:56:37+00:00\" \/>\n<meta property=\"og:image\" content=\"https:\/\/hobby4geek.com\/wp-content\/uploads\/2023\/02\/threezero-transformers-optimus-prime-dlx-collectible-series.jpg\" \/>\n\t<meta property=\"og:image:width\" content=\"800\" \/>\n\t<meta property=\"og:image:height\" content=\"800\" \/>\n\t<meta property=\"og:image:type\" content=\"image\/jpeg\" \/>\n<meta name=\"twitter:card\" content=\"summary_large_image\" \/>\n<meta name=\"twitter:site\" content=\"@hobby4geek\" \/>\n<script type=\"application\/ld+json\" class=\"yoast-schema-graph\">{\"@context\":\"https:\/\/schema.org\",\"@graph\":[{\"@type\":\"WebPage\",\"@id\":\"https:\/\/hobby4geek.com\/product\/3a-transformers-optimus-prime-dlx-collectible-series\/\",\"url\":\"https:\/\/hobby4geek.com\/product\/3a-transformers-optimus-prime-dlx-collectible-series\/\",\"name\":\"ThreeZero - Transformers Optimus Prime - DLX Collectible Series\",\"isPartOf\":{\"@id\":\"https:\/\/hobby4geek.com\/#website\"},\"primaryImageOfPage\":{\"@id\":\"https:\/\/hobby4geek.com\/product\/3a-transformers-optimus-prime-dlx-collectible-series\/#primaryimage\"},\"image\":{\"@id\":\"https:\/\/hobby4geek.com\/product\/3a-transformers-optimus-prime-dlx-collectible-series\/#primaryimage\"},\"thumbnailUrl\":\"https:\/\/hobby4geek.com\/wp-content\/uploads\/2023\/02\/threezero-transformers-optimus-prime-dlx-collectible-series.jpg\",\"datePublished\":\"2019-06-13T12:27:16+00:00\",\"dateModified\":\"2024-05-12T11:56:37+00:00\",\"breadcrumb\":{\"@id\":\"https:\/\/hobby4geek.com\/product\/3a-transformers-optimus-prime-dlx-collectible-series\/#breadcrumb\"},\"inLanguage\":\"fr-FR\",\"potentialAction\":[{\"@type\":\"ReadAction\",\"target\":[\"https:\/\/hobby4geek.com\/product\/3a-transformers-optimus-prime-dlx-collectible-series\/\"]}]},{\"@type\":\"ImageObject\",\"inLanguage\":\"fr-FR\",\"@id\":\"https:\/\/hobby4geek.com\/product\/3a-transformers-optimus-prime-dlx-collectible-series\/#primaryimage\",\"url\":\"https:\/\/hobby4geek.com\/wp-content\/uploads\/2023\/02\/threezero-transformers-optimus-prime-dlx-collectible-series.jpg\",\"contentUrl\":\"https:\/\/hobby4geek.com\/wp-content\/uploads\/2023\/02\/threezero-transformers-optimus-prime-dlx-collectible-series.jpg\",\"width\":800,\"height\":800},{\"@type\":\"BreadcrumbList\",\"@id\":\"https:\/\/hobby4geek.com\/product\/3a-transformers-optimus-prime-dlx-collectible-series\/#breadcrumb\",\"itemListElement\":[{\"@type\":\"ListItem\",\"position\":1,\"name\":\"Home\",\"item\":\"https:\/\/hobby4geek.com\/\"},{\"@type\":\"ListItem\",\"position\":2,\"name\":\"Shop\",\"item\":\"https:\/\/hobby4geek.com\/shop\/\"},{\"@type\":\"ListItem\",\"position\":3,\"name\":\"ThreeZero &#8211; Transformers Optimus Prime &#8211; DLX Collectible Series\"}]},{\"@type\":\"WebSite\",\"@id\":\"https:\/\/hobby4geek.com\/#website\",\"url\":\"https:\/\/hobby4geek.com\/\",\"name\":\"Hobby4Geek\",\"description\":\"Collect, Play &amp; Showcase, Embrace your Geekiness\",\"publisher\":{\"@id\":\"https:\/\/hobby4geek.com\/#organization\"},\"potentialAction\":[{\"@type\":\"SearchAction\",\"target\":{\"@type\":\"EntryPoint\",\"urlTemplate\":\"https:\/\/hobby4geek.com\/?s={search_term_string}\"},\"query-input\":{\"@type\":\"PropertyValueSpecification\",\"valueRequired\":true,\"valueName\":\"search_term_string\"}}],\"inLanguage\":\"fr-FR\"},{\"@type\":\"Organization\",\"@id\":\"https:\/\/hobby4geek.com\/#organization\",\"name\":\"Hobby4Geek\",\"url\":\"https:\/\/hobby4geek.com\/\",\"logo\":{\"@type\":\"ImageObject\",\"inLanguage\":\"fr-FR\",\"@id\":\"https:\/\/hobby4geek.com\/#\/schema\/logo\/image\/\",\"url\":\"https:\/\/hobby4geek.com\/wp-content\/uploads\/2023\/02\/default-kit.png\",\"contentUrl\":\"https:\/\/hobby4geek.com\/wp-content\/uploads\/2023\/02\/default-kit.png\",\"width\":600,\"height\":600,\"caption\":\"Hobby4Geek\"},\"image\":{\"@id\":\"https:\/\/hobby4geek.com\/#\/schema\/logo\/image\/\"},\"sameAs\":[\"https:\/\/www.facebook.com\/hobby4geek\",\"https:\/\/x.com\/hobby4geek\",\"https:\/\/www.instagram.com\/hobby4geek\/\"]}]}<\/script>\n<meta property=\"product:brand\" content=\"Transformers\" \/>\n<meta property=\"product:price:amount\" content=\"264.98\" \/>\n<meta property=\"product:price:currency\" content=\"EUR\" \/>\n<meta property=\"og:availability\" content=\"out of stock\" \/>\n<meta property=\"product:availability\" content=\"out of stock\" \/>\n<meta property=\"product:condition\" content=\"new\" \/>\n<!-- \/ Yoast SEO Premium plugin. -->","yoast_head_json":{"title":"ThreeZero - Transformers Optimus Prime - S\u00e9rie DLX \u00e0 collectionner","robots":{"index":"index","follow":"follow","max-snippet":"max-snippet:-1","max-image-preview":"max-image-preview:large","max-video-preview":"max-video-preview:-1"},"canonical":"https:\/\/hobby4geek.com\/fr\/produit\/3a-transformers-optimus-prime-dlx-collectible-series\/","og_locale":"fr_FR","og_type":"article","og_title":"ThreeZero - Transformers Optimus Prime - DLX Collectible Series","og_description":"\u00a0Official license from Hasbro and Paramount Pictures \u25cf Approximately 28.4 cm (11.2 inches) tall \u25cf 53 points of articulation \u25cf LED light eyes \u25cf Die-cast metal parts","og_url":"https:\/\/hobby4geek.com\/fr\/produit\/3a-transformers-optimus-prime-dlx-collectible-series\/","og_site_name":"Hobby4Geek","article_publisher":"https:\/\/www.facebook.com\/hobby4geek","article_modified_time":"2024-05-12T11:56:37+00:00","og_image":[{"width":800,"height":800,"url":"https:\/\/hobby4geek.com\/wp-content\/uploads\/2023\/02\/threezero-transformers-optimus-prime-dlx-collectible-series.jpg","type":"image\/jpeg"}],"twitter_card":"summary_large_image","twitter_site":"@hobby4geek","schema":{"@context":"https:\/\/schema.org","@graph":[{"@type":"WebPage","@id":"https:\/\/hobby4geek.com\/product\/3a-transformers-optimus-prime-dlx-collectible-series\/","url":"https:\/\/hobby4geek.com\/product\/3a-transformers-optimus-prime-dlx-collectible-series\/","name":"ThreeZero - Transformers Optimus Prime - S\u00e9rie DLX \u00e0 collectionner","isPartOf":{"@id":"https:\/\/hobby4geek.com\/#website"},"primaryImageOfPage":{"@id":"https:\/\/hobby4geek.com\/product\/3a-transformers-optimus-prime-dlx-collectible-series\/#primaryimage"},"image":{"@id":"https:\/\/hobby4geek.com\/product\/3a-transformers-optimus-prime-dlx-collectible-series\/#primaryimage"},"thumbnailUrl":"https:\/\/hobby4geek.com\/wp-content\/uploads\/2023\/02\/threezero-transformers-optimus-prime-dlx-collectible-series.jpg","datePublished":"2019-06-13T12:27:16+00:00","dateModified":"2024-05-12T11:56:37+00:00","breadcrumb":{"@id":"https:\/\/hobby4geek.com\/product\/3a-transformers-optimus-prime-dlx-collectible-series\/#breadcrumb"},"inLanguage":"fr-FR","potentialAction":[{"@type":"ReadAction","target":["https:\/\/hobby4geek.com\/product\/3a-transformers-optimus-prime-dlx-collectible-series\/"]}]},{"@type":"ImageObject","inLanguage":"fr-FR","@id":"https:\/\/hobby4geek.com\/product\/3a-transformers-optimus-prime-dlx-collectible-series\/#primaryimage","url":"https:\/\/hobby4geek.com\/wp-content\/uploads\/2023\/02\/threezero-transformers-optimus-prime-dlx-collectible-series.jpg","contentUrl":"https:\/\/hobby4geek.com\/wp-content\/uploads\/2023\/02\/threezero-transformers-optimus-prime-dlx-collectible-series.jpg","width":800,"height":800},{"@type":"BreadcrumbList","@id":"https:\/\/hobby4geek.com\/product\/3a-transformers-optimus-prime-dlx-collectible-series\/#breadcrumb","itemListElement":[{"@type":"ListItem","position":1,"name":"Home","item":"https:\/\/hobby4geek.com\/"},{"@type":"ListItem","position":2,"name":"Shop","item":"https:\/\/hobby4geek.com\/shop\/"},{"@type":"ListItem","position":3,"name":"ThreeZero &#8211; Transformers Optimus Prime &#8211; DLX Collectible Series"}]},{"@type":"WebSite","@id":"https:\/\/hobby4geek.com\/#website","url":"https:\/\/hobby4geek.com\/","name":"Hobby4Geek","description":"Collectionnez, jouez et exposez, embrassez votre geekitude","publisher":{"@id":"https:\/\/hobby4geek.com\/#organization"},"potentialAction":[{"@type":"SearchAction","target":{"@type":"EntryPoint","urlTemplate":"https:\/\/hobby4geek.com\/?s={search_term_string}"},"query-input":{"@type":"PropertyValueSpecification","valueRequired":true,"valueName":"search_term_string"}}],"inLanguage":"fr-FR"},{"@type":"Organization","@id":"https:\/\/hobby4geek.com\/#organization","name":"Hobby4Geek","url":"https:\/\/hobby4geek.com\/","logo":{"@type":"ImageObject","inLanguage":"fr-FR","@id":"https:\/\/hobby4geek.com\/#\/schema\/logo\/image\/","url":"https:\/\/hobby4geek.com\/wp-content\/uploads\/2023\/02\/default-kit.png","contentUrl":"https:\/\/hobby4geek.com\/wp-content\/uploads\/2023\/02\/default-kit.png","width":600,"height":600,"caption":"Hobby4Geek"},"image":{"@id":"https:\/\/hobby4geek.com\/#\/schema\/logo\/image\/"},"sameAs":["https:\/\/www.facebook.com\/hobby4geek","https:\/\/x.com\/hobby4geek","https:\/\/www.instagram.com\/hobby4geek\/"]}]},"product_brand":"Transformers","product_price_amount":"264.98","product_price_currency":"EUR","og_availability":"out of stock","product_availability":"out of stock","product_condition":"new"},"_links":{"self":[{"href":"https:\/\/hobby4geek.com\/fr\/wp-json\/wp\/v2\/product\/2555","targetHints":{"allow":["GET"]}}],"collection":[{"href":"https:\/\/hobby4geek.com\/fr\/wp-json\/wp\/v2\/product"}],"about":[{"href":"https:\/\/hobby4geek.com\/fr\/wp-json\/wp\/v2\/types\/product"}],"replies":[{"embeddable":true,"href":"https:\/\/hobby4geek.com\/fr\/wp-json\/wp\/v2\/comments?post=2555"}],"version-history":[{"count":0,"href":"https:\/\/hobby4geek.com\/fr\/wp-json\/wp\/v2\/product\/2555\/revisions"}],"wp:featuredmedia":[{"embeddable":true,"href":"https:\/\/hobby4geek.com\/fr\/wp-json\/wp\/v2\/media\/178975"}],"wp:attachment":[{"href":"https:\/\/hobby4geek.com\/fr\/wp-json\/wp\/v2\/media?parent=2555"}],"wp:term":[{"taxonomy":"product_brand","embeddable":true,"href":"https:\/\/hobby4geek.com\/fr\/wp-json\/wp\/v2\/product_brand?post=2555"},{"taxonomy":"product_cat","embeddable":true,"href":"https:\/\/hobby4geek.com\/fr\/wp-json\/wp\/v2\/product_cat?post=2555"},{"taxonomy":"product_tag","embeddable":true,"href":"https:\/\/hobby4geek.com\/fr\/wp-json\/wp\/v2\/product_tag?post=2555"},{"taxonomy":"giftcard-category","embeddable":true,"href":"https:\/\/hobby4geek.com\/fr\/wp-json\/wp\/v2\/giftcard-category?post=2555"}],"curies":[{"name":"wp","href":"https:\/\/api.w.org\/{rel}","templated":true}]}}