{"id":199231,"date":"2024-07-02T14:41:43","date_gmt":"2024-07-02T13:41:43","guid":{"rendered":"https:\/\/hobby4geek.com\/?post_type=product&#038;p=199231"},"modified":"2025-05-20T15:33:16","modified_gmt":"2025-05-20T14:33:16","slug":"dream-star-toys-%e6%97%a0%e7%95%8f%e6%88%98%e7%a5%9e-dst01-005-%e9%a3%9e%e7%81%ab%e6%88%98%e8%80%85-scorch-flight","status":"publish","type":"product","link":"https:\/\/hobby4geek.com\/fr\/produit\/dream-star-toys-%e6%97%a0%e7%95%8f%e6%88%98%e7%a5%9e-dst01-005-%e9%a3%9e%e7%81%ab%e6%88%98%e8%80%85-scorch-flight\/","title":{"rendered":"DREAM STAR TOYS \u65e0\u754f\u6218\u795e DST01-005 \u98de\u706b\u6218\u8005 SCORCH FLIGHT"},"content":{"rendered":"<p><strong>DREAM STAR TOYS \u65e0\u754f\u6218\u795e DST01-005 \u98de\u706b\u6218\u8005 Scorch Flight est disponible chez Hobby4Geek !<\/strong><\/p>\n<p>Plongez dans un design \u00e9poustouflant et unique, qui rompt avec les habituels personnages de dessins anim\u00e9s. <strong>Scorch Flight<\/strong> offre une sculpture audacieuse et ultra-d\u00e9taill\u00e9e qui \u00e9tablit une nouvelle norme pour les collectionneurs. Avec une articulation exceptionnelle en mode robot et une transformation en douceur en mode avion de chasse tr\u00e8s r\u00e9aliste, ce chef-d'\u0153uvre \u00e9l\u00e8vera votre collection vers de nouveaux sommets.<\/p>\n<p>Debout <strong>8.7 pouces de hauteur<\/strong> en mode robot, cette <strong>Masterpiece <\/strong>est la derni\u00e8re pi\u00e8ce du puissant combiner <strong>Encourager<\/strong>! Une fois assembl\u00e9, pr\u00e9parez-vous \u00e0 dominer votre \u00e9talage avec cette \u0153uvre d'art majestueuse.<\/p>\n<p>Ne manquez pas votre chance d'ajouter une v\u00e9ritable l\u00e9gende \u00e0 votre collection ! Commande <strong>DREAM STAR TOYS \u65e0\u754f\u6218\u795e DST01-005 \u98de\u706b\u6218\u8005 Scorch Flight<\/strong> maintenant chez Hobby4Geek et rejoignez les rangs des collectionneurs d'\u00e9lite.<\/p>","protected":false},"excerpt":{"rendered":"<ul>\n<li><strong>Taille du jouet :<\/strong> 8,7 pouces (22 cm) en mode robot<\/li>\n<li><strong>\u00c9chelle :<\/strong> Masterpiece \u00c9chelle<\/li>\n<li><strong>Mode Alt :<\/strong> Avion de chasse r\u00e9aliste<\/li>\n<li><strong>Chiffre de tiers<\/strong> par Dream Star Toys<\/li>\n<li>Chiffre final de la <strong>Encourager<\/strong> combinateur<\/li>\n<li><strong>Points d'articulation multiples<\/strong> pour une pose dynamique<\/li>\n<li>Les autres figurines du combiner sont vendues s\u00e9par\u00e9ment<\/li>\n<li>Fabriqu\u00e9 en plastique de haute qualit\u00e9<\/li>\n<li><strong>Contenu de l'emballage :<\/strong>\n<ul>\n<li>1 x DST01-005 Figure de vol de Scorch<\/li>\n<li>2 x Blasters<\/li>\n<li>1 x Support d'affichage<\/li>\n<\/ul>\n<\/li>\n<\/ul>","protected":false},"featured_media":199245,"comment_status":"open","ping_status":"closed","template":"","meta":{"inline_featured_image":false},"product_brand":[],"product_cat":[170],"product_tag":[200,1759,2671,199,2677,2362,594,2675,2676,1663,2665,2668,2669,2673,230,2667,2672,2674,2666,2670,2360,1975,204,1667,2678],"giftcard-category":[],"class_list":{"0":"post-199231","1":"product","2":"type-product","3":"status-publish","4":"has-post-thumbnail","6":"product_cat-dream-star-toys","7":"product_tag-action-figures","8":"product_tag-action-toys","9":"product_tag-articulated-figure","10":"product_tag-autobot","11":"product_tag-blasters","12":"product_tag-collectible","13":"product_tag-combiner","14":"product_tag-combiner-toy","15":"product_tag-display-stand","16":"product_tag-dream-star-toys","17":"product_tag-dst01-005","18":"product_tag-encourager-combiner","19":"product_tag-fighter-jet","20":"product_tag-high-quality","21":"product_tag-masterpiece","22":"product_tag-masterpiece-scale","23":"product_tag-plastic-figure","24":"product_tag-robot-mode","25":"product_tag-scorch-flight","26":"product_tag-third-party-figure","27":"product_tag-top-raid","28":"product_tag-toys-figures","29":"product_tag-transformers","30":"product_tag-1667","31":"product_tag-2678","32":"product_shipping_class-free-shipping","33":"inventories-china-inventory","35":"first","36":"instock","37":"taxable","38":"shipping-taxable","39":"purchasable","40":"product-type-simple","41":"add-to-wishlist-after_add_to_cart"},"yoast_head":"<!-- This site is optimized with the Yoast SEO Premium plugin v25.3.1 (Yoast SEO v27.4) - https:\/\/yoast.com\/product\/yoast-seo-premium-wordpress\/ -->\n<title>DREAM STAR TOYS \u65e0\u754f\u6218\u795e DST01-005 \u98de\u706b\u6218\u8005 SCORCH FLIGHT<\/title>\n<meta name=\"robots\" content=\"index, follow, max-snippet:-1, max-image-preview:large, max-video-preview:-1\" \/>\n<link rel=\"canonical\" href=\"https:\/\/hobby4geek.com\/fr\/produit\/dream-star-toys-\u65e0\u754f\u6218\u795e-dst01-005-\u98de\u706b\u6218\u8005-scorch-flight\/\" \/>\n<meta property=\"og:locale\" content=\"fr_FR\" \/>\n<meta property=\"og:type\" content=\"article\" \/>\n<meta property=\"og:title\" content=\"DREAM STAR TOYS \u65e0\u754f\u6218\u795e DST01-005 \u98de\u706b\u6218\u8005 SCORCH FLIGHT\" \/>\n<meta property=\"og:description\" content=\"Toy Size: 8.7 inches (22 cm) in robot mode  Scale: Masterpiece Scale  Alt Mode: Realistic fighter jet  Third-party figure by Dream Star Toys  Final figure in the Encourager combiner  Multiple points of articulation for dynamic posing  Other figures in the combiner sold separately  Made of high-quality plastic  Packaging Contents:   1 x DST01-005 Scorch Flight Figure  2 x Blasters  1 x Display Stand\" \/>\n<meta property=\"og:url\" content=\"https:\/\/hobby4geek.com\/fr\/produit\/dream-star-toys-\u65e0\u754f\u6218\u795e-dst01-005-\u98de\u706b\u6218\u8005-scorch-flight\/\" \/>\n<meta property=\"og:site_name\" content=\"Hobby4Geek\" \/>\n<meta property=\"article:publisher\" content=\"https:\/\/www.facebook.com\/hobby4geek\" \/>\n<meta property=\"article:modified_time\" content=\"2025-05-20T14:33:16+00:00\" \/>\n<meta property=\"og:image\" content=\"https:\/\/hobby4geek.com\/wp-content\/uploads\/2024\/10\/5d45bf6f-ed5a-4aee-8997-e00f4a0ec8dd.jpg\" \/>\n\t<meta property=\"og:image:width\" content=\"567\" \/>\n\t<meta property=\"og:image:height\" content=\"750\" \/>\n\t<meta property=\"og:image:type\" content=\"image\/jpeg\" \/>\n<meta name=\"twitter:card\" content=\"summary_large_image\" \/>\n<meta name=\"twitter:site\" content=\"@hobby4geek\" \/>\n<script type=\"application\/ld+json\" class=\"yoast-schema-graph\">{\"@context\":\"https:\\\/\\\/schema.org\",\"@graph\":[{\"@type\":\"WebPage\",\"@id\":\"https:\\\/\\\/hobby4geek.com\\\/product\\\/dream-star-toys-%e6%97%a0%e7%95%8f%e6%88%98%e7%a5%9e-dst01-005-%e9%a3%9e%e7%81%ab%e6%88%98%e8%80%85-scorch-flight\\\/\",\"url\":\"https:\\\/\\\/hobby4geek.com\\\/product\\\/dream-star-toys-%e6%97%a0%e7%95%8f%e6%88%98%e7%a5%9e-dst01-005-%e9%a3%9e%e7%81%ab%e6%88%98%e8%80%85-scorch-flight\\\/\",\"name\":\"DREAM STAR TOYS \u65e0\u754f\u6218\u795e DST01-005 \u98de\u706b\u6218\u8005 SCORCH FLIGHT\",\"isPartOf\":{\"@id\":\"https:\\\/\\\/hobby4geek.com\\\/#website\"},\"primaryImageOfPage\":{\"@id\":\"https:\\\/\\\/hobby4geek.com\\\/product\\\/dream-star-toys-%e6%97%a0%e7%95%8f%e6%88%98%e7%a5%9e-dst01-005-%e9%a3%9e%e7%81%ab%e6%88%98%e8%80%85-scorch-flight\\\/#primaryimage\"},\"image\":{\"@id\":\"https:\\\/\\\/hobby4geek.com\\\/product\\\/dream-star-toys-%e6%97%a0%e7%95%8f%e6%88%98%e7%a5%9e-dst01-005-%e9%a3%9e%e7%81%ab%e6%88%98%e8%80%85-scorch-flight\\\/#primaryimage\"},\"thumbnailUrl\":\"https:\\\/\\\/hobby4geek.com\\\/wp-content\\\/uploads\\\/2024\\\/10\\\/5d45bf6f-ed5a-4aee-8997-e00f4a0ec8dd.jpg\",\"datePublished\":\"2024-07-02T13:41:43+00:00\",\"dateModified\":\"2025-05-20T14:33:16+00:00\",\"breadcrumb\":{\"@id\":\"https:\\\/\\\/hobby4geek.com\\\/product\\\/dream-star-toys-%e6%97%a0%e7%95%8f%e6%88%98%e7%a5%9e-dst01-005-%e9%a3%9e%e7%81%ab%e6%88%98%e8%80%85-scorch-flight\\\/#breadcrumb\"},\"inLanguage\":\"fr-FR\",\"potentialAction\":[{\"@type\":\"ReadAction\",\"target\":[\"https:\\\/\\\/hobby4geek.com\\\/product\\\/dream-star-toys-%e6%97%a0%e7%95%8f%e6%88%98%e7%a5%9e-dst01-005-%e9%a3%9e%e7%81%ab%e6%88%98%e8%80%85-scorch-flight\\\/\"]}]},{\"@type\":\"ImageObject\",\"inLanguage\":\"fr-FR\",\"@id\":\"https:\\\/\\\/hobby4geek.com\\\/product\\\/dream-star-toys-%e6%97%a0%e7%95%8f%e6%88%98%e7%a5%9e-dst01-005-%e9%a3%9e%e7%81%ab%e6%88%98%e8%80%85-scorch-flight\\\/#primaryimage\",\"url\":\"https:\\\/\\\/hobby4geek.com\\\/wp-content\\\/uploads\\\/2024\\\/10\\\/5d45bf6f-ed5a-4aee-8997-e00f4a0ec8dd.jpg\",\"contentUrl\":\"https:\\\/\\\/hobby4geek.com\\\/wp-content\\\/uploads\\\/2024\\\/10\\\/5d45bf6f-ed5a-4aee-8997-e00f4a0ec8dd.jpg\",\"width\":567,\"height\":750},{\"@type\":\"BreadcrumbList\",\"@id\":\"https:\\\/\\\/hobby4geek.com\\\/product\\\/dream-star-toys-%e6%97%a0%e7%95%8f%e6%88%98%e7%a5%9e-dst01-005-%e9%a3%9e%e7%81%ab%e6%88%98%e8%80%85-scorch-flight\\\/#breadcrumb\",\"itemListElement\":[{\"@type\":\"ListItem\",\"position\":1,\"name\":\"Home\",\"item\":\"https:\\\/\\\/hobby4geek.com\\\/\"},{\"@type\":\"ListItem\",\"position\":2,\"name\":\"Shop\",\"item\":\"https:\\\/\\\/hobby4geek.com\\\/shop\\\/\"},{\"@type\":\"ListItem\",\"position\":3,\"name\":\"DREAM STAR TOYS \u65e0\u754f\u6218\u795e DST01-005 \u98de\u706b\u6218\u8005 SCORCH FLIGHT\"}]},{\"@type\":\"WebSite\",\"@id\":\"https:\\\/\\\/hobby4geek.com\\\/#website\",\"url\":\"https:\\\/\\\/hobby4geek.com\\\/\",\"name\":\"Hobby4Geek\",\"description\":\"Collect, Play &amp; Showcase, Embrace your Geekiness\",\"publisher\":{\"@id\":\"https:\\\/\\\/hobby4geek.com\\\/#organization\"},\"potentialAction\":[{\"@type\":\"SearchAction\",\"target\":{\"@type\":\"EntryPoint\",\"urlTemplate\":\"https:\\\/\\\/hobby4geek.com\\\/?s={search_term_string}\"},\"query-input\":{\"@type\":\"PropertyValueSpecification\",\"valueRequired\":true,\"valueName\":\"search_term_string\"}}],\"inLanguage\":\"fr-FR\"},{\"@type\":\"Organization\",\"@id\":\"https:\\\/\\\/hobby4geek.com\\\/#organization\",\"name\":\"Hobby4Geek\",\"url\":\"https:\\\/\\\/hobby4geek.com\\\/\",\"logo\":{\"@type\":\"ImageObject\",\"inLanguage\":\"fr-FR\",\"@id\":\"https:\\\/\\\/hobby4geek.com\\\/#\\\/schema\\\/logo\\\/image\\\/\",\"url\":\"https:\\\/\\\/hobby4geek.com\\\/wp-content\\\/uploads\\\/2023\\\/02\\\/default-kit.png\",\"contentUrl\":\"https:\\\/\\\/hobby4geek.com\\\/wp-content\\\/uploads\\\/2023\\\/02\\\/default-kit.png\",\"width\":600,\"height\":600,\"caption\":\"Hobby4Geek\"},\"image\":{\"@id\":\"https:\\\/\\\/hobby4geek.com\\\/#\\\/schema\\\/logo\\\/image\\\/\"},\"sameAs\":[\"https:\\\/\\\/www.facebook.com\\\/hobby4geek\",\"https:\\\/\\\/x.com\\\/hobby4geek\",\"https:\\\/\\\/www.instagram.com\\\/hobby4geek\\\/\"]}]}<\/script>\n<meta property=\"product:brand\" content=\"DREAM STAR TOYS\" \/>\n<meta property=\"product:price:amount\" content=\"178.60\" \/>\n<meta property=\"product:price:currency\" content=\"EUR\" \/>\n<meta property=\"og:availability\" content=\"instock\" \/>\n<meta property=\"product:availability\" content=\"instock\" \/>\n<meta property=\"product:condition\" content=\"new\" \/>\n<!-- \/ Yoast SEO Premium plugin. -->","yoast_head_json":{"title":"DREAM STAR TOYS \u65e0\u754f\u6218\u795e DST01-005 \u98de\u706b\u6218\u8005 SCORCH FLIGHT","robots":{"index":"index","follow":"follow","max-snippet":"max-snippet:-1","max-image-preview":"max-image-preview:large","max-video-preview":"max-video-preview:-1"},"canonical":"https:\/\/hobby4geek.com\/fr\/produit\/dream-star-toys-\u65e0\u754f\u6218\u795e-dst01-005-\u98de\u706b\u6218\u8005-scorch-flight\/","og_locale":"fr_FR","og_type":"article","og_title":"DREAM STAR TOYS \u65e0\u754f\u6218\u795e DST01-005 \u98de\u706b\u6218\u8005 SCORCH FLIGHT","og_description":"Toy Size: 8.7 inches (22 cm) in robot mode  Scale: Masterpiece Scale  Alt Mode: Realistic fighter jet  Third-party figure by Dream Star Toys  Final figure in the Encourager combiner  Multiple points of articulation for dynamic posing  Other figures in the combiner sold separately  Made of high-quality plastic  Packaging Contents:   1 x DST01-005 Scorch Flight Figure  2 x Blasters  1 x Display Stand","og_url":"https:\/\/hobby4geek.com\/fr\/produit\/dream-star-toys-\u65e0\u754f\u6218\u795e-dst01-005-\u98de\u706b\u6218\u8005-scorch-flight\/","og_site_name":"Hobby4Geek","article_publisher":"https:\/\/www.facebook.com\/hobby4geek","article_modified_time":"2025-05-20T14:33:16+00:00","og_image":[{"width":567,"height":750,"url":"https:\/\/hobby4geek.com\/wp-content\/uploads\/2024\/10\/5d45bf6f-ed5a-4aee-8997-e00f4a0ec8dd.jpg","type":"image\/jpeg"}],"twitter_card":"summary_large_image","twitter_site":"@hobby4geek","schema":{"@context":"https:\/\/schema.org","@graph":[{"@type":"WebPage","@id":"https:\/\/hobby4geek.com\/product\/dream-star-toys-%e6%97%a0%e7%95%8f%e6%88%98%e7%a5%9e-dst01-005-%e9%a3%9e%e7%81%ab%e6%88%98%e8%80%85-scorch-flight\/","url":"https:\/\/hobby4geek.com\/product\/dream-star-toys-%e6%97%a0%e7%95%8f%e6%88%98%e7%a5%9e-dst01-005-%e9%a3%9e%e7%81%ab%e6%88%98%e8%80%85-scorch-flight\/","name":"DREAM STAR TOYS \u65e0\u754f\u6218\u795e DST01-005 \u98de\u706b\u6218\u8005 SCORCH FLIGHT","isPartOf":{"@id":"https:\/\/hobby4geek.com\/#website"},"primaryImageOfPage":{"@id":"https:\/\/hobby4geek.com\/product\/dream-star-toys-%e6%97%a0%e7%95%8f%e6%88%98%e7%a5%9e-dst01-005-%e9%a3%9e%e7%81%ab%e6%88%98%e8%80%85-scorch-flight\/#primaryimage"},"image":{"@id":"https:\/\/hobby4geek.com\/product\/dream-star-toys-%e6%97%a0%e7%95%8f%e6%88%98%e7%a5%9e-dst01-005-%e9%a3%9e%e7%81%ab%e6%88%98%e8%80%85-scorch-flight\/#primaryimage"},"thumbnailUrl":"https:\/\/hobby4geek.com\/wp-content\/uploads\/2024\/10\/5d45bf6f-ed5a-4aee-8997-e00f4a0ec8dd.jpg","datePublished":"2024-07-02T13:41:43+00:00","dateModified":"2025-05-20T14:33:16+00:00","breadcrumb":{"@id":"https:\/\/hobby4geek.com\/product\/dream-star-toys-%e6%97%a0%e7%95%8f%e6%88%98%e7%a5%9e-dst01-005-%e9%a3%9e%e7%81%ab%e6%88%98%e8%80%85-scorch-flight\/#breadcrumb"},"inLanguage":"fr-FR","potentialAction":[{"@type":"ReadAction","target":["https:\/\/hobby4geek.com\/product\/dream-star-toys-%e6%97%a0%e7%95%8f%e6%88%98%e7%a5%9e-dst01-005-%e9%a3%9e%e7%81%ab%e6%88%98%e8%80%85-scorch-flight\/"]}]},{"@type":"ImageObject","inLanguage":"fr-FR","@id":"https:\/\/hobby4geek.com\/product\/dream-star-toys-%e6%97%a0%e7%95%8f%e6%88%98%e7%a5%9e-dst01-005-%e9%a3%9e%e7%81%ab%e6%88%98%e8%80%85-scorch-flight\/#primaryimage","url":"https:\/\/hobby4geek.com\/wp-content\/uploads\/2024\/10\/5d45bf6f-ed5a-4aee-8997-e00f4a0ec8dd.jpg","contentUrl":"https:\/\/hobby4geek.com\/wp-content\/uploads\/2024\/10\/5d45bf6f-ed5a-4aee-8997-e00f4a0ec8dd.jpg","width":567,"height":750},{"@type":"BreadcrumbList","@id":"https:\/\/hobby4geek.com\/product\/dream-star-toys-%e6%97%a0%e7%95%8f%e6%88%98%e7%a5%9e-dst01-005-%e9%a3%9e%e7%81%ab%e6%88%98%e8%80%85-scorch-flight\/#breadcrumb","itemListElement":[{"@type":"ListItem","position":1,"name":"Home","item":"https:\/\/hobby4geek.com\/"},{"@type":"ListItem","position":2,"name":"Shop","item":"https:\/\/hobby4geek.com\/shop\/"},{"@type":"ListItem","position":3,"name":"DREAM STAR TOYS \u65e0\u754f\u6218\u795e DST01-005 \u98de\u706b\u6218\u8005 SCORCH FLIGHT"}]},{"@type":"WebSite","@id":"https:\/\/hobby4geek.com\/#website","url":"https:\/\/hobby4geek.com\/","name":"Hobby4Geek","description":"Collectionnez, jouez et exposez, embrassez votre geekitude","publisher":{"@id":"https:\/\/hobby4geek.com\/#organization"},"potentialAction":[{"@type":"SearchAction","target":{"@type":"EntryPoint","urlTemplate":"https:\/\/hobby4geek.com\/?s={search_term_string}"},"query-input":{"@type":"PropertyValueSpecification","valueRequired":true,"valueName":"search_term_string"}}],"inLanguage":"fr-FR"},{"@type":"Organization","@id":"https:\/\/hobby4geek.com\/#organization","name":"Hobby4Geek","url":"https:\/\/hobby4geek.com\/","logo":{"@type":"ImageObject","inLanguage":"fr-FR","@id":"https:\/\/hobby4geek.com\/#\/schema\/logo\/image\/","url":"https:\/\/hobby4geek.com\/wp-content\/uploads\/2023\/02\/default-kit.png","contentUrl":"https:\/\/hobby4geek.com\/wp-content\/uploads\/2023\/02\/default-kit.png","width":600,"height":600,"caption":"Hobby4Geek"},"image":{"@id":"https:\/\/hobby4geek.com\/#\/schema\/logo\/image\/"},"sameAs":["https:\/\/www.facebook.com\/hobby4geek","https:\/\/x.com\/hobby4geek","https:\/\/www.instagram.com\/hobby4geek\/"]}]},"product_brand":"DREAM STAR TOYS","product_price_amount":"178.60","product_price_currency":"EUR","og_availability":"instock","product_availability":"instock","product_condition":"new"},"_links":{"self":[{"href":"https:\/\/hobby4geek.com\/fr\/wp-json\/wp\/v2\/product\/199231","targetHints":{"allow":["GET"]}}],"collection":[{"href":"https:\/\/hobby4geek.com\/fr\/wp-json\/wp\/v2\/product"}],"about":[{"href":"https:\/\/hobby4geek.com\/fr\/wp-json\/wp\/v2\/types\/product"}],"replies":[{"embeddable":true,"href":"https:\/\/hobby4geek.com\/fr\/wp-json\/wp\/v2\/comments?post=199231"}],"version-history":[{"count":0,"href":"https:\/\/hobby4geek.com\/fr\/wp-json\/wp\/v2\/product\/199231\/revisions"}],"wp:featuredmedia":[{"embeddable":true,"href":"https:\/\/hobby4geek.com\/fr\/wp-json\/wp\/v2\/media\/199245"}],"wp:attachment":[{"href":"https:\/\/hobby4geek.com\/fr\/wp-json\/wp\/v2\/media?parent=199231"}],"wp:term":[{"taxonomy":"product_brand","embeddable":true,"href":"https:\/\/hobby4geek.com\/fr\/wp-json\/wp\/v2\/product_brand?post=199231"},{"taxonomy":"product_cat","embeddable":true,"href":"https:\/\/hobby4geek.com\/fr\/wp-json\/wp\/v2\/product_cat?post=199231"},{"taxonomy":"product_tag","embeddable":true,"href":"https:\/\/hobby4geek.com\/fr\/wp-json\/wp\/v2\/product_tag?post=199231"},{"taxonomy":"giftcard-category","embeddable":true,"href":"https:\/\/hobby4geek.com\/fr\/wp-json\/wp\/v2\/giftcard-category?post=199231"}],"curies":[{"name":"wp","href":"https:\/\/api.w.org\/{rel}","templated":true}]}}