{"id":198906,"date":"2024-03-16T09:22:18","date_gmt":"2024-03-16T08:22:18","guid":{"rendered":"https:\/\/hobby4geek.com\/?post_type=product&#038;p=198906"},"modified":"2024-08-23T09:28:05","modified_gmt":"2024-08-23T08:28:05","slug":"masters-of-the-universe-origins-evil-lyn-cartoon-collection-2","status":"publish","type":"product","link":"https:\/\/hobby4geek.com\/fr\/produit\/masters-of-the-universe-origins-evil-lyn-cartoon-collection-2\/","title":{"rendered":"Les Ma\u00eetres de l'Univers : Origines - Webstor (Cartoon Collection)"},"content":{"rendered":"<p>Cette figurine MOTU Origins Webstor est inspir\u00e9e des dessins anim\u00e9s originaux des ann\u00e9es 80 \u00e0 l'\u00e9chelle 5,5 pouces, mais avec la possibilit\u00e9 de prendre des poses modernes gr\u00e2ce \u00e0 16 articulations. Cette figurine des Ma\u00eetres de l'Univers du Ma\u00eetre mal\u00e9fique de l'\u00e9vasion peut reproduire les poses des dessins anim\u00e9s des ann\u00e9es 80 ou effectuer de nouveaux mouvements. Ses jambes sont plus droites et sa carrure est globalement plus r\u00e9aliste que celle du dessin anim\u00e9. Webstor est arm\u00e9 d'un grappin et d'une statue de Grimalkin. Une mini-bande dessin\u00e9e est incluse pour d\u00e9velopper son histoire. Un cadeau id\u00e9al pour les fans de MOTU \u00e2g\u00e9s de 6 ans et plus. Les couleurs et les d\u00e9corations peuvent varier.<\/p>\n<ul>\n<li>Cette figurine Webstor des Ma\u00eetres de l'Univers Origins Cartoon Collection vous rappellera de bons souvenirs des ann\u00e9es 1980 gr\u00e2ce \u00e0 son look fid\u00e8le au contenu. La t\u00eate amovible et les autres pi\u00e8ces offrent de nombreuses possibilit\u00e9s d'association !<\/li>\n<li>Ce jouet MOTU Origins est une ex\u00e9cution moderne du look vintage du ma\u00eetre mal\u00e9fique de l'\u00e9vasion, mais \u00e0 l'\u00e9chelle 5,5 pouces avec 16 articulations pour une posabilit\u00e9 et une pr\u00e9paration au combat maximales.<\/li>\n<li>Le harnais\/sac \u00e0 dos amovible de Webstor a des accents brillants et un emplacement pour attacher son accessoire Grappin, qui peut \u00eatre utilis\u00e9 manuellement pour faciliter la fuite ! Il suffit de le remonter pour le r\u00e9initialiser.<\/li>\n<li>L'accessoire Grimalkin Statue de Webstor est inspir\u00e9 de l'\u00e9pisode \"Le chat et l'araign\u00e9e\". Une mini-bande dessin\u00e9e th\u00e9matique fournit le contexte de l'histoire.<\/li>\n<li>Les fans voudront collectionner toutes les figurines de la Cartoon Collection pour former une vitrine nostalgique qui \u00e9voque l'\u00e9merveillement de l'enfance des ann\u00e9es 1980.<\/li>\n<li>Cette figurine MOTU Origins Webstor est un excellent cadeau pour les fans \u00e2g\u00e9s de 6 ans et plus.<\/li>\n<\/ul>","protected":false},"excerpt":{"rendered":"<ul>\n<li>5,50 pouces (13,97 cm)<\/li>\n<li>En plastique<\/li>\n<li>Design classique inspir\u00e9 des dessins anim\u00e9s des Ma\u00eetres de l'Univers<\/li>\n<li>Jusqu'\u00e0 16 points d'articulation<\/li>\n<li>Emballage r\u00e9tro<\/li>\n<\/ul>","protected":false},"featured_media":198909,"comment_status":"open","ping_status":"closed","template":"","meta":{"inline_featured_image":false},"product_brand":[],"product_cat":[2218,2224,2023],"product_tag":[1759,2341,2580,2219,2223,2225,1975,2396],"giftcard-category":[],"class_list":{"0":"post-198906","1":"product","2":"type-product","3":"status-publish","4":"has-post-thumbnail","6":"product_cat-masters-of-the-universe","7":"product_cat-masters-of-the-universe-origins","8":"product_cat-mattel","9":"product_tag-action-toys","10":"product_tag-cartoon-collection","11":"product_tag-hyd35","12":"product_tag-masters-of-the-universe-origins","13":"product_tag-motu","14":"product_tag-origins","15":"product_tag-toys-figures","16":"product_tag-webstor","17":"product_shipping_class-light","18":"inventories-france-inventory","20":"first","21":"instock","22":"taxable","23":"shipping-taxable","24":"purchasable","25":"product-type-simple","26":"add-to-wishlist-after_add_to_cart"},"yoast_head":"<!-- This site is optimized with the Yoast SEO Premium plugin v25.3.1 (Yoast SEO v27.4) - https:\/\/yoast.com\/product\/yoast-seo-premium-wordpress\/ -->\n<title>Masters of the Universe: Origins - Webstor (Cartoon Collection)<\/title>\n<meta name=\"robots\" content=\"index, follow, max-snippet:-1, max-image-preview:large, max-video-preview:-1\" \/>\n<link rel=\"canonical\" href=\"https:\/\/hobby4geek.com\/fr\/produit\/masters-of-the-universe-origins-evil-lyn-cartoon-collection-2\/\" \/>\n<meta property=\"og:locale\" content=\"fr_FR\" \/>\n<meta property=\"og:type\" content=\"article\" \/>\n<meta property=\"og:title\" content=\"Masters of the Universe: Origins - Webstor (Cartoon Collection)\" \/>\n<meta property=\"og:description\" content=\"5.50 inches (13.97cm)  Made of plastic  Classic Masters of the Universe cartoon inspired design  Up to 16 points of articulation  Retro-style packaging\" \/>\n<meta property=\"og:url\" content=\"https:\/\/hobby4geek.com\/fr\/produit\/masters-of-the-universe-origins-evil-lyn-cartoon-collection-2\/\" \/>\n<meta property=\"og:site_name\" content=\"Hobby4Geek\" \/>\n<meta property=\"article:publisher\" content=\"https:\/\/www.facebook.com\/hobby4geek\" \/>\n<meta property=\"article:modified_time\" content=\"2024-08-23T08:28:05+00:00\" \/>\n<meta property=\"og:image\" content=\"https:\/\/hobby4geek.com\/wp-content\/uploads\/2024\/08\/hr_matthyd36_d-scaled.jpg\" \/>\n\t<meta property=\"og:image:width\" content=\"2048\" \/>\n\t<meta property=\"og:image:height\" content=\"2048\" \/>\n\t<meta property=\"og:image:type\" content=\"image\/jpeg\" \/>\n<meta name=\"twitter:card\" content=\"summary_large_image\" \/>\n<meta name=\"twitter:site\" content=\"@hobby4geek\" \/>\n<script type=\"application\/ld+json\" class=\"yoast-schema-graph\">{\"@context\":\"https:\\\/\\\/schema.org\",\"@graph\":[{\"@type\":\"WebPage\",\"@id\":\"https:\\\/\\\/hobby4geek.com\\\/product\\\/masters-of-the-universe-origins-webstor-cartoon-collection\\\/\",\"url\":\"https:\\\/\\\/hobby4geek.com\\\/product\\\/masters-of-the-universe-origins-webstor-cartoon-collection\\\/\",\"name\":\"Masters of the Universe: Origins - Webstor (Cartoon Collection)\",\"isPartOf\":{\"@id\":\"https:\\\/\\\/hobby4geek.com\\\/#website\"},\"primaryImageOfPage\":{\"@id\":\"https:\\\/\\\/hobby4geek.com\\\/product\\\/masters-of-the-universe-origins-webstor-cartoon-collection\\\/#primaryimage\"},\"image\":{\"@id\":\"https:\\\/\\\/hobby4geek.com\\\/product\\\/masters-of-the-universe-origins-webstor-cartoon-collection\\\/#primaryimage\"},\"thumbnailUrl\":\"https:\\\/\\\/hobby4geek.com\\\/wp-content\\\/uploads\\\/2024\\\/08\\\/hr_matthyd36_d-scaled.jpg\",\"datePublished\":\"2024-03-16T08:22:18+00:00\",\"dateModified\":\"2024-08-23T08:28:05+00:00\",\"breadcrumb\":{\"@id\":\"https:\\\/\\\/hobby4geek.com\\\/product\\\/masters-of-the-universe-origins-webstor-cartoon-collection\\\/#breadcrumb\"},\"inLanguage\":\"fr-FR\",\"potentialAction\":[{\"@type\":\"ReadAction\",\"target\":[\"https:\\\/\\\/hobby4geek.com\\\/product\\\/masters-of-the-universe-origins-webstor-cartoon-collection\\\/\"]}]},{\"@type\":\"ImageObject\",\"inLanguage\":\"fr-FR\",\"@id\":\"https:\\\/\\\/hobby4geek.com\\\/product\\\/masters-of-the-universe-origins-webstor-cartoon-collection\\\/#primaryimage\",\"url\":\"https:\\\/\\\/hobby4geek.com\\\/wp-content\\\/uploads\\\/2024\\\/08\\\/hr_matthyd36_d-scaled.jpg\",\"contentUrl\":\"https:\\\/\\\/hobby4geek.com\\\/wp-content\\\/uploads\\\/2024\\\/08\\\/hr_matthyd36_d-scaled.jpg\",\"width\":2048,\"height\":2048},{\"@type\":\"BreadcrumbList\",\"@id\":\"https:\\\/\\\/hobby4geek.com\\\/product\\\/masters-of-the-universe-origins-webstor-cartoon-collection\\\/#breadcrumb\",\"itemListElement\":[{\"@type\":\"ListItem\",\"position\":1,\"name\":\"Home\",\"item\":\"https:\\\/\\\/hobby4geek.com\\\/\"},{\"@type\":\"ListItem\",\"position\":2,\"name\":\"Shop\",\"item\":\"https:\\\/\\\/hobby4geek.com\\\/shop\\\/\"},{\"@type\":\"ListItem\",\"position\":3,\"name\":\"Masters of the Universe: Origins &#8211; Webstor (Cartoon Collection)\"}]},{\"@type\":\"WebSite\",\"@id\":\"https:\\\/\\\/hobby4geek.com\\\/#website\",\"url\":\"https:\\\/\\\/hobby4geek.com\\\/\",\"name\":\"Hobby4Geek\",\"description\":\"Collect, Play &amp; Showcase, Embrace your Geekiness\",\"publisher\":{\"@id\":\"https:\\\/\\\/hobby4geek.com\\\/#organization\"},\"potentialAction\":[{\"@type\":\"SearchAction\",\"target\":{\"@type\":\"EntryPoint\",\"urlTemplate\":\"https:\\\/\\\/hobby4geek.com\\\/?s={search_term_string}\"},\"query-input\":{\"@type\":\"PropertyValueSpecification\",\"valueRequired\":true,\"valueName\":\"search_term_string\"}}],\"inLanguage\":\"fr-FR\"},{\"@type\":\"Organization\",\"@id\":\"https:\\\/\\\/hobby4geek.com\\\/#organization\",\"name\":\"Hobby4Geek\",\"url\":\"https:\\\/\\\/hobby4geek.com\\\/\",\"logo\":{\"@type\":\"ImageObject\",\"inLanguage\":\"fr-FR\",\"@id\":\"https:\\\/\\\/hobby4geek.com\\\/#\\\/schema\\\/logo\\\/image\\\/\",\"url\":\"https:\\\/\\\/hobby4geek.com\\\/wp-content\\\/uploads\\\/2023\\\/02\\\/default-kit.png\",\"contentUrl\":\"https:\\\/\\\/hobby4geek.com\\\/wp-content\\\/uploads\\\/2023\\\/02\\\/default-kit.png\",\"width\":600,\"height\":600,\"caption\":\"Hobby4Geek\"},\"image\":{\"@id\":\"https:\\\/\\\/hobby4geek.com\\\/#\\\/schema\\\/logo\\\/image\\\/\"},\"sameAs\":[\"https:\\\/\\\/www.facebook.com\\\/hobby4geek\",\"https:\\\/\\\/x.com\\\/hobby4geek\",\"https:\\\/\\\/www.instagram.com\\\/hobby4geek\\\/\"]}]}<\/script>\n<meta property=\"product:brand\" content=\"Masters of the Universe\" \/>\n<meta property=\"product:price:amount\" content=\"22.60\" \/>\n<meta property=\"product:price:currency\" content=\"EUR\" \/>\n<meta property=\"og:availability\" content=\"instock\" \/>\n<meta property=\"product:availability\" content=\"instock\" \/>\n<meta property=\"product:retailer_item_id\" content=\"194735244263\" \/>\n<meta property=\"product:condition\" content=\"new\" \/>\n<!-- \/ Yoast SEO Premium plugin. -->","yoast_head_json":{"title":"Les Ma\u00eetres de l'Univers : Origines - Webstor (Cartoon Collection)","robots":{"index":"index","follow":"follow","max-snippet":"max-snippet:-1","max-image-preview":"max-image-preview:large","max-video-preview":"max-video-preview:-1"},"canonical":"https:\/\/hobby4geek.com\/fr\/produit\/masters-of-the-universe-origins-evil-lyn-cartoon-collection-2\/","og_locale":"fr_FR","og_type":"article","og_title":"Masters of the Universe: Origins - Webstor (Cartoon Collection)","og_description":"5.50 inches (13.97cm)  Made of plastic  Classic Masters of the Universe cartoon inspired design  Up to 16 points of articulation  Retro-style packaging","og_url":"https:\/\/hobby4geek.com\/fr\/produit\/masters-of-the-universe-origins-evil-lyn-cartoon-collection-2\/","og_site_name":"Hobby4Geek","article_publisher":"https:\/\/www.facebook.com\/hobby4geek","article_modified_time":"2024-08-23T08:28:05+00:00","og_image":[{"width":2048,"height":2048,"url":"https:\/\/hobby4geek.com\/wp-content\/uploads\/2024\/08\/hr_matthyd36_d-scaled.jpg","type":"image\/jpeg"}],"twitter_card":"summary_large_image","twitter_site":"@hobby4geek","schema":{"@context":"https:\/\/schema.org","@graph":[{"@type":"WebPage","@id":"https:\/\/hobby4geek.com\/product\/masters-of-the-universe-origins-webstor-cartoon-collection\/","url":"https:\/\/hobby4geek.com\/product\/masters-of-the-universe-origins-webstor-cartoon-collection\/","name":"Les Ma\u00eetres de l'Univers : Origines - Webstor (Cartoon Collection)","isPartOf":{"@id":"https:\/\/hobby4geek.com\/#website"},"primaryImageOfPage":{"@id":"https:\/\/hobby4geek.com\/product\/masters-of-the-universe-origins-webstor-cartoon-collection\/#primaryimage"},"image":{"@id":"https:\/\/hobby4geek.com\/product\/masters-of-the-universe-origins-webstor-cartoon-collection\/#primaryimage"},"thumbnailUrl":"https:\/\/hobby4geek.com\/wp-content\/uploads\/2024\/08\/hr_matthyd36_d-scaled.jpg","datePublished":"2024-03-16T08:22:18+00:00","dateModified":"2024-08-23T08:28:05+00:00","breadcrumb":{"@id":"https:\/\/hobby4geek.com\/product\/masters-of-the-universe-origins-webstor-cartoon-collection\/#breadcrumb"},"inLanguage":"fr-FR","potentialAction":[{"@type":"ReadAction","target":["https:\/\/hobby4geek.com\/product\/masters-of-the-universe-origins-webstor-cartoon-collection\/"]}]},{"@type":"ImageObject","inLanguage":"fr-FR","@id":"https:\/\/hobby4geek.com\/product\/masters-of-the-universe-origins-webstor-cartoon-collection\/#primaryimage","url":"https:\/\/hobby4geek.com\/wp-content\/uploads\/2024\/08\/hr_matthyd36_d-scaled.jpg","contentUrl":"https:\/\/hobby4geek.com\/wp-content\/uploads\/2024\/08\/hr_matthyd36_d-scaled.jpg","width":2048,"height":2048},{"@type":"BreadcrumbList","@id":"https:\/\/hobby4geek.com\/product\/masters-of-the-universe-origins-webstor-cartoon-collection\/#breadcrumb","itemListElement":[{"@type":"ListItem","position":1,"name":"Home","item":"https:\/\/hobby4geek.com\/"},{"@type":"ListItem","position":2,"name":"Shop","item":"https:\/\/hobby4geek.com\/shop\/"},{"@type":"ListItem","position":3,"name":"Masters of the Universe: Origins &#8211; Webstor (Cartoon Collection)"}]},{"@type":"WebSite","@id":"https:\/\/hobby4geek.com\/#website","url":"https:\/\/hobby4geek.com\/","name":"Hobby4Geek","description":"Collectionnez, jouez et exposez, embrassez votre geekitude","publisher":{"@id":"https:\/\/hobby4geek.com\/#organization"},"potentialAction":[{"@type":"SearchAction","target":{"@type":"EntryPoint","urlTemplate":"https:\/\/hobby4geek.com\/?s={search_term_string}"},"query-input":{"@type":"PropertyValueSpecification","valueRequired":true,"valueName":"search_term_string"}}],"inLanguage":"fr-FR"},{"@type":"Organization","@id":"https:\/\/hobby4geek.com\/#organization","name":"Hobby4Geek","url":"https:\/\/hobby4geek.com\/","logo":{"@type":"ImageObject","inLanguage":"fr-FR","@id":"https:\/\/hobby4geek.com\/#\/schema\/logo\/image\/","url":"https:\/\/hobby4geek.com\/wp-content\/uploads\/2023\/02\/default-kit.png","contentUrl":"https:\/\/hobby4geek.com\/wp-content\/uploads\/2023\/02\/default-kit.png","width":600,"height":600,"caption":"Hobby4Geek"},"image":{"@id":"https:\/\/hobby4geek.com\/#\/schema\/logo\/image\/"},"sameAs":["https:\/\/www.facebook.com\/hobby4geek","https:\/\/x.com\/hobby4geek","https:\/\/www.instagram.com\/hobby4geek\/"]}]},"product_brand":"Masters of the Universe","product_price_amount":"22.60","product_price_currency":"EUR","og_availability":"instock","product_availability":"instock","product_retailer_item_id":"194735244263","product_condition":"new"},"_links":{"self":[{"href":"https:\/\/hobby4geek.com\/fr\/wp-json\/wp\/v2\/product\/198906","targetHints":{"allow":["GET"]}}],"collection":[{"href":"https:\/\/hobby4geek.com\/fr\/wp-json\/wp\/v2\/product"}],"about":[{"href":"https:\/\/hobby4geek.com\/fr\/wp-json\/wp\/v2\/types\/product"}],"replies":[{"embeddable":true,"href":"https:\/\/hobby4geek.com\/fr\/wp-json\/wp\/v2\/comments?post=198906"}],"version-history":[{"count":0,"href":"https:\/\/hobby4geek.com\/fr\/wp-json\/wp\/v2\/product\/198906\/revisions"}],"wp:featuredmedia":[{"embeddable":true,"href":"https:\/\/hobby4geek.com\/fr\/wp-json\/wp\/v2\/media\/198909"}],"wp:attachment":[{"href":"https:\/\/hobby4geek.com\/fr\/wp-json\/wp\/v2\/media?parent=198906"}],"wp:term":[{"taxonomy":"product_brand","embeddable":true,"href":"https:\/\/hobby4geek.com\/fr\/wp-json\/wp\/v2\/product_brand?post=198906"},{"taxonomy":"product_cat","embeddable":true,"href":"https:\/\/hobby4geek.com\/fr\/wp-json\/wp\/v2\/product_cat?post=198906"},{"taxonomy":"product_tag","embeddable":true,"href":"https:\/\/hobby4geek.com\/fr\/wp-json\/wp\/v2\/product_tag?post=198906"},{"taxonomy":"giftcard-category","embeddable":true,"href":"https:\/\/hobby4geek.com\/fr\/wp-json\/wp\/v2\/giftcard-category?post=198906"}],"curies":[{"name":"wp","href":"https:\/\/api.w.org\/{rel}","templated":true}]}}