{"id":198497,"date":"2024-08-04T16:32:05","date_gmt":"2024-08-04T15:32:05","guid":{"rendered":"https:\/\/hobby4geek.com\/?post_type=product&#038;p=198497"},"modified":"2024-08-04T17:16:26","modified_gmt":"2024-08-04T16:16:26","slug":"threezero-transformers-the-last-knight-dlx-nemesis-prime","status":"publish","type":"product","link":"https:\/\/hobby4geek.com\/fr\/produit\/threezero-transformers-the-last-knight-dlx-nemesis-prime\/","title":{"rendered":"ThreeZero - Transformers : The Last Knight DLX Nemesis Prime"},"content":{"rendered":"<p>Voici la DLX Nemesis Prime du film Transformers : The Last Knight, la figurine \u00e0 collectionner qui repr\u00e9sente de fa\u00e7on r\u00e9aliste la version redoutable de Optimus Prime ayant subi un lavage de cerveau !<\/p>\n<p>Mesurant environ 28,5 cm, Transformers : The Last Knight DLX Nemesis Prime offre un large \u00e9ventail de poses et d'options d'affichage avec environ 73 points d'articulation dans son cadre robuste en m\u00e9tal moul\u00e9 sous pression. La sculpture d\u00e9taill\u00e9e et l'application de peinture vieillie reproduisent l'aspect us\u00e9 par le combat du film.<\/p>\n<p>Transformers : The Last Knight DLX Nemesis Prime est dot\u00e9 d'un masque de combat interchangeable. Avec son marquage cramoisi et ses yeux violets illumin\u00e9s par des LED (n\u00e9cessite 2 piles AG13, piles non incluses), ces caract\u00e9ristiques captivantes soulignent la nature mena\u00e7ante de Nemesis Prime.<\/p>\n<p>La figurine est accompagn\u00e9e de diverses armes qui permettent de recr\u00e9er les sc\u00e8nes de combat intenses du film. Transformers : The Last Knight DLX Nemesis Prime est livr\u00e9 avec un blaster ionique, un bouclier blaster en mode blaster, une lame de poignet d\u00e9tachable et une \u00e9p\u00e9e cybertronienne. De plus, la figurine comprend quatre paires de mains interchangeables et est compl\u00e9t\u00e9e par un support d'action DLX.<\/p>\n<p>TRANSFORMERS et tous les personnages associ\u00e9s sont des marques d\u00e9pos\u00e9es de Hasbro et sont utilis\u00e9s avec autorisation. \u00a92024 Hasbro. Tous droits r\u00e9serv\u00e9s. 2024 Paramount Pictures Corporation. Tous droits r\u00e9serv\u00e9s. Sous licence Hasbro.<\/p>","protected":false},"excerpt":{"rendered":"<ul>\n<li>Officiellement sous licence Hasbro et TakaraTomy<\/li>\n<li>Hauteur approximative de 11,2 pouces (~28,5 cm)<\/li>\n<li>Environ 73 points d'articulation<\/li>\n<li>Sculpture d\u00e9taill\u00e9e et application de peinture vieillie<\/li>\n<li>Yeux \u00e9clair\u00e9s par LED*<\/li>\n<li>Cadre en m\u00e9tal moul\u00e9 sous pression avec plage d'articulation avanc\u00e9e<\/li>\n<\/ul>\n<p>&nbsp;<\/p>\n<p><strong>ACCESSOIRES<\/strong><\/p>\n<ul>\n<li>Un (1) masque de combat interchangeable<\/li>\n<li>Un (1) exemplaire de Ion Blaster<\/li>\n<li>Un (1) exemplaire du bouclier blaster en mode arme \u00e0 feu<\/li>\n<li>Une (1) paire de lames de poignet d\u00e9tachables<\/li>\n<li>Une (1) pi\u00e8ce d'\u00e9p\u00e9e cybertronienne<\/li>\n<li>Quatre (4) paires de mains interchangeables : une (1) paire de mains d\u00e9tendues, une (1) paire de poings, une (1) paire de mains pour tenir l'\u00e9p\u00e9e et une (1) paire de mains pour tenir le Ion Blaster.<\/li>\n<li>Un (1) exemplaire du support d'action DLX<\/li>\n<\/ul>\n<p>&nbsp;<\/p>\n<p><strong>CARACT\u00c9RISTIQUES DES LED*<\/strong><\/p>\n<ul>\n<li>Yeux<\/li>\n<\/ul>\n<p>&nbsp;<\/p>\n<p><strong>Remarques<\/strong><\/p>\n<p>* N\u00e9cessite des piles AG13 x 2 (piles non incluses)<br \/>\nMat\u00e9riaux<br \/>\nAlliage de zinc moul\u00e9 sous pression, POM, ABS et PVC<br \/>\nTaille de l'emballage<br \/>\n~(L375 x P320 x H125)mm (2 kg)<\/p>","protected":false},"featured_media":198500,"comment_status":"open","ping_status":"closed","template":"","meta":{"inline_featured_image":false},"product_brand":[],"product_cat":[68,90,1955],"product_tag":[332,768,199,1976,333,2632,334,335,1936,659,337,770,280,204,2453],"giftcard-category":[],"class_list":{"0":"post-198497","1":"product","2":"type-product","3":"status-publish","4":"has-post-thumbnail","6":"product_cat-hasbro","7":"product_cat-threezero","8":"product_cat-transformers","9":"product_tag-3a","10":"product_tag-3zero","11":"product_tag-autobot","12":"product_tag-collector-figures","13":"product_tag-dlx-collectible-series","14":"product_tag-dlx-nemesis-primal","15":"product_tag-film","16":"product_tag-hasbro","17":"product_tag-models-co","18":"product_tag-the-last-knight","19":"product_tag-threea","20":"product_tag-threezero","21":"product_tag-tlk","22":"product_tag-transformers","23":"product_tag-transformers-x-threezero","24":"product_shipping_class-standard","25":"inventories-france-inventory","27":"first","28":"instock","29":"taxable","30":"shipping-taxable","31":"purchasable","32":"product-type-simple","33":"add-to-wishlist-after_add_to_cart"},"yoast_head":"<!-- This site is optimized with the Yoast SEO Premium plugin v25.3.1 (Yoast SEO v27.4) - https:\/\/yoast.com\/product\/yoast-seo-premium-wordpress\/ -->\n<title>ThreeZero - Transformers: The Last Knight DLX Nemesis Prime<\/title>\n<meta name=\"robots\" content=\"index, follow, max-snippet:-1, max-image-preview:large, max-video-preview:-1\" \/>\n<link rel=\"canonical\" href=\"https:\/\/hobby4geek.com\/fr\/produit\/threezero-transformers-the-last-knight-dlx-nemesis-prime\/\" \/>\n<meta property=\"og:locale\" content=\"fr_FR\" \/>\n<meta property=\"og:type\" content=\"article\" \/>\n<meta property=\"og:title\" content=\"ThreeZero - Transformers: The Last Knight DLX Nemesis Prime\" \/>\n<meta property=\"og:description\" content=\"Officially Licensed by Hasbro and TakaraTomy  Approximately 11.2 inches (~28.5cm) tall  Approximately 73 points of articulation  Detailed sculpt and weathered paint application  LED-illuminated eyes*  Die-cast metal frame design with advanced articulation range  &nbsp;  ACCESSORIES   One (1) pc of Interchangeable Battle Mask  One (1) pc of Ion Blaster  One (1) pc of Blaster Shield in Gun Mode  One (1) pc of Detachable Wrist Blade  One (1) pc of Cybertronian Sword  Four (4) pairs of interchangeable hands: one (1) pair of relaxed hands, one (1) pair of fists, one (1) pair of hands for holding the sword, and one (1) pair of hands for holding Ion Blaster  One (1) pc of DLX action stand  &nbsp;  LED FEATURES*   Eyes  &nbsp;  Remarks  * Requires AG13 batteries x 2 (Batteries Not Included) Materials Die-cast Zinc Alloy, POM, ABS, and PVC Packaging Size ~(W375 x D320 x H125)mm (2 kg)\" \/>\n<meta property=\"og:url\" content=\"https:\/\/hobby4geek.com\/fr\/produit\/threezero-transformers-the-last-knight-dlx-nemesis-prime\/\" \/>\n<meta property=\"og:site_name\" content=\"Hobby4Geek\" \/>\n<meta property=\"article:publisher\" content=\"https:\/\/www.facebook.com\/hobby4geek\" \/>\n<meta property=\"article:modified_time\" content=\"2024-08-04T16:16:26+00:00\" \/>\n<meta property=\"og:image\" content=\"https:\/\/hobby4geek.com\/wp-content\/uploads\/2024\/08\/hr_3z05790w0_b-scaled.jpg\" \/>\n\t<meta property=\"og:image:width\" content=\"1638\" \/>\n\t<meta property=\"og:image:height\" content=\"2048\" \/>\n\t<meta property=\"og:image:type\" content=\"image\/jpeg\" \/>\n<meta name=\"twitter:card\" content=\"summary_large_image\" \/>\n<meta name=\"twitter:site\" content=\"@hobby4geek\" \/>\n<script type=\"application\/ld+json\" class=\"yoast-schema-graph\">{\"@context\":\"https:\\\/\\\/schema.org\",\"@graph\":[{\"@type\":\"WebPage\",\"@id\":\"https:\\\/\\\/hobby4geek.com\\\/product\\\/threezero-transformers-the-last-knight-dlx-nemesis-prime\\\/\",\"url\":\"https:\\\/\\\/hobby4geek.com\\\/product\\\/threezero-transformers-the-last-knight-dlx-nemesis-prime\\\/\",\"name\":\"ThreeZero - Transformers: The Last Knight DLX Nemesis Prime\",\"isPartOf\":{\"@id\":\"https:\\\/\\\/hobby4geek.com\\\/#website\"},\"primaryImageOfPage\":{\"@id\":\"https:\\\/\\\/hobby4geek.com\\\/product\\\/threezero-transformers-the-last-knight-dlx-nemesis-prime\\\/#primaryimage\"},\"image\":{\"@id\":\"https:\\\/\\\/hobby4geek.com\\\/product\\\/threezero-transformers-the-last-knight-dlx-nemesis-prime\\\/#primaryimage\"},\"thumbnailUrl\":\"https:\\\/\\\/hobby4geek.com\\\/wp-content\\\/uploads\\\/2024\\\/08\\\/hr_3z05790w0_b-scaled.jpg\",\"datePublished\":\"2024-08-04T15:32:05+00:00\",\"dateModified\":\"2024-08-04T16:16:26+00:00\",\"breadcrumb\":{\"@id\":\"https:\\\/\\\/hobby4geek.com\\\/product\\\/threezero-transformers-the-last-knight-dlx-nemesis-prime\\\/#breadcrumb\"},\"inLanguage\":\"fr-FR\",\"potentialAction\":[{\"@type\":\"ReadAction\",\"target\":[\"https:\\\/\\\/hobby4geek.com\\\/product\\\/threezero-transformers-the-last-knight-dlx-nemesis-prime\\\/\"]}]},{\"@type\":\"ImageObject\",\"inLanguage\":\"fr-FR\",\"@id\":\"https:\\\/\\\/hobby4geek.com\\\/product\\\/threezero-transformers-the-last-knight-dlx-nemesis-prime\\\/#primaryimage\",\"url\":\"https:\\\/\\\/hobby4geek.com\\\/wp-content\\\/uploads\\\/2024\\\/08\\\/hr_3z05790w0_b-scaled.jpg\",\"contentUrl\":\"https:\\\/\\\/hobby4geek.com\\\/wp-content\\\/uploads\\\/2024\\\/08\\\/hr_3z05790w0_b-scaled.jpg\",\"width\":1638,\"height\":2048},{\"@type\":\"BreadcrumbList\",\"@id\":\"https:\\\/\\\/hobby4geek.com\\\/product\\\/threezero-transformers-the-last-knight-dlx-nemesis-prime\\\/#breadcrumb\",\"itemListElement\":[{\"@type\":\"ListItem\",\"position\":1,\"name\":\"Home\",\"item\":\"https:\\\/\\\/hobby4geek.com\\\/\"},{\"@type\":\"ListItem\",\"position\":2,\"name\":\"Shop\",\"item\":\"https:\\\/\\\/hobby4geek.com\\\/shop\\\/\"},{\"@type\":\"ListItem\",\"position\":3,\"name\":\"ThreeZero &#8211; Transformers: The Last Knight DLX Nemesis Prime\"}]},{\"@type\":\"WebSite\",\"@id\":\"https:\\\/\\\/hobby4geek.com\\\/#website\",\"url\":\"https:\\\/\\\/hobby4geek.com\\\/\",\"name\":\"Hobby4Geek\",\"description\":\"Collect, Play &amp; Showcase, Embrace your Geekiness\",\"publisher\":{\"@id\":\"https:\\\/\\\/hobby4geek.com\\\/#organization\"},\"potentialAction\":[{\"@type\":\"SearchAction\",\"target\":{\"@type\":\"EntryPoint\",\"urlTemplate\":\"https:\\\/\\\/hobby4geek.com\\\/?s={search_term_string}\"},\"query-input\":{\"@type\":\"PropertyValueSpecification\",\"valueRequired\":true,\"valueName\":\"search_term_string\"}}],\"inLanguage\":\"fr-FR\"},{\"@type\":\"Organization\",\"@id\":\"https:\\\/\\\/hobby4geek.com\\\/#organization\",\"name\":\"Hobby4Geek\",\"url\":\"https:\\\/\\\/hobby4geek.com\\\/\",\"logo\":{\"@type\":\"ImageObject\",\"inLanguage\":\"fr-FR\",\"@id\":\"https:\\\/\\\/hobby4geek.com\\\/#\\\/schema\\\/logo\\\/image\\\/\",\"url\":\"https:\\\/\\\/hobby4geek.com\\\/wp-content\\\/uploads\\\/2023\\\/02\\\/default-kit.png\",\"contentUrl\":\"https:\\\/\\\/hobby4geek.com\\\/wp-content\\\/uploads\\\/2023\\\/02\\\/default-kit.png\",\"width\":600,\"height\":600,\"caption\":\"Hobby4Geek\"},\"image\":{\"@id\":\"https:\\\/\\\/hobby4geek.com\\\/#\\\/schema\\\/logo\\\/image\\\/\"},\"sameAs\":[\"https:\\\/\\\/www.facebook.com\\\/hobby4geek\",\"https:\\\/\\\/x.com\\\/hobby4geek\",\"https:\\\/\\\/www.instagram.com\\\/hobby4geek\\\/\"]}]}<\/script>\n<meta property=\"product:brand\" content=\"Hasbro\" \/>\n<meta property=\"product:price:amount\" content=\"324.00\" \/>\n<meta property=\"product:price:currency\" content=\"EUR\" \/>\n<meta property=\"og:availability\" content=\"instock\" \/>\n<meta property=\"product:availability\" content=\"instock\" \/>\n<meta property=\"product:retailer_item_id\" content=\"4895250811041\" \/>\n<meta property=\"product:condition\" content=\"new\" \/>\n<!-- \/ Yoast SEO Premium plugin. -->","yoast_head_json":{"title":"ThreeZero - Transformers : The Last Knight DLX Nemesis Prime","robots":{"index":"index","follow":"follow","max-snippet":"max-snippet:-1","max-image-preview":"max-image-preview:large","max-video-preview":"max-video-preview:-1"},"canonical":"https:\/\/hobby4geek.com\/fr\/produit\/threezero-transformers-the-last-knight-dlx-nemesis-prime\/","og_locale":"fr_FR","og_type":"article","og_title":"ThreeZero - Transformers: The Last Knight DLX Nemesis Prime","og_description":"Officially Licensed by Hasbro and TakaraTomy  Approximately 11.2 inches (~28.5cm) tall  Approximately 73 points of articulation  Detailed sculpt and weathered paint application  LED-illuminated eyes*  Die-cast metal frame design with advanced articulation range  &nbsp;  ACCESSORIES   One (1) pc of Interchangeable Battle Mask  One (1) pc of Ion Blaster  One (1) pc of Blaster Shield in Gun Mode  One (1) pc of Detachable Wrist Blade  One (1) pc of Cybertronian Sword  Four (4) pairs of interchangeable hands: one (1) pair of relaxed hands, one (1) pair of fists, one (1) pair of hands for holding the sword, and one (1) pair of hands for holding Ion Blaster  One (1) pc of DLX action stand  &nbsp;  LED FEATURES*   Eyes  &nbsp;  Remarks  * Requires AG13 batteries x 2 (Batteries Not Included) Materials Die-cast Zinc Alloy, POM, ABS, and PVC Packaging Size ~(W375 x D320 x H125)mm (2 kg)","og_url":"https:\/\/hobby4geek.com\/fr\/produit\/threezero-transformers-the-last-knight-dlx-nemesis-prime\/","og_site_name":"Hobby4Geek","article_publisher":"https:\/\/www.facebook.com\/hobby4geek","article_modified_time":"2024-08-04T16:16:26+00:00","og_image":[{"width":1638,"height":2048,"url":"https:\/\/hobby4geek.com\/wp-content\/uploads\/2024\/08\/hr_3z05790w0_b-scaled.jpg","type":"image\/jpeg"}],"twitter_card":"summary_large_image","twitter_site":"@hobby4geek","schema":{"@context":"https:\/\/schema.org","@graph":[{"@type":"WebPage","@id":"https:\/\/hobby4geek.com\/product\/threezero-transformers-the-last-knight-dlx-nemesis-prime\/","url":"https:\/\/hobby4geek.com\/product\/threezero-transformers-the-last-knight-dlx-nemesis-prime\/","name":"ThreeZero - Transformers : The Last Knight DLX Nemesis Prime","isPartOf":{"@id":"https:\/\/hobby4geek.com\/#website"},"primaryImageOfPage":{"@id":"https:\/\/hobby4geek.com\/product\/threezero-transformers-the-last-knight-dlx-nemesis-prime\/#primaryimage"},"image":{"@id":"https:\/\/hobby4geek.com\/product\/threezero-transformers-the-last-knight-dlx-nemesis-prime\/#primaryimage"},"thumbnailUrl":"https:\/\/hobby4geek.com\/wp-content\/uploads\/2024\/08\/hr_3z05790w0_b-scaled.jpg","datePublished":"2024-08-04T15:32:05+00:00","dateModified":"2024-08-04T16:16:26+00:00","breadcrumb":{"@id":"https:\/\/hobby4geek.com\/product\/threezero-transformers-the-last-knight-dlx-nemesis-prime\/#breadcrumb"},"inLanguage":"fr-FR","potentialAction":[{"@type":"ReadAction","target":["https:\/\/hobby4geek.com\/product\/threezero-transformers-the-last-knight-dlx-nemesis-prime\/"]}]},{"@type":"ImageObject","inLanguage":"fr-FR","@id":"https:\/\/hobby4geek.com\/product\/threezero-transformers-the-last-knight-dlx-nemesis-prime\/#primaryimage","url":"https:\/\/hobby4geek.com\/wp-content\/uploads\/2024\/08\/hr_3z05790w0_b-scaled.jpg","contentUrl":"https:\/\/hobby4geek.com\/wp-content\/uploads\/2024\/08\/hr_3z05790w0_b-scaled.jpg","width":1638,"height":2048},{"@type":"BreadcrumbList","@id":"https:\/\/hobby4geek.com\/product\/threezero-transformers-the-last-knight-dlx-nemesis-prime\/#breadcrumb","itemListElement":[{"@type":"ListItem","position":1,"name":"Home","item":"https:\/\/hobby4geek.com\/"},{"@type":"ListItem","position":2,"name":"Shop","item":"https:\/\/hobby4geek.com\/shop\/"},{"@type":"ListItem","position":3,"name":"ThreeZero &#8211; Transformers: The Last Knight DLX Nemesis Prime"}]},{"@type":"WebSite","@id":"https:\/\/hobby4geek.com\/#website","url":"https:\/\/hobby4geek.com\/","name":"Hobby4Geek","description":"Collectionnez, jouez et exposez, embrassez votre geekitude","publisher":{"@id":"https:\/\/hobby4geek.com\/#organization"},"potentialAction":[{"@type":"SearchAction","target":{"@type":"EntryPoint","urlTemplate":"https:\/\/hobby4geek.com\/?s={search_term_string}"},"query-input":{"@type":"PropertyValueSpecification","valueRequired":true,"valueName":"search_term_string"}}],"inLanguage":"fr-FR"},{"@type":"Organization","@id":"https:\/\/hobby4geek.com\/#organization","name":"Hobby4Geek","url":"https:\/\/hobby4geek.com\/","logo":{"@type":"ImageObject","inLanguage":"fr-FR","@id":"https:\/\/hobby4geek.com\/#\/schema\/logo\/image\/","url":"https:\/\/hobby4geek.com\/wp-content\/uploads\/2023\/02\/default-kit.png","contentUrl":"https:\/\/hobby4geek.com\/wp-content\/uploads\/2023\/02\/default-kit.png","width":600,"height":600,"caption":"Hobby4Geek"},"image":{"@id":"https:\/\/hobby4geek.com\/#\/schema\/logo\/image\/"},"sameAs":["https:\/\/www.facebook.com\/hobby4geek","https:\/\/x.com\/hobby4geek","https:\/\/www.instagram.com\/hobby4geek\/"]}]},"product_brand":"Hasbro","product_price_amount":"324.00","product_price_currency":"EUR","og_availability":"instock","product_availability":"instock","product_retailer_item_id":"4895250811041","product_condition":"new"},"_links":{"self":[{"href":"https:\/\/hobby4geek.com\/fr\/wp-json\/wp\/v2\/product\/198497","targetHints":{"allow":["GET"]}}],"collection":[{"href":"https:\/\/hobby4geek.com\/fr\/wp-json\/wp\/v2\/product"}],"about":[{"href":"https:\/\/hobby4geek.com\/fr\/wp-json\/wp\/v2\/types\/product"}],"replies":[{"embeddable":true,"href":"https:\/\/hobby4geek.com\/fr\/wp-json\/wp\/v2\/comments?post=198497"}],"version-history":[{"count":0,"href":"https:\/\/hobby4geek.com\/fr\/wp-json\/wp\/v2\/product\/198497\/revisions"}],"wp:featuredmedia":[{"embeddable":true,"href":"https:\/\/hobby4geek.com\/fr\/wp-json\/wp\/v2\/media\/198500"}],"wp:attachment":[{"href":"https:\/\/hobby4geek.com\/fr\/wp-json\/wp\/v2\/media?parent=198497"}],"wp:term":[{"taxonomy":"product_brand","embeddable":true,"href":"https:\/\/hobby4geek.com\/fr\/wp-json\/wp\/v2\/product_brand?post=198497"},{"taxonomy":"product_cat","embeddable":true,"href":"https:\/\/hobby4geek.com\/fr\/wp-json\/wp\/v2\/product_cat?post=198497"},{"taxonomy":"product_tag","embeddable":true,"href":"https:\/\/hobby4geek.com\/fr\/wp-json\/wp\/v2\/product_tag?post=198497"},{"taxonomy":"giftcard-category","embeddable":true,"href":"https:\/\/hobby4geek.com\/fr\/wp-json\/wp\/v2\/giftcard-category?post=198497"}],"curies":[{"name":"wp","href":"https:\/\/api.w.org\/{rel}","templated":true}]}}