{"id":198264,"date":"2025-05-28T12:51:06","date_gmt":"2025-05-28T11:51:06","guid":{"rendered":"https:\/\/hobby4geek.com\/?post_type=product&#038;p=198264"},"modified":"2025-05-30T10:40:57","modified_gmt":"2025-05-30T09:40:57","slug":"transformers-masterpiece-movie-series-mpm-3-bumblebee-40th-selection","status":"publish","type":"product","link":"https:\/\/hobby4geek.com\/fr\/produit\/transformers-masterpiece-movie-series-mpm-3-bumblebee-40th-selection\/","title":{"rendered":"Transformers: MPM-3 Bumblebee (40TH SELECTION)"},"content":{"rendered":"<p>Pour c\u00e9l\u00e9brer le 40e anniversaire du Transformers, des produits populaires du pass\u00e9 sont r\u00e9\u00e9dit\u00e9s dans des \u00e9ditions sp\u00e9ciales.<\/p>\n<p>Bumblebee, qui est apparu dans le premier film \"Transformers\", est d\u00e9sormais disponible en tant que produit du 40e anniversaire. Non seulement elle se transforme d'une Chevrolet Camaro en une figurine enti\u00e8rement articul\u00e9e, mais elle reproduit \u00e9galement l'apparence du film principal. Cette \u00e9dition sp\u00e9ciale pr\u00e9sente une toute nouvelle sp\u00e9cification de couleur par rapport \u00e0 la populaire MPM-3, en mettant l'accent sur des couleurs de moulage et de peinture qui correspondent plus \u00e9troitement \u00e0 l'image \u00e0 l'\u00e9cran.<\/p>\n<p>MPM-3 Bumblebee comprend un canon qui peut \u00eatre attach\u00e9 \u00e0 la figurine en mode robot et en mode voiture et inclut le masque de combat que Bumblebee utilise dans la franchise cin\u00e9matographique. Bumblebee est sous licence officielle de GM et se transforme en sa l\u00e9gendaire Chevrolet Camaro en 36 \u00e9tapes !<\/p>\n<p><em>\u00a9 2025 DreamWorks, LLC &amp; Paramount Pictures Corporation. \u00ae et\/ou TM &amp; \u00a9 2025 TOMY. <\/em><br \/>\n<em>Tous droits r\u00e9serv\u00e9s. TM &amp; \u00ae sont des marques d\u00e9pos\u00e9es au Japon.<\/em><\/p>","protected":false},"excerpt":{"rendered":"<ul>\n<li>Hauteur : 17 cm<\/li>\n<li>Conversion en 36 \u00e9tapes<\/li>\n<li>Mat\u00e9riau : Plastique<\/li>\n<li>D\u00e9tails moul\u00e9s<\/li>\n<li>Mains articul\u00e9es<\/li>\n<li>Comprend : Masque de combat et canon<\/li>\n<li>Caract\u00e9ristiques d\u00e9taill\u00e9es, y compris l'int\u00e9rieur<\/li>\n<\/ul>\n<p>&nbsp;<\/p>\n<p><strong>Conception et caract\u00e9ristiques :<\/strong><\/p>\n<ul>\n<li>Design authentique de Takara Tomy<\/li>\n<li>Conversion \u00e0 l'\u00e9cran<\/li>\n<li>Caract\u00e9ristiques d\u00e9taill\u00e9es et accessoires<\/li>\n<li>Design haut de gamme<\/li>\n<li>Emballage et instructions d'origine<\/li>\n<\/ul>","protected":false},"featured_media":198268,"comment_status":"open","ping_status":"closed","template":"","meta":{"inline_featured_image":false},"product_brand":[],"product_cat":[2691,69,1955],"product_tag":[2010,2629,200,1759,224,202,825,203,1975,204,1961],"giftcard-category":[],"class_list":{"0":"post-198264","1":"product","2":"type-product","3":"status-publish","4":"has-post-thumbnail","6":"product_cat-t-spark","7":"product_cat-takara-tomy","8":"product_cat-transformers","9":"product_tag-40th-anniversary","10":"product_tag-40th-selection","11":"product_tag-action-figures","12":"product_tag-action-toys","13":"product_tag-bumblebee","14":"product_tag-masterpiece-movie-series","15":"product_tag-mpm-3","16":"product_tag-takara-tomy","17":"product_tag-toys-figures","18":"product_tag-transformers","19":"product_tag-transformers-authentic","20":"product_shipping_class-light","21":"inventories-china-inventory","23":"first","24":"instock","25":"featured","26":"taxable","27":"shipping-taxable","28":"purchasable","29":"product-type-simple","30":"add-to-wishlist-after_add_to_cart"},"yoast_head":"<!-- This site is optimized with the Yoast SEO Premium plugin v25.3.1 (Yoast SEO v27.4) - https:\/\/yoast.com\/product\/yoast-seo-premium-wordpress\/ -->\n<title>Transformers: MPM-3 Bumblebee (40TH SELECTION)<\/title>\n<meta name=\"robots\" content=\"index, follow, max-snippet:-1, max-image-preview:large, max-video-preview:-1\" \/>\n<link rel=\"canonical\" href=\"https:\/\/hobby4geek.com\/fr\/produit\/transformers-masterpiece-movie-series-mpm-3-bumblebee-40th-selection\/\" \/>\n<meta property=\"og:locale\" content=\"fr_FR\" \/>\n<meta property=\"og:type\" content=\"article\" \/>\n<meta property=\"og:title\" content=\"Transformers: MPM-3 Bumblebee (40TH SELECTION)\" \/>\n<meta property=\"og:description\" content=\"Height: 17 cm  Converts in 36 steps  Material: Plastic  Molded details  Articulated hands  Includes: Battle mask and cannon  Detailed features, including the interior  &nbsp;  Design and Features:   Authentic Takara Tomy design  Screen-accurate conversion  Detailed features and accessories  Premium design  Original packaging and instructions\" \/>\n<meta property=\"og:url\" content=\"https:\/\/hobby4geek.com\/fr\/produit\/transformers-masterpiece-movie-series-mpm-3-bumblebee-40th-selection\/\" \/>\n<meta property=\"og:site_name\" content=\"Hobby4Geek\" \/>\n<meta property=\"article:publisher\" content=\"https:\/\/www.facebook.com\/hobby4geek\" \/>\n<meta property=\"article:modified_time\" content=\"2025-05-30T09:40:57+00:00\" \/>\n<meta name=\"twitter:card\" content=\"summary_large_image\" \/>\n<meta name=\"twitter:site\" content=\"@hobby4geek\" \/>\n<script type=\"application\/ld+json\" class=\"yoast-schema-graph\">{\"@context\":\"https:\\\/\\\/schema.org\",\"@graph\":[{\"@type\":\"WebPage\",\"@id\":\"https:\\\/\\\/hobby4geek.com\\\/product\\\/transformers-masterpiece-movie-series-mpm-3-bumblebee-40th-selection\\\/\",\"url\":\"https:\\\/\\\/hobby4geek.com\\\/product\\\/transformers-masterpiece-movie-series-mpm-3-bumblebee-40th-selection\\\/\",\"name\":\"Transformers: MPM-3 Bumblebee (40TH SELECTION)\",\"isPartOf\":{\"@id\":\"https:\\\/\\\/hobby4geek.com\\\/#website\"},\"primaryImageOfPage\":{\"@id\":\"https:\\\/\\\/hobby4geek.com\\\/product\\\/transformers-masterpiece-movie-series-mpm-3-bumblebee-40th-selection\\\/#primaryimage\"},\"image\":{\"@id\":\"https:\\\/\\\/hobby4geek.com\\\/product\\\/transformers-masterpiece-movie-series-mpm-3-bumblebee-40th-selection\\\/#primaryimage\"},\"thumbnailUrl\":\"https:\\\/\\\/hobby4geek.com\\\/wp-content\\\/uploads\\\/2024\\\/07\\\/transformers-masterpiece-movie-series-mpm-3-bumblebee-40th-selection-6.avif\",\"datePublished\":\"2025-05-28T11:51:06+00:00\",\"dateModified\":\"2025-05-30T09:40:57+00:00\",\"breadcrumb\":{\"@id\":\"https:\\\/\\\/hobby4geek.com\\\/product\\\/transformers-masterpiece-movie-series-mpm-3-bumblebee-40th-selection\\\/#breadcrumb\"},\"inLanguage\":\"fr-FR\",\"potentialAction\":[{\"@type\":\"ReadAction\",\"target\":[\"https:\\\/\\\/hobby4geek.com\\\/product\\\/transformers-masterpiece-movie-series-mpm-3-bumblebee-40th-selection\\\/\"]}]},{\"@type\":\"ImageObject\",\"inLanguage\":\"fr-FR\",\"@id\":\"https:\\\/\\\/hobby4geek.com\\\/product\\\/transformers-masterpiece-movie-series-mpm-3-bumblebee-40th-selection\\\/#primaryimage\",\"url\":\"https:\\\/\\\/hobby4geek.com\\\/wp-content\\\/uploads\\\/2024\\\/07\\\/transformers-masterpiece-movie-series-mpm-3-bumblebee-40th-selection-6.avif\",\"contentUrl\":\"https:\\\/\\\/hobby4geek.com\\\/wp-content\\\/uploads\\\/2024\\\/07\\\/transformers-masterpiece-movie-series-mpm-3-bumblebee-40th-selection-6.avif\",\"width\":1100,\"height\":1100,\"caption\":\"Transformers: Masterpiece Movie Series MPM-3 Bumblebee (40th Selection)\"},{\"@type\":\"BreadcrumbList\",\"@id\":\"https:\\\/\\\/hobby4geek.com\\\/product\\\/transformers-masterpiece-movie-series-mpm-3-bumblebee-40th-selection\\\/#breadcrumb\",\"itemListElement\":[{\"@type\":\"ListItem\",\"position\":1,\"name\":\"Home\",\"item\":\"https:\\\/\\\/hobby4geek.com\\\/\"},{\"@type\":\"ListItem\",\"position\":2,\"name\":\"Shop\",\"item\":\"https:\\\/\\\/hobby4geek.com\\\/shop\\\/\"},{\"@type\":\"ListItem\",\"position\":3,\"name\":\"Transformers: MPM-3 Bumblebee (40TH SELECTION)\"}]},{\"@type\":\"WebSite\",\"@id\":\"https:\\\/\\\/hobby4geek.com\\\/#website\",\"url\":\"https:\\\/\\\/hobby4geek.com\\\/\",\"name\":\"Hobby4Geek\",\"description\":\"Collect, Play &amp; Showcase, Embrace your Geekiness\",\"publisher\":{\"@id\":\"https:\\\/\\\/hobby4geek.com\\\/#organization\"},\"potentialAction\":[{\"@type\":\"SearchAction\",\"target\":{\"@type\":\"EntryPoint\",\"urlTemplate\":\"https:\\\/\\\/hobby4geek.com\\\/?s={search_term_string}\"},\"query-input\":{\"@type\":\"PropertyValueSpecification\",\"valueRequired\":true,\"valueName\":\"search_term_string\"}}],\"inLanguage\":\"fr-FR\"},{\"@type\":\"Organization\",\"@id\":\"https:\\\/\\\/hobby4geek.com\\\/#organization\",\"name\":\"Hobby4Geek\",\"url\":\"https:\\\/\\\/hobby4geek.com\\\/\",\"logo\":{\"@type\":\"ImageObject\",\"inLanguage\":\"fr-FR\",\"@id\":\"https:\\\/\\\/hobby4geek.com\\\/#\\\/schema\\\/logo\\\/image\\\/\",\"url\":\"https:\\\/\\\/hobby4geek.com\\\/wp-content\\\/uploads\\\/2023\\\/02\\\/default-kit.png\",\"contentUrl\":\"https:\\\/\\\/hobby4geek.com\\\/wp-content\\\/uploads\\\/2023\\\/02\\\/default-kit.png\",\"width\":600,\"height\":600,\"caption\":\"Hobby4Geek\"},\"image\":{\"@id\":\"https:\\\/\\\/hobby4geek.com\\\/#\\\/schema\\\/logo\\\/image\\\/\"},\"sameAs\":[\"https:\\\/\\\/www.facebook.com\\\/hobby4geek\",\"https:\\\/\\\/x.com\\\/hobby4geek\",\"https:\\\/\\\/www.instagram.com\\\/hobby4geek\\\/\"]}]}<\/script>\n<meta property=\"product:brand\" content=\"Takara Tomy\" \/>\n<meta property=\"product:price:amount\" content=\"146.80\" \/>\n<meta property=\"product:price:currency\" content=\"EUR\" \/>\n<meta property=\"og:availability\" content=\"instock\" \/>\n<meta property=\"product:availability\" content=\"instock\" \/>\n<meta property=\"product:retailer_item_id\" content=\"4904810948681\" \/>\n<meta property=\"product:condition\" content=\"new\" \/>\n<!-- \/ Yoast SEO Premium plugin. -->","yoast_head_json":{"title":"Transformers: MPM-3 Bumblebee (40TH SELECTION)","robots":{"index":"index","follow":"follow","max-snippet":"max-snippet:-1","max-image-preview":"max-image-preview:large","max-video-preview":"max-video-preview:-1"},"canonical":"https:\/\/hobby4geek.com\/fr\/produit\/transformers-masterpiece-movie-series-mpm-3-bumblebee-40th-selection\/","og_locale":"fr_FR","og_type":"article","og_title":"Transformers: MPM-3 Bumblebee (40TH SELECTION)","og_description":"Height: 17 cm  Converts in 36 steps  Material: Plastic  Molded details  Articulated hands  Includes: Battle mask and cannon  Detailed features, including the interior  &nbsp;  Design and Features:   Authentic Takara Tomy design  Screen-accurate conversion  Detailed features and accessories  Premium design  Original packaging and instructions","og_url":"https:\/\/hobby4geek.com\/fr\/produit\/transformers-masterpiece-movie-series-mpm-3-bumblebee-40th-selection\/","og_site_name":"Hobby4Geek","article_publisher":"https:\/\/www.facebook.com\/hobby4geek","article_modified_time":"2025-05-30T09:40:57+00:00","twitter_card":"summary_large_image","twitter_site":"@hobby4geek","schema":{"@context":"https:\/\/schema.org","@graph":[{"@type":"WebPage","@id":"https:\/\/hobby4geek.com\/product\/transformers-masterpiece-movie-series-mpm-3-bumblebee-40th-selection\/","url":"https:\/\/hobby4geek.com\/product\/transformers-masterpiece-movie-series-mpm-3-bumblebee-40th-selection\/","name":"Transformers: MPM-3 Bumblebee (40TH SELECTION)","isPartOf":{"@id":"https:\/\/hobby4geek.com\/#website"},"primaryImageOfPage":{"@id":"https:\/\/hobby4geek.com\/product\/transformers-masterpiece-movie-series-mpm-3-bumblebee-40th-selection\/#primaryimage"},"image":{"@id":"https:\/\/hobby4geek.com\/product\/transformers-masterpiece-movie-series-mpm-3-bumblebee-40th-selection\/#primaryimage"},"thumbnailUrl":"https:\/\/hobby4geek.com\/wp-content\/uploads\/2024\/07\/transformers-masterpiece-movie-series-mpm-3-bumblebee-40th-selection-6.avif","datePublished":"2025-05-28T11:51:06+00:00","dateModified":"2025-05-30T09:40:57+00:00","breadcrumb":{"@id":"https:\/\/hobby4geek.com\/product\/transformers-masterpiece-movie-series-mpm-3-bumblebee-40th-selection\/#breadcrumb"},"inLanguage":"fr-FR","potentialAction":[{"@type":"ReadAction","target":["https:\/\/hobby4geek.com\/product\/transformers-masterpiece-movie-series-mpm-3-bumblebee-40th-selection\/"]}]},{"@type":"ImageObject","inLanguage":"fr-FR","@id":"https:\/\/hobby4geek.com\/product\/transformers-masterpiece-movie-series-mpm-3-bumblebee-40th-selection\/#primaryimage","url":"https:\/\/hobby4geek.com\/wp-content\/uploads\/2024\/07\/transformers-masterpiece-movie-series-mpm-3-bumblebee-40th-selection-6.avif","contentUrl":"https:\/\/hobby4geek.com\/wp-content\/uploads\/2024\/07\/transformers-masterpiece-movie-series-mpm-3-bumblebee-40th-selection-6.avif","width":1100,"height":1100,"caption":"Transformers: Masterpiece Movie Series MPM-3 Bumblebee (40th Selection)"},{"@type":"BreadcrumbList","@id":"https:\/\/hobby4geek.com\/product\/transformers-masterpiece-movie-series-mpm-3-bumblebee-40th-selection\/#breadcrumb","itemListElement":[{"@type":"ListItem","position":1,"name":"Home","item":"https:\/\/hobby4geek.com\/"},{"@type":"ListItem","position":2,"name":"Shop","item":"https:\/\/hobby4geek.com\/shop\/"},{"@type":"ListItem","position":3,"name":"Transformers: MPM-3 Bumblebee (40TH SELECTION)"}]},{"@type":"WebSite","@id":"https:\/\/hobby4geek.com\/#website","url":"https:\/\/hobby4geek.com\/","name":"Hobby4Geek","description":"Collectionnez, jouez et exposez, embrassez votre geekitude","publisher":{"@id":"https:\/\/hobby4geek.com\/#organization"},"potentialAction":[{"@type":"SearchAction","target":{"@type":"EntryPoint","urlTemplate":"https:\/\/hobby4geek.com\/?s={search_term_string}"},"query-input":{"@type":"PropertyValueSpecification","valueRequired":true,"valueName":"search_term_string"}}],"inLanguage":"fr-FR"},{"@type":"Organization","@id":"https:\/\/hobby4geek.com\/#organization","name":"Hobby4Geek","url":"https:\/\/hobby4geek.com\/","logo":{"@type":"ImageObject","inLanguage":"fr-FR","@id":"https:\/\/hobby4geek.com\/#\/schema\/logo\/image\/","url":"https:\/\/hobby4geek.com\/wp-content\/uploads\/2023\/02\/default-kit.png","contentUrl":"https:\/\/hobby4geek.com\/wp-content\/uploads\/2023\/02\/default-kit.png","width":600,"height":600,"caption":"Hobby4Geek"},"image":{"@id":"https:\/\/hobby4geek.com\/#\/schema\/logo\/image\/"},"sameAs":["https:\/\/www.facebook.com\/hobby4geek","https:\/\/x.com\/hobby4geek","https:\/\/www.instagram.com\/hobby4geek\/"]}]},"product_brand":"Takara Tomy","product_price_amount":"146.80","product_price_currency":"EUR","og_availability":"instock","product_availability":"instock","product_retailer_item_id":"4904810948681","product_condition":"new"},"_links":{"self":[{"href":"https:\/\/hobby4geek.com\/fr\/wp-json\/wp\/v2\/product\/198264","targetHints":{"allow":["GET"]}}],"collection":[{"href":"https:\/\/hobby4geek.com\/fr\/wp-json\/wp\/v2\/product"}],"about":[{"href":"https:\/\/hobby4geek.com\/fr\/wp-json\/wp\/v2\/types\/product"}],"replies":[{"embeddable":true,"href":"https:\/\/hobby4geek.com\/fr\/wp-json\/wp\/v2\/comments?post=198264"}],"version-history":[{"count":0,"href":"https:\/\/hobby4geek.com\/fr\/wp-json\/wp\/v2\/product\/198264\/revisions"}],"wp:featuredmedia":[{"embeddable":true,"href":"https:\/\/hobby4geek.com\/fr\/wp-json\/wp\/v2\/media\/198268"}],"wp:attachment":[{"href":"https:\/\/hobby4geek.com\/fr\/wp-json\/wp\/v2\/media?parent=198264"}],"wp:term":[{"taxonomy":"product_brand","embeddable":true,"href":"https:\/\/hobby4geek.com\/fr\/wp-json\/wp\/v2\/product_brand?post=198264"},{"taxonomy":"product_cat","embeddable":true,"href":"https:\/\/hobby4geek.com\/fr\/wp-json\/wp\/v2\/product_cat?post=198264"},{"taxonomy":"product_tag","embeddable":true,"href":"https:\/\/hobby4geek.com\/fr\/wp-json\/wp\/v2\/product_tag?post=198264"},{"taxonomy":"giftcard-category","embeddable":true,"href":"https:\/\/hobby4geek.com\/fr\/wp-json\/wp\/v2\/giftcard-category?post=198264"}],"curies":[{"name":"wp","href":"https:\/\/api.w.org\/{rel}","templated":true}]}}