{"id":198133,"date":"2024-07-07T23:54:12","date_gmt":"2024-07-07T22:54:12","guid":{"rendered":"https:\/\/hobby4geek.com\/?post_type=product&#038;p=198133"},"modified":"2024-07-08T19:22:43","modified_gmt":"2024-07-08T18:22:43","slug":"funko-pop-transformers-retro-series-optimus-prime","status":"publish","type":"product","link":"https:\/\/hobby4geek.com\/fr\/produit\/funko-pop-transformers-retro-series-optimus-prime\/","title":{"rendered":"Funko POP ! Transformers : S\u00e9rie R\u00e9tro Optimus Prime"},"content":{"rendered":"<p>Transformez votre collection avec Pop ! Optimus Prime ! Aidez ce chef honorable \u00e0 se regrouper avec les autres Autobots dans votre ensemble Transformers : Generation 1 pour qu'il puisse vaincre les Decepticons ! La figurine en vinyle mesure environ 4,9 pouces. <\/p>","protected":false},"excerpt":{"rendered":"<ul>\n<li>Environ 11,9 cm de hauteur<\/li>\n<li>pr\u00e9sent\u00e9 dans une bo\u00eete \u00e0 fen\u00eatre<\/li>\n<li>Num\u00e9ro d'article : 80987<\/li>\n<\/ul>","protected":false},"featured_media":198134,"comment_status":"open","ping_status":"closed","template":"","meta":{"inline_featured_image":false},"product_brand":[],"product_cat":[1955,2013,2198],"product_tag":[2015,1978,234,2018,1975,204],"giftcard-category":[],"class_list":{"0":"post-198133","1":"product","2":"type-product","3":"status-publish","4":"has-post-thumbnail","6":"product_cat-transformers","7":"product_cat-funko","8":"product_cat-pop","9":"product_tag-funko-pop","10":"product_tag-mini-figures","11":"product_tag-optimus-prime","12":"product_tag-pop","13":"product_tag-toys-figures","14":"product_tag-transformers","15":"product_shipping_class-light","16":"inventories-france-inventory","18":"first","19":"instock","20":"taxable","21":"shipping-taxable","22":"purchasable","23":"product-type-simple","24":"add-to-wishlist-after_add_to_cart"},"yoast_head":"<!-- This site is optimized with the Yoast SEO Premium plugin v25.3.1 (Yoast SEO v27.2) - https:\/\/yoast.com\/product\/yoast-seo-premium-wordpress\/ -->\n<title>Funko POP! Transformers: Retro Series Optimus Prime<\/title>\n<meta name=\"description\" content=\"Transform your collection with Pop! Megatron! Help this villainous leader regroup with the other Decepticons in your Transformers.\" \/>\n<meta name=\"robots\" content=\"index, follow, max-snippet:-1, max-image-preview:large, max-video-preview:-1\" \/>\n<link rel=\"canonical\" href=\"https:\/\/hobby4geek.com\/fr\/produit\/funko-pop-transformers-retro-series-optimus-prime\/\" \/>\n<meta property=\"og:locale\" content=\"fr_FR\" \/>\n<meta property=\"og:type\" content=\"article\" \/>\n<meta property=\"og:title\" content=\"Funko POP! Transformers: Retro Series Optimus Prime\" \/>\n<meta property=\"og:description\" content=\"Transform your collection with Pop! Megatron! Help this villainous leader regroup with the other Decepticons in your Transformers.\" \/>\n<meta property=\"og:url\" content=\"https:\/\/hobby4geek.com\/fr\/produit\/funko-pop-transformers-retro-series-optimus-prime\/\" \/>\n<meta property=\"og:site_name\" content=\"Hobby4Geek\" \/>\n<meta property=\"article:publisher\" content=\"https:\/\/www.facebook.com\/hobby4geek\" \/>\n<meta property=\"article:modified_time\" content=\"2024-07-08T18:22:43+00:00\" \/>\n<meta property=\"og:image\" content=\"https:\/\/hobby4geek.com\/wp-content\/uploads\/2024\/07\/x_fk80987_a.jpg\" \/>\n\t<meta property=\"og:image:width\" content=\"600\" \/>\n\t<meta property=\"og:image:height\" content=\"600\" \/>\n\t<meta property=\"og:image:type\" content=\"image\/jpeg\" \/>\n<meta name=\"twitter:card\" content=\"summary_large_image\" \/>\n<meta name=\"twitter:site\" content=\"@hobby4geek\" \/>\n<script type=\"application\/ld+json\" class=\"yoast-schema-graph\">{\"@context\":\"https:\/\/schema.org\",\"@graph\":[{\"@type\":\"WebPage\",\"@id\":\"https:\/\/hobby4geek.com\/product\/funko-pop-transformers-retro-series-optimus-prime\/\",\"url\":\"https:\/\/hobby4geek.com\/product\/funko-pop-transformers-retro-series-optimus-prime\/\",\"name\":\"Funko POP! Transformers: Retro Series Optimus Prime\",\"isPartOf\":{\"@id\":\"https:\/\/hobby4geek.com\/#website\"},\"primaryImageOfPage\":{\"@id\":\"https:\/\/hobby4geek.com\/product\/funko-pop-transformers-retro-series-optimus-prime\/#primaryimage\"},\"image\":{\"@id\":\"https:\/\/hobby4geek.com\/product\/funko-pop-transformers-retro-series-optimus-prime\/#primaryimage\"},\"thumbnailUrl\":\"https:\/\/hobby4geek.com\/wp-content\/uploads\/2024\/07\/x_fk80987_a.jpg\",\"datePublished\":\"2024-07-07T22:54:12+00:00\",\"dateModified\":\"2024-07-08T18:22:43+00:00\",\"description\":\"Transform your collection with Pop! Megatron! Help this villainous leader regroup with the other Decepticons in your Transformers.\",\"breadcrumb\":{\"@id\":\"https:\/\/hobby4geek.com\/product\/funko-pop-transformers-retro-series-optimus-prime\/#breadcrumb\"},\"inLanguage\":\"fr-FR\",\"potentialAction\":[{\"@type\":\"ReadAction\",\"target\":[\"https:\/\/hobby4geek.com\/product\/funko-pop-transformers-retro-series-optimus-prime\/\"]}]},{\"@type\":\"ImageObject\",\"inLanguage\":\"fr-FR\",\"@id\":\"https:\/\/hobby4geek.com\/product\/funko-pop-transformers-retro-series-optimus-prime\/#primaryimage\",\"url\":\"https:\/\/hobby4geek.com\/wp-content\/uploads\/2024\/07\/x_fk80987_a.jpg\",\"contentUrl\":\"https:\/\/hobby4geek.com\/wp-content\/uploads\/2024\/07\/x_fk80987_a.jpg\",\"width\":600,\"height\":600},{\"@type\":\"BreadcrumbList\",\"@id\":\"https:\/\/hobby4geek.com\/product\/funko-pop-transformers-retro-series-optimus-prime\/#breadcrumb\",\"itemListElement\":[{\"@type\":\"ListItem\",\"position\":1,\"name\":\"Home\",\"item\":\"https:\/\/hobby4geek.com\/\"},{\"@type\":\"ListItem\",\"position\":2,\"name\":\"Shop\",\"item\":\"https:\/\/hobby4geek.com\/shop\/\"},{\"@type\":\"ListItem\",\"position\":3,\"name\":\"Funko POP! Transformers: Retro Series Optimus Prime\"}]},{\"@type\":\"WebSite\",\"@id\":\"https:\/\/hobby4geek.com\/#website\",\"url\":\"https:\/\/hobby4geek.com\/\",\"name\":\"Hobby4Geek\",\"description\":\"Collect, Play &amp; Showcase, Embrace your Geekiness\",\"publisher\":{\"@id\":\"https:\/\/hobby4geek.com\/#organization\"},\"potentialAction\":[{\"@type\":\"SearchAction\",\"target\":{\"@type\":\"EntryPoint\",\"urlTemplate\":\"https:\/\/hobby4geek.com\/?s={search_term_string}\"},\"query-input\":{\"@type\":\"PropertyValueSpecification\",\"valueRequired\":true,\"valueName\":\"search_term_string\"}}],\"inLanguage\":\"fr-FR\"},{\"@type\":\"Organization\",\"@id\":\"https:\/\/hobby4geek.com\/#organization\",\"name\":\"Hobby4Geek\",\"url\":\"https:\/\/hobby4geek.com\/\",\"logo\":{\"@type\":\"ImageObject\",\"inLanguage\":\"fr-FR\",\"@id\":\"https:\/\/hobby4geek.com\/#\/schema\/logo\/image\/\",\"url\":\"https:\/\/hobby4geek.com\/wp-content\/uploads\/2023\/02\/default-kit.png\",\"contentUrl\":\"https:\/\/hobby4geek.com\/wp-content\/uploads\/2023\/02\/default-kit.png\",\"width\":600,\"height\":600,\"caption\":\"Hobby4Geek\"},\"image\":{\"@id\":\"https:\/\/hobby4geek.com\/#\/schema\/logo\/image\/\"},\"sameAs\":[\"https:\/\/www.facebook.com\/hobby4geek\",\"https:\/\/x.com\/hobby4geek\",\"https:\/\/www.instagram.com\/hobby4geek\/\"]}]}<\/script>\n<meta property=\"product:brand\" content=\"Transformers\" \/>\n<meta property=\"product:price:amount\" content=\"16.80\" \/>\n<meta property=\"product:price:currency\" content=\"EUR\" \/>\n<meta property=\"og:availability\" content=\"instock\" \/>\n<meta property=\"product:availability\" content=\"instock\" \/>\n<meta property=\"product:retailer_item_id\" content=\"889698809870\" \/>\n<meta property=\"product:condition\" content=\"new\" \/>\n<!-- \/ Yoast SEO Premium plugin. -->","yoast_head_json":{"title":"Funko POP ! Transformers : S\u00e9rie R\u00e9tro Optimus Prime","description":"Transformez votre collection avec Pop ! Megatron ! Aidez ce m\u00e9chant leader \u00e0 se regrouper avec les autres Decepticons dans votre Transformers.","robots":{"index":"index","follow":"follow","max-snippet":"max-snippet:-1","max-image-preview":"max-image-preview:large","max-video-preview":"max-video-preview:-1"},"canonical":"https:\/\/hobby4geek.com\/fr\/produit\/funko-pop-transformers-retro-series-optimus-prime\/","og_locale":"fr_FR","og_type":"article","og_title":"Funko POP! Transformers: Retro Series Optimus Prime","og_description":"Transform your collection with Pop! Megatron! Help this villainous leader regroup with the other Decepticons in your Transformers.","og_url":"https:\/\/hobby4geek.com\/fr\/produit\/funko-pop-transformers-retro-series-optimus-prime\/","og_site_name":"Hobby4Geek","article_publisher":"https:\/\/www.facebook.com\/hobby4geek","article_modified_time":"2024-07-08T18:22:43+00:00","og_image":[{"width":600,"height":600,"url":"https:\/\/hobby4geek.com\/wp-content\/uploads\/2024\/07\/x_fk80987_a.jpg","type":"image\/jpeg"}],"twitter_card":"summary_large_image","twitter_site":"@hobby4geek","schema":{"@context":"https:\/\/schema.org","@graph":[{"@type":"WebPage","@id":"https:\/\/hobby4geek.com\/product\/funko-pop-transformers-retro-series-optimus-prime\/","url":"https:\/\/hobby4geek.com\/product\/funko-pop-transformers-retro-series-optimus-prime\/","name":"Funko POP ! Transformers : S\u00e9rie R\u00e9tro Optimus Prime","isPartOf":{"@id":"https:\/\/hobby4geek.com\/#website"},"primaryImageOfPage":{"@id":"https:\/\/hobby4geek.com\/product\/funko-pop-transformers-retro-series-optimus-prime\/#primaryimage"},"image":{"@id":"https:\/\/hobby4geek.com\/product\/funko-pop-transformers-retro-series-optimus-prime\/#primaryimage"},"thumbnailUrl":"https:\/\/hobby4geek.com\/wp-content\/uploads\/2024\/07\/x_fk80987_a.jpg","datePublished":"2024-07-07T22:54:12+00:00","dateModified":"2024-07-08T18:22:43+00:00","description":"Transformez votre collection avec Pop ! Megatron ! Aidez ce m\u00e9chant leader \u00e0 se regrouper avec les autres Decepticons dans votre Transformers.","breadcrumb":{"@id":"https:\/\/hobby4geek.com\/product\/funko-pop-transformers-retro-series-optimus-prime\/#breadcrumb"},"inLanguage":"fr-FR","potentialAction":[{"@type":"ReadAction","target":["https:\/\/hobby4geek.com\/product\/funko-pop-transformers-retro-series-optimus-prime\/"]}]},{"@type":"ImageObject","inLanguage":"fr-FR","@id":"https:\/\/hobby4geek.com\/product\/funko-pop-transformers-retro-series-optimus-prime\/#primaryimage","url":"https:\/\/hobby4geek.com\/wp-content\/uploads\/2024\/07\/x_fk80987_a.jpg","contentUrl":"https:\/\/hobby4geek.com\/wp-content\/uploads\/2024\/07\/x_fk80987_a.jpg","width":600,"height":600},{"@type":"BreadcrumbList","@id":"https:\/\/hobby4geek.com\/product\/funko-pop-transformers-retro-series-optimus-prime\/#breadcrumb","itemListElement":[{"@type":"ListItem","position":1,"name":"Home","item":"https:\/\/hobby4geek.com\/"},{"@type":"ListItem","position":2,"name":"Shop","item":"https:\/\/hobby4geek.com\/shop\/"},{"@type":"ListItem","position":3,"name":"Funko POP! Transformers: Retro Series Optimus Prime"}]},{"@type":"WebSite","@id":"https:\/\/hobby4geek.com\/#website","url":"https:\/\/hobby4geek.com\/","name":"Hobby4Geek","description":"Collectionnez, jouez et exposez, embrassez votre geekitude","publisher":{"@id":"https:\/\/hobby4geek.com\/#organization"},"potentialAction":[{"@type":"SearchAction","target":{"@type":"EntryPoint","urlTemplate":"https:\/\/hobby4geek.com\/?s={search_term_string}"},"query-input":{"@type":"PropertyValueSpecification","valueRequired":true,"valueName":"search_term_string"}}],"inLanguage":"fr-FR"},{"@type":"Organization","@id":"https:\/\/hobby4geek.com\/#organization","name":"Hobby4Geek","url":"https:\/\/hobby4geek.com\/","logo":{"@type":"ImageObject","inLanguage":"fr-FR","@id":"https:\/\/hobby4geek.com\/#\/schema\/logo\/image\/","url":"https:\/\/hobby4geek.com\/wp-content\/uploads\/2023\/02\/default-kit.png","contentUrl":"https:\/\/hobby4geek.com\/wp-content\/uploads\/2023\/02\/default-kit.png","width":600,"height":600,"caption":"Hobby4Geek"},"image":{"@id":"https:\/\/hobby4geek.com\/#\/schema\/logo\/image\/"},"sameAs":["https:\/\/www.facebook.com\/hobby4geek","https:\/\/x.com\/hobby4geek","https:\/\/www.instagram.com\/hobby4geek\/"]}]},"product_brand":"Transformers","product_price_amount":"16.80","product_price_currency":"EUR","og_availability":"instock","product_availability":"instock","product_retailer_item_id":"889698809870","product_condition":"new"},"_links":{"self":[{"href":"https:\/\/hobby4geek.com\/fr\/wp-json\/wp\/v2\/product\/198133","targetHints":{"allow":["GET"]}}],"collection":[{"href":"https:\/\/hobby4geek.com\/fr\/wp-json\/wp\/v2\/product"}],"about":[{"href":"https:\/\/hobby4geek.com\/fr\/wp-json\/wp\/v2\/types\/product"}],"replies":[{"embeddable":true,"href":"https:\/\/hobby4geek.com\/fr\/wp-json\/wp\/v2\/comments?post=198133"}],"version-history":[{"count":0,"href":"https:\/\/hobby4geek.com\/fr\/wp-json\/wp\/v2\/product\/198133\/revisions"}],"wp:featuredmedia":[{"embeddable":true,"href":"https:\/\/hobby4geek.com\/fr\/wp-json\/wp\/v2\/media\/198134"}],"wp:attachment":[{"href":"https:\/\/hobby4geek.com\/fr\/wp-json\/wp\/v2\/media?parent=198133"}],"wp:term":[{"taxonomy":"product_brand","embeddable":true,"href":"https:\/\/hobby4geek.com\/fr\/wp-json\/wp\/v2\/product_brand?post=198133"},{"taxonomy":"product_cat","embeddable":true,"href":"https:\/\/hobby4geek.com\/fr\/wp-json\/wp\/v2\/product_cat?post=198133"},{"taxonomy":"product_tag","embeddable":true,"href":"https:\/\/hobby4geek.com\/fr\/wp-json\/wp\/v2\/product_tag?post=198133"},{"taxonomy":"giftcard-category","embeddable":true,"href":"https:\/\/hobby4geek.com\/fr\/wp-json\/wp\/v2\/giftcard-category?post=198133"}],"curies":[{"name":"wp","href":"https:\/\/api.w.org\/{rel}","templated":true}]}}