{"id":197885,"date":"2024-01-01T01:59:30","date_gmt":"2024-01-01T00:59:30","guid":{"rendered":"https:\/\/hobby4geek.com\/?post_type=product&#038;p=197885"},"modified":"2024-06-17T18:03:37","modified_gmt":"2024-06-17T17:03:37","slug":"star-wars-the-black-series-darth-vader-archive-collection","status":"publish","type":"product","link":"https:\/\/hobby4geek.com\/fr\/produit\/star-wars-the-black-series-darth-vader-archive-collection\/","title":{"rendered":"Star Wars: The Black Series : Dark Vador \"Collection d'archives\" (en anglais)"},"content":{"rendered":"<p>Star Wars The Black Series comprend des figurines de collection de 6 pouces, des v\u00e9hicules et des objets de jeu de r\u00f4le issus des plus de 40 ans d'histoire de la galaxie Star Wars. Avec des caract\u00e9ristiques et des d\u00e9corations exquises, cette s\u00e9rie incarne la qualit\u00e9 et le r\u00e9alisme que les fans de Star Wars adorent. Que la Force soit avec vous !<\/p>\n<ul>\n<li>COLLECTION ARCHIVES DE LA S\u00c9RIE NOIRE : Les fans ont la possibilit\u00e9 de collectionner les figurines de la s\u00e9rie The Black Series d\u00e9j\u00e0 sorties, qui reviennent dans un emballage de type bo\u00eete \u00e0 fen\u00eatre d'archives.<\/li>\n<li>DESIGN ET ARTICULATION DE PREMIUM : Les fans de Star Wars et les collectionneurs peuvent exposer cette figurine \u00e0 l'\u00e9chelle 6 pouces - avec des d\u00e9cors fid\u00e8les au divertissement, un design r\u00e9aliste, une cape en tissu souple et 29 points d'articulation - dans leurs collections.<\/li>\n<li>Accessoire inspir\u00e9 du personnage : Cette figurine de Dark Vador est livr\u00e9e avec un sabre laser.<\/li>\n<li>UNE CONSTELLATION DE COLLECTIBLES : Cherchez d'autres figurines Star Wars de la S\u00e9rie Noire pour construire une galaxie sur votre \u00e9tag\u00e8re.<\/li>\n<li>JEDI-TOURN\u00c9-SITH-LORD : S\u00e9duit par le c\u00f4t\u00e9 obscur de la Force, le Seigneur Sith Dark Vador a dirig\u00e9 l'\u00e9radication de l'Ordre Jedi par l'Empire et a cherch\u00e9 \u00e0 \u00e9craser l'Alliance Rebelle naissante.<\/li>\n<\/ul>\n<p>Comprend : Figurine et accessoires.<\/p>\n<ul>\n<li>\u00c9chelle de la figure : 6 pouces<\/li>\n<li>A partir de 4 ans : 4 ans et plus<\/li>\n<li>\u26a0\ufe0fWARNING : DANGER DE CHOC - Petites pi\u00e8ces. Ne convient pas aux enfants de moins de 3 ans.<\/li>\n<\/ul>","protected":false},"excerpt":{"rendered":"<ul>\n<li>Star Wars: The Black Series<\/li>\n<li>Avec des d\u00e9tails de premi\u00e8re qualit\u00e9<\/li>\n<li>Points d'articulation multiples<\/li>\n<li>\u00c9chelle de la figure : 6 pouces<\/li>\n<\/ul>","protected":false},"featured_media":197887,"comment_status":"open","ping_status":"closed","template":"","meta":{"inline_featured_image":false},"product_brand":[],"product_cat":[68,2005],"product_tag":[1759,2599,2114,2008,2009,1975],"giftcard-category":[],"class_list":{"0":"post-197885","1":"product","2":"type-product","3":"status-publish","4":"has-post-thumbnail","6":"product_cat-hasbro","7":"product_cat-star-wars","8":"product_tag-action-toys","9":"product_tag-archive-collection","10":"product_tag-darth-vader","11":"product_tag-star-wars","12":"product_tag-the-black-series","13":"product_tag-toys-figures","14":"product_shipping_class-light","16":"first","17":"outofstock","18":"taxable","19":"shipping-taxable","20":"purchasable","21":"product-type-simple","22":"add-to-wishlist-after_add_to_cart"},"yoast_head":"<!-- This site is optimized with the Yoast SEO Premium plugin v25.3.1 (Yoast SEO v27.2) - https:\/\/yoast.com\/product\/yoast-seo-premium-wordpress\/ -->\n<title>Star Wars: The Black Series: Darth Vader &quot;Archive Collection&quot;<\/title>\n<meta name=\"robots\" content=\"index, follow, max-snippet:-1, max-image-preview:large, max-video-preview:-1\" \/>\n<link rel=\"canonical\" href=\"https:\/\/hobby4geek.com\/fr\/produit\/star-wars-the-black-series-darth-vader-archive-collection\/\" \/>\n<meta property=\"og:locale\" content=\"fr_FR\" \/>\n<meta property=\"og:type\" content=\"article\" \/>\n<meta property=\"og:title\" content=\"Star Wars: The Black Series: Darth Vader &quot;Archive Collection&quot;\" \/>\n<meta property=\"og:description\" content=\"Star Wars: The Black Series  Featuring premium detail  Multiple points of articulation  Figure scale: 6 inches\" \/>\n<meta property=\"og:url\" content=\"https:\/\/hobby4geek.com\/fr\/produit\/star-wars-the-black-series-darth-vader-archive-collection\/\" \/>\n<meta property=\"og:site_name\" content=\"Hobby4Geek\" \/>\n<meta property=\"article:publisher\" content=\"https:\/\/www.facebook.com\/hobby4geek\" \/>\n<meta property=\"article:modified_time\" content=\"2024-06-17T17:03:37+00:00\" \/>\n<meta property=\"og:image\" content=\"https:\/\/hobby4geek.com\/wp-content\/uploads\/2024\/01\/star-wars-the-black-series-darth-vader-archive-collection-6.jpg\" \/>\n\t<meta property=\"og:image:width\" content=\"2046\" \/>\n\t<meta property=\"og:image:height\" content=\"2048\" \/>\n\t<meta property=\"og:image:type\" content=\"image\/jpeg\" \/>\n<meta name=\"twitter:card\" content=\"summary_large_image\" \/>\n<meta name=\"twitter:site\" content=\"@hobby4geek\" \/>\n<script type=\"application\/ld+json\" class=\"yoast-schema-graph\">{\"@context\":\"https:\/\/schema.org\",\"@graph\":[{\"@type\":\"WebPage\",\"@id\":\"https:\/\/hobby4geek.com\/it\/prodotto\/star-wars-the-black-series-darth-vader-archive-collection\/\",\"url\":\"https:\/\/hobby4geek.com\/it\/prodotto\/star-wars-the-black-series-darth-vader-archive-collection\/\",\"name\":\"Star Wars: The Black Series: Darth Vader \\\"Archive Collection\\\"\",\"isPartOf\":{\"@id\":\"https:\/\/hobby4geek.com\/#website\"},\"primaryImageOfPage\":{\"@id\":\"https:\/\/hobby4geek.com\/it\/prodotto\/star-wars-the-black-series-darth-vader-archive-collection\/#primaryimage\"},\"image\":{\"@id\":\"https:\/\/hobby4geek.com\/it\/prodotto\/star-wars-the-black-series-darth-vader-archive-collection\/#primaryimage\"},\"thumbnailUrl\":\"https:\/\/hobby4geek.com\/wp-content\/uploads\/2024\/01\/star-wars-the-black-series-darth-vader-archive-collection-6.jpg\",\"datePublished\":\"2024-01-01T00:59:30+00:00\",\"dateModified\":\"2024-06-17T17:03:37+00:00\",\"breadcrumb\":{\"@id\":\"https:\/\/hobby4geek.com\/it\/prodotto\/star-wars-the-black-series-darth-vader-archive-collection\/#breadcrumb\"},\"inLanguage\":\"fr-FR\",\"potentialAction\":[{\"@type\":\"ReadAction\",\"target\":[\"https:\/\/hobby4geek.com\/it\/prodotto\/star-wars-the-black-series-darth-vader-archive-collection\/\"]}]},{\"@type\":\"ImageObject\",\"inLanguage\":\"fr-FR\",\"@id\":\"https:\/\/hobby4geek.com\/it\/prodotto\/star-wars-the-black-series-darth-vader-archive-collection\/#primaryimage\",\"url\":\"https:\/\/hobby4geek.com\/wp-content\/uploads\/2024\/01\/star-wars-the-black-series-darth-vader-archive-collection-6.jpg\",\"contentUrl\":\"https:\/\/hobby4geek.com\/wp-content\/uploads\/2024\/01\/star-wars-the-black-series-darth-vader-archive-collection-6.jpg\",\"width\":2046,\"height\":2048,\"caption\":\"Star Wars: The Black Series: Darth Vader \\\"Archive Collection\\\"\"},{\"@type\":\"BreadcrumbList\",\"@id\":\"https:\/\/hobby4geek.com\/it\/prodotto\/star-wars-the-black-series-darth-vader-archive-collection\/#breadcrumb\",\"itemListElement\":[{\"@type\":\"ListItem\",\"position\":1,\"name\":\"Home\",\"item\":\"https:\/\/hobby4geek.com\/\"},{\"@type\":\"ListItem\",\"position\":2,\"name\":\"Shop\",\"item\":\"https:\/\/hobby4geek.com\/shop\/\"},{\"@type\":\"ListItem\",\"position\":3,\"name\":\"Star Wars: The Black Series: Darth Vader &#8220;Archive Collection&#8221;\"}]},{\"@type\":\"WebSite\",\"@id\":\"https:\/\/hobby4geek.com\/#website\",\"url\":\"https:\/\/hobby4geek.com\/\",\"name\":\"Hobby4Geek\",\"description\":\"Collect, Play &amp; Showcase, Embrace your Geekiness\",\"publisher\":{\"@id\":\"https:\/\/hobby4geek.com\/#organization\"},\"potentialAction\":[{\"@type\":\"SearchAction\",\"target\":{\"@type\":\"EntryPoint\",\"urlTemplate\":\"https:\/\/hobby4geek.com\/?s={search_term_string}\"},\"query-input\":{\"@type\":\"PropertyValueSpecification\",\"valueRequired\":true,\"valueName\":\"search_term_string\"}}],\"inLanguage\":\"fr-FR\"},{\"@type\":\"Organization\",\"@id\":\"https:\/\/hobby4geek.com\/#organization\",\"name\":\"Hobby4Geek\",\"url\":\"https:\/\/hobby4geek.com\/\",\"logo\":{\"@type\":\"ImageObject\",\"inLanguage\":\"fr-FR\",\"@id\":\"https:\/\/hobby4geek.com\/#\/schema\/logo\/image\/\",\"url\":\"https:\/\/hobby4geek.com\/wp-content\/uploads\/2023\/02\/default-kit.png\",\"contentUrl\":\"https:\/\/hobby4geek.com\/wp-content\/uploads\/2023\/02\/default-kit.png\",\"width\":600,\"height\":600,\"caption\":\"Hobby4Geek\"},\"image\":{\"@id\":\"https:\/\/hobby4geek.com\/#\/schema\/logo\/image\/\"},\"sameAs\":[\"https:\/\/www.facebook.com\/hobby4geek\",\"https:\/\/x.com\/hobby4geek\",\"https:\/\/www.instagram.com\/hobby4geek\/\"]}]}<\/script>\n<meta property=\"product:brand\" content=\"Hasbro\" \/>\n<meta property=\"product:price:amount\" content=\"29.80\" \/>\n<meta property=\"product:price:currency\" content=\"EUR\" \/>\n<meta property=\"og:availability\" content=\"out of stock\" \/>\n<meta property=\"product:availability\" content=\"out of stock\" \/>\n<meta property=\"product:retailer_item_id\" content=\"5010996213303\" \/>\n<meta property=\"product:condition\" content=\"new\" \/>\n<!-- \/ Yoast SEO Premium plugin. -->","yoast_head_json":{"title":"Star Wars: The Black Series : Dark Vador \"Collection d'archives\" (en anglais)","robots":{"index":"index","follow":"follow","max-snippet":"max-snippet:-1","max-image-preview":"max-image-preview:large","max-video-preview":"max-video-preview:-1"},"canonical":"https:\/\/hobby4geek.com\/fr\/produit\/star-wars-the-black-series-darth-vader-archive-collection\/","og_locale":"fr_FR","og_type":"article","og_title":"Star Wars: The Black Series: Darth Vader \"Archive Collection\"","og_description":"Star Wars: The Black Series  Featuring premium detail  Multiple points of articulation  Figure scale: 6 inches","og_url":"https:\/\/hobby4geek.com\/fr\/produit\/star-wars-the-black-series-darth-vader-archive-collection\/","og_site_name":"Hobby4Geek","article_publisher":"https:\/\/www.facebook.com\/hobby4geek","article_modified_time":"2024-06-17T17:03:37+00:00","og_image":[{"width":2046,"height":2048,"url":"https:\/\/hobby4geek.com\/wp-content\/uploads\/2024\/01\/star-wars-the-black-series-darth-vader-archive-collection-6.jpg","type":"image\/jpeg"}],"twitter_card":"summary_large_image","twitter_site":"@hobby4geek","schema":{"@context":"https:\/\/schema.org","@graph":[{"@type":"WebPage","@id":"https:\/\/hobby4geek.com\/it\/prodotto\/star-wars-the-black-series-darth-vader-archive-collection\/","url":"https:\/\/hobby4geek.com\/it\/prodotto\/star-wars-the-black-series-darth-vader-archive-collection\/","name":"Star Wars: The Black Series : Dark Vador \"Collection d'archives\" (en anglais)","isPartOf":{"@id":"https:\/\/hobby4geek.com\/#website"},"primaryImageOfPage":{"@id":"https:\/\/hobby4geek.com\/it\/prodotto\/star-wars-the-black-series-darth-vader-archive-collection\/#primaryimage"},"image":{"@id":"https:\/\/hobby4geek.com\/it\/prodotto\/star-wars-the-black-series-darth-vader-archive-collection\/#primaryimage"},"thumbnailUrl":"https:\/\/hobby4geek.com\/wp-content\/uploads\/2024\/01\/star-wars-the-black-series-darth-vader-archive-collection-6.jpg","datePublished":"2024-01-01T00:59:30+00:00","dateModified":"2024-06-17T17:03:37+00:00","breadcrumb":{"@id":"https:\/\/hobby4geek.com\/it\/prodotto\/star-wars-the-black-series-darth-vader-archive-collection\/#breadcrumb"},"inLanguage":"fr-FR","potentialAction":[{"@type":"ReadAction","target":["https:\/\/hobby4geek.com\/it\/prodotto\/star-wars-the-black-series-darth-vader-archive-collection\/"]}]},{"@type":"ImageObject","inLanguage":"fr-FR","@id":"https:\/\/hobby4geek.com\/it\/prodotto\/star-wars-the-black-series-darth-vader-archive-collection\/#primaryimage","url":"https:\/\/hobby4geek.com\/wp-content\/uploads\/2024\/01\/star-wars-the-black-series-darth-vader-archive-collection-6.jpg","contentUrl":"https:\/\/hobby4geek.com\/wp-content\/uploads\/2024\/01\/star-wars-the-black-series-darth-vader-archive-collection-6.jpg","width":2046,"height":2048,"caption":"Star Wars: The Black Series: Darth Vader \"Archive Collection\""},{"@type":"BreadcrumbList","@id":"https:\/\/hobby4geek.com\/it\/prodotto\/star-wars-the-black-series-darth-vader-archive-collection\/#breadcrumb","itemListElement":[{"@type":"ListItem","position":1,"name":"Home","item":"https:\/\/hobby4geek.com\/"},{"@type":"ListItem","position":2,"name":"Shop","item":"https:\/\/hobby4geek.com\/shop\/"},{"@type":"ListItem","position":3,"name":"Star Wars: The Black Series: Darth Vader &#8220;Archive Collection&#8221;"}]},{"@type":"WebSite","@id":"https:\/\/hobby4geek.com\/#website","url":"https:\/\/hobby4geek.com\/","name":"Hobby4Geek","description":"Collectionnez, jouez et exposez, embrassez votre geekitude","publisher":{"@id":"https:\/\/hobby4geek.com\/#organization"},"potentialAction":[{"@type":"SearchAction","target":{"@type":"EntryPoint","urlTemplate":"https:\/\/hobby4geek.com\/?s={search_term_string}"},"query-input":{"@type":"PropertyValueSpecification","valueRequired":true,"valueName":"search_term_string"}}],"inLanguage":"fr-FR"},{"@type":"Organization","@id":"https:\/\/hobby4geek.com\/#organization","name":"Hobby4Geek","url":"https:\/\/hobby4geek.com\/","logo":{"@type":"ImageObject","inLanguage":"fr-FR","@id":"https:\/\/hobby4geek.com\/#\/schema\/logo\/image\/","url":"https:\/\/hobby4geek.com\/wp-content\/uploads\/2023\/02\/default-kit.png","contentUrl":"https:\/\/hobby4geek.com\/wp-content\/uploads\/2023\/02\/default-kit.png","width":600,"height":600,"caption":"Hobby4Geek"},"image":{"@id":"https:\/\/hobby4geek.com\/#\/schema\/logo\/image\/"},"sameAs":["https:\/\/www.facebook.com\/hobby4geek","https:\/\/x.com\/hobby4geek","https:\/\/www.instagram.com\/hobby4geek\/"]}]},"product_brand":"Hasbro","product_price_amount":"29.80","product_price_currency":"EUR","og_availability":"out of stock","product_availability":"out of stock","product_retailer_item_id":"5010996213303","product_condition":"new"},"_links":{"self":[{"href":"https:\/\/hobby4geek.com\/fr\/wp-json\/wp\/v2\/product\/197885","targetHints":{"allow":["GET"]}}],"collection":[{"href":"https:\/\/hobby4geek.com\/fr\/wp-json\/wp\/v2\/product"}],"about":[{"href":"https:\/\/hobby4geek.com\/fr\/wp-json\/wp\/v2\/types\/product"}],"replies":[{"embeddable":true,"href":"https:\/\/hobby4geek.com\/fr\/wp-json\/wp\/v2\/comments?post=197885"}],"version-history":[{"count":0,"href":"https:\/\/hobby4geek.com\/fr\/wp-json\/wp\/v2\/product\/197885\/revisions"}],"wp:featuredmedia":[{"embeddable":true,"href":"https:\/\/hobby4geek.com\/fr\/wp-json\/wp\/v2\/media\/197887"}],"wp:attachment":[{"href":"https:\/\/hobby4geek.com\/fr\/wp-json\/wp\/v2\/media?parent=197885"}],"wp:term":[{"taxonomy":"product_brand","embeddable":true,"href":"https:\/\/hobby4geek.com\/fr\/wp-json\/wp\/v2\/product_brand?post=197885"},{"taxonomy":"product_cat","embeddable":true,"href":"https:\/\/hobby4geek.com\/fr\/wp-json\/wp\/v2\/product_cat?post=197885"},{"taxonomy":"product_tag","embeddable":true,"href":"https:\/\/hobby4geek.com\/fr\/wp-json\/wp\/v2\/product_tag?post=197885"},{"taxonomy":"giftcard-category","embeddable":true,"href":"https:\/\/hobby4geek.com\/fr\/wp-json\/wp\/v2\/giftcard-category?post=197885"}],"curies":[{"name":"wp","href":"https:\/\/api.w.org\/{rel}","templated":true}]}}