{"id":197881,"date":"2024-01-01T17:45:01","date_gmt":"2024-01-01T16:45:01","guid":{"rendered":"https:\/\/hobby4geek.com\/?post_type=product&#038;p=197881"},"modified":"2025-03-09T10:51:12","modified_gmt":"2025-03-09T09:51:12","slug":"star-wars-the-black-series-the-mandalorian-tusken-raider-credit-collection","status":"publish","type":"product","link":"https:\/\/hobby4geek.com\/fr\/produit\/star-wars-the-black-series-the-mandalorian-tusken-raider-credit-collection\/","title":{"rendered":"Star Wars: The Black Series - The Mandalorian : Tusken Raider \"Credit Collection\" (collection de cr\u00e9dits)"},"content":{"rendered":"<p>Il est facilement reconnaissable avec sa tenue de marchand de sable. Cette figurine de Tusken Raider est une grande r\u00e9ussite. Et indispensable pour tout fan de l'univers des Mandaloriens. La s\u00e9rie t\u00e9l\u00e9vis\u00e9e est diffus\u00e9e sur Disney Plus.<\/p>","protected":false},"excerpt":{"rendered":"<ul>\n<li>Figures d'action en PVC<\/li>\n<li>Mesure environ 15 cm<\/li>\n<li>Design haut de gamme et points d'articulation multiples.<\/li>\n<li>Accessoires inclus<\/li>\n<li>L'emballage de The Black Series a un design r\u00e9tro et un aspect vieilli inspir\u00e9 des images stylis\u00e9es du g\u00e9n\u00e9rique de fin de la s\u00e9rie Disney Plus.<\/li>\n<\/ul>","protected":false},"featured_media":197883,"comment_status":"open","ping_status":"closed","template":"","meta":{"inline_featured_image":false},"product_brand":[],"product_cat":[68,2005],"product_tag":[1759,2598,2008,2009,2011,1975,2597],"giftcard-category":[],"class_list":{"0":"post-197881","1":"product","2":"type-product","3":"status-publish","4":"has-post-thumbnail","6":"product_cat-hasbro","7":"product_cat-star-wars","8":"product_tag-action-toys","9":"product_tag-credit-collection","10":"product_tag-star-wars","11":"product_tag-the-black-series","12":"product_tag-the-mandalorian","13":"product_tag-toys-figures","14":"product_tag-tusken-raider","15":"product_shipping_class-light","17":"first","18":"outofstock","19":"taxable","20":"shipping-taxable","21":"purchasable","22":"product-type-simple","23":"add-to-wishlist-after_add_to_cart"},"yoast_head":"<!-- This site is optimized with the Yoast SEO Premium plugin v25.3.1 (Yoast SEO v27.4) - https:\/\/yoast.com\/product\/yoast-seo-premium-wordpress\/ -->\n<title>Star Wars: The Black Series - The Mandalorian: Tusken Raider &quot;Credit Collection&quot;<\/title>\n<meta name=\"robots\" content=\"index, follow, max-snippet:-1, max-image-preview:large, max-video-preview:-1\" \/>\n<link rel=\"canonical\" href=\"https:\/\/hobby4geek.com\/fr\/produit\/star-wars-the-black-series-the-mandalorian-tusken-raider-credit-collection\/\" \/>\n<meta property=\"og:locale\" content=\"fr_FR\" \/>\n<meta property=\"og:type\" content=\"article\" \/>\n<meta property=\"og:title\" content=\"Star Wars: The Black Series - The Mandalorian: Tusken Raider &quot;Credit Collection&quot;\" \/>\n<meta property=\"og:description\" content=\"PVC Action Figures  Measures approximately 15 cm  Premium design and multiple points of articulation.  Includes accessories  The Black Series packaging has a retro design and distressed look inspired by the stylized images seen in the end credits of the Disney Plus series\" \/>\n<meta property=\"og:url\" content=\"https:\/\/hobby4geek.com\/fr\/produit\/star-wars-the-black-series-the-mandalorian-tusken-raider-credit-collection\/\" \/>\n<meta property=\"og:site_name\" content=\"Hobby4Geek\" \/>\n<meta property=\"article:publisher\" content=\"https:\/\/www.facebook.com\/hobby4geek\" \/>\n<meta property=\"article:modified_time\" content=\"2025-03-09T09:51:12+00:00\" \/>\n<meta property=\"og:image\" content=\"https:\/\/hobby4geek.com\/wp-content\/uploads\/2024\/06\/star-wars-the-black-series-the-mandalorian-tusken-raider-credit-collection.jpg\" \/>\n\t<meta property=\"og:image:width\" content=\"1400\" \/>\n\t<meta property=\"og:image:height\" content=\"1400\" \/>\n\t<meta property=\"og:image:type\" content=\"image\/jpeg\" \/>\n<meta name=\"twitter:card\" content=\"summary_large_image\" \/>\n<meta name=\"twitter:site\" content=\"@hobby4geek\" \/>\n<script type=\"application\/ld+json\" class=\"yoast-schema-graph\">{\"@context\":\"https:\\\/\\\/schema.org\",\"@graph\":[{\"@type\":\"WebPage\",\"@id\":\"https:\\\/\\\/hobby4geek.com\\\/product\\\/star-wars-the-black-series-the-mandalorian-tusken-raider-credit-collection\\\/\",\"url\":\"https:\\\/\\\/hobby4geek.com\\\/product\\\/star-wars-the-black-series-the-mandalorian-tusken-raider-credit-collection\\\/\",\"name\":\"Star Wars: The Black Series - The Mandalorian: Tusken Raider \\\"Credit Collection\\\"\",\"isPartOf\":{\"@id\":\"https:\\\/\\\/hobby4geek.com\\\/#website\"},\"primaryImageOfPage\":{\"@id\":\"https:\\\/\\\/hobby4geek.com\\\/product\\\/star-wars-the-black-series-the-mandalorian-tusken-raider-credit-collection\\\/#primaryimage\"},\"image\":{\"@id\":\"https:\\\/\\\/hobby4geek.com\\\/product\\\/star-wars-the-black-series-the-mandalorian-tusken-raider-credit-collection\\\/#primaryimage\"},\"thumbnailUrl\":\"https:\\\/\\\/hobby4geek.com\\\/wp-content\\\/uploads\\\/2024\\\/06\\\/star-wars-the-black-series-the-mandalorian-tusken-raider-credit-collection.jpg\",\"datePublished\":\"2024-01-01T16:45:01+00:00\",\"dateModified\":\"2025-03-09T09:51:12+00:00\",\"breadcrumb\":{\"@id\":\"https:\\\/\\\/hobby4geek.com\\\/product\\\/star-wars-the-black-series-the-mandalorian-tusken-raider-credit-collection\\\/#breadcrumb\"},\"inLanguage\":\"fr-FR\",\"potentialAction\":[{\"@type\":\"ReadAction\",\"target\":[\"https:\\\/\\\/hobby4geek.com\\\/product\\\/star-wars-the-black-series-the-mandalorian-tusken-raider-credit-collection\\\/\"]}]},{\"@type\":\"ImageObject\",\"inLanguage\":\"fr-FR\",\"@id\":\"https:\\\/\\\/hobby4geek.com\\\/product\\\/star-wars-the-black-series-the-mandalorian-tusken-raider-credit-collection\\\/#primaryimage\",\"url\":\"https:\\\/\\\/hobby4geek.com\\\/wp-content\\\/uploads\\\/2024\\\/06\\\/star-wars-the-black-series-the-mandalorian-tusken-raider-credit-collection.jpg\",\"contentUrl\":\"https:\\\/\\\/hobby4geek.com\\\/wp-content\\\/uploads\\\/2024\\\/06\\\/star-wars-the-black-series-the-mandalorian-tusken-raider-credit-collection.jpg\",\"width\":1400,\"height\":1400,\"caption\":\"Star Wars: The Black Series - The Mandalorian: Tusken Raider \\\"Credit Collection\\\"\"},{\"@type\":\"BreadcrumbList\",\"@id\":\"https:\\\/\\\/hobby4geek.com\\\/product\\\/star-wars-the-black-series-the-mandalorian-tusken-raider-credit-collection\\\/#breadcrumb\",\"itemListElement\":[{\"@type\":\"ListItem\",\"position\":1,\"name\":\"Home\",\"item\":\"https:\\\/\\\/hobby4geek.com\\\/\"},{\"@type\":\"ListItem\",\"position\":2,\"name\":\"Shop\",\"item\":\"https:\\\/\\\/hobby4geek.com\\\/shop\\\/\"},{\"@type\":\"ListItem\",\"position\":3,\"name\":\"Star Wars: The Black Series &#8211; The Mandalorian: Tusken Raider &#8220;Credit Collection&#8221;\"}]},{\"@type\":\"WebSite\",\"@id\":\"https:\\\/\\\/hobby4geek.com\\\/#website\",\"url\":\"https:\\\/\\\/hobby4geek.com\\\/\",\"name\":\"Hobby4Geek\",\"description\":\"Collect, Play &amp; Showcase, Embrace your Geekiness\",\"publisher\":{\"@id\":\"https:\\\/\\\/hobby4geek.com\\\/#organization\"},\"potentialAction\":[{\"@type\":\"SearchAction\",\"target\":{\"@type\":\"EntryPoint\",\"urlTemplate\":\"https:\\\/\\\/hobby4geek.com\\\/?s={search_term_string}\"},\"query-input\":{\"@type\":\"PropertyValueSpecification\",\"valueRequired\":true,\"valueName\":\"search_term_string\"}}],\"inLanguage\":\"fr-FR\"},{\"@type\":\"Organization\",\"@id\":\"https:\\\/\\\/hobby4geek.com\\\/#organization\",\"name\":\"Hobby4Geek\",\"url\":\"https:\\\/\\\/hobby4geek.com\\\/\",\"logo\":{\"@type\":\"ImageObject\",\"inLanguage\":\"fr-FR\",\"@id\":\"https:\\\/\\\/hobby4geek.com\\\/#\\\/schema\\\/logo\\\/image\\\/\",\"url\":\"https:\\\/\\\/hobby4geek.com\\\/wp-content\\\/uploads\\\/2023\\\/02\\\/default-kit.png\",\"contentUrl\":\"https:\\\/\\\/hobby4geek.com\\\/wp-content\\\/uploads\\\/2023\\\/02\\\/default-kit.png\",\"width\":600,\"height\":600,\"caption\":\"Hobby4Geek\"},\"image\":{\"@id\":\"https:\\\/\\\/hobby4geek.com\\\/#\\\/schema\\\/logo\\\/image\\\/\"},\"sameAs\":[\"https:\\\/\\\/www.facebook.com\\\/hobby4geek\",\"https:\\\/\\\/x.com\\\/hobby4geek\",\"https:\\\/\\\/www.instagram.com\\\/hobby4geek\\\/\"]}]}<\/script>\n<meta property=\"product:brand\" content=\"Hasbro\" \/>\n<meta property=\"product:price:amount\" content=\"29.80\" \/>\n<meta property=\"product:price:currency\" content=\"EUR\" \/>\n<meta property=\"og:availability\" content=\"out of stock\" \/>\n<meta property=\"product:availability\" content=\"out of stock\" \/>\n<meta property=\"product:retailer_item_id\" content=\"5010994187866\" \/>\n<meta property=\"product:condition\" content=\"new\" \/>\n<!-- \/ Yoast SEO Premium plugin. -->","yoast_head_json":{"title":"Star Wars: The Black Series - The Mandalorian : Tusken Raider \"Credit Collection\" (collection de cr\u00e9dits)","robots":{"index":"index","follow":"follow","max-snippet":"max-snippet:-1","max-image-preview":"max-image-preview:large","max-video-preview":"max-video-preview:-1"},"canonical":"https:\/\/hobby4geek.com\/fr\/produit\/star-wars-the-black-series-the-mandalorian-tusken-raider-credit-collection\/","og_locale":"fr_FR","og_type":"article","og_title":"Star Wars: The Black Series - The Mandalorian: Tusken Raider \"Credit Collection\"","og_description":"PVC Action Figures  Measures approximately 15 cm  Premium design and multiple points of articulation.  Includes accessories  The Black Series packaging has a retro design and distressed look inspired by the stylized images seen in the end credits of the Disney Plus series","og_url":"https:\/\/hobby4geek.com\/fr\/produit\/star-wars-the-black-series-the-mandalorian-tusken-raider-credit-collection\/","og_site_name":"Hobby4Geek","article_publisher":"https:\/\/www.facebook.com\/hobby4geek","article_modified_time":"2025-03-09T09:51:12+00:00","og_image":[{"width":1400,"height":1400,"url":"https:\/\/hobby4geek.com\/wp-content\/uploads\/2024\/06\/star-wars-the-black-series-the-mandalorian-tusken-raider-credit-collection.jpg","type":"image\/jpeg"}],"twitter_card":"summary_large_image","twitter_site":"@hobby4geek","schema":{"@context":"https:\/\/schema.org","@graph":[{"@type":"WebPage","@id":"https:\/\/hobby4geek.com\/product\/star-wars-the-black-series-the-mandalorian-tusken-raider-credit-collection\/","url":"https:\/\/hobby4geek.com\/product\/star-wars-the-black-series-the-mandalorian-tusken-raider-credit-collection\/","name":"Star Wars: The Black Series - The Mandalorian : Tusken Raider \"Credit Collection\" (collection de cr\u00e9dits)","isPartOf":{"@id":"https:\/\/hobby4geek.com\/#website"},"primaryImageOfPage":{"@id":"https:\/\/hobby4geek.com\/product\/star-wars-the-black-series-the-mandalorian-tusken-raider-credit-collection\/#primaryimage"},"image":{"@id":"https:\/\/hobby4geek.com\/product\/star-wars-the-black-series-the-mandalorian-tusken-raider-credit-collection\/#primaryimage"},"thumbnailUrl":"https:\/\/hobby4geek.com\/wp-content\/uploads\/2024\/06\/star-wars-the-black-series-the-mandalorian-tusken-raider-credit-collection.jpg","datePublished":"2024-01-01T16:45:01+00:00","dateModified":"2025-03-09T09:51:12+00:00","breadcrumb":{"@id":"https:\/\/hobby4geek.com\/product\/star-wars-the-black-series-the-mandalorian-tusken-raider-credit-collection\/#breadcrumb"},"inLanguage":"fr-FR","potentialAction":[{"@type":"ReadAction","target":["https:\/\/hobby4geek.com\/product\/star-wars-the-black-series-the-mandalorian-tusken-raider-credit-collection\/"]}]},{"@type":"ImageObject","inLanguage":"fr-FR","@id":"https:\/\/hobby4geek.com\/product\/star-wars-the-black-series-the-mandalorian-tusken-raider-credit-collection\/#primaryimage","url":"https:\/\/hobby4geek.com\/wp-content\/uploads\/2024\/06\/star-wars-the-black-series-the-mandalorian-tusken-raider-credit-collection.jpg","contentUrl":"https:\/\/hobby4geek.com\/wp-content\/uploads\/2024\/06\/star-wars-the-black-series-the-mandalorian-tusken-raider-credit-collection.jpg","width":1400,"height":1400,"caption":"Star Wars: The Black Series - The Mandalorian: Tusken Raider \"Credit Collection\""},{"@type":"BreadcrumbList","@id":"https:\/\/hobby4geek.com\/product\/star-wars-the-black-series-the-mandalorian-tusken-raider-credit-collection\/#breadcrumb","itemListElement":[{"@type":"ListItem","position":1,"name":"Home","item":"https:\/\/hobby4geek.com\/"},{"@type":"ListItem","position":2,"name":"Shop","item":"https:\/\/hobby4geek.com\/shop\/"},{"@type":"ListItem","position":3,"name":"Star Wars: The Black Series &#8211; The Mandalorian: Tusken Raider &#8220;Credit Collection&#8221;"}]},{"@type":"WebSite","@id":"https:\/\/hobby4geek.com\/#website","url":"https:\/\/hobby4geek.com\/","name":"Hobby4Geek","description":"Collectionnez, jouez et exposez, embrassez votre geekitude","publisher":{"@id":"https:\/\/hobby4geek.com\/#organization"},"potentialAction":[{"@type":"SearchAction","target":{"@type":"EntryPoint","urlTemplate":"https:\/\/hobby4geek.com\/?s={search_term_string}"},"query-input":{"@type":"PropertyValueSpecification","valueRequired":true,"valueName":"search_term_string"}}],"inLanguage":"fr-FR"},{"@type":"Organization","@id":"https:\/\/hobby4geek.com\/#organization","name":"Hobby4Geek","url":"https:\/\/hobby4geek.com\/","logo":{"@type":"ImageObject","inLanguage":"fr-FR","@id":"https:\/\/hobby4geek.com\/#\/schema\/logo\/image\/","url":"https:\/\/hobby4geek.com\/wp-content\/uploads\/2023\/02\/default-kit.png","contentUrl":"https:\/\/hobby4geek.com\/wp-content\/uploads\/2023\/02\/default-kit.png","width":600,"height":600,"caption":"Hobby4Geek"},"image":{"@id":"https:\/\/hobby4geek.com\/#\/schema\/logo\/image\/"},"sameAs":["https:\/\/www.facebook.com\/hobby4geek","https:\/\/x.com\/hobby4geek","https:\/\/www.instagram.com\/hobby4geek\/"]}]},"product_brand":"Hasbro","product_price_amount":"29.80","product_price_currency":"EUR","og_availability":"out of stock","product_availability":"out of stock","product_retailer_item_id":"5010994187866","product_condition":"new"},"_links":{"self":[{"href":"https:\/\/hobby4geek.com\/fr\/wp-json\/wp\/v2\/product\/197881","targetHints":{"allow":["GET"]}}],"collection":[{"href":"https:\/\/hobby4geek.com\/fr\/wp-json\/wp\/v2\/product"}],"about":[{"href":"https:\/\/hobby4geek.com\/fr\/wp-json\/wp\/v2\/types\/product"}],"replies":[{"embeddable":true,"href":"https:\/\/hobby4geek.com\/fr\/wp-json\/wp\/v2\/comments?post=197881"}],"version-history":[{"count":0,"href":"https:\/\/hobby4geek.com\/fr\/wp-json\/wp\/v2\/product\/197881\/revisions"}],"wp:featuredmedia":[{"embeddable":true,"href":"https:\/\/hobby4geek.com\/fr\/wp-json\/wp\/v2\/media\/197883"}],"wp:attachment":[{"href":"https:\/\/hobby4geek.com\/fr\/wp-json\/wp\/v2\/media?parent=197881"}],"wp:term":[{"taxonomy":"product_brand","embeddable":true,"href":"https:\/\/hobby4geek.com\/fr\/wp-json\/wp\/v2\/product_brand?post=197881"},{"taxonomy":"product_cat","embeddable":true,"href":"https:\/\/hobby4geek.com\/fr\/wp-json\/wp\/v2\/product_cat?post=197881"},{"taxonomy":"product_tag","embeddable":true,"href":"https:\/\/hobby4geek.com\/fr\/wp-json\/wp\/v2\/product_tag?post=197881"},{"taxonomy":"giftcard-category","embeddable":true,"href":"https:\/\/hobby4geek.com\/fr\/wp-json\/wp\/v2\/giftcard-category?post=197881"}],"curies":[{"name":"wp","href":"https:\/\/api.w.org\/{rel}","templated":true}]}}