{"id":197862,"date":"2024-01-01T17:34:07","date_gmt":"2024-01-01T16:34:07","guid":{"rendered":"https:\/\/hobby4geek.com\/?post_type=product&#038;p=197862"},"modified":"2025-03-09T10:51:24","modified_gmt":"2025-03-09T09:51:24","slug":"star-wars-the-black-series-episode-vi-wicket","status":"publish","type":"product","link":"https:\/\/hobby4geek.com\/fr\/produit\/star-wars-the-black-series-episode-vi-wicket\/","title":{"rendered":"Star Wars: The Black Series - \u00c9pisode VI : Le guichet"},"content":{"rendered":"<p>Imaginez les plus grandes batailles et missions de la saga Star Wars avec les figurines de 6 pouces de Star Wars The Black Series ! Avec des caract\u00e9ristiques et des d\u00e9corations exquises, cette s\u00e9rie incarne la qualit\u00e9 et le r\u00e9alisme que les fans de Star Wars adorent. Star Wars The Black Series comprend des figurines, des v\u00e9hicules et des objets de jeu de r\u00f4le Star Wars issus de plus de 40 ans d'h\u00e9ritage de la galaxie Star Wars, y compris des bandes dessin\u00e9es, des films et des s\u00e9ries anim\u00e9es. (Produits suppl\u00e9mentaires vendus s\u00e9par\u00e9ment, sous r\u00e9serve de disponibilit\u00e9).<\/p>\n<p>Cette figurine de collection \u00e0 l'\u00e9chelle 6 pouces de la s\u00e9rie noire est con\u00e7ue pour ressembler au personnage de Wicket dans Star Wars : Return of the Jedi, avec des d\u00e9tails de qualit\u00e9 sup\u00e9rieure et de nombreux points d'articulation.<\/p>\n<p>Comprend : Figurine et 6 accessoires.<\/p>\n<ul>\n<li>WICKET : Comm\u00e9moration du 40e anniversaire de l'\u00e9v\u00e9nement\u00a0<em>La guerre des \u00e9toiles : le retour du Jedi<\/em>\u00a0avec les figurines de The Black Series, au design et \u00e0 l'emballage classiques !<\/li>\n<li><em>STAR WARS : LE RETOUR DU JEDI :<\/em>\u00a0Cette figurine de Wicket est inspir\u00e9e du personnage de la s\u00e9rie\u00a0<em>La guerre des \u00e9toiles : le retour du Jedi<\/em>\u00a0- un cadeau id\u00e9al pour les collectionneurs et les fans de Star Wars \u00e2g\u00e9s de 4 ans et plus<\/li>\n<li>ACCESSOIRES INSPIR\u00c9S DU PERSONNAGE : Cette figurine Star Wars The Black Series \u00e0 collectionner est livr\u00e9e avec 6 accessoires, dont une lance et 2 baguettes.<\/li>\n<li>DESIGN ET ARTICULATION DE PREMIUM : Les fans de Star Wars et les collectionneurs peuvent exposer cette figurine de 6 pouces enti\u00e8rement articul\u00e9e avec une t\u00eate, des bras et des jambes posables, ainsi qu'une d\u00e9coration de premi\u00e8re qualit\u00e9, dans leur collection.<\/li>\n<li>CONSTITUER UNE GALAXIE DE COLLECTIBLES : Cherchez d'autres figurines de collection Star Wars The Black Series inspir\u00e9es par le divertissement pour construire une galaxie Star Wars (chacune est vendue s\u00e9par\u00e9ment, sous r\u00e9serve de disponibilit\u00e9).<\/li>\n<\/ul>\n<p>A partir de 4 ans<\/p>\n<p>\u26a0\ufe0f AVERTISSEMENT : RISQUE D'ETOUFFEMENT - Petites pi\u00e8ces. Ne convient pas aux enfants de moins de 3 ans.<\/p>\n<p>F7050<\/p>","protected":false},"excerpt":{"rendered":"<ul>\n<li>Star Wars: The Black Series<\/li>\n<li>Personnage de Star Wars : Episode VI<\/li>\n<li>Avec des d\u00e9tails de premi\u00e8re qualit\u00e9<\/li>\n<li>Points d'articulation multiples<\/li>\n<\/ul>","protected":false},"featured_media":197872,"comment_status":"open","ping_status":"closed","template":"","meta":{"inline_featured_image":false},"product_brand":[],"product_cat":[68,2005],"product_tag":[1759,2595,2008,2009,1975,2596],"giftcard-category":[],"class_list":{"0":"post-197862","1":"product","2":"type-product","3":"status-publish","4":"has-post-thumbnail","6":"product_cat-hasbro","7":"product_cat-star-wars","8":"product_tag-action-toys","9":"product_tag-episode-vi","10":"product_tag-star-wars","11":"product_tag-the-black-series","12":"product_tag-toys-figures","13":"product_tag-wicket","14":"product_shipping_class-light","16":"first","17":"outofstock","18":"taxable","19":"shipping-taxable","20":"purchasable","21":"product-type-simple","22":"add-to-wishlist-after_add_to_cart"},"yoast_head":"<!-- This site is optimized with the Yoast SEO Premium plugin v25.3.1 (Yoast SEO v27.4) - https:\/\/yoast.com\/product\/yoast-seo-premium-wordpress\/ -->\n<title>Star Wars: The Black Series - Episode VI: Wicket<\/title>\n<meta name=\"robots\" content=\"index, follow, max-snippet:-1, max-image-preview:large, max-video-preview:-1\" \/>\n<link rel=\"canonical\" href=\"https:\/\/hobby4geek.com\/fr\/produit\/star-wars-the-black-series-episode-vi-wicket\/\" \/>\n<meta property=\"og:locale\" content=\"fr_FR\" \/>\n<meta property=\"og:type\" content=\"article\" \/>\n<meta property=\"og:title\" content=\"Star Wars: The Black Series - Episode VI: Wicket\" \/>\n<meta property=\"og:description\" content=\"Star Wars: The Black Series  Character from Star Wars: Episode VI  Featuring premium detail  Multiple points of articulation\" \/>\n<meta property=\"og:url\" content=\"https:\/\/hobby4geek.com\/fr\/produit\/star-wars-the-black-series-episode-vi-wicket\/\" \/>\n<meta property=\"og:site_name\" content=\"Hobby4Geek\" \/>\n<meta property=\"article:publisher\" content=\"https:\/\/www.facebook.com\/hobby4geek\" \/>\n<meta property=\"article:modified_time\" content=\"2025-03-09T09:51:24+00:00\" \/>\n<meta property=\"og:image\" content=\"https:\/\/hobby4geek.com\/wp-content\/uploads\/2024\/06\/star-wars-the-black-series-episode-vi-wicket-8.jpg\" \/>\n\t<meta property=\"og:image:width\" content=\"2000\" \/>\n\t<meta property=\"og:image:height\" content=\"2000\" \/>\n\t<meta property=\"og:image:type\" content=\"image\/jpeg\" \/>\n<meta name=\"twitter:card\" content=\"summary_large_image\" \/>\n<meta name=\"twitter:site\" content=\"@hobby4geek\" \/>\n<script type=\"application\/ld+json\" class=\"yoast-schema-graph\">{\"@context\":\"https:\\\/\\\/schema.org\",\"@graph\":[{\"@type\":\"WebPage\",\"@id\":\"https:\\\/\\\/hobby4geek.com\\\/product\\\/star-wars-the-black-series-episode-vi-wicket\\\/\",\"url\":\"https:\\\/\\\/hobby4geek.com\\\/product\\\/star-wars-the-black-series-episode-vi-wicket\\\/\",\"name\":\"Star Wars: The Black Series - Episode VI: Wicket\",\"isPartOf\":{\"@id\":\"https:\\\/\\\/hobby4geek.com\\\/#website\"},\"primaryImageOfPage\":{\"@id\":\"https:\\\/\\\/hobby4geek.com\\\/product\\\/star-wars-the-black-series-episode-vi-wicket\\\/#primaryimage\"},\"image\":{\"@id\":\"https:\\\/\\\/hobby4geek.com\\\/product\\\/star-wars-the-black-series-episode-vi-wicket\\\/#primaryimage\"},\"thumbnailUrl\":\"https:\\\/\\\/hobby4geek.com\\\/wp-content\\\/uploads\\\/2024\\\/06\\\/star-wars-the-black-series-episode-vi-wicket-8.jpg\",\"datePublished\":\"2024-01-01T16:34:07+00:00\",\"dateModified\":\"2025-03-09T09:51:24+00:00\",\"breadcrumb\":{\"@id\":\"https:\\\/\\\/hobby4geek.com\\\/product\\\/star-wars-the-black-series-episode-vi-wicket\\\/#breadcrumb\"},\"inLanguage\":\"fr-FR\",\"potentialAction\":[{\"@type\":\"ReadAction\",\"target\":[\"https:\\\/\\\/hobby4geek.com\\\/product\\\/star-wars-the-black-series-episode-vi-wicket\\\/\"]}]},{\"@type\":\"ImageObject\",\"inLanguage\":\"fr-FR\",\"@id\":\"https:\\\/\\\/hobby4geek.com\\\/product\\\/star-wars-the-black-series-episode-vi-wicket\\\/#primaryimage\",\"url\":\"https:\\\/\\\/hobby4geek.com\\\/wp-content\\\/uploads\\\/2024\\\/06\\\/star-wars-the-black-series-episode-vi-wicket-8.jpg\",\"contentUrl\":\"https:\\\/\\\/hobby4geek.com\\\/wp-content\\\/uploads\\\/2024\\\/06\\\/star-wars-the-black-series-episode-vi-wicket-8.jpg\",\"width\":2000,\"height\":2000,\"caption\":\"Star Wars: The Black Series - Episode VI: Wicket\"},{\"@type\":\"BreadcrumbList\",\"@id\":\"https:\\\/\\\/hobby4geek.com\\\/product\\\/star-wars-the-black-series-episode-vi-wicket\\\/#breadcrumb\",\"itemListElement\":[{\"@type\":\"ListItem\",\"position\":1,\"name\":\"Home\",\"item\":\"https:\\\/\\\/hobby4geek.com\\\/\"},{\"@type\":\"ListItem\",\"position\":2,\"name\":\"Shop\",\"item\":\"https:\\\/\\\/hobby4geek.com\\\/shop\\\/\"},{\"@type\":\"ListItem\",\"position\":3,\"name\":\"Star Wars: The Black Series &#8211; Episode VI: Wicket\"}]},{\"@type\":\"WebSite\",\"@id\":\"https:\\\/\\\/hobby4geek.com\\\/#website\",\"url\":\"https:\\\/\\\/hobby4geek.com\\\/\",\"name\":\"Hobby4Geek\",\"description\":\"Collect, Play &amp; Showcase, Embrace your Geekiness\",\"publisher\":{\"@id\":\"https:\\\/\\\/hobby4geek.com\\\/#organization\"},\"potentialAction\":[{\"@type\":\"SearchAction\",\"target\":{\"@type\":\"EntryPoint\",\"urlTemplate\":\"https:\\\/\\\/hobby4geek.com\\\/?s={search_term_string}\"},\"query-input\":{\"@type\":\"PropertyValueSpecification\",\"valueRequired\":true,\"valueName\":\"search_term_string\"}}],\"inLanguage\":\"fr-FR\"},{\"@type\":\"Organization\",\"@id\":\"https:\\\/\\\/hobby4geek.com\\\/#organization\",\"name\":\"Hobby4Geek\",\"url\":\"https:\\\/\\\/hobby4geek.com\\\/\",\"logo\":{\"@type\":\"ImageObject\",\"inLanguage\":\"fr-FR\",\"@id\":\"https:\\\/\\\/hobby4geek.com\\\/#\\\/schema\\\/logo\\\/image\\\/\",\"url\":\"https:\\\/\\\/hobby4geek.com\\\/wp-content\\\/uploads\\\/2023\\\/02\\\/default-kit.png\",\"contentUrl\":\"https:\\\/\\\/hobby4geek.com\\\/wp-content\\\/uploads\\\/2023\\\/02\\\/default-kit.png\",\"width\":600,\"height\":600,\"caption\":\"Hobby4Geek\"},\"image\":{\"@id\":\"https:\\\/\\\/hobby4geek.com\\\/#\\\/schema\\\/logo\\\/image\\\/\"},\"sameAs\":[\"https:\\\/\\\/www.facebook.com\\\/hobby4geek\",\"https:\\\/\\\/x.com\\\/hobby4geek\",\"https:\\\/\\\/www.instagram.com\\\/hobby4geek\\\/\"]}]}<\/script>\n<meta property=\"product:brand\" content=\"Hasbro\" \/>\n<meta property=\"product:price:amount\" content=\"29.80\" \/>\n<meta property=\"product:price:currency\" content=\"EUR\" \/>\n<meta property=\"og:availability\" content=\"out of stock\" \/>\n<meta property=\"product:availability\" content=\"out of stock\" \/>\n<meta property=\"product:retailer_item_id\" content=\"5010996136763\" \/>\n<meta property=\"product:condition\" content=\"new\" \/>\n<!-- \/ Yoast SEO Premium plugin. -->","yoast_head_json":{"title":"Star Wars: The Black Series - \u00c9pisode VI : Le guichet","robots":{"index":"index","follow":"follow","max-snippet":"max-snippet:-1","max-image-preview":"max-image-preview:large","max-video-preview":"max-video-preview:-1"},"canonical":"https:\/\/hobby4geek.com\/fr\/produit\/star-wars-the-black-series-episode-vi-wicket\/","og_locale":"fr_FR","og_type":"article","og_title":"Star Wars: The Black Series - Episode VI: Wicket","og_description":"Star Wars: The Black Series  Character from Star Wars: Episode VI  Featuring premium detail  Multiple points of articulation","og_url":"https:\/\/hobby4geek.com\/fr\/produit\/star-wars-the-black-series-episode-vi-wicket\/","og_site_name":"Hobby4Geek","article_publisher":"https:\/\/www.facebook.com\/hobby4geek","article_modified_time":"2025-03-09T09:51:24+00:00","og_image":[{"width":2000,"height":2000,"url":"https:\/\/hobby4geek.com\/wp-content\/uploads\/2024\/06\/star-wars-the-black-series-episode-vi-wicket-8.jpg","type":"image\/jpeg"}],"twitter_card":"summary_large_image","twitter_site":"@hobby4geek","schema":{"@context":"https:\/\/schema.org","@graph":[{"@type":"WebPage","@id":"https:\/\/hobby4geek.com\/product\/star-wars-the-black-series-episode-vi-wicket\/","url":"https:\/\/hobby4geek.com\/product\/star-wars-the-black-series-episode-vi-wicket\/","name":"Star Wars: The Black Series - \u00c9pisode VI : Le guichet","isPartOf":{"@id":"https:\/\/hobby4geek.com\/#website"},"primaryImageOfPage":{"@id":"https:\/\/hobby4geek.com\/product\/star-wars-the-black-series-episode-vi-wicket\/#primaryimage"},"image":{"@id":"https:\/\/hobby4geek.com\/product\/star-wars-the-black-series-episode-vi-wicket\/#primaryimage"},"thumbnailUrl":"https:\/\/hobby4geek.com\/wp-content\/uploads\/2024\/06\/star-wars-the-black-series-episode-vi-wicket-8.jpg","datePublished":"2024-01-01T16:34:07+00:00","dateModified":"2025-03-09T09:51:24+00:00","breadcrumb":{"@id":"https:\/\/hobby4geek.com\/product\/star-wars-the-black-series-episode-vi-wicket\/#breadcrumb"},"inLanguage":"fr-FR","potentialAction":[{"@type":"ReadAction","target":["https:\/\/hobby4geek.com\/product\/star-wars-the-black-series-episode-vi-wicket\/"]}]},{"@type":"ImageObject","inLanguage":"fr-FR","@id":"https:\/\/hobby4geek.com\/product\/star-wars-the-black-series-episode-vi-wicket\/#primaryimage","url":"https:\/\/hobby4geek.com\/wp-content\/uploads\/2024\/06\/star-wars-the-black-series-episode-vi-wicket-8.jpg","contentUrl":"https:\/\/hobby4geek.com\/wp-content\/uploads\/2024\/06\/star-wars-the-black-series-episode-vi-wicket-8.jpg","width":2000,"height":2000,"caption":"Star Wars: The Black Series - Episode VI: Wicket"},{"@type":"BreadcrumbList","@id":"https:\/\/hobby4geek.com\/product\/star-wars-the-black-series-episode-vi-wicket\/#breadcrumb","itemListElement":[{"@type":"ListItem","position":1,"name":"Home","item":"https:\/\/hobby4geek.com\/"},{"@type":"ListItem","position":2,"name":"Shop","item":"https:\/\/hobby4geek.com\/shop\/"},{"@type":"ListItem","position":3,"name":"Star Wars: The Black Series &#8211; Episode VI: Wicket"}]},{"@type":"WebSite","@id":"https:\/\/hobby4geek.com\/#website","url":"https:\/\/hobby4geek.com\/","name":"Hobby4Geek","description":"Collectionnez, jouez et exposez, embrassez votre geekitude","publisher":{"@id":"https:\/\/hobby4geek.com\/#organization"},"potentialAction":[{"@type":"SearchAction","target":{"@type":"EntryPoint","urlTemplate":"https:\/\/hobby4geek.com\/?s={search_term_string}"},"query-input":{"@type":"PropertyValueSpecification","valueRequired":true,"valueName":"search_term_string"}}],"inLanguage":"fr-FR"},{"@type":"Organization","@id":"https:\/\/hobby4geek.com\/#organization","name":"Hobby4Geek","url":"https:\/\/hobby4geek.com\/","logo":{"@type":"ImageObject","inLanguage":"fr-FR","@id":"https:\/\/hobby4geek.com\/#\/schema\/logo\/image\/","url":"https:\/\/hobby4geek.com\/wp-content\/uploads\/2023\/02\/default-kit.png","contentUrl":"https:\/\/hobby4geek.com\/wp-content\/uploads\/2023\/02\/default-kit.png","width":600,"height":600,"caption":"Hobby4Geek"},"image":{"@id":"https:\/\/hobby4geek.com\/#\/schema\/logo\/image\/"},"sameAs":["https:\/\/www.facebook.com\/hobby4geek","https:\/\/x.com\/hobby4geek","https:\/\/www.instagram.com\/hobby4geek\/"]}]},"product_brand":"Hasbro","product_price_amount":"29.80","product_price_currency":"EUR","og_availability":"out of stock","product_availability":"out of stock","product_retailer_item_id":"5010996136763","product_condition":"new"},"_links":{"self":[{"href":"https:\/\/hobby4geek.com\/fr\/wp-json\/wp\/v2\/product\/197862","targetHints":{"allow":["GET"]}}],"collection":[{"href":"https:\/\/hobby4geek.com\/fr\/wp-json\/wp\/v2\/product"}],"about":[{"href":"https:\/\/hobby4geek.com\/fr\/wp-json\/wp\/v2\/types\/product"}],"replies":[{"embeddable":true,"href":"https:\/\/hobby4geek.com\/fr\/wp-json\/wp\/v2\/comments?post=197862"}],"version-history":[{"count":0,"href":"https:\/\/hobby4geek.com\/fr\/wp-json\/wp\/v2\/product\/197862\/revisions"}],"wp:featuredmedia":[{"embeddable":true,"href":"https:\/\/hobby4geek.com\/fr\/wp-json\/wp\/v2\/media\/197872"}],"wp:attachment":[{"href":"https:\/\/hobby4geek.com\/fr\/wp-json\/wp\/v2\/media?parent=197862"}],"wp:term":[{"taxonomy":"product_brand","embeddable":true,"href":"https:\/\/hobby4geek.com\/fr\/wp-json\/wp\/v2\/product_brand?post=197862"},{"taxonomy":"product_cat","embeddable":true,"href":"https:\/\/hobby4geek.com\/fr\/wp-json\/wp\/v2\/product_cat?post=197862"},{"taxonomy":"product_tag","embeddable":true,"href":"https:\/\/hobby4geek.com\/fr\/wp-json\/wp\/v2\/product_tag?post=197862"},{"taxonomy":"giftcard-category","embeddable":true,"href":"https:\/\/hobby4geek.com\/fr\/wp-json\/wp\/v2\/giftcard-category?post=197862"}],"curies":[{"name":"wp","href":"https:\/\/api.w.org\/{rel}","templated":true}]}}