{"id":197831,"date":"2024-04-15T08:56:53","date_gmt":"2024-04-15T07:56:53","guid":{"rendered":"https:\/\/hobby4geek.com\/?post_type=product&#038;p=197831"},"modified":"2025-04-02T23:15:16","modified_gmt":"2025-04-02T22:15:16","slug":"masters-of-the-universe-origins-vehicle-evil-ship-of-skeletor-cartoon-collection","status":"publish","type":"product","link":"https:\/\/hobby4geek.com\/fr\/produit\/masters-of-the-universe-origins-vehicle-evil-ship-of-skeletor-cartoon-collection\/","title":{"rendered":"Les Ma\u00eetres de l'Univers : Origines - Le vaisseau mal\u00e9fique de Skeletor (Cartoon Collection)"},"content":{"rendered":"<p>Pour sa premi\u00e8re apparition en tant que jouet MOTU Origins, le v\u00e9hicule The Collector est inspir\u00e9 des dessins anim\u00e9s originaux des ann\u00e9es 80 \u00e0 l'\u00e9chelle 5,5 pouces, mais avec des accents de design et des articulations modernes. Le cockpit du dirigeable mal\u00e9fique de Skeletor s'ouvre pour r\u00e9v\u00e9ler un si\u00e8ge dor\u00e9 sp\u00e9cial pour le Seigneur de la destruction et deux si\u00e8ges suppl\u00e9mentaires. Les griffes qui s'\u00e9tendent \u00e0 l'avant peuvent tourner manuellement et deux effets d'explosion enfichables fournissent une puissance de feu diabolique. Ce v\u00e9hicule tant attendu est pr\u00eat \u00e0 transporter 3 m\u00e9chants Origins dans la bataille ou \u00e0 cr\u00e9er une exposition n\u00e9faste. (Les figurines sont vendues s\u00e9par\u00e9ment.) Un cadeau id\u00e9al pour les fans de MOTU \u00e2g\u00e9s de 6 ans et plus. Les couleurs et les d\u00e9corations peuvent varier.<\/p>\n<ul>\n<li>Ce v\u00e9hicule MOTU Cartoon Collection Collector vous rappellera de bons souvenirs des ann\u00e9es 1980. Facilement reconnaissable, le transport personnel de Skeletor, sombre et coiff\u00e9 de pointes, est le v\u00e9hicule que les fans attendaient.<\/li>\n<li>Le cockpit est dot\u00e9 d'une vitre jaune transparente et l'ensemble du couvercle du cockpit se soul\u00e8ve par l'avant pour permettre \u00e0 3 figurines Origins (vendues s\u00e9par\u00e9ment) de s'asseoir. L'un des si\u00e8ges est un tr\u00f4ne a\u00e9rien de Skeletor, avec des d\u00e9tails de cr\u00e2ne et une finition m\u00e9tallique.<\/li>\n<li>Les \"effets de souffle\" se branchent sur les griffes \u00e0 rotation manuelle qui sortent \u00e0 l'avant, pr\u00eates \u00e0 embrocher les ennemis de Skeletor sur ce dirigeable mal\u00e9fique.<\/li>\n<li>Les fans voudront collectionner tous les jouets de la Cartoon Collection Masters of the Universe pour former une vitrine nostalgique qui \u00e9voque les merveilles de l'enfance des ann\u00e9es 1980.<\/li>\n<li>Le Collector est un excellent cadeau pour les fans de MOTU \u00e2g\u00e9s de 6 ans et plus.<\/li>\n<\/ul>","protected":false},"excerpt":{"rendered":"<ul>\n<li>Le v\u00e9hicule s'inspire des dessins anim\u00e9s originaux des ann\u00e9es 80<\/li>\n<li>En plastique<\/li>\n<\/ul>","protected":false},"featured_media":197837,"comment_status":"open","ping_status":"closed","template":"","meta":{"inline_featured_image":false},"product_brand":[],"product_cat":[2218,2224,2023],"product_tag":[1759,2341,2592,2591,2589,2219,2223,2225,2348,1975,2590],"giftcard-category":[],"class_list":{"0":"post-197831","1":"product","2":"type-product","3":"status-publish","4":"has-post-thumbnail","6":"product_cat-masters-of-the-universe","7":"product_cat-masters-of-the-universe-origins","8":"product_cat-mattel","9":"product_tag-action-toys","10":"product_tag-cartoon-collection","11":"product_tag-evil-ship","12":"product_tag-evil-ship-of-skeletor","13":"product_tag-htn00","14":"product_tag-masters-of-the-universe-origins","15":"product_tag-motu","16":"product_tag-origins","17":"product_tag-skeletor","18":"product_tag-toys-figures","19":"product_tag-vehicle","20":"product_shipping_class-light","22":"first","23":"outofstock","24":"taxable","25":"shipping-taxable","26":"purchasable","27":"product-type-simple","28":"add-to-wishlist-after_add_to_cart"},"yoast_head":"<!-- This site is optimized with the Yoast SEO Premium plugin v25.3.1 (Yoast SEO v27.4) - https:\/\/yoast.com\/product\/yoast-seo-premium-wordpress\/ -->\n<title>Masters of the Universe: Origins - Vehicle Evil Ship of Skeletor (Cartoon Collection)<\/title>\n<meta name=\"robots\" content=\"index, follow, max-snippet:-1, max-image-preview:large, max-video-preview:-1\" \/>\n<link rel=\"canonical\" href=\"https:\/\/hobby4geek.com\/fr\/produit\/masters-of-the-universe-origins-vehicle-evil-ship-of-skeletor-cartoon-collection\/\" \/>\n<meta property=\"og:locale\" content=\"fr_FR\" \/>\n<meta property=\"og:type\" content=\"article\" \/>\n<meta property=\"og:title\" content=\"Masters of the Universe: Origins - Vehicle Evil Ship of Skeletor (Cartoon Collection)\" \/>\n<meta property=\"og:description\" content=\"Vehicle is inspired by the original cartoons from the \u201980s  Made of plastic\" \/>\n<meta property=\"og:url\" content=\"https:\/\/hobby4geek.com\/fr\/produit\/masters-of-the-universe-origins-vehicle-evil-ship-of-skeletor-cartoon-collection\/\" \/>\n<meta property=\"og:site_name\" content=\"Hobby4Geek\" \/>\n<meta property=\"article:publisher\" content=\"https:\/\/www.facebook.com\/hobby4geek\" \/>\n<meta property=\"article:modified_time\" content=\"2025-04-02T22:15:16+00:00\" \/>\n<meta property=\"og:image\" content=\"https:\/\/hobby4geek.com\/wp-content\/uploads\/2024\/06\/masters-of-the-universe-origins-vehicle-evil-ship-of-skeletor-cartoon-collection-2.png\" \/>\n\t<meta property=\"og:image:width\" content=\"720\" \/>\n\t<meta property=\"og:image:height\" content=\"720\" \/>\n\t<meta property=\"og:image:type\" content=\"image\/png\" \/>\n<meta name=\"twitter:card\" content=\"summary_large_image\" \/>\n<meta name=\"twitter:site\" content=\"@hobby4geek\" \/>\n<script type=\"application\/ld+json\" class=\"yoast-schema-graph\">{\"@context\":\"https:\\\/\\\/schema.org\",\"@graph\":[{\"@type\":\"WebPage\",\"@id\":\"https:\\\/\\\/hobby4geek.com\\\/product\\\/masters-of-the-universe-origins-vehicle-evil-ship-of-skeletor-cartoon-collection\\\/\",\"url\":\"https:\\\/\\\/hobby4geek.com\\\/product\\\/masters-of-the-universe-origins-vehicle-evil-ship-of-skeletor-cartoon-collection\\\/\",\"name\":\"Masters of the Universe: Origins - Vehicle Evil Ship of Skeletor (Cartoon Collection)\",\"isPartOf\":{\"@id\":\"https:\\\/\\\/hobby4geek.com\\\/#website\"},\"primaryImageOfPage\":{\"@id\":\"https:\\\/\\\/hobby4geek.com\\\/product\\\/masters-of-the-universe-origins-vehicle-evil-ship-of-skeletor-cartoon-collection\\\/#primaryimage\"},\"image\":{\"@id\":\"https:\\\/\\\/hobby4geek.com\\\/product\\\/masters-of-the-universe-origins-vehicle-evil-ship-of-skeletor-cartoon-collection\\\/#primaryimage\"},\"thumbnailUrl\":\"https:\\\/\\\/hobby4geek.com\\\/wp-content\\\/uploads\\\/2024\\\/06\\\/masters-of-the-universe-origins-vehicle-evil-ship-of-skeletor-cartoon-collection-2.png\",\"datePublished\":\"2024-04-15T07:56:53+00:00\",\"dateModified\":\"2025-04-02T22:15:16+00:00\",\"breadcrumb\":{\"@id\":\"https:\\\/\\\/hobby4geek.com\\\/product\\\/masters-of-the-universe-origins-vehicle-evil-ship-of-skeletor-cartoon-collection\\\/#breadcrumb\"},\"inLanguage\":\"fr-FR\",\"potentialAction\":[{\"@type\":\"ReadAction\",\"target\":[\"https:\\\/\\\/hobby4geek.com\\\/product\\\/masters-of-the-universe-origins-vehicle-evil-ship-of-skeletor-cartoon-collection\\\/\"]}]},{\"@type\":\"ImageObject\",\"inLanguage\":\"fr-FR\",\"@id\":\"https:\\\/\\\/hobby4geek.com\\\/product\\\/masters-of-the-universe-origins-vehicle-evil-ship-of-skeletor-cartoon-collection\\\/#primaryimage\",\"url\":\"https:\\\/\\\/hobby4geek.com\\\/wp-content\\\/uploads\\\/2024\\\/06\\\/masters-of-the-universe-origins-vehicle-evil-ship-of-skeletor-cartoon-collection-2.png\",\"contentUrl\":\"https:\\\/\\\/hobby4geek.com\\\/wp-content\\\/uploads\\\/2024\\\/06\\\/masters-of-the-universe-origins-vehicle-evil-ship-of-skeletor-cartoon-collection-2.png\",\"width\":720,\"height\":720,\"caption\":\"Masters of the Universe: Origins - Vehicle Evil Ship of Skeletor (Cartoon Collection)\"},{\"@type\":\"BreadcrumbList\",\"@id\":\"https:\\\/\\\/hobby4geek.com\\\/product\\\/masters-of-the-universe-origins-vehicle-evil-ship-of-skeletor-cartoon-collection\\\/#breadcrumb\",\"itemListElement\":[{\"@type\":\"ListItem\",\"position\":1,\"name\":\"Home\",\"item\":\"https:\\\/\\\/hobby4geek.com\\\/\"},{\"@type\":\"ListItem\",\"position\":2,\"name\":\"Shop\",\"item\":\"https:\\\/\\\/hobby4geek.com\\\/shop\\\/\"},{\"@type\":\"ListItem\",\"position\":3,\"name\":\"Masters of the Universe: Origins &#8211; Vehicle Evil Ship of Skeletor (Cartoon Collection)\"}]},{\"@type\":\"WebSite\",\"@id\":\"https:\\\/\\\/hobby4geek.com\\\/#website\",\"url\":\"https:\\\/\\\/hobby4geek.com\\\/\",\"name\":\"Hobby4Geek\",\"description\":\"Collect, Play &amp; Showcase, Embrace your Geekiness\",\"publisher\":{\"@id\":\"https:\\\/\\\/hobby4geek.com\\\/#organization\"},\"potentialAction\":[{\"@type\":\"SearchAction\",\"target\":{\"@type\":\"EntryPoint\",\"urlTemplate\":\"https:\\\/\\\/hobby4geek.com\\\/?s={search_term_string}\"},\"query-input\":{\"@type\":\"PropertyValueSpecification\",\"valueRequired\":true,\"valueName\":\"search_term_string\"}}],\"inLanguage\":\"fr-FR\"},{\"@type\":\"Organization\",\"@id\":\"https:\\\/\\\/hobby4geek.com\\\/#organization\",\"name\":\"Hobby4Geek\",\"url\":\"https:\\\/\\\/hobby4geek.com\\\/\",\"logo\":{\"@type\":\"ImageObject\",\"inLanguage\":\"fr-FR\",\"@id\":\"https:\\\/\\\/hobby4geek.com\\\/#\\\/schema\\\/logo\\\/image\\\/\",\"url\":\"https:\\\/\\\/hobby4geek.com\\\/wp-content\\\/uploads\\\/2023\\\/02\\\/default-kit.png\",\"contentUrl\":\"https:\\\/\\\/hobby4geek.com\\\/wp-content\\\/uploads\\\/2023\\\/02\\\/default-kit.png\",\"width\":600,\"height\":600,\"caption\":\"Hobby4Geek\"},\"image\":{\"@id\":\"https:\\\/\\\/hobby4geek.com\\\/#\\\/schema\\\/logo\\\/image\\\/\"},\"sameAs\":[\"https:\\\/\\\/www.facebook.com\\\/hobby4geek\",\"https:\\\/\\\/x.com\\\/hobby4geek\",\"https:\\\/\\\/www.instagram.com\\\/hobby4geek\\\/\"]}]}<\/script>\n<meta property=\"product:brand\" content=\"Masters of the Universe\" \/>\n<meta property=\"product:price:amount\" content=\"48.60\" \/>\n<meta property=\"product:price:currency\" content=\"EUR\" \/>\n<meta property=\"og:availability\" content=\"out of stock\" \/>\n<meta property=\"product:availability\" content=\"out of stock\" \/>\n<meta property=\"product:retailer_item_id\" content=\"0194735194292\" \/>\n<meta property=\"product:condition\" content=\"new\" \/>\n<!-- \/ Yoast SEO Premium plugin. -->","yoast_head_json":{"title":"Les Ma\u00eetres de l'Univers : Origines - Le vaisseau mal\u00e9fique de Skeletor (Cartoon Collection)","robots":{"index":"index","follow":"follow","max-snippet":"max-snippet:-1","max-image-preview":"max-image-preview:large","max-video-preview":"max-video-preview:-1"},"canonical":"https:\/\/hobby4geek.com\/fr\/produit\/masters-of-the-universe-origins-vehicle-evil-ship-of-skeletor-cartoon-collection\/","og_locale":"fr_FR","og_type":"article","og_title":"Masters of the Universe: Origins - Vehicle Evil Ship of Skeletor (Cartoon Collection)","og_description":"Vehicle is inspired by the original cartoons from the \u201980s  Made of plastic","og_url":"https:\/\/hobby4geek.com\/fr\/produit\/masters-of-the-universe-origins-vehicle-evil-ship-of-skeletor-cartoon-collection\/","og_site_name":"Hobby4Geek","article_publisher":"https:\/\/www.facebook.com\/hobby4geek","article_modified_time":"2025-04-02T22:15:16+00:00","og_image":[{"width":720,"height":720,"url":"https:\/\/hobby4geek.com\/wp-content\/uploads\/2024\/06\/masters-of-the-universe-origins-vehicle-evil-ship-of-skeletor-cartoon-collection-2.png","type":"image\/png"}],"twitter_card":"summary_large_image","twitter_site":"@hobby4geek","schema":{"@context":"https:\/\/schema.org","@graph":[{"@type":"WebPage","@id":"https:\/\/hobby4geek.com\/product\/masters-of-the-universe-origins-vehicle-evil-ship-of-skeletor-cartoon-collection\/","url":"https:\/\/hobby4geek.com\/product\/masters-of-the-universe-origins-vehicle-evil-ship-of-skeletor-cartoon-collection\/","name":"Les Ma\u00eetres de l'Univers : Origines - Le vaisseau mal\u00e9fique de Skeletor (Cartoon Collection)","isPartOf":{"@id":"https:\/\/hobby4geek.com\/#website"},"primaryImageOfPage":{"@id":"https:\/\/hobby4geek.com\/product\/masters-of-the-universe-origins-vehicle-evil-ship-of-skeletor-cartoon-collection\/#primaryimage"},"image":{"@id":"https:\/\/hobby4geek.com\/product\/masters-of-the-universe-origins-vehicle-evil-ship-of-skeletor-cartoon-collection\/#primaryimage"},"thumbnailUrl":"https:\/\/hobby4geek.com\/wp-content\/uploads\/2024\/06\/masters-of-the-universe-origins-vehicle-evil-ship-of-skeletor-cartoon-collection-2.png","datePublished":"2024-04-15T07:56:53+00:00","dateModified":"2025-04-02T22:15:16+00:00","breadcrumb":{"@id":"https:\/\/hobby4geek.com\/product\/masters-of-the-universe-origins-vehicle-evil-ship-of-skeletor-cartoon-collection\/#breadcrumb"},"inLanguage":"fr-FR","potentialAction":[{"@type":"ReadAction","target":["https:\/\/hobby4geek.com\/product\/masters-of-the-universe-origins-vehicle-evil-ship-of-skeletor-cartoon-collection\/"]}]},{"@type":"ImageObject","inLanguage":"fr-FR","@id":"https:\/\/hobby4geek.com\/product\/masters-of-the-universe-origins-vehicle-evil-ship-of-skeletor-cartoon-collection\/#primaryimage","url":"https:\/\/hobby4geek.com\/wp-content\/uploads\/2024\/06\/masters-of-the-universe-origins-vehicle-evil-ship-of-skeletor-cartoon-collection-2.png","contentUrl":"https:\/\/hobby4geek.com\/wp-content\/uploads\/2024\/06\/masters-of-the-universe-origins-vehicle-evil-ship-of-skeletor-cartoon-collection-2.png","width":720,"height":720,"caption":"Masters of the Universe: Origins - Vehicle Evil Ship of Skeletor (Cartoon Collection)"},{"@type":"BreadcrumbList","@id":"https:\/\/hobby4geek.com\/product\/masters-of-the-universe-origins-vehicle-evil-ship-of-skeletor-cartoon-collection\/#breadcrumb","itemListElement":[{"@type":"ListItem","position":1,"name":"Home","item":"https:\/\/hobby4geek.com\/"},{"@type":"ListItem","position":2,"name":"Shop","item":"https:\/\/hobby4geek.com\/shop\/"},{"@type":"ListItem","position":3,"name":"Masters of the Universe: Origins &#8211; Vehicle Evil Ship of Skeletor (Cartoon Collection)"}]},{"@type":"WebSite","@id":"https:\/\/hobby4geek.com\/#website","url":"https:\/\/hobby4geek.com\/","name":"Hobby4Geek","description":"Collectionnez, jouez et exposez, embrassez votre geekitude","publisher":{"@id":"https:\/\/hobby4geek.com\/#organization"},"potentialAction":[{"@type":"SearchAction","target":{"@type":"EntryPoint","urlTemplate":"https:\/\/hobby4geek.com\/?s={search_term_string}"},"query-input":{"@type":"PropertyValueSpecification","valueRequired":true,"valueName":"search_term_string"}}],"inLanguage":"fr-FR"},{"@type":"Organization","@id":"https:\/\/hobby4geek.com\/#organization","name":"Hobby4Geek","url":"https:\/\/hobby4geek.com\/","logo":{"@type":"ImageObject","inLanguage":"fr-FR","@id":"https:\/\/hobby4geek.com\/#\/schema\/logo\/image\/","url":"https:\/\/hobby4geek.com\/wp-content\/uploads\/2023\/02\/default-kit.png","contentUrl":"https:\/\/hobby4geek.com\/wp-content\/uploads\/2023\/02\/default-kit.png","width":600,"height":600,"caption":"Hobby4Geek"},"image":{"@id":"https:\/\/hobby4geek.com\/#\/schema\/logo\/image\/"},"sameAs":["https:\/\/www.facebook.com\/hobby4geek","https:\/\/x.com\/hobby4geek","https:\/\/www.instagram.com\/hobby4geek\/"]}]},"product_brand":"Masters of the Universe","product_price_amount":"48.60","product_price_currency":"EUR","og_availability":"out of stock","product_availability":"out of stock","product_retailer_item_id":"0194735194292","product_condition":"new"},"_links":{"self":[{"href":"https:\/\/hobby4geek.com\/fr\/wp-json\/wp\/v2\/product\/197831","targetHints":{"allow":["GET"]}}],"collection":[{"href":"https:\/\/hobby4geek.com\/fr\/wp-json\/wp\/v2\/product"}],"about":[{"href":"https:\/\/hobby4geek.com\/fr\/wp-json\/wp\/v2\/types\/product"}],"replies":[{"embeddable":true,"href":"https:\/\/hobby4geek.com\/fr\/wp-json\/wp\/v2\/comments?post=197831"}],"version-history":[{"count":0,"href":"https:\/\/hobby4geek.com\/fr\/wp-json\/wp\/v2\/product\/197831\/revisions"}],"wp:featuredmedia":[{"embeddable":true,"href":"https:\/\/hobby4geek.com\/fr\/wp-json\/wp\/v2\/media\/197837"}],"wp:attachment":[{"href":"https:\/\/hobby4geek.com\/fr\/wp-json\/wp\/v2\/media?parent=197831"}],"wp:term":[{"taxonomy":"product_brand","embeddable":true,"href":"https:\/\/hobby4geek.com\/fr\/wp-json\/wp\/v2\/product_brand?post=197831"},{"taxonomy":"product_cat","embeddable":true,"href":"https:\/\/hobby4geek.com\/fr\/wp-json\/wp\/v2\/product_cat?post=197831"},{"taxonomy":"product_tag","embeddable":true,"href":"https:\/\/hobby4geek.com\/fr\/wp-json\/wp\/v2\/product_tag?post=197831"},{"taxonomy":"giftcard-category","embeddable":true,"href":"https:\/\/hobby4geek.com\/fr\/wp-json\/wp\/v2\/giftcard-category?post=197831"}],"curies":[{"name":"wp","href":"https:\/\/api.w.org\/{rel}","templated":true}]}}