{"id":197823,"date":"2024-03-15T12:42:05","date_gmt":"2024-03-15T11:42:05","guid":{"rendered":"https:\/\/hobby4geek.com\/?post_type=product&#038;p=197823"},"modified":"2025-01-21T12:40:00","modified_gmt":"2025-01-21T11:40:00","slug":"masters-of-the-universe-origins-prince-adam-cringer-cartoon-collection","status":"publish","type":"product","link":"https:\/\/hobby4geek.com\/fr\/produit\/masters-of-the-universe-origins-prince-adam-cringer-cartoon-collection\/","title":{"rendered":"Les Ma\u00eetres de l'Univers : Origines - Prince Adam &amp; Cringer (Cartoon Collection)"},"content":{"rendered":"<p>Ce lot de deux figurines MOTU Origins repr\u00e9sentant Prince Adam et Cringer, deux personnages cl\u00e9s aux identit\u00e9s secr\u00e8tes, est inspir\u00e9 des dessins anim\u00e9s originaux des Ma\u00eetres de l'Univers des ann\u00e9es 80. Con\u00e7ues \u00e0 l'\u00e9chelle 5,5 pouces mais avec une posabilit\u00e9 moderne, chacune des deux figurines dispose d'au moins 16 articulations et d'une apparence fid\u00e8le au contenu avec une t\u00eate alternative. La t\u00eate alternative de Cringer a une expression effray\u00e9e et une m\u00e2choire articul\u00e9e. Une \u00e9p\u00e9e de puissance et une main interchangeable pour la tenir compl\u00e8tent l'ensemble. Repr\u00e9sentant He-Man et Battle Cat dans leurs alter ego du ch\u00e2teau, ces figurines peuvent reprendre les poses du contenu des ann\u00e9es 1980 ou faire de tous nouveaux mouvements. Un cadeau id\u00e9al pour les fans de MOTU \u00e2g\u00e9s de 6 ans et plus. Les couleurs et les d\u00e9corations peuvent varier.<\/p>\n<ul>\n<li>Ce pack Prince Adam et Cringer des Masters of the Universe Origins Cartoon Collection vous rappellera de bons souvenirs des ann\u00e9es 1980. Les t\u00eates amovibles des deux personnages offrent de nombreuses possibilit\u00e9s d'association !<\/li>\n<li>Ces jouets MOTU Origins sont des ex\u00e9cutions modernes du look vintage des h\u00e9ros infiltr\u00e9s, mais \u00e0 l'\u00e9chelle 5,5 pouces avec une articulation g\u00e9n\u00e9reuse pour une posabilit\u00e9 maximale, pr\u00eats \u00e0 affronter les intrigues du ch\u00e2teau.<\/li>\n<li>Prince Adam poss\u00e8de 16 articulations, pr\u00eat \u00e0 entrer en action et \u00e0 utiliser l'\u00e9p\u00e9e de puissance incluse pour se transformer en l'h\u00e9ro\u00efque He-Man. Une t\u00eate souriante suppl\u00e9mentaire et une main pr\u00eate \u00e0 brandir l'\u00e9p\u00e9e permettent des poses d'exposition suppl\u00e9mentaires.<\/li>\n<li>Les rayures color\u00e9es de Cringer le rendent facilement reconnaissable comme l'alter ego de Battle Cat. Son cou, sa queue et ses jambes multiarticul\u00e9es font partie de ses plus de 16 articulations. Une t\u00eate alternative avec une expression de chat effray\u00e9 est dot\u00e9e d'une m\u00e2choire articul\u00e9e.<\/li>\n<li>Les fans voudront collectionner toutes les figurines de la Cartoon Collection pour former une vitrine nostalgique qui \u00e9voque l'\u00e9merveillement de l'enfance des ann\u00e9es 1980.<\/li>\n<li>Ce pack de 2 h\u00e9ros infiltr\u00e9s des Ma\u00eetres de l'Univers est un excellent cadeau pour les fans de MOTU \u00e2g\u00e9s de 6 ans et plus.<\/li>\n<\/ul>","protected":false},"excerpt":{"rendered":"<ul>\n<li>5,50 pouces (13,97 cm)<\/li>\n<li>En plastique<\/li>\n<li>Design classique inspir\u00e9 des dessins anim\u00e9s des Ma\u00eetres de l'Univers<\/li>\n<li>Jusqu'\u00e0 16 points d'articulation<\/li>\n<li>Emballage r\u00e9tro<\/li>\n<\/ul>","protected":false},"featured_media":197827,"comment_status":"open","ping_status":"closed","template":"","meta":{"inline_featured_image":false},"product_brand":[],"product_cat":[2218,2224,2023],"product_tag":[1759,2341,2587,2588,2219,2223,2225,2586,2585,1975],"giftcard-category":[],"class_list":{"0":"post-197823","1":"product","2":"type-product","3":"status-publish","4":"has-post-thumbnail","6":"product_cat-masters-of-the-universe","7":"product_cat-masters-of-the-universe-origins","8":"product_cat-mattel","9":"product_tag-action-toys","10":"product_tag-cartoon-collection","11":"product_tag-cringer","12":"product_tag-hth30","13":"product_tag-masters-of-the-universe-origins","14":"product_tag-motu","15":"product_tag-origins","16":"product_tag-prince-adam","17":"product_tag-prince-adam-cringer","18":"product_tag-toys-figures","19":"product_shipping_class-light","21":"first","22":"outofstock","23":"taxable","24":"shipping-taxable","25":"purchasable","26":"product-type-simple","27":"add-to-wishlist-after_add_to_cart"},"yoast_head":"<!-- This site is optimized with the Yoast SEO Premium plugin v25.3.1 (Yoast SEO v27.2) - https:\/\/yoast.com\/product\/yoast-seo-premium-wordpress\/ -->\n<title>Masters of the Universe: Origins - Prince Adam &amp; Cringer (Cartoon Collection)<\/title>\n<meta name=\"robots\" content=\"index, follow, max-snippet:-1, max-image-preview:large, max-video-preview:-1\" \/>\n<link rel=\"canonical\" href=\"https:\/\/hobby4geek.com\/fr\/produit\/masters-of-the-universe-origins-prince-adam-cringer-cartoon-collection\/\" \/>\n<meta property=\"og:locale\" content=\"fr_FR\" \/>\n<meta property=\"og:type\" content=\"article\" \/>\n<meta property=\"og:title\" content=\"Masters of the Universe: Origins - Prince Adam &amp; Cringer (Cartoon Collection)\" \/>\n<meta property=\"og:description\" content=\"5.50 inches (13.97cm)  Made of plastic  Classic Masters of the Universe cartoon inspired design  Up to 16 points of articulation  Retro-style packaging\" \/>\n<meta property=\"og:url\" content=\"https:\/\/hobby4geek.com\/fr\/produit\/masters-of-the-universe-origins-prince-adam-cringer-cartoon-collection\/\" \/>\n<meta property=\"og:site_name\" content=\"Hobby4Geek\" \/>\n<meta property=\"article:publisher\" content=\"https:\/\/www.facebook.com\/hobby4geek\" \/>\n<meta property=\"article:modified_time\" content=\"2025-01-21T11:40:00+00:00\" \/>\n<meta property=\"og:image\" content=\"https:\/\/hobby4geek.com\/wp-content\/uploads\/2024\/06\/masters-of-the-universe-origins-prince-adam-cringer-cartoon-collection-3.png\" \/>\n\t<meta property=\"og:image:width\" content=\"720\" \/>\n\t<meta property=\"og:image:height\" content=\"720\" \/>\n\t<meta property=\"og:image:type\" content=\"image\/png\" \/>\n<meta name=\"twitter:card\" content=\"summary_large_image\" \/>\n<meta name=\"twitter:site\" content=\"@hobby4geek\" \/>\n<script type=\"application\/ld+json\" class=\"yoast-schema-graph\">{\"@context\":\"https:\/\/schema.org\",\"@graph\":[{\"@type\":\"WebPage\",\"@id\":\"https:\/\/hobby4geek.com\/product\/masters-of-the-universe-origins-prince-adam-cringer-cartoon-collection\/\",\"url\":\"https:\/\/hobby4geek.com\/product\/masters-of-the-universe-origins-prince-adam-cringer-cartoon-collection\/\",\"name\":\"Masters of the Universe: Origins - Prince Adam & Cringer (Cartoon Collection)\",\"isPartOf\":{\"@id\":\"https:\/\/hobby4geek.com\/#website\"},\"primaryImageOfPage\":{\"@id\":\"https:\/\/hobby4geek.com\/product\/masters-of-the-universe-origins-prince-adam-cringer-cartoon-collection\/#primaryimage\"},\"image\":{\"@id\":\"https:\/\/hobby4geek.com\/product\/masters-of-the-universe-origins-prince-adam-cringer-cartoon-collection\/#primaryimage\"},\"thumbnailUrl\":\"https:\/\/hobby4geek.com\/wp-content\/uploads\/2024\/06\/masters-of-the-universe-origins-prince-adam-cringer-cartoon-collection-3.png\",\"datePublished\":\"2024-03-15T11:42:05+00:00\",\"dateModified\":\"2025-01-21T11:40:00+00:00\",\"breadcrumb\":{\"@id\":\"https:\/\/hobby4geek.com\/product\/masters-of-the-universe-origins-prince-adam-cringer-cartoon-collection\/#breadcrumb\"},\"inLanguage\":\"fr-FR\",\"potentialAction\":[{\"@type\":\"ReadAction\",\"target\":[\"https:\/\/hobby4geek.com\/product\/masters-of-the-universe-origins-prince-adam-cringer-cartoon-collection\/\"]}]},{\"@type\":\"ImageObject\",\"inLanguage\":\"fr-FR\",\"@id\":\"https:\/\/hobby4geek.com\/product\/masters-of-the-universe-origins-prince-adam-cringer-cartoon-collection\/#primaryimage\",\"url\":\"https:\/\/hobby4geek.com\/wp-content\/uploads\/2024\/06\/masters-of-the-universe-origins-prince-adam-cringer-cartoon-collection-3.png\",\"contentUrl\":\"https:\/\/hobby4geek.com\/wp-content\/uploads\/2024\/06\/masters-of-the-universe-origins-prince-adam-cringer-cartoon-collection-3.png\",\"width\":720,\"height\":720,\"caption\":\"Masters of the Universe: Origins - Prince Adam & Cringer (Cartoon Collection)\"},{\"@type\":\"BreadcrumbList\",\"@id\":\"https:\/\/hobby4geek.com\/product\/masters-of-the-universe-origins-prince-adam-cringer-cartoon-collection\/#breadcrumb\",\"itemListElement\":[{\"@type\":\"ListItem\",\"position\":1,\"name\":\"Home\",\"item\":\"https:\/\/hobby4geek.com\/\"},{\"@type\":\"ListItem\",\"position\":2,\"name\":\"Shop\",\"item\":\"https:\/\/hobby4geek.com\/shop\/\"},{\"@type\":\"ListItem\",\"position\":3,\"name\":\"Masters of the Universe: Origins &#8211; Prince Adam &#038; Cringer (Cartoon Collection)\"}]},{\"@type\":\"WebSite\",\"@id\":\"https:\/\/hobby4geek.com\/#website\",\"url\":\"https:\/\/hobby4geek.com\/\",\"name\":\"Hobby4Geek\",\"description\":\"Collect, Play &amp; Showcase, Embrace your Geekiness\",\"publisher\":{\"@id\":\"https:\/\/hobby4geek.com\/#organization\"},\"potentialAction\":[{\"@type\":\"SearchAction\",\"target\":{\"@type\":\"EntryPoint\",\"urlTemplate\":\"https:\/\/hobby4geek.com\/?s={search_term_string}\"},\"query-input\":{\"@type\":\"PropertyValueSpecification\",\"valueRequired\":true,\"valueName\":\"search_term_string\"}}],\"inLanguage\":\"fr-FR\"},{\"@type\":\"Organization\",\"@id\":\"https:\/\/hobby4geek.com\/#organization\",\"name\":\"Hobby4Geek\",\"url\":\"https:\/\/hobby4geek.com\/\",\"logo\":{\"@type\":\"ImageObject\",\"inLanguage\":\"fr-FR\",\"@id\":\"https:\/\/hobby4geek.com\/#\/schema\/logo\/image\/\",\"url\":\"https:\/\/hobby4geek.com\/wp-content\/uploads\/2023\/02\/default-kit.png\",\"contentUrl\":\"https:\/\/hobby4geek.com\/wp-content\/uploads\/2023\/02\/default-kit.png\",\"width\":600,\"height\":600,\"caption\":\"Hobby4Geek\"},\"image\":{\"@id\":\"https:\/\/hobby4geek.com\/#\/schema\/logo\/image\/\"},\"sameAs\":[\"https:\/\/www.facebook.com\/hobby4geek\",\"https:\/\/x.com\/hobby4geek\",\"https:\/\/www.instagram.com\/hobby4geek\/\"]}]}<\/script>\n<meta property=\"product:brand\" content=\"Masters of the Universe\" \/>\n<meta property=\"product:price:amount\" content=\"38.60\" \/>\n<meta property=\"product:price:currency\" content=\"EUR\" \/>\n<meta property=\"og:availability\" content=\"out of stock\" \/>\n<meta property=\"product:availability\" content=\"out of stock\" \/>\n<meta property=\"product:retailer_item_id\" content=\"0194735190201\" \/>\n<meta property=\"product:condition\" content=\"new\" \/>\n<!-- \/ Yoast SEO Premium plugin. -->","yoast_head_json":{"title":"Les Ma\u00eetres de l'Univers : Origines - Prince Adam &amp; Cringer (Cartoon Collection)","robots":{"index":"index","follow":"follow","max-snippet":"max-snippet:-1","max-image-preview":"max-image-preview:large","max-video-preview":"max-video-preview:-1"},"canonical":"https:\/\/hobby4geek.com\/fr\/produit\/masters-of-the-universe-origins-prince-adam-cringer-cartoon-collection\/","og_locale":"fr_FR","og_type":"article","og_title":"Masters of the Universe: Origins - Prince Adam & Cringer (Cartoon Collection)","og_description":"5.50 inches (13.97cm)  Made of plastic  Classic Masters of the Universe cartoon inspired design  Up to 16 points of articulation  Retro-style packaging","og_url":"https:\/\/hobby4geek.com\/fr\/produit\/masters-of-the-universe-origins-prince-adam-cringer-cartoon-collection\/","og_site_name":"Hobby4Geek","article_publisher":"https:\/\/www.facebook.com\/hobby4geek","article_modified_time":"2025-01-21T11:40:00+00:00","og_image":[{"width":720,"height":720,"url":"https:\/\/hobby4geek.com\/wp-content\/uploads\/2024\/06\/masters-of-the-universe-origins-prince-adam-cringer-cartoon-collection-3.png","type":"image\/png"}],"twitter_card":"summary_large_image","twitter_site":"@hobby4geek","schema":{"@context":"https:\/\/schema.org","@graph":[{"@type":"WebPage","@id":"https:\/\/hobby4geek.com\/product\/masters-of-the-universe-origins-prince-adam-cringer-cartoon-collection\/","url":"https:\/\/hobby4geek.com\/product\/masters-of-the-universe-origins-prince-adam-cringer-cartoon-collection\/","name":"Les Ma\u00eetres de l'Univers : Origines - Prince Adam &amp; Cringer (Cartoon Collection)","isPartOf":{"@id":"https:\/\/hobby4geek.com\/#website"},"primaryImageOfPage":{"@id":"https:\/\/hobby4geek.com\/product\/masters-of-the-universe-origins-prince-adam-cringer-cartoon-collection\/#primaryimage"},"image":{"@id":"https:\/\/hobby4geek.com\/product\/masters-of-the-universe-origins-prince-adam-cringer-cartoon-collection\/#primaryimage"},"thumbnailUrl":"https:\/\/hobby4geek.com\/wp-content\/uploads\/2024\/06\/masters-of-the-universe-origins-prince-adam-cringer-cartoon-collection-3.png","datePublished":"2024-03-15T11:42:05+00:00","dateModified":"2025-01-21T11:40:00+00:00","breadcrumb":{"@id":"https:\/\/hobby4geek.com\/product\/masters-of-the-universe-origins-prince-adam-cringer-cartoon-collection\/#breadcrumb"},"inLanguage":"fr-FR","potentialAction":[{"@type":"ReadAction","target":["https:\/\/hobby4geek.com\/product\/masters-of-the-universe-origins-prince-adam-cringer-cartoon-collection\/"]}]},{"@type":"ImageObject","inLanguage":"fr-FR","@id":"https:\/\/hobby4geek.com\/product\/masters-of-the-universe-origins-prince-adam-cringer-cartoon-collection\/#primaryimage","url":"https:\/\/hobby4geek.com\/wp-content\/uploads\/2024\/06\/masters-of-the-universe-origins-prince-adam-cringer-cartoon-collection-3.png","contentUrl":"https:\/\/hobby4geek.com\/wp-content\/uploads\/2024\/06\/masters-of-the-universe-origins-prince-adam-cringer-cartoon-collection-3.png","width":720,"height":720,"caption":"Masters of the Universe: Origins - Prince Adam & Cringer (Cartoon Collection)"},{"@type":"BreadcrumbList","@id":"https:\/\/hobby4geek.com\/product\/masters-of-the-universe-origins-prince-adam-cringer-cartoon-collection\/#breadcrumb","itemListElement":[{"@type":"ListItem","position":1,"name":"Home","item":"https:\/\/hobby4geek.com\/"},{"@type":"ListItem","position":2,"name":"Shop","item":"https:\/\/hobby4geek.com\/shop\/"},{"@type":"ListItem","position":3,"name":"Masters of the Universe: Origins &#8211; Prince Adam &#038; Cringer (Cartoon Collection)"}]},{"@type":"WebSite","@id":"https:\/\/hobby4geek.com\/#website","url":"https:\/\/hobby4geek.com\/","name":"Hobby4Geek","description":"Collectionnez, jouez et exposez, embrassez votre geekitude","publisher":{"@id":"https:\/\/hobby4geek.com\/#organization"},"potentialAction":[{"@type":"SearchAction","target":{"@type":"EntryPoint","urlTemplate":"https:\/\/hobby4geek.com\/?s={search_term_string}"},"query-input":{"@type":"PropertyValueSpecification","valueRequired":true,"valueName":"search_term_string"}}],"inLanguage":"fr-FR"},{"@type":"Organization","@id":"https:\/\/hobby4geek.com\/#organization","name":"Hobby4Geek","url":"https:\/\/hobby4geek.com\/","logo":{"@type":"ImageObject","inLanguage":"fr-FR","@id":"https:\/\/hobby4geek.com\/#\/schema\/logo\/image\/","url":"https:\/\/hobby4geek.com\/wp-content\/uploads\/2023\/02\/default-kit.png","contentUrl":"https:\/\/hobby4geek.com\/wp-content\/uploads\/2023\/02\/default-kit.png","width":600,"height":600,"caption":"Hobby4Geek"},"image":{"@id":"https:\/\/hobby4geek.com\/#\/schema\/logo\/image\/"},"sameAs":["https:\/\/www.facebook.com\/hobby4geek","https:\/\/x.com\/hobby4geek","https:\/\/www.instagram.com\/hobby4geek\/"]}]},"product_brand":"Masters of the Universe","product_price_amount":"38.60","product_price_currency":"EUR","og_availability":"out of stock","product_availability":"out of stock","product_retailer_item_id":"0194735190201","product_condition":"new"},"_links":{"self":[{"href":"https:\/\/hobby4geek.com\/fr\/wp-json\/wp\/v2\/product\/197823","targetHints":{"allow":["GET"]}}],"collection":[{"href":"https:\/\/hobby4geek.com\/fr\/wp-json\/wp\/v2\/product"}],"about":[{"href":"https:\/\/hobby4geek.com\/fr\/wp-json\/wp\/v2\/types\/product"}],"replies":[{"embeddable":true,"href":"https:\/\/hobby4geek.com\/fr\/wp-json\/wp\/v2\/comments?post=197823"}],"version-history":[{"count":0,"href":"https:\/\/hobby4geek.com\/fr\/wp-json\/wp\/v2\/product\/197823\/revisions"}],"wp:featuredmedia":[{"embeddable":true,"href":"https:\/\/hobby4geek.com\/fr\/wp-json\/wp\/v2\/media\/197827"}],"wp:attachment":[{"href":"https:\/\/hobby4geek.com\/fr\/wp-json\/wp\/v2\/media?parent=197823"}],"wp:term":[{"taxonomy":"product_brand","embeddable":true,"href":"https:\/\/hobby4geek.com\/fr\/wp-json\/wp\/v2\/product_brand?post=197823"},{"taxonomy":"product_cat","embeddable":true,"href":"https:\/\/hobby4geek.com\/fr\/wp-json\/wp\/v2\/product_cat?post=197823"},{"taxonomy":"product_tag","embeddable":true,"href":"https:\/\/hobby4geek.com\/fr\/wp-json\/wp\/v2\/product_tag?post=197823"},{"taxonomy":"giftcard-category","embeddable":true,"href":"https:\/\/hobby4geek.com\/fr\/wp-json\/wp\/v2\/giftcard-category?post=197823"}],"curies":[{"name":"wp","href":"https:\/\/api.w.org\/{rel}","templated":true}]}}