{"id":197779,"date":"2024-01-15T11:37:16","date_gmt":"2024-01-15T10:37:16","guid":{"rendered":"https:\/\/hobby4geek.com\/?post_type=product&#038;p=197779"},"modified":"2024-06-15T11:47:12","modified_gmt":"2024-06-15T10:47:12","slug":"masters-of-the-universe-origins-she-ra","status":"publish","type":"product","link":"https:\/\/hobby4geek.com\/fr\/produit\/masters-of-the-universe-origins-she-ra\/","title":{"rendered":"Les Ma\u00eetres de l'Univers : Les origines - She-Ra"},"content":{"rendered":"<p>Avec cette figurine MOTU She-Ra, la magie de l'enfance des ann\u00e9es 80 est de retour. Inspir\u00e9e de la ligne de jouets Masters of the Universe Origins des ann\u00e9es 80, la femme la plus puissante de l'univers a un look r\u00e9tro avec des possibilit\u00e9s modernes. Elle est con\u00e7ue \u00e0 l'\u00e9chelle 5,5 pouces avec 16 points d'articulation, pour de superbes mouvements et poses de combat. She-Ra est livr\u00e9e avec une cape royale, une couronne qui se retourne pour devenir son couvre-chef de combat et une mini-bande dessin\u00e9e \u00e0 th\u00e8me. Les couleurs et les d\u00e9corations peuvent varier.<\/p>\n<ul>\n<li>Cette figurine de She-Ra \u00e0 l'\u00e9chelle 5,5 pouces des Ma\u00eetres de l'univers Origins fera revivre aux fans la nostalgie des ann\u00e9es 1980 gr\u00e2ce \u00e0 son look vintage, mais ses 16 articulations permettent une posabilit\u00e9 moderne.<\/li>\n<li>She-Ra prot\u00e8ge les Bois Chuchotants et tout Eternia de l'attaque d'Hordak et de la Horde mal\u00e9fique.<\/li>\n<li>Cette figurine est livr\u00e9e avec une cape royale d\u00e9tachable. Sa couronne se retourne pour devenir le couvre-chef de combat de She-Ra. Une mini-bande dessin\u00e9e th\u00e9matique fournit le contexte de l'histoire.<\/li>\n<li>Les fans voudront collectionner toutes les figurines des Ma\u00eetres de l'Univers Origines pour former une grande collection qui \u00e9voque l'\u00e9merveillement de l'enfance des ann\u00e9es 1980. Chaque figurine est vendue s\u00e9par\u00e9ment et sous r\u00e9serve de disponibilit\u00e9.<\/li>\n<li>Un cadeau id\u00e9al pour les fans de MOTU \u00e2g\u00e9s de 6 ans et plus.<\/li>\n<\/ul>","protected":false},"excerpt":{"rendered":"<ul>\n<li>5,50 pouces (13,97 cm)<\/li>\n<li>En plastique<\/li>\n<li>Jusqu'\u00e0 16 points d'articulation<\/li>\n<li>Emballage r\u00e9tro<\/li>\n<\/ul>","protected":false},"featured_media":197787,"comment_status":"open","ping_status":"closed","template":"","meta":{"inline_featured_image":false},"product_brand":[],"product_cat":[2218,2224,2023],"product_tag":[1759,2575,2219,2223,2225,2576,1975],"giftcard-category":[],"class_list":{"0":"post-197779","1":"product","2":"type-product","3":"status-publish","4":"has-post-thumbnail","6":"product_cat-masters-of-the-universe","7":"product_cat-masters-of-the-universe-origins","8":"product_cat-mattel","9":"product_tag-action-toys","10":"product_tag-hyd26","11":"product_tag-masters-of-the-universe-origins","12":"product_tag-motu","13":"product_tag-origins","14":"product_tag-she-ra","15":"product_tag-toys-figures","16":"product_shipping_class-light","17":"inventories-france-inventory","19":"first","20":"instock","21":"taxable","22":"shipping-taxable","23":"purchasable","24":"product-type-simple","25":"add-to-wishlist-after_add_to_cart"},"yoast_head":"<!-- This site is optimized with the Yoast SEO Premium plugin v25.3.1 (Yoast SEO v27.2) - https:\/\/yoast.com\/product\/yoast-seo-premium-wordpress\/ -->\n<title>Masters of the Universe: Origins - She-Ra<\/title>\n<meta name=\"robots\" content=\"index, follow, max-snippet:-1, max-image-preview:large, max-video-preview:-1\" \/>\n<link rel=\"canonical\" href=\"https:\/\/hobby4geek.com\/fr\/produit\/masters-of-the-universe-origins-she-ra\/\" \/>\n<meta property=\"og:locale\" content=\"fr_FR\" \/>\n<meta property=\"og:type\" content=\"article\" \/>\n<meta property=\"og:title\" content=\"Masters of the Universe: Origins - She-Ra\" \/>\n<meta property=\"og:description\" content=\"5.50 inches (13.97cm)  Made of plastic  Up to 16 points of articulation  Retro-style packaging\" \/>\n<meta property=\"og:url\" content=\"https:\/\/hobby4geek.com\/fr\/produit\/masters-of-the-universe-origins-she-ra\/\" \/>\n<meta property=\"og:site_name\" content=\"Hobby4Geek\" \/>\n<meta property=\"article:publisher\" content=\"https:\/\/www.facebook.com\/hobby4geek\" \/>\n<meta property=\"article:modified_time\" content=\"2024-06-15T10:47:12+00:00\" \/>\n<meta property=\"og:image\" content=\"https:\/\/hobby4geek.com\/wp-content\/uploads\/2024\/06\/masters-of-the-universe-origins-she-ra.jpg\" \/>\n\t<meta property=\"og:image:width\" content=\"2048\" \/>\n\t<meta property=\"og:image:height\" content=\"2048\" \/>\n\t<meta property=\"og:image:type\" content=\"image\/jpeg\" \/>\n<meta name=\"twitter:card\" content=\"summary_large_image\" \/>\n<meta name=\"twitter:site\" content=\"@hobby4geek\" \/>\n<script type=\"application\/ld+json\" class=\"yoast-schema-graph\">{\"@context\":\"https:\/\/schema.org\",\"@graph\":[{\"@type\":\"WebPage\",\"@id\":\"https:\/\/hobby4geek.com\/product\/masters-of-the-universe-origins-she-ra\/\",\"url\":\"https:\/\/hobby4geek.com\/product\/masters-of-the-universe-origins-she-ra\/\",\"name\":\"Masters of the Universe: Origins - She-Ra\",\"isPartOf\":{\"@id\":\"https:\/\/hobby4geek.com\/#website\"},\"primaryImageOfPage\":{\"@id\":\"https:\/\/hobby4geek.com\/product\/masters-of-the-universe-origins-she-ra\/#primaryimage\"},\"image\":{\"@id\":\"https:\/\/hobby4geek.com\/product\/masters-of-the-universe-origins-she-ra\/#primaryimage\"},\"thumbnailUrl\":\"https:\/\/hobby4geek.com\/wp-content\/uploads\/2024\/06\/masters-of-the-universe-origins-she-ra.jpg\",\"datePublished\":\"2024-01-15T10:37:16+00:00\",\"dateModified\":\"2024-06-15T10:47:12+00:00\",\"breadcrumb\":{\"@id\":\"https:\/\/hobby4geek.com\/product\/masters-of-the-universe-origins-she-ra\/#breadcrumb\"},\"inLanguage\":\"fr-FR\",\"potentialAction\":[{\"@type\":\"ReadAction\",\"target\":[\"https:\/\/hobby4geek.com\/product\/masters-of-the-universe-origins-she-ra\/\"]}]},{\"@type\":\"ImageObject\",\"inLanguage\":\"fr-FR\",\"@id\":\"https:\/\/hobby4geek.com\/product\/masters-of-the-universe-origins-she-ra\/#primaryimage\",\"url\":\"https:\/\/hobby4geek.com\/wp-content\/uploads\/2024\/06\/masters-of-the-universe-origins-she-ra.jpg\",\"contentUrl\":\"https:\/\/hobby4geek.com\/wp-content\/uploads\/2024\/06\/masters-of-the-universe-origins-she-ra.jpg\",\"width\":2048,\"height\":2048,\"caption\":\"Masters of the Universe: Origins - She-Ra\"},{\"@type\":\"BreadcrumbList\",\"@id\":\"https:\/\/hobby4geek.com\/product\/masters-of-the-universe-origins-she-ra\/#breadcrumb\",\"itemListElement\":[{\"@type\":\"ListItem\",\"position\":1,\"name\":\"Home\",\"item\":\"https:\/\/hobby4geek.com\/\"},{\"@type\":\"ListItem\",\"position\":2,\"name\":\"Shop\",\"item\":\"https:\/\/hobby4geek.com\/shop\/\"},{\"@type\":\"ListItem\",\"position\":3,\"name\":\"Masters of the Universe: Origins &#8211; She-Ra\"}]},{\"@type\":\"WebSite\",\"@id\":\"https:\/\/hobby4geek.com\/#website\",\"url\":\"https:\/\/hobby4geek.com\/\",\"name\":\"Hobby4Geek\",\"description\":\"Collect, Play &amp; Showcase, Embrace your Geekiness\",\"publisher\":{\"@id\":\"https:\/\/hobby4geek.com\/#organization\"},\"potentialAction\":[{\"@type\":\"SearchAction\",\"target\":{\"@type\":\"EntryPoint\",\"urlTemplate\":\"https:\/\/hobby4geek.com\/?s={search_term_string}\"},\"query-input\":{\"@type\":\"PropertyValueSpecification\",\"valueRequired\":true,\"valueName\":\"search_term_string\"}}],\"inLanguage\":\"fr-FR\"},{\"@type\":\"Organization\",\"@id\":\"https:\/\/hobby4geek.com\/#organization\",\"name\":\"Hobby4Geek\",\"url\":\"https:\/\/hobby4geek.com\/\",\"logo\":{\"@type\":\"ImageObject\",\"inLanguage\":\"fr-FR\",\"@id\":\"https:\/\/hobby4geek.com\/#\/schema\/logo\/image\/\",\"url\":\"https:\/\/hobby4geek.com\/wp-content\/uploads\/2023\/02\/default-kit.png\",\"contentUrl\":\"https:\/\/hobby4geek.com\/wp-content\/uploads\/2023\/02\/default-kit.png\",\"width\":600,\"height\":600,\"caption\":\"Hobby4Geek\"},\"image\":{\"@id\":\"https:\/\/hobby4geek.com\/#\/schema\/logo\/image\/\"},\"sameAs\":[\"https:\/\/www.facebook.com\/hobby4geek\",\"https:\/\/x.com\/hobby4geek\",\"https:\/\/www.instagram.com\/hobby4geek\/\"]}]}<\/script>\n<meta property=\"product:brand\" content=\"Masters of the Universe\" \/>\n<meta property=\"product:price:amount\" content=\"22.60\" \/>\n<meta property=\"product:price:currency\" content=\"EUR\" \/>\n<meta property=\"og:availability\" content=\"instock\" \/>\n<meta property=\"product:availability\" content=\"instock\" \/>\n<meta property=\"product:retailer_item_id\" content=\"194735244362\" \/>\n<meta property=\"product:condition\" content=\"new\" \/>\n<!-- \/ Yoast SEO Premium plugin. -->","yoast_head_json":{"title":"Les Ma\u00eetres de l'Univers : Les origines - She-Ra","robots":{"index":"index","follow":"follow","max-snippet":"max-snippet:-1","max-image-preview":"max-image-preview:large","max-video-preview":"max-video-preview:-1"},"canonical":"https:\/\/hobby4geek.com\/fr\/produit\/masters-of-the-universe-origins-she-ra\/","og_locale":"fr_FR","og_type":"article","og_title":"Masters of the Universe: Origins - She-Ra","og_description":"5.50 inches (13.97cm)  Made of plastic  Up to 16 points of articulation  Retro-style packaging","og_url":"https:\/\/hobby4geek.com\/fr\/produit\/masters-of-the-universe-origins-she-ra\/","og_site_name":"Hobby4Geek","article_publisher":"https:\/\/www.facebook.com\/hobby4geek","article_modified_time":"2024-06-15T10:47:12+00:00","og_image":[{"width":2048,"height":2048,"url":"https:\/\/hobby4geek.com\/wp-content\/uploads\/2024\/06\/masters-of-the-universe-origins-she-ra.jpg","type":"image\/jpeg"}],"twitter_card":"summary_large_image","twitter_site":"@hobby4geek","schema":{"@context":"https:\/\/schema.org","@graph":[{"@type":"WebPage","@id":"https:\/\/hobby4geek.com\/product\/masters-of-the-universe-origins-she-ra\/","url":"https:\/\/hobby4geek.com\/product\/masters-of-the-universe-origins-she-ra\/","name":"Les Ma\u00eetres de l'Univers : Les origines - She-Ra","isPartOf":{"@id":"https:\/\/hobby4geek.com\/#website"},"primaryImageOfPage":{"@id":"https:\/\/hobby4geek.com\/product\/masters-of-the-universe-origins-she-ra\/#primaryimage"},"image":{"@id":"https:\/\/hobby4geek.com\/product\/masters-of-the-universe-origins-she-ra\/#primaryimage"},"thumbnailUrl":"https:\/\/hobby4geek.com\/wp-content\/uploads\/2024\/06\/masters-of-the-universe-origins-she-ra.jpg","datePublished":"2024-01-15T10:37:16+00:00","dateModified":"2024-06-15T10:47:12+00:00","breadcrumb":{"@id":"https:\/\/hobby4geek.com\/product\/masters-of-the-universe-origins-she-ra\/#breadcrumb"},"inLanguage":"fr-FR","potentialAction":[{"@type":"ReadAction","target":["https:\/\/hobby4geek.com\/product\/masters-of-the-universe-origins-she-ra\/"]}]},{"@type":"ImageObject","inLanguage":"fr-FR","@id":"https:\/\/hobby4geek.com\/product\/masters-of-the-universe-origins-she-ra\/#primaryimage","url":"https:\/\/hobby4geek.com\/wp-content\/uploads\/2024\/06\/masters-of-the-universe-origins-she-ra.jpg","contentUrl":"https:\/\/hobby4geek.com\/wp-content\/uploads\/2024\/06\/masters-of-the-universe-origins-she-ra.jpg","width":2048,"height":2048,"caption":"Masters of the Universe: Origins - She-Ra"},{"@type":"BreadcrumbList","@id":"https:\/\/hobby4geek.com\/product\/masters-of-the-universe-origins-she-ra\/#breadcrumb","itemListElement":[{"@type":"ListItem","position":1,"name":"Home","item":"https:\/\/hobby4geek.com\/"},{"@type":"ListItem","position":2,"name":"Shop","item":"https:\/\/hobby4geek.com\/shop\/"},{"@type":"ListItem","position":3,"name":"Masters of the Universe: Origins &#8211; She-Ra"}]},{"@type":"WebSite","@id":"https:\/\/hobby4geek.com\/#website","url":"https:\/\/hobby4geek.com\/","name":"Hobby4Geek","description":"Collectionnez, jouez et exposez, embrassez votre geekitude","publisher":{"@id":"https:\/\/hobby4geek.com\/#organization"},"potentialAction":[{"@type":"SearchAction","target":{"@type":"EntryPoint","urlTemplate":"https:\/\/hobby4geek.com\/?s={search_term_string}"},"query-input":{"@type":"PropertyValueSpecification","valueRequired":true,"valueName":"search_term_string"}}],"inLanguage":"fr-FR"},{"@type":"Organization","@id":"https:\/\/hobby4geek.com\/#organization","name":"Hobby4Geek","url":"https:\/\/hobby4geek.com\/","logo":{"@type":"ImageObject","inLanguage":"fr-FR","@id":"https:\/\/hobby4geek.com\/#\/schema\/logo\/image\/","url":"https:\/\/hobby4geek.com\/wp-content\/uploads\/2023\/02\/default-kit.png","contentUrl":"https:\/\/hobby4geek.com\/wp-content\/uploads\/2023\/02\/default-kit.png","width":600,"height":600,"caption":"Hobby4Geek"},"image":{"@id":"https:\/\/hobby4geek.com\/#\/schema\/logo\/image\/"},"sameAs":["https:\/\/www.facebook.com\/hobby4geek","https:\/\/x.com\/hobby4geek","https:\/\/www.instagram.com\/hobby4geek\/"]}]},"product_brand":"Masters of the Universe","product_price_amount":"22.60","product_price_currency":"EUR","og_availability":"instock","product_availability":"instock","product_retailer_item_id":"194735244362","product_condition":"new"},"_links":{"self":[{"href":"https:\/\/hobby4geek.com\/fr\/wp-json\/wp\/v2\/product\/197779","targetHints":{"allow":["GET"]}}],"collection":[{"href":"https:\/\/hobby4geek.com\/fr\/wp-json\/wp\/v2\/product"}],"about":[{"href":"https:\/\/hobby4geek.com\/fr\/wp-json\/wp\/v2\/types\/product"}],"replies":[{"embeddable":true,"href":"https:\/\/hobby4geek.com\/fr\/wp-json\/wp\/v2\/comments?post=197779"}],"version-history":[{"count":0,"href":"https:\/\/hobby4geek.com\/fr\/wp-json\/wp\/v2\/product\/197779\/revisions"}],"wp:featuredmedia":[{"embeddable":true,"href":"https:\/\/hobby4geek.com\/fr\/wp-json\/wp\/v2\/media\/197787"}],"wp:attachment":[{"href":"https:\/\/hobby4geek.com\/fr\/wp-json\/wp\/v2\/media?parent=197779"}],"wp:term":[{"taxonomy":"product_brand","embeddable":true,"href":"https:\/\/hobby4geek.com\/fr\/wp-json\/wp\/v2\/product_brand?post=197779"},{"taxonomy":"product_cat","embeddable":true,"href":"https:\/\/hobby4geek.com\/fr\/wp-json\/wp\/v2\/product_cat?post=197779"},{"taxonomy":"product_tag","embeddable":true,"href":"https:\/\/hobby4geek.com\/fr\/wp-json\/wp\/v2\/product_tag?post=197779"},{"taxonomy":"giftcard-category","embeddable":true,"href":"https:\/\/hobby4geek.com\/fr\/wp-json\/wp\/v2\/giftcard-category?post=197779"}],"curies":[{"name":"wp","href":"https:\/\/api.w.org\/{rel}","templated":true}]}}