{"id":196474,"date":"2024-05-02T19:32:21","date_gmt":"2024-05-02T18:32:21","guid":{"rendered":"https:\/\/hobby4geek.com\/?post_type=product&#038;p=196474"},"modified":"2024-05-12T12:57:05","modified_gmt":"2024-05-12T11:57:05","slug":"transformers-legacy-prime-universe-bulkhead-wreck-n-rule-collection","status":"publish","type":"product","link":"https:\/\/hobby4geek.com\/fr\/produit\/transformers-legacy-prime-universe-bulkhead-wreck-n-rule-collection\/","title":{"rendered":"Transformers Legacy : Prime Universe Bulkhead - Collection Wreck 'N Rule"},"content":{"rendered":"<p>Lorsqu'une mission semble perdue d'avance, les Autobots font appel \u00e0 leur force de frappe la plus redoutable : les Wreckers. Cette \u00e9quipe d'\u00e9lite compos\u00e9e de guerriers purs et durs est pr\u00eate \u00e0 se pr\u00e9cipiter, blasters en avant, et \u00e0 faire le travail.<\/p>\n<p>Bulkhead est le muscle de l'\u00e9quipe. Bulkhead est un gentil g\u00e9ant, mais ne vous laissez pas abuser par sa nature. Sa seule taille suffit \u00e0 faire trembler les ennemis, et sa masse de combat a du punch !<br \/>\nLa figurine Bulkhead de l'univers Prime se convertit en mode fourgon militaire en 31 \u00e9tapes. Comprend une masse, un marteau et deux accessoires de blaster qui se fixent \u00e0 la fois en mode robot et en mode v\u00e9hicule. Retire le couvercle arri\u00e8re de la camionnette militaire pour r\u00e9v\u00e9ler un bouclier que la figurine peut tenir.<\/p>\n<p>La collection Wreck 'N Rule comprend 5 packs passionnants, mettant en sc\u00e8ne certains des Wreckers les plus c\u00e9l\u00e8bres du multivers Transformers ! (Chaque pack est vendu s\u00e9par\u00e9ment, sous r\u00e9serve de disponibilit\u00e9).<\/p>\n<ul>\n<li>Si une mission est perdue d'avance, les Autobots font appel \u00e0 leur force de frappe la plus redoutable : les Wreckers. Cette \u00e9quipe d'\u00e9lite est pr\u00eate \u00e0 se pr\u00e9cipiter, blasters \u00e0 la main, et \u00e0 faire le travail.<\/li>\n<li>Bulkhead est un gentil g\u00e9ant, mais ne vous laissez pas abuser par sa nature. Sa seule taille suffit \u00e0 faire trembler les ennemis, et sa masse de combat a du punch !<\/li>\n<li>La figurine Bulkhead de l'univers Prime se transforme en fourgon militaire en 31 \u00e9tapes. Comprend une masse, un bouclier, un marteau et 2 accessoires de blaster.<\/li>\n<li>Chaque pack de la collection Wreck 'N Rule comprend un morceau du marteau des Wreckers. Rassemblez les 5 paquets pour assembler et pr\u00e9senter le marteau (chaque paquet est vendu s\u00e9par\u00e9ment, sous r\u00e9serve de disponibilit\u00e9).<\/li>\n<li>L'emballage comporte une \u0153uvre d'art exclusive. Collectionnez les 5 packs de la collection Wreck 'N Rule pour reconstituer la sc\u00e8ne compl\u00e8te (chaque pack est vendu s\u00e9par\u00e9ment, dans la limite des stocks disponibles).<\/li>\n<\/ul>\n<p>Transformers et tous les personnages associ\u00e9s sont des marques d\u00e9pos\u00e9es de Hasbro.<\/p>\n<p>Comprend : figurine, 4 accessoires et instructions.<\/p>","protected":false},"excerpt":{"rendered":"<ul>\n<li>18 cm<\/li>\n<li>Conversion en mode fourgon militaire en 31 \u00e9tapes<\/li>\n<li>4 Accessoires<\/li>\n<li>Instructions<\/li>\n<\/ul>","protected":false},"featured_media":196477,"comment_status":"open","ping_status":"closed","template":"","meta":{"inline_featured_image":false},"product_brand":[],"product_cat":[68,69,1955,1960],"product_tag":[1759,2548,335,2546,1860,1975,204,2545,2547],"giftcard-category":[],"class_list":{"0":"post-196474","1":"product","2":"type-product","3":"status-publish","4":"has-post-thumbnail","6":"product_cat-hasbro","7":"product_cat-takara-tomy","8":"product_cat-transformers","9":"product_cat-transformers-generations","10":"product_tag-action-toys","11":"product_tag-bulkhead","12":"product_tag-hasbro","13":"product_tag-prime-universe-bulkhead","14":"product_tag-takaratomy","15":"product_tag-toys-figures","16":"product_tag-transformers","17":"product_tag-transformers-legacy","18":"product_tag-wreck-n-rule-collection","19":"product_shipping_class-light","20":"inventories-france-inventory","22":"first","23":"instock","24":"taxable","25":"shipping-taxable","26":"purchasable","27":"product-type-simple","28":"add-to-wishlist-after_add_to_cart"},"yoast_head":"<!-- This site is optimized with the Yoast SEO Premium plugin v25.3.1 (Yoast SEO v27.4) - https:\/\/yoast.com\/product\/yoast-seo-premium-wordpress\/ -->\n<title>Transformers Legacy: Prime Universe Bulkhead - Wreck &#039;N Rule Collection<\/title>\n<meta name=\"robots\" content=\"index, follow, max-snippet:-1, max-image-preview:large, max-video-preview:-1\" \/>\n<link rel=\"canonical\" href=\"https:\/\/hobby4geek.com\/fr\/produit\/transformers-legacy-prime-universe-bulkhead-wreck-n-rule-collection\/\" \/>\n<meta property=\"og:locale\" content=\"fr_FR\" \/>\n<meta property=\"og:type\" content=\"article\" \/>\n<meta property=\"og:title\" content=\"Transformers Legacy: Prime Universe Bulkhead - Wreck &#039;N Rule Collection\" \/>\n<meta property=\"og:description\" content=\"18 cm  Converts to military van mode in 31 steps  4 Accessories  Instructions\" \/>\n<meta property=\"og:url\" content=\"https:\/\/hobby4geek.com\/fr\/produit\/transformers-legacy-prime-universe-bulkhead-wreck-n-rule-collection\/\" \/>\n<meta property=\"og:site_name\" content=\"Hobby4Geek\" \/>\n<meta property=\"article:publisher\" content=\"https:\/\/www.facebook.com\/hobby4geek\" \/>\n<meta property=\"article:modified_time\" content=\"2024-05-12T11:57:05+00:00\" \/>\n<meta property=\"og:image\" content=\"https:\/\/hobby4geek.com\/wp-content\/uploads\/2024\/05\/transformers-legacy-prime-universe-bulkhead-wreck-n-rule-collection-5.jpg\" \/>\n\t<meta property=\"og:image:width\" content=\"1500\" \/>\n\t<meta property=\"og:image:height\" content=\"1489\" \/>\n\t<meta property=\"og:image:type\" content=\"image\/jpeg\" \/>\n<meta name=\"twitter:card\" content=\"summary_large_image\" \/>\n<meta name=\"twitter:site\" content=\"@hobby4geek\" \/>\n<script type=\"application\/ld+json\" class=\"yoast-schema-graph\">{\"@context\":\"https:\\\/\\\/schema.org\",\"@graph\":[{\"@type\":\"WebPage\",\"@id\":\"https:\\\/\\\/hobby4geek.com\\\/product\\\/transformers-legacy-prime-universe-bulkhead-wreck-n-rule-collection\\\/\",\"url\":\"https:\\\/\\\/hobby4geek.com\\\/product\\\/transformers-legacy-prime-universe-bulkhead-wreck-n-rule-collection\\\/\",\"name\":\"Transformers Legacy: Prime Universe Bulkhead - Wreck 'N Rule Collection\",\"isPartOf\":{\"@id\":\"https:\\\/\\\/hobby4geek.com\\\/#website\"},\"primaryImageOfPage\":{\"@id\":\"https:\\\/\\\/hobby4geek.com\\\/product\\\/transformers-legacy-prime-universe-bulkhead-wreck-n-rule-collection\\\/#primaryimage\"},\"image\":{\"@id\":\"https:\\\/\\\/hobby4geek.com\\\/product\\\/transformers-legacy-prime-universe-bulkhead-wreck-n-rule-collection\\\/#primaryimage\"},\"thumbnailUrl\":\"https:\\\/\\\/hobby4geek.com\\\/wp-content\\\/uploads\\\/2024\\\/05\\\/transformers-legacy-prime-universe-bulkhead-wreck-n-rule-collection-5.jpg\",\"datePublished\":\"2024-05-02T18:32:21+00:00\",\"dateModified\":\"2024-05-12T11:57:05+00:00\",\"breadcrumb\":{\"@id\":\"https:\\\/\\\/hobby4geek.com\\\/product\\\/transformers-legacy-prime-universe-bulkhead-wreck-n-rule-collection\\\/#breadcrumb\"},\"inLanguage\":\"fr-FR\",\"potentialAction\":[{\"@type\":\"ReadAction\",\"target\":[\"https:\\\/\\\/hobby4geek.com\\\/product\\\/transformers-legacy-prime-universe-bulkhead-wreck-n-rule-collection\\\/\"]}]},{\"@type\":\"ImageObject\",\"inLanguage\":\"fr-FR\",\"@id\":\"https:\\\/\\\/hobby4geek.com\\\/product\\\/transformers-legacy-prime-universe-bulkhead-wreck-n-rule-collection\\\/#primaryimage\",\"url\":\"https:\\\/\\\/hobby4geek.com\\\/wp-content\\\/uploads\\\/2024\\\/05\\\/transformers-legacy-prime-universe-bulkhead-wreck-n-rule-collection-5.jpg\",\"contentUrl\":\"https:\\\/\\\/hobby4geek.com\\\/wp-content\\\/uploads\\\/2024\\\/05\\\/transformers-legacy-prime-universe-bulkhead-wreck-n-rule-collection-5.jpg\",\"width\":1500,\"height\":1489,\"caption\":\"Transformers Legacy: Prime Universe Bulkhead - Wreck 'N Rule Collection\"},{\"@type\":\"BreadcrumbList\",\"@id\":\"https:\\\/\\\/hobby4geek.com\\\/product\\\/transformers-legacy-prime-universe-bulkhead-wreck-n-rule-collection\\\/#breadcrumb\",\"itemListElement\":[{\"@type\":\"ListItem\",\"position\":1,\"name\":\"Home\",\"item\":\"https:\\\/\\\/hobby4geek.com\\\/\"},{\"@type\":\"ListItem\",\"position\":2,\"name\":\"Shop\",\"item\":\"https:\\\/\\\/hobby4geek.com\\\/shop\\\/\"},{\"@type\":\"ListItem\",\"position\":3,\"name\":\"Transformers Legacy: Prime Universe Bulkhead &#8211; Wreck &#8216;N Rule Collection\"}]},{\"@type\":\"WebSite\",\"@id\":\"https:\\\/\\\/hobby4geek.com\\\/#website\",\"url\":\"https:\\\/\\\/hobby4geek.com\\\/\",\"name\":\"Hobby4Geek\",\"description\":\"Collect, Play &amp; Showcase, Embrace your Geekiness\",\"publisher\":{\"@id\":\"https:\\\/\\\/hobby4geek.com\\\/#organization\"},\"potentialAction\":[{\"@type\":\"SearchAction\",\"target\":{\"@type\":\"EntryPoint\",\"urlTemplate\":\"https:\\\/\\\/hobby4geek.com\\\/?s={search_term_string}\"},\"query-input\":{\"@type\":\"PropertyValueSpecification\",\"valueRequired\":true,\"valueName\":\"search_term_string\"}}],\"inLanguage\":\"fr-FR\"},{\"@type\":\"Organization\",\"@id\":\"https:\\\/\\\/hobby4geek.com\\\/#organization\",\"name\":\"Hobby4Geek\",\"url\":\"https:\\\/\\\/hobby4geek.com\\\/\",\"logo\":{\"@type\":\"ImageObject\",\"inLanguage\":\"fr-FR\",\"@id\":\"https:\\\/\\\/hobby4geek.com\\\/#\\\/schema\\\/logo\\\/image\\\/\",\"url\":\"https:\\\/\\\/hobby4geek.com\\\/wp-content\\\/uploads\\\/2023\\\/02\\\/default-kit.png\",\"contentUrl\":\"https:\\\/\\\/hobby4geek.com\\\/wp-content\\\/uploads\\\/2023\\\/02\\\/default-kit.png\",\"width\":600,\"height\":600,\"caption\":\"Hobby4Geek\"},\"image\":{\"@id\":\"https:\\\/\\\/hobby4geek.com\\\/#\\\/schema\\\/logo\\\/image\\\/\"},\"sameAs\":[\"https:\\\/\\\/www.facebook.com\\\/hobby4geek\",\"https:\\\/\\\/x.com\\\/hobby4geek\",\"https:\\\/\\\/www.instagram.com\\\/hobby4geek\\\/\"]}]}<\/script>\n<meta property=\"product:brand\" content=\"Hasbro\" \/>\n<meta property=\"product:price:amount\" content=\"38.60\" \/>\n<meta property=\"product:price:currency\" content=\"EUR\" \/>\n<meta property=\"og:availability\" content=\"instock\" \/>\n<meta property=\"product:availability\" content=\"instock\" \/>\n<meta property=\"product:retailer_item_id\" content=\"05010994170622\" \/>\n<meta property=\"product:condition\" content=\"new\" \/>\n<!-- \/ Yoast SEO Premium plugin. -->","yoast_head_json":{"title":"Transformers Legacy : Prime Universe Bulkhead - Collection Wreck 'N Rule","robots":{"index":"index","follow":"follow","max-snippet":"max-snippet:-1","max-image-preview":"max-image-preview:large","max-video-preview":"max-video-preview:-1"},"canonical":"https:\/\/hobby4geek.com\/fr\/produit\/transformers-legacy-prime-universe-bulkhead-wreck-n-rule-collection\/","og_locale":"fr_FR","og_type":"article","og_title":"Transformers Legacy: Prime Universe Bulkhead - Wreck 'N Rule Collection","og_description":"18 cm  Converts to military van mode in 31 steps  4 Accessories  Instructions","og_url":"https:\/\/hobby4geek.com\/fr\/produit\/transformers-legacy-prime-universe-bulkhead-wreck-n-rule-collection\/","og_site_name":"Hobby4Geek","article_publisher":"https:\/\/www.facebook.com\/hobby4geek","article_modified_time":"2024-05-12T11:57:05+00:00","og_image":[{"width":1500,"height":1489,"url":"https:\/\/hobby4geek.com\/wp-content\/uploads\/2024\/05\/transformers-legacy-prime-universe-bulkhead-wreck-n-rule-collection-5.jpg","type":"image\/jpeg"}],"twitter_card":"summary_large_image","twitter_site":"@hobby4geek","schema":{"@context":"https:\/\/schema.org","@graph":[{"@type":"WebPage","@id":"https:\/\/hobby4geek.com\/product\/transformers-legacy-prime-universe-bulkhead-wreck-n-rule-collection\/","url":"https:\/\/hobby4geek.com\/product\/transformers-legacy-prime-universe-bulkhead-wreck-n-rule-collection\/","name":"Transformers Legacy : Prime Universe Bulkhead - Collection Wreck 'N Rule","isPartOf":{"@id":"https:\/\/hobby4geek.com\/#website"},"primaryImageOfPage":{"@id":"https:\/\/hobby4geek.com\/product\/transformers-legacy-prime-universe-bulkhead-wreck-n-rule-collection\/#primaryimage"},"image":{"@id":"https:\/\/hobby4geek.com\/product\/transformers-legacy-prime-universe-bulkhead-wreck-n-rule-collection\/#primaryimage"},"thumbnailUrl":"https:\/\/hobby4geek.com\/wp-content\/uploads\/2024\/05\/transformers-legacy-prime-universe-bulkhead-wreck-n-rule-collection-5.jpg","datePublished":"2024-05-02T18:32:21+00:00","dateModified":"2024-05-12T11:57:05+00:00","breadcrumb":{"@id":"https:\/\/hobby4geek.com\/product\/transformers-legacy-prime-universe-bulkhead-wreck-n-rule-collection\/#breadcrumb"},"inLanguage":"fr-FR","potentialAction":[{"@type":"ReadAction","target":["https:\/\/hobby4geek.com\/product\/transformers-legacy-prime-universe-bulkhead-wreck-n-rule-collection\/"]}]},{"@type":"ImageObject","inLanguage":"fr-FR","@id":"https:\/\/hobby4geek.com\/product\/transformers-legacy-prime-universe-bulkhead-wreck-n-rule-collection\/#primaryimage","url":"https:\/\/hobby4geek.com\/wp-content\/uploads\/2024\/05\/transformers-legacy-prime-universe-bulkhead-wreck-n-rule-collection-5.jpg","contentUrl":"https:\/\/hobby4geek.com\/wp-content\/uploads\/2024\/05\/transformers-legacy-prime-universe-bulkhead-wreck-n-rule-collection-5.jpg","width":1500,"height":1489,"caption":"Transformers Legacy: Prime Universe Bulkhead - Wreck 'N Rule Collection"},{"@type":"BreadcrumbList","@id":"https:\/\/hobby4geek.com\/product\/transformers-legacy-prime-universe-bulkhead-wreck-n-rule-collection\/#breadcrumb","itemListElement":[{"@type":"ListItem","position":1,"name":"Home","item":"https:\/\/hobby4geek.com\/"},{"@type":"ListItem","position":2,"name":"Shop","item":"https:\/\/hobby4geek.com\/shop\/"},{"@type":"ListItem","position":3,"name":"Transformers Legacy: Prime Universe Bulkhead &#8211; Wreck &#8216;N Rule Collection"}]},{"@type":"WebSite","@id":"https:\/\/hobby4geek.com\/#website","url":"https:\/\/hobby4geek.com\/","name":"Hobby4Geek","description":"Collectionnez, jouez et exposez, embrassez votre geekitude","publisher":{"@id":"https:\/\/hobby4geek.com\/#organization"},"potentialAction":[{"@type":"SearchAction","target":{"@type":"EntryPoint","urlTemplate":"https:\/\/hobby4geek.com\/?s={search_term_string}"},"query-input":{"@type":"PropertyValueSpecification","valueRequired":true,"valueName":"search_term_string"}}],"inLanguage":"fr-FR"},{"@type":"Organization","@id":"https:\/\/hobby4geek.com\/#organization","name":"Hobby4Geek","url":"https:\/\/hobby4geek.com\/","logo":{"@type":"ImageObject","inLanguage":"fr-FR","@id":"https:\/\/hobby4geek.com\/#\/schema\/logo\/image\/","url":"https:\/\/hobby4geek.com\/wp-content\/uploads\/2023\/02\/default-kit.png","contentUrl":"https:\/\/hobby4geek.com\/wp-content\/uploads\/2023\/02\/default-kit.png","width":600,"height":600,"caption":"Hobby4Geek"},"image":{"@id":"https:\/\/hobby4geek.com\/#\/schema\/logo\/image\/"},"sameAs":["https:\/\/www.facebook.com\/hobby4geek","https:\/\/x.com\/hobby4geek","https:\/\/www.instagram.com\/hobby4geek\/"]}]},"product_brand":"Hasbro","product_price_amount":"38.60","product_price_currency":"EUR","og_availability":"instock","product_availability":"instock","product_retailer_item_id":"05010994170622","product_condition":"new"},"_links":{"self":[{"href":"https:\/\/hobby4geek.com\/fr\/wp-json\/wp\/v2\/product\/196474","targetHints":{"allow":["GET"]}}],"collection":[{"href":"https:\/\/hobby4geek.com\/fr\/wp-json\/wp\/v2\/product"}],"about":[{"href":"https:\/\/hobby4geek.com\/fr\/wp-json\/wp\/v2\/types\/product"}],"replies":[{"embeddable":true,"href":"https:\/\/hobby4geek.com\/fr\/wp-json\/wp\/v2\/comments?post=196474"}],"version-history":[{"count":0,"href":"https:\/\/hobby4geek.com\/fr\/wp-json\/wp\/v2\/product\/196474\/revisions"}],"wp:featuredmedia":[{"embeddable":true,"href":"https:\/\/hobby4geek.com\/fr\/wp-json\/wp\/v2\/media\/196477"}],"wp:attachment":[{"href":"https:\/\/hobby4geek.com\/fr\/wp-json\/wp\/v2\/media?parent=196474"}],"wp:term":[{"taxonomy":"product_brand","embeddable":true,"href":"https:\/\/hobby4geek.com\/fr\/wp-json\/wp\/v2\/product_brand?post=196474"},{"taxonomy":"product_cat","embeddable":true,"href":"https:\/\/hobby4geek.com\/fr\/wp-json\/wp\/v2\/product_cat?post=196474"},{"taxonomy":"product_tag","embeddable":true,"href":"https:\/\/hobby4geek.com\/fr\/wp-json\/wp\/v2\/product_tag?post=196474"},{"taxonomy":"giftcard-category","embeddable":true,"href":"https:\/\/hobby4geek.com\/fr\/wp-json\/wp\/v2\/giftcard-category?post=196474"}],"curies":[{"name":"wp","href":"https:\/\/api.w.org\/{rel}","templated":true}]}}