{"id":196245,"date":"2024-07-12T12:22:27","date_gmt":"2024-07-12T11:22:27","guid":{"rendered":"https:\/\/hobby4geek.com\/?post_type=product&#038;p=196245"},"modified":"2024-07-12T12:24:57","modified_gmt":"2024-07-12T11:24:57","slug":"transformers-legacy-united-infernac-universe-nucleous","status":"publish","type":"product","link":"https:\/\/hobby4geek.com\/fr\/produit\/transformers-legacy-united-infernac-universe-nucleous\/","title":{"rendered":"Transformers : Legacy United - Univers Infernac : Nucl\u00e9aire"},"content":{"rendered":"<p>Rassemblez vos personnages pr\u00e9f\u00e9r\u00e9s du monde des robots Transformers dans votre collection avec la figurine Infernac Universe Nucleous de Transformers Legacy United Deluxe Class ! Cette figurine Infernac Universe Nucleous de 5,5 pouces est un Armorizer, une cr\u00e9ature fabriqu\u00e9e \u00e0 partir de roches et de min\u00e9raux vivants sur d'autres plan\u00e8tes ! Combine ce jouet Armorizer avec d'autres figurines Transformers pour cr\u00e9er des armures et des armes rocheuses. La figurine se transforme \u00e9galement en cr\u00e9ature de roche et en voiture blind\u00e9e en 10 \u00e9tapes.<\/p>\n<p>Pr\u00e9parez-vous au combat avec l'accessoire club inclus. C\u00e9l\u00e9brez les 40 derni\u00e8res ann\u00e9es de l'histoire de Transformers avec les figurines Transformers Legacy. Transformers Legacy ouvre le portail d'un tout nouvel univers - More Than Meets the Eye - r\u00e9unissant toutes les g\u00e9n\u00e9rations Transformers comme vous ne l'avez jamais vu auparavant. Collectionnez et combinez diff\u00e9rents personnages pour cr\u00e9er votre groupe Legacy id\u00e9al.<\/p>\n<ul>\n<li>Ce jouet Infernac Universe Nucleous de 14 cm est un Armorizer Transformers, une forme de vie fabriqu\u00e9e \u00e0 partir de roches et de min\u00e9raux vivants trouv\u00e9s dans toute la galaxie.<\/li>\n<li>Combinez les figurines de robots Transformers avec ce jouet Armorizer pour cr\u00e9er des armures de pierre et des accessoires d'armes ! (Chaque pi\u00e8ce est vendue s\u00e9par\u00e9ment, sous r\u00e9serve de disponibilit\u00e9)<\/li>\n<li>La figurine Transformers se transforme en 10 \u00e9tapes de la cr\u00e9ature de roche \u00e0 la voiture blind\u00e9e.<\/li>\n<li>Cette figurine Infernac Universe Nucleous Transformers est livr\u00e9e avec un accessoire de club. L'accessoire se fixe dans les deux modes<\/li>\n<li>Transformers Legacy United honore 40 ans d'histoire anim\u00e9e de Transformers ! Collectionnez d'autres figurines Legacy : United pour unifier votre collection (chaque figurine est vendue s\u00e9par\u00e9ment, sous r\u00e9serve de disponibilit\u00e9).<\/li>\n<li>Cette figurine Infernac Universe Nucleous est un excellent cadeau de collection pour tout fan de Transformers.<\/li>\n<\/ul>\n<p>TRANSFORMERS et HASBRO ainsi que toutes les marques et logos associ\u00e9s sont des marques d\u00e9pos\u00e9es de Hasbro, Inc. \u00a9 2024 Hasbro.<\/p>\n<p>Comprend une figurine, un accessoire et des instructions.<\/p>","protected":false},"excerpt":{"rendered":"<ul>\n<li>14 cm<\/li>\n<li>Classe Deluxe<\/li>\n<li>Transforme le jouet \"cr\u00e9ature de roche\" en voiture blind\u00e9e<\/li>\n<li>10 \u00e9tapes<\/li>\n<\/ul>","protected":false},"featured_media":196249,"comment_status":"open","ping_status":"closed","template":"","meta":{"inline_featured_image":false},"product_brand":[],"product_cat":[68,69,1955,1960],"product_tag":[1759,1964,335,2405,2400,2538,1860,1975,204],"giftcard-category":[],"class_list":{"0":"post-196245","1":"product","2":"type-product","3":"status-publish","4":"has-post-thumbnail","6":"product_cat-hasbro","7":"product_cat-takara-tomy","8":"product_cat-transformers","9":"product_cat-transformers-generations","10":"product_tag-action-toys","11":"product_tag-deluxe-class","12":"product_tag-hasbro","13":"product_tag-infernac-universe","14":"product_tag-legacy-united","15":"product_tag-nucleous","16":"product_tag-takaratomy","17":"product_tag-toys-figures","18":"product_tag-transformers","19":"product_shipping_class-light","20":"inventories-france-inventory","22":"first","23":"instock","24":"featured","25":"taxable","26":"shipping-taxable","27":"purchasable","28":"product-type-simple","29":"add-to-wishlist-after_add_to_cart"},"yoast_head":"<!-- This site is optimized with the Yoast SEO Premium plugin v25.3.1 (Yoast SEO v27.4) - https:\/\/yoast.com\/product\/yoast-seo-premium-wordpress\/ -->\n<title>Transformers: Legacy United - Infernac Universe: Nucleous<\/title>\n<meta name=\"robots\" content=\"index, follow, max-snippet:-1, max-image-preview:large, max-video-preview:-1\" \/>\n<link rel=\"canonical\" href=\"https:\/\/hobby4geek.com\/fr\/produit\/transformers-legacy-united-infernac-universe-nucleous\/\" \/>\n<meta property=\"og:locale\" content=\"fr_FR\" \/>\n<meta property=\"og:type\" content=\"article\" \/>\n<meta property=\"og:title\" content=\"Transformers: Legacy United - Infernac Universe: Nucleous\" \/>\n<meta property=\"og:description\" content=\"14 cm  Deluxe Class  Converts rock creature toy to armored car  10 steps\" \/>\n<meta property=\"og:url\" content=\"https:\/\/hobby4geek.com\/fr\/produit\/transformers-legacy-united-infernac-universe-nucleous\/\" \/>\n<meta property=\"og:site_name\" content=\"Hobby4Geek\" \/>\n<meta property=\"article:publisher\" content=\"https:\/\/www.facebook.com\/hobby4geek\" \/>\n<meta property=\"article:modified_time\" content=\"2024-07-12T11:24:57+00:00\" \/>\n<meta property=\"og:image\" content=\"https:\/\/hobby4geek.com\/wp-content\/uploads\/2024\/04\/transformers-legacy-united-infernac-universe-nucleous-10.webp\" \/>\n\t<meta property=\"og:image:width\" content=\"2000\" \/>\n\t<meta property=\"og:image:height\" content=\"2000\" \/>\n\t<meta property=\"og:image:type\" content=\"image\/webp\" \/>\n<meta name=\"twitter:card\" content=\"summary_large_image\" \/>\n<meta name=\"twitter:site\" content=\"@hobby4geek\" \/>\n<script type=\"application\/ld+json\" class=\"yoast-schema-graph\">{\"@context\":\"https:\\\/\\\/schema.org\",\"@graph\":[{\"@type\":\"WebPage\",\"@id\":\"https:\\\/\\\/hobby4geek.com\\\/product\\\/transformers-legacy-united-infernac-universe-nucleous\\\/\",\"url\":\"https:\\\/\\\/hobby4geek.com\\\/product\\\/transformers-legacy-united-infernac-universe-nucleous\\\/\",\"name\":\"Transformers: Legacy United - Infernac Universe: Nucleous\",\"isPartOf\":{\"@id\":\"https:\\\/\\\/hobby4geek.com\\\/#website\"},\"primaryImageOfPage\":{\"@id\":\"https:\\\/\\\/hobby4geek.com\\\/product\\\/transformers-legacy-united-infernac-universe-nucleous\\\/#primaryimage\"},\"image\":{\"@id\":\"https:\\\/\\\/hobby4geek.com\\\/product\\\/transformers-legacy-united-infernac-universe-nucleous\\\/#primaryimage\"},\"thumbnailUrl\":\"https:\\\/\\\/hobby4geek.com\\\/wp-content\\\/uploads\\\/2024\\\/04\\\/transformers-legacy-united-infernac-universe-nucleous-10.webp\",\"datePublished\":\"2024-07-12T11:22:27+00:00\",\"dateModified\":\"2024-07-12T11:24:57+00:00\",\"breadcrumb\":{\"@id\":\"https:\\\/\\\/hobby4geek.com\\\/product\\\/transformers-legacy-united-infernac-universe-nucleous\\\/#breadcrumb\"},\"inLanguage\":\"fr-FR\",\"potentialAction\":[{\"@type\":\"ReadAction\",\"target\":[\"https:\\\/\\\/hobby4geek.com\\\/product\\\/transformers-legacy-united-infernac-universe-nucleous\\\/\"]}]},{\"@type\":\"ImageObject\",\"inLanguage\":\"fr-FR\",\"@id\":\"https:\\\/\\\/hobby4geek.com\\\/product\\\/transformers-legacy-united-infernac-universe-nucleous\\\/#primaryimage\",\"url\":\"https:\\\/\\\/hobby4geek.com\\\/wp-content\\\/uploads\\\/2024\\\/04\\\/transformers-legacy-united-infernac-universe-nucleous-10.webp\",\"contentUrl\":\"https:\\\/\\\/hobby4geek.com\\\/wp-content\\\/uploads\\\/2024\\\/04\\\/transformers-legacy-united-infernac-universe-nucleous-10.webp\",\"width\":2000,\"height\":2000,\"caption\":\"Transformers Legacy United Infernac Universe Nucleous 10\"},{\"@type\":\"BreadcrumbList\",\"@id\":\"https:\\\/\\\/hobby4geek.com\\\/product\\\/transformers-legacy-united-infernac-universe-nucleous\\\/#breadcrumb\",\"itemListElement\":[{\"@type\":\"ListItem\",\"position\":1,\"name\":\"Home\",\"item\":\"https:\\\/\\\/hobby4geek.com\\\/\"},{\"@type\":\"ListItem\",\"position\":2,\"name\":\"Shop\",\"item\":\"https:\\\/\\\/hobby4geek.com\\\/shop\\\/\"},{\"@type\":\"ListItem\",\"position\":3,\"name\":\"Transformers: Legacy United &#8211; Infernac Universe: Nucleous\"}]},{\"@type\":\"WebSite\",\"@id\":\"https:\\\/\\\/hobby4geek.com\\\/#website\",\"url\":\"https:\\\/\\\/hobby4geek.com\\\/\",\"name\":\"Hobby4Geek\",\"description\":\"Collect, Play &amp; Showcase, Embrace your Geekiness\",\"publisher\":{\"@id\":\"https:\\\/\\\/hobby4geek.com\\\/#organization\"},\"potentialAction\":[{\"@type\":\"SearchAction\",\"target\":{\"@type\":\"EntryPoint\",\"urlTemplate\":\"https:\\\/\\\/hobby4geek.com\\\/?s={search_term_string}\"},\"query-input\":{\"@type\":\"PropertyValueSpecification\",\"valueRequired\":true,\"valueName\":\"search_term_string\"}}],\"inLanguage\":\"fr-FR\"},{\"@type\":\"Organization\",\"@id\":\"https:\\\/\\\/hobby4geek.com\\\/#organization\",\"name\":\"Hobby4Geek\",\"url\":\"https:\\\/\\\/hobby4geek.com\\\/\",\"logo\":{\"@type\":\"ImageObject\",\"inLanguage\":\"fr-FR\",\"@id\":\"https:\\\/\\\/hobby4geek.com\\\/#\\\/schema\\\/logo\\\/image\\\/\",\"url\":\"https:\\\/\\\/hobby4geek.com\\\/wp-content\\\/uploads\\\/2023\\\/02\\\/default-kit.png\",\"contentUrl\":\"https:\\\/\\\/hobby4geek.com\\\/wp-content\\\/uploads\\\/2023\\\/02\\\/default-kit.png\",\"width\":600,\"height\":600,\"caption\":\"Hobby4Geek\"},\"image\":{\"@id\":\"https:\\\/\\\/hobby4geek.com\\\/#\\\/schema\\\/logo\\\/image\\\/\"},\"sameAs\":[\"https:\\\/\\\/www.facebook.com\\\/hobby4geek\",\"https:\\\/\\\/x.com\\\/hobby4geek\",\"https:\\\/\\\/www.instagram.com\\\/hobby4geek\\\/\"]}]}<\/script>\n<meta property=\"product:brand\" content=\"Hasbro\" \/>\n<meta property=\"product:price:amount\" content=\"27.80\" \/>\n<meta property=\"product:price:currency\" content=\"EUR\" \/>\n<meta property=\"og:availability\" content=\"instock\" \/>\n<meta property=\"product:availability\" content=\"instock\" \/>\n<meta property=\"product:retailer_item_id\" content=\"5010996238894\" \/>\n<meta property=\"product:condition\" content=\"new\" \/>\n<!-- \/ Yoast SEO Premium plugin. -->","yoast_head_json":{"title":"Transformers : Legacy United - Univers Infernac : Nucl\u00e9aire","robots":{"index":"index","follow":"follow","max-snippet":"max-snippet:-1","max-image-preview":"max-image-preview:large","max-video-preview":"max-video-preview:-1"},"canonical":"https:\/\/hobby4geek.com\/fr\/produit\/transformers-legacy-united-infernac-universe-nucleous\/","og_locale":"fr_FR","og_type":"article","og_title":"Transformers: Legacy United - Infernac Universe: Nucleous","og_description":"14 cm  Deluxe Class  Converts rock creature toy to armored car  10 steps","og_url":"https:\/\/hobby4geek.com\/fr\/produit\/transformers-legacy-united-infernac-universe-nucleous\/","og_site_name":"Hobby4Geek","article_publisher":"https:\/\/www.facebook.com\/hobby4geek","article_modified_time":"2024-07-12T11:24:57+00:00","og_image":[{"width":2000,"height":2000,"url":"https:\/\/hobby4geek.com\/wp-content\/uploads\/2024\/04\/transformers-legacy-united-infernac-universe-nucleous-10.webp","type":"image\/webp"}],"twitter_card":"summary_large_image","twitter_site":"@hobby4geek","schema":{"@context":"https:\/\/schema.org","@graph":[{"@type":"WebPage","@id":"https:\/\/hobby4geek.com\/product\/transformers-legacy-united-infernac-universe-nucleous\/","url":"https:\/\/hobby4geek.com\/product\/transformers-legacy-united-infernac-universe-nucleous\/","name":"Transformers : Legacy United - Univers Infernac : Nucl\u00e9aire","isPartOf":{"@id":"https:\/\/hobby4geek.com\/#website"},"primaryImageOfPage":{"@id":"https:\/\/hobby4geek.com\/product\/transformers-legacy-united-infernac-universe-nucleous\/#primaryimage"},"image":{"@id":"https:\/\/hobby4geek.com\/product\/transformers-legacy-united-infernac-universe-nucleous\/#primaryimage"},"thumbnailUrl":"https:\/\/hobby4geek.com\/wp-content\/uploads\/2024\/04\/transformers-legacy-united-infernac-universe-nucleous-10.webp","datePublished":"2024-07-12T11:22:27+00:00","dateModified":"2024-07-12T11:24:57+00:00","breadcrumb":{"@id":"https:\/\/hobby4geek.com\/product\/transformers-legacy-united-infernac-universe-nucleous\/#breadcrumb"},"inLanguage":"fr-FR","potentialAction":[{"@type":"ReadAction","target":["https:\/\/hobby4geek.com\/product\/transformers-legacy-united-infernac-universe-nucleous\/"]}]},{"@type":"ImageObject","inLanguage":"fr-FR","@id":"https:\/\/hobby4geek.com\/product\/transformers-legacy-united-infernac-universe-nucleous\/#primaryimage","url":"https:\/\/hobby4geek.com\/wp-content\/uploads\/2024\/04\/transformers-legacy-united-infernac-universe-nucleous-10.webp","contentUrl":"https:\/\/hobby4geek.com\/wp-content\/uploads\/2024\/04\/transformers-legacy-united-infernac-universe-nucleous-10.webp","width":2000,"height":2000,"caption":"Transformers Legacy United Infernac Universe Nucleous 10"},{"@type":"BreadcrumbList","@id":"https:\/\/hobby4geek.com\/product\/transformers-legacy-united-infernac-universe-nucleous\/#breadcrumb","itemListElement":[{"@type":"ListItem","position":1,"name":"Home","item":"https:\/\/hobby4geek.com\/"},{"@type":"ListItem","position":2,"name":"Shop","item":"https:\/\/hobby4geek.com\/shop\/"},{"@type":"ListItem","position":3,"name":"Transformers: Legacy United &#8211; Infernac Universe: Nucleous"}]},{"@type":"WebSite","@id":"https:\/\/hobby4geek.com\/#website","url":"https:\/\/hobby4geek.com\/","name":"Hobby4Geek","description":"Collectionnez, jouez et exposez, embrassez votre geekitude","publisher":{"@id":"https:\/\/hobby4geek.com\/#organization"},"potentialAction":[{"@type":"SearchAction","target":{"@type":"EntryPoint","urlTemplate":"https:\/\/hobby4geek.com\/?s={search_term_string}"},"query-input":{"@type":"PropertyValueSpecification","valueRequired":true,"valueName":"search_term_string"}}],"inLanguage":"fr-FR"},{"@type":"Organization","@id":"https:\/\/hobby4geek.com\/#organization","name":"Hobby4Geek","url":"https:\/\/hobby4geek.com\/","logo":{"@type":"ImageObject","inLanguage":"fr-FR","@id":"https:\/\/hobby4geek.com\/#\/schema\/logo\/image\/","url":"https:\/\/hobby4geek.com\/wp-content\/uploads\/2023\/02\/default-kit.png","contentUrl":"https:\/\/hobby4geek.com\/wp-content\/uploads\/2023\/02\/default-kit.png","width":600,"height":600,"caption":"Hobby4Geek"},"image":{"@id":"https:\/\/hobby4geek.com\/#\/schema\/logo\/image\/"},"sameAs":["https:\/\/www.facebook.com\/hobby4geek","https:\/\/x.com\/hobby4geek","https:\/\/www.instagram.com\/hobby4geek\/"]}]},"product_brand":"Hasbro","product_price_amount":"27.80","product_price_currency":"EUR","og_availability":"instock","product_availability":"instock","product_retailer_item_id":"5010996238894","product_condition":"new"},"_links":{"self":[{"href":"https:\/\/hobby4geek.com\/fr\/wp-json\/wp\/v2\/product\/196245","targetHints":{"allow":["GET"]}}],"collection":[{"href":"https:\/\/hobby4geek.com\/fr\/wp-json\/wp\/v2\/product"}],"about":[{"href":"https:\/\/hobby4geek.com\/fr\/wp-json\/wp\/v2\/types\/product"}],"replies":[{"embeddable":true,"href":"https:\/\/hobby4geek.com\/fr\/wp-json\/wp\/v2\/comments?post=196245"}],"version-history":[{"count":0,"href":"https:\/\/hobby4geek.com\/fr\/wp-json\/wp\/v2\/product\/196245\/revisions"}],"wp:featuredmedia":[{"embeddable":true,"href":"https:\/\/hobby4geek.com\/fr\/wp-json\/wp\/v2\/media\/196249"}],"wp:attachment":[{"href":"https:\/\/hobby4geek.com\/fr\/wp-json\/wp\/v2\/media?parent=196245"}],"wp:term":[{"taxonomy":"product_brand","embeddable":true,"href":"https:\/\/hobby4geek.com\/fr\/wp-json\/wp\/v2\/product_brand?post=196245"},{"taxonomy":"product_cat","embeddable":true,"href":"https:\/\/hobby4geek.com\/fr\/wp-json\/wp\/v2\/product_cat?post=196245"},{"taxonomy":"product_tag","embeddable":true,"href":"https:\/\/hobby4geek.com\/fr\/wp-json\/wp\/v2\/product_tag?post=196245"},{"taxonomy":"giftcard-category","embeddable":true,"href":"https:\/\/hobby4geek.com\/fr\/wp-json\/wp\/v2\/giftcard-category?post=196245"}],"curies":[{"name":"wp","href":"https:\/\/api.w.org\/{rel}","templated":true}]}}