{"id":195180,"date":"2024-01-15T20:22:06","date_gmt":"2024-01-15T19:22:06","guid":{"rendered":"https:\/\/hobby4geek.com\/?post_type=product&#038;p=195180"},"modified":"2025-03-09T10:50:58","modified_gmt":"2025-03-09T09:50:58","slug":"funko-pop-star-wars-ahsoka-grand-admiral-thrawn","status":"publish","type":"product","link":"https:\/\/hobby4geek.com\/fr\/produit\/funko-pop-star-wars-ahsoka-grand-admiral-thrawn\/","title":{"rendered":"Funko POP ! Star Wars : Ahsoka - Grand Amiral Thrawn"},"content":{"rendered":"<p>Une puissance obscure est en train de na\u00eetre ! Aide Pop ! Grand Amiral Thrawn\u2122 \u00e0 conqu\u00e9rir la galaxie lorsque tu l'accueilleras dans ta collection Star Wars : Ahsoka\u2122. La t\u00eate de bobine en vinyle mesure environ 3,9 pouces de haut.<\/p>\n<ul>\n<li>Environ 9 cm de haut<\/li>\n<li>pr\u00e9sent\u00e9 dans une bo\u00eete \u00e0 fen\u00eatre<\/li>\n<\/ul>","protected":false},"excerpt":{"rendered":"<ul>\n<li>Environ 9 cm de haut<\/li>\n<li>pr\u00e9sent\u00e9 dans une bo\u00eete \u00e0 fen\u00eatre<\/li>\n<\/ul>","protected":false},"featured_media":195181,"comment_status":"open","ping_status":"closed","template":"","meta":{"inline_featured_image":false},"product_brand":[],"product_cat":[2013,2198,2005],"product_tag":[2485,2484,2015,2483,1978,2482,2018,2008,1975],"giftcard-category":[],"class_list":{"0":"post-195180","1":"product","2":"type-product","3":"status-publish","4":"has-post-thumbnail","6":"product_cat-funko","7":"product_cat-pop","8":"product_cat-star-wars","9":"product_tag-ahsoka","10":"product_tag-figure-s2","11":"product_tag-funko-pop","12":"product_tag-grand-admiral-thrawn","13":"product_tag-mini-figures","14":"product_tag-n683","15":"product_tag-pop","16":"product_tag-star-wars","17":"product_tag-toys-figures","18":"product_shipping_class-light","20":"first","21":"outofstock","22":"taxable","23":"shipping-taxable","24":"purchasable","25":"product-type-simple","26":"add-to-wishlist-after_add_to_cart"},"yoast_head":"<!-- This site is optimized with the Yoast SEO Premium plugin v25.3.1 (Yoast SEO v27.2) - https:\/\/yoast.com\/product\/yoast-seo-premium-wordpress\/ -->\n<title>Funko POP! Star Wars: Ahsoka - Grand Admiral Thrawn<\/title>\n<meta name=\"robots\" content=\"index, follow, max-snippet:-1, max-image-preview:large, max-video-preview:-1\" \/>\n<link rel=\"canonical\" href=\"https:\/\/hobby4geek.com\/fr\/produit\/funko-pop-star-wars-ahsoka-grand-admiral-thrawn\/\" \/>\n<meta property=\"og:locale\" content=\"fr_FR\" \/>\n<meta property=\"og:type\" content=\"article\" \/>\n<meta property=\"og:title\" content=\"Funko POP! Star Wars: Ahsoka - Grand Admiral Thrawn\" \/>\n<meta property=\"og:description\" content=\"approx. 9 cm tall  comes in a window box packaging\" \/>\n<meta property=\"og:url\" content=\"https:\/\/hobby4geek.com\/fr\/produit\/funko-pop-star-wars-ahsoka-grand-admiral-thrawn\/\" \/>\n<meta property=\"og:site_name\" content=\"Hobby4Geek\" \/>\n<meta property=\"article:publisher\" content=\"https:\/\/www.facebook.com\/hobby4geek\" \/>\n<meta property=\"article:modified_time\" content=\"2025-03-09T09:50:58+00:00\" \/>\n<meta property=\"og:image\" content=\"https:\/\/hobby4geek.com\/wp-content\/uploads\/2024\/04\/funko-pop-star-wars-ahsoka-grand-admiral-thrawn-2.png\" \/>\n\t<meta property=\"og:image:width\" content=\"800\" \/>\n\t<meta property=\"og:image:height\" content=\"800\" \/>\n\t<meta property=\"og:image:type\" content=\"image\/png\" \/>\n<meta name=\"twitter:card\" content=\"summary_large_image\" \/>\n<meta name=\"twitter:site\" content=\"@hobby4geek\" \/>\n<script type=\"application\/ld+json\" class=\"yoast-schema-graph\">{\"@context\":\"https:\/\/schema.org\",\"@graph\":[{\"@type\":\"WebPage\",\"@id\":\"https:\/\/hobby4geek.com\/product\/funko-pop-star-wars-ahsoka-grand-admiral-thrawn\/\",\"url\":\"https:\/\/hobby4geek.com\/product\/funko-pop-star-wars-ahsoka-grand-admiral-thrawn\/\",\"name\":\"Funko POP! Star Wars: Ahsoka - Grand Admiral Thrawn\",\"isPartOf\":{\"@id\":\"https:\/\/hobby4geek.com\/#website\"},\"primaryImageOfPage\":{\"@id\":\"https:\/\/hobby4geek.com\/product\/funko-pop-star-wars-ahsoka-grand-admiral-thrawn\/#primaryimage\"},\"image\":{\"@id\":\"https:\/\/hobby4geek.com\/product\/funko-pop-star-wars-ahsoka-grand-admiral-thrawn\/#primaryimage\"},\"thumbnailUrl\":\"https:\/\/hobby4geek.com\/wp-content\/uploads\/2024\/04\/funko-pop-star-wars-ahsoka-grand-admiral-thrawn-2.png\",\"datePublished\":\"2024-01-15T19:22:06+00:00\",\"dateModified\":\"2025-03-09T09:50:58+00:00\",\"breadcrumb\":{\"@id\":\"https:\/\/hobby4geek.com\/product\/funko-pop-star-wars-ahsoka-grand-admiral-thrawn\/#breadcrumb\"},\"inLanguage\":\"fr-FR\",\"potentialAction\":[{\"@type\":\"ReadAction\",\"target\":[\"https:\/\/hobby4geek.com\/product\/funko-pop-star-wars-ahsoka-grand-admiral-thrawn\/\"]}]},{\"@type\":\"ImageObject\",\"inLanguage\":\"fr-FR\",\"@id\":\"https:\/\/hobby4geek.com\/product\/funko-pop-star-wars-ahsoka-grand-admiral-thrawn\/#primaryimage\",\"url\":\"https:\/\/hobby4geek.com\/wp-content\/uploads\/2024\/04\/funko-pop-star-wars-ahsoka-grand-admiral-thrawn-2.png\",\"contentUrl\":\"https:\/\/hobby4geek.com\/wp-content\/uploads\/2024\/04\/funko-pop-star-wars-ahsoka-grand-admiral-thrawn-2.png\",\"width\":800,\"height\":800,\"caption\":\"Funko Pop Star Wars Ahsoka Grand Admiral Thrawn 2\"},{\"@type\":\"BreadcrumbList\",\"@id\":\"https:\/\/hobby4geek.com\/product\/funko-pop-star-wars-ahsoka-grand-admiral-thrawn\/#breadcrumb\",\"itemListElement\":[{\"@type\":\"ListItem\",\"position\":1,\"name\":\"Home\",\"item\":\"https:\/\/hobby4geek.com\/\"},{\"@type\":\"ListItem\",\"position\":2,\"name\":\"Shop\",\"item\":\"https:\/\/hobby4geek.com\/shop\/\"},{\"@type\":\"ListItem\",\"position\":3,\"name\":\"Funko POP! Star Wars: Ahsoka &#8211; Grand Admiral Thrawn\"}]},{\"@type\":\"WebSite\",\"@id\":\"https:\/\/hobby4geek.com\/#website\",\"url\":\"https:\/\/hobby4geek.com\/\",\"name\":\"Hobby4Geek\",\"description\":\"Collect, Play &amp; Showcase, Embrace your Geekiness\",\"publisher\":{\"@id\":\"https:\/\/hobby4geek.com\/#organization\"},\"potentialAction\":[{\"@type\":\"SearchAction\",\"target\":{\"@type\":\"EntryPoint\",\"urlTemplate\":\"https:\/\/hobby4geek.com\/?s={search_term_string}\"},\"query-input\":{\"@type\":\"PropertyValueSpecification\",\"valueRequired\":true,\"valueName\":\"search_term_string\"}}],\"inLanguage\":\"fr-FR\"},{\"@type\":\"Organization\",\"@id\":\"https:\/\/hobby4geek.com\/#organization\",\"name\":\"Hobby4Geek\",\"url\":\"https:\/\/hobby4geek.com\/\",\"logo\":{\"@type\":\"ImageObject\",\"inLanguage\":\"fr-FR\",\"@id\":\"https:\/\/hobby4geek.com\/#\/schema\/logo\/image\/\",\"url\":\"https:\/\/hobby4geek.com\/wp-content\/uploads\/2023\/02\/default-kit.png\",\"contentUrl\":\"https:\/\/hobby4geek.com\/wp-content\/uploads\/2023\/02\/default-kit.png\",\"width\":600,\"height\":600,\"caption\":\"Hobby4Geek\"},\"image\":{\"@id\":\"https:\/\/hobby4geek.com\/#\/schema\/logo\/image\/\"},\"sameAs\":[\"https:\/\/www.facebook.com\/hobby4geek\",\"https:\/\/x.com\/hobby4geek\",\"https:\/\/www.instagram.com\/hobby4geek\/\"]}]}<\/script>\n<meta property=\"product:brand\" content=\"Funko\" \/>\n<meta property=\"product:price:amount\" content=\"19.99\" \/>\n<meta property=\"product:price:currency\" content=\"EUR\" \/>\n<meta property=\"og:availability\" content=\"out of stock\" \/>\n<meta property=\"product:availability\" content=\"out of stock\" \/>\n<meta property=\"product:retailer_item_id\" content=\"889698765398\" \/>\n<meta property=\"product:condition\" content=\"new\" \/>\n<!-- \/ Yoast SEO Premium plugin. -->","yoast_head_json":{"title":"Funko POP ! Star Wars : Ahsoka - Grand Amiral Thrawn","robots":{"index":"index","follow":"follow","max-snippet":"max-snippet:-1","max-image-preview":"max-image-preview:large","max-video-preview":"max-video-preview:-1"},"canonical":"https:\/\/hobby4geek.com\/fr\/produit\/funko-pop-star-wars-ahsoka-grand-admiral-thrawn\/","og_locale":"fr_FR","og_type":"article","og_title":"Funko POP! Star Wars: Ahsoka - Grand Admiral Thrawn","og_description":"approx. 9 cm tall  comes in a window box packaging","og_url":"https:\/\/hobby4geek.com\/fr\/produit\/funko-pop-star-wars-ahsoka-grand-admiral-thrawn\/","og_site_name":"Hobby4Geek","article_publisher":"https:\/\/www.facebook.com\/hobby4geek","article_modified_time":"2025-03-09T09:50:58+00:00","og_image":[{"width":800,"height":800,"url":"https:\/\/hobby4geek.com\/wp-content\/uploads\/2024\/04\/funko-pop-star-wars-ahsoka-grand-admiral-thrawn-2.png","type":"image\/png"}],"twitter_card":"summary_large_image","twitter_site":"@hobby4geek","schema":{"@context":"https:\/\/schema.org","@graph":[{"@type":"WebPage","@id":"https:\/\/hobby4geek.com\/product\/funko-pop-star-wars-ahsoka-grand-admiral-thrawn\/","url":"https:\/\/hobby4geek.com\/product\/funko-pop-star-wars-ahsoka-grand-admiral-thrawn\/","name":"Funko POP ! Star Wars : Ahsoka - Grand Amiral Thrawn","isPartOf":{"@id":"https:\/\/hobby4geek.com\/#website"},"primaryImageOfPage":{"@id":"https:\/\/hobby4geek.com\/product\/funko-pop-star-wars-ahsoka-grand-admiral-thrawn\/#primaryimage"},"image":{"@id":"https:\/\/hobby4geek.com\/product\/funko-pop-star-wars-ahsoka-grand-admiral-thrawn\/#primaryimage"},"thumbnailUrl":"https:\/\/hobby4geek.com\/wp-content\/uploads\/2024\/04\/funko-pop-star-wars-ahsoka-grand-admiral-thrawn-2.png","datePublished":"2024-01-15T19:22:06+00:00","dateModified":"2025-03-09T09:50:58+00:00","breadcrumb":{"@id":"https:\/\/hobby4geek.com\/product\/funko-pop-star-wars-ahsoka-grand-admiral-thrawn\/#breadcrumb"},"inLanguage":"fr-FR","potentialAction":[{"@type":"ReadAction","target":["https:\/\/hobby4geek.com\/product\/funko-pop-star-wars-ahsoka-grand-admiral-thrawn\/"]}]},{"@type":"ImageObject","inLanguage":"fr-FR","@id":"https:\/\/hobby4geek.com\/product\/funko-pop-star-wars-ahsoka-grand-admiral-thrawn\/#primaryimage","url":"https:\/\/hobby4geek.com\/wp-content\/uploads\/2024\/04\/funko-pop-star-wars-ahsoka-grand-admiral-thrawn-2.png","contentUrl":"https:\/\/hobby4geek.com\/wp-content\/uploads\/2024\/04\/funko-pop-star-wars-ahsoka-grand-admiral-thrawn-2.png","width":800,"height":800,"caption":"Funko Pop Star Wars Ahsoka Grand Admiral Thrawn 2"},{"@type":"BreadcrumbList","@id":"https:\/\/hobby4geek.com\/product\/funko-pop-star-wars-ahsoka-grand-admiral-thrawn\/#breadcrumb","itemListElement":[{"@type":"ListItem","position":1,"name":"Home","item":"https:\/\/hobby4geek.com\/"},{"@type":"ListItem","position":2,"name":"Shop","item":"https:\/\/hobby4geek.com\/shop\/"},{"@type":"ListItem","position":3,"name":"Funko POP! Star Wars: Ahsoka &#8211; Grand Admiral Thrawn"}]},{"@type":"WebSite","@id":"https:\/\/hobby4geek.com\/#website","url":"https:\/\/hobby4geek.com\/","name":"Hobby4Geek","description":"Collectionnez, jouez et exposez, embrassez votre geekitude","publisher":{"@id":"https:\/\/hobby4geek.com\/#organization"},"potentialAction":[{"@type":"SearchAction","target":{"@type":"EntryPoint","urlTemplate":"https:\/\/hobby4geek.com\/?s={search_term_string}"},"query-input":{"@type":"PropertyValueSpecification","valueRequired":true,"valueName":"search_term_string"}}],"inLanguage":"fr-FR"},{"@type":"Organization","@id":"https:\/\/hobby4geek.com\/#organization","name":"Hobby4Geek","url":"https:\/\/hobby4geek.com\/","logo":{"@type":"ImageObject","inLanguage":"fr-FR","@id":"https:\/\/hobby4geek.com\/#\/schema\/logo\/image\/","url":"https:\/\/hobby4geek.com\/wp-content\/uploads\/2023\/02\/default-kit.png","contentUrl":"https:\/\/hobby4geek.com\/wp-content\/uploads\/2023\/02\/default-kit.png","width":600,"height":600,"caption":"Hobby4Geek"},"image":{"@id":"https:\/\/hobby4geek.com\/#\/schema\/logo\/image\/"},"sameAs":["https:\/\/www.facebook.com\/hobby4geek","https:\/\/x.com\/hobby4geek","https:\/\/www.instagram.com\/hobby4geek\/"]}]},"product_brand":"Funko","product_price_amount":"19.99","product_price_currency":"EUR","og_availability":"out of stock","product_availability":"out of stock","product_retailer_item_id":"889698765398","product_condition":"new"},"_links":{"self":[{"href":"https:\/\/hobby4geek.com\/fr\/wp-json\/wp\/v2\/product\/195180","targetHints":{"allow":["GET"]}}],"collection":[{"href":"https:\/\/hobby4geek.com\/fr\/wp-json\/wp\/v2\/product"}],"about":[{"href":"https:\/\/hobby4geek.com\/fr\/wp-json\/wp\/v2\/types\/product"}],"replies":[{"embeddable":true,"href":"https:\/\/hobby4geek.com\/fr\/wp-json\/wp\/v2\/comments?post=195180"}],"version-history":[{"count":0,"href":"https:\/\/hobby4geek.com\/fr\/wp-json\/wp\/v2\/product\/195180\/revisions"}],"wp:featuredmedia":[{"embeddable":true,"href":"https:\/\/hobby4geek.com\/fr\/wp-json\/wp\/v2\/media\/195181"}],"wp:attachment":[{"href":"https:\/\/hobby4geek.com\/fr\/wp-json\/wp\/v2\/media?parent=195180"}],"wp:term":[{"taxonomy":"product_brand","embeddable":true,"href":"https:\/\/hobby4geek.com\/fr\/wp-json\/wp\/v2\/product_brand?post=195180"},{"taxonomy":"product_cat","embeddable":true,"href":"https:\/\/hobby4geek.com\/fr\/wp-json\/wp\/v2\/product_cat?post=195180"},{"taxonomy":"product_tag","embeddable":true,"href":"https:\/\/hobby4geek.com\/fr\/wp-json\/wp\/v2\/product_tag?post=195180"},{"taxonomy":"giftcard-category","embeddable":true,"href":"https:\/\/hobby4geek.com\/fr\/wp-json\/wp\/v2\/giftcard-category?post=195180"}],"curies":[{"name":"wp","href":"https:\/\/api.w.org\/{rel}","templated":true}]}}